{"id":26172,"date":"2019-09-12T09:02:42","date_gmt":"2019-09-12T09:02:42","guid":{"rendered":"https:\/\/prochaska.eu\/product\/toro-snow-blower-power-max-726-oe-38814\/"},"modified":"2019-09-12T09:02:42","modified_gmt":"2019-09-12T09:02:42","slug":"toro-snow-blower-power-max-726-oe-38814","status":"publish","type":"product","link":"https:\/\/prochaska.eu\/en\/produkt\/toro-snow-blower-power-max-726-oe-38814\/","title":{"rendered":"TORO Snow blower &#8211; Power Max 726 OE &#8211; 38814"},"content":{"rendered":"<p>The Power Max 726 OE two-stage snow blower from <a href=\"https:\/\/www.prochaska.eu\/toro\/\">TORO<\/a> has a clearing width of 66 cm and a hardened gearbox. This enables the compact, electric-start snow blower to effortlessly clear hard and compacted snow. With the innovative Quick Stick ejection channel lever, snow is ejected at any desired point with a simple movement. The Toro snow blower is an indispensable tool in winter. Buy a snow blower now!<\/p>\n<h2 style=\"text-align: left;\">PRODUCT ADVANTAGES<\/h2>\n<ul>\n<li>Ideal for concrete, asphalt and gravel surfaces<\/li>\n<li>For snow depths from 15 to 51 cm<\/li>\n<li>Toro Premium OHV four-stroke engine, 212 cc<\/li>\n<li>Quick Stick ejection chute lever<\/li>\n<li>Power Curve technology<\/li>\n<li>Drive clogging system (ACS)<\/li>\n<li>Quick Stick ejection chute control<\/li>\n<li>Spare parts for the snow blower available directly from Prochaska<\/li>\n<\/ul>\n<h2>OPTIONAL ACCESSORIES<\/h2>\n<ul>\n<li><a href=\"https:\/\/www.prochaska.eu\/produkt\/schneefraesen-schutzabdeckung\/\">Cover (\u20ac 69,90)<\/a><\/li>\n<li><a href=\"https:\/\/www.prochaska.eu\/produkt\/synthetisches-toro-winteroel\/\">Synthetic snow blower oil 0.59 l (\u20ac 9.90)<\/a><\/li>\n<li><a href=\"https:\/\/www.prochaska.eu\/produkt\/schneefraesen-oel-zweistufig-24er-pack\/\">24er advantage pack snow blower oil 0,59 l (\u20ac 129,90)<\/a><\/li>\n<li><a href=\"https:\/\/www.prochaska.eu\/produkt\/schneefraesen-gleitkufen-power-max\/\">PowerMax skid (\u20ac 32.90)<\/a><\/li>\n<li><a href=\"https:\/\/www.prochaska.eu\/produkt\/schneefraesen-kunststoff-gleitkufen\/\">Pair of plastic skids (\u20ac 60.90)<\/a><\/li>\n<li><a href=\"https:\/\/www.prochaska.eu\/produkt\/gehaertete-hd-gleitkufen\/\">Hardened TORO HD skids (\u20ac 54.90)<\/a><\/li>\n<li><a href=\"https:\/\/www.prochaska.eu\/produkt\/toro-schneefraesen-ersatzlampe\/\">PowerMax replacement lamp (\u20ac 24.90)<\/a><\/li>\n<li>Premium starter handle (\u20ac 14.90)<\/li>\n<li>wax cutter 66 cm (\u20ac 92.90) or 71 cm (\u20ac 95.90)<\/li>\n<li><a href=\"https:\/\/www.prochaska.eu\/produkt\/schneeverdeck-inkl-gewicht-kit\/\">Cabin for PowerMax (\u20ac 399.90) + weight kit (\u20ac 239.90)<\/a><\/li>\n<li><a href=\"https:\/\/www.prochaska.eu\/produkt\/toro-schneefraesen-sicherheitsbolzen-set-fuer-power-max-724-726-und-826\/\">Safety bolt set clearing unit\/blower wheel PowerMax 724 or blower wheel PowerMax 726, 826 (\u20ac 5.90)<\/a><\/li>\n<li><a href=\"https:\/\/www.prochaska.eu\/produkt\/schneefraesen-sicherheitsbolzen-set-fuer-raeumwerk-power-max\/\">Safety bolt set clearing unit PowerMax 926, 1028 (\u20ac 11.90)<\/a>; <a href=\"https:\/\/www.prochaska.eu\/produkt\/toro-schneefraesen-scherbolzen-set-fuer-geblaeserad\/\">Safety bolt set blower wheel PowerMax 926, 1028 (\u20ac 5.90)<\/a><\/li>\n<li><a href=\"https:\/\/www.prochaska.eu\/produkt\/toro-schneefraesen-sicherheitsbolzen-set-fuer-raeumwerk-powermax-1428-1432\/\">Safety bolt set clearing unit PowerMax 1428, 1432 (\u20ac 14.90)<\/a>; <a href=\"https:\/\/www.prochaska.eu\/produkt\/toro-schneefraesen-scherbolzen-set-fuer-geblaeserad-1428-1432\/\">Safety bolt set blower wheel PowerMax 1428, 1432 (\u20ac 5.90)<\/a><\/li>\n<li><a href=\"https:\/\/www.prochaska.eu\/produkt\/schneeketten-13-15-oder-16\/\">Snow chains 13&#8243; to 16&#8243; (\u20ac 122.90 &#8211; \u20ac 142.90)<\/a><\/li>\n<li><a href=\"https:\/\/www.prochaska.eu\/produkt\/schneefraesen-schneeschild\/\">Snow blade for PowerMax 71 cm (\u20ac 399.90)<\/a><\/li>\n<\/ul>\n","protected":false},"excerpt":{"rendered":"<p>The two-stage TORO Power Max 726 OE snow blower impresses with a clearing width of 66 cm. The snow blowers are equipped with many additional functions and impress with their easy handling on difficult terrain!<\/p>\n","protected":false},"featured_media":21497,"template":"","meta":[],"pwb-brand":[3072],"product_brand":[],"product_cat":[1102,2020,2019],"product_tag":[2882,2883,2025,1374],"class_list":{"0":"post-26172","1":"product","2":"type-product","3":"status-publish","4":"has-post-thumbnail","6":"pwb-brand-toro-en","7":"product_cat-house-and-garden","8":"product_cat-snow-blowers","9":"product_cat-winter-service","10":"product_tag-powermax-en","11":"product_tag-professional-snow-blower","12":"product_tag-snow-blower","13":"product_tag-toro","15":"first","16":"outofstock","17":"taxable","18":"shipping-taxable","19":"purchasable","20":"product-type-variable"},"yoast_head":"<!-- This site is optimized with the Yoast SEO plugin v27.4 - https:\/\/yoast.com\/product\/yoast-seo-wordpress\/ -->\n<title>TORO Snow blower - Power Max 726 OE - 38814 - Prochaska<\/title>\n<meta name=\"robots\" content=\"index, follow, max-snippet:-1, max-image-preview:large, max-video-preview:-1\" \/>\n<link rel=\"canonical\" href=\"https:\/\/prochaska.eu\/en\/produkt\/toro-snow-blower-power-max-726-oe-38814\/\" \/>\n<meta property=\"og:locale\" content=\"en_US\" \/>\n<meta property=\"og:type\" content=\"article\" \/>\n<meta property=\"og:title\" content=\"TORO Snow blower - Power Max 726 OE - 38814 - Prochaska\" \/>\n<meta property=\"og:description\" content=\"The two-stage TORO Power Max 726 OE snow blower impresses with a clearing width of 66 cm. The snow blowers are equipped with many additional functions and impress with their easy handling on difficult terrain!\" \/>\n<meta property=\"og:url\" content=\"https:\/\/prochaska.eu\/en\/produkt\/toro-snow-blower-power-max-726-oe-38814\/\" \/>\n<meta property=\"og:site_name\" content=\"Prochaska\" \/>\n<meta property=\"article:publisher\" content=\"https:\/\/www.facebook.com\/prochaska.eu\/\" \/>\n<meta property=\"og:image\" content=\"https:\/\/prochaska.eu\/wp-content\/uploads\/2024\/06\/schneefraese-toro-powermax726-oe-prochaska.jpg\" \/>\n\t<meta property=\"og:image:width\" content=\"1440\" \/>\n\t<meta property=\"og:image:height\" content=\"1440\" \/>\n\t<meta property=\"og:image:type\" content=\"image\/jpeg\" \/>\n<meta name=\"twitter:card\" content=\"summary_large_image\" \/>\n<meta name=\"twitter:label1\" content=\"Est. reading time\" \/>\n\t<meta name=\"twitter:data1\" content=\"1 minute\" \/>\n<script type=\"application\/ld+json\" class=\"yoast-schema-graph\">{\"@context\":\"https:\\\/\\\/schema.org\",\"@graph\":[{\"@type\":\"WebPage\",\"@id\":\"https:\\\/\\\/prochaska.eu\\\/en\\\/produkt\\\/toro-snow-blower-power-max-726-oe-38814\\\/\",\"url\":\"https:\\\/\\\/prochaska.eu\\\/en\\\/produkt\\\/toro-snow-blower-power-max-726-oe-38814\\\/\",\"name\":\"TORO Snow blower - Power Max 726 OE - 38814 - Prochaska\",\"isPartOf\":{\"@id\":\"https:\\\/\\\/prochaska.eu\\\/en\\\/#website\"},\"primaryImageOfPage\":{\"@id\":\"https:\\\/\\\/prochaska.eu\\\/en\\\/produkt\\\/toro-snow-blower-power-max-726-oe-38814\\\/#primaryimage\"},\"image\":{\"@id\":\"https:\\\/\\\/prochaska.eu\\\/en\\\/produkt\\\/toro-snow-blower-power-max-726-oe-38814\\\/#primaryimage\"},\"thumbnailUrl\":\"https:\\\/\\\/prochaska.eu\\\/wp-content\\\/uploads\\\/2024\\\/06\\\/schneefraese-toro-powermax726-oe-prochaska.jpg\",\"datePublished\":\"2019-09-12T09:02:42+00:00\",\"breadcrumb\":{\"@id\":\"https:\\\/\\\/prochaska.eu\\\/en\\\/produkt\\\/toro-snow-blower-power-max-726-oe-38814\\\/#breadcrumb\"},\"inLanguage\":\"en-US\",\"potentialAction\":[{\"@type\":\"ReadAction\",\"target\":[\"https:\\\/\\\/prochaska.eu\\\/en\\\/produkt\\\/toro-snow-blower-power-max-726-oe-38814\\\/\"]}]},{\"@type\":\"ImageObject\",\"inLanguage\":\"en-US\",\"@id\":\"https:\\\/\\\/prochaska.eu\\\/en\\\/produkt\\\/toro-snow-blower-power-max-726-oe-38814\\\/#primaryimage\",\"url\":\"https:\\\/\\\/prochaska.eu\\\/wp-content\\\/uploads\\\/2024\\\/06\\\/schneefraese-toro-powermax726-oe-prochaska.jpg\",\"contentUrl\":\"https:\\\/\\\/prochaska.eu\\\/wp-content\\\/uploads\\\/2024\\\/06\\\/schneefraese-toro-powermax726-oe-prochaska.jpg\",\"width\":1440,\"height\":1440},{\"@type\":\"BreadcrumbList\",\"@id\":\"https:\\\/\\\/prochaska.eu\\\/en\\\/produkt\\\/toro-snow-blower-power-max-726-oe-38814\\\/#breadcrumb\",\"itemListElement\":[{\"@type\":\"ListItem\",\"position\":1,\"name\":\"Home\",\"item\":\"https:\\\/\\\/prochaska.eu\\\/en\\\/\"},{\"@type\":\"ListItem\",\"position\":2,\"name\":\"Shop\",\"item\":\"https:\\\/\\\/prochaska.eu\\\/shop\\\/\"},{\"@type\":\"ListItem\",\"position\":3,\"name\":\"TORO Snow blower &#8211; Power Max 726 OE &#8211; 38814\"}]},{\"@type\":\"WebSite\",\"@id\":\"https:\\\/\\\/prochaska.eu\\\/en\\\/#website\",\"url\":\"https:\\\/\\\/prochaska.eu\\\/en\\\/\",\"name\":\"Prochaska\",\"description\":\"Spezialist f\u00fcr Pflege von Gr\u00fcnfl\u00e4chen\",\"publisher\":{\"@id\":\"https:\\\/\\\/prochaska.eu\\\/en\\\/#organization\"},\"potentialAction\":[{\"@type\":\"SearchAction\",\"target\":{\"@type\":\"EntryPoint\",\"urlTemplate\":\"https:\\\/\\\/prochaska.eu\\\/en\\\/?s={search_term_string}\"},\"query-input\":{\"@type\":\"PropertyValueSpecification\",\"valueRequired\":true,\"valueName\":\"search_term_string\"}}],\"inLanguage\":\"en-US\"},{\"@type\":\"Organization\",\"@id\":\"https:\\\/\\\/prochaska.eu\\\/en\\\/#organization\",\"name\":\"Prochaska\",\"url\":\"https:\\\/\\\/prochaska.eu\\\/en\\\/\",\"logo\":{\"@type\":\"ImageObject\",\"inLanguage\":\"en-US\",\"@id\":\"https:\\\/\\\/prochaska.eu\\\/en\\\/#\\\/schema\\\/logo\\\/image\\\/\",\"url\":\"https:\\\/\\\/prochaska.eu\\\/wp-content\\\/uploads\\\/2024\\\/04\\\/Prochaska_Logo_Black-1.png\",\"contentUrl\":\"https:\\\/\\\/prochaska.eu\\\/wp-content\\\/uploads\\\/2024\\\/04\\\/Prochaska_Logo_Black-1.png\",\"width\":796,\"height\":236,\"caption\":\"Prochaska\"},\"image\":{\"@id\":\"https:\\\/\\\/prochaska.eu\\\/en\\\/#\\\/schema\\\/logo\\\/image\\\/\"},\"sameAs\":[\"https:\\\/\\\/www.facebook.com\\\/prochaska.eu\\\/\",\"https:\\\/\\\/www.instagram.com\\\/prochaska.eu\\\/\",\"https:\\\/\\\/www.linkedin.com\\\/company\\\/prochaska-handels-gmbh\"]}]}<\/script>\n<!-- \/ Yoast SEO plugin. -->","yoast_head_json":{"title":"TORO Snow blower - Power Max 726 OE - 38814 - Prochaska","robots":{"index":"index","follow":"follow","max-snippet":"max-snippet:-1","max-image-preview":"max-image-preview:large","max-video-preview":"max-video-preview:-1"},"canonical":"https:\/\/prochaska.eu\/en\/produkt\/toro-snow-blower-power-max-726-oe-38814\/","og_locale":"en_US","og_type":"article","og_title":"TORO Snow blower - Power Max 726 OE - 38814 - Prochaska","og_description":"The two-stage TORO Power Max 726 OE snow blower impresses with a clearing width of 66 cm. The snow blowers are equipped with many additional functions and impress with their easy handling on difficult terrain!","og_url":"https:\/\/prochaska.eu\/en\/produkt\/toro-snow-blower-power-max-726-oe-38814\/","og_site_name":"Prochaska","article_publisher":"https:\/\/www.facebook.com\/prochaska.eu\/","og_image":[{"width":1440,"height":1440,"url":"https:\/\/prochaska.eu\/wp-content\/uploads\/2024\/06\/schneefraese-toro-powermax726-oe-prochaska.jpg","type":"image\/jpeg"}],"twitter_card":"summary_large_image","twitter_misc":{"Est. reading time":"1 minute"},"schema":{"@context":"https:\/\/schema.org","@graph":[{"@type":"WebPage","@id":"https:\/\/prochaska.eu\/en\/produkt\/toro-snow-blower-power-max-726-oe-38814\/","url":"https:\/\/prochaska.eu\/en\/produkt\/toro-snow-blower-power-max-726-oe-38814\/","name":"TORO Snow blower - Power Max 726 OE - 38814 - Prochaska","isPartOf":{"@id":"https:\/\/prochaska.eu\/en\/#website"},"primaryImageOfPage":{"@id":"https:\/\/prochaska.eu\/en\/produkt\/toro-snow-blower-power-max-726-oe-38814\/#primaryimage"},"image":{"@id":"https:\/\/prochaska.eu\/en\/produkt\/toro-snow-blower-power-max-726-oe-38814\/#primaryimage"},"thumbnailUrl":"https:\/\/prochaska.eu\/wp-content\/uploads\/2024\/06\/schneefraese-toro-powermax726-oe-prochaska.jpg","datePublished":"2019-09-12T09:02:42+00:00","breadcrumb":{"@id":"https:\/\/prochaska.eu\/en\/produkt\/toro-snow-blower-power-max-726-oe-38814\/#breadcrumb"},"inLanguage":"en-US","potentialAction":[{"@type":"ReadAction","target":["https:\/\/prochaska.eu\/en\/produkt\/toro-snow-blower-power-max-726-oe-38814\/"]}]},{"@type":"ImageObject","inLanguage":"en-US","@id":"https:\/\/prochaska.eu\/en\/produkt\/toro-snow-blower-power-max-726-oe-38814\/#primaryimage","url":"https:\/\/prochaska.eu\/wp-content\/uploads\/2024\/06\/schneefraese-toro-powermax726-oe-prochaska.jpg","contentUrl":"https:\/\/prochaska.eu\/wp-content\/uploads\/2024\/06\/schneefraese-toro-powermax726-oe-prochaska.jpg","width":1440,"height":1440},{"@type":"BreadcrumbList","@id":"https:\/\/prochaska.eu\/en\/produkt\/toro-snow-blower-power-max-726-oe-38814\/#breadcrumb","itemListElement":[{"@type":"ListItem","position":1,"name":"Home","item":"https:\/\/prochaska.eu\/en\/"},{"@type":"ListItem","position":2,"name":"Shop","item":"https:\/\/prochaska.eu\/shop\/"},{"@type":"ListItem","position":3,"name":"TORO Snow blower &#8211; Power Max 726 OE &#8211; 38814"}]},{"@type":"WebSite","@id":"https:\/\/prochaska.eu\/en\/#website","url":"https:\/\/prochaska.eu\/en\/","name":"Prochaska","description":"Spezialist f\u00fcr Pflege von Gr\u00fcnfl\u00e4chen","publisher":{"@id":"https:\/\/prochaska.eu\/en\/#organization"},"potentialAction":[{"@type":"SearchAction","target":{"@type":"EntryPoint","urlTemplate":"https:\/\/prochaska.eu\/en\/?s={search_term_string}"},"query-input":{"@type":"PropertyValueSpecification","valueRequired":true,"valueName":"search_term_string"}}],"inLanguage":"en-US"},{"@type":"Organization","@id":"https:\/\/prochaska.eu\/en\/#organization","name":"Prochaska","url":"https:\/\/prochaska.eu\/en\/","logo":{"@type":"ImageObject","inLanguage":"en-US","@id":"https:\/\/prochaska.eu\/en\/#\/schema\/logo\/image\/","url":"https:\/\/prochaska.eu\/wp-content\/uploads\/2024\/04\/Prochaska_Logo_Black-1.png","contentUrl":"https:\/\/prochaska.eu\/wp-content\/uploads\/2024\/04\/Prochaska_Logo_Black-1.png","width":796,"height":236,"caption":"Prochaska"},"image":{"@id":"https:\/\/prochaska.eu\/en\/#\/schema\/logo\/image\/"},"sameAs":["https:\/\/www.facebook.com\/prochaska.eu\/","https:\/\/www.instagram.com\/prochaska.eu\/","https:\/\/www.linkedin.com\/company\/prochaska-handels-gmbh"]}]}},"brands":[{"id":3072,"name":"Toro","slug":"toro-en"}],"_links":{"self":[{"href":"https:\/\/prochaska.eu\/en\/wp-json\/wp\/v2\/product\/26172","targetHints":{"allow":["GET"]}}],"collection":[{"href":"https:\/\/prochaska.eu\/en\/wp-json\/wp\/v2\/product"}],"about":[{"href":"https:\/\/prochaska.eu\/en\/wp-json\/wp\/v2\/types\/product"}],"version-history":[{"count":0,"href":"https:\/\/prochaska.eu\/en\/wp-json\/wp\/v2\/product\/26172\/revisions"}],"wp:featuredmedia":[{"embeddable":true,"href":"https:\/\/prochaska.eu\/en\/wp-json\/wp\/v2\/media\/21497"}],"wp:attachment":[{"href":"https:\/\/prochaska.eu\/en\/wp-json\/wp\/v2\/media?parent=26172"}],"wp:term":[{"taxonomy":"pwb-brand","embeddable":true,"href":"https:\/\/prochaska.eu\/en\/wp-json\/wp\/v2\/pwb-brand?post=26172"},{"taxonomy":"product_brand","embeddable":true,"href":"https:\/\/prochaska.eu\/en\/wp-json\/wp\/v2\/product_brand?post=26172"},{"taxonomy":"product_cat","embeddable":true,"href":"https:\/\/prochaska.eu\/en\/wp-json\/wp\/v2\/product_cat?post=26172"},{"taxonomy":"product_tag","embeddable":true,"href":"https:\/\/prochaska.eu\/en\/wp-json\/wp\/v2\/product_tag?post=26172"}],"curies":[{"name":"wp","href":"https:\/\/api.w.org\/{rel}","templated":true}]}}