{"id":26357,"date":"2020-04-09T13:36:04","date_gmt":"2020-04-09T13:36:04","guid":{"rendered":"https:\/\/prochaska.eu\/product\/toro-recycler-cordless-lawn-mower-60v-set-21863-21864\/"},"modified":"2026-04-23T02:10:06","modified_gmt":"2026-04-23T02:10:06","slug":"toro-recycler-cordless-lawn-mower-60v-set-21863-21864","status":"publish","type":"product","link":"https:\/\/prochaska.eu\/en\/produkt\/toro-recycler-cordless-lawn-mower-60v-set-21863-21864\/","title":{"rendered":"Toro &#8211; Recycler &#8211; Cordless lawn mower &#8211; 60V &#8211; Set &#8211; 21863 &#8211; 21864"},"content":{"rendered":"<p style=\"text-align: left;\">The new Flex-Force Power System from <a href=\"https:\/\/www.prochaska.eu\/toro\/\">Toro<\/a> stands for simple performance! This means more work can be done in less time. The 60V cordless lawn mower from <a href=\"https:\/\/www.prochaska.eu\/toro\/\">Toro <\/a>is new on the market. The device is easy to start, user-friendly and maintenance-free. The 21863\/21864 model has a cutting width of 55 cm and a brushless DC motor. The wide blade allows you to mow wide strips and get the job done faster. Areas of up to 1,300 m\u00b2 can be processed effortlessly. The additional drive axle makes it easier to maneuver the mower. With the Automatic Drive System and traction control, you can mow at a speed adapted to the user.<\/p>\n<h2 style=\"text-align: left;\">The Toro Package<\/h2>\n<p style=\"text-align: left;\">The <a href=\"https:\/\/www.prochaska.eu\/toro\/\">Toro <\/a>package includes a Toro Recycler lawn mower 55cm, a 6Ah, 324 Wh battery and a universal charger. The Toro battery is suitable for small to medium-sized gardens. The Flex-Force charger from Toro is also included in the set.<\/p>\n<h2 style=\"text-align: left;\">The product benefits<\/h2>\n<ul style=\"text-align: left;\">\n<li>Electric start for easy operation of the mower<\/li>\n<li style=\"text-align: left;\">Blade brake for safe working<\/li>\n<li style=\"text-align: left;\">Automatic Drive System for speed adjustment<\/li>\n<li style=\"text-align: left;\">Switchable recycler (switch between rear catcher system and recycler)<\/li>\n<li style=\"text-align: left;\">SmartStow &#8211; space-saving storage thanks to folding handlebar<\/li>\n<li style=\"text-align: left;\">Coarse wheel profile for additional grip<\/li>\n<li style=\"text-align: left;\">Easy maintenance (brushless motor)<\/li>\n<li style=\"text-align: left;\">Steel mower deck for long service life<\/li>\n<li>Cutting width 55cm, 4-stage, 25-102mm<\/li>\n<li>Rear-wheel drive<\/li>\n<li>2-in-1 function (catching, mulching and optional side discharge)<\/li>\n<\/ul>\n<h2 style=\"text-align: left;\">Optional accessories<\/h2>\n<ul>\n<li style=\"text-align: left;\"><a href=\"https:\/\/www.prochaska.eu\/produkt\/ersatzmesser-atomic-55-cm-fuer-toro-20960-20961-20959-und-20954\/\"><a href=\"https:\/\/www.prochaska.eu\/produkt\/ersatzmesser-atomic-55-cm-fuer-toro-20960-20961-20959-und-20954\/\">Toro Atomic replacement blade 55 cm<\/a><\/a><\/li>\n<\/ul>\n<p>&nbsp;<\/p>\n<p><iframe title=\"New Toro  21&quot; 60V Electric Lawn Mower\" width=\"800\" height=\"450\" src=\"https:\/\/www.youtube.com\/embed\/cvz4pQMQzxg?feature=oembed\" frameborder=\"0\" allow=\"accelerometer; autoplay; clipboard-write; encrypted-media; gyroscope; picture-in-picture; web-share\" referrerpolicy=\"strict-origin-when-cross-origin\" allowfullscreen><\/iframe><\/p>\n","protected":false},"excerpt":{"rendered":"<p>The 60V Recycler cordless lawn mower from Toro has a cutting width of 55 cm and is suitable for areas of up to 1,300 m\u00b2.<\/p>\n","protected":false},"featured_media":28941,"template":"","meta":[],"pwb-brand":[3072],"product_brand":[],"product_cat":[1092,1182,3060,1212,1102,1181,3137],"product_tag":[3119],"class_list":{"0":"post-26357","1":"product","2":"type-product","3":"status-publish","4":"has-post-thumbnail","6":"pwb-brand-toro-en","7":"product_cat-battery-powered-devices","8":"product_cat-cordless-lawn-mower","9":"product_cat-discount-en","10":"product_cat-hand-lawn-mower","11":"product_cat-house-and-garden","12":"product_cat-lawn-mower","13":"product_cat-toro-brand-discounts-en","14":"product_tag-40-v-en","16":"first","17":"instock","18":"taxable","19":"shipping-taxable","20":"purchasable","21":"product-type-simple"},"yoast_head":"<!-- This site is optimized with the Yoast SEO plugin v27.4 - https:\/\/yoast.com\/product\/yoast-seo-wordpress\/ -->\n<title>Toro - Recycler - Cordless lawn mower - 60V - Set - 21863 - 21864 - Prochaska<\/title>\n<meta name=\"robots\" content=\"index, follow, max-snippet:-1, max-image-preview:large, max-video-preview:-1\" \/>\n<link rel=\"canonical\" href=\"https:\/\/prochaska.eu\/en\/produkt\/toro-recycler-cordless-lawn-mower-60v-set-21863-21864\/\" \/>\n<meta property=\"og:locale\" content=\"en_US\" \/>\n<meta property=\"og:type\" content=\"article\" \/>\n<meta property=\"og:title\" content=\"Toro - Recycler - Cordless lawn mower - 60V - Set - 21863 - 21864 - Prochaska\" \/>\n<meta property=\"og:description\" content=\"The 60V Recycler cordless lawn mower from Toro has a cutting width of 55 cm and is suitable for areas of up to 1,300 m\u00b2.\" \/>\n<meta property=\"og:url\" content=\"https:\/\/prochaska.eu\/en\/produkt\/toro-recycler-cordless-lawn-mower-60v-set-21863-21864\/\" \/>\n<meta property=\"og:site_name\" content=\"Prochaska\" \/>\n<meta property=\"article:publisher\" content=\"https:\/\/www.facebook.com\/prochaska.eu\/\" \/>\n<meta property=\"article:modified_time\" content=\"2026-04-23T02:10:06+00:00\" \/>\n<meta property=\"og:image\" content=\"https:\/\/prochaska.eu\/wp-content\/uploads\/2020\/04\/Toro-Recycler-Akku-Rasenmaher-60V-Set-21863-21864.webp\" \/>\n\t<meta property=\"og:image:width\" content=\"1000\" \/>\n\t<meta property=\"og:image:height\" content=\"1000\" \/>\n\t<meta property=\"og:image:type\" content=\"image\/webp\" \/>\n<meta name=\"twitter:card\" content=\"summary_large_image\" \/>\n<meta name=\"twitter:label1\" content=\"Est. reading time\" \/>\n\t<meta name=\"twitter:data1\" content=\"1 minute\" \/>\n<script type=\"application\/ld+json\" class=\"yoast-schema-graph\">{\"@context\":\"https:\\\/\\\/schema.org\",\"@graph\":[{\"@type\":\"WebPage\",\"@id\":\"https:\\\/\\\/prochaska.eu\\\/en\\\/produkt\\\/toro-recycler-cordless-lawn-mower-60v-set-21863-21864\\\/\",\"url\":\"https:\\\/\\\/prochaska.eu\\\/en\\\/produkt\\\/toro-recycler-cordless-lawn-mower-60v-set-21863-21864\\\/\",\"name\":\"Toro - Recycler - Cordless lawn mower - 60V - Set - 21863 - 21864 - Prochaska\",\"isPartOf\":{\"@id\":\"https:\\\/\\\/prochaska.eu\\\/en\\\/#website\"},\"primaryImageOfPage\":{\"@id\":\"https:\\\/\\\/prochaska.eu\\\/en\\\/produkt\\\/toro-recycler-cordless-lawn-mower-60v-set-21863-21864\\\/#primaryimage\"},\"image\":{\"@id\":\"https:\\\/\\\/prochaska.eu\\\/en\\\/produkt\\\/toro-recycler-cordless-lawn-mower-60v-set-21863-21864\\\/#primaryimage\"},\"thumbnailUrl\":\"https:\\\/\\\/prochaska.eu\\\/wp-content\\\/uploads\\\/2020\\\/04\\\/Toro-Recycler-Akku-Rasenmaher-60V-Set-21863-21864.webp\",\"datePublished\":\"2020-04-09T13:36:04+00:00\",\"dateModified\":\"2026-04-23T02:10:06+00:00\",\"breadcrumb\":{\"@id\":\"https:\\\/\\\/prochaska.eu\\\/en\\\/produkt\\\/toro-recycler-cordless-lawn-mower-60v-set-21863-21864\\\/#breadcrumb\"},\"inLanguage\":\"en-US\",\"potentialAction\":[{\"@type\":\"ReadAction\",\"target\":[\"https:\\\/\\\/prochaska.eu\\\/en\\\/produkt\\\/toro-recycler-cordless-lawn-mower-60v-set-21863-21864\\\/\"]}]},{\"@type\":\"ImageObject\",\"inLanguage\":\"en-US\",\"@id\":\"https:\\\/\\\/prochaska.eu\\\/en\\\/produkt\\\/toro-recycler-cordless-lawn-mower-60v-set-21863-21864\\\/#primaryimage\",\"url\":\"https:\\\/\\\/prochaska.eu\\\/wp-content\\\/uploads\\\/2020\\\/04\\\/Toro-Recycler-Akku-Rasenmaher-60V-Set-21863-21864.webp\",\"contentUrl\":\"https:\\\/\\\/prochaska.eu\\\/wp-content\\\/uploads\\\/2020\\\/04\\\/Toro-Recycler-Akku-Rasenmaher-60V-Set-21863-21864.webp\",\"width\":1000,\"height\":1000},{\"@type\":\"BreadcrumbList\",\"@id\":\"https:\\\/\\\/prochaska.eu\\\/en\\\/produkt\\\/toro-recycler-cordless-lawn-mower-60v-set-21863-21864\\\/#breadcrumb\",\"itemListElement\":[{\"@type\":\"ListItem\",\"position\":1,\"name\":\"Home\",\"item\":\"https:\\\/\\\/prochaska.eu\\\/en\\\/\"},{\"@type\":\"ListItem\",\"position\":2,\"name\":\"Shop\",\"item\":\"https:\\\/\\\/prochaska.eu\\\/shop\\\/\"},{\"@type\":\"ListItem\",\"position\":3,\"name\":\"Toro &#8211; Recycler &#8211; Cordless lawn mower &#8211; 60V &#8211; Set &#8211; 21863 &#8211; 21864\"}]},{\"@type\":\"WebSite\",\"@id\":\"https:\\\/\\\/prochaska.eu\\\/en\\\/#website\",\"url\":\"https:\\\/\\\/prochaska.eu\\\/en\\\/\",\"name\":\"Prochaska\",\"description\":\"Spezialist f\u00fcr Pflege von Gr\u00fcnfl\u00e4chen\",\"publisher\":{\"@id\":\"https:\\\/\\\/prochaska.eu\\\/en\\\/#organization\"},\"potentialAction\":[{\"@type\":\"SearchAction\",\"target\":{\"@type\":\"EntryPoint\",\"urlTemplate\":\"https:\\\/\\\/prochaska.eu\\\/en\\\/?s={search_term_string}\"},\"query-input\":{\"@type\":\"PropertyValueSpecification\",\"valueRequired\":true,\"valueName\":\"search_term_string\"}}],\"inLanguage\":\"en-US\"},{\"@type\":\"Organization\",\"@id\":\"https:\\\/\\\/prochaska.eu\\\/en\\\/#organization\",\"name\":\"Prochaska\",\"url\":\"https:\\\/\\\/prochaska.eu\\\/en\\\/\",\"logo\":{\"@type\":\"ImageObject\",\"inLanguage\":\"en-US\",\"@id\":\"https:\\\/\\\/prochaska.eu\\\/en\\\/#\\\/schema\\\/logo\\\/image\\\/\",\"url\":\"https:\\\/\\\/prochaska.eu\\\/wp-content\\\/uploads\\\/2024\\\/04\\\/Prochaska_Logo_Black-1.png\",\"contentUrl\":\"https:\\\/\\\/prochaska.eu\\\/wp-content\\\/uploads\\\/2024\\\/04\\\/Prochaska_Logo_Black-1.png\",\"width\":796,\"height\":236,\"caption\":\"Prochaska\"},\"image\":{\"@id\":\"https:\\\/\\\/prochaska.eu\\\/en\\\/#\\\/schema\\\/logo\\\/image\\\/\"},\"sameAs\":[\"https:\\\/\\\/www.facebook.com\\\/prochaska.eu\\\/\",\"https:\\\/\\\/www.instagram.com\\\/prochaska.eu\\\/\",\"https:\\\/\\\/www.linkedin.com\\\/company\\\/prochaska-handels-gmbh\"]}]}<\/script>\n<!-- \/ Yoast SEO plugin. -->","yoast_head_json":{"title":"Toro - Recycler - Cordless lawn mower - 60V - Set - 21863 - 21864 - Prochaska","robots":{"index":"index","follow":"follow","max-snippet":"max-snippet:-1","max-image-preview":"max-image-preview:large","max-video-preview":"max-video-preview:-1"},"canonical":"https:\/\/prochaska.eu\/en\/produkt\/toro-recycler-cordless-lawn-mower-60v-set-21863-21864\/","og_locale":"en_US","og_type":"article","og_title":"Toro - Recycler - Cordless lawn mower - 60V - Set - 21863 - 21864 - Prochaska","og_description":"The 60V Recycler cordless lawn mower from Toro has a cutting width of 55 cm and is suitable for areas of up to 1,300 m\u00b2.","og_url":"https:\/\/prochaska.eu\/en\/produkt\/toro-recycler-cordless-lawn-mower-60v-set-21863-21864\/","og_site_name":"Prochaska","article_publisher":"https:\/\/www.facebook.com\/prochaska.eu\/","article_modified_time":"2026-04-23T02:10:06+00:00","og_image":[{"width":1000,"height":1000,"url":"https:\/\/prochaska.eu\/wp-content\/uploads\/2020\/04\/Toro-Recycler-Akku-Rasenmaher-60V-Set-21863-21864.webp","type":"image\/webp"}],"twitter_card":"summary_large_image","twitter_misc":{"Est. reading time":"1 minute"},"schema":{"@context":"https:\/\/schema.org","@graph":[{"@type":"WebPage","@id":"https:\/\/prochaska.eu\/en\/produkt\/toro-recycler-cordless-lawn-mower-60v-set-21863-21864\/","url":"https:\/\/prochaska.eu\/en\/produkt\/toro-recycler-cordless-lawn-mower-60v-set-21863-21864\/","name":"Toro - Recycler - Cordless lawn mower - 60V - Set - 21863 - 21864 - Prochaska","isPartOf":{"@id":"https:\/\/prochaska.eu\/en\/#website"},"primaryImageOfPage":{"@id":"https:\/\/prochaska.eu\/en\/produkt\/toro-recycler-cordless-lawn-mower-60v-set-21863-21864\/#primaryimage"},"image":{"@id":"https:\/\/prochaska.eu\/en\/produkt\/toro-recycler-cordless-lawn-mower-60v-set-21863-21864\/#primaryimage"},"thumbnailUrl":"https:\/\/prochaska.eu\/wp-content\/uploads\/2020\/04\/Toro-Recycler-Akku-Rasenmaher-60V-Set-21863-21864.webp","datePublished":"2020-04-09T13:36:04+00:00","dateModified":"2026-04-23T02:10:06+00:00","breadcrumb":{"@id":"https:\/\/prochaska.eu\/en\/produkt\/toro-recycler-cordless-lawn-mower-60v-set-21863-21864\/#breadcrumb"},"inLanguage":"en-US","potentialAction":[{"@type":"ReadAction","target":["https:\/\/prochaska.eu\/en\/produkt\/toro-recycler-cordless-lawn-mower-60v-set-21863-21864\/"]}]},{"@type":"ImageObject","inLanguage":"en-US","@id":"https:\/\/prochaska.eu\/en\/produkt\/toro-recycler-cordless-lawn-mower-60v-set-21863-21864\/#primaryimage","url":"https:\/\/prochaska.eu\/wp-content\/uploads\/2020\/04\/Toro-Recycler-Akku-Rasenmaher-60V-Set-21863-21864.webp","contentUrl":"https:\/\/prochaska.eu\/wp-content\/uploads\/2020\/04\/Toro-Recycler-Akku-Rasenmaher-60V-Set-21863-21864.webp","width":1000,"height":1000},{"@type":"BreadcrumbList","@id":"https:\/\/prochaska.eu\/en\/produkt\/toro-recycler-cordless-lawn-mower-60v-set-21863-21864\/#breadcrumb","itemListElement":[{"@type":"ListItem","position":1,"name":"Home","item":"https:\/\/prochaska.eu\/en\/"},{"@type":"ListItem","position":2,"name":"Shop","item":"https:\/\/prochaska.eu\/shop\/"},{"@type":"ListItem","position":3,"name":"Toro &#8211; Recycler &#8211; Cordless lawn mower &#8211; 60V &#8211; Set &#8211; 21863 &#8211; 21864"}]},{"@type":"WebSite","@id":"https:\/\/prochaska.eu\/en\/#website","url":"https:\/\/prochaska.eu\/en\/","name":"Prochaska","description":"Spezialist f\u00fcr Pflege von Gr\u00fcnfl\u00e4chen","publisher":{"@id":"https:\/\/prochaska.eu\/en\/#organization"},"potentialAction":[{"@type":"SearchAction","target":{"@type":"EntryPoint","urlTemplate":"https:\/\/prochaska.eu\/en\/?s={search_term_string}"},"query-input":{"@type":"PropertyValueSpecification","valueRequired":true,"valueName":"search_term_string"}}],"inLanguage":"en-US"},{"@type":"Organization","@id":"https:\/\/prochaska.eu\/en\/#organization","name":"Prochaska","url":"https:\/\/prochaska.eu\/en\/","logo":{"@type":"ImageObject","inLanguage":"en-US","@id":"https:\/\/prochaska.eu\/en\/#\/schema\/logo\/image\/","url":"https:\/\/prochaska.eu\/wp-content\/uploads\/2024\/04\/Prochaska_Logo_Black-1.png","contentUrl":"https:\/\/prochaska.eu\/wp-content\/uploads\/2024\/04\/Prochaska_Logo_Black-1.png","width":796,"height":236,"caption":"Prochaska"},"image":{"@id":"https:\/\/prochaska.eu\/en\/#\/schema\/logo\/image\/"},"sameAs":["https:\/\/www.facebook.com\/prochaska.eu\/","https:\/\/www.instagram.com\/prochaska.eu\/","https:\/\/www.linkedin.com\/company\/prochaska-handels-gmbh"]}]}},"brands":[{"id":3072,"name":"Toro","slug":"toro-en"}],"_links":{"self":[{"href":"https:\/\/prochaska.eu\/en\/wp-json\/wp\/v2\/product\/26357","targetHints":{"allow":["GET"]}}],"collection":[{"href":"https:\/\/prochaska.eu\/en\/wp-json\/wp\/v2\/product"}],"about":[{"href":"https:\/\/prochaska.eu\/en\/wp-json\/wp\/v2\/types\/product"}],"version-history":[{"count":0,"href":"https:\/\/prochaska.eu\/en\/wp-json\/wp\/v2\/product\/26357\/revisions"}],"wp:featuredmedia":[{"embeddable":true,"href":"https:\/\/prochaska.eu\/en\/wp-json\/wp\/v2\/media\/28941"}],"wp:attachment":[{"href":"https:\/\/prochaska.eu\/en\/wp-json\/wp\/v2\/media?parent=26357"}],"wp:term":[{"taxonomy":"pwb-brand","embeddable":true,"href":"https:\/\/prochaska.eu\/en\/wp-json\/wp\/v2\/pwb-brand?post=26357"},{"taxonomy":"product_brand","embeddable":true,"href":"https:\/\/prochaska.eu\/en\/wp-json\/wp\/v2\/product_brand?post=26357"},{"taxonomy":"product_cat","embeddable":true,"href":"https:\/\/prochaska.eu\/en\/wp-json\/wp\/v2\/product_cat?post=26357"},{"taxonomy":"product_tag","embeddable":true,"href":"https:\/\/prochaska.eu\/en\/wp-json\/wp\/v2\/product_tag?post=26357"}],"curies":[{"name":"wp","href":"https:\/\/api.w.org\/{rel}","templated":true}]}}