{"id":26375,"date":"2020-04-15T15:27:31","date_gmt":"2020-04-15T15:27:31","guid":{"rendered":"https:\/\/prochaska.eu\/product\/icocar-shuttle-62-3-0-lithium\/"},"modified":"2020-04-15T15:27:31","modified_gmt":"2020-04-15T15:27:31","slug":"icocar-shuttle-62-3-0-lithium","status":"publish","type":"product","link":"https:\/\/prochaska.eu\/en\/produkt\/icocar-shuttle-62-3-0-lithium\/","title":{"rendered":"IcoCar Shuttle 6+2 &#8211; 3.0 LITHIUM"},"content":{"rendered":"<p style=\"text-align: left;\">The IcoCar Shuttle 6+2 &#8211; 3.0 LITHIUM has 8 seats, a 48-volt electric motor and achieves a range of up to 80 kilometers at a maximum speed of max. 25 km\/h. High-quality workmanship, premium equipment and a modern and innovative design make this model a practical shuttle car for the hotel industry, camping and many other applications.<\/p>\n<h2 style=\"text-align: left;\">Electric: max. 25 km\/h<\/h2>\n<p style=\"text-align: left;\">Motor: 48V, alternating current, 5.0 kW (6.8 hp)<\/p>\n<p style=\"text-align: left;\">Battery: Lithium LiFePO4 150Ah<\/p>\n<p style=\"text-align: left;\">Range: approx. 80 kilometers<\/p>\n<p style=\"text-align: left;\">Charging time: approx. 4 hours<\/p>\n<h2 style=\"text-align: left;\">Equipment<\/h2>\n<ul style=\"text-align: left;\">\n<li style=\"text-align: left;\">Built-in, automatic charger<\/li>\n<li style=\"text-align: left;\">LED lighting system with daytime running lights, low beam, high beam, dynamic indicators, brake light<\/li>\n<li style=\"text-align: left;\">Horn<\/li>\n<li style=\"text-align: left;\">Hydraulic front disc brakes, rear drum brakes, foot-operated parking brake<\/li>\n<li style=\"text-align: left;\">Premium seats with decorative stitching<\/li>\n<li style=\"text-align: left;\">Sun\/rain canopy over all rows of seats<\/li>\n<li style=\"text-align: left;\">Safety glass windshield with windshield wiper<\/li>\n<li style=\"text-align: left;\">Folding rear seat bench<\/li>\n<li style=\"text-align: left;\">Sports steering wheel carbon design<\/li>\n<li style=\"text-align: left;\">2 lockable glove compartments<\/li>\n<li style=\"text-align: left;\">Double USB port<\/li>\n<li style=\"text-align: left;\">4 cup holders<\/li>\n<li style=\"text-align: left;\">7&#8243; LCD Color Display<\/li>\n<li style=\"text-align: left;\">12&#8243; alloy wheels with 00-12 low profile tires<\/li>\n<li style=\"text-align: left;\">Steel frame with anti-corrosion coating<\/li>\n<li style=\"text-align: left;\">Side mirror left\/right<\/li>\n<li style=\"text-align: left;\">Safety belts<\/li>\n<li style=\"text-align: left;\">Trailer coupling<\/li>\n<li style=\"text-align: left;\">Rain cover 3-sided<\/li>\n<\/ul>\n<h2 style=\"text-align: left;\">Optional accessories<\/h2>\n<ul>\n<li>10 km\/h Road typing<\/li>\n<li>Bag holder for 2 golf bags<\/li>\n<li>Ashtray<\/li>\n<li>Plastic transport tray 100 x 80 cm<\/li>\n<\/ul>\n","protected":false},"excerpt":{"rendered":"<p>The practical electric shuttle car with premium equipment and 8 seats. The folding rear seat can be converted into a 100 x 80 cm loading area in no time at all.<\/p>\n","protected":false},"featured_media":27151,"template":"","meta":[],"pwb-brand":[22],"product_brand":[],"product_cat":[1332,1361],"product_tag":[],"class_list":{"0":"post-26375","1":"product","2":"type-product","3":"status-publish","4":"has-post-thumbnail","6":"pwb-brand-icocar","7":"product_cat-e-cars-en","8":"product_cat-golf-cars-new-en","10":"first","11":"instock","12":"taxable","13":"shipping-taxable","14":"purchasable","15":"product-type-simple"},"yoast_head":"<!-- This site is optimized with the Yoast SEO plugin v27.4 - https:\/\/yoast.com\/product\/yoast-seo-wordpress\/ -->\n<title>IcoCar Shuttle 6+2 - 3.0 LITHIUM - Prochaska<\/title>\n<meta name=\"robots\" content=\"index, follow, max-snippet:-1, max-image-preview:large, max-video-preview:-1\" \/>\n<link rel=\"canonical\" href=\"https:\/\/prochaska.eu\/en\/produkt\/icocar-shuttle-62-3-0-lithium\/\" \/>\n<meta property=\"og:locale\" content=\"en_US\" \/>\n<meta property=\"og:type\" content=\"article\" \/>\n<meta property=\"og:title\" content=\"IcoCar Shuttle 6+2 - 3.0 LITHIUM - Prochaska\" \/>\n<meta property=\"og:description\" content=\"The practical electric shuttle car with premium equipment and 8 seats. The folding rear seat can be converted into a 100 x 80 cm loading area in no time at all.\" \/>\n<meta property=\"og:url\" content=\"https:\/\/prochaska.eu\/en\/produkt\/icocar-shuttle-62-3-0-lithium\/\" \/>\n<meta property=\"og:site_name\" content=\"Prochaska\" \/>\n<meta property=\"article:publisher\" content=\"https:\/\/www.facebook.com\/prochaska.eu\/\" \/>\n<meta property=\"og:image\" content=\"https:\/\/prochaska.eu\/wp-content\/uploads\/2020\/04\/IcoCar-Shuttle-62-\u2013-3.0-LITHIUM_front.png\" \/>\n\t<meta property=\"og:image:width\" content=\"1000\" \/>\n\t<meta property=\"og:image:height\" content=\"1000\" \/>\n\t<meta property=\"og:image:type\" content=\"image\/png\" \/>\n<meta name=\"twitter:card\" content=\"summary_large_image\" \/>\n<meta name=\"twitter:label1\" content=\"Est. reading time\" \/>\n\t<meta name=\"twitter:data1\" content=\"1 minute\" \/>\n<script type=\"application\/ld+json\" class=\"yoast-schema-graph\">{\"@context\":\"https:\\\/\\\/schema.org\",\"@graph\":[{\"@type\":\"WebPage\",\"@id\":\"https:\\\/\\\/prochaska.eu\\\/en\\\/produkt\\\/icocar-shuttle-62-3-0-lithium\\\/\",\"url\":\"https:\\\/\\\/prochaska.eu\\\/en\\\/produkt\\\/icocar-shuttle-62-3-0-lithium\\\/\",\"name\":\"IcoCar Shuttle 6+2 - 3.0 LITHIUM - Prochaska\",\"isPartOf\":{\"@id\":\"https:\\\/\\\/prochaska.eu\\\/en\\\/#website\"},\"primaryImageOfPage\":{\"@id\":\"https:\\\/\\\/prochaska.eu\\\/en\\\/produkt\\\/icocar-shuttle-62-3-0-lithium\\\/#primaryimage\"},\"image\":{\"@id\":\"https:\\\/\\\/prochaska.eu\\\/en\\\/produkt\\\/icocar-shuttle-62-3-0-lithium\\\/#primaryimage\"},\"thumbnailUrl\":\"https:\\\/\\\/prochaska.eu\\\/wp-content\\\/uploads\\\/2020\\\/04\\\/IcoCar-Shuttle-62-\u2013-3.0-LITHIUM_front.png\",\"datePublished\":\"2020-04-15T15:27:31+00:00\",\"breadcrumb\":{\"@id\":\"https:\\\/\\\/prochaska.eu\\\/en\\\/produkt\\\/icocar-shuttle-62-3-0-lithium\\\/#breadcrumb\"},\"inLanguage\":\"en-US\",\"potentialAction\":[{\"@type\":\"ReadAction\",\"target\":[\"https:\\\/\\\/prochaska.eu\\\/en\\\/produkt\\\/icocar-shuttle-62-3-0-lithium\\\/\"]}]},{\"@type\":\"ImageObject\",\"inLanguage\":\"en-US\",\"@id\":\"https:\\\/\\\/prochaska.eu\\\/en\\\/produkt\\\/icocar-shuttle-62-3-0-lithium\\\/#primaryimage\",\"url\":\"https:\\\/\\\/prochaska.eu\\\/wp-content\\\/uploads\\\/2020\\\/04\\\/IcoCar-Shuttle-62-\u2013-3.0-LITHIUM_front.png\",\"contentUrl\":\"https:\\\/\\\/prochaska.eu\\\/wp-content\\\/uploads\\\/2020\\\/04\\\/IcoCar-Shuttle-62-\u2013-3.0-LITHIUM_front.png\",\"width\":1000,\"height\":1000},{\"@type\":\"BreadcrumbList\",\"@id\":\"https:\\\/\\\/prochaska.eu\\\/en\\\/produkt\\\/icocar-shuttle-62-3-0-lithium\\\/#breadcrumb\",\"itemListElement\":[{\"@type\":\"ListItem\",\"position\":1,\"name\":\"Home\",\"item\":\"https:\\\/\\\/prochaska.eu\\\/en\\\/\"},{\"@type\":\"ListItem\",\"position\":2,\"name\":\"Shop\",\"item\":\"https:\\\/\\\/prochaska.eu\\\/shop\\\/\"},{\"@type\":\"ListItem\",\"position\":3,\"name\":\"IcoCar Shuttle 6+2 &#8211; 3.0 LITHIUM\"}]},{\"@type\":\"WebSite\",\"@id\":\"https:\\\/\\\/prochaska.eu\\\/en\\\/#website\",\"url\":\"https:\\\/\\\/prochaska.eu\\\/en\\\/\",\"name\":\"Prochaska\",\"description\":\"Spezialist f\u00fcr Pflege von Gr\u00fcnfl\u00e4chen\",\"publisher\":{\"@id\":\"https:\\\/\\\/prochaska.eu\\\/en\\\/#organization\"},\"potentialAction\":[{\"@type\":\"SearchAction\",\"target\":{\"@type\":\"EntryPoint\",\"urlTemplate\":\"https:\\\/\\\/prochaska.eu\\\/en\\\/?s={search_term_string}\"},\"query-input\":{\"@type\":\"PropertyValueSpecification\",\"valueRequired\":true,\"valueName\":\"search_term_string\"}}],\"inLanguage\":\"en-US\"},{\"@type\":\"Organization\",\"@id\":\"https:\\\/\\\/prochaska.eu\\\/en\\\/#organization\",\"name\":\"Prochaska\",\"url\":\"https:\\\/\\\/prochaska.eu\\\/en\\\/\",\"logo\":{\"@type\":\"ImageObject\",\"inLanguage\":\"en-US\",\"@id\":\"https:\\\/\\\/prochaska.eu\\\/en\\\/#\\\/schema\\\/logo\\\/image\\\/\",\"url\":\"https:\\\/\\\/prochaska.eu\\\/wp-content\\\/uploads\\\/2024\\\/04\\\/Prochaska_Logo_Black-1.png\",\"contentUrl\":\"https:\\\/\\\/prochaska.eu\\\/wp-content\\\/uploads\\\/2024\\\/04\\\/Prochaska_Logo_Black-1.png\",\"width\":796,\"height\":236,\"caption\":\"Prochaska\"},\"image\":{\"@id\":\"https:\\\/\\\/prochaska.eu\\\/en\\\/#\\\/schema\\\/logo\\\/image\\\/\"},\"sameAs\":[\"https:\\\/\\\/www.facebook.com\\\/prochaska.eu\\\/\",\"https:\\\/\\\/www.instagram.com\\\/prochaska.eu\\\/\",\"https:\\\/\\\/www.linkedin.com\\\/company\\\/prochaska-handels-gmbh\"]}]}<\/script>\n<!-- \/ Yoast SEO plugin. -->","yoast_head_json":{"title":"IcoCar Shuttle 6+2 - 3.0 LITHIUM - Prochaska","robots":{"index":"index","follow":"follow","max-snippet":"max-snippet:-1","max-image-preview":"max-image-preview:large","max-video-preview":"max-video-preview:-1"},"canonical":"https:\/\/prochaska.eu\/en\/produkt\/icocar-shuttle-62-3-0-lithium\/","og_locale":"en_US","og_type":"article","og_title":"IcoCar Shuttle 6+2 - 3.0 LITHIUM - Prochaska","og_description":"The practical electric shuttle car with premium equipment and 8 seats. The folding rear seat can be converted into a 100 x 80 cm loading area in no time at all.","og_url":"https:\/\/prochaska.eu\/en\/produkt\/icocar-shuttle-62-3-0-lithium\/","og_site_name":"Prochaska","article_publisher":"https:\/\/www.facebook.com\/prochaska.eu\/","og_image":[{"width":1000,"height":1000,"url":"https:\/\/prochaska.eu\/wp-content\/uploads\/2020\/04\/IcoCar-Shuttle-62-\u2013-3.0-LITHIUM_front.png","type":"image\/png"}],"twitter_card":"summary_large_image","twitter_misc":{"Est. reading time":"1 minute"},"schema":{"@context":"https:\/\/schema.org","@graph":[{"@type":"WebPage","@id":"https:\/\/prochaska.eu\/en\/produkt\/icocar-shuttle-62-3-0-lithium\/","url":"https:\/\/prochaska.eu\/en\/produkt\/icocar-shuttle-62-3-0-lithium\/","name":"IcoCar Shuttle 6+2 - 3.0 LITHIUM - Prochaska","isPartOf":{"@id":"https:\/\/prochaska.eu\/en\/#website"},"primaryImageOfPage":{"@id":"https:\/\/prochaska.eu\/en\/produkt\/icocar-shuttle-62-3-0-lithium\/#primaryimage"},"image":{"@id":"https:\/\/prochaska.eu\/en\/produkt\/icocar-shuttle-62-3-0-lithium\/#primaryimage"},"thumbnailUrl":"https:\/\/prochaska.eu\/wp-content\/uploads\/2020\/04\/IcoCar-Shuttle-62-\u2013-3.0-LITHIUM_front.png","datePublished":"2020-04-15T15:27:31+00:00","breadcrumb":{"@id":"https:\/\/prochaska.eu\/en\/produkt\/icocar-shuttle-62-3-0-lithium\/#breadcrumb"},"inLanguage":"en-US","potentialAction":[{"@type":"ReadAction","target":["https:\/\/prochaska.eu\/en\/produkt\/icocar-shuttle-62-3-0-lithium\/"]}]},{"@type":"ImageObject","inLanguage":"en-US","@id":"https:\/\/prochaska.eu\/en\/produkt\/icocar-shuttle-62-3-0-lithium\/#primaryimage","url":"https:\/\/prochaska.eu\/wp-content\/uploads\/2020\/04\/IcoCar-Shuttle-62-\u2013-3.0-LITHIUM_front.png","contentUrl":"https:\/\/prochaska.eu\/wp-content\/uploads\/2020\/04\/IcoCar-Shuttle-62-\u2013-3.0-LITHIUM_front.png","width":1000,"height":1000},{"@type":"BreadcrumbList","@id":"https:\/\/prochaska.eu\/en\/produkt\/icocar-shuttle-62-3-0-lithium\/#breadcrumb","itemListElement":[{"@type":"ListItem","position":1,"name":"Home","item":"https:\/\/prochaska.eu\/en\/"},{"@type":"ListItem","position":2,"name":"Shop","item":"https:\/\/prochaska.eu\/shop\/"},{"@type":"ListItem","position":3,"name":"IcoCar Shuttle 6+2 &#8211; 3.0 LITHIUM"}]},{"@type":"WebSite","@id":"https:\/\/prochaska.eu\/en\/#website","url":"https:\/\/prochaska.eu\/en\/","name":"Prochaska","description":"Spezialist f\u00fcr Pflege von Gr\u00fcnfl\u00e4chen","publisher":{"@id":"https:\/\/prochaska.eu\/en\/#organization"},"potentialAction":[{"@type":"SearchAction","target":{"@type":"EntryPoint","urlTemplate":"https:\/\/prochaska.eu\/en\/?s={search_term_string}"},"query-input":{"@type":"PropertyValueSpecification","valueRequired":true,"valueName":"search_term_string"}}],"inLanguage":"en-US"},{"@type":"Organization","@id":"https:\/\/prochaska.eu\/en\/#organization","name":"Prochaska","url":"https:\/\/prochaska.eu\/en\/","logo":{"@type":"ImageObject","inLanguage":"en-US","@id":"https:\/\/prochaska.eu\/en\/#\/schema\/logo\/image\/","url":"https:\/\/prochaska.eu\/wp-content\/uploads\/2024\/04\/Prochaska_Logo_Black-1.png","contentUrl":"https:\/\/prochaska.eu\/wp-content\/uploads\/2024\/04\/Prochaska_Logo_Black-1.png","width":796,"height":236,"caption":"Prochaska"},"image":{"@id":"https:\/\/prochaska.eu\/en\/#\/schema\/logo\/image\/"},"sameAs":["https:\/\/www.facebook.com\/prochaska.eu\/","https:\/\/www.instagram.com\/prochaska.eu\/","https:\/\/www.linkedin.com\/company\/prochaska-handels-gmbh"]}]}},"brands":[{"id":22,"name":"IcoCar","slug":"icocar"}],"_links":{"self":[{"href":"https:\/\/prochaska.eu\/en\/wp-json\/wp\/v2\/product\/26375","targetHints":{"allow":["GET"]}}],"collection":[{"href":"https:\/\/prochaska.eu\/en\/wp-json\/wp\/v2\/product"}],"about":[{"href":"https:\/\/prochaska.eu\/en\/wp-json\/wp\/v2\/types\/product"}],"version-history":[{"count":0,"href":"https:\/\/prochaska.eu\/en\/wp-json\/wp\/v2\/product\/26375\/revisions"}],"wp:featuredmedia":[{"embeddable":true,"href":"https:\/\/prochaska.eu\/en\/wp-json\/wp\/v2\/media\/27151"}],"wp:attachment":[{"href":"https:\/\/prochaska.eu\/en\/wp-json\/wp\/v2\/media?parent=26375"}],"wp:term":[{"taxonomy":"pwb-brand","embeddable":true,"href":"https:\/\/prochaska.eu\/en\/wp-json\/wp\/v2\/pwb-brand?post=26375"},{"taxonomy":"product_brand","embeddable":true,"href":"https:\/\/prochaska.eu\/en\/wp-json\/wp\/v2\/product_brand?post=26375"},{"taxonomy":"product_cat","embeddable":true,"href":"https:\/\/prochaska.eu\/en\/wp-json\/wp\/v2\/product_cat?post=26375"},{"taxonomy":"product_tag","embeddable":true,"href":"https:\/\/prochaska.eu\/en\/wp-json\/wp\/v2\/product_tag?post=26375"}],"curies":[{"name":"wp","href":"https:\/\/api.w.org\/{rel}","templated":true}]}}