{"id":26470,"date":"2020-08-10T10:42:05","date_gmt":"2020-08-10T10:42:05","guid":{"rendered":"https:\/\/prochaska.eu\/product\/toro-snow-blower-power-clear-6060-6075-60v-set-31853\/"},"modified":"2020-08-10T10:42:05","modified_gmt":"2020-08-10T10:42:05","slug":"toro-snow-blower-power-clear-6060-6075-60v-set-31853","status":"publish","type":"product","link":"https:\/\/prochaska.eu\/en\/produkt\/toro-snow-blower-power-clear-6060-6075-60v-set-31853\/","title":{"rendered":"TORO Snow blower &#8211; Power Clear 6060\/6075 &#8211; 60V- Set &#8211; 31853"},"content":{"rendered":"<p>The single-stage Power Clear 6060\/6075 snow blower from <a href=\"https:\/\/www.prochaska.eu\/toro\/\">TORO<\/a> is powered by a 60V battery (7.5Ah) and has a throwing range of up to 12 meters. The appliance is part of the new FLEX-FORCE POWER SYSTEM series from Toro and is particularly environmentally friendly. The clearing width is 53 cm and the clearing mechanism consists of a curved rotor with two blades. The device is operated with an All-Steel Power Edge rotor and has an ejection channel with a curved zip system. The device is suitable for concrete and asphalt surfaces and for snow depths from 1 to 30 cm.<\/p>\n<h2>THE TORO PACKAGE<\/h2>\n<p>Package 7 with 7.5 Ah battery:<\/p>\n<p>The <a href=\"https:\/\/www.prochaska.eu\/toro\/\">TORO<\/a> package includes a Toro Power Clear 6075 60V snow blower as well as a 7.5 Ah battery and a 60V charger. The capacity per minute with the 7.5 Ah battery is 150 m2, the charging time 180 minutes.<\/p>\n<h2>PRODUCT ADVANTAGES<\/h2>\n<ul>\n<li>Brushless motor 60V<\/li>\n<li>All-Steel Power Edge Rotor<\/li>\n<li>Patented Edge steel clearing auger for hard snow<\/li>\n<li>LED panoramic lighting for better visibility<\/li>\n<li>Cable holder to ensure that the cable does not come loose during use<\/li>\n<li>Simple control of the discharge chute with Quick Lever function<\/li>\n<\/ul>\n<h2>OPTIONAL ACCESSORIES<\/h2>\n<ul>\n<li>Battery 7.5 Ah (\u20ac 359.00)<\/li>\n<li>Charger (\u20ac 59.90)<\/li>\n<li><a href=\"https:\/\/www.prochaska.eu\/produkt\/schneefraesen-schutzabdeckung\/\">Cover (\u20ac 59,90)<\/a><\/li>\n<\/ul>\n","protected":false},"excerpt":{"rendered":"<p>The TORO Power Clear 6060\/6075 cordless snow blower is available as a set with a 6.0 Ah or 7.5 Ah battery and charger and can also remove hard or wet snow with ease.<\/p>\n","protected":false},"featured_media":21995,"template":"","meta":[],"pwb-brand":[3072],"product_brand":[],"product_cat":[2020,2019],"product_tag":[2025],"class_list":{"0":"post-26470","1":"product","2":"type-product","3":"status-publish","4":"has-post-thumbnail","6":"pwb-brand-toro-en","7":"product_cat-snow-blowers","8":"product_cat-winter-service","9":"product_tag-snow-blower","11":"first","12":"outofstock","13":"taxable","14":"shipping-taxable","15":"purchasable","16":"product-type-variable"},"yoast_head":"<!-- This site is optimized with the Yoast SEO plugin v27.4 - https:\/\/yoast.com\/product\/yoast-seo-wordpress\/ -->\n<title>TORO Snow blower - Power Clear 6060\/6075 - 60V- Set - 31853 - Prochaska<\/title>\n<meta name=\"robots\" content=\"index, follow, max-snippet:-1, max-image-preview:large, max-video-preview:-1\" \/>\n<link rel=\"canonical\" href=\"https:\/\/prochaska.eu\/en\/produkt\/toro-snow-blower-power-clear-6060-6075-60v-set-31853\/\" \/>\n<meta property=\"og:locale\" content=\"en_US\" \/>\n<meta property=\"og:type\" content=\"article\" \/>\n<meta property=\"og:title\" content=\"TORO Snow blower - Power Clear 6060\/6075 - 60V- Set - 31853 - Prochaska\" \/>\n<meta property=\"og:description\" content=\"The TORO Power Clear 6060\/6075 cordless snow blower is available as a set with a 6.0 Ah or 7.5 Ah battery and charger and can also remove hard or wet snow with ease.\" \/>\n<meta property=\"og:url\" content=\"https:\/\/prochaska.eu\/en\/produkt\/toro-snow-blower-power-clear-6060-6075-60v-set-31853\/\" \/>\n<meta property=\"og:site_name\" content=\"Prochaska\" \/>\n<meta property=\"article:publisher\" content=\"https:\/\/www.facebook.com\/prochaska.eu\/\" \/>\n<meta property=\"og:image\" content=\"https:\/\/prochaska.eu\/wp-content\/uploads\/2024\/06\/akku-schneefraese-toro-powerclear6060-6075-prochaska-set-b1.jpg\" \/>\n\t<meta property=\"og:image:width\" content=\"1440\" \/>\n\t<meta property=\"og:image:height\" content=\"1440\" \/>\n\t<meta property=\"og:image:type\" content=\"image\/jpeg\" \/>\n<meta name=\"twitter:card\" content=\"summary_large_image\" \/>\n<meta name=\"twitter:label1\" content=\"Est. reading time\" \/>\n\t<meta name=\"twitter:data1\" content=\"1 minute\" \/>\n<script type=\"application\/ld+json\" class=\"yoast-schema-graph\">{\"@context\":\"https:\\\/\\\/schema.org\",\"@graph\":[{\"@type\":\"WebPage\",\"@id\":\"https:\\\/\\\/prochaska.eu\\\/en\\\/produkt\\\/toro-snow-blower-power-clear-6060-6075-60v-set-31853\\\/\",\"url\":\"https:\\\/\\\/prochaska.eu\\\/en\\\/produkt\\\/toro-snow-blower-power-clear-6060-6075-60v-set-31853\\\/\",\"name\":\"TORO Snow blower - Power Clear 6060\\\/6075 - 60V- Set - 31853 - Prochaska\",\"isPartOf\":{\"@id\":\"https:\\\/\\\/prochaska.eu\\\/en\\\/#website\"},\"primaryImageOfPage\":{\"@id\":\"https:\\\/\\\/prochaska.eu\\\/en\\\/produkt\\\/toro-snow-blower-power-clear-6060-6075-60v-set-31853\\\/#primaryimage\"},\"image\":{\"@id\":\"https:\\\/\\\/prochaska.eu\\\/en\\\/produkt\\\/toro-snow-blower-power-clear-6060-6075-60v-set-31853\\\/#primaryimage\"},\"thumbnailUrl\":\"https:\\\/\\\/prochaska.eu\\\/wp-content\\\/uploads\\\/2024\\\/06\\\/akku-schneefraese-toro-powerclear6060-6075-prochaska-set-b1.jpg\",\"datePublished\":\"2020-08-10T10:42:05+00:00\",\"breadcrumb\":{\"@id\":\"https:\\\/\\\/prochaska.eu\\\/en\\\/produkt\\\/toro-snow-blower-power-clear-6060-6075-60v-set-31853\\\/#breadcrumb\"},\"inLanguage\":\"en-US\",\"potentialAction\":[{\"@type\":\"ReadAction\",\"target\":[\"https:\\\/\\\/prochaska.eu\\\/en\\\/produkt\\\/toro-snow-blower-power-clear-6060-6075-60v-set-31853\\\/\"]}]},{\"@type\":\"ImageObject\",\"inLanguage\":\"en-US\",\"@id\":\"https:\\\/\\\/prochaska.eu\\\/en\\\/produkt\\\/toro-snow-blower-power-clear-6060-6075-60v-set-31853\\\/#primaryimage\",\"url\":\"https:\\\/\\\/prochaska.eu\\\/wp-content\\\/uploads\\\/2024\\\/06\\\/akku-schneefraese-toro-powerclear6060-6075-prochaska-set-b1.jpg\",\"contentUrl\":\"https:\\\/\\\/prochaska.eu\\\/wp-content\\\/uploads\\\/2024\\\/06\\\/akku-schneefraese-toro-powerclear6060-6075-prochaska-set-b1.jpg\",\"width\":1440,\"height\":1440},{\"@type\":\"BreadcrumbList\",\"@id\":\"https:\\\/\\\/prochaska.eu\\\/en\\\/produkt\\\/toro-snow-blower-power-clear-6060-6075-60v-set-31853\\\/#breadcrumb\",\"itemListElement\":[{\"@type\":\"ListItem\",\"position\":1,\"name\":\"Home\",\"item\":\"https:\\\/\\\/prochaska.eu\\\/en\\\/\"},{\"@type\":\"ListItem\",\"position\":2,\"name\":\"Shop\",\"item\":\"https:\\\/\\\/prochaska.eu\\\/shop\\\/\"},{\"@type\":\"ListItem\",\"position\":3,\"name\":\"TORO Snow blower &#8211; Power Clear 6060\\\/6075 &#8211; 60V- Set &#8211; 31853\"}]},{\"@type\":\"WebSite\",\"@id\":\"https:\\\/\\\/prochaska.eu\\\/en\\\/#website\",\"url\":\"https:\\\/\\\/prochaska.eu\\\/en\\\/\",\"name\":\"Prochaska\",\"description\":\"Spezialist f\u00fcr Pflege von Gr\u00fcnfl\u00e4chen\",\"publisher\":{\"@id\":\"https:\\\/\\\/prochaska.eu\\\/en\\\/#organization\"},\"potentialAction\":[{\"@type\":\"SearchAction\",\"target\":{\"@type\":\"EntryPoint\",\"urlTemplate\":\"https:\\\/\\\/prochaska.eu\\\/en\\\/?s={search_term_string}\"},\"query-input\":{\"@type\":\"PropertyValueSpecification\",\"valueRequired\":true,\"valueName\":\"search_term_string\"}}],\"inLanguage\":\"en-US\"},{\"@type\":\"Organization\",\"@id\":\"https:\\\/\\\/prochaska.eu\\\/en\\\/#organization\",\"name\":\"Prochaska\",\"url\":\"https:\\\/\\\/prochaska.eu\\\/en\\\/\",\"logo\":{\"@type\":\"ImageObject\",\"inLanguage\":\"en-US\",\"@id\":\"https:\\\/\\\/prochaska.eu\\\/en\\\/#\\\/schema\\\/logo\\\/image\\\/\",\"url\":\"https:\\\/\\\/prochaska.eu\\\/wp-content\\\/uploads\\\/2024\\\/04\\\/Prochaska_Logo_Black-1.png\",\"contentUrl\":\"https:\\\/\\\/prochaska.eu\\\/wp-content\\\/uploads\\\/2024\\\/04\\\/Prochaska_Logo_Black-1.png\",\"width\":796,\"height\":236,\"caption\":\"Prochaska\"},\"image\":{\"@id\":\"https:\\\/\\\/prochaska.eu\\\/en\\\/#\\\/schema\\\/logo\\\/image\\\/\"},\"sameAs\":[\"https:\\\/\\\/www.facebook.com\\\/prochaska.eu\\\/\",\"https:\\\/\\\/www.instagram.com\\\/prochaska.eu\\\/\",\"https:\\\/\\\/www.linkedin.com\\\/company\\\/prochaska-handels-gmbh\"]}]}<\/script>\n<!-- \/ Yoast SEO plugin. -->","yoast_head_json":{"title":"TORO Snow blower - Power Clear 6060\/6075 - 60V- Set - 31853 - Prochaska","robots":{"index":"index","follow":"follow","max-snippet":"max-snippet:-1","max-image-preview":"max-image-preview:large","max-video-preview":"max-video-preview:-1"},"canonical":"https:\/\/prochaska.eu\/en\/produkt\/toro-snow-blower-power-clear-6060-6075-60v-set-31853\/","og_locale":"en_US","og_type":"article","og_title":"TORO Snow blower - Power Clear 6060\/6075 - 60V- Set - 31853 - Prochaska","og_description":"The TORO Power Clear 6060\/6075 cordless snow blower is available as a set with a 6.0 Ah or 7.5 Ah battery and charger and can also remove hard or wet snow with ease.","og_url":"https:\/\/prochaska.eu\/en\/produkt\/toro-snow-blower-power-clear-6060-6075-60v-set-31853\/","og_site_name":"Prochaska","article_publisher":"https:\/\/www.facebook.com\/prochaska.eu\/","og_image":[{"width":1440,"height":1440,"url":"https:\/\/prochaska.eu\/wp-content\/uploads\/2024\/06\/akku-schneefraese-toro-powerclear6060-6075-prochaska-set-b1.jpg","type":"image\/jpeg"}],"twitter_card":"summary_large_image","twitter_misc":{"Est. reading time":"1 minute"},"schema":{"@context":"https:\/\/schema.org","@graph":[{"@type":"WebPage","@id":"https:\/\/prochaska.eu\/en\/produkt\/toro-snow-blower-power-clear-6060-6075-60v-set-31853\/","url":"https:\/\/prochaska.eu\/en\/produkt\/toro-snow-blower-power-clear-6060-6075-60v-set-31853\/","name":"TORO Snow blower - Power Clear 6060\/6075 - 60V- Set - 31853 - Prochaska","isPartOf":{"@id":"https:\/\/prochaska.eu\/en\/#website"},"primaryImageOfPage":{"@id":"https:\/\/prochaska.eu\/en\/produkt\/toro-snow-blower-power-clear-6060-6075-60v-set-31853\/#primaryimage"},"image":{"@id":"https:\/\/prochaska.eu\/en\/produkt\/toro-snow-blower-power-clear-6060-6075-60v-set-31853\/#primaryimage"},"thumbnailUrl":"https:\/\/prochaska.eu\/wp-content\/uploads\/2024\/06\/akku-schneefraese-toro-powerclear6060-6075-prochaska-set-b1.jpg","datePublished":"2020-08-10T10:42:05+00:00","breadcrumb":{"@id":"https:\/\/prochaska.eu\/en\/produkt\/toro-snow-blower-power-clear-6060-6075-60v-set-31853\/#breadcrumb"},"inLanguage":"en-US","potentialAction":[{"@type":"ReadAction","target":["https:\/\/prochaska.eu\/en\/produkt\/toro-snow-blower-power-clear-6060-6075-60v-set-31853\/"]}]},{"@type":"ImageObject","inLanguage":"en-US","@id":"https:\/\/prochaska.eu\/en\/produkt\/toro-snow-blower-power-clear-6060-6075-60v-set-31853\/#primaryimage","url":"https:\/\/prochaska.eu\/wp-content\/uploads\/2024\/06\/akku-schneefraese-toro-powerclear6060-6075-prochaska-set-b1.jpg","contentUrl":"https:\/\/prochaska.eu\/wp-content\/uploads\/2024\/06\/akku-schneefraese-toro-powerclear6060-6075-prochaska-set-b1.jpg","width":1440,"height":1440},{"@type":"BreadcrumbList","@id":"https:\/\/prochaska.eu\/en\/produkt\/toro-snow-blower-power-clear-6060-6075-60v-set-31853\/#breadcrumb","itemListElement":[{"@type":"ListItem","position":1,"name":"Home","item":"https:\/\/prochaska.eu\/en\/"},{"@type":"ListItem","position":2,"name":"Shop","item":"https:\/\/prochaska.eu\/shop\/"},{"@type":"ListItem","position":3,"name":"TORO Snow blower &#8211; Power Clear 6060\/6075 &#8211; 60V- Set &#8211; 31853"}]},{"@type":"WebSite","@id":"https:\/\/prochaska.eu\/en\/#website","url":"https:\/\/prochaska.eu\/en\/","name":"Prochaska","description":"Spezialist f\u00fcr Pflege von Gr\u00fcnfl\u00e4chen","publisher":{"@id":"https:\/\/prochaska.eu\/en\/#organization"},"potentialAction":[{"@type":"SearchAction","target":{"@type":"EntryPoint","urlTemplate":"https:\/\/prochaska.eu\/en\/?s={search_term_string}"},"query-input":{"@type":"PropertyValueSpecification","valueRequired":true,"valueName":"search_term_string"}}],"inLanguage":"en-US"},{"@type":"Organization","@id":"https:\/\/prochaska.eu\/en\/#organization","name":"Prochaska","url":"https:\/\/prochaska.eu\/en\/","logo":{"@type":"ImageObject","inLanguage":"en-US","@id":"https:\/\/prochaska.eu\/en\/#\/schema\/logo\/image\/","url":"https:\/\/prochaska.eu\/wp-content\/uploads\/2024\/04\/Prochaska_Logo_Black-1.png","contentUrl":"https:\/\/prochaska.eu\/wp-content\/uploads\/2024\/04\/Prochaska_Logo_Black-1.png","width":796,"height":236,"caption":"Prochaska"},"image":{"@id":"https:\/\/prochaska.eu\/en\/#\/schema\/logo\/image\/"},"sameAs":["https:\/\/www.facebook.com\/prochaska.eu\/","https:\/\/www.instagram.com\/prochaska.eu\/","https:\/\/www.linkedin.com\/company\/prochaska-handels-gmbh"]}]}},"brands":[{"id":3072,"name":"Toro","slug":"toro-en"}],"_links":{"self":[{"href":"https:\/\/prochaska.eu\/en\/wp-json\/wp\/v2\/product\/26470","targetHints":{"allow":["GET"]}}],"collection":[{"href":"https:\/\/prochaska.eu\/en\/wp-json\/wp\/v2\/product"}],"about":[{"href":"https:\/\/prochaska.eu\/en\/wp-json\/wp\/v2\/types\/product"}],"version-history":[{"count":0,"href":"https:\/\/prochaska.eu\/en\/wp-json\/wp\/v2\/product\/26470\/revisions"}],"wp:featuredmedia":[{"embeddable":true,"href":"https:\/\/prochaska.eu\/en\/wp-json\/wp\/v2\/media\/21995"}],"wp:attachment":[{"href":"https:\/\/prochaska.eu\/en\/wp-json\/wp\/v2\/media?parent=26470"}],"wp:term":[{"taxonomy":"pwb-brand","embeddable":true,"href":"https:\/\/prochaska.eu\/en\/wp-json\/wp\/v2\/pwb-brand?post=26470"},{"taxonomy":"product_brand","embeddable":true,"href":"https:\/\/prochaska.eu\/en\/wp-json\/wp\/v2\/product_brand?post=26470"},{"taxonomy":"product_cat","embeddable":true,"href":"https:\/\/prochaska.eu\/en\/wp-json\/wp\/v2\/product_cat?post=26470"},{"taxonomy":"product_tag","embeddable":true,"href":"https:\/\/prochaska.eu\/en\/wp-json\/wp\/v2\/product_tag?post=26470"}],"curies":[{"name":"wp","href":"https:\/\/api.w.org\/{rel}","templated":true}]}}