{"id":26744,"date":"2024-06-28T07:52:52","date_gmt":"2024-06-28T07:52:52","guid":{"rendered":"https:\/\/prochaska.eu\/?post_type=product&#038;p=26744"},"modified":"2024-10-31T08:14:23","modified_gmt":"2024-10-31T08:14:23","slug":"icocar-sightseeing-bus-dn-14c-lithium","status":"publish","type":"product","link":"https:\/\/prochaska.eu\/en\/produkt\/icocar-sightseeing-bus-dn-14c-lithium\/","title":{"rendered":"IcoCar Sightseeing Bus DN-14C LITHIUM"},"content":{"rendered":"<p style=\"text-align: left;\">Prochaska&#8217;s <a href=\"https:\/\/www.prochaska.eu\/icocar\/\">IcoCars<\/a> are based on around 30 years of experience in the <a href=\"https:\/\/www.prochaska.eu\/produktkategorie\/golf-cars\/\">golf car<\/a> sector. The 2-seater luxury golf car Birdie 3.0 Senator LITHIUM is equipped with a maintenance-free, powerful 48-volt electric motor and a range of up to 80 kilometers at a top speed of max. 25 km\/h. High-quality workmanship, luxury features and a modern and innovative design make this model the non-plus-ultra on the fairway.<\/p>\n<h2 style=\"text-align: left;\"><strong>Electric:<\/strong> max. 25 km\/h<\/h2>\n<p style=\"text-align: left;\">Motor: 48V, alternating current, 4.0 kW (5.4 hp)<\/p>\n<p style=\"text-align: left;\">Battery: 2x 75Ah lithium LiFePO4 batteries with 5-year warranty<\/p>\n<p style=\"text-align: left;\">Range: approx. 80 kilometers<\/p>\n<p style=\"text-align: left;\">Charging time: approx. 4 hours<\/p>\n<h2 style=\"text-align: left;\">Equipment<\/h2>\n<ul>\n<li style=\"text-align: left;\">Built-in, automatic charger<\/li>\n<li>LED lighting system with daytime running lights, low beam, high beam, dynamic indicators, brake light<\/li>\n<li>Horn<\/li>\n<li>Rear wheel drum brakes \/ foot-operated parking brake<\/li>\n<li>Premium seats with decorative stitching<\/li>\n<li>Sun\/rain canopy with drainage<\/li>\n<li>Folding acrylic windshield<\/li>\n<li>Golf bag holder for 2 bags<\/li>\n<li>Sports steering wheel carbon design and scorecard clip<\/li>\n<li>Double USB port<\/li>\n<li>4 cup holders<\/li>\n<li>Golf ball &amp; tee holder<\/li>\n<\/ul>\n<h2 style=\"text-align: left;\">Included in the Senator package:<\/h2>\n<ul>\n<li style=\"text-align: left;\">Corrosion-free aluminum frame<\/li>\n<li style=\"text-align: left;\">12&#8243; alloy wheels with 215\/35-12 low-profile tires<\/li>\n<li style=\"text-align: left;\">7&#8243; LCD Color Display<\/li>\n<li style=\"text-align: left;\">Dashboard in carbon design<\/li>\n<li style=\"text-align: left;\">Automatic, electromagnetic parking brake<\/li>\n<li style=\"text-align: left;\">2 lockable glove compartments<\/li>\n<li style=\"text-align: left;\">Side mirror left\/right<\/li>\n<li style=\"text-align: left;\">Wide-angle rear-view mirror<\/li>\n<li style=\"text-align: left;\">Foldable golf bag cover<\/li>\n<li style=\"text-align: left;\">Cool box with ice pack<\/li>\n<li style=\"text-align: left;\">Ball &amp; club washer<\/li>\n<li style=\"text-align: left;\">Rear view camera<\/li>\n<\/ul>\n<h2 style=\"text-align: left;\">Optionally available<\/h2>\n<ul>\n<li style=\"text-align: left;\">10 km\/h Road typing<\/li>\n<li style=\"text-align: left;\">Waterproof cover<\/li>\n<li style=\"text-align: left;\">Sand bottle<\/li>\n<li style=\"text-align: left;\">Ashtray<\/li>\n<li style=\"text-align: left;\">GPS system for golf fleets of 10 cars or more<\/li>\n<\/ul>\n","protected":false},"excerpt":{"rendered":"<p>The luxurious Birdie 3.0 Senator LITHIUM golf car with unsurpassed technology and luxury features for the discerning golfer.<\/p>\n","protected":false},"featured_media":26747,"template":"","meta":[],"pwb-brand":[22],"product_brand":[],"product_cat":[1332,1361],"product_tag":[],"class_list":{"0":"post-26744","1":"product","2":"type-product","3":"status-publish","4":"has-post-thumbnail","6":"pwb-brand-icocar","7":"product_cat-e-cars-en","8":"product_cat-golf-cars-new-en","10":"first","11":"instock","12":"taxable","13":"shipping-taxable","14":"product-type-simple"},"yoast_head":"<!-- This site is optimized with the Yoast SEO plugin v27.4 - https:\/\/yoast.com\/product\/yoast-seo-wordpress\/ -->\n<title>IcoCar Sightseeing Bus DN-14C LITHIUM - Prochaska<\/title>\n<meta name=\"robots\" content=\"index, follow, max-snippet:-1, max-image-preview:large, max-video-preview:-1\" \/>\n<link rel=\"canonical\" href=\"https:\/\/prochaska.eu\/en\/produkt\/icocar-sightseeing-bus-dn-14c-lithium\/\" \/>\n<meta property=\"og:locale\" content=\"en_US\" \/>\n<meta property=\"og:type\" content=\"article\" \/>\n<meta property=\"og:title\" content=\"IcoCar Sightseeing Bus DN-14C LITHIUM - Prochaska\" \/>\n<meta property=\"og:description\" content=\"The luxurious Birdie 3.0 Senator LITHIUM golf car with unsurpassed technology and luxury features for the discerning golfer.\" \/>\n<meta property=\"og:url\" content=\"https:\/\/prochaska.eu\/en\/produkt\/icocar-sightseeing-bus-dn-14c-lithium\/\" \/>\n<meta property=\"og:site_name\" content=\"Prochaska\" \/>\n<meta property=\"article:publisher\" content=\"https:\/\/www.facebook.com\/prochaska.eu\/\" \/>\n<meta property=\"article:modified_time\" content=\"2024-10-31T08:14:23+00:00\" \/>\n<meta property=\"og:image\" content=\"https:\/\/prochaska.eu\/wp-content\/uploads\/2024\/06\/IcoCar-Sightseeing-Bus-DN-14C-Lithium.png\" \/>\n\t<meta property=\"og:image:width\" content=\"1000\" \/>\n\t<meta property=\"og:image:height\" content=\"1000\" \/>\n\t<meta property=\"og:image:type\" content=\"image\/png\" \/>\n<meta name=\"twitter:card\" content=\"summary_large_image\" \/>\n<meta name=\"twitter:label1\" content=\"Est. reading time\" \/>\n\t<meta name=\"twitter:data1\" content=\"2 minutes\" \/>\n<script type=\"application\/ld+json\" class=\"yoast-schema-graph\">{\"@context\":\"https:\\\/\\\/schema.org\",\"@graph\":[{\"@type\":\"WebPage\",\"@id\":\"https:\\\/\\\/prochaska.eu\\\/en\\\/produkt\\\/icocar-sightseeing-bus-dn-14c-lithium\\\/\",\"url\":\"https:\\\/\\\/prochaska.eu\\\/en\\\/produkt\\\/icocar-sightseeing-bus-dn-14c-lithium\\\/\",\"name\":\"IcoCar Sightseeing Bus DN-14C LITHIUM - Prochaska\",\"isPartOf\":{\"@id\":\"https:\\\/\\\/prochaska.eu\\\/en\\\/#website\"},\"primaryImageOfPage\":{\"@id\":\"https:\\\/\\\/prochaska.eu\\\/en\\\/produkt\\\/icocar-sightseeing-bus-dn-14c-lithium\\\/#primaryimage\"},\"image\":{\"@id\":\"https:\\\/\\\/prochaska.eu\\\/en\\\/produkt\\\/icocar-sightseeing-bus-dn-14c-lithium\\\/#primaryimage\"},\"thumbnailUrl\":\"https:\\\/\\\/prochaska.eu\\\/wp-content\\\/uploads\\\/2024\\\/06\\\/IcoCar-Sightseeing-Bus-DN-14C-Lithium.png\",\"datePublished\":\"2024-06-28T07:52:52+00:00\",\"dateModified\":\"2024-10-31T08:14:23+00:00\",\"breadcrumb\":{\"@id\":\"https:\\\/\\\/prochaska.eu\\\/en\\\/produkt\\\/icocar-sightseeing-bus-dn-14c-lithium\\\/#breadcrumb\"},\"inLanguage\":\"en-US\",\"potentialAction\":[{\"@type\":\"ReadAction\",\"target\":[\"https:\\\/\\\/prochaska.eu\\\/en\\\/produkt\\\/icocar-sightseeing-bus-dn-14c-lithium\\\/\"]}]},{\"@type\":\"ImageObject\",\"inLanguage\":\"en-US\",\"@id\":\"https:\\\/\\\/prochaska.eu\\\/en\\\/produkt\\\/icocar-sightseeing-bus-dn-14c-lithium\\\/#primaryimage\",\"url\":\"https:\\\/\\\/prochaska.eu\\\/wp-content\\\/uploads\\\/2024\\\/06\\\/IcoCar-Sightseeing-Bus-DN-14C-Lithium.png\",\"contentUrl\":\"https:\\\/\\\/prochaska.eu\\\/wp-content\\\/uploads\\\/2024\\\/06\\\/IcoCar-Sightseeing-Bus-DN-14C-Lithium.png\",\"width\":1000,\"height\":1000},{\"@type\":\"BreadcrumbList\",\"@id\":\"https:\\\/\\\/prochaska.eu\\\/en\\\/produkt\\\/icocar-sightseeing-bus-dn-14c-lithium\\\/#breadcrumb\",\"itemListElement\":[{\"@type\":\"ListItem\",\"position\":1,\"name\":\"Home\",\"item\":\"https:\\\/\\\/prochaska.eu\\\/en\\\/\"},{\"@type\":\"ListItem\",\"position\":2,\"name\":\"Shop\",\"item\":\"https:\\\/\\\/prochaska.eu\\\/shop\\\/\"},{\"@type\":\"ListItem\",\"position\":3,\"name\":\"IcoCar Sightseeing Bus DN-14C LITHIUM\"}]},{\"@type\":\"WebSite\",\"@id\":\"https:\\\/\\\/prochaska.eu\\\/en\\\/#website\",\"url\":\"https:\\\/\\\/prochaska.eu\\\/en\\\/\",\"name\":\"Prochaska\",\"description\":\"Spezialist f\u00fcr Pflege von Gr\u00fcnfl\u00e4chen\",\"publisher\":{\"@id\":\"https:\\\/\\\/prochaska.eu\\\/en\\\/#organization\"},\"potentialAction\":[{\"@type\":\"SearchAction\",\"target\":{\"@type\":\"EntryPoint\",\"urlTemplate\":\"https:\\\/\\\/prochaska.eu\\\/en\\\/?s={search_term_string}\"},\"query-input\":{\"@type\":\"PropertyValueSpecification\",\"valueRequired\":true,\"valueName\":\"search_term_string\"}}],\"inLanguage\":\"en-US\"},{\"@type\":\"Organization\",\"@id\":\"https:\\\/\\\/prochaska.eu\\\/en\\\/#organization\",\"name\":\"Prochaska\",\"url\":\"https:\\\/\\\/prochaska.eu\\\/en\\\/\",\"logo\":{\"@type\":\"ImageObject\",\"inLanguage\":\"en-US\",\"@id\":\"https:\\\/\\\/prochaska.eu\\\/en\\\/#\\\/schema\\\/logo\\\/image\\\/\",\"url\":\"https:\\\/\\\/prochaska.eu\\\/wp-content\\\/uploads\\\/2024\\\/04\\\/Prochaska_Logo_Black-1.png\",\"contentUrl\":\"https:\\\/\\\/prochaska.eu\\\/wp-content\\\/uploads\\\/2024\\\/04\\\/Prochaska_Logo_Black-1.png\",\"width\":796,\"height\":236,\"caption\":\"Prochaska\"},\"image\":{\"@id\":\"https:\\\/\\\/prochaska.eu\\\/en\\\/#\\\/schema\\\/logo\\\/image\\\/\"},\"sameAs\":[\"https:\\\/\\\/www.facebook.com\\\/prochaska.eu\\\/\",\"https:\\\/\\\/www.instagram.com\\\/prochaska.eu\\\/\",\"https:\\\/\\\/www.linkedin.com\\\/company\\\/prochaska-handels-gmbh\"]}]}<\/script>\n<!-- \/ Yoast SEO plugin. -->","yoast_head_json":{"title":"IcoCar Sightseeing Bus DN-14C LITHIUM - Prochaska","robots":{"index":"index","follow":"follow","max-snippet":"max-snippet:-1","max-image-preview":"max-image-preview:large","max-video-preview":"max-video-preview:-1"},"canonical":"https:\/\/prochaska.eu\/en\/produkt\/icocar-sightseeing-bus-dn-14c-lithium\/","og_locale":"en_US","og_type":"article","og_title":"IcoCar Sightseeing Bus DN-14C LITHIUM - Prochaska","og_description":"The luxurious Birdie 3.0 Senator LITHIUM golf car with unsurpassed technology and luxury features for the discerning golfer.","og_url":"https:\/\/prochaska.eu\/en\/produkt\/icocar-sightseeing-bus-dn-14c-lithium\/","og_site_name":"Prochaska","article_publisher":"https:\/\/www.facebook.com\/prochaska.eu\/","article_modified_time":"2024-10-31T08:14:23+00:00","og_image":[{"width":1000,"height":1000,"url":"https:\/\/prochaska.eu\/wp-content\/uploads\/2024\/06\/IcoCar-Sightseeing-Bus-DN-14C-Lithium.png","type":"image\/png"}],"twitter_card":"summary_large_image","twitter_misc":{"Est. reading time":"2 minutes"},"schema":{"@context":"https:\/\/schema.org","@graph":[{"@type":"WebPage","@id":"https:\/\/prochaska.eu\/en\/produkt\/icocar-sightseeing-bus-dn-14c-lithium\/","url":"https:\/\/prochaska.eu\/en\/produkt\/icocar-sightseeing-bus-dn-14c-lithium\/","name":"IcoCar Sightseeing Bus DN-14C LITHIUM - Prochaska","isPartOf":{"@id":"https:\/\/prochaska.eu\/en\/#website"},"primaryImageOfPage":{"@id":"https:\/\/prochaska.eu\/en\/produkt\/icocar-sightseeing-bus-dn-14c-lithium\/#primaryimage"},"image":{"@id":"https:\/\/prochaska.eu\/en\/produkt\/icocar-sightseeing-bus-dn-14c-lithium\/#primaryimage"},"thumbnailUrl":"https:\/\/prochaska.eu\/wp-content\/uploads\/2024\/06\/IcoCar-Sightseeing-Bus-DN-14C-Lithium.png","datePublished":"2024-06-28T07:52:52+00:00","dateModified":"2024-10-31T08:14:23+00:00","breadcrumb":{"@id":"https:\/\/prochaska.eu\/en\/produkt\/icocar-sightseeing-bus-dn-14c-lithium\/#breadcrumb"},"inLanguage":"en-US","potentialAction":[{"@type":"ReadAction","target":["https:\/\/prochaska.eu\/en\/produkt\/icocar-sightseeing-bus-dn-14c-lithium\/"]}]},{"@type":"ImageObject","inLanguage":"en-US","@id":"https:\/\/prochaska.eu\/en\/produkt\/icocar-sightseeing-bus-dn-14c-lithium\/#primaryimage","url":"https:\/\/prochaska.eu\/wp-content\/uploads\/2024\/06\/IcoCar-Sightseeing-Bus-DN-14C-Lithium.png","contentUrl":"https:\/\/prochaska.eu\/wp-content\/uploads\/2024\/06\/IcoCar-Sightseeing-Bus-DN-14C-Lithium.png","width":1000,"height":1000},{"@type":"BreadcrumbList","@id":"https:\/\/prochaska.eu\/en\/produkt\/icocar-sightseeing-bus-dn-14c-lithium\/#breadcrumb","itemListElement":[{"@type":"ListItem","position":1,"name":"Home","item":"https:\/\/prochaska.eu\/en\/"},{"@type":"ListItem","position":2,"name":"Shop","item":"https:\/\/prochaska.eu\/shop\/"},{"@type":"ListItem","position":3,"name":"IcoCar Sightseeing Bus DN-14C LITHIUM"}]},{"@type":"WebSite","@id":"https:\/\/prochaska.eu\/en\/#website","url":"https:\/\/prochaska.eu\/en\/","name":"Prochaska","description":"Spezialist f\u00fcr Pflege von Gr\u00fcnfl\u00e4chen","publisher":{"@id":"https:\/\/prochaska.eu\/en\/#organization"},"potentialAction":[{"@type":"SearchAction","target":{"@type":"EntryPoint","urlTemplate":"https:\/\/prochaska.eu\/en\/?s={search_term_string}"},"query-input":{"@type":"PropertyValueSpecification","valueRequired":true,"valueName":"search_term_string"}}],"inLanguage":"en-US"},{"@type":"Organization","@id":"https:\/\/prochaska.eu\/en\/#organization","name":"Prochaska","url":"https:\/\/prochaska.eu\/en\/","logo":{"@type":"ImageObject","inLanguage":"en-US","@id":"https:\/\/prochaska.eu\/en\/#\/schema\/logo\/image\/","url":"https:\/\/prochaska.eu\/wp-content\/uploads\/2024\/04\/Prochaska_Logo_Black-1.png","contentUrl":"https:\/\/prochaska.eu\/wp-content\/uploads\/2024\/04\/Prochaska_Logo_Black-1.png","width":796,"height":236,"caption":"Prochaska"},"image":{"@id":"https:\/\/prochaska.eu\/en\/#\/schema\/logo\/image\/"},"sameAs":["https:\/\/www.facebook.com\/prochaska.eu\/","https:\/\/www.instagram.com\/prochaska.eu\/","https:\/\/www.linkedin.com\/company\/prochaska-handels-gmbh"]}]}},"brands":[{"id":22,"name":"IcoCar","slug":"icocar"}],"_links":{"self":[{"href":"https:\/\/prochaska.eu\/en\/wp-json\/wp\/v2\/product\/26744","targetHints":{"allow":["GET"]}}],"collection":[{"href":"https:\/\/prochaska.eu\/en\/wp-json\/wp\/v2\/product"}],"about":[{"href":"https:\/\/prochaska.eu\/en\/wp-json\/wp\/v2\/types\/product"}],"version-history":[{"count":0,"href":"https:\/\/prochaska.eu\/en\/wp-json\/wp\/v2\/product\/26744\/revisions"}],"wp:featuredmedia":[{"embeddable":true,"href":"https:\/\/prochaska.eu\/en\/wp-json\/wp\/v2\/media\/26747"}],"wp:attachment":[{"href":"https:\/\/prochaska.eu\/en\/wp-json\/wp\/v2\/media?parent=26744"}],"wp:term":[{"taxonomy":"pwb-brand","embeddable":true,"href":"https:\/\/prochaska.eu\/en\/wp-json\/wp\/v2\/pwb-brand?post=26744"},{"taxonomy":"product_brand","embeddable":true,"href":"https:\/\/prochaska.eu\/en\/wp-json\/wp\/v2\/product_brand?post=26744"},{"taxonomy":"product_cat","embeddable":true,"href":"https:\/\/prochaska.eu\/en\/wp-json\/wp\/v2\/product_cat?post=26744"},{"taxonomy":"product_tag","embeddable":true,"href":"https:\/\/prochaska.eu\/en\/wp-json\/wp\/v2\/product_tag?post=26744"}],"curies":[{"name":"wp","href":"https:\/\/api.w.org\/{rel}","templated":true}]}}