{"id":27359,"date":"2024-07-08T12:58:51","date_gmt":"2024-07-08T12:58:51","guid":{"rendered":"https:\/\/prochaska.eu\/?post_type=product&#038;p=27359"},"modified":"2025-04-30T08:12:13","modified_gmt":"2025-04-30T08:12:13","slug":"toro-siteworks-brush-cutter-brc28-23522-2","status":"publish","type":"product","link":"https:\/\/prochaska.eu\/en\/produkt\/toro-siteworks-brush-cutter-brc28-23522-2\/","title":{"rendered":"Toro &#8211; Siteworks &#8211; Brush cutter &#8211; BRC28 &#8211; 23522"},"content":{"rendered":"<p style=\"text-align: left;\">The BRC28 brush cutter from Toro, model 23522, is one of Toro&#8217;s green space renovation machines and has a cutting width of 71 cm and a hydraulic drive. The versatile machine is ideal for rental. With the brush cutter, professional users can easily mow down bushes, tall weeds, young shoots and dense vegetation. The mower has a swivel mower deck and can shred bushes up to two meters and young shoots up to 5 cm in diameter.<\/p>\n<h2 style=\"text-align: left;\">The product benefits<\/h2>\n<ul style=\"text-align: left;\">\n<li>The large fuel tank and the 71 cm mower deck increase the user&#8217;s productivity<\/li>\n<li style=\"text-align: left;\">The flail blade is suitable for the most difficult conditions<\/li>\n<li>The pivoting mower deck facilitates maneuvering on uneven terrain<\/li>\n<li>Operating hours counter to remind you of necessary maintenance work<\/li>\n<li>Outstanding product design with robust steel mower deck, spindle shaft (6cm) and belt pulleys<\/li>\n<li>Aggressive tire treads filled with sealant for effective propulsion<\/li>\n<li>Improved design of the electromagnetic clutch<\/li>\n<li>Simple, intuitive drive levers<\/li>\n<li>Two-stage blade activation and parking brake for improved operability<\/li>\n<li>Maneuvering with one-handed control element in forward and reverse direction<\/li>\n<\/ul>\n<h2 style=\"text-align: left;\">The product data sheet<\/h2>\n<p style=\"text-align: left;\">You can find more information about the product in the <a href=\"https:\/\/www.prochaska.eu\/wp-content\/uploads\/2020\/05\/200-7758_Brush-Cutter_SS_DE.pdf\">&gt;&gt; product data sheet &lt;&lt;<\/a> for the BRC 28 model.<\/p>\n<p>&nbsp;<\/p>\n<p><iframe title=\"Brush Cutter\" width=\"800\" height=\"450\" src=\"https:\/\/www.youtube.com\/embed\/ph7TeGzHcis?feature=oembed\" frameborder=\"0\" allow=\"accelerometer; autoplay; clipboard-write; encrypted-media; gyroscope; picture-in-picture; web-share\" referrerpolicy=\"strict-origin-when-cross-origin\" allowfullscreen><\/iframe><\/p>\n<p>&nbsp;<\/p>\n","protected":false},"excerpt":{"rendered":"<p>The Toro brush cutter BRC 28 has a cutting width of 71 cm and is ideal for rental.<\/p>\n","protected":false},"featured_media":27362,"template":"","meta":[],"pwb-brand":[3072],"product_brand":[],"product_cat":[1506,2682],"product_tag":[],"class_list":{"0":"post-27359","1":"product","2":"type-product","3":"status-publish","4":"has-post-thumbnail","6":"pwb-brand-toro-en","7":"product_cat-municipal-sports-fields-agriculture","8":"product_cat-siteworks-en","10":"first","11":"instock","12":"taxable","13":"shipping-taxable","14":"product-type-simple"},"yoast_head":"<!-- This site is optimized with the Yoast SEO plugin v27.2 - https:\/\/yoast.com\/product\/yoast-seo-wordpress\/ -->\n<title>Toro - Siteworks - Brush cutter - BRC28 - 23522 - Prochaska<\/title>\n<meta name=\"robots\" content=\"index, follow, max-snippet:-1, max-image-preview:large, max-video-preview:-1\" \/>\n<link rel=\"canonical\" href=\"https:\/\/prochaska.eu\/en\/produkt\/toro-siteworks-brush-cutter-brc28-23522-2\/\" \/>\n<meta property=\"og:locale\" content=\"en_US\" \/>\n<meta property=\"og:type\" content=\"article\" \/>\n<meta property=\"og:title\" content=\"Toro - Siteworks - Brush cutter - BRC28 - 23522 - Prochaska\" \/>\n<meta property=\"og:description\" content=\"The Toro brush cutter BRC 28 has a cutting width of 71 cm and is ideal for rental.\" \/>\n<meta property=\"og:url\" content=\"https:\/\/prochaska.eu\/en\/produkt\/toro-siteworks-brush-cutter-brc28-23522-2\/\" \/>\n<meta property=\"og:site_name\" content=\"Prochaska\" \/>\n<meta property=\"article:publisher\" content=\"https:\/\/www.facebook.com\/prochaska.eu\/\" \/>\n<meta property=\"article:modified_time\" content=\"2025-04-30T08:12:13+00:00\" \/>\n<meta property=\"og:image\" content=\"https:\/\/prochaska.eu\/wp-content\/uploads\/2024\/07\/Dingo-TX1300-22370.png\" \/>\n\t<meta property=\"og:image:width\" content=\"1000\" \/>\n\t<meta property=\"og:image:height\" content=\"1000\" \/>\n\t<meta property=\"og:image:type\" content=\"image\/png\" \/>\n<meta name=\"twitter:card\" content=\"summary_large_image\" \/>\n<meta name=\"twitter:label1\" content=\"Est. reading time\" \/>\n\t<meta name=\"twitter:data1\" content=\"2 minutes\" \/>\n<script type=\"application\/ld+json\" class=\"yoast-schema-graph\">{\"@context\":\"https:\/\/schema.org\",\"@graph\":[{\"@type\":\"WebPage\",\"@id\":\"https:\/\/prochaska.eu\/en\/produkt\/toro-siteworks-brush-cutter-brc28-23522-2\/\",\"url\":\"https:\/\/prochaska.eu\/en\/produkt\/toro-siteworks-brush-cutter-brc28-23522-2\/\",\"name\":\"Toro - Siteworks - Brush cutter - BRC28 - 23522 - Prochaska\",\"isPartOf\":{\"@id\":\"https:\/\/prochaska.eu\/en\/#website\"},\"primaryImageOfPage\":{\"@id\":\"https:\/\/prochaska.eu\/en\/produkt\/toro-siteworks-brush-cutter-brc28-23522-2\/#primaryimage\"},\"image\":{\"@id\":\"https:\/\/prochaska.eu\/en\/produkt\/toro-siteworks-brush-cutter-brc28-23522-2\/#primaryimage\"},\"thumbnailUrl\":\"https:\/\/prochaska.eu\/wp-content\/uploads\/2024\/07\/Dingo-TX1300-22370.png\",\"datePublished\":\"2024-07-08T12:58:51+00:00\",\"dateModified\":\"2025-04-30T08:12:13+00:00\",\"breadcrumb\":{\"@id\":\"https:\/\/prochaska.eu\/en\/produkt\/toro-siteworks-brush-cutter-brc28-23522-2\/#breadcrumb\"},\"inLanguage\":\"en-US\",\"potentialAction\":[{\"@type\":\"ReadAction\",\"target\":[\"https:\/\/prochaska.eu\/en\/produkt\/toro-siteworks-brush-cutter-brc28-23522-2\/\"]}]},{\"@type\":\"ImageObject\",\"inLanguage\":\"en-US\",\"@id\":\"https:\/\/prochaska.eu\/en\/produkt\/toro-siteworks-brush-cutter-brc28-23522-2\/#primaryimage\",\"url\":\"https:\/\/prochaska.eu\/wp-content\/uploads\/2024\/07\/Dingo-TX1300-22370.png\",\"contentUrl\":\"https:\/\/prochaska.eu\/wp-content\/uploads\/2024\/07\/Dingo-TX1300-22370.png\",\"width\":1000,\"height\":1000},{\"@type\":\"BreadcrumbList\",\"@id\":\"https:\/\/prochaska.eu\/en\/produkt\/toro-siteworks-brush-cutter-brc28-23522-2\/#breadcrumb\",\"itemListElement\":[{\"@type\":\"ListItem\",\"position\":1,\"name\":\"Home\",\"item\":\"https:\/\/prochaska.eu\/en\/\"},{\"@type\":\"ListItem\",\"position\":2,\"name\":\"Shop\",\"item\":\"https:\/\/prochaska.eu\/shop\/\"},{\"@type\":\"ListItem\",\"position\":3,\"name\":\"Toro &#8211; Siteworks &#8211; Brush cutter &#8211; BRC28 &#8211; 23522\"}]},{\"@type\":\"WebSite\",\"@id\":\"https:\/\/prochaska.eu\/en\/#website\",\"url\":\"https:\/\/prochaska.eu\/en\/\",\"name\":\"Prochaska\",\"description\":\"Spezialist f\u00fcr Pflege von Gr\u00fcnfl\u00e4chen\",\"publisher\":{\"@id\":\"https:\/\/prochaska.eu\/en\/#organization\"},\"potentialAction\":[{\"@type\":\"SearchAction\",\"target\":{\"@type\":\"EntryPoint\",\"urlTemplate\":\"https:\/\/prochaska.eu\/en\/?s={search_term_string}\"},\"query-input\":{\"@type\":\"PropertyValueSpecification\",\"valueRequired\":true,\"valueName\":\"search_term_string\"}}],\"inLanguage\":\"en-US\"},{\"@type\":\"Organization\",\"@id\":\"https:\/\/prochaska.eu\/en\/#organization\",\"name\":\"Prochaska\",\"url\":\"https:\/\/prochaska.eu\/en\/\",\"logo\":{\"@type\":\"ImageObject\",\"inLanguage\":\"en-US\",\"@id\":\"https:\/\/prochaska.eu\/en\/#\/schema\/logo\/image\/\",\"url\":\"https:\/\/prochaska.eu\/wp-content\/uploads\/2024\/04\/Prochaska_Logo_Black-1.png\",\"contentUrl\":\"https:\/\/prochaska.eu\/wp-content\/uploads\/2024\/04\/Prochaska_Logo_Black-1.png\",\"width\":796,\"height\":236,\"caption\":\"Prochaska\"},\"image\":{\"@id\":\"https:\/\/prochaska.eu\/en\/#\/schema\/logo\/image\/\"},\"sameAs\":[\"https:\/\/www.facebook.com\/prochaska.eu\/\",\"https:\/\/www.instagram.com\/prochaska.eu\/\",\"https:\/\/www.linkedin.com\/company\/prochaska-handels-gmbh\"]}]}<\/script>\n<!-- \/ Yoast SEO plugin. -->","yoast_head_json":{"title":"Toro - Siteworks - Brush cutter - BRC28 - 23522 - Prochaska","robots":{"index":"index","follow":"follow","max-snippet":"max-snippet:-1","max-image-preview":"max-image-preview:large","max-video-preview":"max-video-preview:-1"},"canonical":"https:\/\/prochaska.eu\/en\/produkt\/toro-siteworks-brush-cutter-brc28-23522-2\/","og_locale":"en_US","og_type":"article","og_title":"Toro - Siteworks - Brush cutter - BRC28 - 23522 - Prochaska","og_description":"The Toro brush cutter BRC 28 has a cutting width of 71 cm and is ideal for rental.","og_url":"https:\/\/prochaska.eu\/en\/produkt\/toro-siteworks-brush-cutter-brc28-23522-2\/","og_site_name":"Prochaska","article_publisher":"https:\/\/www.facebook.com\/prochaska.eu\/","article_modified_time":"2025-04-30T08:12:13+00:00","og_image":[{"width":1000,"height":1000,"url":"https:\/\/prochaska.eu\/wp-content\/uploads\/2024\/07\/Dingo-TX1300-22370.png","type":"image\/png"}],"twitter_card":"summary_large_image","twitter_misc":{"Est. reading time":"2 minutes"},"schema":{"@context":"https:\/\/schema.org","@graph":[{"@type":"WebPage","@id":"https:\/\/prochaska.eu\/en\/produkt\/toro-siteworks-brush-cutter-brc28-23522-2\/","url":"https:\/\/prochaska.eu\/en\/produkt\/toro-siteworks-brush-cutter-brc28-23522-2\/","name":"Toro - Siteworks - Brush cutter - BRC28 - 23522 - Prochaska","isPartOf":{"@id":"https:\/\/prochaska.eu\/en\/#website"},"primaryImageOfPage":{"@id":"https:\/\/prochaska.eu\/en\/produkt\/toro-siteworks-brush-cutter-brc28-23522-2\/#primaryimage"},"image":{"@id":"https:\/\/prochaska.eu\/en\/produkt\/toro-siteworks-brush-cutter-brc28-23522-2\/#primaryimage"},"thumbnailUrl":"https:\/\/prochaska.eu\/wp-content\/uploads\/2024\/07\/Dingo-TX1300-22370.png","datePublished":"2024-07-08T12:58:51+00:00","dateModified":"2025-04-30T08:12:13+00:00","breadcrumb":{"@id":"https:\/\/prochaska.eu\/en\/produkt\/toro-siteworks-brush-cutter-brc28-23522-2\/#breadcrumb"},"inLanguage":"en-US","potentialAction":[{"@type":"ReadAction","target":["https:\/\/prochaska.eu\/en\/produkt\/toro-siteworks-brush-cutter-brc28-23522-2\/"]}]},{"@type":"ImageObject","inLanguage":"en-US","@id":"https:\/\/prochaska.eu\/en\/produkt\/toro-siteworks-brush-cutter-brc28-23522-2\/#primaryimage","url":"https:\/\/prochaska.eu\/wp-content\/uploads\/2024\/07\/Dingo-TX1300-22370.png","contentUrl":"https:\/\/prochaska.eu\/wp-content\/uploads\/2024\/07\/Dingo-TX1300-22370.png","width":1000,"height":1000},{"@type":"BreadcrumbList","@id":"https:\/\/prochaska.eu\/en\/produkt\/toro-siteworks-brush-cutter-brc28-23522-2\/#breadcrumb","itemListElement":[{"@type":"ListItem","position":1,"name":"Home","item":"https:\/\/prochaska.eu\/en\/"},{"@type":"ListItem","position":2,"name":"Shop","item":"https:\/\/prochaska.eu\/shop\/"},{"@type":"ListItem","position":3,"name":"Toro &#8211; Siteworks &#8211; Brush cutter &#8211; BRC28 &#8211; 23522"}]},{"@type":"WebSite","@id":"https:\/\/prochaska.eu\/en\/#website","url":"https:\/\/prochaska.eu\/en\/","name":"Prochaska","description":"Spezialist f\u00fcr Pflege von Gr\u00fcnfl\u00e4chen","publisher":{"@id":"https:\/\/prochaska.eu\/en\/#organization"},"potentialAction":[{"@type":"SearchAction","target":{"@type":"EntryPoint","urlTemplate":"https:\/\/prochaska.eu\/en\/?s={search_term_string}"},"query-input":{"@type":"PropertyValueSpecification","valueRequired":true,"valueName":"search_term_string"}}],"inLanguage":"en-US"},{"@type":"Organization","@id":"https:\/\/prochaska.eu\/en\/#organization","name":"Prochaska","url":"https:\/\/prochaska.eu\/en\/","logo":{"@type":"ImageObject","inLanguage":"en-US","@id":"https:\/\/prochaska.eu\/en\/#\/schema\/logo\/image\/","url":"https:\/\/prochaska.eu\/wp-content\/uploads\/2024\/04\/Prochaska_Logo_Black-1.png","contentUrl":"https:\/\/prochaska.eu\/wp-content\/uploads\/2024\/04\/Prochaska_Logo_Black-1.png","width":796,"height":236,"caption":"Prochaska"},"image":{"@id":"https:\/\/prochaska.eu\/en\/#\/schema\/logo\/image\/"},"sameAs":["https:\/\/www.facebook.com\/prochaska.eu\/","https:\/\/www.instagram.com\/prochaska.eu\/","https:\/\/www.linkedin.com\/company\/prochaska-handels-gmbh"]}]}},"brands":[{"id":3072,"name":"Toro","slug":"toro-en"}],"_links":{"self":[{"href":"https:\/\/prochaska.eu\/en\/wp-json\/wp\/v2\/product\/27359","targetHints":{"allow":["GET"]}}],"collection":[{"href":"https:\/\/prochaska.eu\/en\/wp-json\/wp\/v2\/product"}],"about":[{"href":"https:\/\/prochaska.eu\/en\/wp-json\/wp\/v2\/types\/product"}],"version-history":[{"count":0,"href":"https:\/\/prochaska.eu\/en\/wp-json\/wp\/v2\/product\/27359\/revisions"}],"wp:featuredmedia":[{"embeddable":true,"href":"https:\/\/prochaska.eu\/en\/wp-json\/wp\/v2\/media\/27362"}],"wp:attachment":[{"href":"https:\/\/prochaska.eu\/en\/wp-json\/wp\/v2\/media?parent=27359"}],"wp:term":[{"taxonomy":"pwb-brand","embeddable":true,"href":"https:\/\/prochaska.eu\/en\/wp-json\/wp\/v2\/pwb-brand?post=27359"},{"taxonomy":"product_brand","embeddable":true,"href":"https:\/\/prochaska.eu\/en\/wp-json\/wp\/v2\/product_brand?post=27359"},{"taxonomy":"product_cat","embeddable":true,"href":"https:\/\/prochaska.eu\/en\/wp-json\/wp\/v2\/product_cat?post=27359"},{"taxonomy":"product_tag","embeddable":true,"href":"https:\/\/prochaska.eu\/en\/wp-json\/wp\/v2\/product_tag?post=27359"}],"curies":[{"name":"wp","href":"https:\/\/api.w.org\/{rel}","templated":true}]}}