{"id":29205,"date":"2024-12-19T07:55:31","date_gmt":"2024-12-19T07:55:31","guid":{"rendered":"https:\/\/prochaska.eu\/?post_type=product&#038;p=29205"},"modified":"2025-04-30T07:28:34","modified_gmt":"2025-04-30T07:28:34","slug":"toro-zeroturn-timecutter-zs4200t-74677-copy","status":"publish","type":"product","link":"https:\/\/prochaska.eu\/en\/produkt\/toro-zeroturn-timecutter-zs4200t-74677-copy\/","title":{"rendered":"Toro &#8211; ZeroTurn -TimeCutter &#8211; ZS4200T &#8211; 74677"},"content":{"rendered":"<p style=\"text-align: left;\">The TimeCutter ZS 4200T (74677) zero-turn mower from Toro has a cutting width of 107 cm and a V-TWIN 2-cylinder engine with 724 cm\u00b3. Working with the Zero Turn is efficient, simple and reliable. The mower&#8217;s round steering levers and the extra-high backrest guarantee driving pleasure. Obstacles can be quickly avoided with a single movement. Because the <a href=\"https:\/\/www.prochaska.eu\/toro\/\">Toro <\/a>TimeCutter is so nimble and maneuverable, the mowing time is virtually halved. The lawn mower is suitable for areas of up to 7,000 m\u00b2. The dual-hydrostatic drive ensures particularly good area coverage and a perfect mowing result, saving time at up to 11 km\/h.<\/p>\n<h2 style=\"text-align: left;\">The product benefits<\/h2>\n<ul>\n<li>724cc Toro engine for reliable performance<\/li>\n<li>7-way adjustable height adjustment (38-114mm)<\/li>\n<li>Mower water connections under the mower for easy cleaning<\/li>\n<li>Clean-wash connection for quick and easy cleaning<\/li>\n<li>Extra high mowing chamber (10cm)<\/li>\n<li>Drivelines with 2 hydrostats for maneuverability and zero turning circle<\/li>\n<li>Deluxe soft comfort seat for comfortable working<\/li>\n<li>Patented, self-cleaning air box filtration system<\/li>\n<li>Double-welded steel deck<\/li>\n<li>Robust steel rear engine guard<\/li>\n<\/ul>\n<h2 style=\"text-align: left;\">Optional accessories<\/h2>\n<ul>\n<li><a href=\"https:\/\/www.prochaska.eu\/produkt\/toro-ersatzmesster-zeroturn-107cm-74684-74686-74690\/\">Toro replacement blade 107 cm<\/a><\/li>\n<li><a href=\"https:\/\/www.prochaska.eu\/produkt\/deluxe-abdeckhaube-zeroturn\/\">Toro cover for Zero Turn Small<\/a><\/li>\n<\/ul>\n<p>&nbsp;<\/p>\n<p><iframe title=\"Save Time with Toro TimeCutter Zero Turn Riding Mowers\" width=\"800\" height=\"450\" src=\"https:\/\/www.youtube.com\/embed\/kD2zyCau3j8?feature=oembed\" frameborder=\"0\" allow=\"accelerometer; autoplay; clipboard-write; encrypted-media; gyroscope; picture-in-picture; web-share\" referrerpolicy=\"strict-origin-when-cross-origin\" allowfullscreen><\/iframe><\/p>\n","protected":false},"excerpt":{"rendered":"<p>The TimeCutter ZS 4200T (74677) zero-turn mower from Toro has a cutting width of 107 cm and a V-TWIN 2-cylinder engine with 724 cm\u00b3.<\/p>\n","protected":false},"featured_media":29208,"template":"","meta":[],"pwb-brand":[3072],"product_brand":[],"product_cat":[1181,1285],"product_tag":[],"class_list":{"0":"post-29205","1":"product","2":"type-product","3":"status-publish","4":"has-post-thumbnail","6":"pwb-brand-toro-en","7":"product_cat-lawn-mower","8":"product_cat-zero-turns-en-4","10":"first","11":"instock","12":"taxable","13":"shipping-taxable","14":"purchasable","15":"product-type-simple"},"yoast_head":"<!-- This site is optimized with the Yoast SEO plugin v27.4 - https:\/\/yoast.com\/product\/yoast-seo-wordpress\/ -->\n<title>Toro - ZeroTurn -TimeCutter - ZS4200T - 74677 - Prochaska<\/title>\n<meta name=\"robots\" content=\"index, follow, max-snippet:-1, max-image-preview:large, max-video-preview:-1\" \/>\n<link rel=\"canonical\" href=\"https:\/\/prochaska.eu\/en\/produkt\/toro-zeroturn-timecutter-zs4200t-74677-copy\/\" \/>\n<meta property=\"og:locale\" content=\"en_US\" \/>\n<meta property=\"og:type\" content=\"article\" \/>\n<meta property=\"og:title\" content=\"Toro - ZeroTurn -TimeCutter - ZS4200T - 74677 - Prochaska\" \/>\n<meta property=\"og:description\" content=\"The TimeCutter ZS 4200T (74677) zero-turn mower from Toro has a cutting width of 107 cm and a V-TWIN 2-cylinder engine with 724 cm\u00b3.\" \/>\n<meta property=\"og:url\" content=\"https:\/\/prochaska.eu\/en\/produkt\/toro-zeroturn-timecutter-zs4200t-74677-copy\/\" \/>\n<meta property=\"og:site_name\" content=\"Prochaska\" \/>\n<meta property=\"article:publisher\" content=\"https:\/\/www.facebook.com\/prochaska.eu\/\" \/>\n<meta property=\"article:modified_time\" content=\"2025-04-30T07:28:34+00:00\" \/>\n<meta property=\"og:image\" content=\"https:\/\/prochaska.eu\/wp-content\/uploads\/2024\/12\/Toro_TimeCutter-ZR4200T-74679.png\" \/>\n\t<meta property=\"og:image:width\" content=\"1000\" \/>\n\t<meta property=\"og:image:height\" content=\"1000\" \/>\n\t<meta property=\"og:image:type\" content=\"image\/png\" \/>\n<meta name=\"twitter:card\" content=\"summary_large_image\" \/>\n<meta name=\"twitter:label1\" content=\"Est. reading time\" \/>\n\t<meta name=\"twitter:data1\" content=\"1 minute\" \/>\n<script type=\"application\/ld+json\" class=\"yoast-schema-graph\">{\"@context\":\"https:\\\/\\\/schema.org\",\"@graph\":[{\"@type\":\"WebPage\",\"@id\":\"https:\\\/\\\/prochaska.eu\\\/en\\\/produkt\\\/toro-zeroturn-timecutter-zs4200t-74677-copy\\\/\",\"url\":\"https:\\\/\\\/prochaska.eu\\\/en\\\/produkt\\\/toro-zeroturn-timecutter-zs4200t-74677-copy\\\/\",\"name\":\"Toro - ZeroTurn -TimeCutter - ZS4200T - 74677 - Prochaska\",\"isPartOf\":{\"@id\":\"https:\\\/\\\/prochaska.eu\\\/en\\\/#website\"},\"primaryImageOfPage\":{\"@id\":\"https:\\\/\\\/prochaska.eu\\\/en\\\/produkt\\\/toro-zeroturn-timecutter-zs4200t-74677-copy\\\/#primaryimage\"},\"image\":{\"@id\":\"https:\\\/\\\/prochaska.eu\\\/en\\\/produkt\\\/toro-zeroturn-timecutter-zs4200t-74677-copy\\\/#primaryimage\"},\"thumbnailUrl\":\"https:\\\/\\\/prochaska.eu\\\/wp-content\\\/uploads\\\/2024\\\/12\\\/Toro_TimeCutter-ZR4200T-74679.png\",\"datePublished\":\"2024-12-19T07:55:31+00:00\",\"dateModified\":\"2025-04-30T07:28:34+00:00\",\"breadcrumb\":{\"@id\":\"https:\\\/\\\/prochaska.eu\\\/en\\\/produkt\\\/toro-zeroturn-timecutter-zs4200t-74677-copy\\\/#breadcrumb\"},\"inLanguage\":\"en-US\",\"potentialAction\":[{\"@type\":\"ReadAction\",\"target\":[\"https:\\\/\\\/prochaska.eu\\\/en\\\/produkt\\\/toro-zeroturn-timecutter-zs4200t-74677-copy\\\/\"]}]},{\"@type\":\"ImageObject\",\"inLanguage\":\"en-US\",\"@id\":\"https:\\\/\\\/prochaska.eu\\\/en\\\/produkt\\\/toro-zeroturn-timecutter-zs4200t-74677-copy\\\/#primaryimage\",\"url\":\"https:\\\/\\\/prochaska.eu\\\/wp-content\\\/uploads\\\/2024\\\/12\\\/Toro_TimeCutter-ZR4200T-74679.png\",\"contentUrl\":\"https:\\\/\\\/prochaska.eu\\\/wp-content\\\/uploads\\\/2024\\\/12\\\/Toro_TimeCutter-ZR4200T-74679.png\",\"width\":1000,\"height\":1000},{\"@type\":\"BreadcrumbList\",\"@id\":\"https:\\\/\\\/prochaska.eu\\\/en\\\/produkt\\\/toro-zeroturn-timecutter-zs4200t-74677-copy\\\/#breadcrumb\",\"itemListElement\":[{\"@type\":\"ListItem\",\"position\":1,\"name\":\"Home\",\"item\":\"https:\\\/\\\/prochaska.eu\\\/en\\\/\"},{\"@type\":\"ListItem\",\"position\":2,\"name\":\"Shop\",\"item\":\"https:\\\/\\\/prochaska.eu\\\/shop\\\/\"},{\"@type\":\"ListItem\",\"position\":3,\"name\":\"Toro &#8211; ZeroTurn -TimeCutter &#8211; ZS4200T &#8211; 74677\"}]},{\"@type\":\"WebSite\",\"@id\":\"https:\\\/\\\/prochaska.eu\\\/en\\\/#website\",\"url\":\"https:\\\/\\\/prochaska.eu\\\/en\\\/\",\"name\":\"Prochaska\",\"description\":\"Spezialist f\u00fcr Pflege von Gr\u00fcnfl\u00e4chen\",\"publisher\":{\"@id\":\"https:\\\/\\\/prochaska.eu\\\/en\\\/#organization\"},\"potentialAction\":[{\"@type\":\"SearchAction\",\"target\":{\"@type\":\"EntryPoint\",\"urlTemplate\":\"https:\\\/\\\/prochaska.eu\\\/en\\\/?s={search_term_string}\"},\"query-input\":{\"@type\":\"PropertyValueSpecification\",\"valueRequired\":true,\"valueName\":\"search_term_string\"}}],\"inLanguage\":\"en-US\"},{\"@type\":\"Organization\",\"@id\":\"https:\\\/\\\/prochaska.eu\\\/en\\\/#organization\",\"name\":\"Prochaska\",\"url\":\"https:\\\/\\\/prochaska.eu\\\/en\\\/\",\"logo\":{\"@type\":\"ImageObject\",\"inLanguage\":\"en-US\",\"@id\":\"https:\\\/\\\/prochaska.eu\\\/en\\\/#\\\/schema\\\/logo\\\/image\\\/\",\"url\":\"https:\\\/\\\/prochaska.eu\\\/wp-content\\\/uploads\\\/2024\\\/04\\\/Prochaska_Logo_Black-1.png\",\"contentUrl\":\"https:\\\/\\\/prochaska.eu\\\/wp-content\\\/uploads\\\/2024\\\/04\\\/Prochaska_Logo_Black-1.png\",\"width\":796,\"height\":236,\"caption\":\"Prochaska\"},\"image\":{\"@id\":\"https:\\\/\\\/prochaska.eu\\\/en\\\/#\\\/schema\\\/logo\\\/image\\\/\"},\"sameAs\":[\"https:\\\/\\\/www.facebook.com\\\/prochaska.eu\\\/\",\"https:\\\/\\\/www.instagram.com\\\/prochaska.eu\\\/\",\"https:\\\/\\\/www.linkedin.com\\\/company\\\/prochaska-handels-gmbh\"]}]}<\/script>\n<!-- \/ Yoast SEO plugin. -->","yoast_head_json":{"title":"Toro - ZeroTurn -TimeCutter - ZS4200T - 74677 - Prochaska","robots":{"index":"index","follow":"follow","max-snippet":"max-snippet:-1","max-image-preview":"max-image-preview:large","max-video-preview":"max-video-preview:-1"},"canonical":"https:\/\/prochaska.eu\/en\/produkt\/toro-zeroturn-timecutter-zs4200t-74677-copy\/","og_locale":"en_US","og_type":"article","og_title":"Toro - ZeroTurn -TimeCutter - ZS4200T - 74677 - Prochaska","og_description":"The TimeCutter ZS 4200T (74677) zero-turn mower from Toro has a cutting width of 107 cm and a V-TWIN 2-cylinder engine with 724 cm\u00b3.","og_url":"https:\/\/prochaska.eu\/en\/produkt\/toro-zeroturn-timecutter-zs4200t-74677-copy\/","og_site_name":"Prochaska","article_publisher":"https:\/\/www.facebook.com\/prochaska.eu\/","article_modified_time":"2025-04-30T07:28:34+00:00","og_image":[{"width":1000,"height":1000,"url":"https:\/\/prochaska.eu\/wp-content\/uploads\/2024\/12\/Toro_TimeCutter-ZR4200T-74679.png","type":"image\/png"}],"twitter_card":"summary_large_image","twitter_misc":{"Est. reading time":"1 minute"},"schema":{"@context":"https:\/\/schema.org","@graph":[{"@type":"WebPage","@id":"https:\/\/prochaska.eu\/en\/produkt\/toro-zeroturn-timecutter-zs4200t-74677-copy\/","url":"https:\/\/prochaska.eu\/en\/produkt\/toro-zeroturn-timecutter-zs4200t-74677-copy\/","name":"Toro - ZeroTurn -TimeCutter - ZS4200T - 74677 - Prochaska","isPartOf":{"@id":"https:\/\/prochaska.eu\/en\/#website"},"primaryImageOfPage":{"@id":"https:\/\/prochaska.eu\/en\/produkt\/toro-zeroturn-timecutter-zs4200t-74677-copy\/#primaryimage"},"image":{"@id":"https:\/\/prochaska.eu\/en\/produkt\/toro-zeroturn-timecutter-zs4200t-74677-copy\/#primaryimage"},"thumbnailUrl":"https:\/\/prochaska.eu\/wp-content\/uploads\/2024\/12\/Toro_TimeCutter-ZR4200T-74679.png","datePublished":"2024-12-19T07:55:31+00:00","dateModified":"2025-04-30T07:28:34+00:00","breadcrumb":{"@id":"https:\/\/prochaska.eu\/en\/produkt\/toro-zeroturn-timecutter-zs4200t-74677-copy\/#breadcrumb"},"inLanguage":"en-US","potentialAction":[{"@type":"ReadAction","target":["https:\/\/prochaska.eu\/en\/produkt\/toro-zeroturn-timecutter-zs4200t-74677-copy\/"]}]},{"@type":"ImageObject","inLanguage":"en-US","@id":"https:\/\/prochaska.eu\/en\/produkt\/toro-zeroturn-timecutter-zs4200t-74677-copy\/#primaryimage","url":"https:\/\/prochaska.eu\/wp-content\/uploads\/2024\/12\/Toro_TimeCutter-ZR4200T-74679.png","contentUrl":"https:\/\/prochaska.eu\/wp-content\/uploads\/2024\/12\/Toro_TimeCutter-ZR4200T-74679.png","width":1000,"height":1000},{"@type":"BreadcrumbList","@id":"https:\/\/prochaska.eu\/en\/produkt\/toro-zeroturn-timecutter-zs4200t-74677-copy\/#breadcrumb","itemListElement":[{"@type":"ListItem","position":1,"name":"Home","item":"https:\/\/prochaska.eu\/en\/"},{"@type":"ListItem","position":2,"name":"Shop","item":"https:\/\/prochaska.eu\/shop\/"},{"@type":"ListItem","position":3,"name":"Toro &#8211; ZeroTurn -TimeCutter &#8211; ZS4200T &#8211; 74677"}]},{"@type":"WebSite","@id":"https:\/\/prochaska.eu\/en\/#website","url":"https:\/\/prochaska.eu\/en\/","name":"Prochaska","description":"Spezialist f\u00fcr Pflege von Gr\u00fcnfl\u00e4chen","publisher":{"@id":"https:\/\/prochaska.eu\/en\/#organization"},"potentialAction":[{"@type":"SearchAction","target":{"@type":"EntryPoint","urlTemplate":"https:\/\/prochaska.eu\/en\/?s={search_term_string}"},"query-input":{"@type":"PropertyValueSpecification","valueRequired":true,"valueName":"search_term_string"}}],"inLanguage":"en-US"},{"@type":"Organization","@id":"https:\/\/prochaska.eu\/en\/#organization","name":"Prochaska","url":"https:\/\/prochaska.eu\/en\/","logo":{"@type":"ImageObject","inLanguage":"en-US","@id":"https:\/\/prochaska.eu\/en\/#\/schema\/logo\/image\/","url":"https:\/\/prochaska.eu\/wp-content\/uploads\/2024\/04\/Prochaska_Logo_Black-1.png","contentUrl":"https:\/\/prochaska.eu\/wp-content\/uploads\/2024\/04\/Prochaska_Logo_Black-1.png","width":796,"height":236,"caption":"Prochaska"},"image":{"@id":"https:\/\/prochaska.eu\/en\/#\/schema\/logo\/image\/"},"sameAs":["https:\/\/www.facebook.com\/prochaska.eu\/","https:\/\/www.instagram.com\/prochaska.eu\/","https:\/\/www.linkedin.com\/company\/prochaska-handels-gmbh"]}]}},"brands":[{"id":3072,"name":"Toro","slug":"toro-en"}],"_links":{"self":[{"href":"https:\/\/prochaska.eu\/en\/wp-json\/wp\/v2\/product\/29205","targetHints":{"allow":["GET"]}}],"collection":[{"href":"https:\/\/prochaska.eu\/en\/wp-json\/wp\/v2\/product"}],"about":[{"href":"https:\/\/prochaska.eu\/en\/wp-json\/wp\/v2\/types\/product"}],"version-history":[{"count":0,"href":"https:\/\/prochaska.eu\/en\/wp-json\/wp\/v2\/product\/29205\/revisions"}],"wp:featuredmedia":[{"embeddable":true,"href":"https:\/\/prochaska.eu\/en\/wp-json\/wp\/v2\/media\/29208"}],"wp:attachment":[{"href":"https:\/\/prochaska.eu\/en\/wp-json\/wp\/v2\/media?parent=29205"}],"wp:term":[{"taxonomy":"pwb-brand","embeddable":true,"href":"https:\/\/prochaska.eu\/en\/wp-json\/wp\/v2\/pwb-brand?post=29205"},{"taxonomy":"product_brand","embeddable":true,"href":"https:\/\/prochaska.eu\/en\/wp-json\/wp\/v2\/product_brand?post=29205"},{"taxonomy":"product_cat","embeddable":true,"href":"https:\/\/prochaska.eu\/en\/wp-json\/wp\/v2\/product_cat?post=29205"},{"taxonomy":"product_tag","embeddable":true,"href":"https:\/\/prochaska.eu\/en\/wp-json\/wp\/v2\/product_tag?post=29205"}],"curies":[{"name":"wp","href":"https:\/\/api.w.org\/{rel}","templated":true}]}}