{"id":30987,"date":"2025-03-14T11:56:07","date_gmt":"2025-03-14T11:56:07","guid":{"rendered":"https:\/\/prochaska.eu\/produkt\/toro-cordless-trimmer-set-60v-51835t\/"},"modified":"2025-03-14T11:56:07","modified_gmt":"2025-03-14T11:56:07","slug":"toro-cordless-trimmer-set-60v-51835t","status":"publish","type":"product","link":"https:\/\/prochaska.eu\/en\/produkt\/toro-cordless-trimmer-set-60v-51835t\/","title":{"rendered":"TORO &#8211; Cordless trimmer &#8211; Set &#8211; 60V &#8211; 51835T"},"content":{"rendered":"<div class=\"col-sm-12\">\n<p data-start=\"0\" data-end=\"68\"><strong data-start=\"0\" data-end=\"68\">Max Flex-Force 60V set offer &#8211; Toro cordless trimmer model 51835T<\/strong><\/p>\n<p data-start=\"70\" data-end=\"499\"><strong data-start=\"70\" data-end=\"93\">Only for a short time!<\/strong><\/p>\n<p data-start=\"70\" data-end=\"499\"><a href=\"https:\/\/www.prochaska.eu\/toro\/\">Toro&#8217;s <\/a><strong data-start=\"1372\" data-end=\"1399\">60V Li-battery technology<\/strong> ensures exceptional performance and long runtimes &#8211; perfect for all gardening jobs that require fast and efficient work. With the universal charger, you can charge the battery quickly and easily so that you are always ready for action. <\/p>\n<p data-start=\"70\" data-end=\"499\">Get the powerful <strong data-start=\"129\" data-end=\"155\">Max Flex-Force 60V<\/strong> set and save both time and energy when gardening! Our offer includes the <strong data-start=\"259\" data-end=\"294\">Toro cordless trimmer model 51835T,<\/strong> equipped with a <strong data-start=\"319\" data-end=\"343\">60V Li-battery (2.5 Ah)<\/strong> and a <strong data-start=\"354\" data-end=\"385\">60V universal charger (2A)<\/strong>. Experience the power and flexibility of the latest lithium-ion technology for maximum performance and convenience.  <\/p>\n<h3 data-start=\"501\" data-end=\"520\"><strong data-start=\"505\" data-end=\"520\">Set contents:<\/strong><\/h3>\n<ul data-start=\"521\" data-end=\"630\">\n<li data-start=\"521\" data-end=\"558\">Toro cordless trimmer model 51835T<\/li>\n<li data-start=\"559\" data-end=\"596\"><a href=\"https:\/\/prochaska.eu\/en\/produkt\/toro-battery-60v\/\">60V Li-battery (2.5 Ah) &#8211; 81825<\/a><\/li>\n<li data-start=\"597\" data-end=\"630\"><a href=\"https:\/\/prochaska.eu\/en\/produkt\/toro-universal-battery-charger-81802-60v-2a\/\">60V universal charger (2A) &#8211; 81802<\/a><\/li>\n<\/ul>\n<p>&nbsp;<\/p>\n<h3 data-start=\"632\" data-end=\"656\"><strong data-start=\"636\" data-end=\"656\">Product advantages:<\/strong><\/h3>\n<ul data-start=\"657\" data-end=\"1321\">\n<li data-start=\"657\" data-end=\"754\"><strong data-start=\"659\" data-end=\"684\">Comfortable operation<\/strong> thanks to low weight and ergonomic handle for effortless work<\/li>\n<li data-start=\"755\" data-end=\"867\"><strong data-start=\"757\" data-end=\"782\">Customizable thread size:<\/strong> Choose between 2.0 mm and 2.4 mm for the thread &#8211; for even more precise results<\/li>\n<li data-start=\"868\" data-end=\"993\"><strong data-start=\"870\" data-end=\"900\">Extendable cutting width<\/strong>: Adjust the cutting width from 36 cm to 41 cm to cover more area more quickly<\/li>\n<li data-start=\"994\" data-end=\"1091\"><strong data-start=\"996\" data-end=\"1033\">Quick, easy thread change <\/strong>&#8211; no fiddling around, simple and efficient<\/li>\n<li data-start=\"1092\" data-end=\"1156\"><strong data-start=\"1094\" data-end=\"1116\">Brushless motor <\/strong>for maximum durability and performance<\/li>\n<li data-start=\"1157\" data-end=\"1321\"><strong data-start=\"1159\" data-end=\"1196\">Variable speed control:<\/strong> adjust the power to either extend the runtime or get more power for difficult tasks<\/li>\n<\/ul>\n<\/div>\n<p>&nbsp;<\/p>\n<p>NOTE: The<a href=\"https:\/\/prochaska.eu\/en\/produkt\/toro-cordless-trimmer-60v-51835t\/\"> TORO cordless trimmer 51835T<\/a> is also available as a stand-alone product.<\/p>\n<div class=\"col-sm-12\">\n<p>&nbsp;<\/p>\n<\/div>\n","protected":false},"excerpt":{"rendered":"<p data-start=\"0\" data-end=\"68\"><strong data-start=\"0\" data-end=\"68\">Max Flex-Force 60V set offer &#8211; Toro cordless trimmer model 51835T<\/strong><\/p>\n<p data-start=\"70\" data-end=\"499\"><strong data-start=\"70\" data-end=\"93\">Only for a short time!<\/strong><\/p>\n<p data-start=\"70\" data-end=\"499\"><a href=\"https:\/\/www.prochaska.eu\/toro\/\">Toro&#8217;s <\/a><strong data-start=\"1372\" data-end=\"1399\">60V Li-battery technology<\/strong> ensures exceptional performance and long runtimes &#8211; perfect for all gardening jobs that require fast and efficient work. With the universal charger, you can charge the battery quickly and easily so that you are always ready for action. <\/p>\n","protected":false},"featured_media":22535,"template":"","meta":[],"pwb-brand":[3072],"product_brand":[],"product_cat":[1113,1092,3135,3134,3137],"product_tag":[3119],"class_list":{"0":"post-30987","1":"product","2":"type-product","3":"status-publish","4":"has-post-thumbnail","6":"pwb-brand-toro-en","7":"product_cat-battery-trimmer","8":"product_cat-battery-powered-devices","9":"product_cat-mowers","10":"product_cat-sets-offers","11":"product_cat-toro-brand-discounts-en","12":"product_tag-40-v-en","14":"first","15":"instock","16":"taxable","17":"shipping-taxable","18":"purchasable","19":"product-type-simple"},"yoast_head":"<!-- This site is optimized with the Yoast SEO plugin v27.4 - https:\/\/yoast.com\/product\/yoast-seo-wordpress\/ -->\n<title>TORO - Cordless trimmer - Set - 60V - 51835T - Prochaska<\/title>\n<meta name=\"description\" content=\"Get the powerful Max Flex-Force 60V set and save both time and energy when gardening!\" \/>\n<meta name=\"robots\" content=\"index, follow, max-snippet:-1, max-image-preview:large, max-video-preview:-1\" \/>\n<link rel=\"canonical\" href=\"https:\/\/prochaska.eu\/en\/produkt\/toro-cordless-trimmer-set-60v-51835t\/\" \/>\n<meta property=\"og:locale\" content=\"en_US\" \/>\n<meta property=\"og:type\" content=\"article\" \/>\n<meta property=\"og:title\" content=\"TORO - Cordless trimmer - Set - 60V - 51835T - Prochaska\" \/>\n<meta property=\"og:description\" content=\"Get the powerful Max Flex-Force 60V set and save both time and energy when gardening!\" \/>\n<meta property=\"og:url\" content=\"https:\/\/prochaska.eu\/en\/produkt\/toro-cordless-trimmer-set-60v-51835t\/\" \/>\n<meta property=\"og:site_name\" content=\"Prochaska\" \/>\n<meta property=\"article:publisher\" content=\"https:\/\/www.facebook.com\/prochaska.eu\/\" \/>\n<meta property=\"og:image\" content=\"https:\/\/prochaska.eu\/wp-content\/uploads\/2024\/06\/akkugeraete-trimmer-toro-51835-prochaska-b2.jpg\" \/>\n\t<meta property=\"og:image:width\" content=\"1440\" \/>\n\t<meta property=\"og:image:height\" content=\"1440\" \/>\n\t<meta property=\"og:image:type\" content=\"image\/jpeg\" \/>\n<meta name=\"twitter:card\" content=\"summary_large_image\" \/>\n<meta name=\"twitter:label1\" content=\"Est. reading time\" \/>\n\t<meta name=\"twitter:data1\" content=\"1 minute\" \/>\n<script type=\"application\/ld+json\" class=\"yoast-schema-graph\">{\"@context\":\"https:\\\/\\\/schema.org\",\"@graph\":[{\"@type\":\"WebPage\",\"@id\":\"https:\\\/\\\/prochaska.eu\\\/en\\\/produkt\\\/toro-cordless-trimmer-set-60v-51835t\\\/\",\"url\":\"https:\\\/\\\/prochaska.eu\\\/en\\\/produkt\\\/toro-cordless-trimmer-set-60v-51835t\\\/\",\"name\":\"TORO - Cordless trimmer - Set - 60V - 51835T - Prochaska\",\"isPartOf\":{\"@id\":\"https:\\\/\\\/prochaska.eu\\\/en\\\/#website\"},\"primaryImageOfPage\":{\"@id\":\"https:\\\/\\\/prochaska.eu\\\/en\\\/produkt\\\/toro-cordless-trimmer-set-60v-51835t\\\/#primaryimage\"},\"image\":{\"@id\":\"https:\\\/\\\/prochaska.eu\\\/en\\\/produkt\\\/toro-cordless-trimmer-set-60v-51835t\\\/#primaryimage\"},\"thumbnailUrl\":\"https:\\\/\\\/prochaska.eu\\\/wp-content\\\/uploads\\\/2024\\\/06\\\/akkugeraete-trimmer-toro-51835-prochaska-b2.jpg\",\"datePublished\":\"2025-03-14T11:56:07+00:00\",\"description\":\"Get the powerful Max Flex-Force 60V set and save both time and energy when gardening!\",\"breadcrumb\":{\"@id\":\"https:\\\/\\\/prochaska.eu\\\/en\\\/produkt\\\/toro-cordless-trimmer-set-60v-51835t\\\/#breadcrumb\"},\"inLanguage\":\"en-US\",\"potentialAction\":[{\"@type\":\"ReadAction\",\"target\":[\"https:\\\/\\\/prochaska.eu\\\/en\\\/produkt\\\/toro-cordless-trimmer-set-60v-51835t\\\/\"]}]},{\"@type\":\"ImageObject\",\"inLanguage\":\"en-US\",\"@id\":\"https:\\\/\\\/prochaska.eu\\\/en\\\/produkt\\\/toro-cordless-trimmer-set-60v-51835t\\\/#primaryimage\",\"url\":\"https:\\\/\\\/prochaska.eu\\\/wp-content\\\/uploads\\\/2024\\\/06\\\/akkugeraete-trimmer-toro-51835-prochaska-b2.jpg\",\"contentUrl\":\"https:\\\/\\\/prochaska.eu\\\/wp-content\\\/uploads\\\/2024\\\/06\\\/akkugeraete-trimmer-toro-51835-prochaska-b2.jpg\",\"width\":1440,\"height\":1440},{\"@type\":\"BreadcrumbList\",\"@id\":\"https:\\\/\\\/prochaska.eu\\\/en\\\/produkt\\\/toro-cordless-trimmer-set-60v-51835t\\\/#breadcrumb\",\"itemListElement\":[{\"@type\":\"ListItem\",\"position\":1,\"name\":\"Home\",\"item\":\"https:\\\/\\\/prochaska.eu\\\/en\\\/\"},{\"@type\":\"ListItem\",\"position\":2,\"name\":\"Shop\",\"item\":\"https:\\\/\\\/prochaska.eu\\\/shop\\\/\"},{\"@type\":\"ListItem\",\"position\":3,\"name\":\"TORO &#8211; Cordless trimmer &#8211; Set &#8211; 60V &#8211; 51835T\"}]},{\"@type\":\"WebSite\",\"@id\":\"https:\\\/\\\/prochaska.eu\\\/en\\\/#website\",\"url\":\"https:\\\/\\\/prochaska.eu\\\/en\\\/\",\"name\":\"Prochaska\",\"description\":\"Spezialist f\u00fcr Pflege von Gr\u00fcnfl\u00e4chen\",\"publisher\":{\"@id\":\"https:\\\/\\\/prochaska.eu\\\/en\\\/#organization\"},\"potentialAction\":[{\"@type\":\"SearchAction\",\"target\":{\"@type\":\"EntryPoint\",\"urlTemplate\":\"https:\\\/\\\/prochaska.eu\\\/en\\\/?s={search_term_string}\"},\"query-input\":{\"@type\":\"PropertyValueSpecification\",\"valueRequired\":true,\"valueName\":\"search_term_string\"}}],\"inLanguage\":\"en-US\"},{\"@type\":\"Organization\",\"@id\":\"https:\\\/\\\/prochaska.eu\\\/en\\\/#organization\",\"name\":\"Prochaska\",\"url\":\"https:\\\/\\\/prochaska.eu\\\/en\\\/\",\"logo\":{\"@type\":\"ImageObject\",\"inLanguage\":\"en-US\",\"@id\":\"https:\\\/\\\/prochaska.eu\\\/en\\\/#\\\/schema\\\/logo\\\/image\\\/\",\"url\":\"https:\\\/\\\/prochaska.eu\\\/wp-content\\\/uploads\\\/2024\\\/04\\\/Prochaska_Logo_Black-1.png\",\"contentUrl\":\"https:\\\/\\\/prochaska.eu\\\/wp-content\\\/uploads\\\/2024\\\/04\\\/Prochaska_Logo_Black-1.png\",\"width\":796,\"height\":236,\"caption\":\"Prochaska\"},\"image\":{\"@id\":\"https:\\\/\\\/prochaska.eu\\\/en\\\/#\\\/schema\\\/logo\\\/image\\\/\"},\"sameAs\":[\"https:\\\/\\\/www.facebook.com\\\/prochaska.eu\\\/\",\"https:\\\/\\\/www.instagram.com\\\/prochaska.eu\\\/\",\"https:\\\/\\\/www.linkedin.com\\\/company\\\/prochaska-handels-gmbh\"]}]}<\/script>\n<!-- \/ Yoast SEO plugin. -->","yoast_head_json":{"title":"TORO - Cordless trimmer - Set - 60V - 51835T - Prochaska","description":"Get the powerful Max Flex-Force 60V set and save both time and energy when gardening!","robots":{"index":"index","follow":"follow","max-snippet":"max-snippet:-1","max-image-preview":"max-image-preview:large","max-video-preview":"max-video-preview:-1"},"canonical":"https:\/\/prochaska.eu\/en\/produkt\/toro-cordless-trimmer-set-60v-51835t\/","og_locale":"en_US","og_type":"article","og_title":"TORO - Cordless trimmer - Set - 60V - 51835T - Prochaska","og_description":"Get the powerful Max Flex-Force 60V set and save both time and energy when gardening!","og_url":"https:\/\/prochaska.eu\/en\/produkt\/toro-cordless-trimmer-set-60v-51835t\/","og_site_name":"Prochaska","article_publisher":"https:\/\/www.facebook.com\/prochaska.eu\/","og_image":[{"width":1440,"height":1440,"url":"https:\/\/prochaska.eu\/wp-content\/uploads\/2024\/06\/akkugeraete-trimmer-toro-51835-prochaska-b2.jpg","type":"image\/jpeg"}],"twitter_card":"summary_large_image","twitter_misc":{"Est. reading time":"1 minute"},"schema":{"@context":"https:\/\/schema.org","@graph":[{"@type":"WebPage","@id":"https:\/\/prochaska.eu\/en\/produkt\/toro-cordless-trimmer-set-60v-51835t\/","url":"https:\/\/prochaska.eu\/en\/produkt\/toro-cordless-trimmer-set-60v-51835t\/","name":"TORO - Cordless trimmer - Set - 60V - 51835T - Prochaska","isPartOf":{"@id":"https:\/\/prochaska.eu\/en\/#website"},"primaryImageOfPage":{"@id":"https:\/\/prochaska.eu\/en\/produkt\/toro-cordless-trimmer-set-60v-51835t\/#primaryimage"},"image":{"@id":"https:\/\/prochaska.eu\/en\/produkt\/toro-cordless-trimmer-set-60v-51835t\/#primaryimage"},"thumbnailUrl":"https:\/\/prochaska.eu\/wp-content\/uploads\/2024\/06\/akkugeraete-trimmer-toro-51835-prochaska-b2.jpg","datePublished":"2025-03-14T11:56:07+00:00","description":"Get the powerful Max Flex-Force 60V set and save both time and energy when gardening!","breadcrumb":{"@id":"https:\/\/prochaska.eu\/en\/produkt\/toro-cordless-trimmer-set-60v-51835t\/#breadcrumb"},"inLanguage":"en-US","potentialAction":[{"@type":"ReadAction","target":["https:\/\/prochaska.eu\/en\/produkt\/toro-cordless-trimmer-set-60v-51835t\/"]}]},{"@type":"ImageObject","inLanguage":"en-US","@id":"https:\/\/prochaska.eu\/en\/produkt\/toro-cordless-trimmer-set-60v-51835t\/#primaryimage","url":"https:\/\/prochaska.eu\/wp-content\/uploads\/2024\/06\/akkugeraete-trimmer-toro-51835-prochaska-b2.jpg","contentUrl":"https:\/\/prochaska.eu\/wp-content\/uploads\/2024\/06\/akkugeraete-trimmer-toro-51835-prochaska-b2.jpg","width":1440,"height":1440},{"@type":"BreadcrumbList","@id":"https:\/\/prochaska.eu\/en\/produkt\/toro-cordless-trimmer-set-60v-51835t\/#breadcrumb","itemListElement":[{"@type":"ListItem","position":1,"name":"Home","item":"https:\/\/prochaska.eu\/en\/"},{"@type":"ListItem","position":2,"name":"Shop","item":"https:\/\/prochaska.eu\/shop\/"},{"@type":"ListItem","position":3,"name":"TORO &#8211; Cordless trimmer &#8211; Set &#8211; 60V &#8211; 51835T"}]},{"@type":"WebSite","@id":"https:\/\/prochaska.eu\/en\/#website","url":"https:\/\/prochaska.eu\/en\/","name":"Prochaska","description":"Spezialist f\u00fcr Pflege von Gr\u00fcnfl\u00e4chen","publisher":{"@id":"https:\/\/prochaska.eu\/en\/#organization"},"potentialAction":[{"@type":"SearchAction","target":{"@type":"EntryPoint","urlTemplate":"https:\/\/prochaska.eu\/en\/?s={search_term_string}"},"query-input":{"@type":"PropertyValueSpecification","valueRequired":true,"valueName":"search_term_string"}}],"inLanguage":"en-US"},{"@type":"Organization","@id":"https:\/\/prochaska.eu\/en\/#organization","name":"Prochaska","url":"https:\/\/prochaska.eu\/en\/","logo":{"@type":"ImageObject","inLanguage":"en-US","@id":"https:\/\/prochaska.eu\/en\/#\/schema\/logo\/image\/","url":"https:\/\/prochaska.eu\/wp-content\/uploads\/2024\/04\/Prochaska_Logo_Black-1.png","contentUrl":"https:\/\/prochaska.eu\/wp-content\/uploads\/2024\/04\/Prochaska_Logo_Black-1.png","width":796,"height":236,"caption":"Prochaska"},"image":{"@id":"https:\/\/prochaska.eu\/en\/#\/schema\/logo\/image\/"},"sameAs":["https:\/\/www.facebook.com\/prochaska.eu\/","https:\/\/www.instagram.com\/prochaska.eu\/","https:\/\/www.linkedin.com\/company\/prochaska-handels-gmbh"]}]}},"brands":[{"id":3072,"name":"Toro","slug":"toro-en"}],"_links":{"self":[{"href":"https:\/\/prochaska.eu\/en\/wp-json\/wp\/v2\/product\/30987","targetHints":{"allow":["GET"]}}],"collection":[{"href":"https:\/\/prochaska.eu\/en\/wp-json\/wp\/v2\/product"}],"about":[{"href":"https:\/\/prochaska.eu\/en\/wp-json\/wp\/v2\/types\/product"}],"version-history":[{"count":0,"href":"https:\/\/prochaska.eu\/en\/wp-json\/wp\/v2\/product\/30987\/revisions"}],"wp:featuredmedia":[{"embeddable":true,"href":"https:\/\/prochaska.eu\/en\/wp-json\/wp\/v2\/media\/22535"}],"wp:attachment":[{"href":"https:\/\/prochaska.eu\/en\/wp-json\/wp\/v2\/media?parent=30987"}],"wp:term":[{"taxonomy":"pwb-brand","embeddable":true,"href":"https:\/\/prochaska.eu\/en\/wp-json\/wp\/v2\/pwb-brand?post=30987"},{"taxonomy":"product_brand","embeddable":true,"href":"https:\/\/prochaska.eu\/en\/wp-json\/wp\/v2\/product_brand?post=30987"},{"taxonomy":"product_cat","embeddable":true,"href":"https:\/\/prochaska.eu\/en\/wp-json\/wp\/v2\/product_cat?post=30987"},{"taxonomy":"product_tag","embeddable":true,"href":"https:\/\/prochaska.eu\/en\/wp-json\/wp\/v2\/product_tag?post=30987"}],"curies":[{"name":"wp","href":"https:\/\/api.w.org\/{rel}","templated":true}]}}