{"id":31541,"date":"2025-09-24T13:12:20","date_gmt":"2025-09-24T13:12:20","guid":{"rendered":"https:\/\/prochaska.eu\/produkt\/toro-reelmaster-5610-d-4wd\/"},"modified":"2026-03-05T08:14:51","modified_gmt":"2026-03-05T08:14:51","slug":"toro-reelmaster-5610-d-4wd","status":"publish","type":"product","link":"https:\/\/prochaska.eu\/en\/produkt\/toro-reelmaster-5610-d-4wd\/","title":{"rendered":"Toro Reelmaster 5610-D 4WD"},"content":{"rendered":"<h2><strong>TORO Reelmaster\u00ae 5610-D 4WD<\/strong><\/h2>\n<h2 class=\"paragraph-in-scc-markdown-text ___1ngh792 ftgm304 f1iaxwol\"><strong>Product description:<\/strong><\/h2>\n<div class=\"paragraph-in-scc-markdown-text ___1ngh792 ftgm304 f1iaxwol\">The <strong>TORO Reelmaster\u00ae 5610-D 4WD<\/strong> is a professional large-area cylinder mower designed to meet the highest demands for cutting quality and efficiency. Equipped with <strong>17.8 cm dual-precision adjustment cutting units<\/strong>, it ensures an exceptionally even cut and a neat appearance after mowing.<\/div>\n<div class=\"paragraph-in-scc-markdown-text ___1ngh792 ftgm304 f1iaxwol\">Thanks to the <strong>powerful 44 hp Kubota 4-cylinder diesel engine<\/strong> and the <strong>CrossTrax\u00ae all-wheel drive system<\/strong>, the Reelmaster 5610 offers maximum power and control &#8211; even in demanding conditions. The <strong>8-blade cutting units<\/strong> enable an impressive <strong>cutting width of 254 cm<\/strong>, complemented by <strong>rotating roller brushes<\/strong> and a <strong>groomer<\/strong> for even more precise results.<\/div>\n<div class=\"paragraph-in-scc-markdown-text ___1ngh792 ftgm304 f1iaxwol\">For maximum comfort, the machine is equipped with a <strong>Mauser cab including heating<\/strong> and an <strong>air-sprung comfort seat<\/strong> &#8211; ideal for long working hours in any weather.<\/div>\n<div class=\"paragraph-in-scc-markdown-text ___1ngh792 ftgm304 f1iaxwol\">The machine is <strong>fully serviced and ready for immediate use.<\/strong> Serial number: <strong>280000350<\/strong><\/div>\n<h2>Technical data<\/h2>\n<div class=\"flex-1 xl:max-w-[50%]\">\n<div class=\"mt-2\">\n<table class=\"table-fixed mt-2.5 w-full\" style=\"height: 274px;\" width=\"508\">\n<tbody>\n<tr class=\"even:bg-gray-50 odd:bg-white hover:bg-gray-100 dark:odd:bg-git-el-100 dark:even:bg-git-bg-100 dark:hover:bg-git-text-100 dark:hover:text-git-bg-100 dark:text-git-text-100 group truncate\">\n<th class=\"border-b border-hgMenu-300 sm:whitespace-nowrap border-r border-hgMenu-300 pr-4 pt-1 text-left\">\n<p class=\"pl-1 text-ellipsis whitespace-nowrap overflow-hidden\" title=\"PS \/ kW\">PS \/ kW<\/p>\n<\/th>\n<td class=\"border-b border-hgMenu-300 px-2 pb-1 truncate\">44 \/ 32<\/td>\n<\/tr>\n<tr class=\"even:bg-gray-50 odd:bg-white hover:bg-gray-100 dark:odd:bg-git-el-100 dark:even:bg-git-bg-100 dark:hover:bg-git-text-100 dark:hover:text-git-bg-100 dark:text-git-text-100 group truncate\">\n<th class=\"border-b border-hgMenu-300 sm:whitespace-nowrap border-r border-hgMenu-300 pr-4 pt-1 text-left\">\n<p class=\"pl-1 text-ellipsis whitespace-nowrap overflow-hidden\" title=\"Year of construction\">Year of construction<\/p>\n<\/th>\n<td class=\"border-b border-hgMenu-300 px-2 pb-1 truncate\">2008<\/td>\n<\/tr>\n<tr class=\"even:bg-gray-50 odd:bg-white hover:bg-gray-100 dark:odd:bg-git-el-100 dark:even:bg-git-bg-100 dark:hover:bg-git-text-100 dark:hover:text-git-bg-100 dark:text-git-text-100 group truncate\">\n<th class=\"border-b border-hgMenu-300 sm:whitespace-nowrap border-r border-hgMenu-300 pr-4 pt-1 text-left\">\n<p class=\"pl-1 text-ellipsis whitespace-nowrap overflow-hidden\" title=\"Operating hours\">Operating hours<\/p>\n<\/th>\n<td class=\"border-b border-hgMenu-300 px-2 pb-1 truncate\">5178<\/td>\n<\/tr>\n<tr class=\"even:bg-gray-50 odd:bg-white hover:bg-gray-100 dark:odd:bg-git-el-100 dark:even:bg-git-bg-100 dark:hover:bg-git-text-100 dark:hover:text-git-bg-100 dark:text-git-text-100 group truncate\">\n<th class=\"border-b border-hgMenu-300 sm:whitespace-nowrap border-r border-hgMenu-300 pr-4 pt-1 text-left\">\n<p class=\"pl-1 text-ellipsis whitespace-nowrap overflow-hidden\" title=\"Width\">Width<\/p>\n<\/th>\n<td class=\"border-b border-hgMenu-300 px-2 pb-1 truncate\">254<\/td>\n<\/tr>\n<tr class=\"even:bg-gray-50 odd:bg-white hover:bg-gray-100 dark:odd:bg-git-el-100 dark:even:bg-git-bg-100 dark:hover:bg-git-text-100 dark:hover:text-git-bg-100 dark:text-git-text-100 group truncate\">\n<th class=\"border-b border-hgMenu-300 sm:whitespace-nowrap border-r border-hgMenu-300 pr-4 pt-1 text-left\">\n<p class=\"pl-1 text-ellipsis whitespace-nowrap overflow-hidden\" title=\"Internal number\">Internal number<\/p>\n<\/th>\n<td class=\"border-b border-hgMenu-300 px-2 pb-1 truncate\">6210357<\/td>\n<\/tr>\n<tr class=\"even:bg-gray-50 odd:bg-white hover:bg-gray-100 dark:odd:bg-git-el-100 dark:even:bg-git-bg-100 dark:hover:bg-git-text-100 dark:hover:text-git-bg-100 dark:text-git-text-100 group truncate\">\n<th class=\"sm:whitespace-nowrap border-r border-hgMenu-300 pr-4 pt-1 text-left\">\n<p class=\"pl-1 text-ellipsis whitespace-nowrap overflow-hidden\" title=\"Condition\">Condition<\/p>\n<\/th>\n<td class=\"px-2 pb-1 truncate\"><span class=\"flex items-center relative cursor-pointer\">Good (Class 2)<\/span><\/td>\n<\/tr>\n<\/tbody>\n<\/table>\n<h2>If you have any questions:<\/h2>\n<p>Please contact <a href=\"mailto:sales@prochaska.eu\">sales@prochaska.eu<\/a><\/p>\n<\/div>\n<\/div>\n","protected":false},"excerpt":{"rendered":"<p>The TORO Reelmaster\u00ae 5610 is a powerful large area cylinder mower with 254 cm cutting width, 44 HP Kubota diesel engine and all-wheel drive (CrossTrax\u00ae). Equipped with 8-blade cutting units, groomer, rotating roller brushes and a comfortable Mauser cab with heating and air-suspended seat. The machine is fully serviced and ready for immediate use.<\/p>\n","protected":false},"featured_media":31576,"template":"","meta":[],"pwb-brand":[3072],"product_brand":[3262],"product_cat":[3057],"product_tag":[],"class_list":{"0":"post-31541","1":"product","2":"type-product","3":"status-publish","4":"has-post-thumbnail","6":"pwb-brand-toro-en","7":"product_brand-toro","8":"product_cat-used-machinery","10":"first","11":"instock","12":"taxable","13":"shipping-taxable","14":"product-type-simple"},"yoast_head":"<!-- This site is optimized with the Yoast SEO plugin v27.2 - https:\/\/yoast.com\/product\/yoast-seo-wordpress\/ -->\n<title>Toro Reelmaster 5610-D 4WD - Prochaska<\/title>\n<meta name=\"description\" content=\"The TORO Reelmaster\u00ae 5610 locker mower offers 254 cm cutting width, 44 hp diesel, all-wheel drive, cab with heating - fully serviced &amp; ready for use.\" \/>\n<meta name=\"robots\" content=\"index, follow, max-snippet:-1, max-image-preview:large, max-video-preview:-1\" \/>\n<link rel=\"canonical\" href=\"https:\/\/prochaska.eu\/en\/produkt\/toro-reelmaster-5610-d-4wd\/\" \/>\n<meta property=\"og:locale\" content=\"en_US\" \/>\n<meta property=\"og:type\" content=\"article\" \/>\n<meta property=\"og:title\" content=\"Toro Reelmaster 5610-D 4WD - Prochaska\" \/>\n<meta property=\"og:description\" content=\"The TORO Reelmaster\u00ae 5610 locker mower offers 254 cm cutting width, 44 hp diesel, all-wheel drive, cab with heating - fully serviced &amp; ready for use.\" \/>\n<meta property=\"og:url\" content=\"https:\/\/prochaska.eu\/en\/produkt\/toro-reelmaster-5610-d-4wd\/\" \/>\n<meta property=\"og:site_name\" content=\"Prochaska\" \/>\n<meta property=\"article:publisher\" content=\"https:\/\/www.facebook.com\/prochaska.eu\/\" \/>\n<meta property=\"article:modified_time\" content=\"2026-03-05T08:14:51+00:00\" \/>\n<meta property=\"og:image\" content=\"https:\/\/prochaska.eu\/wp-content\/uploads\/2025\/09\/Image-15-min-scaled-e1758782759480.webp\" \/>\n\t<meta property=\"og:image:width\" content=\"1920\" \/>\n\t<meta property=\"og:image:height\" content=\"2560\" \/>\n\t<meta property=\"og:image:type\" content=\"image\/webp\" \/>\n<meta name=\"twitter:card\" content=\"summary_large_image\" \/>\n<meta name=\"twitter:label1\" content=\"Est. reading time\" \/>\n\t<meta name=\"twitter:data1\" content=\"2 minutes\" \/>\n<script type=\"application\/ld+json\" class=\"yoast-schema-graph\">{\"@context\":\"https:\/\/schema.org\",\"@graph\":[{\"@type\":\"WebPage\",\"@id\":\"https:\/\/prochaska.eu\/en\/produkt\/toro-reelmaster-5610-d-4wd\/\",\"url\":\"https:\/\/prochaska.eu\/en\/produkt\/toro-reelmaster-5610-d-4wd\/\",\"name\":\"Toro Reelmaster 5610-D 4WD - Prochaska\",\"isPartOf\":{\"@id\":\"https:\/\/prochaska.eu\/en\/#website\"},\"primaryImageOfPage\":{\"@id\":\"https:\/\/prochaska.eu\/en\/produkt\/toro-reelmaster-5610-d-4wd\/#primaryimage\"},\"image\":{\"@id\":\"https:\/\/prochaska.eu\/en\/produkt\/toro-reelmaster-5610-d-4wd\/#primaryimage\"},\"thumbnailUrl\":\"https:\/\/prochaska.eu\/wp-content\/uploads\/2025\/09\/Image-15-min-scaled-e1758782759480.webp\",\"datePublished\":\"2025-09-24T13:12:20+00:00\",\"dateModified\":\"2026-03-05T08:14:51+00:00\",\"description\":\"The TORO Reelmaster\u00ae 5610 locker mower offers 254 cm cutting width, 44 hp diesel, all-wheel drive, cab with heating - fully serviced & ready for use.\",\"breadcrumb\":{\"@id\":\"https:\/\/prochaska.eu\/en\/produkt\/toro-reelmaster-5610-d-4wd\/#breadcrumb\"},\"inLanguage\":\"en-US\",\"potentialAction\":[{\"@type\":\"ReadAction\",\"target\":[\"https:\/\/prochaska.eu\/en\/produkt\/toro-reelmaster-5610-d-4wd\/\"]}]},{\"@type\":\"ImageObject\",\"inLanguage\":\"en-US\",\"@id\":\"https:\/\/prochaska.eu\/en\/produkt\/toro-reelmaster-5610-d-4wd\/#primaryimage\",\"url\":\"https:\/\/prochaska.eu\/wp-content\/uploads\/2025\/09\/Image-15-min-scaled-e1758782759480.webp\",\"contentUrl\":\"https:\/\/prochaska.eu\/wp-content\/uploads\/2025\/09\/Image-15-min-scaled-e1758782759480.webp\",\"width\":1920,\"height\":2560,\"caption\":\"Toro Reelmaster 5610-D 4WD\"},{\"@type\":\"BreadcrumbList\",\"@id\":\"https:\/\/prochaska.eu\/en\/produkt\/toro-reelmaster-5610-d-4wd\/#breadcrumb\",\"itemListElement\":[{\"@type\":\"ListItem\",\"position\":1,\"name\":\"Home\",\"item\":\"https:\/\/prochaska.eu\/en\/\"},{\"@type\":\"ListItem\",\"position\":2,\"name\":\"Shop\",\"item\":\"https:\/\/prochaska.eu\/shop\/\"},{\"@type\":\"ListItem\",\"position\":3,\"name\":\"Toro Reelmaster 5610-D 4WD\"}]},{\"@type\":\"WebSite\",\"@id\":\"https:\/\/prochaska.eu\/en\/#website\",\"url\":\"https:\/\/prochaska.eu\/en\/\",\"name\":\"Prochaska\",\"description\":\"Spezialist f\u00fcr Pflege von Gr\u00fcnfl\u00e4chen\",\"publisher\":{\"@id\":\"https:\/\/prochaska.eu\/en\/#organization\"},\"potentialAction\":[{\"@type\":\"SearchAction\",\"target\":{\"@type\":\"EntryPoint\",\"urlTemplate\":\"https:\/\/prochaska.eu\/en\/?s={search_term_string}\"},\"query-input\":{\"@type\":\"PropertyValueSpecification\",\"valueRequired\":true,\"valueName\":\"search_term_string\"}}],\"inLanguage\":\"en-US\"},{\"@type\":\"Organization\",\"@id\":\"https:\/\/prochaska.eu\/en\/#organization\",\"name\":\"Prochaska\",\"url\":\"https:\/\/prochaska.eu\/en\/\",\"logo\":{\"@type\":\"ImageObject\",\"inLanguage\":\"en-US\",\"@id\":\"https:\/\/prochaska.eu\/en\/#\/schema\/logo\/image\/\",\"url\":\"https:\/\/prochaska.eu\/wp-content\/uploads\/2024\/04\/Prochaska_Logo_Black-1.png\",\"contentUrl\":\"https:\/\/prochaska.eu\/wp-content\/uploads\/2024\/04\/Prochaska_Logo_Black-1.png\",\"width\":796,\"height\":236,\"caption\":\"Prochaska\"},\"image\":{\"@id\":\"https:\/\/prochaska.eu\/en\/#\/schema\/logo\/image\/\"},\"sameAs\":[\"https:\/\/www.facebook.com\/prochaska.eu\/\",\"https:\/\/www.instagram.com\/prochaska.eu\/\",\"https:\/\/www.linkedin.com\/company\/prochaska-handels-gmbh\"]}]}<\/script>\n<!-- \/ Yoast SEO plugin. -->","yoast_head_json":{"title":"Toro Reelmaster 5610-D 4WD - Prochaska","description":"The TORO Reelmaster\u00ae 5610 locker mower offers 254 cm cutting width, 44 hp diesel, all-wheel drive, cab with heating - fully serviced & ready for use.","robots":{"index":"index","follow":"follow","max-snippet":"max-snippet:-1","max-image-preview":"max-image-preview:large","max-video-preview":"max-video-preview:-1"},"canonical":"https:\/\/prochaska.eu\/en\/produkt\/toro-reelmaster-5610-d-4wd\/","og_locale":"en_US","og_type":"article","og_title":"Toro Reelmaster 5610-D 4WD - Prochaska","og_description":"The TORO Reelmaster\u00ae 5610 locker mower offers 254 cm cutting width, 44 hp diesel, all-wheel drive, cab with heating - fully serviced & ready for use.","og_url":"https:\/\/prochaska.eu\/en\/produkt\/toro-reelmaster-5610-d-4wd\/","og_site_name":"Prochaska","article_publisher":"https:\/\/www.facebook.com\/prochaska.eu\/","article_modified_time":"2026-03-05T08:14:51+00:00","og_image":[{"width":1920,"height":2560,"url":"https:\/\/prochaska.eu\/wp-content\/uploads\/2025\/09\/Image-15-min-scaled-e1758782759480.webp","type":"image\/webp"}],"twitter_card":"summary_large_image","twitter_misc":{"Est. reading time":"2 minutes"},"schema":{"@context":"https:\/\/schema.org","@graph":[{"@type":"WebPage","@id":"https:\/\/prochaska.eu\/en\/produkt\/toro-reelmaster-5610-d-4wd\/","url":"https:\/\/prochaska.eu\/en\/produkt\/toro-reelmaster-5610-d-4wd\/","name":"Toro Reelmaster 5610-D 4WD - Prochaska","isPartOf":{"@id":"https:\/\/prochaska.eu\/en\/#website"},"primaryImageOfPage":{"@id":"https:\/\/prochaska.eu\/en\/produkt\/toro-reelmaster-5610-d-4wd\/#primaryimage"},"image":{"@id":"https:\/\/prochaska.eu\/en\/produkt\/toro-reelmaster-5610-d-4wd\/#primaryimage"},"thumbnailUrl":"https:\/\/prochaska.eu\/wp-content\/uploads\/2025\/09\/Image-15-min-scaled-e1758782759480.webp","datePublished":"2025-09-24T13:12:20+00:00","dateModified":"2026-03-05T08:14:51+00:00","description":"The TORO Reelmaster\u00ae 5610 locker mower offers 254 cm cutting width, 44 hp diesel, all-wheel drive, cab with heating - fully serviced & ready for use.","breadcrumb":{"@id":"https:\/\/prochaska.eu\/en\/produkt\/toro-reelmaster-5610-d-4wd\/#breadcrumb"},"inLanguage":"en-US","potentialAction":[{"@type":"ReadAction","target":["https:\/\/prochaska.eu\/en\/produkt\/toro-reelmaster-5610-d-4wd\/"]}]},{"@type":"ImageObject","inLanguage":"en-US","@id":"https:\/\/prochaska.eu\/en\/produkt\/toro-reelmaster-5610-d-4wd\/#primaryimage","url":"https:\/\/prochaska.eu\/wp-content\/uploads\/2025\/09\/Image-15-min-scaled-e1758782759480.webp","contentUrl":"https:\/\/prochaska.eu\/wp-content\/uploads\/2025\/09\/Image-15-min-scaled-e1758782759480.webp","width":1920,"height":2560,"caption":"Toro Reelmaster 5610-D 4WD"},{"@type":"BreadcrumbList","@id":"https:\/\/prochaska.eu\/en\/produkt\/toro-reelmaster-5610-d-4wd\/#breadcrumb","itemListElement":[{"@type":"ListItem","position":1,"name":"Home","item":"https:\/\/prochaska.eu\/en\/"},{"@type":"ListItem","position":2,"name":"Shop","item":"https:\/\/prochaska.eu\/shop\/"},{"@type":"ListItem","position":3,"name":"Toro Reelmaster 5610-D 4WD"}]},{"@type":"WebSite","@id":"https:\/\/prochaska.eu\/en\/#website","url":"https:\/\/prochaska.eu\/en\/","name":"Prochaska","description":"Spezialist f\u00fcr Pflege von Gr\u00fcnfl\u00e4chen","publisher":{"@id":"https:\/\/prochaska.eu\/en\/#organization"},"potentialAction":[{"@type":"SearchAction","target":{"@type":"EntryPoint","urlTemplate":"https:\/\/prochaska.eu\/en\/?s={search_term_string}"},"query-input":{"@type":"PropertyValueSpecification","valueRequired":true,"valueName":"search_term_string"}}],"inLanguage":"en-US"},{"@type":"Organization","@id":"https:\/\/prochaska.eu\/en\/#organization","name":"Prochaska","url":"https:\/\/prochaska.eu\/en\/","logo":{"@type":"ImageObject","inLanguage":"en-US","@id":"https:\/\/prochaska.eu\/en\/#\/schema\/logo\/image\/","url":"https:\/\/prochaska.eu\/wp-content\/uploads\/2024\/04\/Prochaska_Logo_Black-1.png","contentUrl":"https:\/\/prochaska.eu\/wp-content\/uploads\/2024\/04\/Prochaska_Logo_Black-1.png","width":796,"height":236,"caption":"Prochaska"},"image":{"@id":"https:\/\/prochaska.eu\/en\/#\/schema\/logo\/image\/"},"sameAs":["https:\/\/www.facebook.com\/prochaska.eu\/","https:\/\/www.instagram.com\/prochaska.eu\/","https:\/\/www.linkedin.com\/company\/prochaska-handels-gmbh"]}]}},"brands":[{"id":3072,"name":"Toro","slug":"toro-en"}],"_links":{"self":[{"href":"https:\/\/prochaska.eu\/en\/wp-json\/wp\/v2\/product\/31541","targetHints":{"allow":["GET"]}}],"collection":[{"href":"https:\/\/prochaska.eu\/en\/wp-json\/wp\/v2\/product"}],"about":[{"href":"https:\/\/prochaska.eu\/en\/wp-json\/wp\/v2\/types\/product"}],"version-history":[{"count":1,"href":"https:\/\/prochaska.eu\/en\/wp-json\/wp\/v2\/product\/31541\/revisions"}],"predecessor-version":[{"id":33304,"href":"https:\/\/prochaska.eu\/en\/wp-json\/wp\/v2\/product\/31541\/revisions\/33304"}],"wp:featuredmedia":[{"embeddable":true,"href":"https:\/\/prochaska.eu\/en\/wp-json\/wp\/v2\/media\/31576"}],"wp:attachment":[{"href":"https:\/\/prochaska.eu\/en\/wp-json\/wp\/v2\/media?parent=31541"}],"wp:term":[{"taxonomy":"pwb-brand","embeddable":true,"href":"https:\/\/prochaska.eu\/en\/wp-json\/wp\/v2\/pwb-brand?post=31541"},{"taxonomy":"product_brand","embeddable":true,"href":"https:\/\/prochaska.eu\/en\/wp-json\/wp\/v2\/product_brand?post=31541"},{"taxonomy":"product_cat","embeddable":true,"href":"https:\/\/prochaska.eu\/en\/wp-json\/wp\/v2\/product_cat?post=31541"},{"taxonomy":"product_tag","embeddable":true,"href":"https:\/\/prochaska.eu\/en\/wp-json\/wp\/v2\/product_tag?post=31541"}],"curies":[{"name":"wp","href":"https:\/\/api.w.org\/{rel}","templated":true}]}}