{"id":31706,"date":"2025-09-25T12:26:12","date_gmt":"2025-09-25T12:26:12","guid":{"rendered":"https:\/\/prochaska.eu\/produkt\/billy-goat-sodenschneider-sc240kg-hydro-drive-24\/"},"modified":"2025-09-25T12:26:12","modified_gmt":"2025-09-25T12:26:12","slug":"billy-goat-sodenschneider-sc240kg-hydro-drive-24","status":"publish","type":"product","link":"https:\/\/prochaska.eu\/en\/produkt\/billy-goat-sodenschneider-sc240kg-hydro-drive-24\/","title":{"rendered":"Billy Goat &#8211; Sodenschneider &#8211; SC240KG &#8211; Hydro-Drive 24&#8243;"},"content":{"rendered":"<p>Billy Goat sod cutters are powerful, robust and easy to use. They are ideal for use in landscaping, paving work, irrigation projects, golf courses, sports facilities and turf schools. Thanks to their well thought-out design, they make it easier to precisely remove pieces of turf, even on large projects.  <\/p>\n<p>The 24 inch\/61 cm wide SC240KG Hydro-Drive sod cutter from Billy Goat is based on the most robust construction in the industry. The reinforced superstructure frame with 23 kg of additional steel ensures maximum stability, while the laser-coated cutting blade enables particularly precise cutting and up to three times longer service life. With hydrostatic transmission, variable speed and intuitive controls, the machine is easy to maneuver forwards and backwards. Vibrations are reduced by oversized isolation mounts, ensuring fatigue-free operation. The SC240KG is powered by a reliable Kohler\u00ae Command Pro CV200 engine and is ideal for large and demanding areas.    <\/p>\n<h2 data-start=\"1220\" data-end=\"1241\"><strong data-start=\"1220\" data-end=\"1239\">Product advantages<\/strong><\/h2>\n<ul data-start=\"1242\" data-end=\"1600\">\n<li data-start=\"1242\" data-end=\"1295\">Superstructure frame with 23 kg of additional steel<\/li>\n<li data-start=\"1296\" data-end=\"1365\">Durable, robust cutting system with laser-coated blade<\/li>\n<li data-start=\"1366\" data-end=\"1422\">Variable hydro-drive control for precise work<\/li>\n<li data-start=\"1423\" data-end=\"1473\">Vibration damping through insulation mounts<\/li>\n<li data-start=\"1474\" data-end=\"1538\">Rotating rear wheel for maneuverability and straight cutting<\/li>\n<li data-start=\"1539\" data-end=\"1600\">Kohler\u00ae Command Pro CV200 motor for reliable performance<\/li>\n<\/ul>\n","protected":false},"excerpt":{"rendered":"<p data-start=\"170\" data-end=\"514\">The Billy Goat SC240KG Hydro-Drive sod cutter with 24&#8243; cutting width offers maximum precision and performance for landscaping, sports fields and golf courses. With its robust frame, laser-coated blade and Kohler motor, this professional sod cutter is ideal for efficiently removing and clearing turf. <\/p>\n<p><span class=\"p2\"> <\/span><\/p>\n","protected":false},"featured_media":31608,"template":"","meta":[],"pwb-brand":[3085],"product_brand":[3257],"product_cat":[1537,1540],"product_tag":[1534,3280,3279],"class_list":{"0":"post-31706","1":"product","2":"type-product","3":"status-publish","4":"has-post-thumbnail","6":"pwb-brand-billy-goat-en","7":"product_brand-billy-goat","8":"product_cat-soil-preparation","9":"product_cat-soil-preparation-en","10":"product_tag-billy-goat-en","11":"product_tag-sc240-en","12":"product_tag-soden-cutter","14":"first","15":"instock","16":"taxable","17":"shipping-taxable","18":"purchasable","19":"product-type-simple"},"yoast_head":"<!-- This site is optimized with the Yoast SEO plugin v27.2 - https:\/\/yoast.com\/product\/yoast-seo-wordpress\/ -->\n<title>Billy Goat - Sodenschneider - SC240KG - Hydro-Drive 24&quot; - Prochaska<\/title>\n<meta name=\"description\" content=\"The Billy Goat SC240KG Hydro-Drive sod cutter with 24&quot; cutting width and Kohler engine impresses with its robust design, precise cutting system and simple operation. Ideal for landscaping, sports fields and golf courses.\" \/>\n<meta name=\"robots\" content=\"index, follow, max-snippet:-1, max-image-preview:large, max-video-preview:-1\" \/>\n<link rel=\"canonical\" href=\"https:\/\/prochaska.eu\/en\/produkt\/billy-goat-sodenschneider-sc240kg-hydro-drive-24\/\" \/>\n<meta property=\"og:locale\" content=\"en_US\" \/>\n<meta property=\"og:type\" content=\"article\" \/>\n<meta property=\"og:title\" content=\"Billy Goat - Sodenschneider - SC240KG - Hydro-Drive 24&quot; - Prochaska\" \/>\n<meta property=\"og:description\" content=\"The Billy Goat SC240KG Hydro-Drive sod cutter with 24&quot; cutting width and Kohler engine impresses with its robust design, precise cutting system and simple operation. Ideal for landscaping, sports fields and golf courses.\" \/>\n<meta property=\"og:url\" content=\"https:\/\/prochaska.eu\/en\/produkt\/billy-goat-sodenschneider-sc240kg-hydro-drive-24\/\" \/>\n<meta property=\"og:site_name\" content=\"Prochaska\" \/>\n<meta property=\"article:publisher\" content=\"https:\/\/www.facebook.com\/prochaska.eu\/\" \/>\n<meta property=\"og:image\" content=\"https:\/\/prochaska.eu\/wp-content\/uploads\/2025\/09\/original-1.webp\" \/>\n\t<meta property=\"og:image:width\" content=\"1024\" \/>\n\t<meta property=\"og:image:height\" content=\"1024\" \/>\n\t<meta property=\"og:image:type\" content=\"image\/webp\" \/>\n<meta name=\"twitter:card\" content=\"summary_large_image\" \/>\n<meta name=\"twitter:label1\" content=\"Est. reading time\" \/>\n\t<meta name=\"twitter:data1\" content=\"1 minute\" \/>\n<script type=\"application\/ld+json\" class=\"yoast-schema-graph\">{\"@context\":\"https:\/\/schema.org\",\"@graph\":[{\"@type\":\"WebPage\",\"@id\":\"https:\/\/prochaska.eu\/en\/produkt\/billy-goat-sodenschneider-sc240kg-hydro-drive-24\/\",\"url\":\"https:\/\/prochaska.eu\/en\/produkt\/billy-goat-sodenschneider-sc240kg-hydro-drive-24\/\",\"name\":\"Billy Goat - Sodenschneider - SC240KG - Hydro-Drive 24\\\" - Prochaska\",\"isPartOf\":{\"@id\":\"https:\/\/prochaska.eu\/en\/#website\"},\"primaryImageOfPage\":{\"@id\":\"https:\/\/prochaska.eu\/en\/produkt\/billy-goat-sodenschneider-sc240kg-hydro-drive-24\/#primaryimage\"},\"image\":{\"@id\":\"https:\/\/prochaska.eu\/en\/produkt\/billy-goat-sodenschneider-sc240kg-hydro-drive-24\/#primaryimage\"},\"thumbnailUrl\":\"https:\/\/prochaska.eu\/wp-content\/uploads\/2025\/09\/original-1.webp\",\"datePublished\":\"2025-09-25T12:26:12+00:00\",\"description\":\"The Billy Goat SC240KG Hydro-Drive sod cutter with 24\\\" cutting width and Kohler engine impresses with its robust design, precise cutting system and simple operation. Ideal for landscaping, sports fields and golf courses.\",\"breadcrumb\":{\"@id\":\"https:\/\/prochaska.eu\/en\/produkt\/billy-goat-sodenschneider-sc240kg-hydro-drive-24\/#breadcrumb\"},\"inLanguage\":\"en-US\",\"potentialAction\":[{\"@type\":\"ReadAction\",\"target\":[\"https:\/\/prochaska.eu\/en\/produkt\/billy-goat-sodenschneider-sc240kg-hydro-drive-24\/\"]}]},{\"@type\":\"ImageObject\",\"inLanguage\":\"en-US\",\"@id\":\"https:\/\/prochaska.eu\/en\/produkt\/billy-goat-sodenschneider-sc240kg-hydro-drive-24\/#primaryimage\",\"url\":\"https:\/\/prochaska.eu\/wp-content\/uploads\/2025\/09\/original-1.webp\",\"contentUrl\":\"https:\/\/prochaska.eu\/wp-content\/uploads\/2025\/09\/original-1.webp\",\"width\":1024,\"height\":1024},{\"@type\":\"BreadcrumbList\",\"@id\":\"https:\/\/prochaska.eu\/en\/produkt\/billy-goat-sodenschneider-sc240kg-hydro-drive-24\/#breadcrumb\",\"itemListElement\":[{\"@type\":\"ListItem\",\"position\":1,\"name\":\"Home\",\"item\":\"https:\/\/prochaska.eu\/en\/\"},{\"@type\":\"ListItem\",\"position\":2,\"name\":\"Shop\",\"item\":\"https:\/\/prochaska.eu\/shop\/\"},{\"@type\":\"ListItem\",\"position\":3,\"name\":\"Billy Goat &#8211; Sodenschneider &#8211; SC240KG &#8211; Hydro-Drive 24&#8243;\"}]},{\"@type\":\"WebSite\",\"@id\":\"https:\/\/prochaska.eu\/en\/#website\",\"url\":\"https:\/\/prochaska.eu\/en\/\",\"name\":\"Prochaska\",\"description\":\"Spezialist f\u00fcr Pflege von Gr\u00fcnfl\u00e4chen\",\"publisher\":{\"@id\":\"https:\/\/prochaska.eu\/en\/#organization\"},\"potentialAction\":[{\"@type\":\"SearchAction\",\"target\":{\"@type\":\"EntryPoint\",\"urlTemplate\":\"https:\/\/prochaska.eu\/en\/?s={search_term_string}\"},\"query-input\":{\"@type\":\"PropertyValueSpecification\",\"valueRequired\":true,\"valueName\":\"search_term_string\"}}],\"inLanguage\":\"en-US\"},{\"@type\":\"Organization\",\"@id\":\"https:\/\/prochaska.eu\/en\/#organization\",\"name\":\"Prochaska\",\"url\":\"https:\/\/prochaska.eu\/en\/\",\"logo\":{\"@type\":\"ImageObject\",\"inLanguage\":\"en-US\",\"@id\":\"https:\/\/prochaska.eu\/en\/#\/schema\/logo\/image\/\",\"url\":\"https:\/\/prochaska.eu\/wp-content\/uploads\/2024\/04\/Prochaska_Logo_Black-1.png\",\"contentUrl\":\"https:\/\/prochaska.eu\/wp-content\/uploads\/2024\/04\/Prochaska_Logo_Black-1.png\",\"width\":796,\"height\":236,\"caption\":\"Prochaska\"},\"image\":{\"@id\":\"https:\/\/prochaska.eu\/en\/#\/schema\/logo\/image\/\"},\"sameAs\":[\"https:\/\/www.facebook.com\/prochaska.eu\/\",\"https:\/\/www.instagram.com\/prochaska.eu\/\",\"https:\/\/www.linkedin.com\/company\/prochaska-handels-gmbh\"]}]}<\/script>\n<!-- \/ Yoast SEO plugin. -->","yoast_head_json":{"title":"Billy Goat - Sodenschneider - SC240KG - Hydro-Drive 24\" - Prochaska","description":"The Billy Goat SC240KG Hydro-Drive sod cutter with 24\" cutting width and Kohler engine impresses with its robust design, precise cutting system and simple operation. Ideal for landscaping, sports fields and golf courses.","robots":{"index":"index","follow":"follow","max-snippet":"max-snippet:-1","max-image-preview":"max-image-preview:large","max-video-preview":"max-video-preview:-1"},"canonical":"https:\/\/prochaska.eu\/en\/produkt\/billy-goat-sodenschneider-sc240kg-hydro-drive-24\/","og_locale":"en_US","og_type":"article","og_title":"Billy Goat - Sodenschneider - SC240KG - Hydro-Drive 24\" - Prochaska","og_description":"The Billy Goat SC240KG Hydro-Drive sod cutter with 24\" cutting width and Kohler engine impresses with its robust design, precise cutting system and simple operation. Ideal for landscaping, sports fields and golf courses.","og_url":"https:\/\/prochaska.eu\/en\/produkt\/billy-goat-sodenschneider-sc240kg-hydro-drive-24\/","og_site_name":"Prochaska","article_publisher":"https:\/\/www.facebook.com\/prochaska.eu\/","og_image":[{"width":1024,"height":1024,"url":"https:\/\/prochaska.eu\/wp-content\/uploads\/2025\/09\/original-1.webp","type":"image\/webp"}],"twitter_card":"summary_large_image","twitter_misc":{"Est. reading time":"1 minute"},"schema":{"@context":"https:\/\/schema.org","@graph":[{"@type":"WebPage","@id":"https:\/\/prochaska.eu\/en\/produkt\/billy-goat-sodenschneider-sc240kg-hydro-drive-24\/","url":"https:\/\/prochaska.eu\/en\/produkt\/billy-goat-sodenschneider-sc240kg-hydro-drive-24\/","name":"Billy Goat - Sodenschneider - SC240KG - Hydro-Drive 24\" - Prochaska","isPartOf":{"@id":"https:\/\/prochaska.eu\/en\/#website"},"primaryImageOfPage":{"@id":"https:\/\/prochaska.eu\/en\/produkt\/billy-goat-sodenschneider-sc240kg-hydro-drive-24\/#primaryimage"},"image":{"@id":"https:\/\/prochaska.eu\/en\/produkt\/billy-goat-sodenschneider-sc240kg-hydro-drive-24\/#primaryimage"},"thumbnailUrl":"https:\/\/prochaska.eu\/wp-content\/uploads\/2025\/09\/original-1.webp","datePublished":"2025-09-25T12:26:12+00:00","description":"The Billy Goat SC240KG Hydro-Drive sod cutter with 24\" cutting width and Kohler engine impresses with its robust design, precise cutting system and simple operation. Ideal for landscaping, sports fields and golf courses.","breadcrumb":{"@id":"https:\/\/prochaska.eu\/en\/produkt\/billy-goat-sodenschneider-sc240kg-hydro-drive-24\/#breadcrumb"},"inLanguage":"en-US","potentialAction":[{"@type":"ReadAction","target":["https:\/\/prochaska.eu\/en\/produkt\/billy-goat-sodenschneider-sc240kg-hydro-drive-24\/"]}]},{"@type":"ImageObject","inLanguage":"en-US","@id":"https:\/\/prochaska.eu\/en\/produkt\/billy-goat-sodenschneider-sc240kg-hydro-drive-24\/#primaryimage","url":"https:\/\/prochaska.eu\/wp-content\/uploads\/2025\/09\/original-1.webp","contentUrl":"https:\/\/prochaska.eu\/wp-content\/uploads\/2025\/09\/original-1.webp","width":1024,"height":1024},{"@type":"BreadcrumbList","@id":"https:\/\/prochaska.eu\/en\/produkt\/billy-goat-sodenschneider-sc240kg-hydro-drive-24\/#breadcrumb","itemListElement":[{"@type":"ListItem","position":1,"name":"Home","item":"https:\/\/prochaska.eu\/en\/"},{"@type":"ListItem","position":2,"name":"Shop","item":"https:\/\/prochaska.eu\/shop\/"},{"@type":"ListItem","position":3,"name":"Billy Goat &#8211; Sodenschneider &#8211; SC240KG &#8211; Hydro-Drive 24&#8243;"}]},{"@type":"WebSite","@id":"https:\/\/prochaska.eu\/en\/#website","url":"https:\/\/prochaska.eu\/en\/","name":"Prochaska","description":"Spezialist f\u00fcr Pflege von Gr\u00fcnfl\u00e4chen","publisher":{"@id":"https:\/\/prochaska.eu\/en\/#organization"},"potentialAction":[{"@type":"SearchAction","target":{"@type":"EntryPoint","urlTemplate":"https:\/\/prochaska.eu\/en\/?s={search_term_string}"},"query-input":{"@type":"PropertyValueSpecification","valueRequired":true,"valueName":"search_term_string"}}],"inLanguage":"en-US"},{"@type":"Organization","@id":"https:\/\/prochaska.eu\/en\/#organization","name":"Prochaska","url":"https:\/\/prochaska.eu\/en\/","logo":{"@type":"ImageObject","inLanguage":"en-US","@id":"https:\/\/prochaska.eu\/en\/#\/schema\/logo\/image\/","url":"https:\/\/prochaska.eu\/wp-content\/uploads\/2024\/04\/Prochaska_Logo_Black-1.png","contentUrl":"https:\/\/prochaska.eu\/wp-content\/uploads\/2024\/04\/Prochaska_Logo_Black-1.png","width":796,"height":236,"caption":"Prochaska"},"image":{"@id":"https:\/\/prochaska.eu\/en\/#\/schema\/logo\/image\/"},"sameAs":["https:\/\/www.facebook.com\/prochaska.eu\/","https:\/\/www.instagram.com\/prochaska.eu\/","https:\/\/www.linkedin.com\/company\/prochaska-handels-gmbh"]}]}},"brands":[{"id":3085,"name":"Billy Goat","slug":"billy-goat-en"}],"_links":{"self":[{"href":"https:\/\/prochaska.eu\/en\/wp-json\/wp\/v2\/product\/31706","targetHints":{"allow":["GET"]}}],"collection":[{"href":"https:\/\/prochaska.eu\/en\/wp-json\/wp\/v2\/product"}],"about":[{"href":"https:\/\/prochaska.eu\/en\/wp-json\/wp\/v2\/types\/product"}],"version-history":[{"count":0,"href":"https:\/\/prochaska.eu\/en\/wp-json\/wp\/v2\/product\/31706\/revisions"}],"wp:featuredmedia":[{"embeddable":true,"href":"https:\/\/prochaska.eu\/en\/wp-json\/wp\/v2\/media\/31608"}],"wp:attachment":[{"href":"https:\/\/prochaska.eu\/en\/wp-json\/wp\/v2\/media?parent=31706"}],"wp:term":[{"taxonomy":"pwb-brand","embeddable":true,"href":"https:\/\/prochaska.eu\/en\/wp-json\/wp\/v2\/pwb-brand?post=31706"},{"taxonomy":"product_brand","embeddable":true,"href":"https:\/\/prochaska.eu\/en\/wp-json\/wp\/v2\/product_brand?post=31706"},{"taxonomy":"product_cat","embeddable":true,"href":"https:\/\/prochaska.eu\/en\/wp-json\/wp\/v2\/product_cat?post=31706"},{"taxonomy":"product_tag","embeddable":true,"href":"https:\/\/prochaska.eu\/en\/wp-json\/wp\/v2\/product_tag?post=31706"}],"curies":[{"name":"wp","href":"https:\/\/api.w.org\/{rel}","templated":true}]}}