{"id":31731,"date":"2025-09-30T11:30:20","date_gmt":"2025-09-30T11:30:20","guid":{"rendered":"https:\/\/prochaska.eu\/produkt\/icocar-birdie-3-0-cargo\/"},"modified":"2025-09-30T11:30:20","modified_gmt":"2025-09-30T11:30:20","slug":"icocar-birdie-3-0-cargo","status":"publish","type":"product","link":"https:\/\/prochaska.eu\/en\/produkt\/icocar-birdie-3-0-cargo\/","title":{"rendered":"IcoCar Birdie 3.0 Cargo"},"content":{"rendered":"<p>IcoCar Birdie 3.0 Cargo Golfcar used with loading area, year 2021, 1.016 km, 1A condition. Black metallic,<br \/>\non-board charger, lighting system, aluminum frame, USB, 6&#215;8 V Trojan T875 batteries 1 year old, central filling system, premium seats black, classic golf steering wheel, 10&#8243; aluminum rims, 7&#8243; digital speedometer, cargo box 110&#215;60 cm.<br \/>\n10 km\/h road typing possible on request.  <\/p>\n","protected":false},"excerpt":{"rendered":"<p>Used IcoCar Birdie 3.0 Cargo (year 2021) with only 1,016 km, in top condition. Equipped with cargo bed, on-board charger, lighting system, aluminum frame, USB, premium seats, 10&#8243; aluminum rims, digital speedometer and 6x8V Trojan batteries (1 year old). Road legal (10 km\/h) possible on request.  <\/p>\n","protected":false},"featured_media":31713,"template":"","meta":[],"pwb-brand":[22],"product_brand":[],"product_cat":[1332,3057],"product_tag":[],"class_list":{"0":"post-31731","1":"product","2":"type-product","3":"status-publish","4":"has-post-thumbnail","6":"pwb-brand-icocar","7":"product_cat-e-cars-en","8":"product_cat-used-machinery","10":"first","11":"instock","12":"taxable","13":"shipping-taxable","14":"product-type-simple"},"yoast_head":"<!-- This site is optimized with the Yoast SEO plugin v27.2 - https:\/\/yoast.com\/product\/yoast-seo-wordpress\/ -->\n<title>IcoCar Birdie 3.0 Cargo - Prochaska<\/title>\n<meta name=\"description\" content=\"Used IcoCar Birdie 3.0 Cargo Golfcar, year 2021, 1A condition, only 1,016 km, with loading area, premium equipment &amp; road registration possible.\" \/>\n<meta name=\"robots\" content=\"index, follow, max-snippet:-1, max-image-preview:large, max-video-preview:-1\" \/>\n<link rel=\"canonical\" href=\"https:\/\/prochaska.eu\/en\/produkt\/icocar-birdie-3-0-cargo\/\" \/>\n<meta property=\"og:locale\" content=\"en_US\" \/>\n<meta property=\"og:type\" content=\"article\" \/>\n<meta property=\"og:title\" content=\"IcoCar Birdie 3.0 Cargo - Prochaska\" \/>\n<meta property=\"og:description\" content=\"Used IcoCar Birdie 3.0 Cargo Golfcar, year 2021, 1A condition, only 1,016 km, with loading area, premium equipment &amp; road registration possible.\" \/>\n<meta property=\"og:url\" content=\"https:\/\/prochaska.eu\/en\/produkt\/icocar-birdie-3-0-cargo\/\" \/>\n<meta property=\"og:site_name\" content=\"Prochaska\" \/>\n<meta property=\"article:publisher\" content=\"https:\/\/www.facebook.com\/prochaska.eu\/\" \/>\n<meta property=\"og:image\" content=\"https:\/\/prochaska.eu\/wp-content\/uploads\/2025\/09\/5230-632c9629836ebe3bc4800ceda63cc56a-6243794-2vb.jpg\" \/>\n\t<meta property=\"og:image:width\" content=\"1200\" \/>\n\t<meta property=\"og:image:height\" content=\"1600\" \/>\n\t<meta property=\"og:image:type\" content=\"image\/jpeg\" \/>\n<meta name=\"twitter:card\" content=\"summary_large_image\" \/>\n<script type=\"application\/ld+json\" class=\"yoast-schema-graph\">{\"@context\":\"https:\/\/schema.org\",\"@graph\":[{\"@type\":\"WebPage\",\"@id\":\"https:\/\/prochaska.eu\/en\/produkt\/icocar-birdie-3-0-cargo\/\",\"url\":\"https:\/\/prochaska.eu\/en\/produkt\/icocar-birdie-3-0-cargo\/\",\"name\":\"IcoCar Birdie 3.0 Cargo - Prochaska\",\"isPartOf\":{\"@id\":\"https:\/\/prochaska.eu\/en\/#website\"},\"primaryImageOfPage\":{\"@id\":\"https:\/\/prochaska.eu\/en\/produkt\/icocar-birdie-3-0-cargo\/#primaryimage\"},\"image\":{\"@id\":\"https:\/\/prochaska.eu\/en\/produkt\/icocar-birdie-3-0-cargo\/#primaryimage\"},\"thumbnailUrl\":\"https:\/\/prochaska.eu\/wp-content\/uploads\/2025\/09\/5230-632c9629836ebe3bc4800ceda63cc56a-6243794-2vb.jpg\",\"datePublished\":\"2025-09-30T11:30:20+00:00\",\"description\":\"Used IcoCar Birdie 3.0 Cargo Golfcar, year 2021, 1A condition, only 1,016 km, with loading area, premium equipment & road registration possible.\",\"breadcrumb\":{\"@id\":\"https:\/\/prochaska.eu\/en\/produkt\/icocar-birdie-3-0-cargo\/#breadcrumb\"},\"inLanguage\":\"en-US\",\"potentialAction\":[{\"@type\":\"ReadAction\",\"target\":[\"https:\/\/prochaska.eu\/en\/produkt\/icocar-birdie-3-0-cargo\/\"]}]},{\"@type\":\"ImageObject\",\"inLanguage\":\"en-US\",\"@id\":\"https:\/\/prochaska.eu\/en\/produkt\/icocar-birdie-3-0-cargo\/#primaryimage\",\"url\":\"https:\/\/prochaska.eu\/wp-content\/uploads\/2025\/09\/5230-632c9629836ebe3bc4800ceda63cc56a-6243794-2vb.jpg\",\"contentUrl\":\"https:\/\/prochaska.eu\/wp-content\/uploads\/2025\/09\/5230-632c9629836ebe3bc4800ceda63cc56a-6243794-2vb.jpg\",\"width\":1200,\"height\":1600,\"caption\":\"IcoCar Birdie 3.0 Cargo\"},{\"@type\":\"BreadcrumbList\",\"@id\":\"https:\/\/prochaska.eu\/en\/produkt\/icocar-birdie-3-0-cargo\/#breadcrumb\",\"itemListElement\":[{\"@type\":\"ListItem\",\"position\":1,\"name\":\"Home\",\"item\":\"https:\/\/prochaska.eu\/en\/\"},{\"@type\":\"ListItem\",\"position\":2,\"name\":\"Shop\",\"item\":\"https:\/\/prochaska.eu\/shop\/\"},{\"@type\":\"ListItem\",\"position\":3,\"name\":\"IcoCar Birdie 3.0 Cargo\"}]},{\"@type\":\"WebSite\",\"@id\":\"https:\/\/prochaska.eu\/en\/#website\",\"url\":\"https:\/\/prochaska.eu\/en\/\",\"name\":\"Prochaska\",\"description\":\"Spezialist f\u00fcr Pflege von Gr\u00fcnfl\u00e4chen\",\"publisher\":{\"@id\":\"https:\/\/prochaska.eu\/en\/#organization\"},\"potentialAction\":[{\"@type\":\"SearchAction\",\"target\":{\"@type\":\"EntryPoint\",\"urlTemplate\":\"https:\/\/prochaska.eu\/en\/?s={search_term_string}\"},\"query-input\":{\"@type\":\"PropertyValueSpecification\",\"valueRequired\":true,\"valueName\":\"search_term_string\"}}],\"inLanguage\":\"en-US\"},{\"@type\":\"Organization\",\"@id\":\"https:\/\/prochaska.eu\/en\/#organization\",\"name\":\"Prochaska\",\"url\":\"https:\/\/prochaska.eu\/en\/\",\"logo\":{\"@type\":\"ImageObject\",\"inLanguage\":\"en-US\",\"@id\":\"https:\/\/prochaska.eu\/en\/#\/schema\/logo\/image\/\",\"url\":\"https:\/\/prochaska.eu\/wp-content\/uploads\/2024\/04\/Prochaska_Logo_Black-1.png\",\"contentUrl\":\"https:\/\/prochaska.eu\/wp-content\/uploads\/2024\/04\/Prochaska_Logo_Black-1.png\",\"width\":796,\"height\":236,\"caption\":\"Prochaska\"},\"image\":{\"@id\":\"https:\/\/prochaska.eu\/en\/#\/schema\/logo\/image\/\"},\"sameAs\":[\"https:\/\/www.facebook.com\/prochaska.eu\/\",\"https:\/\/www.instagram.com\/prochaska.eu\/\",\"https:\/\/www.linkedin.com\/company\/prochaska-handels-gmbh\"]}]}<\/script>\n<!-- \/ Yoast SEO plugin. -->","yoast_head_json":{"title":"IcoCar Birdie 3.0 Cargo - Prochaska","description":"Used IcoCar Birdie 3.0 Cargo Golfcar, year 2021, 1A condition, only 1,016 km, with loading area, premium equipment & road registration possible.","robots":{"index":"index","follow":"follow","max-snippet":"max-snippet:-1","max-image-preview":"max-image-preview:large","max-video-preview":"max-video-preview:-1"},"canonical":"https:\/\/prochaska.eu\/en\/produkt\/icocar-birdie-3-0-cargo\/","og_locale":"en_US","og_type":"article","og_title":"IcoCar Birdie 3.0 Cargo - Prochaska","og_description":"Used IcoCar Birdie 3.0 Cargo Golfcar, year 2021, 1A condition, only 1,016 km, with loading area, premium equipment & road registration possible.","og_url":"https:\/\/prochaska.eu\/en\/produkt\/icocar-birdie-3-0-cargo\/","og_site_name":"Prochaska","article_publisher":"https:\/\/www.facebook.com\/prochaska.eu\/","og_image":[{"width":1200,"height":1600,"url":"https:\/\/prochaska.eu\/wp-content\/uploads\/2025\/09\/5230-632c9629836ebe3bc4800ceda63cc56a-6243794-2vb.jpg","type":"image\/jpeg"}],"twitter_card":"summary_large_image","schema":{"@context":"https:\/\/schema.org","@graph":[{"@type":"WebPage","@id":"https:\/\/prochaska.eu\/en\/produkt\/icocar-birdie-3-0-cargo\/","url":"https:\/\/prochaska.eu\/en\/produkt\/icocar-birdie-3-0-cargo\/","name":"IcoCar Birdie 3.0 Cargo - Prochaska","isPartOf":{"@id":"https:\/\/prochaska.eu\/en\/#website"},"primaryImageOfPage":{"@id":"https:\/\/prochaska.eu\/en\/produkt\/icocar-birdie-3-0-cargo\/#primaryimage"},"image":{"@id":"https:\/\/prochaska.eu\/en\/produkt\/icocar-birdie-3-0-cargo\/#primaryimage"},"thumbnailUrl":"https:\/\/prochaska.eu\/wp-content\/uploads\/2025\/09\/5230-632c9629836ebe3bc4800ceda63cc56a-6243794-2vb.jpg","datePublished":"2025-09-30T11:30:20+00:00","description":"Used IcoCar Birdie 3.0 Cargo Golfcar, year 2021, 1A condition, only 1,016 km, with loading area, premium equipment & road registration possible.","breadcrumb":{"@id":"https:\/\/prochaska.eu\/en\/produkt\/icocar-birdie-3-0-cargo\/#breadcrumb"},"inLanguage":"en-US","potentialAction":[{"@type":"ReadAction","target":["https:\/\/prochaska.eu\/en\/produkt\/icocar-birdie-3-0-cargo\/"]}]},{"@type":"ImageObject","inLanguage":"en-US","@id":"https:\/\/prochaska.eu\/en\/produkt\/icocar-birdie-3-0-cargo\/#primaryimage","url":"https:\/\/prochaska.eu\/wp-content\/uploads\/2025\/09\/5230-632c9629836ebe3bc4800ceda63cc56a-6243794-2vb.jpg","contentUrl":"https:\/\/prochaska.eu\/wp-content\/uploads\/2025\/09\/5230-632c9629836ebe3bc4800ceda63cc56a-6243794-2vb.jpg","width":1200,"height":1600,"caption":"IcoCar Birdie 3.0 Cargo"},{"@type":"BreadcrumbList","@id":"https:\/\/prochaska.eu\/en\/produkt\/icocar-birdie-3-0-cargo\/#breadcrumb","itemListElement":[{"@type":"ListItem","position":1,"name":"Home","item":"https:\/\/prochaska.eu\/en\/"},{"@type":"ListItem","position":2,"name":"Shop","item":"https:\/\/prochaska.eu\/shop\/"},{"@type":"ListItem","position":3,"name":"IcoCar Birdie 3.0 Cargo"}]},{"@type":"WebSite","@id":"https:\/\/prochaska.eu\/en\/#website","url":"https:\/\/prochaska.eu\/en\/","name":"Prochaska","description":"Spezialist f\u00fcr Pflege von Gr\u00fcnfl\u00e4chen","publisher":{"@id":"https:\/\/prochaska.eu\/en\/#organization"},"potentialAction":[{"@type":"SearchAction","target":{"@type":"EntryPoint","urlTemplate":"https:\/\/prochaska.eu\/en\/?s={search_term_string}"},"query-input":{"@type":"PropertyValueSpecification","valueRequired":true,"valueName":"search_term_string"}}],"inLanguage":"en-US"},{"@type":"Organization","@id":"https:\/\/prochaska.eu\/en\/#organization","name":"Prochaska","url":"https:\/\/prochaska.eu\/en\/","logo":{"@type":"ImageObject","inLanguage":"en-US","@id":"https:\/\/prochaska.eu\/en\/#\/schema\/logo\/image\/","url":"https:\/\/prochaska.eu\/wp-content\/uploads\/2024\/04\/Prochaska_Logo_Black-1.png","contentUrl":"https:\/\/prochaska.eu\/wp-content\/uploads\/2024\/04\/Prochaska_Logo_Black-1.png","width":796,"height":236,"caption":"Prochaska"},"image":{"@id":"https:\/\/prochaska.eu\/en\/#\/schema\/logo\/image\/"},"sameAs":["https:\/\/www.facebook.com\/prochaska.eu\/","https:\/\/www.instagram.com\/prochaska.eu\/","https:\/\/www.linkedin.com\/company\/prochaska-handels-gmbh"]}]}},"brands":[{"id":22,"name":"IcoCar","slug":"icocar"}],"_links":{"self":[{"href":"https:\/\/prochaska.eu\/en\/wp-json\/wp\/v2\/product\/31731","targetHints":{"allow":["GET"]}}],"collection":[{"href":"https:\/\/prochaska.eu\/en\/wp-json\/wp\/v2\/product"}],"about":[{"href":"https:\/\/prochaska.eu\/en\/wp-json\/wp\/v2\/types\/product"}],"version-history":[{"count":0,"href":"https:\/\/prochaska.eu\/en\/wp-json\/wp\/v2\/product\/31731\/revisions"}],"wp:featuredmedia":[{"embeddable":true,"href":"https:\/\/prochaska.eu\/en\/wp-json\/wp\/v2\/media\/31713"}],"wp:attachment":[{"href":"https:\/\/prochaska.eu\/en\/wp-json\/wp\/v2\/media?parent=31731"}],"wp:term":[{"taxonomy":"pwb-brand","embeddable":true,"href":"https:\/\/prochaska.eu\/en\/wp-json\/wp\/v2\/pwb-brand?post=31731"},{"taxonomy":"product_brand","embeddable":true,"href":"https:\/\/prochaska.eu\/en\/wp-json\/wp\/v2\/product_brand?post=31731"},{"taxonomy":"product_cat","embeddable":true,"href":"https:\/\/prochaska.eu\/en\/wp-json\/wp\/v2\/product_cat?post=31731"},{"taxonomy":"product_tag","embeddable":true,"href":"https:\/\/prochaska.eu\/en\/wp-json\/wp\/v2\/product_tag?post=31731"}],"curies":[{"name":"wp","href":"https:\/\/api.w.org\/{rel}","templated":true}]}}