{"id":31733,"date":"2025-09-24T12:54:02","date_gmt":"2025-09-24T12:54:02","guid":{"rendered":"https:\/\/prochaska.eu\/produkt\/billy-goat-lawn-and-debris-vacuum-mv601eu\/"},"modified":"2025-09-24T12:54:02","modified_gmt":"2025-09-24T12:54:02","slug":"billy-goat-lawn-and-debris-vacuum-mv601eu","status":"publish","type":"product","link":"https:\/\/prochaska.eu\/en\/produkt\/billy-goat-lawn-and-debris-vacuum-mv601eu\/","title":{"rendered":"Billy Goat \u2013 Lawn and debris vacuum \u2013 MV601EU"},"content":{"rendered":"<p>The MV601EU lawn and debris vacuum from Billy Goat impresses with a working width of 74 cm\/29 inches and powerful suction for leaves, grass clippings, debris, and other dirt. Thanks to the robust 6-blade serrated blower wheel, the material is efficiently vacuumed up and compressed. The lightweight, abrasion-resistant composite housing is rustproof and resistant to dents. With its Briggs &amp; Stratton 850 Professional Series\u2122 engine, the vacuum is ideal for large properties, parks, streets, or commercial areas.   <\/p>\n<h2 data-start=\"676\" data-end=\"697\"><strong data-start=\"676\" data-end=\"695\">Product advantages<\/strong><\/h2>\n<ul data-start=\"698\" data-end=\"1089\">\n<li data-start=\"698\" data-end=\"755\">Extra powerful suction with 6-blade fan wheel<\/li>\n<li data-start=\"756\" data-end=\"810\">74 cm\/29 inch working width for high productivity<\/li>\n<li data-start=\"811\" data-end=\"877\">Top-loading 151-liter mesh bag (up to 23 kg of debris)<\/li>\n<li data-start=\"878\" data-end=\"931\">Simple height control for hard ground and lawns<\/li>\n<li data-start=\"932\" data-end=\"978\">Intake flap adjustable by the operator<\/li>\n<li data-start=\"979\" data-end=\"1029\">Lightweight, robust composite housing<\/li>\n<li data-start=\"1030\" data-end=\"1089\">Large 36 cm\/14 inch wheels for easy maneuverability<\/li>\n<\/ul>\n<h2 data-start=\"1091\" data-end=\"1115\"><strong data-start=\"1091\" data-end=\"1113\">Optional accessories<\/strong><\/h2>\n<ul data-start=\"1116\" data-end=\"1380\">\n<li data-start=\"1116\" data-end=\"1163\"><a href=\"https:\/\/prochaska.eu\/en\/produkt\/billy-goat-hose-set-leaf-and-litter-vacuum-accessories\/\">Hose set with telescopic handle (840116)<\/a><\/li>\n<li data-start=\"1164\" data-end=\"1209\">Electrostatic DUST SOCK\u2122 Kit (840263)<\/li>\n<li data-start=\"1210\" data-end=\"1269\">Disposable bag liners, pack of 12 (840134)<\/li>\n<li data-start=\"1270\" data-end=\"1322\">Wheel set for improved maneuverability (840129)<\/li>\n<li data-start=\"1323\" data-end=\"1357\">Waterproof cover (891137)<\/li>\n<li data-start=\"1358\" data-end=\"1380\">Sandliner (840201)<\/li>\n<\/ul>\n","protected":false},"excerpt":{"rendered":"<p>Der Rasen- und Abfallsauger <strong data-start=\"71\" data-end=\"82\">MV601EU<\/strong> von Billy Goat mit 74 cm Arbeitsbreite und Briggs &amp; Stratton-Motor bietet starke Saugkraft f\u00fcr Laub und Schmutz.<\/p>\n","protected":false},"featured_media":31546,"template":"","meta":[],"pwb-brand":[3085],"product_brand":[3257],"product_cat":[1067,1160],"product_tag":[1534],"class_list":{"0":"post-31733","1":"product","2":"type-product","3":"status-publish","4":"has-post-thumbnail","6":"pwb-brand-billy-goat-en","7":"product_brand-billy-goat","8":"product_cat-new","9":"product_cat-scarifier-aerator-leaf-remover","10":"product_tag-billy-goat-en","12":"first","13":"instock","14":"taxable","15":"shipping-taxable","16":"purchasable","17":"product-type-simple"},"yoast_head":"<!-- This site is optimized with the Yoast SEO plugin v27.2 - https:\/\/yoast.com\/product\/yoast-seo-wordpress\/ -->\n<title>Billy Goat \u2013 Lawn and debris vacuum \u2013 MV601EU - Prochaska<\/title>\n<meta name=\"description\" content=\"Powerful lawn and debris vacuum with a 74 cm working width, 6-blade impeller, and Briggs &amp; Stratton engine. Ideal for leaves, dirt, and large areas..\" \/>\n<meta name=\"robots\" content=\"index, follow, max-snippet:-1, max-image-preview:large, max-video-preview:-1\" \/>\n<link rel=\"canonical\" href=\"https:\/\/prochaska.eu\/en\/produkt\/billy-goat-lawn-and-debris-vacuum-mv601eu\/\" \/>\n<meta property=\"og:locale\" content=\"en_US\" \/>\n<meta property=\"og:type\" content=\"article\" \/>\n<meta property=\"og:title\" content=\"Billy Goat \u2013 Lawn and debris vacuum \u2013 MV601EU - Prochaska\" \/>\n<meta property=\"og:description\" content=\"Powerful lawn and debris vacuum with a 74 cm working width, 6-blade impeller, and Briggs &amp; Stratton engine. Ideal for leaves, dirt, and large areas..\" \/>\n<meta property=\"og:url\" content=\"https:\/\/prochaska.eu\/en\/produkt\/billy-goat-lawn-and-debris-vacuum-mv601eu\/\" \/>\n<meta property=\"og:site_name\" content=\"Prochaska\" \/>\n<meta property=\"article:publisher\" content=\"https:\/\/www.facebook.com\/prochaska.eu\/\" \/>\n<meta property=\"og:image\" content=\"https:\/\/prochaska.eu\/wp-content\/uploads\/2025\/09\/MV601_BG_vac_FL.webp\" \/>\n\t<meta property=\"og:image:width\" content=\"480\" \/>\n\t<meta property=\"og:image:height\" content=\"475\" \/>\n\t<meta property=\"og:image:type\" content=\"image\/webp\" \/>\n<meta name=\"twitter:card\" content=\"summary_large_image\" \/>\n<meta name=\"twitter:label1\" content=\"Est. reading time\" \/>\n\t<meta name=\"twitter:data1\" content=\"1 minute\" \/>\n<script type=\"application\/ld+json\" class=\"yoast-schema-graph\">{\"@context\":\"https:\/\/schema.org\",\"@graph\":[{\"@type\":\"WebPage\",\"@id\":\"https:\/\/prochaska.eu\/en\/produkt\/billy-goat-lawn-and-debris-vacuum-mv601eu\/\",\"url\":\"https:\/\/prochaska.eu\/en\/produkt\/billy-goat-lawn-and-debris-vacuum-mv601eu\/\",\"name\":\"Billy Goat \u2013 Lawn and debris vacuum \u2013 MV601EU - Prochaska\",\"isPartOf\":{\"@id\":\"https:\/\/prochaska.eu\/en\/#website\"},\"primaryImageOfPage\":{\"@id\":\"https:\/\/prochaska.eu\/en\/produkt\/billy-goat-lawn-and-debris-vacuum-mv601eu\/#primaryimage\"},\"image\":{\"@id\":\"https:\/\/prochaska.eu\/en\/produkt\/billy-goat-lawn-and-debris-vacuum-mv601eu\/#primaryimage\"},\"thumbnailUrl\":\"https:\/\/prochaska.eu\/wp-content\/uploads\/2025\/09\/MV601_BG_vac_FL.webp\",\"datePublished\":\"2025-09-24T12:54:02+00:00\",\"description\":\"Powerful lawn and debris vacuum with a 74 cm working width, 6-blade impeller, and Briggs & Stratton engine. Ideal for leaves, dirt, and large areas..\",\"breadcrumb\":{\"@id\":\"https:\/\/prochaska.eu\/en\/produkt\/billy-goat-lawn-and-debris-vacuum-mv601eu\/#breadcrumb\"},\"inLanguage\":\"en-US\",\"potentialAction\":[{\"@type\":\"ReadAction\",\"target\":[\"https:\/\/prochaska.eu\/en\/produkt\/billy-goat-lawn-and-debris-vacuum-mv601eu\/\"]}]},{\"@type\":\"ImageObject\",\"inLanguage\":\"en-US\",\"@id\":\"https:\/\/prochaska.eu\/en\/produkt\/billy-goat-lawn-and-debris-vacuum-mv601eu\/#primaryimage\",\"url\":\"https:\/\/prochaska.eu\/wp-content\/uploads\/2025\/09\/MV601_BG_vac_FL.webp\",\"contentUrl\":\"https:\/\/prochaska.eu\/wp-content\/uploads\/2025\/09\/MV601_BG_vac_FL.webp\",\"width\":480,\"height\":475},{\"@type\":\"BreadcrumbList\",\"@id\":\"https:\/\/prochaska.eu\/en\/produkt\/billy-goat-lawn-and-debris-vacuum-mv601eu\/#breadcrumb\",\"itemListElement\":[{\"@type\":\"ListItem\",\"position\":1,\"name\":\"Home\",\"item\":\"https:\/\/prochaska.eu\/en\/\"},{\"@type\":\"ListItem\",\"position\":2,\"name\":\"Shop\",\"item\":\"https:\/\/prochaska.eu\/shop\/\"},{\"@type\":\"ListItem\",\"position\":3,\"name\":\"Billy Goat \u2013 Lawn and debris vacuum \u2013 MV601EU\"}]},{\"@type\":\"WebSite\",\"@id\":\"https:\/\/prochaska.eu\/en\/#website\",\"url\":\"https:\/\/prochaska.eu\/en\/\",\"name\":\"Prochaska\",\"description\":\"Spezialist f\u00fcr Pflege von Gr\u00fcnfl\u00e4chen\",\"publisher\":{\"@id\":\"https:\/\/prochaska.eu\/en\/#organization\"},\"potentialAction\":[{\"@type\":\"SearchAction\",\"target\":{\"@type\":\"EntryPoint\",\"urlTemplate\":\"https:\/\/prochaska.eu\/en\/?s={search_term_string}\"},\"query-input\":{\"@type\":\"PropertyValueSpecification\",\"valueRequired\":true,\"valueName\":\"search_term_string\"}}],\"inLanguage\":\"en-US\"},{\"@type\":\"Organization\",\"@id\":\"https:\/\/prochaska.eu\/en\/#organization\",\"name\":\"Prochaska\",\"url\":\"https:\/\/prochaska.eu\/en\/\",\"logo\":{\"@type\":\"ImageObject\",\"inLanguage\":\"en-US\",\"@id\":\"https:\/\/prochaska.eu\/en\/#\/schema\/logo\/image\/\",\"url\":\"https:\/\/prochaska.eu\/wp-content\/uploads\/2024\/04\/Prochaska_Logo_Black-1.png\",\"contentUrl\":\"https:\/\/prochaska.eu\/wp-content\/uploads\/2024\/04\/Prochaska_Logo_Black-1.png\",\"width\":796,\"height\":236,\"caption\":\"Prochaska\"},\"image\":{\"@id\":\"https:\/\/prochaska.eu\/en\/#\/schema\/logo\/image\/\"},\"sameAs\":[\"https:\/\/www.facebook.com\/prochaska.eu\/\",\"https:\/\/www.instagram.com\/prochaska.eu\/\",\"https:\/\/www.linkedin.com\/company\/prochaska-handels-gmbh\"]}]}<\/script>\n<!-- \/ Yoast SEO plugin. -->","yoast_head_json":{"title":"Billy Goat \u2013 Lawn and debris vacuum \u2013 MV601EU - Prochaska","description":"Powerful lawn and debris vacuum with a 74 cm working width, 6-blade impeller, and Briggs & Stratton engine. Ideal for leaves, dirt, and large areas..","robots":{"index":"index","follow":"follow","max-snippet":"max-snippet:-1","max-image-preview":"max-image-preview:large","max-video-preview":"max-video-preview:-1"},"canonical":"https:\/\/prochaska.eu\/en\/produkt\/billy-goat-lawn-and-debris-vacuum-mv601eu\/","og_locale":"en_US","og_type":"article","og_title":"Billy Goat \u2013 Lawn and debris vacuum \u2013 MV601EU - Prochaska","og_description":"Powerful lawn and debris vacuum with a 74 cm working width, 6-blade impeller, and Briggs & Stratton engine. Ideal for leaves, dirt, and large areas..","og_url":"https:\/\/prochaska.eu\/en\/produkt\/billy-goat-lawn-and-debris-vacuum-mv601eu\/","og_site_name":"Prochaska","article_publisher":"https:\/\/www.facebook.com\/prochaska.eu\/","og_image":[{"width":480,"height":475,"url":"https:\/\/prochaska.eu\/wp-content\/uploads\/2025\/09\/MV601_BG_vac_FL.webp","type":"image\/webp"}],"twitter_card":"summary_large_image","twitter_misc":{"Est. reading time":"1 minute"},"schema":{"@context":"https:\/\/schema.org","@graph":[{"@type":"WebPage","@id":"https:\/\/prochaska.eu\/en\/produkt\/billy-goat-lawn-and-debris-vacuum-mv601eu\/","url":"https:\/\/prochaska.eu\/en\/produkt\/billy-goat-lawn-and-debris-vacuum-mv601eu\/","name":"Billy Goat \u2013 Lawn and debris vacuum \u2013 MV601EU - Prochaska","isPartOf":{"@id":"https:\/\/prochaska.eu\/en\/#website"},"primaryImageOfPage":{"@id":"https:\/\/prochaska.eu\/en\/produkt\/billy-goat-lawn-and-debris-vacuum-mv601eu\/#primaryimage"},"image":{"@id":"https:\/\/prochaska.eu\/en\/produkt\/billy-goat-lawn-and-debris-vacuum-mv601eu\/#primaryimage"},"thumbnailUrl":"https:\/\/prochaska.eu\/wp-content\/uploads\/2025\/09\/MV601_BG_vac_FL.webp","datePublished":"2025-09-24T12:54:02+00:00","description":"Powerful lawn and debris vacuum with a 74 cm working width, 6-blade impeller, and Briggs & Stratton engine. Ideal for leaves, dirt, and large areas..","breadcrumb":{"@id":"https:\/\/prochaska.eu\/en\/produkt\/billy-goat-lawn-and-debris-vacuum-mv601eu\/#breadcrumb"},"inLanguage":"en-US","potentialAction":[{"@type":"ReadAction","target":["https:\/\/prochaska.eu\/en\/produkt\/billy-goat-lawn-and-debris-vacuum-mv601eu\/"]}]},{"@type":"ImageObject","inLanguage":"en-US","@id":"https:\/\/prochaska.eu\/en\/produkt\/billy-goat-lawn-and-debris-vacuum-mv601eu\/#primaryimage","url":"https:\/\/prochaska.eu\/wp-content\/uploads\/2025\/09\/MV601_BG_vac_FL.webp","contentUrl":"https:\/\/prochaska.eu\/wp-content\/uploads\/2025\/09\/MV601_BG_vac_FL.webp","width":480,"height":475},{"@type":"BreadcrumbList","@id":"https:\/\/prochaska.eu\/en\/produkt\/billy-goat-lawn-and-debris-vacuum-mv601eu\/#breadcrumb","itemListElement":[{"@type":"ListItem","position":1,"name":"Home","item":"https:\/\/prochaska.eu\/en\/"},{"@type":"ListItem","position":2,"name":"Shop","item":"https:\/\/prochaska.eu\/shop\/"},{"@type":"ListItem","position":3,"name":"Billy Goat \u2013 Lawn and debris vacuum \u2013 MV601EU"}]},{"@type":"WebSite","@id":"https:\/\/prochaska.eu\/en\/#website","url":"https:\/\/prochaska.eu\/en\/","name":"Prochaska","description":"Spezialist f\u00fcr Pflege von Gr\u00fcnfl\u00e4chen","publisher":{"@id":"https:\/\/prochaska.eu\/en\/#organization"},"potentialAction":[{"@type":"SearchAction","target":{"@type":"EntryPoint","urlTemplate":"https:\/\/prochaska.eu\/en\/?s={search_term_string}"},"query-input":{"@type":"PropertyValueSpecification","valueRequired":true,"valueName":"search_term_string"}}],"inLanguage":"en-US"},{"@type":"Organization","@id":"https:\/\/prochaska.eu\/en\/#organization","name":"Prochaska","url":"https:\/\/prochaska.eu\/en\/","logo":{"@type":"ImageObject","inLanguage":"en-US","@id":"https:\/\/prochaska.eu\/en\/#\/schema\/logo\/image\/","url":"https:\/\/prochaska.eu\/wp-content\/uploads\/2024\/04\/Prochaska_Logo_Black-1.png","contentUrl":"https:\/\/prochaska.eu\/wp-content\/uploads\/2024\/04\/Prochaska_Logo_Black-1.png","width":796,"height":236,"caption":"Prochaska"},"image":{"@id":"https:\/\/prochaska.eu\/en\/#\/schema\/logo\/image\/"},"sameAs":["https:\/\/www.facebook.com\/prochaska.eu\/","https:\/\/www.instagram.com\/prochaska.eu\/","https:\/\/www.linkedin.com\/company\/prochaska-handels-gmbh"]}]}},"brands":[{"id":3085,"name":"Billy Goat","slug":"billy-goat-en"}],"_links":{"self":[{"href":"https:\/\/prochaska.eu\/en\/wp-json\/wp\/v2\/product\/31733","targetHints":{"allow":["GET"]}}],"collection":[{"href":"https:\/\/prochaska.eu\/en\/wp-json\/wp\/v2\/product"}],"about":[{"href":"https:\/\/prochaska.eu\/en\/wp-json\/wp\/v2\/types\/product"}],"version-history":[{"count":0,"href":"https:\/\/prochaska.eu\/en\/wp-json\/wp\/v2\/product\/31733\/revisions"}],"wp:featuredmedia":[{"embeddable":true,"href":"https:\/\/prochaska.eu\/en\/wp-json\/wp\/v2\/media\/31546"}],"wp:attachment":[{"href":"https:\/\/prochaska.eu\/en\/wp-json\/wp\/v2\/media?parent=31733"}],"wp:term":[{"taxonomy":"pwb-brand","embeddable":true,"href":"https:\/\/prochaska.eu\/en\/wp-json\/wp\/v2\/pwb-brand?post=31733"},{"taxonomy":"product_brand","embeddable":true,"href":"https:\/\/prochaska.eu\/en\/wp-json\/wp\/v2\/product_brand?post=31733"},{"taxonomy":"product_cat","embeddable":true,"href":"https:\/\/prochaska.eu\/en\/wp-json\/wp\/v2\/product_cat?post=31733"},{"taxonomy":"product_tag","embeddable":true,"href":"https:\/\/prochaska.eu\/en\/wp-json\/wp\/v2\/product_tag?post=31733"}],"curies":[{"name":"wp","href":"https:\/\/api.w.org\/{rel}","templated":true}]}}