{"id":31736,"date":"2025-09-24T11:35:03","date_gmt":"2025-09-24T11:35:03","guid":{"rendered":"https:\/\/prochaska.eu\/produkt\/billy-goat-plugr25-aerator-with-hydraulic-drive-pl2501sph-pl2501spv\/"},"modified":"2025-09-30T11:51:25","modified_gmt":"2025-09-30T11:51:25","slug":"billy-goat-plugr25-aerator-with-hydraulic-drive-pl2501sph-pl2501spv","status":"publish","type":"product","link":"https:\/\/prochaska.eu\/en\/produkt\/billy-goat-plugr25-aerator-with-hydraulic-drive-pl2501sph-pl2501spv\/","title":{"rendered":"Billy Goat &#8211; PLUGR\u00ae25 aerator with hydraulic drive &#8211; PL2501SPH \/ PL2501SPV"},"content":{"rendered":"<p>The 25 inch\/64 cm wide <strong data-start=\"300\" data-end=\"322\">PL2501SPH\/PL2501SPV <\/strong>PLUGR\u00ae25 aerator from Billy Goat impresses with its hydro drive, high productivity of up to 4,000 m\u00b2 per hour and a working depth of up to 7 cm. Thanks to <g id=\"gid_1\">the EZ Drop\u2122 tine system<\/g>, variable aerification density (VAD\u2122) and intuitive &#8220;in-ground&#8221; controls, it offers outstanding maneuverability, ergonomics and ease of use. The water weight tank ensures optimum traction, while the hood can be opened without tools for easy maintenance.  <\/p>\n<p>PL2501SPH Engine: Honda 196cc<br \/>\nPL2501SPV Engine: Vanguard 203cc<\/p>\n<h2 style=\"text-align: left;\">Product advantages<\/h2>\n<ul>\n<li data-start=\"911\" data-end=\"965\">Cam-driven tines with a gripping depth of up to 7 cm<\/li>\n<li data-start=\"966\" data-end=\"1040\">Variable aerification density (VAD\u2122) &#8211; up to 10\u00d7 more holes per track<\/li>\n<li data-start=\"1041\" data-end=\"1107\">EZ Drop\u2122 tine clutch for quick engagement from the handle<\/li>\n<li data-start=\"1108\" data-end=\"1177\">EZ Lift\u2122 foot pedal for easy lifting of the tines during transport<\/li>\n<li data-start=\"1178\" data-end=\"1247\">Hydrostatic drive with variable speed and reverse gear<\/li>\n<li data-start=\"1248\" data-end=\"1308\">Water weight tank (18 l) for better depth and traction<\/li>\n<li data-start=\"1309\" data-end=\"1366\">Hood can be opened without tools for easy maintenance<\/li>\n<li data-start=\"1367\" data-end=\"1422\">Six hardened thin-walled tines, easily replaceable<\/li>\n<\/ul>\n<h2>Optional accessories<\/h2>\n<ul data-start=\"1452\" data-end=\"1678\">\n<li data-start=\"1452\" data-end=\"1494\">Spare tine PL (3\/8&#8243; solid) &#8211; 381151<\/li>\n<li data-start=\"1495\" data-end=\"1537\">Replacement tine PL (7\/8&#8243; solid) &#8211; 381149<\/li>\n<li data-start=\"1538\" data-end=\"1578\">Replacement tine PL (3\/8&#8243; hollow) &#8211; 331150<\/li>\n<li data-start=\"1579\" data-end=\"1619\">Replacement tine PL (5\/8&#8243; hollow) &#8211; 381057<\/li>\n<li data-start=\"1620\" data-end=\"1678\">Replacement tine PL (Zoysia Transfer, 44 mm hollow) &#8211; 381152<\/li>\n<\/ul>\n","protected":false},"excerpt":{"rendered":"<p>The 25 inch\/64 cm wide PL2501SPH\/PL2501SPV aerator from Billy Goat with hydro drive processes up to 4,000 m\u00b2 per hour and offers a high level of operating comfort thanks to the EZ Drop\u2122 tine system and &#8220;in-ground&#8221; control.<\/p>\n","protected":false},"featured_media":31549,"template":"","meta":[],"pwb-brand":[3085],"product_brand":[3257],"product_cat":[1067,1160,1540,1537],"product_tag":[1534],"class_list":{"0":"post-31736","1":"product","2":"type-product","3":"status-publish","4":"has-post-thumbnail","6":"pwb-brand-billy-goat-en","7":"product_brand-billy-goat","8":"product_cat-new","9":"product_cat-scarifier-aerator-leaf-remover","10":"product_cat-soil-preparation-en","11":"product_cat-soil-preparation","12":"product_tag-billy-goat-en","14":"first","15":"instock","16":"taxable","17":"shipping-taxable","18":"purchasable","19":"product-type-simple"},"yoast_head":"<!-- This site is optimized with the Yoast SEO plugin v27.2 - https:\/\/yoast.com\/product\/yoast-seo-wordpress\/ -->\n<title>Billy Goat - PLUGR\u00ae25 aerator with hydraulic drive - PL2501SPH \/ PL2501SPV - Prochaska<\/title>\n<meta name=\"description\" content=\"Powerful aerator with 64 cm working width, hydro drive and EZ Drop\u2122 tine system. Up to 4,000 m\u00b2\/h, powered by Honda engine.\" \/>\n<meta name=\"robots\" content=\"index, follow, max-snippet:-1, max-image-preview:large, max-video-preview:-1\" \/>\n<link rel=\"canonical\" href=\"https:\/\/prochaska.eu\/en\/produkt\/billy-goat-plugr25-aerator-with-hydraulic-drive-pl2501sph-pl2501spv\/\" \/>\n<meta property=\"og:locale\" content=\"en_US\" \/>\n<meta property=\"og:type\" content=\"article\" \/>\n<meta property=\"og:title\" content=\"Billy Goat - PLUGR\u00ae25 aerator with hydraulic drive - PL2501SPH \/ PL2501SPV - Prochaska\" \/>\n<meta property=\"og:description\" content=\"Powerful aerator with 64 cm working width, hydro drive and EZ Drop\u2122 tine system. Up to 4,000 m\u00b2\/h, powered by Honda engine.\" \/>\n<meta property=\"og:url\" content=\"https:\/\/prochaska.eu\/en\/produkt\/billy-goat-plugr25-aerator-with-hydraulic-drive-pl2501sph-pl2501spv\/\" \/>\n<meta property=\"og:site_name\" content=\"Prochaska\" \/>\n<meta property=\"article:publisher\" content=\"https:\/\/www.facebook.com\/prochaska.eu\/\" \/>\n<meta property=\"article:modified_time\" content=\"2025-09-30T11:51:25+00:00\" \/>\n<meta property=\"og:image\" content=\"https:\/\/prochaska.eu\/wp-content\/uploads\/2025\/09\/original.webp\" \/>\n\t<meta property=\"og:image:width\" content=\"1024\" \/>\n\t<meta property=\"og:image:height\" content=\"1024\" \/>\n\t<meta property=\"og:image:type\" content=\"image\/webp\" \/>\n<meta name=\"twitter:card\" content=\"summary_large_image\" \/>\n<meta name=\"twitter:label1\" content=\"Est. reading time\" \/>\n\t<meta name=\"twitter:data1\" content=\"1 minute\" \/>\n<script type=\"application\/ld+json\" class=\"yoast-schema-graph\">{\"@context\":\"https:\/\/schema.org\",\"@graph\":[{\"@type\":\"WebPage\",\"@id\":\"https:\/\/prochaska.eu\/en\/produkt\/billy-goat-plugr25-aerator-with-hydraulic-drive-pl2501sph-pl2501spv\/\",\"url\":\"https:\/\/prochaska.eu\/en\/produkt\/billy-goat-plugr25-aerator-with-hydraulic-drive-pl2501sph-pl2501spv\/\",\"name\":\"Billy Goat - PLUGR\u00ae25 aerator with hydraulic drive - PL2501SPH \/ PL2501SPV - Prochaska\",\"isPartOf\":{\"@id\":\"https:\/\/prochaska.eu\/en\/#website\"},\"primaryImageOfPage\":{\"@id\":\"https:\/\/prochaska.eu\/en\/produkt\/billy-goat-plugr25-aerator-with-hydraulic-drive-pl2501sph-pl2501spv\/#primaryimage\"},\"image\":{\"@id\":\"https:\/\/prochaska.eu\/en\/produkt\/billy-goat-plugr25-aerator-with-hydraulic-drive-pl2501sph-pl2501spv\/#primaryimage\"},\"thumbnailUrl\":\"https:\/\/prochaska.eu\/wp-content\/uploads\/2025\/09\/original.webp\",\"datePublished\":\"2025-09-24T11:35:03+00:00\",\"dateModified\":\"2025-09-30T11:51:25+00:00\",\"description\":\"Powerful aerator with 64 cm working width, hydro drive and EZ Drop\u2122 tine system. Up to 4,000 m\u00b2\/h, powered by Honda engine.\",\"breadcrumb\":{\"@id\":\"https:\/\/prochaska.eu\/en\/produkt\/billy-goat-plugr25-aerator-with-hydraulic-drive-pl2501sph-pl2501spv\/#breadcrumb\"},\"inLanguage\":\"en-US\",\"potentialAction\":[{\"@type\":\"ReadAction\",\"target\":[\"https:\/\/prochaska.eu\/en\/produkt\/billy-goat-plugr25-aerator-with-hydraulic-drive-pl2501sph-pl2501spv\/\"]}]},{\"@type\":\"ImageObject\",\"inLanguage\":\"en-US\",\"@id\":\"https:\/\/prochaska.eu\/en\/produkt\/billy-goat-plugr25-aerator-with-hydraulic-drive-pl2501sph-pl2501spv\/#primaryimage\",\"url\":\"https:\/\/prochaska.eu\/wp-content\/uploads\/2025\/09\/original.webp\",\"contentUrl\":\"https:\/\/prochaska.eu\/wp-content\/uploads\/2025\/09\/original.webp\",\"width\":1024,\"height\":1024},{\"@type\":\"BreadcrumbList\",\"@id\":\"https:\/\/prochaska.eu\/en\/produkt\/billy-goat-plugr25-aerator-with-hydraulic-drive-pl2501sph-pl2501spv\/#breadcrumb\",\"itemListElement\":[{\"@type\":\"ListItem\",\"position\":1,\"name\":\"Home\",\"item\":\"https:\/\/prochaska.eu\/en\/\"},{\"@type\":\"ListItem\",\"position\":2,\"name\":\"Shop\",\"item\":\"https:\/\/prochaska.eu\/shop\/\"},{\"@type\":\"ListItem\",\"position\":3,\"name\":\"Billy Goat &#8211; PLUGR\u00ae25 aerator with hydraulic drive &#8211; PL2501SPH \/ PL2501SPV\"}]},{\"@type\":\"WebSite\",\"@id\":\"https:\/\/prochaska.eu\/en\/#website\",\"url\":\"https:\/\/prochaska.eu\/en\/\",\"name\":\"Prochaska\",\"description\":\"Spezialist f\u00fcr Pflege von Gr\u00fcnfl\u00e4chen\",\"publisher\":{\"@id\":\"https:\/\/prochaska.eu\/en\/#organization\"},\"potentialAction\":[{\"@type\":\"SearchAction\",\"target\":{\"@type\":\"EntryPoint\",\"urlTemplate\":\"https:\/\/prochaska.eu\/en\/?s={search_term_string}\"},\"query-input\":{\"@type\":\"PropertyValueSpecification\",\"valueRequired\":true,\"valueName\":\"search_term_string\"}}],\"inLanguage\":\"en-US\"},{\"@type\":\"Organization\",\"@id\":\"https:\/\/prochaska.eu\/en\/#organization\",\"name\":\"Prochaska\",\"url\":\"https:\/\/prochaska.eu\/en\/\",\"logo\":{\"@type\":\"ImageObject\",\"inLanguage\":\"en-US\",\"@id\":\"https:\/\/prochaska.eu\/en\/#\/schema\/logo\/image\/\",\"url\":\"https:\/\/prochaska.eu\/wp-content\/uploads\/2024\/04\/Prochaska_Logo_Black-1.png\",\"contentUrl\":\"https:\/\/prochaska.eu\/wp-content\/uploads\/2024\/04\/Prochaska_Logo_Black-1.png\",\"width\":796,\"height\":236,\"caption\":\"Prochaska\"},\"image\":{\"@id\":\"https:\/\/prochaska.eu\/en\/#\/schema\/logo\/image\/\"},\"sameAs\":[\"https:\/\/www.facebook.com\/prochaska.eu\/\",\"https:\/\/www.instagram.com\/prochaska.eu\/\",\"https:\/\/www.linkedin.com\/company\/prochaska-handels-gmbh\"]}]}<\/script>\n<!-- \/ Yoast SEO plugin. -->","yoast_head_json":{"title":"Billy Goat - PLUGR\u00ae25 aerator with hydraulic drive - PL2501SPH \/ PL2501SPV - Prochaska","description":"Powerful aerator with 64 cm working width, hydro drive and EZ Drop\u2122 tine system. Up to 4,000 m\u00b2\/h, powered by Honda engine.","robots":{"index":"index","follow":"follow","max-snippet":"max-snippet:-1","max-image-preview":"max-image-preview:large","max-video-preview":"max-video-preview:-1"},"canonical":"https:\/\/prochaska.eu\/en\/produkt\/billy-goat-plugr25-aerator-with-hydraulic-drive-pl2501sph-pl2501spv\/","og_locale":"en_US","og_type":"article","og_title":"Billy Goat - PLUGR\u00ae25 aerator with hydraulic drive - PL2501SPH \/ PL2501SPV - Prochaska","og_description":"Powerful aerator with 64 cm working width, hydro drive and EZ Drop\u2122 tine system. Up to 4,000 m\u00b2\/h, powered by Honda engine.","og_url":"https:\/\/prochaska.eu\/en\/produkt\/billy-goat-plugr25-aerator-with-hydraulic-drive-pl2501sph-pl2501spv\/","og_site_name":"Prochaska","article_publisher":"https:\/\/www.facebook.com\/prochaska.eu\/","article_modified_time":"2025-09-30T11:51:25+00:00","og_image":[{"width":1024,"height":1024,"url":"https:\/\/prochaska.eu\/wp-content\/uploads\/2025\/09\/original.webp","type":"image\/webp"}],"twitter_card":"summary_large_image","twitter_misc":{"Est. reading time":"1 minute"},"schema":{"@context":"https:\/\/schema.org","@graph":[{"@type":"WebPage","@id":"https:\/\/prochaska.eu\/en\/produkt\/billy-goat-plugr25-aerator-with-hydraulic-drive-pl2501sph-pl2501spv\/","url":"https:\/\/prochaska.eu\/en\/produkt\/billy-goat-plugr25-aerator-with-hydraulic-drive-pl2501sph-pl2501spv\/","name":"Billy Goat - PLUGR\u00ae25 aerator with hydraulic drive - PL2501SPH \/ PL2501SPV - Prochaska","isPartOf":{"@id":"https:\/\/prochaska.eu\/en\/#website"},"primaryImageOfPage":{"@id":"https:\/\/prochaska.eu\/en\/produkt\/billy-goat-plugr25-aerator-with-hydraulic-drive-pl2501sph-pl2501spv\/#primaryimage"},"image":{"@id":"https:\/\/prochaska.eu\/en\/produkt\/billy-goat-plugr25-aerator-with-hydraulic-drive-pl2501sph-pl2501spv\/#primaryimage"},"thumbnailUrl":"https:\/\/prochaska.eu\/wp-content\/uploads\/2025\/09\/original.webp","datePublished":"2025-09-24T11:35:03+00:00","dateModified":"2025-09-30T11:51:25+00:00","description":"Powerful aerator with 64 cm working width, hydro drive and EZ Drop\u2122 tine system. Up to 4,000 m\u00b2\/h, powered by Honda engine.","breadcrumb":{"@id":"https:\/\/prochaska.eu\/en\/produkt\/billy-goat-plugr25-aerator-with-hydraulic-drive-pl2501sph-pl2501spv\/#breadcrumb"},"inLanguage":"en-US","potentialAction":[{"@type":"ReadAction","target":["https:\/\/prochaska.eu\/en\/produkt\/billy-goat-plugr25-aerator-with-hydraulic-drive-pl2501sph-pl2501spv\/"]}]},{"@type":"ImageObject","inLanguage":"en-US","@id":"https:\/\/prochaska.eu\/en\/produkt\/billy-goat-plugr25-aerator-with-hydraulic-drive-pl2501sph-pl2501spv\/#primaryimage","url":"https:\/\/prochaska.eu\/wp-content\/uploads\/2025\/09\/original.webp","contentUrl":"https:\/\/prochaska.eu\/wp-content\/uploads\/2025\/09\/original.webp","width":1024,"height":1024},{"@type":"BreadcrumbList","@id":"https:\/\/prochaska.eu\/en\/produkt\/billy-goat-plugr25-aerator-with-hydraulic-drive-pl2501sph-pl2501spv\/#breadcrumb","itemListElement":[{"@type":"ListItem","position":1,"name":"Home","item":"https:\/\/prochaska.eu\/en\/"},{"@type":"ListItem","position":2,"name":"Shop","item":"https:\/\/prochaska.eu\/shop\/"},{"@type":"ListItem","position":3,"name":"Billy Goat &#8211; PLUGR\u00ae25 aerator with hydraulic drive &#8211; PL2501SPH \/ PL2501SPV"}]},{"@type":"WebSite","@id":"https:\/\/prochaska.eu\/en\/#website","url":"https:\/\/prochaska.eu\/en\/","name":"Prochaska","description":"Spezialist f\u00fcr Pflege von Gr\u00fcnfl\u00e4chen","publisher":{"@id":"https:\/\/prochaska.eu\/en\/#organization"},"potentialAction":[{"@type":"SearchAction","target":{"@type":"EntryPoint","urlTemplate":"https:\/\/prochaska.eu\/en\/?s={search_term_string}"},"query-input":{"@type":"PropertyValueSpecification","valueRequired":true,"valueName":"search_term_string"}}],"inLanguage":"en-US"},{"@type":"Organization","@id":"https:\/\/prochaska.eu\/en\/#organization","name":"Prochaska","url":"https:\/\/prochaska.eu\/en\/","logo":{"@type":"ImageObject","inLanguage":"en-US","@id":"https:\/\/prochaska.eu\/en\/#\/schema\/logo\/image\/","url":"https:\/\/prochaska.eu\/wp-content\/uploads\/2024\/04\/Prochaska_Logo_Black-1.png","contentUrl":"https:\/\/prochaska.eu\/wp-content\/uploads\/2024\/04\/Prochaska_Logo_Black-1.png","width":796,"height":236,"caption":"Prochaska"},"image":{"@id":"https:\/\/prochaska.eu\/en\/#\/schema\/logo\/image\/"},"sameAs":["https:\/\/www.facebook.com\/prochaska.eu\/","https:\/\/www.instagram.com\/prochaska.eu\/","https:\/\/www.linkedin.com\/company\/prochaska-handels-gmbh"]}]}},"brands":[{"id":3085,"name":"Billy Goat","slug":"billy-goat-en"}],"_links":{"self":[{"href":"https:\/\/prochaska.eu\/en\/wp-json\/wp\/v2\/product\/31736","targetHints":{"allow":["GET"]}}],"collection":[{"href":"https:\/\/prochaska.eu\/en\/wp-json\/wp\/v2\/product"}],"about":[{"href":"https:\/\/prochaska.eu\/en\/wp-json\/wp\/v2\/types\/product"}],"version-history":[{"count":1,"href":"https:\/\/prochaska.eu\/en\/wp-json\/wp\/v2\/product\/31736\/revisions"}],"predecessor-version":[{"id":31737,"href":"https:\/\/prochaska.eu\/en\/wp-json\/wp\/v2\/product\/31736\/revisions\/31737"}],"wp:featuredmedia":[{"embeddable":true,"href":"https:\/\/prochaska.eu\/en\/wp-json\/wp\/v2\/media\/31549"}],"wp:attachment":[{"href":"https:\/\/prochaska.eu\/en\/wp-json\/wp\/v2\/media?parent=31736"}],"wp:term":[{"taxonomy":"pwb-brand","embeddable":true,"href":"https:\/\/prochaska.eu\/en\/wp-json\/wp\/v2\/pwb-brand?post=31736"},{"taxonomy":"product_brand","embeddable":true,"href":"https:\/\/prochaska.eu\/en\/wp-json\/wp\/v2\/product_brand?post=31736"},{"taxonomy":"product_cat","embeddable":true,"href":"https:\/\/prochaska.eu\/en\/wp-json\/wp\/v2\/product_cat?post=31736"},{"taxonomy":"product_tag","embeddable":true,"href":"https:\/\/prochaska.eu\/en\/wp-json\/wp\/v2\/product_tag?post=31736"}],"curies":[{"name":"wp","href":"https:\/\/api.w.org\/{rel}","templated":true}]}}