{"id":31776,"date":"2025-09-30T12:22:38","date_gmt":"2025-09-30T12:22:38","guid":{"rendered":"https:\/\/prochaska.eu\/produkt\/icocar-birdie-3-0-cargo-2\/"},"modified":"2025-09-30T12:22:38","modified_gmt":"2025-09-30T12:22:38","slug":"icocar-birdie-3-0-cargo-2","status":"publish","type":"product","link":"https:\/\/prochaska.eu\/en\/produkt\/icocar-birdie-3-0-cargo-2\/","title":{"rendered":"IcoCar Birdie 3.0 Cargo"},"content":{"rendered":"<div class=\"items-center pb-1.5 pt-10 lg:pt-0 gap-2.5\">\n<h1 class=\"flex\">Golf car with loading area 100&#215;60 cm<\/h1>\n<\/div>\n<p>ICOCAR Birdie 3.0 Cargo Golfcar used with loading area, year 2021, 939 km, 1A condition. Black metallic,<br \/>\non-board charger, lighting system, aluminum frame, USB, 6&#215;8 V Trojan T875 batteries 1 year old, central filling system, premium seats black, classic golf steering wheel, 10&#8243; aluminum rims, 7&#8243; digital speedometer, cargo box 110&#215;60 cm.<br \/>\n10 km\/h road typing possible on request.  <\/p>\n<h2>Technical data<\/h2>\n<table class=\"table-fixed mt-2.5 w-full\">\n<tbody>\n<tr class=\"even:bg-gray-50 odd:bg-white hover:bg-gray-100 dark:odd:bg-git-el-100 dark:even:bg-git-bg-100 dark:hover:bg-git-text-100 dark:hover:text-git-bg-100 dark:text-git-text-100 group truncate\">\n<th class=\"border-b border-hgMenu-300 sm:whitespace-nowrap border-r border-hgMenu-300 pr-4 pt-1 text-left\">\n<p class=\"pl-1 text-ellipsis whitespace-nowrap overflow-hidden\" title=\"PS \/ kW\">PS \/ kW<\/p>\n<\/th>\n<td class=\"border-b border-hgMenu-300 px-2 pb-1 truncate\">3 \/ 2<\/td>\n<\/tr>\n<tr class=\"even:bg-gray-50 odd:bg-white hover:bg-gray-100 dark:odd:bg-git-el-100 dark:even:bg-git-bg-100 dark:hover:bg-git-text-100 dark:hover:text-git-bg-100 dark:text-git-text-100 group truncate\">\n<th class=\"border-b border-hgMenu-300 sm:whitespace-nowrap border-r border-hgMenu-300 pr-4 pt-1 text-left\">\n<p class=\"pl-1 text-ellipsis whitespace-nowrap overflow-hidden\" title=\"Year of construction\">Year of construction<\/p>\n<\/th>\n<td class=\"border-b border-hgMenu-300 px-2 pb-1 truncate\">2021<\/td>\n<\/tr>\n<tr class=\"even:bg-gray-50 odd:bg-white hover:bg-gray-100 dark:odd:bg-git-el-100 dark:even:bg-git-bg-100 dark:hover:bg-git-text-100 dark:hover:text-git-bg-100 dark:text-git-text-100 group truncate\">\n<th class=\"border-b border-hgMenu-300 sm:whitespace-nowrap border-r border-hgMenu-300 pr-4 pt-1 text-left\">\n<p class=\"pl-1 text-ellipsis whitespace-nowrap overflow-hidden\" title=\"Internal number\">Internal number<\/p>\n<\/th>\n<td class=\"border-b border-hgMenu-300 px-2 pb-1 truncate\">6243785<\/td>\n<\/tr>\n<tr class=\"even:bg-gray-50 odd:bg-white hover:bg-gray-100 dark:odd:bg-git-el-100 dark:even:bg-git-bg-100 dark:hover:bg-git-text-100 dark:hover:text-git-bg-100 dark:text-git-text-100 group truncate\">\n<th class=\"sm:whitespace-nowrap border-r border-hgMenu-300 pr-4 pt-1 text-left\">\n<p class=\"pl-1 text-ellipsis whitespace-nowrap overflow-hidden\" title=\"Condition\">Condition<\/p>\n<\/th>\n<td class=\"px-2 pb-1 truncate\"><span class=\"flex items-center relative cursor-pointer\">Particularly good (class 1)<\/span><\/td>\n<\/tr>\n<\/tbody>\n<\/table>\n<h2>Properties<\/h2>\n<p><strong>Drive type: <\/strong>Electric<\/p>\n<p>&nbsp;<\/p>\n","protected":false},"excerpt":{"rendered":"<p>IcoCar Birdie 3.0 Cargo Golfcar, year of construction 2021, only 939 km, in 1A condition. With loading area (110\u00d760 cm), on-board charger, lighting system, aluminum frame, USB, 6&#215;8 V Trojan batteries (1 year old), central filling, premium seats, classic steering wheel, 10&#8243; aluminum rims, 7&#8243; digital speedometer. Road typing (10 km\/h) possible on request.  <\/p>\n","protected":false},"featured_media":31752,"template":"","meta":[],"pwb-brand":[22],"product_brand":[],"product_cat":[1332,3057],"product_tag":[],"class_list":{"0":"post-31776","1":"product","2":"type-product","3":"status-publish","4":"has-post-thumbnail","6":"pwb-brand-icocar","7":"product_cat-e-cars-en","8":"product_cat-used-machinery","10":"first","11":"instock","12":"taxable","13":"shipping-taxable","14":"product-type-simple"},"yoast_head":"<!-- This site is optimized with the Yoast SEO plugin v27.2 - https:\/\/yoast.com\/product\/yoast-seo-wordpress\/ -->\n<title>IcoCar Birdie 3.0 Cargo - Prochaska<\/title>\n<meta name=\"description\" content=\"Used IcoCar Birdie 3.0 Cargo Golfcar with loading area, year 2021, 939 km, top condition, premium equipment &amp; road registration on request.\" \/>\n<meta name=\"robots\" content=\"index, follow, max-snippet:-1, max-image-preview:large, max-video-preview:-1\" \/>\n<link rel=\"canonical\" href=\"https:\/\/prochaska.eu\/en\/produkt\/icocar-birdie-3-0-cargo-2\/\" \/>\n<meta property=\"og:locale\" content=\"en_US\" \/>\n<meta property=\"og:type\" content=\"article\" \/>\n<meta property=\"og:title\" content=\"IcoCar Birdie 3.0 Cargo - Prochaska\" \/>\n<meta property=\"og:description\" content=\"Used IcoCar Birdie 3.0 Cargo Golfcar with loading area, year 2021, 939 km, top condition, premium equipment &amp; road registration on request.\" \/>\n<meta property=\"og:url\" content=\"https:\/\/prochaska.eu\/en\/produkt\/icocar-birdie-3-0-cargo-2\/\" \/>\n<meta property=\"og:site_name\" content=\"Prochaska\" \/>\n<meta property=\"article:publisher\" content=\"https:\/\/www.facebook.com\/prochaska.eu\/\" \/>\n<meta property=\"og:image\" content=\"https:\/\/prochaska.eu\/wp-content\/uploads\/2025\/09\/5230-4dbe12e075d9b6478af813052b2aa2e5-6243785-0vb.jpg\" \/>\n\t<meta property=\"og:image:width\" content=\"1200\" \/>\n\t<meta property=\"og:image:height\" content=\"1600\" \/>\n\t<meta property=\"og:image:type\" content=\"image\/jpeg\" \/>\n<meta name=\"twitter:card\" content=\"summary_large_image\" \/>\n<script type=\"application\/ld+json\" class=\"yoast-schema-graph\">{\"@context\":\"https:\/\/schema.org\",\"@graph\":[{\"@type\":\"WebPage\",\"@id\":\"https:\/\/prochaska.eu\/en\/produkt\/icocar-birdie-3-0-cargo-2\/\",\"url\":\"https:\/\/prochaska.eu\/en\/produkt\/icocar-birdie-3-0-cargo-2\/\",\"name\":\"IcoCar Birdie 3.0 Cargo - Prochaska\",\"isPartOf\":{\"@id\":\"https:\/\/prochaska.eu\/en\/#website\"},\"primaryImageOfPage\":{\"@id\":\"https:\/\/prochaska.eu\/en\/produkt\/icocar-birdie-3-0-cargo-2\/#primaryimage\"},\"image\":{\"@id\":\"https:\/\/prochaska.eu\/en\/produkt\/icocar-birdie-3-0-cargo-2\/#primaryimage\"},\"thumbnailUrl\":\"https:\/\/prochaska.eu\/wp-content\/uploads\/2025\/09\/5230-4dbe12e075d9b6478af813052b2aa2e5-6243785-0vb.jpg\",\"datePublished\":\"2025-09-30T12:22:38+00:00\",\"description\":\"Used IcoCar Birdie 3.0 Cargo Golfcar with loading area, year 2021, 939 km, top condition, premium equipment & road registration on request.\",\"breadcrumb\":{\"@id\":\"https:\/\/prochaska.eu\/en\/produkt\/icocar-birdie-3-0-cargo-2\/#breadcrumb\"},\"inLanguage\":\"en-US\",\"potentialAction\":[{\"@type\":\"ReadAction\",\"target\":[\"https:\/\/prochaska.eu\/en\/produkt\/icocar-birdie-3-0-cargo-2\/\"]}]},{\"@type\":\"ImageObject\",\"inLanguage\":\"en-US\",\"@id\":\"https:\/\/prochaska.eu\/en\/produkt\/icocar-birdie-3-0-cargo-2\/#primaryimage\",\"url\":\"https:\/\/prochaska.eu\/wp-content\/uploads\/2025\/09\/5230-4dbe12e075d9b6478af813052b2aa2e5-6243785-0vb.jpg\",\"contentUrl\":\"https:\/\/prochaska.eu\/wp-content\/uploads\/2025\/09\/5230-4dbe12e075d9b6478af813052b2aa2e5-6243785-0vb.jpg\",\"width\":1200,\"height\":1600,\"caption\":\"IcoCar Birdie 3.0 Cargo\"},{\"@type\":\"BreadcrumbList\",\"@id\":\"https:\/\/prochaska.eu\/en\/produkt\/icocar-birdie-3-0-cargo-2\/#breadcrumb\",\"itemListElement\":[{\"@type\":\"ListItem\",\"position\":1,\"name\":\"Home\",\"item\":\"https:\/\/prochaska.eu\/en\/\"},{\"@type\":\"ListItem\",\"position\":2,\"name\":\"Shop\",\"item\":\"https:\/\/prochaska.eu\/shop\/\"},{\"@type\":\"ListItem\",\"position\":3,\"name\":\"IcoCar Birdie 3.0 Cargo\"}]},{\"@type\":\"WebSite\",\"@id\":\"https:\/\/prochaska.eu\/en\/#website\",\"url\":\"https:\/\/prochaska.eu\/en\/\",\"name\":\"Prochaska\",\"description\":\"Spezialist f\u00fcr Pflege von Gr\u00fcnfl\u00e4chen\",\"publisher\":{\"@id\":\"https:\/\/prochaska.eu\/en\/#organization\"},\"potentialAction\":[{\"@type\":\"SearchAction\",\"target\":{\"@type\":\"EntryPoint\",\"urlTemplate\":\"https:\/\/prochaska.eu\/en\/?s={search_term_string}\"},\"query-input\":{\"@type\":\"PropertyValueSpecification\",\"valueRequired\":true,\"valueName\":\"search_term_string\"}}],\"inLanguage\":\"en-US\"},{\"@type\":\"Organization\",\"@id\":\"https:\/\/prochaska.eu\/en\/#organization\",\"name\":\"Prochaska\",\"url\":\"https:\/\/prochaska.eu\/en\/\",\"logo\":{\"@type\":\"ImageObject\",\"inLanguage\":\"en-US\",\"@id\":\"https:\/\/prochaska.eu\/en\/#\/schema\/logo\/image\/\",\"url\":\"https:\/\/prochaska.eu\/wp-content\/uploads\/2024\/04\/Prochaska_Logo_Black-1.png\",\"contentUrl\":\"https:\/\/prochaska.eu\/wp-content\/uploads\/2024\/04\/Prochaska_Logo_Black-1.png\",\"width\":796,\"height\":236,\"caption\":\"Prochaska\"},\"image\":{\"@id\":\"https:\/\/prochaska.eu\/en\/#\/schema\/logo\/image\/\"},\"sameAs\":[\"https:\/\/www.facebook.com\/prochaska.eu\/\",\"https:\/\/www.instagram.com\/prochaska.eu\/\",\"https:\/\/www.linkedin.com\/company\/prochaska-handels-gmbh\"]}]}<\/script>\n<!-- \/ Yoast SEO plugin. -->","yoast_head_json":{"title":"IcoCar Birdie 3.0 Cargo - Prochaska","description":"Used IcoCar Birdie 3.0 Cargo Golfcar with loading area, year 2021, 939 km, top condition, premium equipment & road registration on request.","robots":{"index":"index","follow":"follow","max-snippet":"max-snippet:-1","max-image-preview":"max-image-preview:large","max-video-preview":"max-video-preview:-1"},"canonical":"https:\/\/prochaska.eu\/en\/produkt\/icocar-birdie-3-0-cargo-2\/","og_locale":"en_US","og_type":"article","og_title":"IcoCar Birdie 3.0 Cargo - Prochaska","og_description":"Used IcoCar Birdie 3.0 Cargo Golfcar with loading area, year 2021, 939 km, top condition, premium equipment & road registration on request.","og_url":"https:\/\/prochaska.eu\/en\/produkt\/icocar-birdie-3-0-cargo-2\/","og_site_name":"Prochaska","article_publisher":"https:\/\/www.facebook.com\/prochaska.eu\/","og_image":[{"width":1200,"height":1600,"url":"https:\/\/prochaska.eu\/wp-content\/uploads\/2025\/09\/5230-4dbe12e075d9b6478af813052b2aa2e5-6243785-0vb.jpg","type":"image\/jpeg"}],"twitter_card":"summary_large_image","schema":{"@context":"https:\/\/schema.org","@graph":[{"@type":"WebPage","@id":"https:\/\/prochaska.eu\/en\/produkt\/icocar-birdie-3-0-cargo-2\/","url":"https:\/\/prochaska.eu\/en\/produkt\/icocar-birdie-3-0-cargo-2\/","name":"IcoCar Birdie 3.0 Cargo - Prochaska","isPartOf":{"@id":"https:\/\/prochaska.eu\/en\/#website"},"primaryImageOfPage":{"@id":"https:\/\/prochaska.eu\/en\/produkt\/icocar-birdie-3-0-cargo-2\/#primaryimage"},"image":{"@id":"https:\/\/prochaska.eu\/en\/produkt\/icocar-birdie-3-0-cargo-2\/#primaryimage"},"thumbnailUrl":"https:\/\/prochaska.eu\/wp-content\/uploads\/2025\/09\/5230-4dbe12e075d9b6478af813052b2aa2e5-6243785-0vb.jpg","datePublished":"2025-09-30T12:22:38+00:00","description":"Used IcoCar Birdie 3.0 Cargo Golfcar with loading area, year 2021, 939 km, top condition, premium equipment & road registration on request.","breadcrumb":{"@id":"https:\/\/prochaska.eu\/en\/produkt\/icocar-birdie-3-0-cargo-2\/#breadcrumb"},"inLanguage":"en-US","potentialAction":[{"@type":"ReadAction","target":["https:\/\/prochaska.eu\/en\/produkt\/icocar-birdie-3-0-cargo-2\/"]}]},{"@type":"ImageObject","inLanguage":"en-US","@id":"https:\/\/prochaska.eu\/en\/produkt\/icocar-birdie-3-0-cargo-2\/#primaryimage","url":"https:\/\/prochaska.eu\/wp-content\/uploads\/2025\/09\/5230-4dbe12e075d9b6478af813052b2aa2e5-6243785-0vb.jpg","contentUrl":"https:\/\/prochaska.eu\/wp-content\/uploads\/2025\/09\/5230-4dbe12e075d9b6478af813052b2aa2e5-6243785-0vb.jpg","width":1200,"height":1600,"caption":"IcoCar Birdie 3.0 Cargo"},{"@type":"BreadcrumbList","@id":"https:\/\/prochaska.eu\/en\/produkt\/icocar-birdie-3-0-cargo-2\/#breadcrumb","itemListElement":[{"@type":"ListItem","position":1,"name":"Home","item":"https:\/\/prochaska.eu\/en\/"},{"@type":"ListItem","position":2,"name":"Shop","item":"https:\/\/prochaska.eu\/shop\/"},{"@type":"ListItem","position":3,"name":"IcoCar Birdie 3.0 Cargo"}]},{"@type":"WebSite","@id":"https:\/\/prochaska.eu\/en\/#website","url":"https:\/\/prochaska.eu\/en\/","name":"Prochaska","description":"Spezialist f\u00fcr Pflege von Gr\u00fcnfl\u00e4chen","publisher":{"@id":"https:\/\/prochaska.eu\/en\/#organization"},"potentialAction":[{"@type":"SearchAction","target":{"@type":"EntryPoint","urlTemplate":"https:\/\/prochaska.eu\/en\/?s={search_term_string}"},"query-input":{"@type":"PropertyValueSpecification","valueRequired":true,"valueName":"search_term_string"}}],"inLanguage":"en-US"},{"@type":"Organization","@id":"https:\/\/prochaska.eu\/en\/#organization","name":"Prochaska","url":"https:\/\/prochaska.eu\/en\/","logo":{"@type":"ImageObject","inLanguage":"en-US","@id":"https:\/\/prochaska.eu\/en\/#\/schema\/logo\/image\/","url":"https:\/\/prochaska.eu\/wp-content\/uploads\/2024\/04\/Prochaska_Logo_Black-1.png","contentUrl":"https:\/\/prochaska.eu\/wp-content\/uploads\/2024\/04\/Prochaska_Logo_Black-1.png","width":796,"height":236,"caption":"Prochaska"},"image":{"@id":"https:\/\/prochaska.eu\/en\/#\/schema\/logo\/image\/"},"sameAs":["https:\/\/www.facebook.com\/prochaska.eu\/","https:\/\/www.instagram.com\/prochaska.eu\/","https:\/\/www.linkedin.com\/company\/prochaska-handels-gmbh"]}]}},"brands":[{"id":22,"name":"IcoCar","slug":"icocar"}],"_links":{"self":[{"href":"https:\/\/prochaska.eu\/en\/wp-json\/wp\/v2\/product\/31776","targetHints":{"allow":["GET"]}}],"collection":[{"href":"https:\/\/prochaska.eu\/en\/wp-json\/wp\/v2\/product"}],"about":[{"href":"https:\/\/prochaska.eu\/en\/wp-json\/wp\/v2\/types\/product"}],"version-history":[{"count":0,"href":"https:\/\/prochaska.eu\/en\/wp-json\/wp\/v2\/product\/31776\/revisions"}],"wp:featuredmedia":[{"embeddable":true,"href":"https:\/\/prochaska.eu\/en\/wp-json\/wp\/v2\/media\/31752"}],"wp:attachment":[{"href":"https:\/\/prochaska.eu\/en\/wp-json\/wp\/v2\/media?parent=31776"}],"wp:term":[{"taxonomy":"pwb-brand","embeddable":true,"href":"https:\/\/prochaska.eu\/en\/wp-json\/wp\/v2\/pwb-brand?post=31776"},{"taxonomy":"product_brand","embeddable":true,"href":"https:\/\/prochaska.eu\/en\/wp-json\/wp\/v2\/product_brand?post=31776"},{"taxonomy":"product_cat","embeddable":true,"href":"https:\/\/prochaska.eu\/en\/wp-json\/wp\/v2\/product_cat?post=31776"},{"taxonomy":"product_tag","embeddable":true,"href":"https:\/\/prochaska.eu\/en\/wp-json\/wp\/v2\/product_tag?post=31776"}],"curies":[{"name":"wp","href":"https:\/\/api.w.org\/{rel}","templated":true}]}}