{"id":31781,"date":"2025-09-30T13:16:13","date_gmt":"2025-09-30T13:16:13","guid":{"rendered":"https:\/\/prochaska.eu\/produkt\/billygoat-outback-ride-on-mower-4wd-2ed-bct4322bce-bct4323bce\/"},"modified":"2025-10-01T09:24:19","modified_gmt":"2025-10-01T09:24:19","slug":"billygoat-outback-ride-on-mower-4wd-2ed-bct4322bce-bct4323bce","status":"publish","type":"product","link":"https:\/\/prochaska.eu\/en\/produkt\/billygoat-outback-ride-on-mower-4wd-2ed-bct4322bce-bct4323bce\/","title":{"rendered":"BillyGoat &#8211; Outback ride-on mower &#8211; 4WD\/2ED &#8211; BCT4322BCE\/BCT4323BCE"},"content":{"rendered":"<p>The<strong> Outback\u00ae 4WD &amp; 2WD ride-on mowers<\/strong> from <strong>Billy Goat<\/strong> are designed for professional use. They combine the comfort of a lawn tractor with the strength of a high grass mower. Thanks to their robust construction and modern drive systems, they also work where conventional machines reach their limits. The spacious platform offers the operator plenty of room and comfort. The high-performance mower with open front and cross blades ensures a clean cut. With its Outback\u00ae models, Billy Goat is setting new standards in professional wild growth mowing. Both versions &#8211; 2WD and 4WD &#8211; add versatility to the product range.      <\/p>\n<h2 data-start=\"953\" data-end=\"982\"><strong data-start=\"957\" data-end=\"980\">The product benefits<\/strong><\/h2>\n<ul data-start=\"984\" data-end=\"2443\">\n<li data-start=\"984\" data-end=\"1250\"><strong data-start=\"986\" data-end=\"1013\">Powerful engines<\/strong><br data-start=\"1013\" data-end=\"1016\">Both models are equipped with reliable Briggs &amp; Stratton\u00ae engines. They deliver constant power even under tough conditions. A cyclone air filter protects the engine from dirt and extends maintenance intervals.  <\/li>\n<li data-start=\"1252\" data-end=\"1567\"><strong data-start=\"1254\" data-end=\"1279\">Comfortable operation<\/strong><br data-start=\"1279\" data-end=\"1282\">An ergonomic, adjustable seat ensures comfortable working, even on uneven terrain. The clearly laid out dashboard also makes operation easier. It contains indicator and warning lights, throttle lever, PTO switch for the blade clutch, cruise control and parking brake.  <\/li>\n<li data-start=\"1569\" data-end=\"1795\"><strong data-start=\"1571\" data-end=\"1591\">Robust design<\/strong><br data-start=\"1591\" data-end=\"1594\">A sturdy guard rail surrounds the seat and protects the operator and machine. In addition, a solid front bumper provides impact protection. It also serves as a lashing point during transportation.  <\/li>\n<li data-start=\"1797\" data-end=\"2059\"><strong data-start=\"1799\" data-end=\"1831\">Efficient high grass mower<\/strong><br data-start=\"1831\" data-end=\"1834\">The reinforced mower has three offset mowing spindles with cross blades. This reliably reduces the clippings. It is suitable for wild growth, meadows and orchards as well as for manicured lawns.  <\/li>\n<li data-start=\"2061\" data-end=\"2443\"><strong data-start=\"2063\" data-end=\"2084\">Optimum traction<\/strong>\n<ul data-start=\"2089\" data-end=\"2443\">\n<li data-start=\"2089\" data-end=\"2260\">The <strong data-start=\"2095\" data-end=\"2109\">4WD model<\/strong> has Tuff Torq\u00ae all-wheel drive with limited slip differential. Large wheels with agricultural tread provide secure grip, even on steep slopes. <\/li>\n<li data-start=\"2263\" data-end=\"2443\">The <strong data-start=\"2269\" data-end=\"2283\">2WD model<\/strong> has turf-friendly tires that have been specially developed for well-maintained surfaces. Here too, the differential lock prevents loss of traction. <\/li>\n<\/ul>\n<\/li>\n<\/ul>\n<p><iframe title=\"Billy Goat Outback Tractor - High Grass Brush Cutter Lawn Tractor\" width=\"800\" height=\"450\" src=\"https:\/\/www.youtube.com\/embed\/oIoqxyJmal8?start=1&#038;feature=oembed\" frameborder=\"0\" allow=\"accelerometer; autoplay; clipboard-write; encrypted-media; gyroscope; picture-in-picture; web-share\" referrerpolicy=\"strict-origin-when-cross-origin\" allowfullscreen><\/iframe><\/p>\n","protected":false},"excerpt":{"rendered":"<p>The Billy Goat Outback\u00ae ride-on mower (2WD &amp; 4WD) offers professional performance for high grass areas, orchards, vineyards and large meadows. With its powerful engine, robust mower deck, comfortable seat and optimum traction, it masters even challenging terrain with ease. <\/p>\n","protected":false},"featured_media":31678,"template":"","meta":[],"pwb-brand":[3085],"product_brand":[3257],"product_cat":[3135,1506],"product_tag":[],"class_list":{"0":"post-31781","1":"product","2":"type-product","3":"status-publish","4":"has-post-thumbnail","6":"pwb-brand-billy-goat-en","7":"product_brand-billy-goat","8":"product_cat-mowers","9":"product_cat-municipal-sports-fields-agriculture","11":"first","12":"instock","13":"taxable","14":"shipping-taxable","15":"purchasable","16":"product-type-variable"},"yoast_head":"<!-- This site is optimized with the Yoast SEO plugin v27.2 - https:\/\/yoast.com\/product\/yoast-seo-wordpress\/ -->\n<title>BillyGoat - Outback ride-on mower - 4WD\/2ED - BCT4322BCE\/BCT4323BCE - Prochaska<\/title>\n<meta name=\"description\" content=\"Discover the Billy Goat Outback\u00ae ride-on mower in 2WD or 4WD for professional wild growth areas, orchards, vineyards and large meadows. Powerful engine, comfortable seat and durable mower deck for efficient mowing in demanding conditions.\" \/>\n<meta name=\"robots\" content=\"index, follow, max-snippet:-1, max-image-preview:large, max-video-preview:-1\" \/>\n<link rel=\"canonical\" href=\"https:\/\/prochaska.eu\/en\/produkt\/billygoat-outback-ride-on-mower-4wd-2ed-bct4322bce-bct4323bce\/\" \/>\n<meta property=\"og:locale\" content=\"en_US\" \/>\n<meta property=\"og:type\" content=\"article\" \/>\n<meta property=\"og:title\" content=\"BillyGoat - Outback ride-on mower - 4WD\/2ED - BCT4322BCE\/BCT4323BCE - Prochaska\" \/>\n<meta property=\"og:description\" content=\"Discover the Billy Goat Outback\u00ae ride-on mower in 2WD or 4WD for professional wild growth areas, orchards, vineyards and large meadows. Powerful engine, comfortable seat and durable mower deck for efficient mowing in demanding conditions.\" \/>\n<meta property=\"og:url\" content=\"https:\/\/prochaska.eu\/en\/produkt\/billygoat-outback-ride-on-mower-4wd-2ed-bct4322bce-bct4323bce\/\" \/>\n<meta property=\"og:site_name\" content=\"Prochaska\" \/>\n<meta property=\"article:publisher\" content=\"https:\/\/www.facebook.com\/prochaska.eu\/\" \/>\n<meta property=\"article:modified_time\" content=\"2025-10-01T09:24:19+00:00\" \/>\n<meta property=\"og:image\" content=\"https:\/\/prochaska.eu\/wp-content\/uploads\/2025\/09\/BCT4323BCE-RF.webp\" \/>\n\t<meta property=\"og:image:width\" content=\"1024\" \/>\n\t<meta property=\"og:image:height\" content=\"1024\" \/>\n\t<meta property=\"og:image:type\" content=\"image\/webp\" \/>\n<meta name=\"twitter:card\" content=\"summary_large_image\" \/>\n<meta name=\"twitter:label1\" content=\"Est. reading time\" \/>\n\t<meta name=\"twitter:data1\" content=\"2 minutes\" \/>\n<script type=\"application\/ld+json\" class=\"yoast-schema-graph\">{\"@context\":\"https:\/\/schema.org\",\"@graph\":[{\"@type\":\"WebPage\",\"@id\":\"https:\/\/prochaska.eu\/en\/produkt\/billygoat-outback-ride-on-mower-4wd-2ed-bct4322bce-bct4323bce\/\",\"url\":\"https:\/\/prochaska.eu\/en\/produkt\/billygoat-outback-ride-on-mower-4wd-2ed-bct4322bce-bct4323bce\/\",\"name\":\"BillyGoat - Outback ride-on mower - 4WD\/2ED - BCT4322BCE\/BCT4323BCE - Prochaska\",\"isPartOf\":{\"@id\":\"https:\/\/prochaska.eu\/en\/#website\"},\"primaryImageOfPage\":{\"@id\":\"https:\/\/prochaska.eu\/en\/produkt\/billygoat-outback-ride-on-mower-4wd-2ed-bct4322bce-bct4323bce\/#primaryimage\"},\"image\":{\"@id\":\"https:\/\/prochaska.eu\/en\/produkt\/billygoat-outback-ride-on-mower-4wd-2ed-bct4322bce-bct4323bce\/#primaryimage\"},\"thumbnailUrl\":\"https:\/\/prochaska.eu\/wp-content\/uploads\/2025\/09\/BCT4323BCE-RF.webp\",\"datePublished\":\"2025-09-30T13:16:13+00:00\",\"dateModified\":\"2025-10-01T09:24:19+00:00\",\"description\":\"Discover the Billy Goat Outback\u00ae ride-on mower in 2WD or 4WD for professional wild growth areas, orchards, vineyards and large meadows. Powerful engine, comfortable seat and durable mower deck for efficient mowing in demanding conditions.\",\"breadcrumb\":{\"@id\":\"https:\/\/prochaska.eu\/en\/produkt\/billygoat-outback-ride-on-mower-4wd-2ed-bct4322bce-bct4323bce\/#breadcrumb\"},\"inLanguage\":\"en-US\",\"potentialAction\":[{\"@type\":\"ReadAction\",\"target\":[\"https:\/\/prochaska.eu\/en\/produkt\/billygoat-outback-ride-on-mower-4wd-2ed-bct4322bce-bct4323bce\/\"]}]},{\"@type\":\"ImageObject\",\"inLanguage\":\"en-US\",\"@id\":\"https:\/\/prochaska.eu\/en\/produkt\/billygoat-outback-ride-on-mower-4wd-2ed-bct4322bce-bct4323bce\/#primaryimage\",\"url\":\"https:\/\/prochaska.eu\/wp-content\/uploads\/2025\/09\/BCT4323BCE-RF.webp\",\"contentUrl\":\"https:\/\/prochaska.eu\/wp-content\/uploads\/2025\/09\/BCT4323BCE-RF.webp\",\"width\":1024,\"height\":1024},{\"@type\":\"BreadcrumbList\",\"@id\":\"https:\/\/prochaska.eu\/en\/produkt\/billygoat-outback-ride-on-mower-4wd-2ed-bct4322bce-bct4323bce\/#breadcrumb\",\"itemListElement\":[{\"@type\":\"ListItem\",\"position\":1,\"name\":\"Home\",\"item\":\"https:\/\/prochaska.eu\/en\/\"},{\"@type\":\"ListItem\",\"position\":2,\"name\":\"Shop\",\"item\":\"https:\/\/prochaska.eu\/shop\/\"},{\"@type\":\"ListItem\",\"position\":3,\"name\":\"BillyGoat &#8211; Outback ride-on mower &#8211; 4WD\/2ED &#8211; BCT4322BCE\/BCT4323BCE\"}]},{\"@type\":\"WebSite\",\"@id\":\"https:\/\/prochaska.eu\/en\/#website\",\"url\":\"https:\/\/prochaska.eu\/en\/\",\"name\":\"Prochaska\",\"description\":\"Spezialist f\u00fcr Pflege von Gr\u00fcnfl\u00e4chen\",\"publisher\":{\"@id\":\"https:\/\/prochaska.eu\/en\/#organization\"},\"potentialAction\":[{\"@type\":\"SearchAction\",\"target\":{\"@type\":\"EntryPoint\",\"urlTemplate\":\"https:\/\/prochaska.eu\/en\/?s={search_term_string}\"},\"query-input\":{\"@type\":\"PropertyValueSpecification\",\"valueRequired\":true,\"valueName\":\"search_term_string\"}}],\"inLanguage\":\"en-US\"},{\"@type\":\"Organization\",\"@id\":\"https:\/\/prochaska.eu\/en\/#organization\",\"name\":\"Prochaska\",\"url\":\"https:\/\/prochaska.eu\/en\/\",\"logo\":{\"@type\":\"ImageObject\",\"inLanguage\":\"en-US\",\"@id\":\"https:\/\/prochaska.eu\/en\/#\/schema\/logo\/image\/\",\"url\":\"https:\/\/prochaska.eu\/wp-content\/uploads\/2024\/04\/Prochaska_Logo_Black-1.png\",\"contentUrl\":\"https:\/\/prochaska.eu\/wp-content\/uploads\/2024\/04\/Prochaska_Logo_Black-1.png\",\"width\":796,\"height\":236,\"caption\":\"Prochaska\"},\"image\":{\"@id\":\"https:\/\/prochaska.eu\/en\/#\/schema\/logo\/image\/\"},\"sameAs\":[\"https:\/\/www.facebook.com\/prochaska.eu\/\",\"https:\/\/www.instagram.com\/prochaska.eu\/\",\"https:\/\/www.linkedin.com\/company\/prochaska-handels-gmbh\"]}]}<\/script>\n<!-- \/ Yoast SEO plugin. -->","yoast_head_json":{"title":"BillyGoat - Outback ride-on mower - 4WD\/2ED - BCT4322BCE\/BCT4323BCE - Prochaska","description":"Discover the Billy Goat Outback\u00ae ride-on mower in 2WD or 4WD for professional wild growth areas, orchards, vineyards and large meadows. Powerful engine, comfortable seat and durable mower deck for efficient mowing in demanding conditions.","robots":{"index":"index","follow":"follow","max-snippet":"max-snippet:-1","max-image-preview":"max-image-preview:large","max-video-preview":"max-video-preview:-1"},"canonical":"https:\/\/prochaska.eu\/en\/produkt\/billygoat-outback-ride-on-mower-4wd-2ed-bct4322bce-bct4323bce\/","og_locale":"en_US","og_type":"article","og_title":"BillyGoat - Outback ride-on mower - 4WD\/2ED - BCT4322BCE\/BCT4323BCE - Prochaska","og_description":"Discover the Billy Goat Outback\u00ae ride-on mower in 2WD or 4WD for professional wild growth areas, orchards, vineyards and large meadows. Powerful engine, comfortable seat and durable mower deck for efficient mowing in demanding conditions.","og_url":"https:\/\/prochaska.eu\/en\/produkt\/billygoat-outback-ride-on-mower-4wd-2ed-bct4322bce-bct4323bce\/","og_site_name":"Prochaska","article_publisher":"https:\/\/www.facebook.com\/prochaska.eu\/","article_modified_time":"2025-10-01T09:24:19+00:00","og_image":[{"width":1024,"height":1024,"url":"https:\/\/prochaska.eu\/wp-content\/uploads\/2025\/09\/BCT4323BCE-RF.webp","type":"image\/webp"}],"twitter_card":"summary_large_image","twitter_misc":{"Est. reading time":"2 minutes"},"schema":{"@context":"https:\/\/schema.org","@graph":[{"@type":"WebPage","@id":"https:\/\/prochaska.eu\/en\/produkt\/billygoat-outback-ride-on-mower-4wd-2ed-bct4322bce-bct4323bce\/","url":"https:\/\/prochaska.eu\/en\/produkt\/billygoat-outback-ride-on-mower-4wd-2ed-bct4322bce-bct4323bce\/","name":"BillyGoat - Outback ride-on mower - 4WD\/2ED - BCT4322BCE\/BCT4323BCE - Prochaska","isPartOf":{"@id":"https:\/\/prochaska.eu\/en\/#website"},"primaryImageOfPage":{"@id":"https:\/\/prochaska.eu\/en\/produkt\/billygoat-outback-ride-on-mower-4wd-2ed-bct4322bce-bct4323bce\/#primaryimage"},"image":{"@id":"https:\/\/prochaska.eu\/en\/produkt\/billygoat-outback-ride-on-mower-4wd-2ed-bct4322bce-bct4323bce\/#primaryimage"},"thumbnailUrl":"https:\/\/prochaska.eu\/wp-content\/uploads\/2025\/09\/BCT4323BCE-RF.webp","datePublished":"2025-09-30T13:16:13+00:00","dateModified":"2025-10-01T09:24:19+00:00","description":"Discover the Billy Goat Outback\u00ae ride-on mower in 2WD or 4WD for professional wild growth areas, orchards, vineyards and large meadows. Powerful engine, comfortable seat and durable mower deck for efficient mowing in demanding conditions.","breadcrumb":{"@id":"https:\/\/prochaska.eu\/en\/produkt\/billygoat-outback-ride-on-mower-4wd-2ed-bct4322bce-bct4323bce\/#breadcrumb"},"inLanguage":"en-US","potentialAction":[{"@type":"ReadAction","target":["https:\/\/prochaska.eu\/en\/produkt\/billygoat-outback-ride-on-mower-4wd-2ed-bct4322bce-bct4323bce\/"]}]},{"@type":"ImageObject","inLanguage":"en-US","@id":"https:\/\/prochaska.eu\/en\/produkt\/billygoat-outback-ride-on-mower-4wd-2ed-bct4322bce-bct4323bce\/#primaryimage","url":"https:\/\/prochaska.eu\/wp-content\/uploads\/2025\/09\/BCT4323BCE-RF.webp","contentUrl":"https:\/\/prochaska.eu\/wp-content\/uploads\/2025\/09\/BCT4323BCE-RF.webp","width":1024,"height":1024},{"@type":"BreadcrumbList","@id":"https:\/\/prochaska.eu\/en\/produkt\/billygoat-outback-ride-on-mower-4wd-2ed-bct4322bce-bct4323bce\/#breadcrumb","itemListElement":[{"@type":"ListItem","position":1,"name":"Home","item":"https:\/\/prochaska.eu\/en\/"},{"@type":"ListItem","position":2,"name":"Shop","item":"https:\/\/prochaska.eu\/shop\/"},{"@type":"ListItem","position":3,"name":"BillyGoat &#8211; Outback ride-on mower &#8211; 4WD\/2ED &#8211; BCT4322BCE\/BCT4323BCE"}]},{"@type":"WebSite","@id":"https:\/\/prochaska.eu\/en\/#website","url":"https:\/\/prochaska.eu\/en\/","name":"Prochaska","description":"Spezialist f\u00fcr Pflege von Gr\u00fcnfl\u00e4chen","publisher":{"@id":"https:\/\/prochaska.eu\/en\/#organization"},"potentialAction":[{"@type":"SearchAction","target":{"@type":"EntryPoint","urlTemplate":"https:\/\/prochaska.eu\/en\/?s={search_term_string}"},"query-input":{"@type":"PropertyValueSpecification","valueRequired":true,"valueName":"search_term_string"}}],"inLanguage":"en-US"},{"@type":"Organization","@id":"https:\/\/prochaska.eu\/en\/#organization","name":"Prochaska","url":"https:\/\/prochaska.eu\/en\/","logo":{"@type":"ImageObject","inLanguage":"en-US","@id":"https:\/\/prochaska.eu\/en\/#\/schema\/logo\/image\/","url":"https:\/\/prochaska.eu\/wp-content\/uploads\/2024\/04\/Prochaska_Logo_Black-1.png","contentUrl":"https:\/\/prochaska.eu\/wp-content\/uploads\/2024\/04\/Prochaska_Logo_Black-1.png","width":796,"height":236,"caption":"Prochaska"},"image":{"@id":"https:\/\/prochaska.eu\/en\/#\/schema\/logo\/image\/"},"sameAs":["https:\/\/www.facebook.com\/prochaska.eu\/","https:\/\/www.instagram.com\/prochaska.eu\/","https:\/\/www.linkedin.com\/company\/prochaska-handels-gmbh"]}]}},"brands":[{"id":3085,"name":"Billy Goat","slug":"billy-goat-en"}],"_links":{"self":[{"href":"https:\/\/prochaska.eu\/en\/wp-json\/wp\/v2\/product\/31781","targetHints":{"allow":["GET"]}}],"collection":[{"href":"https:\/\/prochaska.eu\/en\/wp-json\/wp\/v2\/product"}],"about":[{"href":"https:\/\/prochaska.eu\/en\/wp-json\/wp\/v2\/types\/product"}],"version-history":[{"count":1,"href":"https:\/\/prochaska.eu\/en\/wp-json\/wp\/v2\/product\/31781\/revisions"}],"predecessor-version":[{"id":31820,"href":"https:\/\/prochaska.eu\/en\/wp-json\/wp\/v2\/product\/31781\/revisions\/31820"}],"wp:featuredmedia":[{"embeddable":true,"href":"https:\/\/prochaska.eu\/en\/wp-json\/wp\/v2\/media\/31678"}],"wp:attachment":[{"href":"https:\/\/prochaska.eu\/en\/wp-json\/wp\/v2\/media?parent=31781"}],"wp:term":[{"taxonomy":"pwb-brand","embeddable":true,"href":"https:\/\/prochaska.eu\/en\/wp-json\/wp\/v2\/pwb-brand?post=31781"},{"taxonomy":"product_brand","embeddable":true,"href":"https:\/\/prochaska.eu\/en\/wp-json\/wp\/v2\/product_brand?post=31781"},{"taxonomy":"product_cat","embeddable":true,"href":"https:\/\/prochaska.eu\/en\/wp-json\/wp\/v2\/product_cat?post=31781"},{"taxonomy":"product_tag","embeddable":true,"href":"https:\/\/prochaska.eu\/en\/wp-json\/wp\/v2\/product_tag?post=31781"}],"curies":[{"name":"wp","href":"https:\/\/api.w.org\/{rel}","templated":true}]}}