{"id":31837,"date":"2025-10-02T08:41:53","date_gmt":"2025-10-02T08:41:53","guid":{"rendered":"https:\/\/prochaska.eu\/?post_type=product&#038;p=31837"},"modified":"2026-03-09T10:41:28","modified_gmt":"2026-03-09T10:41:28","slug":"toro-groundsmaster-4700-d-4-wd","status":"publish","type":"product","link":"https:\/\/prochaska.eu\/en\/produkt\/toro-groundsmaster-4700-d-4-wd\/","title":{"rendered":"TORO Groundsmaster 4700-D 4-WD"},"content":{"rendered":"<h1 class=\"whitespace-normal text-xl md:text-4xl text-green-lawi-100 tracking-[.36px] font-semibold max-w-[890px] dark:text-git-text-100\">TORO Groundsmaster 4700-D 4-WD<\/h1>\n<div class=\"paragraph-in-scc-markdown-text ___1ngh792 ftgm304 f1iaxwol\">Der <strong>TORO Groundsmaster 4700-D 4-WD Gro\u00dffl\u00e4chen-Sichelm\u00e4her<\/strong> (Modell 30858, Baujahr 2012) ist ein leistungsstarker und robuster M\u00e4her f\u00fcr gro\u00dfe Gr\u00fcnfl\u00e4chen. Mit einer beeindruckenden Schnittbreite von <strong>380 cm<\/strong> und einem zuverl\u00e4ssigen <strong>4-Rad-Antrieb<\/strong> eignet sich die Maschine ideal f\u00fcr anspruchsvolle M\u00e4harbeiten im kommunalen oder gewerblichen Bereich.<\/div>\n<div class=\"paragraph-in-scc-markdown-text ___1ngh792 ftgm304 f1iaxwol\">Die Maschine wurde vom Importeur <strong>komplett \u00fcberholt und serviciert<\/strong>. Dabei wurden zahlreiche Komponenten <strong>erneuert<\/strong>, darunter:<\/div>\n<ul>\n<li class=\"___ccc16d0 fje8fi8 f1ng9h0j f1bwykku f18jd3zf\">alle Filter<\/li>\n<li class=\"___ccc16d0 fje8fi8 f1ng9h0j f1bwykku f18jd3zf\">s\u00e4mtliche Hydraulikschl\u00e4uche<\/li>\n<li class=\"___ccc16d0 fje8fi8 f1ng9h0j f1bwykku f18jd3zf\">Auspuffanlage<\/li>\n<li class=\"___ccc16d0 fje8fi8 f1ng9h0j f1bwykku f18jd3zf\">M\u00e4hmesser<\/li>\n<li class=\"___ccc16d0 fje8fi8 f1ng9h0j f1bwykku f18jd3zf\">M\u00e4hwerkslaufrollen<\/li>\n<li class=\"___ccc16d0 fje8fi8 f1ng9h0j f1bwykku f18jd3zf\">Keilriemen der Lichtmaschine<\/li>\n<li class=\"___ccc16d0 fje8fi8 f1ng9h0j f1bwykku f18jd3zf\">Motorhaube<\/li>\n<\/ul>\n<div class=\"paragraph-in-scc-markdown-text ___1ngh792 ftgm304 f1iaxwol\">Zus\u00e4tzlich wurden ein <strong>Motor\u00f6lwechsel<\/strong> und ein <strong>Hydraulik\u00f6lwechsel<\/strong> durchgef\u00fchrt. Der komfortable <strong>Grammer Luftsitz<\/strong> sorgt f\u00fcr ergonomisches Arbeiten auch bei langen Eins\u00e4tzen. Mit <strong>4583 Betriebsstunden<\/strong> ist der M\u00e4her in einem gepflegten Zustand und sofort einsatzbereit.<\/div>\n<div><\/div>\n<h2>Technische Daten<\/h2>\n<div class=\"flex flex-col xl:flex-row gap-0 lg:gap-5\">\n<div class=\"flex-1 xl:max-w-[50%]\">\n<div class=\"mt-2\">\n<table class=\"table-fixed mt-2.5 w-full\" style=\"height: 375px;\" width=\"427\">\n<tbody>\n<tr class=\"even:bg-gray-50 odd:bg-white hover:bg-gray-100 dark:odd:bg-git-el-100 dark:even:bg-git-bg-100 dark:hover:bg-git-text-100 dark:hover:text-git-bg-100 dark:text-git-text-100 group truncate\">\n<th class=\"border-b border-hgMenu-300 sm:whitespace-nowrap border-r border-hgMenu-300 pr-4 pt-1 text-left\">\n<p class=\"pl-1 text-ellipsis whitespace-nowrap overflow-hidden\" title=\"PS \/ kW\">PS \/ kW<\/p>\n<\/th>\n<td class=\"border-b border-hgMenu-300 px-2 pb-1 truncate\">58 \/ 43<\/td>\n<\/tr>\n<tr class=\"even:bg-gray-50 odd:bg-white hover:bg-gray-100 dark:odd:bg-git-el-100 dark:even:bg-git-bg-100 dark:hover:bg-git-text-100 dark:hover:text-git-bg-100 dark:text-git-text-100 group truncate\">\n<th class=\"border-b border-hgMenu-300 sm:whitespace-nowrap border-r border-hgMenu-300 pr-4 pt-1 text-left\">\n<p class=\"pl-1 text-ellipsis whitespace-nowrap overflow-hidden\" title=\"Baujahr\">Baujahr<\/p>\n<\/th>\n<td class=\"border-b border-hgMenu-300 px-2 pb-1 truncate\">2012<\/td>\n<\/tr>\n<tr class=\"even:bg-gray-50 odd:bg-white hover:bg-gray-100 dark:odd:bg-git-el-100 dark:even:bg-git-bg-100 dark:hover:bg-git-text-100 dark:hover:text-git-bg-100 dark:text-git-text-100 group truncate\">\n<th class=\"border-b border-hgMenu-300 sm:whitespace-nowrap border-r border-hgMenu-300 pr-4 pt-1 text-left\">\n<p class=\"pl-1 text-ellipsis whitespace-nowrap overflow-hidden\" title=\"Betriebsstunden\">Betriebsstunden<\/p>\n<\/th>\n<td class=\"border-b border-hgMenu-300 px-2 pb-1 truncate\">4583<\/td>\n<\/tr>\n<tr class=\"even:bg-gray-50 odd:bg-white hover:bg-gray-100 dark:odd:bg-git-el-100 dark:even:bg-git-bg-100 dark:hover:bg-git-text-100 dark:hover:text-git-bg-100 dark:text-git-text-100 group truncate\">\n<th class=\"border-b border-hgMenu-300 sm:whitespace-nowrap border-r border-hgMenu-300 pr-4 pt-1 text-left\">\n<p class=\"pl-1 text-ellipsis whitespace-nowrap overflow-hidden\" title=\"Breite\">Breite<\/p>\n<\/th>\n<td class=\"border-b border-hgMenu-300 px-2 pb-1 truncate\">380<\/td>\n<\/tr>\n<tr class=\"even:bg-gray-50 odd:bg-white hover:bg-gray-100 dark:odd:bg-git-el-100 dark:even:bg-git-bg-100 dark:hover:bg-git-text-100 dark:hover:text-git-bg-100 dark:text-git-text-100 group truncate\">\n<th class=\"border-b border-hgMenu-300 sm:whitespace-nowrap border-r border-hgMenu-300 pr-4 pt-1 text-left\">\n<p class=\"pl-1 text-ellipsis whitespace-nowrap overflow-hidden\" title=\"Interne Nummer\">Interne Nummer<\/p>\n<\/th>\n<td class=\"border-b border-hgMenu-300 px-2 pb-1 truncate\">6255400<\/td>\n<\/tr>\n<tr class=\"even:bg-gray-50 odd:bg-white hover:bg-gray-100 dark:odd:bg-git-el-100 dark:even:bg-git-bg-100 dark:hover:bg-git-text-100 dark:hover:text-git-bg-100 dark:text-git-text-100 group truncate\">\n<th class=\"sm:whitespace-nowrap border-r border-hgMenu-300 pr-4 pt-1 text-left\">\n<p class=\"pl-1 text-ellipsis whitespace-nowrap overflow-hidden\" title=\"Zustand\">Zustand<\/p>\n<\/th>\n<td class=\"px-2 pb-1 truncate\"><span class=\"flex items-center relative cursor-pointer\">Gut (Klasse 2)<\/span><\/td>\n<\/tr>\n<\/tbody>\n<\/table>\n<p>&nbsp;<\/p>\n<\/div>\n<\/div>\n<div class=\"flex-1\"><\/div>\n<\/div>\n","protected":false},"excerpt":{"rendered":"<p>TORO Groundsmaster 4700-D, Bj. 2012, 4-WD, 380 cm Schnittbreite, 4583 Std., komplett \u00fcberholt inkl. Grammer Luftsitz &amp; neuer Komponenten.<\/p>\n","protected":false},"featured_media":31838,"template":"","meta":[],"pwb-brand":[1039],"product_brand":[3262],"product_cat":[3033],"product_tag":[],"class_list":{"0":"post-31837","1":"product","2":"type-product","3":"status-publish","4":"has-post-thumbnail","6":"pwb-brand-toro","7":"product_brand-toro","8":"product_cat-gebrauchtgeraete","10":"first","11":"instock","12":"taxable","13":"shipping-taxable","14":"product-type-simple"},"yoast_head":"<!-- This site is optimized with the Yoast SEO plugin v27.2 - https:\/\/yoast.com\/product\/yoast-seo-wordpress\/ -->\n<title>TORO Groundsmaster 4700-D 4-WD - Prochaska<\/title>\n<meta name=\"description\" content=\"Gebrauchter TORO Groundsmaster 4700-D Gro\u00dffl\u00e4chenm\u00e4her, Baujahr 2012, komplett \u00fcberholt inkl. neuer Teile &amp; Grammer Luftsitz. 380 cm Schnittbreite, 4-WD.\" \/>\n<meta name=\"robots\" content=\"index, follow, max-snippet:-1, max-image-preview:large, max-video-preview:-1\" \/>\n<link rel=\"canonical\" href=\"https:\/\/prochaska.eu\/en\/produkt\/toro-groundsmaster-4700-d-4-wd\/\" \/>\n<meta property=\"og:locale\" content=\"en_US\" \/>\n<meta property=\"og:type\" content=\"article\" \/>\n<meta property=\"og:title\" content=\"TORO Groundsmaster 4700-D 4-WD - Prochaska\" \/>\n<meta property=\"og:description\" content=\"Gebrauchter TORO Groundsmaster 4700-D Gro\u00dffl\u00e4chenm\u00e4her, Baujahr 2012, komplett \u00fcberholt inkl. neuer Teile &amp; Grammer Luftsitz. 380 cm Schnittbreite, 4-WD.\" \/>\n<meta property=\"og:url\" content=\"https:\/\/prochaska.eu\/en\/produkt\/toro-groundsmaster-4700-d-4-wd\/\" \/>\n<meta property=\"og:site_name\" content=\"Prochaska\" \/>\n<meta property=\"article:publisher\" content=\"https:\/\/www.facebook.com\/prochaska.eu\/\" \/>\n<meta property=\"article:modified_time\" content=\"2026-03-09T10:41:28+00:00\" \/>\n<meta property=\"og:image\" content=\"https:\/\/prochaska.eu\/wp-content\/uploads\/2025\/10\/20251001_144800.webp\" \/>\n\t<meta property=\"og:image:width\" content=\"1512\" \/>\n\t<meta property=\"og:image:height\" content=\"2016\" \/>\n\t<meta property=\"og:image:type\" content=\"image\/webp\" \/>\n<meta name=\"twitter:card\" content=\"summary_large_image\" \/>\n<meta name=\"twitter:label1\" content=\"Est. reading time\" \/>\n\t<meta name=\"twitter:data1\" content=\"1 minute\" \/>\n<script type=\"application\/ld+json\" class=\"yoast-schema-graph\">{\"@context\":\"https:\/\/schema.org\",\"@graph\":[{\"@type\":\"WebPage\",\"@id\":\"https:\/\/prochaska.eu\/en\/produkt\/toro-groundsmaster-4700-d-4-wd\/\",\"url\":\"https:\/\/prochaska.eu\/en\/produkt\/toro-groundsmaster-4700-d-4-wd\/\",\"name\":\"TORO Groundsmaster 4700-D 4-WD - Prochaska\",\"isPartOf\":{\"@id\":\"https:\/\/prochaska.eu\/en\/#website\"},\"primaryImageOfPage\":{\"@id\":\"https:\/\/prochaska.eu\/en\/produkt\/toro-groundsmaster-4700-d-4-wd\/#primaryimage\"},\"image\":{\"@id\":\"https:\/\/prochaska.eu\/en\/produkt\/toro-groundsmaster-4700-d-4-wd\/#primaryimage\"},\"thumbnailUrl\":\"https:\/\/prochaska.eu\/wp-content\/uploads\/2025\/10\/20251001_144800.webp\",\"datePublished\":\"2025-10-02T08:41:53+00:00\",\"dateModified\":\"2026-03-09T10:41:28+00:00\",\"description\":\"Gebrauchter TORO Groundsmaster 4700-D Gro\u00dffl\u00e4chenm\u00e4her, Baujahr 2012, komplett \u00fcberholt inkl. neuer Teile & Grammer Luftsitz. 380 cm Schnittbreite, 4-WD.\",\"breadcrumb\":{\"@id\":\"https:\/\/prochaska.eu\/en\/produkt\/toro-groundsmaster-4700-d-4-wd\/#breadcrumb\"},\"inLanguage\":\"en-US\",\"potentialAction\":[{\"@type\":\"ReadAction\",\"target\":[\"https:\/\/prochaska.eu\/en\/produkt\/toro-groundsmaster-4700-d-4-wd\/\"]}]},{\"@type\":\"ImageObject\",\"inLanguage\":\"en-US\",\"@id\":\"https:\/\/prochaska.eu\/en\/produkt\/toro-groundsmaster-4700-d-4-wd\/#primaryimage\",\"url\":\"https:\/\/prochaska.eu\/wp-content\/uploads\/2025\/10\/20251001_144800.webp\",\"contentUrl\":\"https:\/\/prochaska.eu\/wp-content\/uploads\/2025\/10\/20251001_144800.webp\",\"width\":1512,\"height\":2016,\"caption\":\"TORO Groundsmaster 4700-D 4-WD\"},{\"@type\":\"BreadcrumbList\",\"@id\":\"https:\/\/prochaska.eu\/en\/produkt\/toro-groundsmaster-4700-d-4-wd\/#breadcrumb\",\"itemListElement\":[{\"@type\":\"ListItem\",\"position\":1,\"name\":\"Home\",\"item\":\"https:\/\/prochaska.eu\/en\/\"},{\"@type\":\"ListItem\",\"position\":2,\"name\":\"Shop\",\"item\":\"https:\/\/prochaska.eu\/shop\/\"},{\"@type\":\"ListItem\",\"position\":3,\"name\":\"TORO Groundsmaster 4700-D 4-WD\"}]},{\"@type\":\"WebSite\",\"@id\":\"https:\/\/prochaska.eu\/en\/#website\",\"url\":\"https:\/\/prochaska.eu\/en\/\",\"name\":\"Prochaska\",\"description\":\"Spezialist f\u00fcr Pflege von Gr\u00fcnfl\u00e4chen\",\"publisher\":{\"@id\":\"https:\/\/prochaska.eu\/en\/#organization\"},\"potentialAction\":[{\"@type\":\"SearchAction\",\"target\":{\"@type\":\"EntryPoint\",\"urlTemplate\":\"https:\/\/prochaska.eu\/en\/?s={search_term_string}\"},\"query-input\":{\"@type\":\"PropertyValueSpecification\",\"valueRequired\":true,\"valueName\":\"search_term_string\"}}],\"inLanguage\":\"en-US\"},{\"@type\":\"Organization\",\"@id\":\"https:\/\/prochaska.eu\/en\/#organization\",\"name\":\"Prochaska\",\"url\":\"https:\/\/prochaska.eu\/en\/\",\"logo\":{\"@type\":\"ImageObject\",\"inLanguage\":\"en-US\",\"@id\":\"https:\/\/prochaska.eu\/en\/#\/schema\/logo\/image\/\",\"url\":\"https:\/\/prochaska.eu\/wp-content\/uploads\/2024\/04\/Prochaska_Logo_Black-1.png\",\"contentUrl\":\"https:\/\/prochaska.eu\/wp-content\/uploads\/2024\/04\/Prochaska_Logo_Black-1.png\",\"width\":796,\"height\":236,\"caption\":\"Prochaska\"},\"image\":{\"@id\":\"https:\/\/prochaska.eu\/en\/#\/schema\/logo\/image\/\"},\"sameAs\":[\"https:\/\/www.facebook.com\/prochaska.eu\/\",\"https:\/\/www.instagram.com\/prochaska.eu\/\",\"https:\/\/www.linkedin.com\/company\/prochaska-handels-gmbh\"]}]}<\/script>\n<!-- \/ Yoast SEO plugin. -->","yoast_head_json":{"title":"TORO Groundsmaster 4700-D 4-WD - Prochaska","description":"Gebrauchter TORO Groundsmaster 4700-D Gro\u00dffl\u00e4chenm\u00e4her, Baujahr 2012, komplett \u00fcberholt inkl. neuer Teile & Grammer Luftsitz. 380 cm Schnittbreite, 4-WD.","robots":{"index":"index","follow":"follow","max-snippet":"max-snippet:-1","max-image-preview":"max-image-preview:large","max-video-preview":"max-video-preview:-1"},"canonical":"https:\/\/prochaska.eu\/en\/produkt\/toro-groundsmaster-4700-d-4-wd\/","og_locale":"en_US","og_type":"article","og_title":"TORO Groundsmaster 4700-D 4-WD - Prochaska","og_description":"Gebrauchter TORO Groundsmaster 4700-D Gro\u00dffl\u00e4chenm\u00e4her, Baujahr 2012, komplett \u00fcberholt inkl. neuer Teile & Grammer Luftsitz. 380 cm Schnittbreite, 4-WD.","og_url":"https:\/\/prochaska.eu\/en\/produkt\/toro-groundsmaster-4700-d-4-wd\/","og_site_name":"Prochaska","article_publisher":"https:\/\/www.facebook.com\/prochaska.eu\/","article_modified_time":"2026-03-09T10:41:28+00:00","og_image":[{"width":1512,"height":2016,"url":"https:\/\/prochaska.eu\/wp-content\/uploads\/2025\/10\/20251001_144800.webp","type":"image\/webp"}],"twitter_card":"summary_large_image","twitter_misc":{"Est. reading time":"1 minute"},"schema":{"@context":"https:\/\/schema.org","@graph":[{"@type":"WebPage","@id":"https:\/\/prochaska.eu\/en\/produkt\/toro-groundsmaster-4700-d-4-wd\/","url":"https:\/\/prochaska.eu\/en\/produkt\/toro-groundsmaster-4700-d-4-wd\/","name":"TORO Groundsmaster 4700-D 4-WD - Prochaska","isPartOf":{"@id":"https:\/\/prochaska.eu\/en\/#website"},"primaryImageOfPage":{"@id":"https:\/\/prochaska.eu\/en\/produkt\/toro-groundsmaster-4700-d-4-wd\/#primaryimage"},"image":{"@id":"https:\/\/prochaska.eu\/en\/produkt\/toro-groundsmaster-4700-d-4-wd\/#primaryimage"},"thumbnailUrl":"https:\/\/prochaska.eu\/wp-content\/uploads\/2025\/10\/20251001_144800.webp","datePublished":"2025-10-02T08:41:53+00:00","dateModified":"2026-03-09T10:41:28+00:00","description":"Gebrauchter TORO Groundsmaster 4700-D Gro\u00dffl\u00e4chenm\u00e4her, Baujahr 2012, komplett \u00fcberholt inkl. neuer Teile & Grammer Luftsitz. 380 cm Schnittbreite, 4-WD.","breadcrumb":{"@id":"https:\/\/prochaska.eu\/en\/produkt\/toro-groundsmaster-4700-d-4-wd\/#breadcrumb"},"inLanguage":"en-US","potentialAction":[{"@type":"ReadAction","target":["https:\/\/prochaska.eu\/en\/produkt\/toro-groundsmaster-4700-d-4-wd\/"]}]},{"@type":"ImageObject","inLanguage":"en-US","@id":"https:\/\/prochaska.eu\/en\/produkt\/toro-groundsmaster-4700-d-4-wd\/#primaryimage","url":"https:\/\/prochaska.eu\/wp-content\/uploads\/2025\/10\/20251001_144800.webp","contentUrl":"https:\/\/prochaska.eu\/wp-content\/uploads\/2025\/10\/20251001_144800.webp","width":1512,"height":2016,"caption":"TORO Groundsmaster 4700-D 4-WD"},{"@type":"BreadcrumbList","@id":"https:\/\/prochaska.eu\/en\/produkt\/toro-groundsmaster-4700-d-4-wd\/#breadcrumb","itemListElement":[{"@type":"ListItem","position":1,"name":"Home","item":"https:\/\/prochaska.eu\/en\/"},{"@type":"ListItem","position":2,"name":"Shop","item":"https:\/\/prochaska.eu\/shop\/"},{"@type":"ListItem","position":3,"name":"TORO Groundsmaster 4700-D 4-WD"}]},{"@type":"WebSite","@id":"https:\/\/prochaska.eu\/en\/#website","url":"https:\/\/prochaska.eu\/en\/","name":"Prochaska","description":"Spezialist f\u00fcr Pflege von Gr\u00fcnfl\u00e4chen","publisher":{"@id":"https:\/\/prochaska.eu\/en\/#organization"},"potentialAction":[{"@type":"SearchAction","target":{"@type":"EntryPoint","urlTemplate":"https:\/\/prochaska.eu\/en\/?s={search_term_string}"},"query-input":{"@type":"PropertyValueSpecification","valueRequired":true,"valueName":"search_term_string"}}],"inLanguage":"en-US"},{"@type":"Organization","@id":"https:\/\/prochaska.eu\/en\/#organization","name":"Prochaska","url":"https:\/\/prochaska.eu\/en\/","logo":{"@type":"ImageObject","inLanguage":"en-US","@id":"https:\/\/prochaska.eu\/en\/#\/schema\/logo\/image\/","url":"https:\/\/prochaska.eu\/wp-content\/uploads\/2024\/04\/Prochaska_Logo_Black-1.png","contentUrl":"https:\/\/prochaska.eu\/wp-content\/uploads\/2024\/04\/Prochaska_Logo_Black-1.png","width":796,"height":236,"caption":"Prochaska"},"image":{"@id":"https:\/\/prochaska.eu\/en\/#\/schema\/logo\/image\/"},"sameAs":["https:\/\/www.facebook.com\/prochaska.eu\/","https:\/\/www.instagram.com\/prochaska.eu\/","https:\/\/www.linkedin.com\/company\/prochaska-handels-gmbh"]}]}},"brands":[{"id":3072,"name":"Toro","slug":"toro-en"}],"_links":{"self":[{"href":"https:\/\/prochaska.eu\/en\/wp-json\/wp\/v2\/product\/31837","targetHints":{"allow":["GET"]}}],"collection":[{"href":"https:\/\/prochaska.eu\/en\/wp-json\/wp\/v2\/product"}],"about":[{"href":"https:\/\/prochaska.eu\/en\/wp-json\/wp\/v2\/types\/product"}],"version-history":[{"count":1,"href":"https:\/\/prochaska.eu\/en\/wp-json\/wp\/v2\/product\/31837\/revisions"}],"predecessor-version":[{"id":31862,"href":"https:\/\/prochaska.eu\/en\/wp-json\/wp\/v2\/product\/31837\/revisions\/31862"}],"wp:featuredmedia":[{"embeddable":true,"href":"https:\/\/prochaska.eu\/en\/wp-json\/wp\/v2\/media\/31838"}],"wp:attachment":[{"href":"https:\/\/prochaska.eu\/en\/wp-json\/wp\/v2\/media?parent=31837"}],"wp:term":[{"taxonomy":"pwb-brand","embeddable":true,"href":"https:\/\/prochaska.eu\/en\/wp-json\/wp\/v2\/pwb-brand?post=31837"},{"taxonomy":"product_brand","embeddable":true,"href":"https:\/\/prochaska.eu\/en\/wp-json\/wp\/v2\/product_brand?post=31837"},{"taxonomy":"product_cat","embeddable":true,"href":"https:\/\/prochaska.eu\/en\/wp-json\/wp\/v2\/product_cat?post=31837"},{"taxonomy":"product_tag","embeddable":true,"href":"https:\/\/prochaska.eu\/en\/wp-json\/wp\/v2\/product_tag?post=31837"}],"curies":[{"name":"wp","href":"https:\/\/api.w.org\/{rel}","templated":true}]}}