{"id":32241,"date":"2025-11-25T09:02:59","date_gmt":"2025-11-25T09:02:59","guid":{"rendered":"https:\/\/prochaska.eu\/?post_type=product&#038;p=32241"},"modified":"2026-03-09T10:57:02","modified_gmt":"2026-03-09T10:57:02","slug":"toro-groundsmaster-4700-d-baujahr-2011","status":"publish","type":"product","link":"https:\/\/prochaska.eu\/en\/produkt\/toro-groundsmaster-4700-d-baujahr-2011\/","title":{"rendered":"TORO Groundsmaster 4700-D, Baujahr 2011"},"content":{"rendered":"<h2 class=\"paragraph-in-scc-markdown-text ___1ngh792 ftgm304 f1iaxwol\">TORO Groundsmaster 4700-D<\/h2>\n<p class=\"paragraph-in-scc-markdown-text ___1ngh792 ftgm304 f1iaxwol\">Der TORO Groundsmaster 4700-D ist ein leistungsstarker Gro\u00dffl\u00e4chen-Sichelm\u00e4her f\u00fcr professionelle Anwendungen. Dieses Modell (30858) aus dem Baujahr 2011 wurde vom Importeur vollst\u00e4ndig \u00fcberholt und serviciert, um h\u00f6chste Zuverl\u00e4ssigkeit und Effizienz zu gew\u00e4hrleisten. Mit einer Schnittbreite von 380 cm und Allradantrieb eignet sich die Maschine ideal f\u00fcr gro\u00dfe Gr\u00fcnfl\u00e4chen.<br \/>\n<strong>Erneuerte Komponenten:<\/strong><\/p>\n<ul>\n<li class=\"___ccc16d0 fje8fi8 f1ng9h0j f1bwykku f18jd3zf\">Alle Filter<\/li>\n<li class=\"___ccc16d0 fje8fi8 f1ng9h0j f1bwykku f18jd3zf\">Hydraulikschl\u00e4uche<\/li>\n<li class=\"___ccc16d0 fje8fi8 f1ng9h0j f1bwykku f18jd3zf\">Batterie<\/li>\n<li class=\"___ccc16d0 fje8fi8 f1ng9h0j f1bwykku f18jd3zf\">Messer<\/li>\n<li class=\"___ccc16d0 fje8fi8 f1ng9h0j f1bwykku f18jd3zf\">M\u00e4hwerkslaufrollen<\/li>\n<li class=\"___ccc16d0 fje8fi8 f1ng9h0j f1bwykku f18jd3zf\">Vorderreifen<br \/>\nZus\u00e4tzlich wurden Motor\u00f6l und Hydraulik\u00f6l gewechselt. Die Maschine ist in gutem Zustand (Klasse 2) und sofort einsatzbereit.<\/li>\n<\/ul>\n<h2>Technische Daten<\/h2>\n<table>\n<thead>\n<tr>\n<td><strong>Merkmal<\/strong><\/td>\n<td><strong>Wert<\/strong><\/td>\n<\/tr>\n<\/thead>\n<tbody>\n<tr>\n<td>Modell<\/td>\n<td>TORO Groundsmaster 4700-D<\/td>\n<\/tr>\n<tr>\n<td>Baujahr<\/td>\n<td>2011<\/td>\n<\/tr>\n<tr>\n<td>Betriebsstunden<\/td>\n<td>6039<\/td>\n<\/tr>\n<tr>\n<td>Leistung<\/td>\n<td>58 PS \/ 43 kW<\/td>\n<\/tr>\n<tr>\n<td>Schnittbreite<\/td>\n<td>380 cm<\/td>\n<\/tr>\n<tr>\n<td>Antrieb<\/td>\n<td>4-WD (Allrad)<\/td>\n<\/tr>\n<tr>\n<td>Zustand<\/td>\n<td>Gut (Klasse 2)<\/td>\n<\/tr>\n<tr>\n<td>Seriennummer<\/td>\n<td>311000373<\/td>\n<\/tr>\n<tr>\n<td>Interne Nummer<\/td>\n<td>6462171<\/td>\n<\/tr>\n<tr>\n<td>Ausstattung<\/td>\n<td>Luftsitz<\/td>\n<\/tr>\n<\/tbody>\n<\/table>\n","protected":false},"excerpt":{"rendered":"<p>TORO Groundsmaster 4700-D, Baujahr 2011, gebraucht und komplett \u00fcberholt. 4-WD Gro\u00dffl\u00e4chen-Sichelm\u00e4her mit 380 cm Schnittbreite, Luftsitz und 6039 Betriebsstunden. Top Zustand (Klasse 2).<\/p>\n","protected":false},"featured_media":32251,"template":"","meta":[],"pwb-brand":[1039],"product_brand":[],"product_cat":[3033],"product_tag":[],"class_list":{"0":"post-32241","1":"product","2":"type-product","3":"status-publish","4":"has-post-thumbnail","6":"pwb-brand-toro","7":"product_cat-gebrauchtgeraete","9":"first","10":"instock","11":"taxable","12":"shipping-taxable","13":"product-type-simple"},"yoast_head":"<!-- This site is optimized with the Yoast SEO plugin v27.2 - https:\/\/yoast.com\/product\/yoast-seo-wordpress\/ -->\n<title>TORO Groundsmaster 4700-D, Baujahr 2011 - Prochaska<\/title>\n<meta name=\"description\" content=\"Gebrauchter TORO Groundsmaster 4700-D Gro\u00dffl\u00e4chen-Sichelm\u00e4her, BJ 2011, komplett \u00fcberholt, 58 PS, 380 cm Schnittbreite, 4-WD, Top Zustand. Jetzt entdecken!\" \/>\n<meta name=\"robots\" content=\"index, follow, max-snippet:-1, max-image-preview:large, max-video-preview:-1\" \/>\n<link rel=\"canonical\" href=\"https:\/\/prochaska.eu\/en\/produkt\/toro-groundsmaster-4700-d-baujahr-2011\/\" \/>\n<meta property=\"og:locale\" content=\"en_US\" \/>\n<meta property=\"og:type\" content=\"article\" \/>\n<meta property=\"og:title\" content=\"TORO Groundsmaster 4700-D, Baujahr 2011 - Prochaska\" \/>\n<meta property=\"og:description\" content=\"Gebrauchter TORO Groundsmaster 4700-D Gro\u00dffl\u00e4chen-Sichelm\u00e4her, BJ 2011, komplett \u00fcberholt, 58 PS, 380 cm Schnittbreite, 4-WD, Top Zustand. Jetzt entdecken!\" \/>\n<meta property=\"og:url\" content=\"https:\/\/prochaska.eu\/en\/produkt\/toro-groundsmaster-4700-d-baujahr-2011\/\" \/>\n<meta property=\"og:site_name\" content=\"Prochaska\" \/>\n<meta property=\"article:publisher\" content=\"https:\/\/www.facebook.com\/prochaska.eu\/\" \/>\n<meta property=\"article:modified_time\" content=\"2026-03-09T10:57:02+00:00\" \/>\n<meta property=\"og:image\" content=\"https:\/\/prochaska.eu\/wp-content\/uploads\/2025\/11\/20251121_110032.jpg\" \/>\n\t<meta property=\"og:image:width\" content=\"2016\" \/>\n\t<meta property=\"og:image:height\" content=\"1512\" \/>\n\t<meta property=\"og:image:type\" content=\"image\/jpeg\" \/>\n<meta name=\"twitter:card\" content=\"summary_large_image\" \/>\n<meta name=\"twitter:label1\" content=\"Est. reading time\" \/>\n\t<meta name=\"twitter:data1\" content=\"1 minute\" \/>\n<script type=\"application\/ld+json\" class=\"yoast-schema-graph\">{\"@context\":\"https:\/\/schema.org\",\"@graph\":[{\"@type\":\"WebPage\",\"@id\":\"https:\/\/prochaska.eu\/en\/produkt\/toro-groundsmaster-4700-d-baujahr-2011\/\",\"url\":\"https:\/\/prochaska.eu\/en\/produkt\/toro-groundsmaster-4700-d-baujahr-2011\/\",\"name\":\"TORO Groundsmaster 4700-D, Baujahr 2011 - Prochaska\",\"isPartOf\":{\"@id\":\"https:\/\/prochaska.eu\/en\/#website\"},\"primaryImageOfPage\":{\"@id\":\"https:\/\/prochaska.eu\/en\/produkt\/toro-groundsmaster-4700-d-baujahr-2011\/#primaryimage\"},\"image\":{\"@id\":\"https:\/\/prochaska.eu\/en\/produkt\/toro-groundsmaster-4700-d-baujahr-2011\/#primaryimage\"},\"thumbnailUrl\":\"https:\/\/prochaska.eu\/wp-content\/uploads\/2025\/11\/20251121_110032.jpg\",\"datePublished\":\"2025-11-25T09:02:59+00:00\",\"dateModified\":\"2026-03-09T10:57:02+00:00\",\"description\":\"Gebrauchter TORO Groundsmaster 4700-D Gro\u00dffl\u00e4chen-Sichelm\u00e4her, BJ 2011, komplett \u00fcberholt, 58 PS, 380 cm Schnittbreite, 4-WD, Top Zustand. Jetzt entdecken!\",\"breadcrumb\":{\"@id\":\"https:\/\/prochaska.eu\/en\/produkt\/toro-groundsmaster-4700-d-baujahr-2011\/#breadcrumb\"},\"inLanguage\":\"en-US\",\"potentialAction\":[{\"@type\":\"ReadAction\",\"target\":[\"https:\/\/prochaska.eu\/en\/produkt\/toro-groundsmaster-4700-d-baujahr-2011\/\"]}]},{\"@type\":\"ImageObject\",\"inLanguage\":\"en-US\",\"@id\":\"https:\/\/prochaska.eu\/en\/produkt\/toro-groundsmaster-4700-d-baujahr-2011\/#primaryimage\",\"url\":\"https:\/\/prochaska.eu\/wp-content\/uploads\/2025\/11\/20251121_110032.jpg\",\"contentUrl\":\"https:\/\/prochaska.eu\/wp-content\/uploads\/2025\/11\/20251121_110032.jpg\",\"width\":2016,\"height\":1512,\"caption\":\"TORO Groundsmaster 4700-D gebraucht\"},{\"@type\":\"BreadcrumbList\",\"@id\":\"https:\/\/prochaska.eu\/en\/produkt\/toro-groundsmaster-4700-d-baujahr-2011\/#breadcrumb\",\"itemListElement\":[{\"@type\":\"ListItem\",\"position\":1,\"name\":\"Home\",\"item\":\"https:\/\/prochaska.eu\/en\/\"},{\"@type\":\"ListItem\",\"position\":2,\"name\":\"Shop\",\"item\":\"https:\/\/prochaska.eu\/shop\/\"},{\"@type\":\"ListItem\",\"position\":3,\"name\":\"TORO Groundsmaster 4700-D, Baujahr 2011\"}]},{\"@type\":\"WebSite\",\"@id\":\"https:\/\/prochaska.eu\/en\/#website\",\"url\":\"https:\/\/prochaska.eu\/en\/\",\"name\":\"Prochaska\",\"description\":\"Spezialist f\u00fcr Pflege von Gr\u00fcnfl\u00e4chen\",\"publisher\":{\"@id\":\"https:\/\/prochaska.eu\/en\/#organization\"},\"potentialAction\":[{\"@type\":\"SearchAction\",\"target\":{\"@type\":\"EntryPoint\",\"urlTemplate\":\"https:\/\/prochaska.eu\/en\/?s={search_term_string}\"},\"query-input\":{\"@type\":\"PropertyValueSpecification\",\"valueRequired\":true,\"valueName\":\"search_term_string\"}}],\"inLanguage\":\"en-US\"},{\"@type\":\"Organization\",\"@id\":\"https:\/\/prochaska.eu\/en\/#organization\",\"name\":\"Prochaska\",\"url\":\"https:\/\/prochaska.eu\/en\/\",\"logo\":{\"@type\":\"ImageObject\",\"inLanguage\":\"en-US\",\"@id\":\"https:\/\/prochaska.eu\/en\/#\/schema\/logo\/image\/\",\"url\":\"https:\/\/prochaska.eu\/wp-content\/uploads\/2024\/04\/Prochaska_Logo_Black-1.png\",\"contentUrl\":\"https:\/\/prochaska.eu\/wp-content\/uploads\/2024\/04\/Prochaska_Logo_Black-1.png\",\"width\":796,\"height\":236,\"caption\":\"Prochaska\"},\"image\":{\"@id\":\"https:\/\/prochaska.eu\/en\/#\/schema\/logo\/image\/\"},\"sameAs\":[\"https:\/\/www.facebook.com\/prochaska.eu\/\",\"https:\/\/www.instagram.com\/prochaska.eu\/\",\"https:\/\/www.linkedin.com\/company\/prochaska-handels-gmbh\"]}]}<\/script>\n<!-- \/ Yoast SEO plugin. -->","yoast_head_json":{"title":"TORO Groundsmaster 4700-D, Baujahr 2011 - Prochaska","description":"Gebrauchter TORO Groundsmaster 4700-D Gro\u00dffl\u00e4chen-Sichelm\u00e4her, BJ 2011, komplett \u00fcberholt, 58 PS, 380 cm Schnittbreite, 4-WD, Top Zustand. Jetzt entdecken!","robots":{"index":"index","follow":"follow","max-snippet":"max-snippet:-1","max-image-preview":"max-image-preview:large","max-video-preview":"max-video-preview:-1"},"canonical":"https:\/\/prochaska.eu\/en\/produkt\/toro-groundsmaster-4700-d-baujahr-2011\/","og_locale":"en_US","og_type":"article","og_title":"TORO Groundsmaster 4700-D, Baujahr 2011 - Prochaska","og_description":"Gebrauchter TORO Groundsmaster 4700-D Gro\u00dffl\u00e4chen-Sichelm\u00e4her, BJ 2011, komplett \u00fcberholt, 58 PS, 380 cm Schnittbreite, 4-WD, Top Zustand. Jetzt entdecken!","og_url":"https:\/\/prochaska.eu\/en\/produkt\/toro-groundsmaster-4700-d-baujahr-2011\/","og_site_name":"Prochaska","article_publisher":"https:\/\/www.facebook.com\/prochaska.eu\/","article_modified_time":"2026-03-09T10:57:02+00:00","og_image":[{"width":2016,"height":1512,"url":"https:\/\/prochaska.eu\/wp-content\/uploads\/2025\/11\/20251121_110032.jpg","type":"image\/jpeg"}],"twitter_card":"summary_large_image","twitter_misc":{"Est. reading time":"1 minute"},"schema":{"@context":"https:\/\/schema.org","@graph":[{"@type":"WebPage","@id":"https:\/\/prochaska.eu\/en\/produkt\/toro-groundsmaster-4700-d-baujahr-2011\/","url":"https:\/\/prochaska.eu\/en\/produkt\/toro-groundsmaster-4700-d-baujahr-2011\/","name":"TORO Groundsmaster 4700-D, Baujahr 2011 - Prochaska","isPartOf":{"@id":"https:\/\/prochaska.eu\/en\/#website"},"primaryImageOfPage":{"@id":"https:\/\/prochaska.eu\/en\/produkt\/toro-groundsmaster-4700-d-baujahr-2011\/#primaryimage"},"image":{"@id":"https:\/\/prochaska.eu\/en\/produkt\/toro-groundsmaster-4700-d-baujahr-2011\/#primaryimage"},"thumbnailUrl":"https:\/\/prochaska.eu\/wp-content\/uploads\/2025\/11\/20251121_110032.jpg","datePublished":"2025-11-25T09:02:59+00:00","dateModified":"2026-03-09T10:57:02+00:00","description":"Gebrauchter TORO Groundsmaster 4700-D Gro\u00dffl\u00e4chen-Sichelm\u00e4her, BJ 2011, komplett \u00fcberholt, 58 PS, 380 cm Schnittbreite, 4-WD, Top Zustand. Jetzt entdecken!","breadcrumb":{"@id":"https:\/\/prochaska.eu\/en\/produkt\/toro-groundsmaster-4700-d-baujahr-2011\/#breadcrumb"},"inLanguage":"en-US","potentialAction":[{"@type":"ReadAction","target":["https:\/\/prochaska.eu\/en\/produkt\/toro-groundsmaster-4700-d-baujahr-2011\/"]}]},{"@type":"ImageObject","inLanguage":"en-US","@id":"https:\/\/prochaska.eu\/en\/produkt\/toro-groundsmaster-4700-d-baujahr-2011\/#primaryimage","url":"https:\/\/prochaska.eu\/wp-content\/uploads\/2025\/11\/20251121_110032.jpg","contentUrl":"https:\/\/prochaska.eu\/wp-content\/uploads\/2025\/11\/20251121_110032.jpg","width":2016,"height":1512,"caption":"TORO Groundsmaster 4700-D gebraucht"},{"@type":"BreadcrumbList","@id":"https:\/\/prochaska.eu\/en\/produkt\/toro-groundsmaster-4700-d-baujahr-2011\/#breadcrumb","itemListElement":[{"@type":"ListItem","position":1,"name":"Home","item":"https:\/\/prochaska.eu\/en\/"},{"@type":"ListItem","position":2,"name":"Shop","item":"https:\/\/prochaska.eu\/shop\/"},{"@type":"ListItem","position":3,"name":"TORO Groundsmaster 4700-D, Baujahr 2011"}]},{"@type":"WebSite","@id":"https:\/\/prochaska.eu\/en\/#website","url":"https:\/\/prochaska.eu\/en\/","name":"Prochaska","description":"Spezialist f\u00fcr Pflege von Gr\u00fcnfl\u00e4chen","publisher":{"@id":"https:\/\/prochaska.eu\/en\/#organization"},"potentialAction":[{"@type":"SearchAction","target":{"@type":"EntryPoint","urlTemplate":"https:\/\/prochaska.eu\/en\/?s={search_term_string}"},"query-input":{"@type":"PropertyValueSpecification","valueRequired":true,"valueName":"search_term_string"}}],"inLanguage":"en-US"},{"@type":"Organization","@id":"https:\/\/prochaska.eu\/en\/#organization","name":"Prochaska","url":"https:\/\/prochaska.eu\/en\/","logo":{"@type":"ImageObject","inLanguage":"en-US","@id":"https:\/\/prochaska.eu\/en\/#\/schema\/logo\/image\/","url":"https:\/\/prochaska.eu\/wp-content\/uploads\/2024\/04\/Prochaska_Logo_Black-1.png","contentUrl":"https:\/\/prochaska.eu\/wp-content\/uploads\/2024\/04\/Prochaska_Logo_Black-1.png","width":796,"height":236,"caption":"Prochaska"},"image":{"@id":"https:\/\/prochaska.eu\/en\/#\/schema\/logo\/image\/"},"sameAs":["https:\/\/www.facebook.com\/prochaska.eu\/","https:\/\/www.instagram.com\/prochaska.eu\/","https:\/\/www.linkedin.com\/company\/prochaska-handels-gmbh"]}]}},"brands":[{"id":3072,"name":"Toro","slug":"toro-en"}],"_links":{"self":[{"href":"https:\/\/prochaska.eu\/en\/wp-json\/wp\/v2\/product\/32241","targetHints":{"allow":["GET"]}}],"collection":[{"href":"https:\/\/prochaska.eu\/en\/wp-json\/wp\/v2\/product"}],"about":[{"href":"https:\/\/prochaska.eu\/en\/wp-json\/wp\/v2\/types\/product"}],"version-history":[{"count":3,"href":"https:\/\/prochaska.eu\/en\/wp-json\/wp\/v2\/product\/32241\/revisions"}],"predecessor-version":[{"id":33312,"href":"https:\/\/prochaska.eu\/en\/wp-json\/wp\/v2\/product\/32241\/revisions\/33312"}],"wp:featuredmedia":[{"embeddable":true,"href":"https:\/\/prochaska.eu\/en\/wp-json\/wp\/v2\/media\/32251"}],"wp:attachment":[{"href":"https:\/\/prochaska.eu\/en\/wp-json\/wp\/v2\/media?parent=32241"}],"wp:term":[{"taxonomy":"pwb-brand","embeddable":true,"href":"https:\/\/prochaska.eu\/en\/wp-json\/wp\/v2\/pwb-brand?post=32241"},{"taxonomy":"product_brand","embeddable":true,"href":"https:\/\/prochaska.eu\/en\/wp-json\/wp\/v2\/product_brand?post=32241"},{"taxonomy":"product_cat","embeddable":true,"href":"https:\/\/prochaska.eu\/en\/wp-json\/wp\/v2\/product_cat?post=32241"},{"taxonomy":"product_tag","embeddable":true,"href":"https:\/\/prochaska.eu\/en\/wp-json\/wp\/v2\/product_tag?post=32241"}],"curies":[{"name":"wp","href":"https:\/\/api.w.org\/{rel}","templated":true}]}}