{"id":33284,"date":"2025-11-12T13:52:19","date_gmt":"2025-11-12T13:52:19","guid":{"rendered":"https:\/\/prochaska.eu\/produkt\/icocar-birdie-fleet-lithium\/"},"modified":"2026-02-11T15:59:25","modified_gmt":"2026-02-11T15:59:25","slug":"icocar-birdie-fleet-lithium","status":"publish","type":"product","link":"https:\/\/prochaska.eu\/en\/produkt\/icocar-birdie-fleet-lithium\/","title":{"rendered":"IcoCar Birdie Fleet Lithium"},"content":{"rendered":"<div class=\"paragraph-in-scc-markdown-text ___1ngh792 ftgm304 f1iaxwol\">Experience the future of mobility on the golf course with our IcoCar Birdie Fleet Lithium. Equipped with a maintenance-free 5.0 kW AC motor and a powerful lithium battery (105Ah) that comes with a 5-year warranty, this vehicle offers maximum efficiency and reliability. <\/div>\n<div class=\"paragraph-in-scc-markdown-text ___1ngh792 ftgm304 f1iaxwol\">The elegant <strong>white matt finish<\/strong> in combination with the <strong>light beige premium seats<\/strong> ensures a stylish appearance and maximum comfort. The equipment leaves nothing to be desired: an <strong>automatic parking brake<\/strong>, a <strong>folding windshield<\/strong>, a <strong>golf bag holder with sweater basket<\/strong>, a <strong>golf ball holder<\/strong> and <strong>two practical storage compartments<\/strong> make every journey a pleasure. <\/div>\n<div class=\"paragraph-in-scc-markdown-text ___1ngh792 ftgm304 f1iaxwol\">\n<p>The <strong>complete deluxe lighting system<\/strong> ensures safety and visibility. <strong>Road approval with 10 km\/h type approval<\/strong> is available as an option &#8211; ideal for use on private roads or in resorts. <\/p>\n<p><strong>Top-Features:<\/strong><\/p>\n<ul>\n<li>Marxon 105Ah Lithium LiFePO4 battery with 5-year warranty<\/li>\n<li>Powerful 5 kW (6.8 hp) maintenance-free AC motor<\/li>\n<li>Premium seats<\/li>\n<li>Automatic EMB parking brake<\/li>\n<li>8&#8243; steel rims with wheel trims<\/li>\n<li>Folding windshield<\/li>\n<li>10\u201c LCD Color Display<\/li>\n<li>Sound System<\/li>\n<li>USB port<\/li>\n<li>Golfbag holder<\/li>\n<\/ul>\n<\/div>\n","protected":false},"excerpt":{"rendered":"<p>IcoCar Birdie Fleet Lithium, 5.0 kW AC motor, lithium battery (105Ah, 5-year warranty), matte white, premium seats, deluxe lighting system, golf bag holder, optional with road approval.<\/p>\n","protected":false},"featured_media":32123,"template":"","meta":[],"pwb-brand":[22],"product_brand":[],"product_cat":[1332,1361],"product_tag":[],"class_list":{"0":"post-33284","1":"product","2":"type-product","3":"status-publish","4":"has-post-thumbnail","6":"pwb-brand-icocar","7":"product_cat-e-cars-en","8":"product_cat-golf-cars-new-en","10":"first","11":"instock","12":"sale","13":"taxable","14":"shipping-taxable","15":"purchasable","16":"product-type-simple"},"yoast_head":"<!-- This site is optimized with the Yoast SEO plugin v27.2 - https:\/\/yoast.com\/product\/yoast-seo-wordpress\/ -->\n<title>IcoCar Birdie Fleet Lithium - Prochaska<\/title>\n<meta name=\"description\" content=\"IcoCar Birdie Fleet Lithium, wartungsfreier 5,0 kW AC-Motor, Lithium-Batterie (105Ah, 5 Jahre Garantie), Premium-Ausstattung &amp; optionaler Stra\u00dfenzulassung.\" \/>\n<meta name=\"robots\" content=\"index, follow, max-snippet:-1, max-image-preview:large, max-video-preview:-1\" \/>\n<link rel=\"canonical\" href=\"https:\/\/prochaska.eu\/en\/produkt\/icocar-birdie-fleet-lithium\/\" \/>\n<meta property=\"og:locale\" content=\"en_US\" \/>\n<meta property=\"og:type\" content=\"article\" \/>\n<meta property=\"og:title\" content=\"IcoCar Birdie Fleet Lithium - Prochaska\" \/>\n<meta property=\"og:description\" content=\"IcoCar Birdie Fleet Lithium, wartungsfreier 5,0 kW AC-Motor, Lithium-Batterie (105Ah, 5 Jahre Garantie), Premium-Ausstattung &amp; optionaler Stra\u00dfenzulassung.\" \/>\n<meta property=\"og:url\" content=\"https:\/\/prochaska.eu\/en\/produkt\/icocar-birdie-fleet-lithium\/\" \/>\n<meta property=\"og:site_name\" content=\"Prochaska\" \/>\n<meta property=\"article:publisher\" content=\"https:\/\/www.facebook.com\/prochaska.eu\/\" \/>\n<meta property=\"article:modified_time\" content=\"2026-02-11T15:59:25+00:00\" \/>\n<meta property=\"og:image\" content=\"https:\/\/prochaska.eu\/wp-content\/uploads\/2025\/11\/20251112_141104-rotated.jpg\" \/>\n\t<meta property=\"og:image:width\" content=\"1512\" \/>\n\t<meta property=\"og:image:height\" content=\"2016\" \/>\n\t<meta property=\"og:image:type\" content=\"image\/jpeg\" \/>\n<meta name=\"twitter:card\" content=\"summary_large_image\" \/>\n<meta name=\"twitter:label1\" content=\"Est. reading time\" \/>\n\t<meta name=\"twitter:data1\" content=\"1 minute\" \/>\n<script type=\"application\/ld+json\" class=\"yoast-schema-graph\">{\"@context\":\"https:\/\/schema.org\",\"@graph\":[{\"@type\":\"WebPage\",\"@id\":\"https:\/\/prochaska.eu\/en\/produkt\/icocar-birdie-fleet-lithium\/\",\"url\":\"https:\/\/prochaska.eu\/en\/produkt\/icocar-birdie-fleet-lithium\/\",\"name\":\"IcoCar Birdie Fleet Lithium - Prochaska\",\"isPartOf\":{\"@id\":\"https:\/\/prochaska.eu\/en\/#website\"},\"primaryImageOfPage\":{\"@id\":\"https:\/\/prochaska.eu\/en\/produkt\/icocar-birdie-fleet-lithium\/#primaryimage\"},\"image\":{\"@id\":\"https:\/\/prochaska.eu\/en\/produkt\/icocar-birdie-fleet-lithium\/#primaryimage\"},\"thumbnailUrl\":\"https:\/\/prochaska.eu\/wp-content\/uploads\/2025\/11\/20251112_141104-rotated.jpg\",\"datePublished\":\"2025-11-12T13:52:19+00:00\",\"dateModified\":\"2026-02-11T15:59:25+00:00\",\"description\":\"IcoCar Birdie Fleet Lithium, wartungsfreier 5,0 kW AC-Motor, Lithium-Batterie (105Ah, 5 Jahre Garantie), Premium-Ausstattung & optionaler Stra\u00dfenzulassung.\",\"breadcrumb\":{\"@id\":\"https:\/\/prochaska.eu\/en\/produkt\/icocar-birdie-fleet-lithium\/#breadcrumb\"},\"inLanguage\":\"en-US\",\"potentialAction\":[{\"@type\":\"ReadAction\",\"target\":[\"https:\/\/prochaska.eu\/en\/produkt\/icocar-birdie-fleet-lithium\/\"]}]},{\"@type\":\"ImageObject\",\"inLanguage\":\"en-US\",\"@id\":\"https:\/\/prochaska.eu\/en\/produkt\/icocar-birdie-fleet-lithium\/#primaryimage\",\"url\":\"https:\/\/prochaska.eu\/wp-content\/uploads\/2025\/11\/20251112_141104-rotated.jpg\",\"contentUrl\":\"https:\/\/prochaska.eu\/wp-content\/uploads\/2025\/11\/20251112_141104-rotated.jpg\",\"width\":1512,\"height\":2016},{\"@type\":\"BreadcrumbList\",\"@id\":\"https:\/\/prochaska.eu\/en\/produkt\/icocar-birdie-fleet-lithium\/#breadcrumb\",\"itemListElement\":[{\"@type\":\"ListItem\",\"position\":1,\"name\":\"Home\",\"item\":\"https:\/\/prochaska.eu\/en\/\"},{\"@type\":\"ListItem\",\"position\":2,\"name\":\"Shop\",\"item\":\"https:\/\/prochaska.eu\/shop\/\"},{\"@type\":\"ListItem\",\"position\":3,\"name\":\"IcoCar Birdie Fleet Lithium\"}]},{\"@type\":\"WebSite\",\"@id\":\"https:\/\/prochaska.eu\/en\/#website\",\"url\":\"https:\/\/prochaska.eu\/en\/\",\"name\":\"Prochaska\",\"description\":\"Spezialist f\u00fcr Pflege von Gr\u00fcnfl\u00e4chen\",\"publisher\":{\"@id\":\"https:\/\/prochaska.eu\/en\/#organization\"},\"potentialAction\":[{\"@type\":\"SearchAction\",\"target\":{\"@type\":\"EntryPoint\",\"urlTemplate\":\"https:\/\/prochaska.eu\/en\/?s={search_term_string}\"},\"query-input\":{\"@type\":\"PropertyValueSpecification\",\"valueRequired\":true,\"valueName\":\"search_term_string\"}}],\"inLanguage\":\"en-US\"},{\"@type\":\"Organization\",\"@id\":\"https:\/\/prochaska.eu\/en\/#organization\",\"name\":\"Prochaska\",\"url\":\"https:\/\/prochaska.eu\/en\/\",\"logo\":{\"@type\":\"ImageObject\",\"inLanguage\":\"en-US\",\"@id\":\"https:\/\/prochaska.eu\/en\/#\/schema\/logo\/image\/\",\"url\":\"https:\/\/prochaska.eu\/wp-content\/uploads\/2024\/04\/Prochaska_Logo_Black-1.png\",\"contentUrl\":\"https:\/\/prochaska.eu\/wp-content\/uploads\/2024\/04\/Prochaska_Logo_Black-1.png\",\"width\":796,\"height\":236,\"caption\":\"Prochaska\"},\"image\":{\"@id\":\"https:\/\/prochaska.eu\/en\/#\/schema\/logo\/image\/\"},\"sameAs\":[\"https:\/\/www.facebook.com\/prochaska.eu\/\",\"https:\/\/www.instagram.com\/prochaska.eu\/\",\"https:\/\/www.linkedin.com\/company\/prochaska-handels-gmbh\"]}]}<\/script>\n<!-- \/ Yoast SEO plugin. -->","yoast_head_json":{"title":"IcoCar Birdie Fleet Lithium - Prochaska","description":"IcoCar Birdie Fleet Lithium, wartungsfreier 5,0 kW AC-Motor, Lithium-Batterie (105Ah, 5 Jahre Garantie), Premium-Ausstattung & optionaler Stra\u00dfenzulassung.","robots":{"index":"index","follow":"follow","max-snippet":"max-snippet:-1","max-image-preview":"max-image-preview:large","max-video-preview":"max-video-preview:-1"},"canonical":"https:\/\/prochaska.eu\/en\/produkt\/icocar-birdie-fleet-lithium\/","og_locale":"en_US","og_type":"article","og_title":"IcoCar Birdie Fleet Lithium - Prochaska","og_description":"IcoCar Birdie Fleet Lithium, wartungsfreier 5,0 kW AC-Motor, Lithium-Batterie (105Ah, 5 Jahre Garantie), Premium-Ausstattung & optionaler Stra\u00dfenzulassung.","og_url":"https:\/\/prochaska.eu\/en\/produkt\/icocar-birdie-fleet-lithium\/","og_site_name":"Prochaska","article_publisher":"https:\/\/www.facebook.com\/prochaska.eu\/","article_modified_time":"2026-02-11T15:59:25+00:00","og_image":[{"width":1512,"height":2016,"url":"https:\/\/prochaska.eu\/wp-content\/uploads\/2025\/11\/20251112_141104-rotated.jpg","type":"image\/jpeg"}],"twitter_card":"summary_large_image","twitter_misc":{"Est. reading time":"1 minute"},"schema":{"@context":"https:\/\/schema.org","@graph":[{"@type":"WebPage","@id":"https:\/\/prochaska.eu\/en\/produkt\/icocar-birdie-fleet-lithium\/","url":"https:\/\/prochaska.eu\/en\/produkt\/icocar-birdie-fleet-lithium\/","name":"IcoCar Birdie Fleet Lithium - Prochaska","isPartOf":{"@id":"https:\/\/prochaska.eu\/en\/#website"},"primaryImageOfPage":{"@id":"https:\/\/prochaska.eu\/en\/produkt\/icocar-birdie-fleet-lithium\/#primaryimage"},"image":{"@id":"https:\/\/prochaska.eu\/en\/produkt\/icocar-birdie-fleet-lithium\/#primaryimage"},"thumbnailUrl":"https:\/\/prochaska.eu\/wp-content\/uploads\/2025\/11\/20251112_141104-rotated.jpg","datePublished":"2025-11-12T13:52:19+00:00","dateModified":"2026-02-11T15:59:25+00:00","description":"IcoCar Birdie Fleet Lithium, wartungsfreier 5,0 kW AC-Motor, Lithium-Batterie (105Ah, 5 Jahre Garantie), Premium-Ausstattung & optionaler Stra\u00dfenzulassung.","breadcrumb":{"@id":"https:\/\/prochaska.eu\/en\/produkt\/icocar-birdie-fleet-lithium\/#breadcrumb"},"inLanguage":"en-US","potentialAction":[{"@type":"ReadAction","target":["https:\/\/prochaska.eu\/en\/produkt\/icocar-birdie-fleet-lithium\/"]}]},{"@type":"ImageObject","inLanguage":"en-US","@id":"https:\/\/prochaska.eu\/en\/produkt\/icocar-birdie-fleet-lithium\/#primaryimage","url":"https:\/\/prochaska.eu\/wp-content\/uploads\/2025\/11\/20251112_141104-rotated.jpg","contentUrl":"https:\/\/prochaska.eu\/wp-content\/uploads\/2025\/11\/20251112_141104-rotated.jpg","width":1512,"height":2016},{"@type":"BreadcrumbList","@id":"https:\/\/prochaska.eu\/en\/produkt\/icocar-birdie-fleet-lithium\/#breadcrumb","itemListElement":[{"@type":"ListItem","position":1,"name":"Home","item":"https:\/\/prochaska.eu\/en\/"},{"@type":"ListItem","position":2,"name":"Shop","item":"https:\/\/prochaska.eu\/shop\/"},{"@type":"ListItem","position":3,"name":"IcoCar Birdie Fleet Lithium"}]},{"@type":"WebSite","@id":"https:\/\/prochaska.eu\/en\/#website","url":"https:\/\/prochaska.eu\/en\/","name":"Prochaska","description":"Spezialist f\u00fcr Pflege von Gr\u00fcnfl\u00e4chen","publisher":{"@id":"https:\/\/prochaska.eu\/en\/#organization"},"potentialAction":[{"@type":"SearchAction","target":{"@type":"EntryPoint","urlTemplate":"https:\/\/prochaska.eu\/en\/?s={search_term_string}"},"query-input":{"@type":"PropertyValueSpecification","valueRequired":true,"valueName":"search_term_string"}}],"inLanguage":"en-US"},{"@type":"Organization","@id":"https:\/\/prochaska.eu\/en\/#organization","name":"Prochaska","url":"https:\/\/prochaska.eu\/en\/","logo":{"@type":"ImageObject","inLanguage":"en-US","@id":"https:\/\/prochaska.eu\/en\/#\/schema\/logo\/image\/","url":"https:\/\/prochaska.eu\/wp-content\/uploads\/2024\/04\/Prochaska_Logo_Black-1.png","contentUrl":"https:\/\/prochaska.eu\/wp-content\/uploads\/2024\/04\/Prochaska_Logo_Black-1.png","width":796,"height":236,"caption":"Prochaska"},"image":{"@id":"https:\/\/prochaska.eu\/en\/#\/schema\/logo\/image\/"},"sameAs":["https:\/\/www.facebook.com\/prochaska.eu\/","https:\/\/www.instagram.com\/prochaska.eu\/","https:\/\/www.linkedin.com\/company\/prochaska-handels-gmbh"]}]}},"brands":[{"id":22,"name":"IcoCar","slug":"icocar"}],"_links":{"self":[{"href":"https:\/\/prochaska.eu\/en\/wp-json\/wp\/v2\/product\/33284","targetHints":{"allow":["GET"]}}],"collection":[{"href":"https:\/\/prochaska.eu\/en\/wp-json\/wp\/v2\/product"}],"about":[{"href":"https:\/\/prochaska.eu\/en\/wp-json\/wp\/v2\/types\/product"}],"version-history":[{"count":1,"href":"https:\/\/prochaska.eu\/en\/wp-json\/wp\/v2\/product\/33284\/revisions"}],"predecessor-version":[{"id":33289,"href":"https:\/\/prochaska.eu\/en\/wp-json\/wp\/v2\/product\/33284\/revisions\/33289"}],"wp:featuredmedia":[{"embeddable":true,"href":"https:\/\/prochaska.eu\/en\/wp-json\/wp\/v2\/media\/32123"}],"wp:attachment":[{"href":"https:\/\/prochaska.eu\/en\/wp-json\/wp\/v2\/media?parent=33284"}],"wp:term":[{"taxonomy":"pwb-brand","embeddable":true,"href":"https:\/\/prochaska.eu\/en\/wp-json\/wp\/v2\/pwb-brand?post=33284"},{"taxonomy":"product_brand","embeddable":true,"href":"https:\/\/prochaska.eu\/en\/wp-json\/wp\/v2\/product_brand?post=33284"},{"taxonomy":"product_cat","embeddable":true,"href":"https:\/\/prochaska.eu\/en\/wp-json\/wp\/v2\/product_cat?post=33284"},{"taxonomy":"product_tag","embeddable":true,"href":"https:\/\/prochaska.eu\/en\/wp-json\/wp\/v2\/product_tag?post=33284"}],"curies":[{"name":"wp","href":"https:\/\/api.w.org\/{rel}","templated":true}]}}