{"id":33381,"date":"2026-03-16T15:43:45","date_gmt":"2026-03-16T15:43:45","guid":{"rendered":"https:\/\/prochaska.eu\/produkt\/roborock-rockmow-s108\/"},"modified":"2026-03-16T15:44:49","modified_gmt":"2026-03-16T15:44:49","slug":"roborock-rockmow-s108","status":"publish","type":"product","link":"https:\/\/prochaska.eu\/en\/produkt\/roborock-rockmow-s108\/","title":{"rendered":"Roborock RockMow S108"},"content":{"rendered":"<h3 data-section-id=\"1dq0ud9\" data-start=\"590\" data-end=\"637\"><strong data-start=\"594\" data-end=\"637\">RockMow S108 &#8211; Intelligent robot mower<\/strong><\/h3>\n<p data-start=\"639\" data-end=\"1123\">The <strong data-start=\"643\" data-end=\"659\">RockMow S108<\/strong> is a modern, self-propelled robotic lawn mower that automatically maintains your garden &#8211; precisely, efficiently and extremely quietly. Thanks to <strong data-start=\"792\" data-end=\"820\">AI-supported mapping<\/strong>, stereo vision and Sentisphere environment perception, the robot navigates reliably, masters slopes up to <strong data-start=\"932\" data-end=\"940\">45%<\/strong> and obstacles up to 4 cm. The <strong data-start=\"971\" data-end=\"993\">floating cutting deck<\/strong> with <strong data-start=\"998\" data-end=\"1051\">electronic cutting height adjustment (20-60 mm)<\/strong> ensures an evenly cut lawn, even close to edges.  <\/p>\n<p data-start=\"1125\" data-end=\"1436\">The <strong data-start=\"1129\" data-end=\"1146\">app control<\/strong> enables flexible mowing times, multi-zone management (up to 10 zones) and individual mowing patterns. Optional <strong data-start=\"1258\" data-end=\"1282\">anti-theft module<\/strong>, PreciEdge module and LED ring light indicator increase safety and ease of use. Ideal for gardens up to <strong data-start=\"1387\" data-end=\"1397\">800 m\u00b2<\/strong> that are easy to maintain.  <\/p>\n<h3 data-section-id=\"1ptxicl\" data-start=\"1443\" data-end=\"1461\"><strong data-start=\"1447\" data-end=\"1461\">Highlights<\/strong><\/h3>\n<ul>\n<li data-start=\"1465\" data-end=\"1538\">AI-powered intelligent mapping &amp; sentisphere environment perception<\/li>\n<li data-start=\"1541\" data-end=\"1600\">App control for flexible mowing times, zones and mowing patterns<\/li>\n<li data-start=\"1603\" data-end=\"1649\">Electronic cutting height adjustment 20-60 mm<\/li>\n<li data-start=\"1652\" data-end=\"1700\">Area coverage up to 800 m\u00b2, max. gradient 45 % <\/li>\n<li data-start=\"1703\" data-end=\"1758\">Standard edge mowing kit for cutting close to the edge up to 3 cm<\/li>\n<\/ul>\n<table>\n<thead>\n<tr>\n<th>Feature<\/th>\n<th>Specification<\/th>\n<\/tr>\n<\/thead>\n<tbody>\n<tr>\n<td>Area output<\/td>\n<td>800 m\u00b2<\/td>\n<\/tr>\n<tr>\n<td>Cutting width<\/td>\n<td>22 cm<\/td>\n<\/tr>\n<tr>\n<td>Cutting height<\/td>\n<td>20-60 mm (electronically adjustable)<\/td>\n<\/tr>\n<tr>\n<td>Battery capacity<\/td>\n<td>4.6 Ah<\/td>\n<\/tr>\n<tr>\n<td>Mowing time per load<\/td>\n<td>130 min<\/td>\n<\/tr>\n<tr>\n<td>Charging time<\/td>\n<td>75 min<\/td>\n<\/tr>\n<tr>\n<td>Max. Gradient<\/td>\n<td>45 %<\/td>\n<\/tr>\n<tr>\n<td>Obstacle overcoming<\/td>\n<td>up to 4 cm<\/td>\n<\/tr>\n<tr>\n<td>Drive<\/td>\n<td>Rear-wheel drive<\/td>\n<\/tr>\n<tr>\n<td>Mowing zones<\/td>\n<td>up to 10 zones<\/td>\n<\/tr>\n<tr>\n<td>Blades<\/td>\n<td>3 pieces, high-torque motor with blade guard<\/td>\n<\/tr>\n<tr>\n<td>Navigation<\/td>\n<td>RTK + VSLAM + AI dual camera<\/td>\n<\/tr>\n<tr>\n<td>Sound level<\/td>\n<td>58 dB(A)<\/td>\n<\/tr>\n<tr>\n<td>Protection class<\/td>\n<td>IPX6 (waterproof)<\/td>\n<\/tr>\n<tr>\n<td>Dimensions<\/td>\n<td>625 \u00d7 420 \u00d7 270 mm<\/td>\n<\/tr>\n<tr>\n<td>Weight<\/td>\n<td>13.4 kg<\/td>\n<\/tr>\n<tr>\n<td>Optional accessories<\/td>\n<td>Garage S, 12 blades, 4G &amp; anti-theft module, RTK extension cable, RTK wall mounting kit, 2 wheels for rough terrain, PreciEdge module, LED ring light, edge mowing kit<\/td>\n<\/tr>\n<\/tbody>\n<\/table>\n","protected":false},"excerpt":{"rendered":"<p data-start=\"311\" data-end=\"583\">The <strong data-start=\"315\" data-end=\"331\">RockMow S108<\/strong> mows your garden automatically and precisely, adapts to any terrain and reliably detects obstacles. With app control, close-edge cutting function and individually programmable mowing zones, lawn care up to 800 m\u00b2 is effortless and efficient. <\/p>\n","protected":false},"featured_media":33358,"template":"","meta":[],"pwb-brand":[3340],"product_brand":[],"product_cat":[1334,3063],"product_tag":[3332,3333,3364,3368,3334,3330,3337,3365,3338,3367,3363,3366,3335,3339],"class_list":{"0":"post-33381","1":"product","2":"type-product","3":"status-publish","4":"has-post-thumbnail","6":"pwb-brand-roborock","7":"product_cat-lawn-robot","8":"product_cat-robot-mower-no-cable","9":"product_tag-ai-robot-lawn-mower","10":"product_tag-app-controlled","11":"product_tag-area-coverage-800-m","12":"product_tag-area-output-1500-m","13":"product_tag-edge-cutting","14":"product_tag-intelligent-lawn-robot","15":"product_tag-ipx6-waterproof","16":"product_tag-multi-zones","17":"product_tag-obstacle-avoidance","18":"product_tag-preciedge","19":"product_tag-rockmow","20":"product_tag-s115","21":"product_tag-self-propelled","22":"product_tag-terrain-adaptation","24":"first","25":"instock","26":"taxable","27":"shipping-taxable","28":"purchasable","29":"product-type-simple"},"yoast_head":"<!-- This site is optimized with the Yoast SEO plugin v27.2 - https:\/\/yoast.com\/product\/yoast-seo-wordpress\/ -->\n<title>Roborock RockMow S108 - Prochaska<\/title>\n<meta name=\"description\" content=\"The RockMow S108 is an intelligent, AI-supported robotic lawn mower for gardens up to 800 m\u00b2. With app control, close-edge cutting function, multi-zone planning and adaptive terrain adaptation, it maintains the lawn automatically, precisely and quietly.\" \/>\n<meta name=\"robots\" content=\"index, follow, max-snippet:-1, max-image-preview:large, max-video-preview:-1\" \/>\n<link rel=\"canonical\" href=\"https:\/\/prochaska.eu\/en\/produkt\/roborock-rockmow-s108\/\" \/>\n<meta property=\"og:locale\" content=\"en_US\" \/>\n<meta property=\"og:type\" content=\"article\" \/>\n<meta property=\"og:title\" content=\"Roborock RockMow S108 - Prochaska\" \/>\n<meta property=\"og:description\" content=\"The RockMow S108 is an intelligent, AI-supported robotic lawn mower for gardens up to 800 m\u00b2. With app control, close-edge cutting function, multi-zone planning and adaptive terrain adaptation, it maintains the lawn automatically, precisely and quietly.\" \/>\n<meta property=\"og:url\" content=\"https:\/\/prochaska.eu\/en\/produkt\/roborock-rockmow-s108\/\" \/>\n<meta property=\"og:site_name\" content=\"Prochaska\" \/>\n<meta property=\"article:publisher\" content=\"https:\/\/www.facebook.com\/prochaska.eu\/\" \/>\n<meta property=\"article:modified_time\" content=\"2026-03-16T15:44:49+00:00\" \/>\n<meta property=\"og:image\" content=\"https:\/\/prochaska.eu\/wp-content\/uploads\/2026\/03\/Freisteller-hauptfoto-1-scaled.webp\" \/>\n\t<meta property=\"og:image:width\" content=\"2560\" \/>\n\t<meta property=\"og:image:height\" content=\"2560\" \/>\n\t<meta property=\"og:image:type\" content=\"image\/webp\" \/>\n<meta name=\"twitter:card\" content=\"summary_large_image\" \/>\n<meta name=\"twitter:label1\" content=\"Est. reading time\" \/>\n\t<meta name=\"twitter:data1\" content=\"1 minute\" \/>\n<script type=\"application\/ld+json\" class=\"yoast-schema-graph\">{\"@context\":\"https:\/\/schema.org\",\"@graph\":[{\"@type\":\"WebPage\",\"@id\":\"https:\/\/prochaska.eu\/en\/produkt\/roborock-rockmow-s108\/\",\"url\":\"https:\/\/prochaska.eu\/en\/produkt\/roborock-rockmow-s108\/\",\"name\":\"Roborock RockMow S108 - Prochaska\",\"isPartOf\":{\"@id\":\"https:\/\/prochaska.eu\/en\/#website\"},\"primaryImageOfPage\":{\"@id\":\"https:\/\/prochaska.eu\/en\/produkt\/roborock-rockmow-s108\/#primaryimage\"},\"image\":{\"@id\":\"https:\/\/prochaska.eu\/en\/produkt\/roborock-rockmow-s108\/#primaryimage\"},\"thumbnailUrl\":\"https:\/\/prochaska.eu\/wp-content\/uploads\/2026\/03\/Freisteller-hauptfoto-1-scaled.webp\",\"datePublished\":\"2026-03-16T15:43:45+00:00\",\"dateModified\":\"2026-03-16T15:44:49+00:00\",\"description\":\"The RockMow S108 is an intelligent, AI-supported robotic lawn mower for gardens up to 800 m\u00b2. With app control, close-edge cutting function, multi-zone planning and adaptive terrain adaptation, it maintains the lawn automatically, precisely and quietly.\",\"breadcrumb\":{\"@id\":\"https:\/\/prochaska.eu\/en\/produkt\/roborock-rockmow-s108\/#breadcrumb\"},\"inLanguage\":\"en-US\",\"potentialAction\":[{\"@type\":\"ReadAction\",\"target\":[\"https:\/\/prochaska.eu\/en\/produkt\/roborock-rockmow-s108\/\"]}]},{\"@type\":\"ImageObject\",\"inLanguage\":\"en-US\",\"@id\":\"https:\/\/prochaska.eu\/en\/produkt\/roborock-rockmow-s108\/#primaryimage\",\"url\":\"https:\/\/prochaska.eu\/wp-content\/uploads\/2026\/03\/Freisteller-hauptfoto-1-scaled.webp\",\"contentUrl\":\"https:\/\/prochaska.eu\/wp-content\/uploads\/2026\/03\/Freisteller-hauptfoto-1-scaled.webp\",\"width\":2560,\"height\":2560,\"caption\":\"Roborock S Series\"},{\"@type\":\"BreadcrumbList\",\"@id\":\"https:\/\/prochaska.eu\/en\/produkt\/roborock-rockmow-s108\/#breadcrumb\",\"itemListElement\":[{\"@type\":\"ListItem\",\"position\":1,\"name\":\"Home\",\"item\":\"https:\/\/prochaska.eu\/en\/\"},{\"@type\":\"ListItem\",\"position\":2,\"name\":\"Shop\",\"item\":\"https:\/\/prochaska.eu\/shop\/\"},{\"@type\":\"ListItem\",\"position\":3,\"name\":\"Roborock RockMow S108\"}]},{\"@type\":\"WebSite\",\"@id\":\"https:\/\/prochaska.eu\/en\/#website\",\"url\":\"https:\/\/prochaska.eu\/en\/\",\"name\":\"Prochaska\",\"description\":\"Spezialist f\u00fcr Pflege von Gr\u00fcnfl\u00e4chen\",\"publisher\":{\"@id\":\"https:\/\/prochaska.eu\/en\/#organization\"},\"potentialAction\":[{\"@type\":\"SearchAction\",\"target\":{\"@type\":\"EntryPoint\",\"urlTemplate\":\"https:\/\/prochaska.eu\/en\/?s={search_term_string}\"},\"query-input\":{\"@type\":\"PropertyValueSpecification\",\"valueRequired\":true,\"valueName\":\"search_term_string\"}}],\"inLanguage\":\"en-US\"},{\"@type\":\"Organization\",\"@id\":\"https:\/\/prochaska.eu\/en\/#organization\",\"name\":\"Prochaska\",\"url\":\"https:\/\/prochaska.eu\/en\/\",\"logo\":{\"@type\":\"ImageObject\",\"inLanguage\":\"en-US\",\"@id\":\"https:\/\/prochaska.eu\/en\/#\/schema\/logo\/image\/\",\"url\":\"https:\/\/prochaska.eu\/wp-content\/uploads\/2024\/04\/Prochaska_Logo_Black-1.png\",\"contentUrl\":\"https:\/\/prochaska.eu\/wp-content\/uploads\/2024\/04\/Prochaska_Logo_Black-1.png\",\"width\":796,\"height\":236,\"caption\":\"Prochaska\"},\"image\":{\"@id\":\"https:\/\/prochaska.eu\/en\/#\/schema\/logo\/image\/\"},\"sameAs\":[\"https:\/\/www.facebook.com\/prochaska.eu\/\",\"https:\/\/www.instagram.com\/prochaska.eu\/\",\"https:\/\/www.linkedin.com\/company\/prochaska-handels-gmbh\"]}]}<\/script>\n<!-- \/ Yoast SEO plugin. -->","yoast_head_json":{"title":"Roborock RockMow S108 - Prochaska","description":"The RockMow S108 is an intelligent, AI-supported robotic lawn mower for gardens up to 800 m\u00b2. With app control, close-edge cutting function, multi-zone planning and adaptive terrain adaptation, it maintains the lawn automatically, precisely and quietly.","robots":{"index":"index","follow":"follow","max-snippet":"max-snippet:-1","max-image-preview":"max-image-preview:large","max-video-preview":"max-video-preview:-1"},"canonical":"https:\/\/prochaska.eu\/en\/produkt\/roborock-rockmow-s108\/","og_locale":"en_US","og_type":"article","og_title":"Roborock RockMow S108 - Prochaska","og_description":"The RockMow S108 is an intelligent, AI-supported robotic lawn mower for gardens up to 800 m\u00b2. With app control, close-edge cutting function, multi-zone planning and adaptive terrain adaptation, it maintains the lawn automatically, precisely and quietly.","og_url":"https:\/\/prochaska.eu\/en\/produkt\/roborock-rockmow-s108\/","og_site_name":"Prochaska","article_publisher":"https:\/\/www.facebook.com\/prochaska.eu\/","article_modified_time":"2026-03-16T15:44:49+00:00","og_image":[{"width":2560,"height":2560,"url":"https:\/\/prochaska.eu\/wp-content\/uploads\/2026\/03\/Freisteller-hauptfoto-1-scaled.webp","type":"image\/webp"}],"twitter_card":"summary_large_image","twitter_misc":{"Est. reading time":"1 minute"},"schema":{"@context":"https:\/\/schema.org","@graph":[{"@type":"WebPage","@id":"https:\/\/prochaska.eu\/en\/produkt\/roborock-rockmow-s108\/","url":"https:\/\/prochaska.eu\/en\/produkt\/roborock-rockmow-s108\/","name":"Roborock RockMow S108 - Prochaska","isPartOf":{"@id":"https:\/\/prochaska.eu\/en\/#website"},"primaryImageOfPage":{"@id":"https:\/\/prochaska.eu\/en\/produkt\/roborock-rockmow-s108\/#primaryimage"},"image":{"@id":"https:\/\/prochaska.eu\/en\/produkt\/roborock-rockmow-s108\/#primaryimage"},"thumbnailUrl":"https:\/\/prochaska.eu\/wp-content\/uploads\/2026\/03\/Freisteller-hauptfoto-1-scaled.webp","datePublished":"2026-03-16T15:43:45+00:00","dateModified":"2026-03-16T15:44:49+00:00","description":"The RockMow S108 is an intelligent, AI-supported robotic lawn mower for gardens up to 800 m\u00b2. With app control, close-edge cutting function, multi-zone planning and adaptive terrain adaptation, it maintains the lawn automatically, precisely and quietly.","breadcrumb":{"@id":"https:\/\/prochaska.eu\/en\/produkt\/roborock-rockmow-s108\/#breadcrumb"},"inLanguage":"en-US","potentialAction":[{"@type":"ReadAction","target":["https:\/\/prochaska.eu\/en\/produkt\/roborock-rockmow-s108\/"]}]},{"@type":"ImageObject","inLanguage":"en-US","@id":"https:\/\/prochaska.eu\/en\/produkt\/roborock-rockmow-s108\/#primaryimage","url":"https:\/\/prochaska.eu\/wp-content\/uploads\/2026\/03\/Freisteller-hauptfoto-1-scaled.webp","contentUrl":"https:\/\/prochaska.eu\/wp-content\/uploads\/2026\/03\/Freisteller-hauptfoto-1-scaled.webp","width":2560,"height":2560,"caption":"Roborock S Series"},{"@type":"BreadcrumbList","@id":"https:\/\/prochaska.eu\/en\/produkt\/roborock-rockmow-s108\/#breadcrumb","itemListElement":[{"@type":"ListItem","position":1,"name":"Home","item":"https:\/\/prochaska.eu\/en\/"},{"@type":"ListItem","position":2,"name":"Shop","item":"https:\/\/prochaska.eu\/shop\/"},{"@type":"ListItem","position":3,"name":"Roborock RockMow S108"}]},{"@type":"WebSite","@id":"https:\/\/prochaska.eu\/en\/#website","url":"https:\/\/prochaska.eu\/en\/","name":"Prochaska","description":"Spezialist f\u00fcr Pflege von Gr\u00fcnfl\u00e4chen","publisher":{"@id":"https:\/\/prochaska.eu\/en\/#organization"},"potentialAction":[{"@type":"SearchAction","target":{"@type":"EntryPoint","urlTemplate":"https:\/\/prochaska.eu\/en\/?s={search_term_string}"},"query-input":{"@type":"PropertyValueSpecification","valueRequired":true,"valueName":"search_term_string"}}],"inLanguage":"en-US"},{"@type":"Organization","@id":"https:\/\/prochaska.eu\/en\/#organization","name":"Prochaska","url":"https:\/\/prochaska.eu\/en\/","logo":{"@type":"ImageObject","inLanguage":"en-US","@id":"https:\/\/prochaska.eu\/en\/#\/schema\/logo\/image\/","url":"https:\/\/prochaska.eu\/wp-content\/uploads\/2024\/04\/Prochaska_Logo_Black-1.png","contentUrl":"https:\/\/prochaska.eu\/wp-content\/uploads\/2024\/04\/Prochaska_Logo_Black-1.png","width":796,"height":236,"caption":"Prochaska"},"image":{"@id":"https:\/\/prochaska.eu\/en\/#\/schema\/logo\/image\/"},"sameAs":["https:\/\/www.facebook.com\/prochaska.eu\/","https:\/\/www.instagram.com\/prochaska.eu\/","https:\/\/www.linkedin.com\/company\/prochaska-handels-gmbh"]}]}},"brands":[{"id":3340,"name":"Roborock","slug":"roborock"}],"_links":{"self":[{"href":"https:\/\/prochaska.eu\/en\/wp-json\/wp\/v2\/product\/33381","targetHints":{"allow":["GET"]}}],"collection":[{"href":"https:\/\/prochaska.eu\/en\/wp-json\/wp\/v2\/product"}],"about":[{"href":"https:\/\/prochaska.eu\/en\/wp-json\/wp\/v2\/types\/product"}],"version-history":[{"count":1,"href":"https:\/\/prochaska.eu\/en\/wp-json\/wp\/v2\/product\/33381\/revisions"}],"predecessor-version":[{"id":33382,"href":"https:\/\/prochaska.eu\/en\/wp-json\/wp\/v2\/product\/33381\/revisions\/33382"}],"wp:featuredmedia":[{"embeddable":true,"href":"https:\/\/prochaska.eu\/en\/wp-json\/wp\/v2\/media\/33358"}],"wp:attachment":[{"href":"https:\/\/prochaska.eu\/en\/wp-json\/wp\/v2\/media?parent=33381"}],"wp:term":[{"taxonomy":"pwb-brand","embeddable":true,"href":"https:\/\/prochaska.eu\/en\/wp-json\/wp\/v2\/pwb-brand?post=33381"},{"taxonomy":"product_brand","embeddable":true,"href":"https:\/\/prochaska.eu\/en\/wp-json\/wp\/v2\/product_brand?post=33381"},{"taxonomy":"product_cat","embeddable":true,"href":"https:\/\/prochaska.eu\/en\/wp-json\/wp\/v2\/product_cat?post=33381"},{"taxonomy":"product_tag","embeddable":true,"href":"https:\/\/prochaska.eu\/en\/wp-json\/wp\/v2\/product_tag?post=33381"}],"curies":[{"name":"wp","href":"https:\/\/api.w.org\/{rel}","templated":true}]}}