{"id":33388,"date":"2026-03-16T14:58:21","date_gmt":"2026-03-16T14:58:21","guid":{"rendered":"https:\/\/prochaska.eu\/produkt\/roborock-rockneo-q110\/"},"modified":"2026-03-16T14:58:21","modified_gmt":"2026-03-16T14:58:21","slug":"roborock-rockneo-q110","status":"publish","type":"product","link":"https:\/\/prochaska.eu\/en\/produkt\/roborock-rockneo-q110\/","title":{"rendered":"Roborock RockNeo Q110"},"content":{"rendered":"<h3 data-section-id=\"vpzapu\" data-start=\"280\" data-end=\"336\"><strong data-start=\"284\" data-end=\"336\">Roborock RockNeo Q110 &#8211; Intelligent robot mower<\/strong><\/h3>\n<p data-start=\"338\" data-end=\"759\">The <strong data-start=\"342\" data-end=\"367\">Roborock RockNeo Q110<\/strong> is a modern, self-propelled robotic lawn mower that automatically maintains your garden &#8211; precisely, efficiently and quietly. With <strong data-start=\"492\" data-end=\"520\">AI-supported mapping<\/strong> and stereo vision, the robot recognizes obstacles, masters narrow passages and adapts to any terrain. The <strong data-start=\"632\" data-end=\"654\">floating cutting deck<\/strong> and <strong data-start=\"663\" data-end=\"691\">cutting height of 20-60 mm<\/strong> ensure an evenly cut lawn, even close to edges.  <\/p>\n<p data-start=\"761\" data-end=\"1176\">The <strong data-start=\"765\" data-end=\"782\">app control<\/strong> enables flexible mowing times, management of up to 10 mowing zones and easy adaptation to individual garden plans. The RockNeo Q110 mows slopes up to <strong data-start=\"941\" data-end=\"949\">45%<\/strong>, obstacles up to 4 cm and is extremely quiet at just <strong data-start=\"1006\" data-end=\"1018\">58 dB(A)<\/strong>. Optional <strong data-start=\"1031\" data-end=\"1058\">additional side blade<\/strong> reduces manual effort even further. Ideal for gardens up to <strong data-start=\"1125\" data-end=\"1137\">1,000 m\u00b2<\/strong> that require effortless maintenance.   <\/p>\n<h3 data-section-id=\"1ptxicl\" data-start=\"894\" data-end=\"912\"><strong data-start=\"898\" data-end=\"912\">Highlights<\/strong><\/h3>\n<ul>\n<li data-start=\"1205\" data-end=\"1256\">AI-supported navigation &amp; intelligent mapping<\/li>\n<li data-start=\"1259\" data-end=\"1307\">App control for flexible mowing times and zones<\/li>\n<li data-start=\"1310\" data-end=\"1344\">Edge cutting for mowing close to the edge<\/li>\n<li data-start=\"1347\" data-end=\"1397\">Area coverage up to 1,000 m\u00b2, max. gradient 45 % <\/li>\n<li data-start=\"1400\" data-end=\"1431\">Up to 10 mowing zones can be managed<\/li>\n<\/ul>\n<table>\n<thead>\n<tr>\n<th>Feature<\/th>\n<th>Specification<\/th>\n<\/tr>\n<\/thead>\n<tbody>\n<tr>\n<td>Area output<\/td>\n<td>1000 m\u00b2<\/td>\n<\/tr>\n<tr>\n<td>Cutting width<\/td>\n<td>22 cm<\/td>\n<\/tr>\n<tr>\n<td>Cutting height<\/td>\n<td>20-60 mm (manually adjustable)<\/td>\n<\/tr>\n<tr>\n<td>Battery capacity<\/td>\n<td>4.6 Ah<\/td>\n<\/tr>\n<tr>\n<td>Mowing time per load<\/td>\n<td>130 min<\/td>\n<\/tr>\n<tr>\n<td>Charging time<\/td>\n<td>75 min<\/td>\n<\/tr>\n<tr>\n<td>Max. Gradient<\/td>\n<td>45 %<\/td>\n<\/tr>\n<tr>\n<td>Obstacle overcoming<\/td>\n<td>up to 4 cm<\/td>\n<\/tr>\n<tr>\n<td>Drive<\/td>\n<td>Rear-wheel drive<\/td>\n<\/tr>\n<tr>\n<td>Mowing zones<\/td>\n<td>up to 10 zones<\/td>\n<\/tr>\n<tr>\n<td>Blades<\/td>\n<td>3 pieces<\/td>\n<\/tr>\n<tr>\n<td>Navigation<\/td>\n<td>RTK + VSLAM + AI dual camera<\/td>\n<\/tr>\n<tr>\n<td>Sound level<\/td>\n<td>58 dB(A)<\/td>\n<\/tr>\n<tr>\n<td>Protection class<\/td>\n<td>IPX6 (waterproof)<\/td>\n<\/tr>\n<tr>\n<td>Dimensions<\/td>\n<td>625 \u00d7 420 \u00d7 270 mm<\/td>\n<\/tr>\n<tr>\n<td>Weight<\/td>\n<td>12.2 kg<\/td>\n<\/tr>\n<tr>\n<td>Optional accessories<\/td>\n<td> Garage Q, 12 blades, 4G &amp; anti-theft module, RTK extension cable, edge cutter module, RTK wall mounting kit, adapter, 2 wheels for rough terrain<\/td>\n<\/tr>\n<\/tbody>\n<\/table>\n","protected":false},"excerpt":{"rendered":"<p data-start=\"2069\" data-end=\"2263\">The <strong data-start=\"222\" data-end=\"247\">Roborock RockNeo Q110<\/strong> mows your lawn automatically and precisely, recognizes obstacles and adapts to any terrain. With app control and close-edge cutting function, maintaining your garden up to 1,000 m\u00b2 is effortless and efficient. <\/p>\n","protected":false},"featured_media":33330,"template":"","meta":[],"pwb-brand":[3340],"product_brand":[],"product_cat":[1334,3063],"product_tag":[3332,3333,3375,3334,3331,3330,3337,3338,3328,3335,3339],"class_list":{"0":"post-33388","1":"product","2":"type-product","3":"status-publish","4":"has-post-thumbnail","6":"pwb-brand-roborock","7":"product_cat-lawn-robot","8":"product_cat-robot-mower-no-cable","9":"product_tag-ai-robot-lawn-mower","10":"product_tag-app-controlled","11":"product_tag-area-coverage-1000-m","12":"product_tag-edge-cutting","13":"product_tag-garden-maintenance","14":"product_tag-intelligent-lawn-robot","15":"product_tag-ipx6-waterproof","16":"product_tag-obstacle-avoidance","17":"product_tag-roborock","18":"product_tag-self-propelled","19":"product_tag-terrain-adaptation","21":"first","22":"instock","23":"taxable","24":"shipping-taxable","25":"purchasable","26":"product-type-simple"},"yoast_head":"<!-- This site is optimized with the Yoast SEO plugin v27.2 - https:\/\/yoast.com\/product\/yoast-seo-wordpress\/ -->\n<title>Roborock RockNeo Q110 - Prochaska<\/title>\n<meta name=\"description\" content=\"The Roborock RockNeo Q110 is an intelligent robotic lawn mower for gardens up to 1,000 m\u00b2. AI-supported navigation, app control, edge cutting and near-edge mowing ensure effortless, automatic lawn care - efficiently, quietly and reliably.\" \/>\n<meta name=\"robots\" content=\"index, follow, max-snippet:-1, max-image-preview:large, max-video-preview:-1\" \/>\n<link rel=\"canonical\" href=\"https:\/\/prochaska.eu\/en\/produkt\/roborock-rockneo-q110\/\" \/>\n<meta property=\"og:locale\" content=\"en_US\" \/>\n<meta property=\"og:type\" content=\"article\" \/>\n<meta property=\"og:title\" content=\"Roborock RockNeo Q110 - Prochaska\" \/>\n<meta property=\"og:description\" content=\"The Roborock RockNeo Q110 is an intelligent robotic lawn mower for gardens up to 1,000 m\u00b2. AI-supported navigation, app control, edge cutting and near-edge mowing ensure effortless, automatic lawn care - efficiently, quietly and reliably.\" \/>\n<meta property=\"og:url\" content=\"https:\/\/prochaska.eu\/en\/produkt\/roborock-rockneo-q110\/\" \/>\n<meta property=\"og:site_name\" content=\"Prochaska\" \/>\n<meta property=\"article:publisher\" content=\"https:\/\/www.facebook.com\/prochaska.eu\/\" \/>\n<meta property=\"og:image\" content=\"https:\/\/prochaska.eu\/wp-content\/uploads\/2026\/03\/Freisteller-Hauptfoto-scaled.webp\" \/>\n\t<meta property=\"og:image:width\" content=\"2560\" \/>\n\t<meta property=\"og:image:height\" content=\"2560\" \/>\n\t<meta property=\"og:image:type\" content=\"image\/webp\" \/>\n<meta name=\"twitter:card\" content=\"summary_large_image\" \/>\n<meta name=\"twitter:label1\" content=\"Est. reading time\" \/>\n\t<meta name=\"twitter:data1\" content=\"1 minute\" \/>\n<script type=\"application\/ld+json\" class=\"yoast-schema-graph\">{\"@context\":\"https:\/\/schema.org\",\"@graph\":[{\"@type\":\"WebPage\",\"@id\":\"https:\/\/prochaska.eu\/en\/produkt\/roborock-rockneo-q110\/\",\"url\":\"https:\/\/prochaska.eu\/en\/produkt\/roborock-rockneo-q110\/\",\"name\":\"Roborock RockNeo Q110 - Prochaska\",\"isPartOf\":{\"@id\":\"https:\/\/prochaska.eu\/en\/#website\"},\"primaryImageOfPage\":{\"@id\":\"https:\/\/prochaska.eu\/en\/produkt\/roborock-rockneo-q110\/#primaryimage\"},\"image\":{\"@id\":\"https:\/\/prochaska.eu\/en\/produkt\/roborock-rockneo-q110\/#primaryimage\"},\"thumbnailUrl\":\"https:\/\/prochaska.eu\/wp-content\/uploads\/2026\/03\/Freisteller-Hauptfoto-scaled.webp\",\"datePublished\":\"2026-03-16T14:58:21+00:00\",\"description\":\"The Roborock RockNeo Q110 is an intelligent robotic lawn mower for gardens up to 1,000 m\u00b2. AI-supported navigation, app control, edge cutting and near-edge mowing ensure effortless, automatic lawn care - efficiently, quietly and reliably.\",\"breadcrumb\":{\"@id\":\"https:\/\/prochaska.eu\/en\/produkt\/roborock-rockneo-q110\/#breadcrumb\"},\"inLanguage\":\"en-US\",\"potentialAction\":[{\"@type\":\"ReadAction\",\"target\":[\"https:\/\/prochaska.eu\/en\/produkt\/roborock-rockneo-q110\/\"]}]},{\"@type\":\"ImageObject\",\"inLanguage\":\"en-US\",\"@id\":\"https:\/\/prochaska.eu\/en\/produkt\/roborock-rockneo-q110\/#primaryimage\",\"url\":\"https:\/\/prochaska.eu\/wp-content\/uploads\/2026\/03\/Freisteller-Hauptfoto-scaled.webp\",\"contentUrl\":\"https:\/\/prochaska.eu\/wp-content\/uploads\/2026\/03\/Freisteller-Hauptfoto-scaled.webp\",\"width\":2560,\"height\":2560,\"caption\":\"Roborock Q Series\"},{\"@type\":\"BreadcrumbList\",\"@id\":\"https:\/\/prochaska.eu\/en\/produkt\/roborock-rockneo-q110\/#breadcrumb\",\"itemListElement\":[{\"@type\":\"ListItem\",\"position\":1,\"name\":\"Home\",\"item\":\"https:\/\/prochaska.eu\/en\/\"},{\"@type\":\"ListItem\",\"position\":2,\"name\":\"Shop\",\"item\":\"https:\/\/prochaska.eu\/shop\/\"},{\"@type\":\"ListItem\",\"position\":3,\"name\":\"Roborock RockNeo Q110\"}]},{\"@type\":\"WebSite\",\"@id\":\"https:\/\/prochaska.eu\/en\/#website\",\"url\":\"https:\/\/prochaska.eu\/en\/\",\"name\":\"Prochaska\",\"description\":\"Spezialist f\u00fcr Pflege von Gr\u00fcnfl\u00e4chen\",\"publisher\":{\"@id\":\"https:\/\/prochaska.eu\/en\/#organization\"},\"potentialAction\":[{\"@type\":\"SearchAction\",\"target\":{\"@type\":\"EntryPoint\",\"urlTemplate\":\"https:\/\/prochaska.eu\/en\/?s={search_term_string}\"},\"query-input\":{\"@type\":\"PropertyValueSpecification\",\"valueRequired\":true,\"valueName\":\"search_term_string\"}}],\"inLanguage\":\"en-US\"},{\"@type\":\"Organization\",\"@id\":\"https:\/\/prochaska.eu\/en\/#organization\",\"name\":\"Prochaska\",\"url\":\"https:\/\/prochaska.eu\/en\/\",\"logo\":{\"@type\":\"ImageObject\",\"inLanguage\":\"en-US\",\"@id\":\"https:\/\/prochaska.eu\/en\/#\/schema\/logo\/image\/\",\"url\":\"https:\/\/prochaska.eu\/wp-content\/uploads\/2024\/04\/Prochaska_Logo_Black-1.png\",\"contentUrl\":\"https:\/\/prochaska.eu\/wp-content\/uploads\/2024\/04\/Prochaska_Logo_Black-1.png\",\"width\":796,\"height\":236,\"caption\":\"Prochaska\"},\"image\":{\"@id\":\"https:\/\/prochaska.eu\/en\/#\/schema\/logo\/image\/\"},\"sameAs\":[\"https:\/\/www.facebook.com\/prochaska.eu\/\",\"https:\/\/www.instagram.com\/prochaska.eu\/\",\"https:\/\/www.linkedin.com\/company\/prochaska-handels-gmbh\"]}]}<\/script>\n<!-- \/ Yoast SEO plugin. -->","yoast_head_json":{"title":"Roborock RockNeo Q110 - Prochaska","description":"The Roborock RockNeo Q110 is an intelligent robotic lawn mower for gardens up to 1,000 m\u00b2. AI-supported navigation, app control, edge cutting and near-edge mowing ensure effortless, automatic lawn care - efficiently, quietly and reliably.","robots":{"index":"index","follow":"follow","max-snippet":"max-snippet:-1","max-image-preview":"max-image-preview:large","max-video-preview":"max-video-preview:-1"},"canonical":"https:\/\/prochaska.eu\/en\/produkt\/roborock-rockneo-q110\/","og_locale":"en_US","og_type":"article","og_title":"Roborock RockNeo Q110 - Prochaska","og_description":"The Roborock RockNeo Q110 is an intelligent robotic lawn mower for gardens up to 1,000 m\u00b2. AI-supported navigation, app control, edge cutting and near-edge mowing ensure effortless, automatic lawn care - efficiently, quietly and reliably.","og_url":"https:\/\/prochaska.eu\/en\/produkt\/roborock-rockneo-q110\/","og_site_name":"Prochaska","article_publisher":"https:\/\/www.facebook.com\/prochaska.eu\/","og_image":[{"width":2560,"height":2560,"url":"https:\/\/prochaska.eu\/wp-content\/uploads\/2026\/03\/Freisteller-Hauptfoto-scaled.webp","type":"image\/webp"}],"twitter_card":"summary_large_image","twitter_misc":{"Est. reading time":"1 minute"},"schema":{"@context":"https:\/\/schema.org","@graph":[{"@type":"WebPage","@id":"https:\/\/prochaska.eu\/en\/produkt\/roborock-rockneo-q110\/","url":"https:\/\/prochaska.eu\/en\/produkt\/roborock-rockneo-q110\/","name":"Roborock RockNeo Q110 - Prochaska","isPartOf":{"@id":"https:\/\/prochaska.eu\/en\/#website"},"primaryImageOfPage":{"@id":"https:\/\/prochaska.eu\/en\/produkt\/roborock-rockneo-q110\/#primaryimage"},"image":{"@id":"https:\/\/prochaska.eu\/en\/produkt\/roborock-rockneo-q110\/#primaryimage"},"thumbnailUrl":"https:\/\/prochaska.eu\/wp-content\/uploads\/2026\/03\/Freisteller-Hauptfoto-scaled.webp","datePublished":"2026-03-16T14:58:21+00:00","description":"The Roborock RockNeo Q110 is an intelligent robotic lawn mower for gardens up to 1,000 m\u00b2. AI-supported navigation, app control, edge cutting and near-edge mowing ensure effortless, automatic lawn care - efficiently, quietly and reliably.","breadcrumb":{"@id":"https:\/\/prochaska.eu\/en\/produkt\/roborock-rockneo-q110\/#breadcrumb"},"inLanguage":"en-US","potentialAction":[{"@type":"ReadAction","target":["https:\/\/prochaska.eu\/en\/produkt\/roborock-rockneo-q110\/"]}]},{"@type":"ImageObject","inLanguage":"en-US","@id":"https:\/\/prochaska.eu\/en\/produkt\/roborock-rockneo-q110\/#primaryimage","url":"https:\/\/prochaska.eu\/wp-content\/uploads\/2026\/03\/Freisteller-Hauptfoto-scaled.webp","contentUrl":"https:\/\/prochaska.eu\/wp-content\/uploads\/2026\/03\/Freisteller-Hauptfoto-scaled.webp","width":2560,"height":2560,"caption":"Roborock Q Series"},{"@type":"BreadcrumbList","@id":"https:\/\/prochaska.eu\/en\/produkt\/roborock-rockneo-q110\/#breadcrumb","itemListElement":[{"@type":"ListItem","position":1,"name":"Home","item":"https:\/\/prochaska.eu\/en\/"},{"@type":"ListItem","position":2,"name":"Shop","item":"https:\/\/prochaska.eu\/shop\/"},{"@type":"ListItem","position":3,"name":"Roborock RockNeo Q110"}]},{"@type":"WebSite","@id":"https:\/\/prochaska.eu\/en\/#website","url":"https:\/\/prochaska.eu\/en\/","name":"Prochaska","description":"Spezialist f\u00fcr Pflege von Gr\u00fcnfl\u00e4chen","publisher":{"@id":"https:\/\/prochaska.eu\/en\/#organization"},"potentialAction":[{"@type":"SearchAction","target":{"@type":"EntryPoint","urlTemplate":"https:\/\/prochaska.eu\/en\/?s={search_term_string}"},"query-input":{"@type":"PropertyValueSpecification","valueRequired":true,"valueName":"search_term_string"}}],"inLanguage":"en-US"},{"@type":"Organization","@id":"https:\/\/prochaska.eu\/en\/#organization","name":"Prochaska","url":"https:\/\/prochaska.eu\/en\/","logo":{"@type":"ImageObject","inLanguage":"en-US","@id":"https:\/\/prochaska.eu\/en\/#\/schema\/logo\/image\/","url":"https:\/\/prochaska.eu\/wp-content\/uploads\/2024\/04\/Prochaska_Logo_Black-1.png","contentUrl":"https:\/\/prochaska.eu\/wp-content\/uploads\/2024\/04\/Prochaska_Logo_Black-1.png","width":796,"height":236,"caption":"Prochaska"},"image":{"@id":"https:\/\/prochaska.eu\/en\/#\/schema\/logo\/image\/"},"sameAs":["https:\/\/www.facebook.com\/prochaska.eu\/","https:\/\/www.instagram.com\/prochaska.eu\/","https:\/\/www.linkedin.com\/company\/prochaska-handels-gmbh"]}]}},"brands":[{"id":3340,"name":"Roborock","slug":"roborock"}],"_links":{"self":[{"href":"https:\/\/prochaska.eu\/en\/wp-json\/wp\/v2\/product\/33388","targetHints":{"allow":["GET"]}}],"collection":[{"href":"https:\/\/prochaska.eu\/en\/wp-json\/wp\/v2\/product"}],"about":[{"href":"https:\/\/prochaska.eu\/en\/wp-json\/wp\/v2\/types\/product"}],"version-history":[{"count":0,"href":"https:\/\/prochaska.eu\/en\/wp-json\/wp\/v2\/product\/33388\/revisions"}],"wp:featuredmedia":[{"embeddable":true,"href":"https:\/\/prochaska.eu\/en\/wp-json\/wp\/v2\/media\/33330"}],"wp:attachment":[{"href":"https:\/\/prochaska.eu\/en\/wp-json\/wp\/v2\/media?parent=33388"}],"wp:term":[{"taxonomy":"pwb-brand","embeddable":true,"href":"https:\/\/prochaska.eu\/en\/wp-json\/wp\/v2\/pwb-brand?post=33388"},{"taxonomy":"product_brand","embeddable":true,"href":"https:\/\/prochaska.eu\/en\/wp-json\/wp\/v2\/product_brand?post=33388"},{"taxonomy":"product_cat","embeddable":true,"href":"https:\/\/prochaska.eu\/en\/wp-json\/wp\/v2\/product_cat?post=33388"},{"taxonomy":"product_tag","embeddable":true,"href":"https:\/\/prochaska.eu\/en\/wp-json\/wp\/v2\/product_tag?post=33388"}],"curies":[{"name":"wp","href":"https:\/\/api.w.org\/{rel}","templated":true}]}}