{"id":33582,"date":"2026-03-18T14:26:57","date_gmt":"2026-03-18T14:26:57","guid":{"rendered":"https:\/\/prochaska.eu\/?post_type=product&#038;p=33582"},"modified":"2026-03-18T14:27:01","modified_gmt":"2026-03-18T14:27:01","slug":"roborock-robotergarage-z-serie","status":"publish","type":"product","link":"https:\/\/prochaska.eu\/en\/produkt\/roborock-robotergarage-z-serie\/","title":{"rendered":"Roborock Robotergarage Z Serie"},"content":{"rendered":"<p style=\"text-align: left;\">Die <strong data-start=\"137\" data-end=\"171\">Roborock Robotergarage Z Serie<\/strong> in Hochglanzausf\u00fchrung sch\u00fctzt deinen RockMow Z M\u00e4hroboter zuverl\u00e4ssig vor Regen, Sonne und Schmutz. Das integrierte Sichtfenster erm\u00f6glicht eine einfache Kontrolle des Ladezustands \u2013 ganz ohne \u00d6ffnen. F\u00fcr maximale Leistung, Schutz und Komfort im Alltag.<\/p>\n","protected":false},"excerpt":{"rendered":"<p>Hochwertige Robotergarage f\u00fcr RockMow Z \u2013 sch\u00fctzt vor Witterung und bietet Sichtfenster zur Statuskontrolle.<\/p>\n","protected":false},"featured_media":33679,"template":"","meta":[],"pwb-brand":[3314],"product_brand":[],"product_cat":[621,3036],"product_tag":[3451,3449,3450,3315,3425,3448,3429],"class_list":{"0":"post-33582","1":"product","2":"type-product","3":"status-publish","4":"has-post-thumbnail","6":"pwb-brand-roborock-rasenmaehroboter","7":"product_cat-maehroboter","8":"product_cat-maehroboter-zubehoer","9":"product_tag-hochglanz-garage","10":"product_tag-maehroboter-zubehoer","11":"product_tag-rasenroboter-schutz","12":"product_tag-roborock","13":"product_tag-robotergarage","14":"product_tag-rockmow-z","15":"product_tag-wetterfeste-garage","17":"first","18":"instock","19":"taxable","20":"shipping-taxable","21":"purchasable","22":"product-type-simple"},"yoast_head":"<!-- This site is optimized with the Yoast SEO plugin v27.2 - https:\/\/yoast.com\/product\/yoast-seo-wordpress\/ -->\n<title>Roborock Robotergarage Z Serie - Prochaska<\/title>\n<meta name=\"description\" content=\"Roborock Robotergarage Z Serie in Hochglanz \u2013 sch\u00fctzt RockMow Z vor Wetter, mit Sichtfenster und stabiler Verbindung f\u00fcr langlebige Leistung.\" \/>\n<meta name=\"robots\" content=\"index, follow, max-snippet:-1, max-image-preview:large, max-video-preview:-1\" \/>\n<link rel=\"canonical\" href=\"https:\/\/prochaska.eu\/en\/produkt\/roborock-robotergarage-z-serie\/\" \/>\n<meta property=\"og:locale\" content=\"en_US\" \/>\n<meta property=\"og:type\" content=\"article\" \/>\n<meta property=\"og:title\" content=\"Toro - Heckenauswurf Kit - 117-4160\" \/>\n<meta property=\"og:description\" content=\"Roborock Robotergarage Z Serie in Hochglanz \u2013 sch\u00fctzt RockMow Z vor Wetter, mit Sichtfenster und stabiler Verbindung f\u00fcr langlebige Leistung.\" \/>\n<meta property=\"og:url\" content=\"https:\/\/prochaska.eu\/en\/produkt\/roborock-robotergarage-z-serie\/\" \/>\n<meta property=\"og:site_name\" content=\"Prochaska\" \/>\n<meta property=\"article:publisher\" content=\"https:\/\/www.facebook.com\/prochaska.eu\/\" \/>\n<meta property=\"article:modified_time\" content=\"2026-03-18T14:27:01+00:00\" \/>\n<meta property=\"og:image\" content=\"https:\/\/prochaska.eu\/wp-content\/uploads\/2024\/12\/Toro-Heckenauswurfkit-117-4160.jpg\" \/>\n\t<meta property=\"og:image:width\" content=\"900\" \/>\n\t<meta property=\"og:image:height\" content=\"900\" \/>\n\t<meta property=\"og:image:type\" content=\"image\/jpeg\" \/>\n<meta name=\"twitter:card\" content=\"summary_large_image\" \/>\n<meta name=\"twitter:label1\" content=\"Est. reading time\" \/>\n\t<meta name=\"twitter:data1\" content=\"1 minute\" \/>\n<script type=\"application\/ld+json\" class=\"yoast-schema-graph\">{\"@context\":\"https:\/\/schema.org\",\"@graph\":[{\"@type\":\"WebPage\",\"@id\":\"https:\/\/prochaska.eu\/en\/produkt\/roborock-robotergarage-z-serie\/\",\"url\":\"https:\/\/prochaska.eu\/en\/produkt\/roborock-robotergarage-z-serie\/\",\"name\":\"Roborock Robotergarage Z Serie - Prochaska\",\"isPartOf\":{\"@id\":\"https:\/\/prochaska.eu\/en\/#website\"},\"primaryImageOfPage\":{\"@id\":\"https:\/\/prochaska.eu\/en\/produkt\/roborock-robotergarage-z-serie\/#primaryimage\"},\"image\":{\"@id\":\"https:\/\/prochaska.eu\/en\/produkt\/roborock-robotergarage-z-serie\/#primaryimage\"},\"thumbnailUrl\":\"https:\/\/prochaska.eu\/wp-content\/uploads\/2026\/03\/Roborock-Garage-Z-Serie-scaled.webp\",\"datePublished\":\"2026-03-18T14:26:57+00:00\",\"dateModified\":\"2026-03-18T14:27:01+00:00\",\"description\":\"Roborock Robotergarage Z Serie in Hochglanz \u2013 sch\u00fctzt RockMow Z vor Wetter, mit Sichtfenster und stabiler Verbindung f\u00fcr langlebige Leistung.\",\"breadcrumb\":{\"@id\":\"https:\/\/prochaska.eu\/en\/produkt\/roborock-robotergarage-z-serie\/#breadcrumb\"},\"inLanguage\":\"en-US\",\"potentialAction\":[{\"@type\":\"ReadAction\",\"target\":[\"https:\/\/prochaska.eu\/en\/produkt\/roborock-robotergarage-z-serie\/\"]}]},{\"@type\":\"ImageObject\",\"inLanguage\":\"en-US\",\"@id\":\"https:\/\/prochaska.eu\/en\/produkt\/roborock-robotergarage-z-serie\/#primaryimage\",\"url\":\"https:\/\/prochaska.eu\/wp-content\/uploads\/2026\/03\/Roborock-Garage-Z-Serie-scaled.webp\",\"contentUrl\":\"https:\/\/prochaska.eu\/wp-content\/uploads\/2026\/03\/Roborock-Garage-Z-Serie-scaled.webp\",\"width\":2560,\"height\":1398,\"caption\":\"Roborock Zubeh\u00f6r\"},{\"@type\":\"BreadcrumbList\",\"@id\":\"https:\/\/prochaska.eu\/en\/produkt\/roborock-robotergarage-z-serie\/#breadcrumb\",\"itemListElement\":[{\"@type\":\"ListItem\",\"position\":1,\"name\":\"Home\",\"item\":\"https:\/\/prochaska.eu\/en\/\"},{\"@type\":\"ListItem\",\"position\":2,\"name\":\"Shop\",\"item\":\"https:\/\/prochaska.eu\/shop\/\"},{\"@type\":\"ListItem\",\"position\":3,\"name\":\"Roborock Robotergarage Z Serie\"}]},{\"@type\":\"WebSite\",\"@id\":\"https:\/\/prochaska.eu\/en\/#website\",\"url\":\"https:\/\/prochaska.eu\/en\/\",\"name\":\"Prochaska\",\"description\":\"Spezialist f\u00fcr Pflege von Gr\u00fcnfl\u00e4chen\",\"publisher\":{\"@id\":\"https:\/\/prochaska.eu\/en\/#organization\"},\"potentialAction\":[{\"@type\":\"SearchAction\",\"target\":{\"@type\":\"EntryPoint\",\"urlTemplate\":\"https:\/\/prochaska.eu\/en\/?s={search_term_string}\"},\"query-input\":{\"@type\":\"PropertyValueSpecification\",\"valueRequired\":true,\"valueName\":\"search_term_string\"}}],\"inLanguage\":\"en-US\"},{\"@type\":\"Organization\",\"@id\":\"https:\/\/prochaska.eu\/en\/#organization\",\"name\":\"Prochaska\",\"url\":\"https:\/\/prochaska.eu\/en\/\",\"logo\":{\"@type\":\"ImageObject\",\"inLanguage\":\"en-US\",\"@id\":\"https:\/\/prochaska.eu\/en\/#\/schema\/logo\/image\/\",\"url\":\"https:\/\/prochaska.eu\/wp-content\/uploads\/2024\/04\/Prochaska_Logo_Black-1.png\",\"contentUrl\":\"https:\/\/prochaska.eu\/wp-content\/uploads\/2024\/04\/Prochaska_Logo_Black-1.png\",\"width\":796,\"height\":236,\"caption\":\"Prochaska\"},\"image\":{\"@id\":\"https:\/\/prochaska.eu\/en\/#\/schema\/logo\/image\/\"},\"sameAs\":[\"https:\/\/www.facebook.com\/prochaska.eu\/\",\"https:\/\/www.instagram.com\/prochaska.eu\/\",\"https:\/\/www.linkedin.com\/company\/prochaska-handels-gmbh\"]}]}<\/script>\n<!-- \/ Yoast SEO plugin. -->","yoast_head_json":{"title":"Roborock Robotergarage Z Serie - Prochaska","description":"Roborock Robotergarage Z Serie in Hochglanz \u2013 sch\u00fctzt RockMow Z vor Wetter, mit Sichtfenster und stabiler Verbindung f\u00fcr langlebige Leistung.","robots":{"index":"index","follow":"follow","max-snippet":"max-snippet:-1","max-image-preview":"max-image-preview:large","max-video-preview":"max-video-preview:-1"},"canonical":"https:\/\/prochaska.eu\/en\/produkt\/roborock-robotergarage-z-serie\/","og_locale":"en_US","og_type":"article","og_title":"Toro - Heckenauswurf Kit - 117-4160","og_description":"Roborock Robotergarage Z Serie in Hochglanz \u2013 sch\u00fctzt RockMow Z vor Wetter, mit Sichtfenster und stabiler Verbindung f\u00fcr langlebige Leistung.","og_url":"https:\/\/prochaska.eu\/en\/produkt\/roborock-robotergarage-z-serie\/","og_site_name":"Prochaska","article_publisher":"https:\/\/www.facebook.com\/prochaska.eu\/","article_modified_time":"2026-03-18T14:27:01+00:00","og_image":[{"width":900,"height":900,"url":"https:\/\/prochaska.eu\/wp-content\/uploads\/2024\/12\/Toro-Heckenauswurfkit-117-4160.jpg","type":"image\/jpeg"}],"twitter_card":"summary_large_image","twitter_misc":{"Est. reading time":"1 minute"},"schema":{"@context":"https:\/\/schema.org","@graph":[{"@type":"WebPage","@id":"https:\/\/prochaska.eu\/en\/produkt\/roborock-robotergarage-z-serie\/","url":"https:\/\/prochaska.eu\/en\/produkt\/roborock-robotergarage-z-serie\/","name":"Roborock Robotergarage Z Serie - Prochaska","isPartOf":{"@id":"https:\/\/prochaska.eu\/en\/#website"},"primaryImageOfPage":{"@id":"https:\/\/prochaska.eu\/en\/produkt\/roborock-robotergarage-z-serie\/#primaryimage"},"image":{"@id":"https:\/\/prochaska.eu\/en\/produkt\/roborock-robotergarage-z-serie\/#primaryimage"},"thumbnailUrl":"https:\/\/prochaska.eu\/wp-content\/uploads\/2026\/03\/Roborock-Garage-Z-Serie-scaled.webp","datePublished":"2026-03-18T14:26:57+00:00","dateModified":"2026-03-18T14:27:01+00:00","description":"Roborock Robotergarage Z Serie in Hochglanz \u2013 sch\u00fctzt RockMow Z vor Wetter, mit Sichtfenster und stabiler Verbindung f\u00fcr langlebige Leistung.","breadcrumb":{"@id":"https:\/\/prochaska.eu\/en\/produkt\/roborock-robotergarage-z-serie\/#breadcrumb"},"inLanguage":"en-US","potentialAction":[{"@type":"ReadAction","target":["https:\/\/prochaska.eu\/en\/produkt\/roborock-robotergarage-z-serie\/"]}]},{"@type":"ImageObject","inLanguage":"en-US","@id":"https:\/\/prochaska.eu\/en\/produkt\/roborock-robotergarage-z-serie\/#primaryimage","url":"https:\/\/prochaska.eu\/wp-content\/uploads\/2026\/03\/Roborock-Garage-Z-Serie-scaled.webp","contentUrl":"https:\/\/prochaska.eu\/wp-content\/uploads\/2026\/03\/Roborock-Garage-Z-Serie-scaled.webp","width":2560,"height":1398,"caption":"Roborock Zubeh\u00f6r"},{"@type":"BreadcrumbList","@id":"https:\/\/prochaska.eu\/en\/produkt\/roborock-robotergarage-z-serie\/#breadcrumb","itemListElement":[{"@type":"ListItem","position":1,"name":"Home","item":"https:\/\/prochaska.eu\/en\/"},{"@type":"ListItem","position":2,"name":"Shop","item":"https:\/\/prochaska.eu\/shop\/"},{"@type":"ListItem","position":3,"name":"Roborock Robotergarage Z Serie"}]},{"@type":"WebSite","@id":"https:\/\/prochaska.eu\/en\/#website","url":"https:\/\/prochaska.eu\/en\/","name":"Prochaska","description":"Spezialist f\u00fcr Pflege von Gr\u00fcnfl\u00e4chen","publisher":{"@id":"https:\/\/prochaska.eu\/en\/#organization"},"potentialAction":[{"@type":"SearchAction","target":{"@type":"EntryPoint","urlTemplate":"https:\/\/prochaska.eu\/en\/?s={search_term_string}"},"query-input":{"@type":"PropertyValueSpecification","valueRequired":true,"valueName":"search_term_string"}}],"inLanguage":"en-US"},{"@type":"Organization","@id":"https:\/\/prochaska.eu\/en\/#organization","name":"Prochaska","url":"https:\/\/prochaska.eu\/en\/","logo":{"@type":"ImageObject","inLanguage":"en-US","@id":"https:\/\/prochaska.eu\/en\/#\/schema\/logo\/image\/","url":"https:\/\/prochaska.eu\/wp-content\/uploads\/2024\/04\/Prochaska_Logo_Black-1.png","contentUrl":"https:\/\/prochaska.eu\/wp-content\/uploads\/2024\/04\/Prochaska_Logo_Black-1.png","width":796,"height":236,"caption":"Prochaska"},"image":{"@id":"https:\/\/prochaska.eu\/en\/#\/schema\/logo\/image\/"},"sameAs":["https:\/\/www.facebook.com\/prochaska.eu\/","https:\/\/www.instagram.com\/prochaska.eu\/","https:\/\/www.linkedin.com\/company\/prochaska-handels-gmbh"]}]}},"brands":[{"id":3340,"name":"Roborock","slug":"roborock"}],"_links":{"self":[{"href":"https:\/\/prochaska.eu\/en\/wp-json\/wp\/v2\/product\/33582","targetHints":{"allow":["GET"]}}],"collection":[{"href":"https:\/\/prochaska.eu\/en\/wp-json\/wp\/v2\/product"}],"about":[{"href":"https:\/\/prochaska.eu\/en\/wp-json\/wp\/v2\/types\/product"}],"version-history":[{"count":2,"href":"https:\/\/prochaska.eu\/en\/wp-json\/wp\/v2\/product\/33582\/revisions"}],"predecessor-version":[{"id":33702,"href":"https:\/\/prochaska.eu\/en\/wp-json\/wp\/v2\/product\/33582\/revisions\/33702"}],"wp:featuredmedia":[{"embeddable":true,"href":"https:\/\/prochaska.eu\/en\/wp-json\/wp\/v2\/media\/33679"}],"wp:attachment":[{"href":"https:\/\/prochaska.eu\/en\/wp-json\/wp\/v2\/media?parent=33582"}],"wp:term":[{"taxonomy":"pwb-brand","embeddable":true,"href":"https:\/\/prochaska.eu\/en\/wp-json\/wp\/v2\/pwb-brand?post=33582"},{"taxonomy":"product_brand","embeddable":true,"href":"https:\/\/prochaska.eu\/en\/wp-json\/wp\/v2\/product_brand?post=33582"},{"taxonomy":"product_cat","embeddable":true,"href":"https:\/\/prochaska.eu\/en\/wp-json\/wp\/v2\/product_cat?post=33582"},{"taxonomy":"product_tag","embeddable":true,"href":"https:\/\/prochaska.eu\/en\/wp-json\/wp\/v2\/product_tag?post=33582"}],"curies":[{"name":"wp","href":"https:\/\/api.w.org\/{rel}","templated":true}]}}