{"id":33958,"date":"2026-04-08T09:40:29","date_gmt":"2026-04-08T09:40:29","guid":{"rendered":"https:\/\/prochaska.eu\/produkt\/roborock-4g-and-anti-theft-module\/"},"modified":"2026-04-08T09:40:29","modified_gmt":"2026-04-08T09:40:29","slug":"roborock-4g-and-anti-theft-module","status":"publish","type":"product","link":"https:\/\/prochaska.eu\/en\/produkt\/roborock-4g-and-anti-theft-module\/","title":{"rendered":"Roborock 4G and anti-theft module"},"content":{"rendered":"<p data-start=\"92\" data-end=\"289\">With the <strong data-start=\"100\" data-end=\"132\">4G and theft protection module<\/strong>, your Roborock S or Q robotic lawnmower remains accessible even when Wi-Fi is weak. Control it conveniently via the app and stay in control at all times. <\/p>\n<p data-start=\"291\" data-end=\"430\">The module also protects your robot with <strong data-start=\"338\" data-end=\"369\">real-time location tracking<\/strong> in the event of theft. Easy to install thanks to plug-and-play. <\/p>\n","protected":false},"excerpt":{"rendered":"<ul>\n<li>Enables a stable 4G connection in environments with weak WLAN.<\/li>\n<li>Provides theft protection with real-time location tracking of the robotic lawnmower.<\/li>\n<li>Compatible with the RockMow S series and RockNeo Q series.<\/li>\n<\/ul>\n<p>&nbsp;<\/p>\n","protected":false},"featured_media":33955,"template":"","meta":[],"pwb-brand":[3340],"product_brand":[],"product_cat":[1334,3431],"product_tag":[3328,3454],"class_list":{"0":"post-33958","1":"product","2":"type-product","3":"status-publish","4":"has-post-thumbnail","6":"pwb-brand-roborock","7":"product_cat-lawn-robot","8":"product_cat-robot-lawn-mower-accessories","9":"product_tag-roborock","10":"product_tag-robot-lawn-mower-accessories-2","12":"first","13":"instock","14":"taxable","15":"shipping-taxable","16":"purchasable","17":"product-type-simple"},"yoast_head":"<!-- This site is optimized with the Yoast SEO plugin v27.2 - https:\/\/yoast.com\/product\/yoast-seo-wordpress\/ -->\n<title>Roborock 4G and anti-theft module - Prochaska<\/title>\n<meta name=\"description\" content=\"4G &amp; anti-theft module for Roborock S &amp; Q series. Stable mobile connection with weak Wi-Fi &amp; real-time location tracking for safe lawn care.\" \/>\n<meta name=\"robots\" content=\"index, follow, max-snippet:-1, max-image-preview:large, max-video-preview:-1\" \/>\n<link rel=\"canonical\" href=\"https:\/\/prochaska.eu\/en\/produkt\/roborock-4g-and-anti-theft-module\/\" \/>\n<meta property=\"og:locale\" content=\"en_US\" \/>\n<meta property=\"og:type\" content=\"article\" \/>\n<meta property=\"og:title\" content=\"Toro - Hedge ejector kit - 117-4160\" \/>\n<meta property=\"og:description\" content=\"4G &amp; anti-theft module for Roborock S &amp; Q series. Stable mobile connection with weak Wi-Fi &amp; real-time location tracking for safe lawn care.\" \/>\n<meta property=\"og:url\" content=\"https:\/\/prochaska.eu\/en\/produkt\/roborock-4g-and-anti-theft-module\/\" \/>\n<meta property=\"og:site_name\" content=\"Prochaska\" \/>\n<meta property=\"article:publisher\" content=\"https:\/\/www.facebook.com\/prochaska.eu\/\" \/>\n<meta property=\"og:image\" content=\"https:\/\/prochaska.eu\/wp-content\/uploads\/2024\/12\/Toro-Heckenauswurfkit-117-4160-300x300.jpg\" \/>\n<meta name=\"twitter:card\" content=\"summary_large_image\" \/>\n<script type=\"application\/ld+json\" class=\"yoast-schema-graph\">{\"@context\":\"https:\/\/schema.org\",\"@graph\":[{\"@type\":\"WebPage\",\"@id\":\"https:\/\/prochaska.eu\/en\/produkt\/roborock-4g-and-anti-theft-module\/\",\"url\":\"https:\/\/prochaska.eu\/en\/produkt\/roborock-4g-and-anti-theft-module\/\",\"name\":\"Roborock 4G and anti-theft module - Prochaska\",\"isPartOf\":{\"@id\":\"https:\/\/prochaska.eu\/en\/#website\"},\"primaryImageOfPage\":{\"@id\":\"https:\/\/prochaska.eu\/en\/produkt\/roborock-4g-and-anti-theft-module\/#primaryimage\"},\"image\":{\"@id\":\"https:\/\/prochaska.eu\/en\/produkt\/roborock-4g-and-anti-theft-module\/#primaryimage\"},\"thumbnailUrl\":\"https:\/\/prochaska.eu\/wp-content\/uploads\/2026\/04\/Roborock-4G-Modul-scaled.webp\",\"datePublished\":\"2026-04-08T09:40:29+00:00\",\"description\":\"4G & anti-theft module for Roborock S & Q series. Stable mobile connection with weak Wi-Fi & real-time location tracking for safe lawn care.\",\"breadcrumb\":{\"@id\":\"https:\/\/prochaska.eu\/en\/produkt\/roborock-4g-and-anti-theft-module\/#breadcrumb\"},\"inLanguage\":\"en-US\",\"potentialAction\":[{\"@type\":\"ReadAction\",\"target\":[\"https:\/\/prochaska.eu\/en\/produkt\/roborock-4g-and-anti-theft-module\/\"]}]},{\"@type\":\"ImageObject\",\"inLanguage\":\"en-US\",\"@id\":\"https:\/\/prochaska.eu\/en\/produkt\/roborock-4g-and-anti-theft-module\/#primaryimage\",\"url\":\"https:\/\/prochaska.eu\/wp-content\/uploads\/2026\/04\/Roborock-4G-Modul-scaled.webp\",\"contentUrl\":\"https:\/\/prochaska.eu\/wp-content\/uploads\/2026\/04\/Roborock-4G-Modul-scaled.webp\",\"width\":2560,\"height\":1441},{\"@type\":\"BreadcrumbList\",\"@id\":\"https:\/\/prochaska.eu\/en\/produkt\/roborock-4g-and-anti-theft-module\/#breadcrumb\",\"itemListElement\":[{\"@type\":\"ListItem\",\"position\":1,\"name\":\"Home\",\"item\":\"https:\/\/prochaska.eu\/en\/\"},{\"@type\":\"ListItem\",\"position\":2,\"name\":\"Shop\",\"item\":\"https:\/\/prochaska.eu\/shop\/\"},{\"@type\":\"ListItem\",\"position\":3,\"name\":\"Roborock 4G and anti-theft module\"}]},{\"@type\":\"WebSite\",\"@id\":\"https:\/\/prochaska.eu\/en\/#website\",\"url\":\"https:\/\/prochaska.eu\/en\/\",\"name\":\"Prochaska\",\"description\":\"Spezialist f\u00fcr Pflege von Gr\u00fcnfl\u00e4chen\",\"publisher\":{\"@id\":\"https:\/\/prochaska.eu\/en\/#organization\"},\"potentialAction\":[{\"@type\":\"SearchAction\",\"target\":{\"@type\":\"EntryPoint\",\"urlTemplate\":\"https:\/\/prochaska.eu\/en\/?s={search_term_string}\"},\"query-input\":{\"@type\":\"PropertyValueSpecification\",\"valueRequired\":true,\"valueName\":\"search_term_string\"}}],\"inLanguage\":\"en-US\"},{\"@type\":\"Organization\",\"@id\":\"https:\/\/prochaska.eu\/en\/#organization\",\"name\":\"Prochaska\",\"url\":\"https:\/\/prochaska.eu\/en\/\",\"logo\":{\"@type\":\"ImageObject\",\"inLanguage\":\"en-US\",\"@id\":\"https:\/\/prochaska.eu\/en\/#\/schema\/logo\/image\/\",\"url\":\"https:\/\/prochaska.eu\/wp-content\/uploads\/2024\/04\/Prochaska_Logo_Black-1.png\",\"contentUrl\":\"https:\/\/prochaska.eu\/wp-content\/uploads\/2024\/04\/Prochaska_Logo_Black-1.png\",\"width\":796,\"height\":236,\"caption\":\"Prochaska\"},\"image\":{\"@id\":\"https:\/\/prochaska.eu\/en\/#\/schema\/logo\/image\/\"},\"sameAs\":[\"https:\/\/www.facebook.com\/prochaska.eu\/\",\"https:\/\/www.instagram.com\/prochaska.eu\/\",\"https:\/\/www.linkedin.com\/company\/prochaska-handels-gmbh\"]}]}<\/script>\n<!-- \/ Yoast SEO plugin. -->","yoast_head_json":{"title":"Roborock 4G and anti-theft module - Prochaska","description":"4G & anti-theft module for Roborock S & Q series. Stable mobile connection with weak Wi-Fi & real-time location tracking for safe lawn care.","robots":{"index":"index","follow":"follow","max-snippet":"max-snippet:-1","max-image-preview":"max-image-preview:large","max-video-preview":"max-video-preview:-1"},"canonical":"https:\/\/prochaska.eu\/en\/produkt\/roborock-4g-and-anti-theft-module\/","og_locale":"en_US","og_type":"article","og_title":"Toro - Hedge ejector kit - 117-4160","og_description":"4G & anti-theft module for Roborock S & Q series. Stable mobile connection with weak Wi-Fi & real-time location tracking for safe lawn care.","og_url":"https:\/\/prochaska.eu\/en\/produkt\/roborock-4g-and-anti-theft-module\/","og_site_name":"Prochaska","article_publisher":"https:\/\/www.facebook.com\/prochaska.eu\/","og_image":[{"url":"https:\/\/prochaska.eu\/wp-content\/uploads\/2024\/12\/Toro-Heckenauswurfkit-117-4160-300x300.jpg","type":"","width":"","height":""}],"twitter_card":"summary_large_image","schema":{"@context":"https:\/\/schema.org","@graph":[{"@type":"WebPage","@id":"https:\/\/prochaska.eu\/en\/produkt\/roborock-4g-and-anti-theft-module\/","url":"https:\/\/prochaska.eu\/en\/produkt\/roborock-4g-and-anti-theft-module\/","name":"Roborock 4G and anti-theft module - Prochaska","isPartOf":{"@id":"https:\/\/prochaska.eu\/en\/#website"},"primaryImageOfPage":{"@id":"https:\/\/prochaska.eu\/en\/produkt\/roborock-4g-and-anti-theft-module\/#primaryimage"},"image":{"@id":"https:\/\/prochaska.eu\/en\/produkt\/roborock-4g-and-anti-theft-module\/#primaryimage"},"thumbnailUrl":"https:\/\/prochaska.eu\/wp-content\/uploads\/2026\/04\/Roborock-4G-Modul-scaled.webp","datePublished":"2026-04-08T09:40:29+00:00","description":"4G & anti-theft module for Roborock S & Q series. Stable mobile connection with weak Wi-Fi & real-time location tracking for safe lawn care.","breadcrumb":{"@id":"https:\/\/prochaska.eu\/en\/produkt\/roborock-4g-and-anti-theft-module\/#breadcrumb"},"inLanguage":"en-US","potentialAction":[{"@type":"ReadAction","target":["https:\/\/prochaska.eu\/en\/produkt\/roborock-4g-and-anti-theft-module\/"]}]},{"@type":"ImageObject","inLanguage":"en-US","@id":"https:\/\/prochaska.eu\/en\/produkt\/roborock-4g-and-anti-theft-module\/#primaryimage","url":"https:\/\/prochaska.eu\/wp-content\/uploads\/2026\/04\/Roborock-4G-Modul-scaled.webp","contentUrl":"https:\/\/prochaska.eu\/wp-content\/uploads\/2026\/04\/Roborock-4G-Modul-scaled.webp","width":2560,"height":1441},{"@type":"BreadcrumbList","@id":"https:\/\/prochaska.eu\/en\/produkt\/roborock-4g-and-anti-theft-module\/#breadcrumb","itemListElement":[{"@type":"ListItem","position":1,"name":"Home","item":"https:\/\/prochaska.eu\/en\/"},{"@type":"ListItem","position":2,"name":"Shop","item":"https:\/\/prochaska.eu\/shop\/"},{"@type":"ListItem","position":3,"name":"Roborock 4G and anti-theft module"}]},{"@type":"WebSite","@id":"https:\/\/prochaska.eu\/en\/#website","url":"https:\/\/prochaska.eu\/en\/","name":"Prochaska","description":"Spezialist f\u00fcr Pflege von Gr\u00fcnfl\u00e4chen","publisher":{"@id":"https:\/\/prochaska.eu\/en\/#organization"},"potentialAction":[{"@type":"SearchAction","target":{"@type":"EntryPoint","urlTemplate":"https:\/\/prochaska.eu\/en\/?s={search_term_string}"},"query-input":{"@type":"PropertyValueSpecification","valueRequired":true,"valueName":"search_term_string"}}],"inLanguage":"en-US"},{"@type":"Organization","@id":"https:\/\/prochaska.eu\/en\/#organization","name":"Prochaska","url":"https:\/\/prochaska.eu\/en\/","logo":{"@type":"ImageObject","inLanguage":"en-US","@id":"https:\/\/prochaska.eu\/en\/#\/schema\/logo\/image\/","url":"https:\/\/prochaska.eu\/wp-content\/uploads\/2024\/04\/Prochaska_Logo_Black-1.png","contentUrl":"https:\/\/prochaska.eu\/wp-content\/uploads\/2024\/04\/Prochaska_Logo_Black-1.png","width":796,"height":236,"caption":"Prochaska"},"image":{"@id":"https:\/\/prochaska.eu\/en\/#\/schema\/logo\/image\/"},"sameAs":["https:\/\/www.facebook.com\/prochaska.eu\/","https:\/\/www.instagram.com\/prochaska.eu\/","https:\/\/www.linkedin.com\/company\/prochaska-handels-gmbh"]}]}},"brands":[{"id":3340,"name":"Roborock","slug":"roborock"}],"_links":{"self":[{"href":"https:\/\/prochaska.eu\/en\/wp-json\/wp\/v2\/product\/33958","targetHints":{"allow":["GET"]}}],"collection":[{"href":"https:\/\/prochaska.eu\/en\/wp-json\/wp\/v2\/product"}],"about":[{"href":"https:\/\/prochaska.eu\/en\/wp-json\/wp\/v2\/types\/product"}],"version-history":[{"count":0,"href":"https:\/\/prochaska.eu\/en\/wp-json\/wp\/v2\/product\/33958\/revisions"}],"wp:featuredmedia":[{"embeddable":true,"href":"https:\/\/prochaska.eu\/en\/wp-json\/wp\/v2\/media\/33955"}],"wp:attachment":[{"href":"https:\/\/prochaska.eu\/en\/wp-json\/wp\/v2\/media?parent=33958"}],"wp:term":[{"taxonomy":"pwb-brand","embeddable":true,"href":"https:\/\/prochaska.eu\/en\/wp-json\/wp\/v2\/pwb-brand?post=33958"},{"taxonomy":"product_brand","embeddable":true,"href":"https:\/\/prochaska.eu\/en\/wp-json\/wp\/v2\/product_brand?post=33958"},{"taxonomy":"product_cat","embeddable":true,"href":"https:\/\/prochaska.eu\/en\/wp-json\/wp\/v2\/product_cat?post=33958"},{"taxonomy":"product_tag","embeddable":true,"href":"https:\/\/prochaska.eu\/en\/wp-json\/wp\/v2\/product_tag?post=33958"}],"curies":[{"name":"wp","href":"https:\/\/api.w.org\/{rel}","templated":true}]}}