{"id":33969,"date":"2026-04-08T11:24:04","date_gmt":"2026-04-08T11:24:04","guid":{"rendered":"https:\/\/prochaska.eu\/produkt\/roborock-rtk-wall-mount\/"},"modified":"2026-04-08T11:24:04","modified_gmt":"2026-04-08T11:24:04","slug":"roborock-rtk-wall-mount","status":"publish","type":"product","link":"https:\/\/prochaska.eu\/en\/produkt\/roborock-rtk-wall-mount\/","title":{"rendered":"Roborock RTK wall mount"},"content":{"rendered":"<p data-start=\"110\" data-end=\"332\">With the <strong data-start=\"118\" data-end=\"139\">RTK wall bracket<\/strong>, you can mount the GNSS antenna of your Roborock robotic lawnmower securely on the wall or roof. The stable bracket ensures optimum satellite reception and precise navigation of your robotic lawnmower. <\/p>\n<p data-start=\"334\" data-end=\"538\">The top is <strong data-start=\"352\" data-end=\"378\">adjustable from 0-180\u00b0<\/strong> so that the antenna can be ideally aligned. Compatible with <strong data-start=\"446\" data-end=\"497\">RockMow Z1, RockMow S series and RockNeo Q series<\/strong> (not compatible with RockMow Z1 LiDAR). <\/p>\n","protected":false},"excerpt":{"rendered":"<ul>\n<li>Enables wall or roof mounting of the RTK antenna for improved satellite reception.<\/li>\n<li>Adjustable top with an angle of 0-180\u00b0 for optimum antenna positioning.<\/li>\n<li>Compatible with Z1, S and Q series (not compatible with the Z1 LiDAR)<\/li>\n<\/ul>\n<p>&nbsp;<\/p>\n","protected":false},"featured_media":33966,"template":"","meta":[],"pwb-brand":[3340],"product_brand":[],"product_cat":[1334,3431],"product_tag":[3328,3454],"class_list":{"0":"post-33969","1":"product","2":"type-product","3":"status-publish","4":"has-post-thumbnail","6":"pwb-brand-roborock","7":"product_cat-lawn-robot","8":"product_cat-robot-lawn-mower-accessories","9":"product_tag-roborock","10":"product_tag-robot-lawn-mower-accessories-2","12":"first","13":"instock","14":"taxable","15":"shipping-taxable","16":"purchasable","17":"product-type-simple"},"yoast_head":"<!-- This site is optimized with the Yoast SEO plugin v27.2 - https:\/\/yoast.com\/product\/yoast-seo-wordpress\/ -->\n<title>Roborock RTK wall mount - Prochaska<\/title>\n<meta name=\"description\" content=\"RTK wall mount for Roborock robotic lawnmower. Optimum antenna position for better satellite reception. Compatible with RockMow Z1, S-Series and RockNeo Q-Series.\" \/>\n<meta name=\"robots\" content=\"index, follow, max-snippet:-1, max-image-preview:large, max-video-preview:-1\" \/>\n<link rel=\"canonical\" href=\"https:\/\/prochaska.eu\/en\/produkt\/roborock-rtk-wall-mount\/\" \/>\n<meta property=\"og:locale\" content=\"en_US\" \/>\n<meta property=\"og:type\" content=\"article\" \/>\n<meta property=\"og:title\" content=\"Toro - Hedge ejector kit - 117-4160\" \/>\n<meta property=\"og:description\" content=\"RTK wall mount for Roborock robotic lawnmower. Optimum antenna position for better satellite reception. Compatible with RockMow Z1, S-Series and RockNeo Q-Series.\" \/>\n<meta property=\"og:url\" content=\"https:\/\/prochaska.eu\/en\/produkt\/roborock-rtk-wall-mount\/\" \/>\n<meta property=\"og:site_name\" content=\"Prochaska\" \/>\n<meta property=\"article:publisher\" content=\"https:\/\/www.facebook.com\/prochaska.eu\/\" \/>\n<meta property=\"og:image\" content=\"https:\/\/prochaska.eu\/wp-content\/uploads\/2024\/12\/Toro-Heckenauswurfkit-117-4160-300x300.jpg\" \/>\n<meta name=\"twitter:card\" content=\"summary_large_image\" \/>\n<script type=\"application\/ld+json\" class=\"yoast-schema-graph\">{\"@context\":\"https:\/\/schema.org\",\"@graph\":[{\"@type\":\"WebPage\",\"@id\":\"https:\/\/prochaska.eu\/en\/produkt\/roborock-rtk-wall-mount\/\",\"url\":\"https:\/\/prochaska.eu\/en\/produkt\/roborock-rtk-wall-mount\/\",\"name\":\"Roborock RTK wall mount - Prochaska\",\"isPartOf\":{\"@id\":\"https:\/\/prochaska.eu\/en\/#website\"},\"primaryImageOfPage\":{\"@id\":\"https:\/\/prochaska.eu\/en\/produkt\/roborock-rtk-wall-mount\/#primaryimage\"},\"image\":{\"@id\":\"https:\/\/prochaska.eu\/en\/produkt\/roborock-rtk-wall-mount\/#primaryimage\"},\"thumbnailUrl\":\"https:\/\/prochaska.eu\/wp-content\/uploads\/2026\/04\/RTK-Wall-Mount-Kit-scaled.webp\",\"datePublished\":\"2026-04-08T11:24:04+00:00\",\"description\":\"RTK wall mount for Roborock robotic lawnmower. Optimum antenna position for better satellite reception. Compatible with RockMow Z1, S-Series and RockNeo Q-Series.\",\"breadcrumb\":{\"@id\":\"https:\/\/prochaska.eu\/en\/produkt\/roborock-rtk-wall-mount\/#breadcrumb\"},\"inLanguage\":\"en-US\",\"potentialAction\":[{\"@type\":\"ReadAction\",\"target\":[\"https:\/\/prochaska.eu\/en\/produkt\/roborock-rtk-wall-mount\/\"]}]},{\"@type\":\"ImageObject\",\"inLanguage\":\"en-US\",\"@id\":\"https:\/\/prochaska.eu\/en\/produkt\/roborock-rtk-wall-mount\/#primaryimage\",\"url\":\"https:\/\/prochaska.eu\/wp-content\/uploads\/2026\/04\/RTK-Wall-Mount-Kit-scaled.webp\",\"contentUrl\":\"https:\/\/prochaska.eu\/wp-content\/uploads\/2026\/04\/RTK-Wall-Mount-Kit-scaled.webp\",\"width\":2560,\"height\":1441},{\"@type\":\"BreadcrumbList\",\"@id\":\"https:\/\/prochaska.eu\/en\/produkt\/roborock-rtk-wall-mount\/#breadcrumb\",\"itemListElement\":[{\"@type\":\"ListItem\",\"position\":1,\"name\":\"Home\",\"item\":\"https:\/\/prochaska.eu\/en\/\"},{\"@type\":\"ListItem\",\"position\":2,\"name\":\"Shop\",\"item\":\"https:\/\/prochaska.eu\/shop\/\"},{\"@type\":\"ListItem\",\"position\":3,\"name\":\"Roborock RTK wall mount\"}]},{\"@type\":\"WebSite\",\"@id\":\"https:\/\/prochaska.eu\/en\/#website\",\"url\":\"https:\/\/prochaska.eu\/en\/\",\"name\":\"Prochaska\",\"description\":\"Spezialist f\u00fcr Pflege von Gr\u00fcnfl\u00e4chen\",\"publisher\":{\"@id\":\"https:\/\/prochaska.eu\/en\/#organization\"},\"potentialAction\":[{\"@type\":\"SearchAction\",\"target\":{\"@type\":\"EntryPoint\",\"urlTemplate\":\"https:\/\/prochaska.eu\/en\/?s={search_term_string}\"},\"query-input\":{\"@type\":\"PropertyValueSpecification\",\"valueRequired\":true,\"valueName\":\"search_term_string\"}}],\"inLanguage\":\"en-US\"},{\"@type\":\"Organization\",\"@id\":\"https:\/\/prochaska.eu\/en\/#organization\",\"name\":\"Prochaska\",\"url\":\"https:\/\/prochaska.eu\/en\/\",\"logo\":{\"@type\":\"ImageObject\",\"inLanguage\":\"en-US\",\"@id\":\"https:\/\/prochaska.eu\/en\/#\/schema\/logo\/image\/\",\"url\":\"https:\/\/prochaska.eu\/wp-content\/uploads\/2024\/04\/Prochaska_Logo_Black-1.png\",\"contentUrl\":\"https:\/\/prochaska.eu\/wp-content\/uploads\/2024\/04\/Prochaska_Logo_Black-1.png\",\"width\":796,\"height\":236,\"caption\":\"Prochaska\"},\"image\":{\"@id\":\"https:\/\/prochaska.eu\/en\/#\/schema\/logo\/image\/\"},\"sameAs\":[\"https:\/\/www.facebook.com\/prochaska.eu\/\",\"https:\/\/www.instagram.com\/prochaska.eu\/\",\"https:\/\/www.linkedin.com\/company\/prochaska-handels-gmbh\"]}]}<\/script>\n<!-- \/ Yoast SEO plugin. -->","yoast_head_json":{"title":"Roborock RTK wall mount - Prochaska","description":"RTK wall mount for Roborock robotic lawnmower. Optimum antenna position for better satellite reception. Compatible with RockMow Z1, S-Series and RockNeo Q-Series.","robots":{"index":"index","follow":"follow","max-snippet":"max-snippet:-1","max-image-preview":"max-image-preview:large","max-video-preview":"max-video-preview:-1"},"canonical":"https:\/\/prochaska.eu\/en\/produkt\/roborock-rtk-wall-mount\/","og_locale":"en_US","og_type":"article","og_title":"Toro - Hedge ejector kit - 117-4160","og_description":"RTK wall mount for Roborock robotic lawnmower. Optimum antenna position for better satellite reception. Compatible with RockMow Z1, S-Series and RockNeo Q-Series.","og_url":"https:\/\/prochaska.eu\/en\/produkt\/roborock-rtk-wall-mount\/","og_site_name":"Prochaska","article_publisher":"https:\/\/www.facebook.com\/prochaska.eu\/","og_image":[{"url":"https:\/\/prochaska.eu\/wp-content\/uploads\/2024\/12\/Toro-Heckenauswurfkit-117-4160-300x300.jpg","type":"","width":"","height":""}],"twitter_card":"summary_large_image","schema":{"@context":"https:\/\/schema.org","@graph":[{"@type":"WebPage","@id":"https:\/\/prochaska.eu\/en\/produkt\/roborock-rtk-wall-mount\/","url":"https:\/\/prochaska.eu\/en\/produkt\/roborock-rtk-wall-mount\/","name":"Roborock RTK wall mount - Prochaska","isPartOf":{"@id":"https:\/\/prochaska.eu\/en\/#website"},"primaryImageOfPage":{"@id":"https:\/\/prochaska.eu\/en\/produkt\/roborock-rtk-wall-mount\/#primaryimage"},"image":{"@id":"https:\/\/prochaska.eu\/en\/produkt\/roborock-rtk-wall-mount\/#primaryimage"},"thumbnailUrl":"https:\/\/prochaska.eu\/wp-content\/uploads\/2026\/04\/RTK-Wall-Mount-Kit-scaled.webp","datePublished":"2026-04-08T11:24:04+00:00","description":"RTK wall mount for Roborock robotic lawnmower. Optimum antenna position for better satellite reception. Compatible with RockMow Z1, S-Series and RockNeo Q-Series.","breadcrumb":{"@id":"https:\/\/prochaska.eu\/en\/produkt\/roborock-rtk-wall-mount\/#breadcrumb"},"inLanguage":"en-US","potentialAction":[{"@type":"ReadAction","target":["https:\/\/prochaska.eu\/en\/produkt\/roborock-rtk-wall-mount\/"]}]},{"@type":"ImageObject","inLanguage":"en-US","@id":"https:\/\/prochaska.eu\/en\/produkt\/roborock-rtk-wall-mount\/#primaryimage","url":"https:\/\/prochaska.eu\/wp-content\/uploads\/2026\/04\/RTK-Wall-Mount-Kit-scaled.webp","contentUrl":"https:\/\/prochaska.eu\/wp-content\/uploads\/2026\/04\/RTK-Wall-Mount-Kit-scaled.webp","width":2560,"height":1441},{"@type":"BreadcrumbList","@id":"https:\/\/prochaska.eu\/en\/produkt\/roborock-rtk-wall-mount\/#breadcrumb","itemListElement":[{"@type":"ListItem","position":1,"name":"Home","item":"https:\/\/prochaska.eu\/en\/"},{"@type":"ListItem","position":2,"name":"Shop","item":"https:\/\/prochaska.eu\/shop\/"},{"@type":"ListItem","position":3,"name":"Roborock RTK wall mount"}]},{"@type":"WebSite","@id":"https:\/\/prochaska.eu\/en\/#website","url":"https:\/\/prochaska.eu\/en\/","name":"Prochaska","description":"Spezialist f\u00fcr Pflege von Gr\u00fcnfl\u00e4chen","publisher":{"@id":"https:\/\/prochaska.eu\/en\/#organization"},"potentialAction":[{"@type":"SearchAction","target":{"@type":"EntryPoint","urlTemplate":"https:\/\/prochaska.eu\/en\/?s={search_term_string}"},"query-input":{"@type":"PropertyValueSpecification","valueRequired":true,"valueName":"search_term_string"}}],"inLanguage":"en-US"},{"@type":"Organization","@id":"https:\/\/prochaska.eu\/en\/#organization","name":"Prochaska","url":"https:\/\/prochaska.eu\/en\/","logo":{"@type":"ImageObject","inLanguage":"en-US","@id":"https:\/\/prochaska.eu\/en\/#\/schema\/logo\/image\/","url":"https:\/\/prochaska.eu\/wp-content\/uploads\/2024\/04\/Prochaska_Logo_Black-1.png","contentUrl":"https:\/\/prochaska.eu\/wp-content\/uploads\/2024\/04\/Prochaska_Logo_Black-1.png","width":796,"height":236,"caption":"Prochaska"},"image":{"@id":"https:\/\/prochaska.eu\/en\/#\/schema\/logo\/image\/"},"sameAs":["https:\/\/www.facebook.com\/prochaska.eu\/","https:\/\/www.instagram.com\/prochaska.eu\/","https:\/\/www.linkedin.com\/company\/prochaska-handels-gmbh"]}]}},"brands":[{"id":3340,"name":"Roborock","slug":"roborock"}],"_links":{"self":[{"href":"https:\/\/prochaska.eu\/en\/wp-json\/wp\/v2\/product\/33969","targetHints":{"allow":["GET"]}}],"collection":[{"href":"https:\/\/prochaska.eu\/en\/wp-json\/wp\/v2\/product"}],"about":[{"href":"https:\/\/prochaska.eu\/en\/wp-json\/wp\/v2\/types\/product"}],"version-history":[{"count":0,"href":"https:\/\/prochaska.eu\/en\/wp-json\/wp\/v2\/product\/33969\/revisions"}],"wp:featuredmedia":[{"embeddable":true,"href":"https:\/\/prochaska.eu\/en\/wp-json\/wp\/v2\/media\/33966"}],"wp:attachment":[{"href":"https:\/\/prochaska.eu\/en\/wp-json\/wp\/v2\/media?parent=33969"}],"wp:term":[{"taxonomy":"pwb-brand","embeddable":true,"href":"https:\/\/prochaska.eu\/en\/wp-json\/wp\/v2\/pwb-brand?post=33969"},{"taxonomy":"product_brand","embeddable":true,"href":"https:\/\/prochaska.eu\/en\/wp-json\/wp\/v2\/product_brand?post=33969"},{"taxonomy":"product_cat","embeddable":true,"href":"https:\/\/prochaska.eu\/en\/wp-json\/wp\/v2\/product_cat?post=33969"},{"taxonomy":"product_tag","embeddable":true,"href":"https:\/\/prochaska.eu\/en\/wp-json\/wp\/v2\/product_tag?post=33969"}],"curies":[{"name":"wp","href":"https:\/\/api.w.org\/{rel}","templated":true}]}}