{"id":34007,"date":"2026-04-08T12:14:43","date_gmt":"2026-04-08T12:14:43","guid":{"rendered":"https:\/\/prochaska.eu\/produkt\/roborock-adapter-for-rtk-antenna\/"},"modified":"2026-04-08T12:14:43","modified_gmt":"2026-04-08T12:14:43","slug":"roborock-adapter-for-rtk-antenna","status":"publish","type":"product","link":"https:\/\/prochaska.eu\/en\/produkt\/roborock-adapter-for-rtk-antenna\/","title":{"rendered":"Roborock adapter for RTK antenna"},"content":{"rendered":"<p data-start=\"485\" data-end=\"770\">With the <strong data-start=\"493\" data-end=\"517\">RTK antenna adapter<\/strong>, you can place the GNSS antenna of your Roborock robotic lawnmower flexibly and independently of the charging station. This keeps the signal connection stable, even in larger or complex gardens, and your robotic lawnmower works precisely and efficiently. <\/p>\n<p data-start=\"772\" data-end=\"917\">Installation is quick and easy. The power supply is compatible with <strong data-start=\"846\" data-end=\"897\">RockMow Z1, RockMow S series and RockNeo Q series<\/strong> (not Z1 LiDAR). <\/p>\n","protected":false},"excerpt":{"rendered":"<ul>\n<li>Power supply for the RTK antenna if it is not installed near the charging station.<\/li>\n<li>Compatible with the RockMow Z1, RockMow S series and RockNeo Q series (not compatible with the RockMow Z1 LiDAR).<\/li>\n<\/ul>\n","protected":false},"featured_media":34002,"template":"","meta":[],"pwb-brand":[3340],"product_brand":[],"product_cat":[1334,3431],"product_tag":[3328,3454],"class_list":{"0":"post-34007","1":"product","2":"type-product","3":"status-publish","4":"has-post-thumbnail","6":"pwb-brand-roborock","7":"product_cat-lawn-robot","8":"product_cat-robot-lawn-mower-accessories","9":"product_tag-roborock","10":"product_tag-robot-lawn-mower-accessories-2","12":"first","13":"instock","14":"taxable","15":"shipping-taxable","16":"purchasable","17":"product-type-simple"},"yoast_head":"<!-- This site is optimized with the Yoast SEO plugin v27.2 - https:\/\/yoast.com\/product\/yoast-seo-wordpress\/ -->\n<title>Roborock adapter for RTK antenna - Prochaska<\/title>\n<meta name=\"description\" content=\"RTK antenna adapter for Roborock robotic lawnmowers. Flexible power supply for GNSS antenna, stable signal connection, compatible with Z1, S series &amp; RockNeo Q series.\" \/>\n<meta name=\"robots\" content=\"index, follow, max-snippet:-1, max-image-preview:large, max-video-preview:-1\" \/>\n<link rel=\"canonical\" href=\"https:\/\/prochaska.eu\/en\/produkt\/roborock-adapter-for-rtk-antenna\/\" \/>\n<meta property=\"og:locale\" content=\"en_US\" \/>\n<meta property=\"og:type\" content=\"article\" \/>\n<meta property=\"og:title\" content=\"Toro - Hedge ejector kit - 117-4160\" \/>\n<meta property=\"og:description\" content=\"RTK antenna adapter for Roborock robotic lawnmowers. Flexible power supply for GNSS antenna, stable signal connection, compatible with Z1, S series &amp; RockNeo Q series.\" \/>\n<meta property=\"og:url\" content=\"https:\/\/prochaska.eu\/en\/produkt\/roborock-adapter-for-rtk-antenna\/\" \/>\n<meta property=\"og:site_name\" content=\"Prochaska\" \/>\n<meta property=\"article:publisher\" content=\"https:\/\/www.facebook.com\/prochaska.eu\/\" \/>\n<meta property=\"og:image\" content=\"https:\/\/prochaska.eu\/wp-content\/uploads\/2024\/12\/Toro-Heckenauswurfkit-117-4160-300x300.jpg\" \/>\n<meta name=\"twitter:card\" content=\"summary_large_image\" \/>\n<script type=\"application\/ld+json\" class=\"yoast-schema-graph\">{\"@context\":\"https:\/\/schema.org\",\"@graph\":[{\"@type\":\"WebPage\",\"@id\":\"https:\/\/prochaska.eu\/en\/produkt\/roborock-adapter-for-rtk-antenna\/\",\"url\":\"https:\/\/prochaska.eu\/en\/produkt\/roborock-adapter-for-rtk-antenna\/\",\"name\":\"Roborock adapter for RTK antenna - Prochaska\",\"isPartOf\":{\"@id\":\"https:\/\/prochaska.eu\/en\/#website\"},\"primaryImageOfPage\":{\"@id\":\"https:\/\/prochaska.eu\/en\/produkt\/roborock-adapter-for-rtk-antenna\/#primaryimage\"},\"image\":{\"@id\":\"https:\/\/prochaska.eu\/en\/produkt\/roborock-adapter-for-rtk-antenna\/#primaryimage\"},\"thumbnailUrl\":\"https:\/\/prochaska.eu\/wp-content\/uploads\/2026\/04\/Adaptor-fuer-RTK-scaled.webp\",\"datePublished\":\"2026-04-08T12:14:43+00:00\",\"description\":\"RTK antenna adapter for Roborock robotic lawnmowers. Flexible power supply for GNSS antenna, stable signal connection, compatible with Z1, S series & RockNeo Q series.\",\"breadcrumb\":{\"@id\":\"https:\/\/prochaska.eu\/en\/produkt\/roborock-adapter-for-rtk-antenna\/#breadcrumb\"},\"inLanguage\":\"en-US\",\"potentialAction\":[{\"@type\":\"ReadAction\",\"target\":[\"https:\/\/prochaska.eu\/en\/produkt\/roborock-adapter-for-rtk-antenna\/\"]}]},{\"@type\":\"ImageObject\",\"inLanguage\":\"en-US\",\"@id\":\"https:\/\/prochaska.eu\/en\/produkt\/roborock-adapter-for-rtk-antenna\/#primaryimage\",\"url\":\"https:\/\/prochaska.eu\/wp-content\/uploads\/2026\/04\/Adaptor-fuer-RTK-scaled.webp\",\"contentUrl\":\"https:\/\/prochaska.eu\/wp-content\/uploads\/2026\/04\/Adaptor-fuer-RTK-scaled.webp\",\"width\":2560,\"height\":1441},{\"@type\":\"BreadcrumbList\",\"@id\":\"https:\/\/prochaska.eu\/en\/produkt\/roborock-adapter-for-rtk-antenna\/#breadcrumb\",\"itemListElement\":[{\"@type\":\"ListItem\",\"position\":1,\"name\":\"Home\",\"item\":\"https:\/\/prochaska.eu\/en\/\"},{\"@type\":\"ListItem\",\"position\":2,\"name\":\"Shop\",\"item\":\"https:\/\/prochaska.eu\/shop\/\"},{\"@type\":\"ListItem\",\"position\":3,\"name\":\"Roborock adapter for RTK antenna\"}]},{\"@type\":\"WebSite\",\"@id\":\"https:\/\/prochaska.eu\/en\/#website\",\"url\":\"https:\/\/prochaska.eu\/en\/\",\"name\":\"Prochaska\",\"description\":\"Spezialist f\u00fcr Pflege von Gr\u00fcnfl\u00e4chen\",\"publisher\":{\"@id\":\"https:\/\/prochaska.eu\/en\/#organization\"},\"potentialAction\":[{\"@type\":\"SearchAction\",\"target\":{\"@type\":\"EntryPoint\",\"urlTemplate\":\"https:\/\/prochaska.eu\/en\/?s={search_term_string}\"},\"query-input\":{\"@type\":\"PropertyValueSpecification\",\"valueRequired\":true,\"valueName\":\"search_term_string\"}}],\"inLanguage\":\"en-US\"},{\"@type\":\"Organization\",\"@id\":\"https:\/\/prochaska.eu\/en\/#organization\",\"name\":\"Prochaska\",\"url\":\"https:\/\/prochaska.eu\/en\/\",\"logo\":{\"@type\":\"ImageObject\",\"inLanguage\":\"en-US\",\"@id\":\"https:\/\/prochaska.eu\/en\/#\/schema\/logo\/image\/\",\"url\":\"https:\/\/prochaska.eu\/wp-content\/uploads\/2024\/04\/Prochaska_Logo_Black-1.png\",\"contentUrl\":\"https:\/\/prochaska.eu\/wp-content\/uploads\/2024\/04\/Prochaska_Logo_Black-1.png\",\"width\":796,\"height\":236,\"caption\":\"Prochaska\"},\"image\":{\"@id\":\"https:\/\/prochaska.eu\/en\/#\/schema\/logo\/image\/\"},\"sameAs\":[\"https:\/\/www.facebook.com\/prochaska.eu\/\",\"https:\/\/www.instagram.com\/prochaska.eu\/\",\"https:\/\/www.linkedin.com\/company\/prochaska-handels-gmbh\"]}]}<\/script>\n<!-- \/ Yoast SEO plugin. -->","yoast_head_json":{"title":"Roborock adapter for RTK antenna - Prochaska","description":"RTK antenna adapter for Roborock robotic lawnmowers. Flexible power supply for GNSS antenna, stable signal connection, compatible with Z1, S series & RockNeo Q series.","robots":{"index":"index","follow":"follow","max-snippet":"max-snippet:-1","max-image-preview":"max-image-preview:large","max-video-preview":"max-video-preview:-1"},"canonical":"https:\/\/prochaska.eu\/en\/produkt\/roborock-adapter-for-rtk-antenna\/","og_locale":"en_US","og_type":"article","og_title":"Toro - Hedge ejector kit - 117-4160","og_description":"RTK antenna adapter for Roborock robotic lawnmowers. Flexible power supply for GNSS antenna, stable signal connection, compatible with Z1, S series & RockNeo Q series.","og_url":"https:\/\/prochaska.eu\/en\/produkt\/roborock-adapter-for-rtk-antenna\/","og_site_name":"Prochaska","article_publisher":"https:\/\/www.facebook.com\/prochaska.eu\/","og_image":[{"url":"https:\/\/prochaska.eu\/wp-content\/uploads\/2024\/12\/Toro-Heckenauswurfkit-117-4160-300x300.jpg","type":"","width":"","height":""}],"twitter_card":"summary_large_image","schema":{"@context":"https:\/\/schema.org","@graph":[{"@type":"WebPage","@id":"https:\/\/prochaska.eu\/en\/produkt\/roborock-adapter-for-rtk-antenna\/","url":"https:\/\/prochaska.eu\/en\/produkt\/roborock-adapter-for-rtk-antenna\/","name":"Roborock adapter for RTK antenna - Prochaska","isPartOf":{"@id":"https:\/\/prochaska.eu\/en\/#website"},"primaryImageOfPage":{"@id":"https:\/\/prochaska.eu\/en\/produkt\/roborock-adapter-for-rtk-antenna\/#primaryimage"},"image":{"@id":"https:\/\/prochaska.eu\/en\/produkt\/roborock-adapter-for-rtk-antenna\/#primaryimage"},"thumbnailUrl":"https:\/\/prochaska.eu\/wp-content\/uploads\/2026\/04\/Adaptor-fuer-RTK-scaled.webp","datePublished":"2026-04-08T12:14:43+00:00","description":"RTK antenna adapter for Roborock robotic lawnmowers. Flexible power supply for GNSS antenna, stable signal connection, compatible with Z1, S series & RockNeo Q series.","breadcrumb":{"@id":"https:\/\/prochaska.eu\/en\/produkt\/roborock-adapter-for-rtk-antenna\/#breadcrumb"},"inLanguage":"en-US","potentialAction":[{"@type":"ReadAction","target":["https:\/\/prochaska.eu\/en\/produkt\/roborock-adapter-for-rtk-antenna\/"]}]},{"@type":"ImageObject","inLanguage":"en-US","@id":"https:\/\/prochaska.eu\/en\/produkt\/roborock-adapter-for-rtk-antenna\/#primaryimage","url":"https:\/\/prochaska.eu\/wp-content\/uploads\/2026\/04\/Adaptor-fuer-RTK-scaled.webp","contentUrl":"https:\/\/prochaska.eu\/wp-content\/uploads\/2026\/04\/Adaptor-fuer-RTK-scaled.webp","width":2560,"height":1441},{"@type":"BreadcrumbList","@id":"https:\/\/prochaska.eu\/en\/produkt\/roborock-adapter-for-rtk-antenna\/#breadcrumb","itemListElement":[{"@type":"ListItem","position":1,"name":"Home","item":"https:\/\/prochaska.eu\/en\/"},{"@type":"ListItem","position":2,"name":"Shop","item":"https:\/\/prochaska.eu\/shop\/"},{"@type":"ListItem","position":3,"name":"Roborock adapter for RTK antenna"}]},{"@type":"WebSite","@id":"https:\/\/prochaska.eu\/en\/#website","url":"https:\/\/prochaska.eu\/en\/","name":"Prochaska","description":"Spezialist f\u00fcr Pflege von Gr\u00fcnfl\u00e4chen","publisher":{"@id":"https:\/\/prochaska.eu\/en\/#organization"},"potentialAction":[{"@type":"SearchAction","target":{"@type":"EntryPoint","urlTemplate":"https:\/\/prochaska.eu\/en\/?s={search_term_string}"},"query-input":{"@type":"PropertyValueSpecification","valueRequired":true,"valueName":"search_term_string"}}],"inLanguage":"en-US"},{"@type":"Organization","@id":"https:\/\/prochaska.eu\/en\/#organization","name":"Prochaska","url":"https:\/\/prochaska.eu\/en\/","logo":{"@type":"ImageObject","inLanguage":"en-US","@id":"https:\/\/prochaska.eu\/en\/#\/schema\/logo\/image\/","url":"https:\/\/prochaska.eu\/wp-content\/uploads\/2024\/04\/Prochaska_Logo_Black-1.png","contentUrl":"https:\/\/prochaska.eu\/wp-content\/uploads\/2024\/04\/Prochaska_Logo_Black-1.png","width":796,"height":236,"caption":"Prochaska"},"image":{"@id":"https:\/\/prochaska.eu\/en\/#\/schema\/logo\/image\/"},"sameAs":["https:\/\/www.facebook.com\/prochaska.eu\/","https:\/\/www.instagram.com\/prochaska.eu\/","https:\/\/www.linkedin.com\/company\/prochaska-handels-gmbh"]}]}},"brands":[{"id":3340,"name":"Roborock","slug":"roborock"}],"_links":{"self":[{"href":"https:\/\/prochaska.eu\/en\/wp-json\/wp\/v2\/product\/34007","targetHints":{"allow":["GET"]}}],"collection":[{"href":"https:\/\/prochaska.eu\/en\/wp-json\/wp\/v2\/product"}],"about":[{"href":"https:\/\/prochaska.eu\/en\/wp-json\/wp\/v2\/types\/product"}],"version-history":[{"count":0,"href":"https:\/\/prochaska.eu\/en\/wp-json\/wp\/v2\/product\/34007\/revisions"}],"wp:featuredmedia":[{"embeddable":true,"href":"https:\/\/prochaska.eu\/en\/wp-json\/wp\/v2\/media\/34002"}],"wp:attachment":[{"href":"https:\/\/prochaska.eu\/en\/wp-json\/wp\/v2\/media?parent=34007"}],"wp:term":[{"taxonomy":"pwb-brand","embeddable":true,"href":"https:\/\/prochaska.eu\/en\/wp-json\/wp\/v2\/pwb-brand?post=34007"},{"taxonomy":"product_brand","embeddable":true,"href":"https:\/\/prochaska.eu\/en\/wp-json\/wp\/v2\/product_brand?post=34007"},{"taxonomy":"product_cat","embeddable":true,"href":"https:\/\/prochaska.eu\/en\/wp-json\/wp\/v2\/product_cat?post=34007"},{"taxonomy":"product_tag","embeddable":true,"href":"https:\/\/prochaska.eu\/en\/wp-json\/wp\/v2\/product_tag?post=34007"}],"curies":[{"name":"wp","href":"https:\/\/api.w.org\/{rel}","templated":true}]}}