{"id":23559,"date":"2024-05-20T10:45:26","date_gmt":"2024-05-20T10:45:26","guid":{"rendered":"https:\/\/prochaska.eu\/garia-demo\/"},"modified":"2026-03-17T13:19:31","modified_gmt":"2026-03-17T13:19:31","slug":"garia-demo","status":"publish","type":"page","link":"https:\/\/prochaska.eu\/ro\/garia-demo\/","title":{"rendered":"Garia"},"content":{"rendered":"\t\t<div data-elementor-type=\"wp-page\" data-elementor-id=\"23559\" class=\"elementor elementor-23559 elementor-565\" data-elementor-post-type=\"page\">\n\t\t\t\t<div class=\"elementor-element elementor-element-451bd39 e-flex e-con-boxed e-con e-parent\" data-id=\"451bd39\" data-element_type=\"container\" data-e-type=\"container\" data-settings=\"{&quot;background_background&quot;:&quot;classic&quot;}\">\n\t\t\t\t\t<div class=\"e-con-inner\">\n\t\t\t\t<div class=\"elementor-element elementor-element-45c49bf elementor-widget elementor-widget-image\" data-id=\"45c49bf\" data-element_type=\"widget\" data-e-type=\"widget\" data-widget_type=\"image.default\">\n\t\t\t\t\t\t\t\t\t\t\t\t\t\t\t<img decoding=\"async\" width=\"316\" height=\"144\" src=\"https:\/\/prochaska.eu\/wp-content\/uploads\/2024\/06\/logo-garia-white-gold@2x.png\" class=\"attachment-large size-large wp-image-23697\" alt=\"\" srcset=\"https:\/\/prochaska.eu\/wp-content\/uploads\/2024\/06\/logo-garia-white-gold@2x.png 316w, https:\/\/prochaska.eu\/wp-content\/uploads\/2024\/06\/logo-garia-white-gold@2x-300x137.png 300w\" sizes=\"(max-width: 316px) 100vw, 316px\" \/>\t\t\t\t\t\t\t\t\t\t\t\t\t\t\t<\/div>\n\t\t\t\t<div class=\"elementor-element elementor-element-015a6df elementor-align-center elementor-widget elementor-widget-button\" data-id=\"015a6df\" data-element_type=\"widget\" data-e-type=\"widget\" data-widget_type=\"button.default\">\n\t\t\t\t\t\t\t\t\t\t<a class=\"elementor-button elementor-button-link elementor-size-sm\" href=\"\/category\/greenworks\/\">\n\t\t\t\t\t\t<span class=\"elementor-button-content-wrapper\">\n\t\t\t\t\t\t\t\t\t<span class=\"elementor-button-text\">Vezi produse<\/span>\n\t\t\t\t\t<\/span>\n\t\t\t\t\t<\/a>\n\t\t\t\t\t\t\t\t<\/div>\n\t\t\t\t\t<\/div>\n\t\t\t\t<\/div>\n\t\t<div class=\"elementor-element elementor-element-8417d2c e-flex e-con-boxed e-con e-parent\" data-id=\"8417d2c\" data-element_type=\"container\" data-e-type=\"container\">\n\t\t\t\t\t<div class=\"e-con-inner\">\n\t\t\t\t<div class=\"elementor-element elementor-element-e844e19 elementor-widget elementor-widget-text-editor\" data-id=\"e844e19\" data-element_type=\"widget\" data-e-type=\"widget\" data-widget_type=\"text-editor.default\">\n\t\t\t\t\t\t\t\t\t<p>Garia nu este un c\u0103rucior de golf obi\u0219nuit. Prin inova\u021bie, design meticulos \u0219i pasiune pentru excelen\u021b\u0103, Garia a revolu\u021bionat modul \u00een care juc\u0103torii de golf experimenteaz\u0103 terenul. Ma\u0219inile lor de golf premium sunt realizate \u00een colaborare cu profesioni\u0219ti din domeniul golfului, utiliz\u00e2nd componente de \u00eenalt\u0103 calitate din industria auto. Echipa de design Garia a stabilit un standard de nezdruncinat, cre\u00e2nd ceea ce ei consider\u0103 a fi cele mai bune c\u0103rucioare de golf din lume.<\/p>\n\t\t\t\t\t\t\t\t<\/div>\n\t\t\t\t\t<\/div>\n\t\t\t\t<\/div>\n\t\t<div class=\"elementor-element elementor-element-a28e6c3 e-flex e-con-boxed e-con e-parent\" data-id=\"a28e6c3\" data-element_type=\"container\" data-e-type=\"container\" data-settings=\"{&quot;background_background&quot;:&quot;classic&quot;}\">\n\t\t\t\t\t<div class=\"e-con-inner\">\n\t\t\t\t<div class=\"elementor-element elementor-element-00ec2c1 elementor-widget elementor-widget-spacer\" data-id=\"00ec2c1\" data-element_type=\"widget\" data-e-type=\"widget\" data-widget_type=\"spacer.default\">\n\t\t\t\t\t\t\t<div class=\"elementor-spacer\">\n\t\t\t<div class=\"elementor-spacer-inner\"><\/div>\n\t\t<\/div>\n\t\t\t\t\t\t<\/div>\n\t\t\t\t\t<\/div>\n\t\t\t\t<\/div>\n\t\t<div class=\"elementor-element elementor-element-5c01198 e-flex e-con-boxed e-con e-parent\" data-id=\"5c01198\" data-element_type=\"container\" data-e-type=\"container\" data-settings=\"{&quot;background_background&quot;:&quot;classic&quot;}\">\n\t\t\t\t\t<div class=\"e-con-inner\">\n\t\t<div class=\"elementor-element elementor-element-d125cd1 e-con-full e-flex e-con e-child\" data-id=\"d125cd1\" data-element_type=\"container\" data-e-type=\"container\">\n\t\t\t\t<div class=\"elementor-element elementor-element-7ee06b9 elementor-widget elementor-widget-text-editor\" data-id=\"7ee06b9\" data-element_type=\"widget\" data-e-type=\"widget\" data-widget_type=\"text-editor.default\">\n\t\t\t\t\t\t\t\t\t<p data-sourcepos=\"5:1-5:47\"><strong>Performan\u021b\u0103 de neegalat, confort de neegalat<\/strong><\/p>\n<p data-sourcepos=\"7:1-7:237\">Garia ofer\u0103 o selec\u021bie divers\u0103 de modele care s\u0103 se potriveasc\u0103 nevoilor dumneavoastr\u0103, inclusiv op\u021biuni cu omologare rutier\u0103 \u0219i modele spa\u021bioase cu patru locuri. Fiecare c\u0103rucior Garia ofer\u0103 performan\u021be excep\u021bionale cu zero emisii, datorit\u0103 sistemului avansat de propulsie electric\u0103.<\/p>\n<p data-sourcepos=\"9:1-9:39\"><strong>Creat cu g\u00e2ndul la durabilitate<\/strong><\/p>\n<p data-sourcepos=\"11:1-11:372\">Garia acord\u0103 prioritate responsabilit\u0103\u021bii fa\u021b\u0103 de mediu. Unitatea lor de produc\u021bie din Danemarca respect\u0103 reglement\u0103ri stricte \u00een materie de s\u0103n\u0103tate, siguran\u021b\u0103 \u0219i mediu. \u00cen plus, 40-60% din necesarul lor de energie este acoperit de surse durabile, cum ar fi energia eolian\u0103 \u0219i hidroelectric\u0103. Ace\u0219tia se angajeaz\u0103 s\u0103 reduc\u0103 la minimum de\u0219eurile \u0219i emisiile, implement\u00e2nd practici responsabile de sortare \u0219i reciclare a de\u0219eurilor.<\/p>\n\t\t\t\t\t\t\t\t<\/div>\n\t\t\t\t<\/div>\n\t\t<div class=\"elementor-element elementor-element-8670b61 e-con-full e-flex e-con e-child\" data-id=\"8670b61\" data-element_type=\"container\" data-e-type=\"container\">\n\t\t\t\t<div class=\"elementor-element elementor-element-f431876 elementor-widget elementor-widget-image\" data-id=\"f431876\" data-element_type=\"widget\" data-e-type=\"widget\" data-widget_type=\"image.default\">\n\t\t\t\t\t\t\t\t\t\t\t\t\t\t\t<img fetchpriority=\"high\" decoding=\"async\" width=\"800\" height=\"557\" src=\"https:\/\/prochaska.eu\/wp-content\/uploads\/2024\/06\/Garia_textbild2-1024x713.jpeg\" class=\"attachment-large size-large wp-image-23691\" alt=\"\" srcset=\"https:\/\/prochaska.eu\/wp-content\/uploads\/2024\/06\/Garia_textbild2-1024x713.jpeg 1024w, https:\/\/prochaska.eu\/wp-content\/uploads\/2024\/06\/Garia_textbild2-300x209.jpeg 300w, https:\/\/prochaska.eu\/wp-content\/uploads\/2024\/06\/Garia_textbild2-768x535.jpeg 768w, https:\/\/prochaska.eu\/wp-content\/uploads\/2024\/06\/Garia_textbild2-220x154.jpeg 220w, https:\/\/prochaska.eu\/wp-content\/uploads\/2024\/06\/Garia_textbild2-600x418.jpeg 600w, https:\/\/prochaska.eu\/wp-content\/uploads\/2024\/06\/Garia_textbild2.jpeg 1344w\" sizes=\"(max-width: 800px) 100vw, 800px\" \/>\t\t\t\t\t\t\t\t\t\t\t\t\t\t\t<\/div>\n\t\t\t\t<\/div>\n\t\t\t\t\t<\/div>\n\t\t\t\t<\/div>\n\t\t<div class=\"elementor-element elementor-element-062379b e-flex e-con-boxed e-con e-parent\" data-id=\"062379b\" data-element_type=\"container\" data-e-type=\"container\">\n\t\t\t\t\t<div class=\"e-con-inner\">\n\t\t<div class=\"elementor-element elementor-element-5d4a80f e-con-full e-flex e-con e-child\" data-id=\"5d4a80f\" data-element_type=\"container\" data-e-type=\"container\">\n\t\t\t\t<\/div>\n\t\t<div class=\"elementor-element elementor-element-54fe5fd e-con-full e-flex e-con e-child\" data-id=\"54fe5fd\" data-element_type=\"container\" data-e-type=\"container\">\n\t\t\t\t<div class=\"elementor-element elementor-element-d5ebacc elementor-widget elementor-widget-heading\" data-id=\"d5ebacc\" data-element_type=\"widget\" data-e-type=\"widget\" data-widget_type=\"heading.default\">\n\t\t\t\t\t<h3 class=\"elementor-heading-title elementor-size-default\">ARTICOLE MAI RECENTE<\/h3>\t\t\t\t<\/div>\n\t\t\t\t<div class=\"elementor-element elementor-element-2710854 elementor-grid-eael-col-1 elementor-grid-tablet-eael-col-2 elementor-grid-mobile-eael-col-1 elementor-widget elementor-widget-eael-post-grid\" data-id=\"2710854\" data-element_type=\"widget\" data-e-type=\"widget\" data-settings=\"{&quot;eael_post_grid_columns&quot;:&quot;eael-col-1&quot;,&quot;eael_post_grid_columns_tablet&quot;:&quot;eael-col-2&quot;,&quot;eael_post_grid_columns_mobile&quot;:&quot;eael-col-1&quot;}\" data-widget_type=\"eael-post-grid.default\">\n\t\t\t\t\t<div id=\"eael-post-grid-2710854\" class=\"eael-post-grid-container\">\n            <div class=\"eael-post-grid eael-post-appender eael-post-appender-2710854 eael-post-grid-style-two\" data-layout-mode=\"grid\"><article class=\"eael-grid-post  eael-post-grid-column eael-pg-post-31428 category-allgemein\" data-id=\"31428\">\n    <div class=\"eael-grid-post-holder\">\n        <div class=\"eael-grid-post-holder-inner\"><div class=\"eael-entry-wrapper\"><header class=\"eael-entry-header\"><h3 class=\"eael-entry-title\"><a class=\"eael-grid-post-link\" href=\"https:\/\/prochaska.eu\/ro\/dealer-training-mit-dennis-mowers-sisis-machinery-mehr-know-how-fuer-perfekte-sportrasenpflege\/\" title=\"Dealer Training mit Dennis Mowers &#038; SISIS Machinery: Mehr Know-how f\u00fcr perfekte Sportrasenpflege\">Dealer Training mit Dennis Mowers &#038; SISIS Machinery: Mehr Know-how f\u00fcr perfekte Sportrasenpflege<\/a><\/h3><\/header><div class=\"eael-entry-header-after style-two\"><div class=\"eael-entry-meta\"><span class=\"eael-posted-on eael-meta-posted-on\"><i class=\"far fa-clock\"><\/i><time datetime=\"24 septembrie 2025\">24 septembrie 2025<\/time><\/span><\/div><\/div><\/div><\/div>\n    <\/div>\n<\/article><article class=\"eael-grid-post  eael-post-grid-column eael-pg-post-31258 category-allgemein\" data-id=\"31258\">\n    <div class=\"eael-grid-post-holder\">\n        <div class=\"eael-grid-post-holder-inner\"><div class=\"eael-entry-wrapper\"><header class=\"eael-entry-header\"><h3 class=\"eael-entry-title\"><a class=\"eael-grid-post-link\" href=\"https:\/\/prochaska.eu\/ro\/die-zukunft-der-golfplatzpflege-mit-toro-und-prochaska-in-eine-neue-aera-der-praezision-nachhaltigkeit-und-digitalisierung\/\" title=\"Die Zukunft der Golfplatzpflege: Mit Toro und Prochaska in eine neue \u00c4ra der Pr\u00e4zision, Nachhaltigkeit und Digitalisierung\">Die Zukunft der Golfplatzpflege: Mit Toro und Prochaska in eine neue \u00c4ra der Pr\u00e4zision, Nachhaltigkeit und Digitalisierung<\/a><\/h3><\/header><div class=\"eael-entry-header-after style-two\"><div class=\"eael-entry-meta\"><span class=\"eael-posted-on eael-meta-posted-on\"><i class=\"far fa-clock\"><\/i><time datetime=\"26 august 2025\">26 august 2025<\/time><\/span><\/div><\/div><\/div><\/div>\n    <\/div>\n<\/article><article class=\"eael-grid-post  eael-post-grid-column eael-pg-post-31016 category-allgemein-icocar tags-icocar\" data-id=\"31016\">\n    <div class=\"eael-grid-post-holder\">\n        <div class=\"eael-grid-post-holder-inner\"><div class=\"eael-entry-wrapper\"><header class=\"eael-entry-header\"><h3 class=\"eael-entry-title\"><a class=\"eael-grid-post-link\" href=\"https:\/\/prochaska.eu\/ro\/icocar-bei-der-austrian-alpine-open-eine-starke-partnerschaft-fuer-nachhaltige-mobilitaet\/\" title=\"IcoCar bei der Austrian Alpine Open: Eine starke Partnerschaft f\u00fcr nachhaltige Mobilit\u00e4t\">IcoCar bei der Austrian Alpine Open: Eine starke Partnerschaft f\u00fcr nachhaltige Mobilit\u00e4t<\/a><\/h3><\/header><div class=\"eael-entry-header-after style-two\"><div class=\"eael-entry-meta\"><span class=\"eael-posted-on eael-meta-posted-on\"><i class=\"far fa-clock\"><\/i><time datetime=\"1 iulie 2025\">1 iulie 2025<\/time><\/span><\/div><\/div><\/div><\/div>\n    <\/div>\n<\/article><\/div>\n            <div class=\"clearfix\"><\/div>\n        <\/div>            <div class=\"eael-load-more-button-wrap eael-force-hide\">\n                <button class=\"eael-load-more-button\" id=\"eael-load-more-btn-2710854\" data-widget-id=\"2710854\" data-widget=\"2710854\" data-page-id=\"23559\" data-template=\"{&quot;dir&quot;:&quot;lite&quot;,&quot;file_name&quot;:&quot;two.php&quot;,&quot;name&quot;:&quot;Post-Grid&quot;}\" data-class=\"Essential_Addons_Elementor\\Elements\\Post_Grid\" data-layout=\"grid\" data-page=\"1\" data-args=\"orderby=date&amp;order=desc&amp;ignore_sticky_posts=1&amp;post_status=publish&amp;posts_per_page=3&amp;offset=1&amp;post_type=post\" data-max-page=\"24\">\n                    <span class=\"eael-btn-loader button__loader\"><\/span>\n                    <span class=\"eael_load_more_text\">\u00cenc\u0103rca\u021bi mai mult<\/span>\n                <\/button>\n            <\/div>\n            \t\t\t\t<\/div>\n\t\t\t\t<\/div>\n\t\t\t\t\t<\/div>\n\t\t\t\t<\/div>\n\t\t<div class=\"elementor-element elementor-element-a4e38ac e-flex e-con-boxed e-con e-parent\" data-id=\"a4e38ac\" data-element_type=\"container\" data-e-type=\"container\" data-settings=\"{&quot;background_background&quot;:&quot;video&quot;,&quot;background_video_link&quot;:&quot;\\\/wp-content\\\/uploads\\\/2024\\\/04\\\/52ca-4931-a0eb-43055b196c93.mp4&quot;,&quot;background_play_on_mobile&quot;:&quot;yes&quot;}\">\n\t\t\t\t\t<div class=\"e-con-inner\">\n\t\t<div class=\"elementor-background-video-container\">\n\t\t\t\t\t\t\t<video class=\"elementor-background-video-hosted\" role=\"presentation\" autoplay muted playsinline loop><\/video>\n\t\t\t\t\t<\/div><div class=\"elementor-element elementor-element-a5205bc e-con-full e-flex e-con e-child\" data-id=\"a5205bc\" data-element_type=\"container\" data-e-type=\"container\">\n\t\t\t\t<div class=\"elementor-element elementor-element-753976e elementor-widget elementor-widget-heading\" data-id=\"753976e\" data-element_type=\"widget\" data-e-type=\"widget\" data-widget_type=\"heading.default\">\n\t\t\t\t\t<h3 class=\"elementor-heading-title elementor-size-default\">Ave\u021bi nevoie de ajutor?<\/h3>\t\t\t\t<\/div>\n\t\t\t\t<\/div>\n\t\t<div class=\"elementor-element elementor-element-7ea3435 e-con-full e-flex e-con e-child\" data-id=\"7ea3435\" data-element_type=\"container\" data-e-type=\"container\">\n\t\t\t\t<div class=\"elementor-element elementor-element-6f9c20c elementor-align-justify elementor-widget__width-inherit elementor-mobile-align-center elementor-widget elementor-widget-button\" data-id=\"6f9c20c\" data-element_type=\"widget\" data-e-type=\"widget\" data-widget_type=\"button.default\">\n\t\t\t\t\t\t\t\t\t\t<a class=\"elementor-button elementor-button-link elementor-size-sm\" href=\"https:\/\/prochaska.eu\/ro\/contact\/\">\n\t\t\t\t\t\t<span class=\"elementor-button-content-wrapper\">\n\t\t\t\t\t\t\t\t\t<span class=\"elementor-button-text\">Contacta\u021bi-ne!<\/span>\n\t\t\t\t\t<\/span>\n\t\t\t\t\t<\/a>\n\t\t\t\t\t\t\t\t<\/div>\n\t\t\t\t<\/div>\n\t\t\t\t\t<\/div>\n\t\t\t\t<\/div>\n\t\t\t\t<\/div>\n\t\t","protected":false},"excerpt":{"rendered":"<p>Vezi produse Garia nu este un c\u0103rucior de golf obi\u0219nuit. Prin inova\u021bie, design meticulos \u0219i pasiune pentru excelen\u021b\u0103, Garia a revolu\u021bionat modul \u00een care juc\u0103torii de golf experimenteaz\u0103 terenul. Ma\u0219inile lor de golf premium sunt realizate \u00een colaborare cu profesioni\u0219ti din domeniul golfului, utiliz\u00e2nd componente de \u00eenalt\u0103 calitate din industria auto. Echipa de design Garia [&hellip;]<\/p>\n","protected":false},"author":1,"featured_media":23697,"parent":0,"menu_order":0,"comment_status":"closed","ping_status":"closed","template":"elementor_header_footer","meta":{"footnotes":""},"class_list":["post-23559","page","type-page","status-publish","has-post-thumbnail","hentry"],"yoast_head":"<!-- This site is optimized with the Yoast SEO plugin v27.4 - https:\/\/yoast.com\/product\/yoast-seo-wordpress\/ -->\n<title>Garia - Prochaska<\/title>\n<meta name=\"robots\" content=\"index, follow, max-snippet:-1, max-image-preview:large, max-video-preview:-1\" \/>\n<link rel=\"canonical\" href=\"https:\/\/prochaska.eu\/ro\/garia-demo\/\" \/>\n<meta property=\"og:locale\" content=\"ro_RO\" \/>\n<meta property=\"og:type\" content=\"article\" \/>\n<meta property=\"og:title\" content=\"Garia - Prochaska\" \/>\n<meta property=\"og:description\" content=\"Vezi produse Garia nu este un c\u0103rucior de golf obi\u0219nuit. Prin inova\u021bie, design meticulos \u0219i pasiune pentru excelen\u021b\u0103, Garia a revolu\u021bionat modul \u00een care juc\u0103torii de golf experimenteaz\u0103 terenul. Ma\u0219inile lor de golf premium sunt realizate \u00een colaborare cu profesioni\u0219ti din domeniul golfului, utiliz\u00e2nd componente de \u00eenalt\u0103 calitate din industria auto. Echipa de design Garia [&hellip;]\" \/>\n<meta property=\"og:url\" content=\"https:\/\/prochaska.eu\/ro\/garia-demo\/\" \/>\n<meta property=\"og:site_name\" content=\"Prochaska\" \/>\n<meta property=\"article:publisher\" content=\"https:\/\/www.facebook.com\/prochaska.eu\/\" \/>\n<meta property=\"article:modified_time\" content=\"2026-03-17T13:19:31+00:00\" \/>\n<meta property=\"og:image\" content=\"https:\/\/prochaska.eu\/wp-content\/uploads\/2024\/06\/logo-garia-white-gold@2x.png\" \/>\n\t<meta property=\"og:image:width\" content=\"316\" \/>\n\t<meta property=\"og:image:height\" content=\"144\" \/>\n\t<meta property=\"og:image:type\" content=\"image\/png\" \/>\n<meta name=\"twitter:card\" content=\"summary_large_image\" \/>\n<meta name=\"twitter:label1\" content=\"Timp estimat pentru citire\" \/>\n\t<meta name=\"twitter:data1\" content=\"2 minute\" \/>\n<script type=\"application\/ld+json\" class=\"yoast-schema-graph\">{\"@context\":\"https:\\\/\\\/schema.org\",\"@graph\":[{\"@type\":\"WebPage\",\"@id\":\"https:\\\/\\\/prochaska.eu\\\/ro\\\/garia-demo\\\/\",\"url\":\"https:\\\/\\\/prochaska.eu\\\/ro\\\/garia-demo\\\/\",\"name\":\"Garia - Prochaska\",\"isPartOf\":{\"@id\":\"https:\\\/\\\/prochaska.eu\\\/ro\\\/#website\"},\"primaryImageOfPage\":{\"@id\":\"https:\\\/\\\/prochaska.eu\\\/ro\\\/garia-demo\\\/#primaryimage\"},\"image\":{\"@id\":\"https:\\\/\\\/prochaska.eu\\\/ro\\\/garia-demo\\\/#primaryimage\"},\"thumbnailUrl\":\"https:\\\/\\\/prochaska.eu\\\/wp-content\\\/uploads\\\/2024\\\/06\\\/logo-garia-white-gold@2x.png\",\"datePublished\":\"2024-05-20T10:45:26+00:00\",\"dateModified\":\"2026-03-17T13:19:31+00:00\",\"breadcrumb\":{\"@id\":\"https:\\\/\\\/prochaska.eu\\\/ro\\\/garia-demo\\\/#breadcrumb\"},\"inLanguage\":\"ro-RO\",\"potentialAction\":[{\"@type\":\"ReadAction\",\"target\":[\"https:\\\/\\\/prochaska.eu\\\/ro\\\/garia-demo\\\/\"]}]},{\"@type\":\"ImageObject\",\"inLanguage\":\"ro-RO\",\"@id\":\"https:\\\/\\\/prochaska.eu\\\/ro\\\/garia-demo\\\/#primaryimage\",\"url\":\"https:\\\/\\\/prochaska.eu\\\/wp-content\\\/uploads\\\/2024\\\/06\\\/logo-garia-white-gold@2x.png\",\"contentUrl\":\"https:\\\/\\\/prochaska.eu\\\/wp-content\\\/uploads\\\/2024\\\/06\\\/logo-garia-white-gold@2x.png\",\"width\":316,\"height\":144},{\"@type\":\"BreadcrumbList\",\"@id\":\"https:\\\/\\\/prochaska.eu\\\/ro\\\/garia-demo\\\/#breadcrumb\",\"itemListElement\":[{\"@type\":\"ListItem\",\"position\":1,\"name\":\"Home\",\"item\":\"https:\\\/\\\/prochaska.eu\\\/ro\\\/\"},{\"@type\":\"ListItem\",\"position\":2,\"name\":\"Garia\"}]},{\"@type\":\"WebSite\",\"@id\":\"https:\\\/\\\/prochaska.eu\\\/ro\\\/#website\",\"url\":\"https:\\\/\\\/prochaska.eu\\\/ro\\\/\",\"name\":\"Prochaska\",\"description\":\"Spezialist f\u00fcr Pflege von Gr\u00fcnfl\u00e4chen\",\"publisher\":{\"@id\":\"https:\\\/\\\/prochaska.eu\\\/ro\\\/#organization\"},\"potentialAction\":[{\"@type\":\"SearchAction\",\"target\":{\"@type\":\"EntryPoint\",\"urlTemplate\":\"https:\\\/\\\/prochaska.eu\\\/ro\\\/?s={search_term_string}\"},\"query-input\":{\"@type\":\"PropertyValueSpecification\",\"valueRequired\":true,\"valueName\":\"search_term_string\"}}],\"inLanguage\":\"ro-RO\"},{\"@type\":\"Organization\",\"@id\":\"https:\\\/\\\/prochaska.eu\\\/ro\\\/#organization\",\"name\":\"Prochaska\",\"url\":\"https:\\\/\\\/prochaska.eu\\\/ro\\\/\",\"logo\":{\"@type\":\"ImageObject\",\"inLanguage\":\"ro-RO\",\"@id\":\"https:\\\/\\\/prochaska.eu\\\/ro\\\/#\\\/schema\\\/logo\\\/image\\\/\",\"url\":\"https:\\\/\\\/prochaska.eu\\\/wp-content\\\/uploads\\\/2024\\\/04\\\/Prochaska_Logo_Black-1.png\",\"contentUrl\":\"https:\\\/\\\/prochaska.eu\\\/wp-content\\\/uploads\\\/2024\\\/04\\\/Prochaska_Logo_Black-1.png\",\"width\":796,\"height\":236,\"caption\":\"Prochaska\"},\"image\":{\"@id\":\"https:\\\/\\\/prochaska.eu\\\/ro\\\/#\\\/schema\\\/logo\\\/image\\\/\"},\"sameAs\":[\"https:\\\/\\\/www.facebook.com\\\/prochaska.eu\\\/\",\"https:\\\/\\\/www.instagram.com\\\/prochaska.eu\\\/\",\"https:\\\/\\\/www.linkedin.com\\\/company\\\/prochaska-handels-gmbh\"]}]}<\/script>\n<!-- \/ Yoast SEO plugin. -->","yoast_head_json":{"title":"Garia - Prochaska","robots":{"index":"index","follow":"follow","max-snippet":"max-snippet:-1","max-image-preview":"max-image-preview:large","max-video-preview":"max-video-preview:-1"},"canonical":"https:\/\/prochaska.eu\/ro\/garia-demo\/","og_locale":"ro_RO","og_type":"article","og_title":"Garia - Prochaska","og_description":"Vezi produse Garia nu este un c\u0103rucior de golf obi\u0219nuit. Prin inova\u021bie, design meticulos \u0219i pasiune pentru excelen\u021b\u0103, Garia a revolu\u021bionat modul \u00een care juc\u0103torii de golf experimenteaz\u0103 terenul. Ma\u0219inile lor de golf premium sunt realizate \u00een colaborare cu profesioni\u0219ti din domeniul golfului, utiliz\u00e2nd componente de \u00eenalt\u0103 calitate din industria auto. Echipa de design Garia [&hellip;]","og_url":"https:\/\/prochaska.eu\/ro\/garia-demo\/","og_site_name":"Prochaska","article_publisher":"https:\/\/www.facebook.com\/prochaska.eu\/","article_modified_time":"2026-03-17T13:19:31+00:00","og_image":[{"width":316,"height":144,"url":"https:\/\/prochaska.eu\/wp-content\/uploads\/2024\/06\/logo-garia-white-gold@2x.png","type":"image\/png"}],"twitter_card":"summary_large_image","twitter_misc":{"Timp estimat pentru citire":"2 minute"},"schema":{"@context":"https:\/\/schema.org","@graph":[{"@type":"WebPage","@id":"https:\/\/prochaska.eu\/ro\/garia-demo\/","url":"https:\/\/prochaska.eu\/ro\/garia-demo\/","name":"Garia - Prochaska","isPartOf":{"@id":"https:\/\/prochaska.eu\/ro\/#website"},"primaryImageOfPage":{"@id":"https:\/\/prochaska.eu\/ro\/garia-demo\/#primaryimage"},"image":{"@id":"https:\/\/prochaska.eu\/ro\/garia-demo\/#primaryimage"},"thumbnailUrl":"https:\/\/prochaska.eu\/wp-content\/uploads\/2024\/06\/logo-garia-white-gold@2x.png","datePublished":"2024-05-20T10:45:26+00:00","dateModified":"2026-03-17T13:19:31+00:00","breadcrumb":{"@id":"https:\/\/prochaska.eu\/ro\/garia-demo\/#breadcrumb"},"inLanguage":"ro-RO","potentialAction":[{"@type":"ReadAction","target":["https:\/\/prochaska.eu\/ro\/garia-demo\/"]}]},{"@type":"ImageObject","inLanguage":"ro-RO","@id":"https:\/\/prochaska.eu\/ro\/garia-demo\/#primaryimage","url":"https:\/\/prochaska.eu\/wp-content\/uploads\/2024\/06\/logo-garia-white-gold@2x.png","contentUrl":"https:\/\/prochaska.eu\/wp-content\/uploads\/2024\/06\/logo-garia-white-gold@2x.png","width":316,"height":144},{"@type":"BreadcrumbList","@id":"https:\/\/prochaska.eu\/ro\/garia-demo\/#breadcrumb","itemListElement":[{"@type":"ListItem","position":1,"name":"Home","item":"https:\/\/prochaska.eu\/ro\/"},{"@type":"ListItem","position":2,"name":"Garia"}]},{"@type":"WebSite","@id":"https:\/\/prochaska.eu\/ro\/#website","url":"https:\/\/prochaska.eu\/ro\/","name":"Prochaska","description":"Spezialist f\u00fcr Pflege von Gr\u00fcnfl\u00e4chen","publisher":{"@id":"https:\/\/prochaska.eu\/ro\/#organization"},"potentialAction":[{"@type":"SearchAction","target":{"@type":"EntryPoint","urlTemplate":"https:\/\/prochaska.eu\/ro\/?s={search_term_string}"},"query-input":{"@type":"PropertyValueSpecification","valueRequired":true,"valueName":"search_term_string"}}],"inLanguage":"ro-RO"},{"@type":"Organization","@id":"https:\/\/prochaska.eu\/ro\/#organization","name":"Prochaska","url":"https:\/\/prochaska.eu\/ro\/","logo":{"@type":"ImageObject","inLanguage":"ro-RO","@id":"https:\/\/prochaska.eu\/ro\/#\/schema\/logo\/image\/","url":"https:\/\/prochaska.eu\/wp-content\/uploads\/2024\/04\/Prochaska_Logo_Black-1.png","contentUrl":"https:\/\/prochaska.eu\/wp-content\/uploads\/2024\/04\/Prochaska_Logo_Black-1.png","width":796,"height":236,"caption":"Prochaska"},"image":{"@id":"https:\/\/prochaska.eu\/ro\/#\/schema\/logo\/image\/"},"sameAs":["https:\/\/www.facebook.com\/prochaska.eu\/","https:\/\/www.instagram.com\/prochaska.eu\/","https:\/\/www.linkedin.com\/company\/prochaska-handels-gmbh"]}]}},"_links":{"self":[{"href":"https:\/\/prochaska.eu\/ro\/wp-json\/wp\/v2\/pages\/23559","targetHints":{"allow":["GET"]}}],"collection":[{"href":"https:\/\/prochaska.eu\/ro\/wp-json\/wp\/v2\/pages"}],"about":[{"href":"https:\/\/prochaska.eu\/ro\/wp-json\/wp\/v2\/types\/page"}],"author":[{"embeddable":true,"href":"https:\/\/prochaska.eu\/ro\/wp-json\/wp\/v2\/users\/1"}],"replies":[{"embeddable":true,"href":"https:\/\/prochaska.eu\/ro\/wp-json\/wp\/v2\/comments?post=23559"}],"version-history":[{"count":5,"href":"https:\/\/prochaska.eu\/ro\/wp-json\/wp\/v2\/pages\/23559\/revisions"}],"predecessor-version":[{"id":33523,"href":"https:\/\/prochaska.eu\/ro\/wp-json\/wp\/v2\/pages\/23559\/revisions\/33523"}],"wp:featuredmedia":[{"embeddable":true,"href":"https:\/\/prochaska.eu\/ro\/wp-json\/wp\/v2\/media\/23697"}],"wp:attachment":[{"href":"https:\/\/prochaska.eu\/ro\/wp-json\/wp\/v2\/media?parent=23559"}],"curies":[{"name":"wp","href":"https:\/\/api.w.org\/{rel}","templated":true}]}}