{"id":23583,"date":"2024-06-11T08:44:47","date_gmt":"2024-06-11T08:44:47","guid":{"rendered":"https:\/\/prochaska.eu\/comanda-descriere\/"},"modified":"2024-06-13T06:56:58","modified_gmt":"2024-06-13T06:56:58","slug":"comanda-descriere","status":"publish","type":"page","link":"https:\/\/prochaska.eu\/ro\/comanda-descriere\/","title":{"rendered":"Comand\u0103 Descriere"},"content":{"rendered":"\t\t<div data-elementor-type=\"wp-page\" data-elementor-id=\"23583\" class=\"elementor elementor-23583 elementor-23219\" data-elementor-post-type=\"page\">\n\t\t\t\t<div class=\"elementor-element elementor-element-7134a8f e-flex e-con-boxed e-con e-parent\" data-id=\"7134a8f\" data-element_type=\"container\" data-e-type=\"container\">\n\t\t\t\t\t<div class=\"e-con-inner\">\n\t\t\t\t<div class=\"elementor-element elementor-element-bf209a9 elementor-widget elementor-widget-text-editor\" data-id=\"bf209a9\" data-element_type=\"widget\" data-e-type=\"widget\" data-widget_type=\"text-editor.default\">\n\t\t\t\t\t\t\t\t\t<h2>A\u0218A DE U\u0218OR COMANDA\u021aI \u00ceN MAGAZINUL NOSTRU ONLINE<\/h2>\n<div class=\"rte-text\">\n<p>1. Selecta\u021bi un produs din gama noastr\u0103 extins\u0103. Pute\u021bi g\u0103si articolul dorit prin selectarea unei categorii de produse sau a unui domeniu de aplicare, prin introducerea diferitelor func\u021bii de filtrare sau prin introducerea numelui produsului \/ num\u0103rului de produs \u00een c\u00e2mpul de c\u0103utare creat \u00een acest scop, \u00een dreapta sus. Dac\u0103 face\u021bi clic pe butonul &#8222;Afla\u021bi mai multe&#8221;, ve\u021bi fi direc\u021bionat c\u0103tre pagina de detalii a produsului, unde pute\u021bi g\u0103si informa\u021bii mai detaliate.<\/p>\n<p>2. Dup\u0103 ce v-a\u021bi hot\u0103r\u00e2t asupra unui produs, face\u021bi clic pe butonul &#8222;Add to cart&#8221;. Pentru produsele selectate, pute\u021bi alege \u00een avans \u00eentre mai multe variante de produse. Cu toate acestea, comanda nu ne-a fost \u00eenc\u0103 trimis\u0103. Produsul selectat se afl\u0103 doar \u00een a\u0219a-numitul co\u0219 de cump\u0103r\u0103turi.<\/p>\n<p>3. Linkul c\u0103tre co\u0219ul de cump\u0103r\u0103turi se afl\u0103 \u00een partea dreapt\u0103 a navig\u0103rii principale. Aici pute\u021bi vedea ce produse a\u021bi selectat deja.<\/p>\n<p>4. \u00cen co\u0219ul de cump\u0103r\u0103turi ave\u021bi posibilitatea de a modifica cantitatea comandat\u0103. \u00cen st\u00e2nga imaginii produsului, pute\u021bi elimina articolele selectate din co\u0219ul de cump\u0103r\u0103turi. Ave\u021bi, de asemenea, op\u021biunea de a modifica cantitatea. Dup\u0103 modificarea cantit\u0103\u021bii comenzii, trebuie s\u0103 face\u021bi clic pe butonul &#8222;Actualizare co\u0219 de cump\u0103r\u0103turi&#8221; pentru a ob\u021bine pre\u021bul corect afi\u0219at. Urm\u0103torul pas \u00een procesul de comand\u0103 \u00eencepe cu un clic pe butonul &#8222;Proceed to checkout&#8221;.<\/p>\n<p>5. Acum vi se va cere s\u0103 introduce\u021bi detaliile facturii, precum \u0219i s\u0103 selecta\u021bi metoda de plat\u0103 dorit\u0103. Dac\u0103 v-a\u021bi deschis deja un cont de client \u00een magazinul nostru online, datele dumneavoastr\u0103 vor fi completate \u00een prealabil. Pentru a face acest lucru, conecta\u021bi-v\u0103 cu adresa de e-mail \u0219i parola dumneavoastr\u0103. Dac\u0103 nu sunte\u021bi un client \u00eenregistrat, datele dumneavoastr\u0103 trebuie completate pentru prima dat\u0103. \u00cen aceast\u0103 etap\u0103 ave\u021bi posibilitatea de a deschide un nou cont de client.<\/p>\n<p>6. Selecta\u021bi dac\u0103 dori\u021bi ca livrarea s\u0103 fie trimis\u0103 la adresa de facturare sau la o alt\u0103 adres\u0103. \u00cen cazul \u00een care este necesar\u0103 o alt\u0103 adres\u0103 de livrare, introduce\u021bi datele necesare pentru expediere.<\/p>\n<p>7. Selecta\u021bi metoda de plat\u0103 pe care o dori\u021bi. Pentru pl\u0103\u021bile cu cardul de credit, introduce\u021bi num\u0103rul cardului, data de expirare \u0219i codul de securitate.<\/p>\n<p>8. \u00cen zona din dreapta ve\u021bi vedea din nou o imagine de ansamblu a comenzii dumneavoastr\u0103. Verifica\u021bi din nou datele comenzii \u00een acest moment. Dac\u0103 dori\u021bi s\u0103 modifica\u021bi ceva \u00een op\u021biunile de comand\u0103, pute\u021bi face acest lucru f\u0103c\u00e2nd clic pe &#8222;\u00cenapoi la co\u0219ul de cump\u0103r\u0103turi&#8221;.<\/p>\n<p>9. Acum ar trebui s\u0103 citi\u021bi \u00een continuare termenii \u0219i condi\u021biile \u0219i politica de anulare. Prin bifarea c\u0103su\u021bei, sunte\u021bi de acord cu termenii \u0219i condi\u021biile.<\/p>\n<p>10. Pentru a finaliza comanda, face\u021bi clic pe butonul &#8222;Comand\u0103 cu costuri&#8221;. Comanda dvs. ne va fi transmis\u0103 \u0219i ve\u021bi primi o confirmare de primire prin e-mail cu compilarea comenzii dvs. \u0219i a datelor dvs. de livrare.<\/p>\n<p><strong>Sper\u0103m c\u0103 magazinul nostru online r\u0103spunde a\u0219tept\u0103rilor dumneavoastr\u0103 \u0219i c\u0103 sunte\u021bi mul\u021bumit de produsele \u0219i serviciile noastre.<\/strong><\/p>\n<\/div>\n\t\t\t\t\t\t\t\t<\/div>\n\t\t\t\t\t<\/div>\n\t\t\t\t<\/div>\n\t\t\t\t<\/div>\n\t\t","protected":false},"excerpt":{"rendered":"<p>A\u0218A DE U\u0218OR COMANDA\u021aI \u00ceN MAGAZINUL NOSTRU ONLINE 1. Selecta\u021bi un produs din gama noastr\u0103 extins\u0103. Pute\u021bi g\u0103si articolul dorit prin selectarea unei categorii de produse sau a unui domeniu de aplicare, prin introducerea diferitelor func\u021bii de filtrare sau prin introducerea numelui produsului \/ num\u0103rului de produs \u00een c\u00e2mpul de c\u0103utare creat \u00een acest scop, [&hellip;]<\/p>\n","protected":false},"author":1,"featured_media":0,"parent":0,"menu_order":0,"comment_status":"closed","ping_status":"closed","template":"elementor_header_footer","meta":{"footnotes":""},"class_list":["post-23583","page","type-page","status-publish","hentry"],"yoast_head":"<!-- This site is optimized with the Yoast SEO plugin v27.4 - https:\/\/yoast.com\/product\/yoast-seo-wordpress\/ -->\n<title>Comand\u0103 Descriere - Prochaska<\/title>\n<meta name=\"robots\" content=\"index, follow, max-snippet:-1, max-image-preview:large, max-video-preview:-1\" \/>\n<link rel=\"canonical\" href=\"https:\/\/prochaska.eu\/ro\/comanda-descriere\/\" \/>\n<meta property=\"og:locale\" content=\"ro_RO\" \/>\n<meta property=\"og:type\" content=\"article\" \/>\n<meta property=\"og:title\" content=\"Comand\u0103 Descriere - Prochaska\" \/>\n<meta property=\"og:description\" content=\"A\u0218A DE U\u0218OR COMANDA\u021aI \u00ceN MAGAZINUL NOSTRU ONLINE 1. Selecta\u021bi un produs din gama noastr\u0103 extins\u0103. Pute\u021bi g\u0103si articolul dorit prin selectarea unei categorii de produse sau a unui domeniu de aplicare, prin introducerea diferitelor func\u021bii de filtrare sau prin introducerea numelui produsului \/ num\u0103rului de produs \u00een c\u00e2mpul de c\u0103utare creat \u00een acest scop, [&hellip;]\" \/>\n<meta property=\"og:url\" content=\"https:\/\/prochaska.eu\/ro\/comanda-descriere\/\" \/>\n<meta property=\"og:site_name\" content=\"Prochaska\" \/>\n<meta property=\"article:publisher\" content=\"https:\/\/www.facebook.com\/prochaska.eu\/\" \/>\n<meta property=\"article:modified_time\" content=\"2024-06-13T06:56:58+00:00\" \/>\n<meta name=\"twitter:card\" content=\"summary_large_image\" \/>\n<meta name=\"twitter:label1\" content=\"Timp estimat pentru citire\" \/>\n\t<meta name=\"twitter:data1\" content=\"3 minute\" \/>\n<script type=\"application\/ld+json\" class=\"yoast-schema-graph\">{\"@context\":\"https:\\\/\\\/schema.org\",\"@graph\":[{\"@type\":\"WebPage\",\"@id\":\"https:\\\/\\\/prochaska.eu\\\/ro\\\/comanda-descriere\\\/\",\"url\":\"https:\\\/\\\/prochaska.eu\\\/ro\\\/comanda-descriere\\\/\",\"name\":\"Comand\u0103 Descriere - Prochaska\",\"isPartOf\":{\"@id\":\"https:\\\/\\\/prochaska.eu\\\/ro\\\/#website\"},\"datePublished\":\"2024-06-11T08:44:47+00:00\",\"dateModified\":\"2024-06-13T06:56:58+00:00\",\"breadcrumb\":{\"@id\":\"https:\\\/\\\/prochaska.eu\\\/ro\\\/comanda-descriere\\\/#breadcrumb\"},\"inLanguage\":\"ro-RO\",\"potentialAction\":[{\"@type\":\"ReadAction\",\"target\":[\"https:\\\/\\\/prochaska.eu\\\/ro\\\/comanda-descriere\\\/\"]}]},{\"@type\":\"BreadcrumbList\",\"@id\":\"https:\\\/\\\/prochaska.eu\\\/ro\\\/comanda-descriere\\\/#breadcrumb\",\"itemListElement\":[{\"@type\":\"ListItem\",\"position\":1,\"name\":\"Home\",\"item\":\"https:\\\/\\\/prochaska.eu\\\/ro\\\/\"},{\"@type\":\"ListItem\",\"position\":2,\"name\":\"Comand\u0103 Descriere\"}]},{\"@type\":\"WebSite\",\"@id\":\"https:\\\/\\\/prochaska.eu\\\/ro\\\/#website\",\"url\":\"https:\\\/\\\/prochaska.eu\\\/ro\\\/\",\"name\":\"Prochaska\",\"description\":\"Spezialist f\u00fcr Pflege von Gr\u00fcnfl\u00e4chen\",\"publisher\":{\"@id\":\"https:\\\/\\\/prochaska.eu\\\/ro\\\/#organization\"},\"potentialAction\":[{\"@type\":\"SearchAction\",\"target\":{\"@type\":\"EntryPoint\",\"urlTemplate\":\"https:\\\/\\\/prochaska.eu\\\/ro\\\/?s={search_term_string}\"},\"query-input\":{\"@type\":\"PropertyValueSpecification\",\"valueRequired\":true,\"valueName\":\"search_term_string\"}}],\"inLanguage\":\"ro-RO\"},{\"@type\":\"Organization\",\"@id\":\"https:\\\/\\\/prochaska.eu\\\/ro\\\/#organization\",\"name\":\"Prochaska\",\"url\":\"https:\\\/\\\/prochaska.eu\\\/ro\\\/\",\"logo\":{\"@type\":\"ImageObject\",\"inLanguage\":\"ro-RO\",\"@id\":\"https:\\\/\\\/prochaska.eu\\\/ro\\\/#\\\/schema\\\/logo\\\/image\\\/\",\"url\":\"https:\\\/\\\/prochaska.eu\\\/wp-content\\\/uploads\\\/2024\\\/04\\\/Prochaska_Logo_Black-1.png\",\"contentUrl\":\"https:\\\/\\\/prochaska.eu\\\/wp-content\\\/uploads\\\/2024\\\/04\\\/Prochaska_Logo_Black-1.png\",\"width\":796,\"height\":236,\"caption\":\"Prochaska\"},\"image\":{\"@id\":\"https:\\\/\\\/prochaska.eu\\\/ro\\\/#\\\/schema\\\/logo\\\/image\\\/\"},\"sameAs\":[\"https:\\\/\\\/www.facebook.com\\\/prochaska.eu\\\/\",\"https:\\\/\\\/www.instagram.com\\\/prochaska.eu\\\/\",\"https:\\\/\\\/www.linkedin.com\\\/company\\\/prochaska-handels-gmbh\"]}]}<\/script>\n<!-- \/ Yoast SEO plugin. -->","yoast_head_json":{"title":"Comand\u0103 Descriere - Prochaska","robots":{"index":"index","follow":"follow","max-snippet":"max-snippet:-1","max-image-preview":"max-image-preview:large","max-video-preview":"max-video-preview:-1"},"canonical":"https:\/\/prochaska.eu\/ro\/comanda-descriere\/","og_locale":"ro_RO","og_type":"article","og_title":"Comand\u0103 Descriere - Prochaska","og_description":"A\u0218A DE U\u0218OR COMANDA\u021aI \u00ceN MAGAZINUL NOSTRU ONLINE 1. Selecta\u021bi un produs din gama noastr\u0103 extins\u0103. Pute\u021bi g\u0103si articolul dorit prin selectarea unei categorii de produse sau a unui domeniu de aplicare, prin introducerea diferitelor func\u021bii de filtrare sau prin introducerea numelui produsului \/ num\u0103rului de produs \u00een c\u00e2mpul de c\u0103utare creat \u00een acest scop, [&hellip;]","og_url":"https:\/\/prochaska.eu\/ro\/comanda-descriere\/","og_site_name":"Prochaska","article_publisher":"https:\/\/www.facebook.com\/prochaska.eu\/","article_modified_time":"2024-06-13T06:56:58+00:00","twitter_card":"summary_large_image","twitter_misc":{"Timp estimat pentru citire":"3 minute"},"schema":{"@context":"https:\/\/schema.org","@graph":[{"@type":"WebPage","@id":"https:\/\/prochaska.eu\/ro\/comanda-descriere\/","url":"https:\/\/prochaska.eu\/ro\/comanda-descriere\/","name":"Comand\u0103 Descriere - Prochaska","isPartOf":{"@id":"https:\/\/prochaska.eu\/ro\/#website"},"datePublished":"2024-06-11T08:44:47+00:00","dateModified":"2024-06-13T06:56:58+00:00","breadcrumb":{"@id":"https:\/\/prochaska.eu\/ro\/comanda-descriere\/#breadcrumb"},"inLanguage":"ro-RO","potentialAction":[{"@type":"ReadAction","target":["https:\/\/prochaska.eu\/ro\/comanda-descriere\/"]}]},{"@type":"BreadcrumbList","@id":"https:\/\/prochaska.eu\/ro\/comanda-descriere\/#breadcrumb","itemListElement":[{"@type":"ListItem","position":1,"name":"Home","item":"https:\/\/prochaska.eu\/ro\/"},{"@type":"ListItem","position":2,"name":"Comand\u0103 Descriere"}]},{"@type":"WebSite","@id":"https:\/\/prochaska.eu\/ro\/#website","url":"https:\/\/prochaska.eu\/ro\/","name":"Prochaska","description":"Spezialist f\u00fcr Pflege von Gr\u00fcnfl\u00e4chen","publisher":{"@id":"https:\/\/prochaska.eu\/ro\/#organization"},"potentialAction":[{"@type":"SearchAction","target":{"@type":"EntryPoint","urlTemplate":"https:\/\/prochaska.eu\/ro\/?s={search_term_string}"},"query-input":{"@type":"PropertyValueSpecification","valueRequired":true,"valueName":"search_term_string"}}],"inLanguage":"ro-RO"},{"@type":"Organization","@id":"https:\/\/prochaska.eu\/ro\/#organization","name":"Prochaska","url":"https:\/\/prochaska.eu\/ro\/","logo":{"@type":"ImageObject","inLanguage":"ro-RO","@id":"https:\/\/prochaska.eu\/ro\/#\/schema\/logo\/image\/","url":"https:\/\/prochaska.eu\/wp-content\/uploads\/2024\/04\/Prochaska_Logo_Black-1.png","contentUrl":"https:\/\/prochaska.eu\/wp-content\/uploads\/2024\/04\/Prochaska_Logo_Black-1.png","width":796,"height":236,"caption":"Prochaska"},"image":{"@id":"https:\/\/prochaska.eu\/ro\/#\/schema\/logo\/image\/"},"sameAs":["https:\/\/www.facebook.com\/prochaska.eu\/","https:\/\/www.instagram.com\/prochaska.eu\/","https:\/\/www.linkedin.com\/company\/prochaska-handels-gmbh"]}]}},"_links":{"self":[{"href":"https:\/\/prochaska.eu\/ro\/wp-json\/wp\/v2\/pages\/23583","targetHints":{"allow":["GET"]}}],"collection":[{"href":"https:\/\/prochaska.eu\/ro\/wp-json\/wp\/v2\/pages"}],"about":[{"href":"https:\/\/prochaska.eu\/ro\/wp-json\/wp\/v2\/types\/page"}],"author":[{"embeddable":true,"href":"https:\/\/prochaska.eu\/ro\/wp-json\/wp\/v2\/users\/1"}],"replies":[{"embeddable":true,"href":"https:\/\/prochaska.eu\/ro\/wp-json\/wp\/v2\/comments?post=23583"}],"version-history":[{"count":2,"href":"https:\/\/prochaska.eu\/ro\/wp-json\/wp\/v2\/pages\/23583\/revisions"}],"predecessor-version":[{"id":23586,"href":"https:\/\/prochaska.eu\/ro\/wp-json\/wp\/v2\/pages\/23583\/revisions\/23586"}],"wp:attachment":[{"href":"https:\/\/prochaska.eu\/ro\/wp-json\/wp\/v2\/media?parent=23583"}],"curies":[{"name":"wp","href":"https:\/\/api.w.org\/{rel}","templated":true}]}}