{"id":23589,"date":"2024-06-11T08:39:36","date_gmt":"2024-06-11T08:39:36","guid":{"rendered":"https:\/\/prochaska.eu\/modalitati-de-plata\/"},"modified":"2024-06-13T06:57:35","modified_gmt":"2024-06-13T06:57:35","slug":"modalitati-de-plata","status":"publish","type":"page","link":"https:\/\/prochaska.eu\/ro\/modalitati-de-plata\/","title":{"rendered":"Modalit\u0103\u021bi de plat\u0103"},"content":{"rendered":"\t\t<div data-elementor-type=\"wp-page\" data-elementor-id=\"23589\" class=\"elementor elementor-23589 elementor-23209\" data-elementor-post-type=\"page\">\n\t\t\t\t<div class=\"elementor-element elementor-element-c884d7b e-flex e-con-boxed e-con e-parent\" data-id=\"c884d7b\" data-element_type=\"container\" data-e-type=\"container\">\n\t\t\t\t\t<div class=\"e-con-inner\">\n\t\t\t\t<div class=\"elementor-element elementor-element-f797758 elementor-widget elementor-widget-text-editor\" data-id=\"f797758\" data-element_type=\"widget\" data-e-type=\"widget\" data-widget_type=\"text-editor.default\">\n\t\t\t\t\t\t\t\t\t<section>\n<div class=\"container content-text background-white center\">\n<div class=\"row\">\n<div class=\"col-xs-12 col-sm-12 col-md-10 col-md-offset-1 col-lg-10 col-lg-offset-1 col\">\n<div class=\"column-content\">\n<h2>ALEGE\u021aI DINTR-O VARIETATE DE OP\u021aIUNI DE PLAT\u0102<\/h2>\n<div class=\"rte-text\">\n<p>V\u0103 oferim o varietate de metode de plat\u0103 pentru comanda dumneavoastr\u0103.<\/p>\n<div class=\"woocommerce woocommerce-gzd\">\n<ul class=\"payment_methods methods\">\n<li class=\"payment_method_bacs\"><label>Vorauskasse<\/label>\n<div class=\"payment_box payment_method_bacs\">\n<p>Bezahlen Sie Ihren Einkauf im Voraus via Bank\u00fcberweisung. Die Ware wird nach dem Zahlungseingang auf unserem Konto versendet. Ve\u021bi primi datele noastre bancare prin e-mail dup\u0103 ce a\u021bi f\u0103cut o comand\u0103 reu\u0219it\u0103.<\/p>\n<\/div>\n<\/li>\n<li class=\"payment_method_paypal\"><label>PayPal<img decoding=\"async\" src=\"https:\/\/www.prochaska.eu\/wp-content\/plugins\/woocommerce\/includes\/gateways\/paypal\/assets\/images\/paypal.png\" alt=\"Marca de acceptare PayPal\"><a class=\"about_paypal\" href=\"https:\/\/www.paypal.com\/at\/cgi-bin\/webscr?cmd=xpt\/Marketing\/general\/WIPaypal-outside\">Ce este PayPal?<\/a><\/label>\n<div class=\"payment_box payment_method_paypal\">\n<p>Cu Paypal bezahlen. Dac\u0103 nu ave\u021bi un cont Paypal, pute\u021bi utiliza \u0219i cardul de credit.<\/p>\n<\/div>\n<\/li>\n<li class=\"payment_method_invoice\"><label>Barzahlung bei Abholung vor Ort<\/label>\n<div class=\"payment_box payment_method_invoice\">\n<p>Die Zahlung vor Ort ist sofort bei der Abholung f\u00e4llig und kann bar oder mittels Bankomatkarte erfolgen.<\/p>\n<\/div>\n<\/li>\n<li class=\"payment_method_sofortgateway\"><label>Sofort\u00fcberweisung<img decoding=\"async\" src=\"https:\/\/www.prochaska.eu\/wp-content\/plugins\/woocommerce-gateway-sofortueberweisung-de\/images\/klarna-logo.svg\" alt=\"Sofort\u00fcberweisung\"><\/label>\n<div class=\"payment_box payment_method_sofortgateway\">\n<p>Cu ajutorul SOFORT\u00dcBERWEISUNG pute\u021bi, f\u0103r\u0103 a fi nevoi\u021bi s\u0103 v\u0103 \u00eenregistra\u021bi, \u00een mod simplu \u0219i sigur, cu ajutorul datelor bancare online (PIN \/ TAN).<\/p>\n<\/div>\n<\/li>\n<li class=\"payment_method_stripe\"><label>Card de credit<\/label>\n<div class=\"payment_box payment_method_stripe\">\n<p>Pl\u0103ti\u021bi \u00een mod convenabil \u0219i sigur cu cardul dumneavoastr\u0103 de credit: Visa, Mastercard, AMEX<\/p>\n<\/div>\n<\/li>\n<li class=\"payment_method_stripe_eps\"><label>EPS<img decoding=\"async\" class=\"stripe-eps-icon stripe-icon\" src=\"https:\/\/www.prochaska.eu\/wp-content\/plugins\/woocommerce-gateway-stripe\/assets\/images\/eps.svg\" alt=\"EPS\"><\/label>\n<div class=\"payment_box payment_method_stripe_eps\">\n<p>Du wirst zu EPS weitergeleitet.<\/p>\n<\/div>\n<\/li>\n<\/ul>\n<\/div>\n<p>\u00cen cazul \u00eent\u00e2rzierilor de livrare sau al lipsei de livrare, v\u0103 vom informa imediat prin telefon sau e-mail.<\/p>\n<\/div>\n<\/div>\n<\/div>\n<\/div>\n<\/div>\n<\/section>\n<section>\n<div class=\"container content-text background-white center\">\n<div class=\"row\">\n<div class=\"col-xs-12 col-sm-12 col-md-10 col-md-offset-1 col-lg-10 col-lg-offset-1 col\">\n<div class=\"column-content\">\n<h2>CARD DE CREDIT<\/h2>\n<div class=\"rte-text\">\n<p>\u00cen magazinul nostru online pute\u021bi pl\u0103ti direct cu cardul de credit. Accept\u0103m Mastercard, VISA \u0219i American Express. \u00cen procesul de comand\u0103, selecta\u021bi cardul de credit ca metod\u0103 de plat\u0103 pe pagina de checkout. Vi se va cere s\u0103 introduce\u021bi detaliile cardului de credit. Sunt necesare urm\u0103toarele date: num\u0103rul cardului, cifra de control \u0219i perioada de valabilitate.<\/p>\n<\/div>\n<\/div>\n<\/div>\n<\/div>\n<\/div>\n<\/section>\n<section>\n<div class=\"container content-text background-white center\">\n<div class=\"row\">\n<div class=\"col-xs-12 col-sm-12 col-md-10 col-md-offset-1 col-lg-10 col-lg-offset-1 col\">\n<div class=\"column-content\">\n<h2>SOFORT<\/h2>\n<div class=\"rte-text\">\n<p>SOFORT este unul dintre procesele de transfer direct online \u0219i func\u021bioneaz\u0103 pe baza serviciilor bancare online. Este un transfer direct care, dup\u0103 cum sugereaz\u0103 \u0219i numele, are loc imediat.<\/p>\n<h3>Iat\u0103 cum func\u021bioneaz\u0103<\/h3>\n<p>Pur \u0219i simplu selecta\u021bi SOFORT \u00dcberweisung ca op\u021biune de plat\u0103 \u00een magazinul nostru online. Ve\u021bi fi apoi redirec\u021bionat automat c\u0103tre formularul de plat\u0103 securizat. Detaliile de transfer sunt transferate automat, trebuie doar s\u0103 introduce\u021bi codul de sortare al b\u0103ncii dumneavoastr\u0103 \u0219i datele obi\u0219nuite de acces la serviciile bancare online. \u00cen cele din urm\u0103, aproba\u021bi transferul cu un TAN. Datele sunt criptate \u0219i transmise b\u0103ncii dumneavoastr\u0103. Primim o confirmare \u00een timp real a pl\u0103\u021bii dumneavoastr\u0103 \u0219i, prin urmare, putem livra rapid bunurile.<\/p>\n<p>Pute\u021bi g\u0103si mai multe informa\u021bii despre SOFORT <a href=\"https:\/\/www.klarna.com\/international\/\">aici<\/a>.<\/p>\n<\/div>\n<\/div>\n<\/div>\n<\/div>\n<\/div>\n<\/section>\n<section>\n<div class=\"container content-text background-white center\">\n<div class=\"row\">\n<div class=\"col-xs-12 col-sm-12 col-md-10 col-md-offset-1 col-lg-10 col-lg-offset-1 col\">\n<div class=\"column-content\">\n<h2>PAYPAL<\/h2>\n<div class=\"rte-text\">\n<p>\u00cen magazinul nostru online, v\u0103 permitem s\u0103 pl\u0103ti\u021bi \u0219i prin PayPal. Cu serviciul de plat\u0103 online PayPal pute\u021bi pl\u0103ti \u00een siguran\u021b\u0103, u\u0219or \u0219i rapid \u00een magazinele online.<\/p>\n<h3>Avantajul dumneavoastr\u0103<\/h3>\n<ul>\n<li><strong>Securizat:<\/strong> Detaliile cardului dvs. bancar sau ale cardului de credit sunt stocate doar la PayPal. Prin urmare, acestea nu sunt trimise pe internet de fiecare dat\u0103 c\u00e2nd face\u021bi cump\u0103r\u0103turi online.<\/li>\n<li><strong>U\u0219or<\/strong>: pl\u0103ti\u021bi cu doar dou\u0103 clicuri. Pentru c\u0103 ave\u021bi acces la detaliile bancare sau ale cardului de credit stocate \u00een PayPal, \u00een loc s\u0103 le introduce\u021bi din nou la fiecare achizi\u021bie.<\/li>\n<li><strong>Rapid:<\/strong> Pl\u0103\u021bile prin PayPal ajung rapid. V\u0103 vom trimite bunurile \u00een cel mai scurt timp posibil.<\/li>\n<\/ul>\n<p>Pute\u021bi g\u0103si mai multe informa\u021bii despre PayPal <a href=\"http:\/\/www.paypal.com\/home\">aici<\/a>.<\/p>\n<\/div>\n<\/div>\n<\/div>\n<\/div>\n<\/div>\n<\/section>\n<section>\n<div class=\"container content-text background-white center\">\n<div class=\"row\">\n<div class=\"col-xs-12 col-sm-12 col-md-10 col-md-offset-1 col-lg-10 col-lg-offset-1 col\">\n<div class=\"column-content\">\n<h2>CASH LA PRELUARE<\/h2>\n<div class=\"rte-text\">\n<p>De asemenea, pute\u021bi s\u0103 v\u0103 ridica\u021bi produsele la fa\u021ba locului (Prochaska, 1210 Viena, Pilzgasse 31). Articolele aflate \u00een stoc pot fi ridicate cel t\u00e2rziu \u00een urm\u0103toarea zi lucr\u0103toare. Dac\u0103 ave\u021bi nevoie de bunurile dvs. mai devreme, nu ezita\u021bi s\u0103 ne contacta\u021bi.<\/p>\n<p>Plata la fa\u021ba locului trebuie efectuat\u0103 imediat \u0219i se poate face fie \u00een numerar, fie cu un card ATM.<\/p>\n<\/div>\n<\/div>\n<\/div>\n<\/div>\n<\/div>\n<\/section>\n<section>\n<div class=\"container content-text background-white center\">\n<div class=\"row\">\n<div class=\"col-xs-12 col-sm-12 col-md-10 col-md-offset-1 col-lg-10 col-lg-offset-1 col\">\n<div class=\"column-content\">\n<h2>PLATA PRELUCR\u0102RII<\/h2>\n<div class=\"rte-text\">\n<p>\u00cen cazul op\u021biunii de plat\u0103 anticipat\u0103, valoarea facturii trebuie s\u0103 ne fie transferat\u0103 \u00eenainte de primirea pl\u0103\u021bii. Imediat ce suma ajunge \u00een contul nostru bancar, comanda dvs. va fi procesat\u0103.<\/p>\n<\/div>\n<\/div>\n<\/div>\n<\/div>\n<\/div>\n<\/section>\n\t\t\t\t\t\t\t\t<\/div>\n\t\t\t\t\t<\/div>\n\t\t\t\t<\/div>\n\t\t\t\t<\/div>\n\t\t","protected":false},"excerpt":{"rendered":"<p>ALEGE\u021aI DINTR-O VARIETATE DE OP\u021aIUNI DE PLAT\u0102 V\u0103 oferim o varietate de metode de plat\u0103 pentru comanda dumneavoastr\u0103. Vorauskasse Bezahlen Sie Ihren Einkauf im Voraus via Bank\u00fcberweisung. Die Ware wird nach dem Zahlungseingang auf unserem Konto versendet. Ve\u021bi primi datele noastre bancare prin e-mail dup\u0103 ce a\u021bi f\u0103cut o comand\u0103 reu\u0219it\u0103. PayPalCe este PayPal? Cu [&hellip;]<\/p>\n","protected":false},"author":1,"featured_media":0,"parent":0,"menu_order":0,"comment_status":"closed","ping_status":"closed","template":"elementor_header_footer","meta":{"footnotes":""},"class_list":["post-23589","page","type-page","status-publish","hentry"],"yoast_head":"<!-- This site is optimized with the Yoast SEO plugin v27.4 - https:\/\/yoast.com\/product\/yoast-seo-wordpress\/ -->\n<title>Modalit\u0103\u021bi de plat\u0103 - Prochaska<\/title>\n<meta name=\"robots\" content=\"index, follow, max-snippet:-1, max-image-preview:large, max-video-preview:-1\" \/>\n<link rel=\"canonical\" href=\"https:\/\/prochaska.eu\/ro\/modalitati-de-plata\/\" \/>\n<meta property=\"og:locale\" content=\"ro_RO\" \/>\n<meta property=\"og:type\" content=\"article\" \/>\n<meta property=\"og:title\" content=\"Modalit\u0103\u021bi de plat\u0103 - Prochaska\" \/>\n<meta property=\"og:description\" content=\"ALEGE\u021aI DINTR-O VARIETATE DE OP\u021aIUNI DE PLAT\u0102 V\u0103 oferim o varietate de metode de plat\u0103 pentru comanda dumneavoastr\u0103. Vorauskasse Bezahlen Sie Ihren Einkauf im Voraus via Bank\u00fcberweisung. Die Ware wird nach dem Zahlungseingang auf unserem Konto versendet. Ve\u021bi primi datele noastre bancare prin e-mail dup\u0103 ce a\u021bi f\u0103cut o comand\u0103 reu\u0219it\u0103. PayPalCe este PayPal? Cu [&hellip;]\" \/>\n<meta property=\"og:url\" content=\"https:\/\/prochaska.eu\/ro\/modalitati-de-plata\/\" \/>\n<meta property=\"og:site_name\" content=\"Prochaska\" \/>\n<meta property=\"article:publisher\" content=\"https:\/\/www.facebook.com\/prochaska.eu\/\" \/>\n<meta property=\"article:modified_time\" content=\"2024-06-13T06:57:35+00:00\" \/>\n<meta property=\"og:image\" content=\"https:\/\/www.prochaska.eu\/wp-content\/plugins\/woocommerce\/includes\/gateways\/paypal\/assets\/images\/paypal.png\" \/>\n<meta name=\"twitter:card\" content=\"summary_large_image\" \/>\n<meta name=\"twitter:label1\" content=\"Timp estimat pentru citire\" \/>\n\t<meta name=\"twitter:data1\" content=\"3 minute\" \/>\n<script type=\"application\/ld+json\" class=\"yoast-schema-graph\">{\"@context\":\"https:\\\/\\\/schema.org\",\"@graph\":[{\"@type\":\"WebPage\",\"@id\":\"https:\\\/\\\/prochaska.eu\\\/ro\\\/modalitati-de-plata\\\/\",\"url\":\"https:\\\/\\\/prochaska.eu\\\/ro\\\/modalitati-de-plata\\\/\",\"name\":\"Modalit\u0103\u021bi de plat\u0103 - Prochaska\",\"isPartOf\":{\"@id\":\"https:\\\/\\\/prochaska.eu\\\/ro\\\/#website\"},\"primaryImageOfPage\":{\"@id\":\"https:\\\/\\\/prochaska.eu\\\/ro\\\/modalitati-de-plata\\\/#primaryimage\"},\"image\":{\"@id\":\"https:\\\/\\\/prochaska.eu\\\/ro\\\/modalitati-de-plata\\\/#primaryimage\"},\"thumbnailUrl\":\"https:\\\/\\\/www.prochaska.eu\\\/wp-content\\\/plugins\\\/woocommerce\\\/includes\\\/gateways\\\/paypal\\\/assets\\\/images\\\/paypal.png\",\"datePublished\":\"2024-06-11T08:39:36+00:00\",\"dateModified\":\"2024-06-13T06:57:35+00:00\",\"breadcrumb\":{\"@id\":\"https:\\\/\\\/prochaska.eu\\\/ro\\\/modalitati-de-plata\\\/#breadcrumb\"},\"inLanguage\":\"ro-RO\",\"potentialAction\":[{\"@type\":\"ReadAction\",\"target\":[\"https:\\\/\\\/prochaska.eu\\\/ro\\\/modalitati-de-plata\\\/\"]}]},{\"@type\":\"ImageObject\",\"inLanguage\":\"ro-RO\",\"@id\":\"https:\\\/\\\/prochaska.eu\\\/ro\\\/modalitati-de-plata\\\/#primaryimage\",\"url\":\"https:\\\/\\\/www.prochaska.eu\\\/wp-content\\\/plugins\\\/woocommerce\\\/includes\\\/gateways\\\/paypal\\\/assets\\\/images\\\/paypal.png\",\"contentUrl\":\"https:\\\/\\\/www.prochaska.eu\\\/wp-content\\\/plugins\\\/woocommerce\\\/includes\\\/gateways\\\/paypal\\\/assets\\\/images\\\/paypal.png\"},{\"@type\":\"BreadcrumbList\",\"@id\":\"https:\\\/\\\/prochaska.eu\\\/ro\\\/modalitati-de-plata\\\/#breadcrumb\",\"itemListElement\":[{\"@type\":\"ListItem\",\"position\":1,\"name\":\"Home\",\"item\":\"https:\\\/\\\/prochaska.eu\\\/ro\\\/\"},{\"@type\":\"ListItem\",\"position\":2,\"name\":\"Modalit\u0103\u021bi de plat\u0103\"}]},{\"@type\":\"WebSite\",\"@id\":\"https:\\\/\\\/prochaska.eu\\\/ro\\\/#website\",\"url\":\"https:\\\/\\\/prochaska.eu\\\/ro\\\/\",\"name\":\"Prochaska\",\"description\":\"Spezialist f\u00fcr Pflege von Gr\u00fcnfl\u00e4chen\",\"publisher\":{\"@id\":\"https:\\\/\\\/prochaska.eu\\\/ro\\\/#organization\"},\"potentialAction\":[{\"@type\":\"SearchAction\",\"target\":{\"@type\":\"EntryPoint\",\"urlTemplate\":\"https:\\\/\\\/prochaska.eu\\\/ro\\\/?s={search_term_string}\"},\"query-input\":{\"@type\":\"PropertyValueSpecification\",\"valueRequired\":true,\"valueName\":\"search_term_string\"}}],\"inLanguage\":\"ro-RO\"},{\"@type\":\"Organization\",\"@id\":\"https:\\\/\\\/prochaska.eu\\\/ro\\\/#organization\",\"name\":\"Prochaska\",\"url\":\"https:\\\/\\\/prochaska.eu\\\/ro\\\/\",\"logo\":{\"@type\":\"ImageObject\",\"inLanguage\":\"ro-RO\",\"@id\":\"https:\\\/\\\/prochaska.eu\\\/ro\\\/#\\\/schema\\\/logo\\\/image\\\/\",\"url\":\"https:\\\/\\\/prochaska.eu\\\/wp-content\\\/uploads\\\/2024\\\/04\\\/Prochaska_Logo_Black-1.png\",\"contentUrl\":\"https:\\\/\\\/prochaska.eu\\\/wp-content\\\/uploads\\\/2024\\\/04\\\/Prochaska_Logo_Black-1.png\",\"width\":796,\"height\":236,\"caption\":\"Prochaska\"},\"image\":{\"@id\":\"https:\\\/\\\/prochaska.eu\\\/ro\\\/#\\\/schema\\\/logo\\\/image\\\/\"},\"sameAs\":[\"https:\\\/\\\/www.facebook.com\\\/prochaska.eu\\\/\",\"https:\\\/\\\/www.instagram.com\\\/prochaska.eu\\\/\",\"https:\\\/\\\/www.linkedin.com\\\/company\\\/prochaska-handels-gmbh\"]}]}<\/script>\n<!-- \/ Yoast SEO plugin. -->","yoast_head_json":{"title":"Modalit\u0103\u021bi de plat\u0103 - Prochaska","robots":{"index":"index","follow":"follow","max-snippet":"max-snippet:-1","max-image-preview":"max-image-preview:large","max-video-preview":"max-video-preview:-1"},"canonical":"https:\/\/prochaska.eu\/ro\/modalitati-de-plata\/","og_locale":"ro_RO","og_type":"article","og_title":"Modalit\u0103\u021bi de plat\u0103 - Prochaska","og_description":"ALEGE\u021aI DINTR-O VARIETATE DE OP\u021aIUNI DE PLAT\u0102 V\u0103 oferim o varietate de metode de plat\u0103 pentru comanda dumneavoastr\u0103. Vorauskasse Bezahlen Sie Ihren Einkauf im Voraus via Bank\u00fcberweisung. Die Ware wird nach dem Zahlungseingang auf unserem Konto versendet. Ve\u021bi primi datele noastre bancare prin e-mail dup\u0103 ce a\u021bi f\u0103cut o comand\u0103 reu\u0219it\u0103. PayPalCe este PayPal? Cu [&hellip;]","og_url":"https:\/\/prochaska.eu\/ro\/modalitati-de-plata\/","og_site_name":"Prochaska","article_publisher":"https:\/\/www.facebook.com\/prochaska.eu\/","article_modified_time":"2024-06-13T06:57:35+00:00","og_image":[{"url":"https:\/\/www.prochaska.eu\/wp-content\/plugins\/woocommerce\/includes\/gateways\/paypal\/assets\/images\/paypal.png","type":"","width":"","height":""}],"twitter_card":"summary_large_image","twitter_misc":{"Timp estimat pentru citire":"3 minute"},"schema":{"@context":"https:\/\/schema.org","@graph":[{"@type":"WebPage","@id":"https:\/\/prochaska.eu\/ro\/modalitati-de-plata\/","url":"https:\/\/prochaska.eu\/ro\/modalitati-de-plata\/","name":"Modalit\u0103\u021bi de plat\u0103 - Prochaska","isPartOf":{"@id":"https:\/\/prochaska.eu\/ro\/#website"},"primaryImageOfPage":{"@id":"https:\/\/prochaska.eu\/ro\/modalitati-de-plata\/#primaryimage"},"image":{"@id":"https:\/\/prochaska.eu\/ro\/modalitati-de-plata\/#primaryimage"},"thumbnailUrl":"https:\/\/www.prochaska.eu\/wp-content\/plugins\/woocommerce\/includes\/gateways\/paypal\/assets\/images\/paypal.png","datePublished":"2024-06-11T08:39:36+00:00","dateModified":"2024-06-13T06:57:35+00:00","breadcrumb":{"@id":"https:\/\/prochaska.eu\/ro\/modalitati-de-plata\/#breadcrumb"},"inLanguage":"ro-RO","potentialAction":[{"@type":"ReadAction","target":["https:\/\/prochaska.eu\/ro\/modalitati-de-plata\/"]}]},{"@type":"ImageObject","inLanguage":"ro-RO","@id":"https:\/\/prochaska.eu\/ro\/modalitati-de-plata\/#primaryimage","url":"https:\/\/www.prochaska.eu\/wp-content\/plugins\/woocommerce\/includes\/gateways\/paypal\/assets\/images\/paypal.png","contentUrl":"https:\/\/www.prochaska.eu\/wp-content\/plugins\/woocommerce\/includes\/gateways\/paypal\/assets\/images\/paypal.png"},{"@type":"BreadcrumbList","@id":"https:\/\/prochaska.eu\/ro\/modalitati-de-plata\/#breadcrumb","itemListElement":[{"@type":"ListItem","position":1,"name":"Home","item":"https:\/\/prochaska.eu\/ro\/"},{"@type":"ListItem","position":2,"name":"Modalit\u0103\u021bi de plat\u0103"}]},{"@type":"WebSite","@id":"https:\/\/prochaska.eu\/ro\/#website","url":"https:\/\/prochaska.eu\/ro\/","name":"Prochaska","description":"Spezialist f\u00fcr Pflege von Gr\u00fcnfl\u00e4chen","publisher":{"@id":"https:\/\/prochaska.eu\/ro\/#organization"},"potentialAction":[{"@type":"SearchAction","target":{"@type":"EntryPoint","urlTemplate":"https:\/\/prochaska.eu\/ro\/?s={search_term_string}"},"query-input":{"@type":"PropertyValueSpecification","valueRequired":true,"valueName":"search_term_string"}}],"inLanguage":"ro-RO"},{"@type":"Organization","@id":"https:\/\/prochaska.eu\/ro\/#organization","name":"Prochaska","url":"https:\/\/prochaska.eu\/ro\/","logo":{"@type":"ImageObject","inLanguage":"ro-RO","@id":"https:\/\/prochaska.eu\/ro\/#\/schema\/logo\/image\/","url":"https:\/\/prochaska.eu\/wp-content\/uploads\/2024\/04\/Prochaska_Logo_Black-1.png","contentUrl":"https:\/\/prochaska.eu\/wp-content\/uploads\/2024\/04\/Prochaska_Logo_Black-1.png","width":796,"height":236,"caption":"Prochaska"},"image":{"@id":"https:\/\/prochaska.eu\/ro\/#\/schema\/logo\/image\/"},"sameAs":["https:\/\/www.facebook.com\/prochaska.eu\/","https:\/\/www.instagram.com\/prochaska.eu\/","https:\/\/www.linkedin.com\/company\/prochaska-handels-gmbh"]}]}},"_links":{"self":[{"href":"https:\/\/prochaska.eu\/ro\/wp-json\/wp\/v2\/pages\/23589","targetHints":{"allow":["GET"]}}],"collection":[{"href":"https:\/\/prochaska.eu\/ro\/wp-json\/wp\/v2\/pages"}],"about":[{"href":"https:\/\/prochaska.eu\/ro\/wp-json\/wp\/v2\/types\/page"}],"author":[{"embeddable":true,"href":"https:\/\/prochaska.eu\/ro\/wp-json\/wp\/v2\/users\/1"}],"replies":[{"embeddable":true,"href":"https:\/\/prochaska.eu\/ro\/wp-json\/wp\/v2\/comments?post=23589"}],"version-history":[{"count":1,"href":"https:\/\/prochaska.eu\/ro\/wp-json\/wp\/v2\/pages\/23589\/revisions"}],"predecessor-version":[{"id":23590,"href":"https:\/\/prochaska.eu\/ro\/wp-json\/wp\/v2\/pages\/23589\/revisions\/23590"}],"wp:attachment":[{"href":"https:\/\/prochaska.eu\/ro\/wp-json\/wp\/v2\/media?parent=23589"}],"curies":[{"name":"wp","href":"https:\/\/api.w.org\/{rel}","templated":true}]}}