{"id":23597,"date":"2024-06-11T08:42:45","date_gmt":"2024-06-11T08:42:45","guid":{"rendered":"https:\/\/prochaska.eu\/metode-de-expediere\/"},"modified":"2024-06-13T06:59:23","modified_gmt":"2024-06-13T06:59:23","slug":"metode-de-expediere","status":"publish","type":"page","link":"https:\/\/prochaska.eu\/ro\/metode-de-expediere\/","title":{"rendered":"Metode de expediere"},"content":{"rendered":"\t\t<div data-elementor-type=\"wp-page\" data-elementor-id=\"23597\" class=\"elementor elementor-23597 elementor-23214\" data-elementor-post-type=\"page\">\n\t\t\t\t<div class=\"elementor-element elementor-element-33431b5 e-flex e-con-boxed e-con e-parent\" data-id=\"33431b5\" data-element_type=\"container\" data-e-type=\"container\">\n\t\t\t\t\t<div class=\"e-con-inner\">\n\t\t\t\t<div class=\"elementor-element elementor-element-8cca708 elementor-widget elementor-widget-text-editor\" data-id=\"8cca708\" data-element_type=\"widget\" data-e-type=\"widget\" data-widget_type=\"text-editor.default\">\n\t\t\t\t\t\t\t\t\t<section>\n<div class=\"container content-text background-white left\">\n<div class=\"row\">\n<div class=\"col-xs-12 col-sm-12 col-md-10 col-md-offset-1 col-lg-10 col-lg-offset-1 col\">\n<div class=\"column-content\">\n<h2>COSTURI DE EXPEDIERE<\/h2>\n<div class=\"rte-text\">\n<p>Urm\u0103toarele costuri de expediere se aplic\u0103 la expedierea produselor din magazinul nostru online:<\/p>\n<ul>\n<li>Livrare gratuit\u0103 \u00eencep\u00e2nd cu o valoare a comenzii de 100,- \u20ac (inclusiv TVA 20%).<\/li>\n<li>Sub 100,- \u20ac (incl. 20% TVA) costuri de transport de 7,50 \u20ac (incl. 20% TVA)<\/li>\n<\/ul>\n<p>Costurile de expediere sunt afi\u0219ate \u00een prezentarea general\u0103 a comenzii dvs. \u0219i \u00een co\u0219ul de cump\u0103r\u0103turi.<\/p>\n<p>\u00cen cazul \u00een care o expediere este efectuat\u0103 \u00een mai multe livr\u0103ri par\u021biale, costurile de expediere vor fi taxate o singur\u0103 dat\u0103.<\/p>\n<\/p>\n<\/div>\n<\/div>\n<\/div>\n<\/div>\n<\/div>\n<\/section>\n<section>\n<div class=\"container content-text background-white left\">\n<div class=\"row\">\n<div class=\"col-xs-12 col-sm-12 col-md-10 col-md-offset-1 col-lg-10 col-lg-offset-1 col\">\n<div class=\"column-content\">\n<h2>LIVRARE<\/h2>\n<div class=\"rte-text\">\n<p>Produsele vor fi livrate din depozitul nostru la adresa de livrare pe care o specifica\u021bi. Termenele de livrare sunt indicate pe pagina de detalii a produsului, f\u0103r\u0103 nicio obliga\u021bie. De obicei, acestea sunt cuprinse \u00eentre 2 \u0219i 7 zile lucr\u0103toare de la primirea comenzii de c\u0103tre Prochaska. \u00cen cazul unei livr\u0103ri complete, termenul de livrare se bazeaz\u0103 pe articolul cu cel mai lung termen de livrare.<\/p>\n<p>\u00cen func\u021bie de m\u0103rimea comenzii dumneavoastr\u0103, transportul va fi efectuat prin servicii de colet\u0103rie sau de expediere. Toate trimiterile care nu pot fi clasificate ca servicii de colet\u0103rie vor fi livrate de c\u0103tre agentul nostru de expedi\u021bie. Ve\u021bi fi contactat telefonic pentru a stabili o dat\u0103 de livrare.<\/p>\n<p><strong>Livrarea de ma\u0219ini asamblate<\/strong><br \/>Ave\u021bi posibilitatea de a comanda unele dintre articolele noastre complet asamblate. \u00cen aceste cazuri, mecanicii no\u0219tri instrui\u021bi se vor ocupa de asamblare. Service-ul include, de asemenea, umplerea uleiului de motor. Toate unit\u0103\u021bile asamblate sunt livrate de c\u0103tre un agent de expedi\u021bie.<\/p>\n<p><strong>Click &amp; Collect<\/strong><br \/>Comenzile online care sunt colectate de la loca\u021bia noastr\u0103 din Viena, Floridsdorf, vor fi gata de colectare cel t\u00e2rziu \u00een urm\u0103toarea zi lucr\u0103toare. Dac\u0103 ave\u021bi nevoie de bunurile dvs. mai devreme, nu ezita\u021bi s\u0103 ne contacta\u021bi.<\/p>\n<\/div>\n<\/div>\n<\/div>\n<\/div>\n<\/div>\n<\/section>\n<section>\n<div class=\"container content-text background-white left\">\n<div class=\"row\">\n<div class=\"col-xs-12 col-sm-12 col-md-10 col-md-offset-1 col-lg-10 col-lg-offset-1 col\">\n<div class=\"column-content\">\n<h2>RETURN<\/h2>\n<div class=\"rte-text\">\n<p>\u00cen conformitate cu Legea privind v\u00e2nzarea la distan\u021b\u0103, consumatorii au dreptul de a returna bunurile comandate \u00een termen de 14 zile, f\u0103r\u0103 a da motive. Pute\u021bi g\u0103si mai multe informa\u021bii despre acest lucru \u00een <a href=\"https:\/\/www.prochaska.eu\/en\/right-of-withdrawal\/\" target=\"_blank\" rel=\"noopener\">politica<\/a> noastr\u0103 <a href=\"https:\/\/www.prochaska.eu\/en\/right-of-withdrawal\/\" target=\"_blank\" rel=\"noopener\">de anulare<\/a>.<\/p>\n<p>\u00cen orice caz, clientul trebuie s\u0103 pl\u0103teasc\u0103 costurile de returnare. Coletele pot fi trimise prin orice serviciu de colet\u0103rie (de exemplu, Post, DPD, DHL). Pentru articolele mai mari, vom aranja cu pl\u0103cere o expediere de returnare cu agentul nostru de expedi\u021bie, la cerere. V\u0103 vom transfera costurile aferente f\u0103r\u0103 supratax\u0103. Acestea se ridic\u0103 la aproximativ 60 EUR (TVA inclus) \u0219i vor fi deduse din transferul de \u00eentoarcere. \u00cen cazul \u00een care suma transferului de returnare este mai mic\u0103 dec\u00e2t costurile de returnare, vi se va percepe diferen\u021ba.<\/p>\n<p>\u00cen cazul unei return\u0103ri, v\u0103 rug\u0103m s\u0103 include\u021bi formularul de anulare a e\u0219antionului completat \u00eempreun\u0103 cu transportul dumneavoastr\u0103! V\u0103 rug\u0103m s\u0103 re\u021bine\u021bi c\u0103 trebuie s\u0103 furniza\u021bi datele bancare pentru transferul de returnare.<\/p>\n<p><a href=\"https:\/\/www.prochaska.eu\/wp-content\/uploads\/2021\/01\/WF_Online_Shop.pdf\" target=\"_blank\" rel=\"noopener\">Model de formular de anulare (PDF)<\/a><\/p>\n<p>De asemenea, v\u0103 invit\u0103m s\u0103 v\u0103 aduce\u021bi personal returnarea la Centrul TORO din Viena Floridsdorf.<\/p>\n<p>Obliga\u021biile de rambursare a pl\u0103\u021bilor trebuie \u00eendeplinite \u00een termen de 30 de zile. Perioada \u00eencepe odat\u0103 cu primirea declara\u021biei de anulare sau a bunurilor.<\/p>\n<p><strong>Adresa de retur:<\/strong><\/p>\n<p>Prochaska Handels GmbH<\/p>\n<p>Pilzgasse 31<\/p>\n<p>1210 Viena<\/p>\n<\/div>\n<\/div>\n<\/div>\n<\/div>\n<\/div>\n<\/section>\n\t\t\t\t\t\t\t\t<\/div>\n\t\t\t\t\t<\/div>\n\t\t\t\t<\/div>\n\t\t\t\t<\/div>\n\t\t","protected":false},"excerpt":{"rendered":"<p>COSTURI DE EXPEDIERE Urm\u0103toarele costuri de expediere se aplic\u0103 la expedierea produselor din magazinul nostru online: Livrare gratuit\u0103 \u00eencep\u00e2nd cu o valoare a comenzii de 100,- \u20ac (inclusiv TVA 20%). Sub 100,- \u20ac (incl. 20% TVA) costuri de transport de 7,50 \u20ac (incl. 20% TVA) Costurile de expediere sunt afi\u0219ate \u00een prezentarea general\u0103 a comenzii [&hellip;]<\/p>\n","protected":false},"author":1,"featured_media":0,"parent":0,"menu_order":0,"comment_status":"closed","ping_status":"closed","template":"elementor_header_footer","meta":{"footnotes":""},"class_list":["post-23597","page","type-page","status-publish","hentry"],"yoast_head":"<!-- This site is optimized with the Yoast SEO plugin v27.4 - https:\/\/yoast.com\/product\/yoast-seo-wordpress\/ -->\n<title>Metode de expediere - Prochaska<\/title>\n<meta name=\"robots\" content=\"index, follow, max-snippet:-1, max-image-preview:large, max-video-preview:-1\" \/>\n<link rel=\"canonical\" href=\"https:\/\/prochaska.eu\/ro\/metode-de-expediere\/\" \/>\n<meta property=\"og:locale\" content=\"ro_RO\" \/>\n<meta property=\"og:type\" content=\"article\" \/>\n<meta property=\"og:title\" content=\"Metode de expediere - Prochaska\" \/>\n<meta property=\"og:description\" content=\"COSTURI DE EXPEDIERE Urm\u0103toarele costuri de expediere se aplic\u0103 la expedierea produselor din magazinul nostru online: Livrare gratuit\u0103 \u00eencep\u00e2nd cu o valoare a comenzii de 100,- \u20ac (inclusiv TVA 20%). Sub 100,- \u20ac (incl. 20% TVA) costuri de transport de 7,50 \u20ac (incl. 20% TVA) Costurile de expediere sunt afi\u0219ate \u00een prezentarea general\u0103 a comenzii [&hellip;]\" \/>\n<meta property=\"og:url\" content=\"https:\/\/prochaska.eu\/ro\/metode-de-expediere\/\" \/>\n<meta property=\"og:site_name\" content=\"Prochaska\" \/>\n<meta property=\"article:publisher\" content=\"https:\/\/www.facebook.com\/prochaska.eu\/\" \/>\n<meta property=\"article:modified_time\" content=\"2024-06-13T06:59:23+00:00\" \/>\n<meta name=\"twitter:card\" content=\"summary_large_image\" \/>\n<meta name=\"twitter:label1\" content=\"Timp estimat pentru citire\" \/>\n\t<meta name=\"twitter:data1\" content=\"3 minute\" \/>\n<script type=\"application\/ld+json\" class=\"yoast-schema-graph\">{\"@context\":\"https:\\\/\\\/schema.org\",\"@graph\":[{\"@type\":\"WebPage\",\"@id\":\"https:\\\/\\\/prochaska.eu\\\/ro\\\/metode-de-expediere\\\/\",\"url\":\"https:\\\/\\\/prochaska.eu\\\/ro\\\/metode-de-expediere\\\/\",\"name\":\"Metode de expediere - Prochaska\",\"isPartOf\":{\"@id\":\"https:\\\/\\\/prochaska.eu\\\/ro\\\/#website\"},\"datePublished\":\"2024-06-11T08:42:45+00:00\",\"dateModified\":\"2024-06-13T06:59:23+00:00\",\"breadcrumb\":{\"@id\":\"https:\\\/\\\/prochaska.eu\\\/ro\\\/metode-de-expediere\\\/#breadcrumb\"},\"inLanguage\":\"ro-RO\",\"potentialAction\":[{\"@type\":\"ReadAction\",\"target\":[\"https:\\\/\\\/prochaska.eu\\\/ro\\\/metode-de-expediere\\\/\"]}]},{\"@type\":\"BreadcrumbList\",\"@id\":\"https:\\\/\\\/prochaska.eu\\\/ro\\\/metode-de-expediere\\\/#breadcrumb\",\"itemListElement\":[{\"@type\":\"ListItem\",\"position\":1,\"name\":\"Home\",\"item\":\"https:\\\/\\\/prochaska.eu\\\/ro\\\/\"},{\"@type\":\"ListItem\",\"position\":2,\"name\":\"Metode de expediere\"}]},{\"@type\":\"WebSite\",\"@id\":\"https:\\\/\\\/prochaska.eu\\\/ro\\\/#website\",\"url\":\"https:\\\/\\\/prochaska.eu\\\/ro\\\/\",\"name\":\"Prochaska\",\"description\":\"Spezialist f\u00fcr Pflege von Gr\u00fcnfl\u00e4chen\",\"publisher\":{\"@id\":\"https:\\\/\\\/prochaska.eu\\\/ro\\\/#organization\"},\"potentialAction\":[{\"@type\":\"SearchAction\",\"target\":{\"@type\":\"EntryPoint\",\"urlTemplate\":\"https:\\\/\\\/prochaska.eu\\\/ro\\\/?s={search_term_string}\"},\"query-input\":{\"@type\":\"PropertyValueSpecification\",\"valueRequired\":true,\"valueName\":\"search_term_string\"}}],\"inLanguage\":\"ro-RO\"},{\"@type\":\"Organization\",\"@id\":\"https:\\\/\\\/prochaska.eu\\\/ro\\\/#organization\",\"name\":\"Prochaska\",\"url\":\"https:\\\/\\\/prochaska.eu\\\/ro\\\/\",\"logo\":{\"@type\":\"ImageObject\",\"inLanguage\":\"ro-RO\",\"@id\":\"https:\\\/\\\/prochaska.eu\\\/ro\\\/#\\\/schema\\\/logo\\\/image\\\/\",\"url\":\"https:\\\/\\\/prochaska.eu\\\/wp-content\\\/uploads\\\/2024\\\/04\\\/Prochaska_Logo_Black-1.png\",\"contentUrl\":\"https:\\\/\\\/prochaska.eu\\\/wp-content\\\/uploads\\\/2024\\\/04\\\/Prochaska_Logo_Black-1.png\",\"width\":796,\"height\":236,\"caption\":\"Prochaska\"},\"image\":{\"@id\":\"https:\\\/\\\/prochaska.eu\\\/ro\\\/#\\\/schema\\\/logo\\\/image\\\/\"},\"sameAs\":[\"https:\\\/\\\/www.facebook.com\\\/prochaska.eu\\\/\",\"https:\\\/\\\/www.instagram.com\\\/prochaska.eu\\\/\",\"https:\\\/\\\/www.linkedin.com\\\/company\\\/prochaska-handels-gmbh\"]}]}<\/script>\n<!-- \/ Yoast SEO plugin. -->","yoast_head_json":{"title":"Metode de expediere - Prochaska","robots":{"index":"index","follow":"follow","max-snippet":"max-snippet:-1","max-image-preview":"max-image-preview:large","max-video-preview":"max-video-preview:-1"},"canonical":"https:\/\/prochaska.eu\/ro\/metode-de-expediere\/","og_locale":"ro_RO","og_type":"article","og_title":"Metode de expediere - Prochaska","og_description":"COSTURI DE EXPEDIERE Urm\u0103toarele costuri de expediere se aplic\u0103 la expedierea produselor din magazinul nostru online: Livrare gratuit\u0103 \u00eencep\u00e2nd cu o valoare a comenzii de 100,- \u20ac (inclusiv TVA 20%). Sub 100,- \u20ac (incl. 20% TVA) costuri de transport de 7,50 \u20ac (incl. 20% TVA) Costurile de expediere sunt afi\u0219ate \u00een prezentarea general\u0103 a comenzii [&hellip;]","og_url":"https:\/\/prochaska.eu\/ro\/metode-de-expediere\/","og_site_name":"Prochaska","article_publisher":"https:\/\/www.facebook.com\/prochaska.eu\/","article_modified_time":"2024-06-13T06:59:23+00:00","twitter_card":"summary_large_image","twitter_misc":{"Timp estimat pentru citire":"3 minute"},"schema":{"@context":"https:\/\/schema.org","@graph":[{"@type":"WebPage","@id":"https:\/\/prochaska.eu\/ro\/metode-de-expediere\/","url":"https:\/\/prochaska.eu\/ro\/metode-de-expediere\/","name":"Metode de expediere - Prochaska","isPartOf":{"@id":"https:\/\/prochaska.eu\/ro\/#website"},"datePublished":"2024-06-11T08:42:45+00:00","dateModified":"2024-06-13T06:59:23+00:00","breadcrumb":{"@id":"https:\/\/prochaska.eu\/ro\/metode-de-expediere\/#breadcrumb"},"inLanguage":"ro-RO","potentialAction":[{"@type":"ReadAction","target":["https:\/\/prochaska.eu\/ro\/metode-de-expediere\/"]}]},{"@type":"BreadcrumbList","@id":"https:\/\/prochaska.eu\/ro\/metode-de-expediere\/#breadcrumb","itemListElement":[{"@type":"ListItem","position":1,"name":"Home","item":"https:\/\/prochaska.eu\/ro\/"},{"@type":"ListItem","position":2,"name":"Metode de expediere"}]},{"@type":"WebSite","@id":"https:\/\/prochaska.eu\/ro\/#website","url":"https:\/\/prochaska.eu\/ro\/","name":"Prochaska","description":"Spezialist f\u00fcr Pflege von Gr\u00fcnfl\u00e4chen","publisher":{"@id":"https:\/\/prochaska.eu\/ro\/#organization"},"potentialAction":[{"@type":"SearchAction","target":{"@type":"EntryPoint","urlTemplate":"https:\/\/prochaska.eu\/ro\/?s={search_term_string}"},"query-input":{"@type":"PropertyValueSpecification","valueRequired":true,"valueName":"search_term_string"}}],"inLanguage":"ro-RO"},{"@type":"Organization","@id":"https:\/\/prochaska.eu\/ro\/#organization","name":"Prochaska","url":"https:\/\/prochaska.eu\/ro\/","logo":{"@type":"ImageObject","inLanguage":"ro-RO","@id":"https:\/\/prochaska.eu\/ro\/#\/schema\/logo\/image\/","url":"https:\/\/prochaska.eu\/wp-content\/uploads\/2024\/04\/Prochaska_Logo_Black-1.png","contentUrl":"https:\/\/prochaska.eu\/wp-content\/uploads\/2024\/04\/Prochaska_Logo_Black-1.png","width":796,"height":236,"caption":"Prochaska"},"image":{"@id":"https:\/\/prochaska.eu\/ro\/#\/schema\/logo\/image\/"},"sameAs":["https:\/\/www.facebook.com\/prochaska.eu\/","https:\/\/www.instagram.com\/prochaska.eu\/","https:\/\/www.linkedin.com\/company\/prochaska-handels-gmbh"]}]}},"_links":{"self":[{"href":"https:\/\/prochaska.eu\/ro\/wp-json\/wp\/v2\/pages\/23597","targetHints":{"allow":["GET"]}}],"collection":[{"href":"https:\/\/prochaska.eu\/ro\/wp-json\/wp\/v2\/pages"}],"about":[{"href":"https:\/\/prochaska.eu\/ro\/wp-json\/wp\/v2\/types\/page"}],"author":[{"embeddable":true,"href":"https:\/\/prochaska.eu\/ro\/wp-json\/wp\/v2\/users\/1"}],"replies":[{"embeddable":true,"href":"https:\/\/prochaska.eu\/ro\/wp-json\/wp\/v2\/comments?post=23597"}],"version-history":[{"count":1,"href":"https:\/\/prochaska.eu\/ro\/wp-json\/wp\/v2\/pages\/23597\/revisions"}],"predecessor-version":[{"id":23598,"href":"https:\/\/prochaska.eu\/ro\/wp-json\/wp\/v2\/pages\/23597\/revisions\/23598"}],"wp:attachment":[{"href":"https:\/\/prochaska.eu\/ro\/wp-json\/wp\/v2\/media?parent=23597"}],"curies":[{"name":"wp","href":"https:\/\/api.w.org\/{rel}","templated":true}]}}