{"id":23666,"date":"2024-05-20T10:52:30","date_gmt":"2024-05-20T10:52:30","guid":{"rendered":"https:\/\/prochaska.eu\/trilo\/"},"modified":"2026-03-17T13:16:35","modified_gmt":"2026-03-17T13:16:35","slug":"trilo","status":"publish","type":"page","link":"https:\/\/prochaska.eu\/ro\/trilo\/","title":{"rendered":"Trilo"},"content":{"rendered":"\t\t<div data-elementor-type=\"wp-page\" data-elementor-id=\"23666\" class=\"elementor elementor-23666 elementor-571\" data-elementor-post-type=\"page\">\n\t\t\t\t<div class=\"elementor-element elementor-element-451bd39 e-flex e-con-boxed e-con e-parent\" data-id=\"451bd39\" data-element_type=\"container\" data-e-type=\"container\" data-settings=\"{&quot;background_background&quot;:&quot;classic&quot;}\">\n\t\t\t\t\t<div class=\"e-con-inner\">\n\t\t\t\t<div class=\"elementor-element elementor-element-ea6befc elementor-widget__width-initial elementor-widget elementor-widget-image\" data-id=\"ea6befc\" data-element_type=\"widget\" data-e-type=\"widget\" data-widget_type=\"image.default\">\n\t\t\t\t\t\t\t\t\t\t\t\t\t\t\t<img fetchpriority=\"high\" decoding=\"async\" width=\"800\" height=\"290\" src=\"https:\/\/prochaska.eu\/wp-content\/uploads\/2026\/03\/TRILO-corporate-logo-2-1024x371.gif\" class=\"attachment-large size-large wp-image-33509\" alt=\"\" srcset=\"https:\/\/prochaska.eu\/wp-content\/uploads\/2026\/03\/TRILO-corporate-logo-2-1024x371.gif 1024w, https:\/\/prochaska.eu\/wp-content\/uploads\/2026\/03\/TRILO-corporate-logo-2-300x109.gif 300w, https:\/\/prochaska.eu\/wp-content\/uploads\/2026\/03\/TRILO-corporate-logo-2-768x278.gif 768w, https:\/\/prochaska.eu\/wp-content\/uploads\/2026\/03\/TRILO-corporate-logo-2-600x217.gif 600w, https:\/\/prochaska.eu\/wp-content\/uploads\/2026\/03\/TRILO-corporate-logo-2-220x80.gif 220w\" sizes=\"(max-width: 800px) 100vw, 800px\" \/>\t\t\t\t\t\t\t\t\t\t\t\t\t\t\t<\/div>\n\t\t\t\t\t<\/div>\n\t\t\t\t<\/div>\n\t\t<div class=\"elementor-element elementor-element-8417d2c e-flex e-con-boxed e-con e-parent\" data-id=\"8417d2c\" data-element_type=\"container\" data-e-type=\"container\">\n\t\t\t\t\t<div class=\"e-con-inner\">\n\t\t\t\t<div class=\"elementor-element elementor-element-a0e4b15 elementor-widget elementor-widget-heading\" data-id=\"a0e4b15\" data-element_type=\"widget\" data-e-type=\"widget\" data-widget_type=\"heading.default\">\n\t\t\t\t\t<h3 class=\"elementor-heading-title elementor-size-default\">TRILO\u00ae: Echipamente de \u00eentre\u021binere a peisajului de elit\u0103<\/h3>\t\t\t\t<\/div>\n\t\t\t\t<div class=\"elementor-element elementor-element-e844e19 elementor-widget elementor-widget-text-editor\" data-id=\"e844e19\" data-element_type=\"widget\" data-e-type=\"widget\" data-widget_type=\"text-editor.default\">\n\t\t\t\t\t\t\t\t\t<p>TRILO\u00ae, o marc\u0103 de top a Vanmac B.V., proiecteaz\u0103 \u0219i produce motocositori, aspiratoare, suflante de frunze \u0219i verticuttere de \u00eenalt\u0103 calitate. Unit\u0103\u021bile lor de produc\u021bie sunt situate \u00een Amersfoort, \u021a\u0103rile de Jos, iar alte unit\u0103\u021bi de produc\u021bie se afl\u0103 \u00een Asia. Ma\u0219inile TRILO sunt v\u00e2ndute \u00een peste 46 de \u021b\u0103ri \u0219i sunt de \u00eencredere pentru \u00eentre\u021binerea facilit\u0103\u021bilor sportive (\u00een special a terenurilor de golf), a aeroporturilor, a ora\u0219elor \u0219i a drumurilor.<\/p>\t\t\t\t\t\t\t\t<\/div>\n\t\t\t\t\t<\/div>\n\t\t\t\t<\/div>\n\t\t<div class=\"elementor-element elementor-element-a28e6c3 e-flex e-con-boxed e-con e-parent\" data-id=\"a28e6c3\" data-element_type=\"container\" data-e-type=\"container\" data-settings=\"{&quot;background_background&quot;:&quot;classic&quot;}\">\n\t\t\t\t\t<div class=\"e-con-inner\">\n\t\t\t\t<div class=\"elementor-element elementor-element-00ec2c1 elementor-widget elementor-widget-spacer\" data-id=\"00ec2c1\" data-element_type=\"widget\" data-e-type=\"widget\" data-widget_type=\"spacer.default\">\n\t\t\t\t\t\t\t<div class=\"elementor-spacer\">\n\t\t\t<div class=\"elementor-spacer-inner\"><\/div>\n\t\t<\/div>\n\t\t\t\t\t\t<\/div>\n\t\t\t\t\t<\/div>\n\t\t\t\t<\/div>\n\t\t<div class=\"elementor-element elementor-element-5c01198 e-flex e-con-boxed e-con e-parent\" data-id=\"5c01198\" data-element_type=\"container\" data-e-type=\"container\" data-settings=\"{&quot;background_background&quot;:&quot;classic&quot;}\">\n\t\t\t\t\t<div class=\"e-con-inner\">\n\t\t<div class=\"elementor-element elementor-element-d125cd1 e-con-full e-flex e-con e-child\" data-id=\"d125cd1\" data-element_type=\"container\" data-e-type=\"container\">\n\t\t\t\t<div class=\"elementor-element elementor-element-29023cd elementor-widget elementor-widget-heading\" data-id=\"29023cd\" data-element_type=\"widget\" data-e-type=\"widget\" data-widget_type=\"heading.default\">\n\t\t\t\t\t<h3 class=\"elementor-heading-title elementor-size-default\">Dincolo de tendin\u021be, \u00eembr\u0103\u021bi\u0219\u00e2nd progresul<\/h3>\t\t\t\t<\/div>\n\t\t\t\t<div class=\"elementor-element elementor-element-7ee06b9 elementor-widget elementor-widget-text-editor\" data-id=\"7ee06b9\" data-element_type=\"widget\" data-e-type=\"widget\" data-widget_type=\"text-editor.default\">\n\t\t\t\t\t\t\t\t\t<p data-sourcepos=\"7:1-7:206\">La TRILO, noile tehnologii nu sunt doar o mod\u0103 trec\u0103toare, ci o piatr\u0103 de temelie a avantajului lor competitiv \u0219i a cre\u0219terii continue. Prochaska Handels GmbH distribuie cu m\u00e2ndrie utilajele TRILO \u00een Austria din 2010.<\/p><p data-sourcepos=\"9:1-9:41\"><strong>Solu\u021bii versatile pentru nevoi diverse<\/strong><\/p><p data-sourcepos=\"11:1-11:265\">TRILO se angajeaz\u0103 s\u0103 dezvolte echipamente durabile \u0219i inovatoare pentru gestionarea peisajului \u0219i a infrastructurii. Utilajele lor se adreseaz\u0103 unei game largi de aplica\u021bii, iar re\u021beaua extins\u0103 de distribuitori asigur\u0103 disponibilitatea produselor TRILO \u00een \u00eentreaga Europ\u0103.<\/p><p data-sourcepos=\"13:1-13:43\"><strong>Asisten\u021b\u0103 f\u0103r\u0103 \u00eentreruperi, la fiecare pas al procesului<\/strong><\/p><p data-sourcepos=\"15:1-15:208\">Prochaska ofer\u0103 un sistem robust de aprovizionare cu piese de schimb, asigur\u00e2ndu-v\u0103 c\u0103 primi\u021bi piesele de care ave\u021bi nevoie rapid \u0219i u\u0219or. Echipa lor de exper\u021bi este \u00eentotdeauna disponibil\u0103 pentru a v\u0103 ajuta cu orice \u00eentreb\u0103ri sau nevoi de service.<\/p>\t\t\t\t\t\t\t\t<\/div>\n\t\t\t\t<\/div>\n\t\t<div class=\"elementor-element elementor-element-8670b61 e-con-full e-flex e-con e-child\" data-id=\"8670b61\" data-element_type=\"container\" data-e-type=\"container\">\n\t\t\t\t<div class=\"elementor-element elementor-element-f431876 elementor-widget elementor-widget-image\" data-id=\"f431876\" data-element_type=\"widget\" data-e-type=\"widget\" data-widget_type=\"image.default\">\n\t\t\t\t\t\t\t\t\t\t\t\t\t\t\t<img decoding=\"async\" width=\"800\" height=\"591\" src=\"https:\/\/prochaska.eu\/wp-content\/uploads\/2024\/06\/Trilo-textbild1-1024x756.jpeg\" class=\"attachment-large size-large wp-image-23660\" alt=\"\" srcset=\"https:\/\/prochaska.eu\/wp-content\/uploads\/2024\/06\/Trilo-textbild1-1024x756.jpeg 1024w, https:\/\/prochaska.eu\/wp-content\/uploads\/2024\/06\/Trilo-textbild1-300x222.jpeg 300w, https:\/\/prochaska.eu\/wp-content\/uploads\/2024\/06\/Trilo-textbild1-768x567.jpeg 768w, https:\/\/prochaska.eu\/wp-content\/uploads\/2024\/06\/Trilo-textbild1-600x443.jpeg 600w, https:\/\/prochaska.eu\/wp-content\/uploads\/2024\/06\/Trilo-textbild1.jpeg 1056w\" sizes=\"(max-width: 800px) 100vw, 800px\" \/>\t\t\t\t\t\t\t\t\t\t\t\t\t\t\t<\/div>\n\t\t\t\t<\/div>\n\t\t\t\t\t<\/div>\n\t\t\t\t<\/div>\n\t\t<div class=\"elementor-element elementor-element-062379b e-flex e-con-boxed e-con e-parent\" data-id=\"062379b\" data-element_type=\"container\" data-e-type=\"container\">\n\t\t\t\t\t<div class=\"e-con-inner\">\n\t\t<div class=\"elementor-element elementor-element-5d4a80f e-con-full e-flex e-con e-child\" data-id=\"5d4a80f\" data-element_type=\"container\" data-e-type=\"container\">\n\t\t\t\t<\/div>\n\t\t<div class=\"elementor-element elementor-element-54fe5fd e-con-full e-flex e-con e-child\" data-id=\"54fe5fd\" data-element_type=\"container\" data-e-type=\"container\">\n\t\t\t\t<div class=\"elementor-element elementor-element-d5ebacc elementor-widget elementor-widget-heading\" data-id=\"d5ebacc\" data-element_type=\"widget\" data-e-type=\"widget\" data-widget_type=\"heading.default\">\n\t\t\t\t\t<h3 class=\"elementor-heading-title elementor-size-default\">ARTICOLE MAI RECENTE<\/h3>\t\t\t\t<\/div>\n\t\t\t\t<div class=\"elementor-element elementor-element-2710854 elementor-grid-eael-col-1 elementor-grid-tablet-eael-col-2 elementor-grid-mobile-eael-col-1 elementor-widget elementor-widget-eael-post-grid\" data-id=\"2710854\" data-element_type=\"widget\" data-e-type=\"widget\" data-settings=\"{&quot;eael_post_grid_columns&quot;:&quot;eael-col-1&quot;,&quot;eael_post_grid_columns_tablet&quot;:&quot;eael-col-2&quot;,&quot;eael_post_grid_columns_mobile&quot;:&quot;eael-col-1&quot;}\" data-widget_type=\"eael-post-grid.default\">\n\t\t\t\t\t<div id=\"eael-post-grid-2710854\" class=\"eael-post-grid-container\">\n            <div class=\"eael-post-grid eael-post-appender eael-post-appender-2710854 eael-post-grid-style-two\" data-layout-mode=\"grid\"><article class=\"eael-grid-post  eael-post-grid-column eael-pg-post-31428 category-allgemein\" data-id=\"31428\">\n    <div class=\"eael-grid-post-holder\">\n        <div class=\"eael-grid-post-holder-inner\"><div class=\"eael-entry-wrapper\"><header class=\"eael-entry-header\"><h3 class=\"eael-entry-title\"><a class=\"eael-grid-post-link\" href=\"https:\/\/prochaska.eu\/ro\/dealer-training-mit-dennis-mowers-sisis-machinery-mehr-know-how-fuer-perfekte-sportrasenpflege\/\" title=\"Dealer Training mit Dennis Mowers &#038; SISIS Machinery: Mehr Know-how f\u00fcr perfekte Sportrasenpflege\">Dealer Training mit Dennis Mowers &#038; SISIS Machinery: Mehr Know-how f\u00fcr perfekte Sportrasenpflege<\/a><\/h3><\/header><div class=\"eael-entry-header-after style-two\"><div class=\"eael-entry-meta\"><span class=\"eael-posted-on eael-meta-posted-on\"><i class=\"far fa-clock\"><\/i><time datetime=\"24 septembrie 2025\">24 septembrie 2025<\/time><\/span><\/div><\/div><\/div><\/div>\n    <\/div>\n<\/article><article class=\"eael-grid-post  eael-post-grid-column eael-pg-post-31258 category-allgemein\" data-id=\"31258\">\n    <div class=\"eael-grid-post-holder\">\n        <div class=\"eael-grid-post-holder-inner\"><div class=\"eael-entry-wrapper\"><header class=\"eael-entry-header\"><h3 class=\"eael-entry-title\"><a class=\"eael-grid-post-link\" href=\"https:\/\/prochaska.eu\/ro\/die-zukunft-der-golfplatzpflege-mit-toro-und-prochaska-in-eine-neue-aera-der-praezision-nachhaltigkeit-und-digitalisierung\/\" title=\"Die Zukunft der Golfplatzpflege: Mit Toro und Prochaska in eine neue \u00c4ra der Pr\u00e4zision, Nachhaltigkeit und Digitalisierung\">Die Zukunft der Golfplatzpflege: Mit Toro und Prochaska in eine neue \u00c4ra der Pr\u00e4zision, Nachhaltigkeit und Digitalisierung<\/a><\/h3><\/header><div class=\"eael-entry-header-after style-two\"><div class=\"eael-entry-meta\"><span class=\"eael-posted-on eael-meta-posted-on\"><i class=\"far fa-clock\"><\/i><time datetime=\"26 august 2025\">26 august 2025<\/time><\/span><\/div><\/div><\/div><\/div>\n    <\/div>\n<\/article><article class=\"eael-grid-post  eael-post-grid-column eael-pg-post-31016 category-allgemein-icocar tags-icocar\" data-id=\"31016\">\n    <div class=\"eael-grid-post-holder\">\n        <div class=\"eael-grid-post-holder-inner\"><div class=\"eael-entry-wrapper\"><header class=\"eael-entry-header\"><h3 class=\"eael-entry-title\"><a class=\"eael-grid-post-link\" href=\"https:\/\/prochaska.eu\/ro\/icocar-bei-der-austrian-alpine-open-eine-starke-partnerschaft-fuer-nachhaltige-mobilitaet\/\" title=\"IcoCar bei der Austrian Alpine Open: Eine starke Partnerschaft f\u00fcr nachhaltige Mobilit\u00e4t\">IcoCar bei der Austrian Alpine Open: Eine starke Partnerschaft f\u00fcr nachhaltige Mobilit\u00e4t<\/a><\/h3><\/header><div class=\"eael-entry-header-after style-two\"><div class=\"eael-entry-meta\"><span class=\"eael-posted-on eael-meta-posted-on\"><i class=\"far fa-clock\"><\/i><time datetime=\"1 iulie 2025\">1 iulie 2025<\/time><\/span><\/div><\/div><\/div><\/div>\n    <\/div>\n<\/article><\/div>\n            <div class=\"clearfix\"><\/div>\n        <\/div>            <div class=\"eael-load-more-button-wrap eael-force-hide\">\n                <button class=\"eael-load-more-button\" id=\"eael-load-more-btn-2710854\" data-widget-id=\"2710854\" data-widget=\"2710854\" data-page-id=\"23666\" data-template=\"{&quot;dir&quot;:&quot;lite&quot;,&quot;file_name&quot;:&quot;two.php&quot;,&quot;name&quot;:&quot;Post-Grid&quot;}\" data-class=\"Essential_Addons_Elementor\\Elements\\Post_Grid\" data-layout=\"grid\" data-page=\"1\" data-args=\"orderby=date&amp;order=desc&amp;ignore_sticky_posts=1&amp;post_status=publish&amp;posts_per_page=3&amp;offset=1&amp;post_type=post\" data-max-page=\"24\">\n                    <span class=\"eael-btn-loader button__loader\"><\/span>\n                    <span class=\"eael_load_more_text\">\u00cenc\u0103rca\u021bi mai mult<\/span>\n                <\/button>\n            <\/div>\n            \t\t\t\t<\/div>\n\t\t\t\t<\/div>\n\t\t\t\t\t<\/div>\n\t\t\t\t<\/div>\n\t\t<div class=\"elementor-element elementor-element-a4e38ac e-flex e-con-boxed e-con e-parent\" data-id=\"a4e38ac\" data-element_type=\"container\" data-e-type=\"container\" data-settings=\"{&quot;background_background&quot;:&quot;video&quot;,&quot;background_video_link&quot;:&quot;\\\/wp-content\\\/uploads\\\/2024\\\/04\\\/52ca-4931-a0eb-43055b196c93.mp4&quot;,&quot;background_play_on_mobile&quot;:&quot;yes&quot;}\">\n\t\t\t\t\t<div class=\"e-con-inner\">\n\t\t<div class=\"elementor-background-video-container\">\n\t\t\t\t\t\t\t<video class=\"elementor-background-video-hosted\" role=\"presentation\" autoplay muted playsinline loop><\/video>\n\t\t\t\t\t<\/div><div class=\"elementor-element elementor-element-a5205bc e-con-full e-flex e-con e-child\" data-id=\"a5205bc\" data-element_type=\"container\" data-e-type=\"container\">\n\t\t\t\t<div class=\"elementor-element elementor-element-753976e elementor-widget elementor-widget-heading\" data-id=\"753976e\" data-element_type=\"widget\" data-e-type=\"widget\" data-widget_type=\"heading.default\">\n\t\t\t\t\t<h3 class=\"elementor-heading-title elementor-size-default\">Ave\u021bi nevoie de ajutor?<\/h3>\t\t\t\t<\/div>\n\t\t\t\t<\/div>\n\t\t<div class=\"elementor-element elementor-element-7ea3435 e-con-full e-flex e-con e-child\" data-id=\"7ea3435\" data-element_type=\"container\" data-e-type=\"container\">\n\t\t\t\t<div class=\"elementor-element elementor-element-6f9c20c elementor-align-justify elementor-widget__width-inherit elementor-mobile-align-center elementor-widget elementor-widget-button\" data-id=\"6f9c20c\" data-element_type=\"widget\" data-e-type=\"widget\" data-widget_type=\"button.default\">\n\t\t\t\t\t\t\t\t\t\t<a class=\"elementor-button elementor-button-link elementor-size-sm\" href=\"https:\/\/prochaska.eu\/ro\/contact\/\">\n\t\t\t\t\t\t<span class=\"elementor-button-content-wrapper\">\n\t\t\t\t\t\t\t\t\t<span class=\"elementor-button-text\">Contacta\u021bi-ne!<\/span>\n\t\t\t\t\t<\/span>\n\t\t\t\t\t<\/a>\n\t\t\t\t\t\t\t\t<\/div>\n\t\t\t\t<\/div>\n\t\t\t\t\t<\/div>\n\t\t\t\t<\/div>\n\t\t\t\t<\/div>\n\t\t","protected":false},"excerpt":{"rendered":"<p>TRILO\u00ae: Echipamente de \u00eentre\u021binere a peisajului de elit\u0103 TRILO\u00ae, o marc\u0103 de top a Vanmac B.V., proiecteaz\u0103 \u0219i produce motocositori, aspiratoare, suflante de frunze \u0219i verticuttere de \u00eenalt\u0103 calitate. Unit\u0103\u021bile lor de produc\u021bie sunt situate \u00een Amersfoort, \u021a\u0103rile de Jos, iar alte unit\u0103\u021bi de produc\u021bie se afl\u0103 \u00een Asia. Ma\u0219inile TRILO sunt v\u00e2ndute \u00een peste [&hellip;]<\/p>\n","protected":false},"author":1,"featured_media":0,"parent":0,"menu_order":0,"comment_status":"closed","ping_status":"closed","template":"elementor_header_footer","meta":{"footnotes":""},"class_list":["post-23666","page","type-page","status-publish","hentry"],"yoast_head":"<!-- This site is optimized with the Yoast SEO plugin v27.4 - https:\/\/yoast.com\/product\/yoast-seo-wordpress\/ -->\n<title>Trilo - Prochaska<\/title>\n<meta name=\"robots\" content=\"index, follow, max-snippet:-1, max-image-preview:large, max-video-preview:-1\" \/>\n<link rel=\"canonical\" href=\"https:\/\/prochaska.eu\/ro\/trilo\/\" \/>\n<meta property=\"og:locale\" content=\"ro_RO\" \/>\n<meta property=\"og:type\" content=\"article\" \/>\n<meta property=\"og:title\" content=\"Trilo - Prochaska\" \/>\n<meta property=\"og:description\" content=\"TRILO\u00ae: Echipamente de \u00eentre\u021binere a peisajului de elit\u0103 TRILO\u00ae, o marc\u0103 de top a Vanmac B.V., proiecteaz\u0103 \u0219i produce motocositori, aspiratoare, suflante de frunze \u0219i verticuttere de \u00eenalt\u0103 calitate. Unit\u0103\u021bile lor de produc\u021bie sunt situate \u00een Amersfoort, \u021a\u0103rile de Jos, iar alte unit\u0103\u021bi de produc\u021bie se afl\u0103 \u00een Asia. Ma\u0219inile TRILO sunt v\u00e2ndute \u00een peste [&hellip;]\" \/>\n<meta property=\"og:url\" content=\"https:\/\/prochaska.eu\/ro\/trilo\/\" \/>\n<meta property=\"og:site_name\" content=\"Prochaska\" \/>\n<meta property=\"article:publisher\" content=\"https:\/\/www.facebook.com\/prochaska.eu\/\" \/>\n<meta property=\"article:modified_time\" content=\"2026-03-17T13:16:35+00:00\" \/>\n<meta property=\"og:image\" content=\"https:\/\/prochaska.eu\/wp-content\/uploads\/2026\/03\/TRILO-corporate-logo-2.gif\" \/>\n\t<meta property=\"og:image:width\" content=\"1184\" \/>\n\t<meta property=\"og:image:height\" content=\"429\" \/>\n\t<meta property=\"og:image:type\" content=\"image\/gif\" \/>\n<meta name=\"twitter:card\" content=\"summary_large_image\" \/>\n<meta name=\"twitter:label1\" content=\"Timp estimat pentru citire\" \/>\n\t<meta name=\"twitter:data1\" content=\"2 minute\" \/>\n<script type=\"application\/ld+json\" class=\"yoast-schema-graph\">{\"@context\":\"https:\\\/\\\/schema.org\",\"@graph\":[{\"@type\":\"WebPage\",\"@id\":\"https:\\\/\\\/prochaska.eu\\\/ro\\\/trilo\\\/\",\"url\":\"https:\\\/\\\/prochaska.eu\\\/ro\\\/trilo\\\/\",\"name\":\"Trilo - Prochaska\",\"isPartOf\":{\"@id\":\"https:\\\/\\\/prochaska.eu\\\/ro\\\/#website\"},\"primaryImageOfPage\":{\"@id\":\"https:\\\/\\\/prochaska.eu\\\/ro\\\/trilo\\\/#primaryimage\"},\"image\":{\"@id\":\"https:\\\/\\\/prochaska.eu\\\/ro\\\/trilo\\\/#primaryimage\"},\"thumbnailUrl\":\"https:\\\/\\\/prochaska.eu\\\/wp-content\\\/uploads\\\/2026\\\/03\\\/TRILO-corporate-logo-2-1024x371.gif\",\"datePublished\":\"2024-05-20T10:52:30+00:00\",\"dateModified\":\"2026-03-17T13:16:35+00:00\",\"breadcrumb\":{\"@id\":\"https:\\\/\\\/prochaska.eu\\\/ro\\\/trilo\\\/#breadcrumb\"},\"inLanguage\":\"ro-RO\",\"potentialAction\":[{\"@type\":\"ReadAction\",\"target\":[\"https:\\\/\\\/prochaska.eu\\\/ro\\\/trilo\\\/\"]}]},{\"@type\":\"ImageObject\",\"inLanguage\":\"ro-RO\",\"@id\":\"https:\\\/\\\/prochaska.eu\\\/ro\\\/trilo\\\/#primaryimage\",\"url\":\"https:\\\/\\\/prochaska.eu\\\/wp-content\\\/uploads\\\/2026\\\/03\\\/TRILO-corporate-logo-2-1024x371.gif\",\"contentUrl\":\"https:\\\/\\\/prochaska.eu\\\/wp-content\\\/uploads\\\/2026\\\/03\\\/TRILO-corporate-logo-2-1024x371.gif\"},{\"@type\":\"BreadcrumbList\",\"@id\":\"https:\\\/\\\/prochaska.eu\\\/ro\\\/trilo\\\/#breadcrumb\",\"itemListElement\":[{\"@type\":\"ListItem\",\"position\":1,\"name\":\"Home\",\"item\":\"https:\\\/\\\/prochaska.eu\\\/ro\\\/\"},{\"@type\":\"ListItem\",\"position\":2,\"name\":\"Trilo\"}]},{\"@type\":\"WebSite\",\"@id\":\"https:\\\/\\\/prochaska.eu\\\/ro\\\/#website\",\"url\":\"https:\\\/\\\/prochaska.eu\\\/ro\\\/\",\"name\":\"Prochaska\",\"description\":\"Spezialist f\u00fcr Pflege von Gr\u00fcnfl\u00e4chen\",\"publisher\":{\"@id\":\"https:\\\/\\\/prochaska.eu\\\/ro\\\/#organization\"},\"potentialAction\":[{\"@type\":\"SearchAction\",\"target\":{\"@type\":\"EntryPoint\",\"urlTemplate\":\"https:\\\/\\\/prochaska.eu\\\/ro\\\/?s={search_term_string}\"},\"query-input\":{\"@type\":\"PropertyValueSpecification\",\"valueRequired\":true,\"valueName\":\"search_term_string\"}}],\"inLanguage\":\"ro-RO\"},{\"@type\":\"Organization\",\"@id\":\"https:\\\/\\\/prochaska.eu\\\/ro\\\/#organization\",\"name\":\"Prochaska\",\"url\":\"https:\\\/\\\/prochaska.eu\\\/ro\\\/\",\"logo\":{\"@type\":\"ImageObject\",\"inLanguage\":\"ro-RO\",\"@id\":\"https:\\\/\\\/prochaska.eu\\\/ro\\\/#\\\/schema\\\/logo\\\/image\\\/\",\"url\":\"https:\\\/\\\/prochaska.eu\\\/wp-content\\\/uploads\\\/2024\\\/04\\\/Prochaska_Logo_Black-1.png\",\"contentUrl\":\"https:\\\/\\\/prochaska.eu\\\/wp-content\\\/uploads\\\/2024\\\/04\\\/Prochaska_Logo_Black-1.png\",\"width\":796,\"height\":236,\"caption\":\"Prochaska\"},\"image\":{\"@id\":\"https:\\\/\\\/prochaska.eu\\\/ro\\\/#\\\/schema\\\/logo\\\/image\\\/\"},\"sameAs\":[\"https:\\\/\\\/www.facebook.com\\\/prochaska.eu\\\/\",\"https:\\\/\\\/www.instagram.com\\\/prochaska.eu\\\/\",\"https:\\\/\\\/www.linkedin.com\\\/company\\\/prochaska-handels-gmbh\"]}]}<\/script>\n<!-- \/ Yoast SEO plugin. -->","yoast_head_json":{"title":"Trilo - Prochaska","robots":{"index":"index","follow":"follow","max-snippet":"max-snippet:-1","max-image-preview":"max-image-preview:large","max-video-preview":"max-video-preview:-1"},"canonical":"https:\/\/prochaska.eu\/ro\/trilo\/","og_locale":"ro_RO","og_type":"article","og_title":"Trilo - Prochaska","og_description":"TRILO\u00ae: Echipamente de \u00eentre\u021binere a peisajului de elit\u0103 TRILO\u00ae, o marc\u0103 de top a Vanmac B.V., proiecteaz\u0103 \u0219i produce motocositori, aspiratoare, suflante de frunze \u0219i verticuttere de \u00eenalt\u0103 calitate. Unit\u0103\u021bile lor de produc\u021bie sunt situate \u00een Amersfoort, \u021a\u0103rile de Jos, iar alte unit\u0103\u021bi de produc\u021bie se afl\u0103 \u00een Asia. Ma\u0219inile TRILO sunt v\u00e2ndute \u00een peste [&hellip;]","og_url":"https:\/\/prochaska.eu\/ro\/trilo\/","og_site_name":"Prochaska","article_publisher":"https:\/\/www.facebook.com\/prochaska.eu\/","article_modified_time":"2026-03-17T13:16:35+00:00","og_image":[{"width":1184,"height":429,"url":"https:\/\/prochaska.eu\/wp-content\/uploads\/2026\/03\/TRILO-corporate-logo-2.gif","type":"image\/gif"}],"twitter_card":"summary_large_image","twitter_misc":{"Timp estimat pentru citire":"2 minute"},"schema":{"@context":"https:\/\/schema.org","@graph":[{"@type":"WebPage","@id":"https:\/\/prochaska.eu\/ro\/trilo\/","url":"https:\/\/prochaska.eu\/ro\/trilo\/","name":"Trilo - Prochaska","isPartOf":{"@id":"https:\/\/prochaska.eu\/ro\/#website"},"primaryImageOfPage":{"@id":"https:\/\/prochaska.eu\/ro\/trilo\/#primaryimage"},"image":{"@id":"https:\/\/prochaska.eu\/ro\/trilo\/#primaryimage"},"thumbnailUrl":"https:\/\/prochaska.eu\/wp-content\/uploads\/2026\/03\/TRILO-corporate-logo-2-1024x371.gif","datePublished":"2024-05-20T10:52:30+00:00","dateModified":"2026-03-17T13:16:35+00:00","breadcrumb":{"@id":"https:\/\/prochaska.eu\/ro\/trilo\/#breadcrumb"},"inLanguage":"ro-RO","potentialAction":[{"@type":"ReadAction","target":["https:\/\/prochaska.eu\/ro\/trilo\/"]}]},{"@type":"ImageObject","inLanguage":"ro-RO","@id":"https:\/\/prochaska.eu\/ro\/trilo\/#primaryimage","url":"https:\/\/prochaska.eu\/wp-content\/uploads\/2026\/03\/TRILO-corporate-logo-2-1024x371.gif","contentUrl":"https:\/\/prochaska.eu\/wp-content\/uploads\/2026\/03\/TRILO-corporate-logo-2-1024x371.gif"},{"@type":"BreadcrumbList","@id":"https:\/\/prochaska.eu\/ro\/trilo\/#breadcrumb","itemListElement":[{"@type":"ListItem","position":1,"name":"Home","item":"https:\/\/prochaska.eu\/ro\/"},{"@type":"ListItem","position":2,"name":"Trilo"}]},{"@type":"WebSite","@id":"https:\/\/prochaska.eu\/ro\/#website","url":"https:\/\/prochaska.eu\/ro\/","name":"Prochaska","description":"Spezialist f\u00fcr Pflege von Gr\u00fcnfl\u00e4chen","publisher":{"@id":"https:\/\/prochaska.eu\/ro\/#organization"},"potentialAction":[{"@type":"SearchAction","target":{"@type":"EntryPoint","urlTemplate":"https:\/\/prochaska.eu\/ro\/?s={search_term_string}"},"query-input":{"@type":"PropertyValueSpecification","valueRequired":true,"valueName":"search_term_string"}}],"inLanguage":"ro-RO"},{"@type":"Organization","@id":"https:\/\/prochaska.eu\/ro\/#organization","name":"Prochaska","url":"https:\/\/prochaska.eu\/ro\/","logo":{"@type":"ImageObject","inLanguage":"ro-RO","@id":"https:\/\/prochaska.eu\/ro\/#\/schema\/logo\/image\/","url":"https:\/\/prochaska.eu\/wp-content\/uploads\/2024\/04\/Prochaska_Logo_Black-1.png","contentUrl":"https:\/\/prochaska.eu\/wp-content\/uploads\/2024\/04\/Prochaska_Logo_Black-1.png","width":796,"height":236,"caption":"Prochaska"},"image":{"@id":"https:\/\/prochaska.eu\/ro\/#\/schema\/logo\/image\/"},"sameAs":["https:\/\/www.facebook.com\/prochaska.eu\/","https:\/\/www.instagram.com\/prochaska.eu\/","https:\/\/www.linkedin.com\/company\/prochaska-handels-gmbh"]}]}},"_links":{"self":[{"href":"https:\/\/prochaska.eu\/ro\/wp-json\/wp\/v2\/pages\/23666","targetHints":{"allow":["GET"]}}],"collection":[{"href":"https:\/\/prochaska.eu\/ro\/wp-json\/wp\/v2\/pages"}],"about":[{"href":"https:\/\/prochaska.eu\/ro\/wp-json\/wp\/v2\/types\/page"}],"author":[{"embeddable":true,"href":"https:\/\/prochaska.eu\/ro\/wp-json\/wp\/v2\/users\/1"}],"replies":[{"embeddable":true,"href":"https:\/\/prochaska.eu\/ro\/wp-json\/wp\/v2\/comments?post=23666"}],"version-history":[{"count":6,"href":"https:\/\/prochaska.eu\/ro\/wp-json\/wp\/v2\/pages\/23666\/revisions"}],"predecessor-version":[{"id":33514,"href":"https:\/\/prochaska.eu\/ro\/wp-json\/wp\/v2\/pages\/23666\/revisions\/33514"}],"wp:attachment":[{"href":"https:\/\/prochaska.eu\/ro\/wp-json\/wp\/v2\/media?parent=23666"}],"curies":[{"name":"wp","href":"https:\/\/api.w.org\/{rel}","templated":true}]}}