{"id":24381,"date":"2024-06-20T11:54:15","date_gmt":"2024-06-20T11:54:15","guid":{"rendered":"https:\/\/prochaska.eu\/piese-de-schimb\/"},"modified":"2026-02-11T08:53:50","modified_gmt":"2026-02-11T08:53:50","slug":"piese-de-schimb","status":"publish","type":"page","link":"https:\/\/prochaska.eu\/ro\/piese-de-schimb\/","title":{"rendered":"PIESE DE SCHIMB"},"content":{"rendered":"\t\t<div data-elementor-type=\"wp-page\" data-elementor-id=\"24381\" class=\"elementor elementor-24381 elementor-24368\" data-elementor-post-type=\"page\">\n\t\t\t\t<div class=\"elementor-element elementor-element-ae9dd1c e-flex e-con-boxed e-con e-parent\" data-id=\"ae9dd1c\" data-element_type=\"container\" data-e-type=\"container\" data-settings=\"{&quot;background_background&quot;:&quot;classic&quot;}\">\n\t\t\t\t\t<div class=\"e-con-inner\">\n\t\t\t\t<div class=\"elementor-element elementor-element-ee47927 elementor-widget elementor-widget-heading\" data-id=\"ee47927\" data-element_type=\"widget\" data-e-type=\"widget\" data-widget_type=\"heading.default\">\n\t\t\t\t\t<h1 class=\"elementor-heading-title elementor-size-default\">PIESE DE SCHIMB<\/h1>\t\t\t\t<\/div>\n\t\t\t\t<div class=\"elementor-element elementor-element-a0125eb elementor-widget elementor-widget-text-editor\" data-id=\"a0125eb\" data-element_type=\"widget\" data-e-type=\"widget\" data-widget_type=\"text-editor.default\">\n\t\t\t\t\t\t\t\t\t<p class=\"hero-content-sub-title\"><span>Baza\u021bi-v\u0103 pe piese de schimb originale<\/span><\/p>\t\t\t\t\t\t\t\t<\/div>\n\t\t\t\t<div class=\"elementor-element elementor-element-6d5ee56 elementor-align-center elementor-widget elementor-widget-button\" data-id=\"6d5ee56\" data-element_type=\"widget\" data-e-type=\"widget\" data-widget_type=\"button.default\">\n\t\t\t\t\t\t\t\t\t\t<a class=\"elementor-button elementor-button-link elementor-size-sm\" href=\"https:\/\/prochaska.eu\/ro\/contact\/\">\n\t\t\t\t\t\t<span class=\"elementor-button-content-wrapper\">\n\t\t\t\t\t\t\t\t\t<span class=\"elementor-button-text\">Comanda\u021bi piese de schimb<\/span>\n\t\t\t\t\t<\/span>\n\t\t\t\t\t<\/a>\n\t\t\t\t\t\t\t\t<\/div>\n\t\t\t\t\t<\/div>\n\t\t\t\t<\/div>\n\t\t<div class=\"elementor-element elementor-element-ff3257a e-flex e-con-boxed e-con e-parent\" data-id=\"ff3257a\" data-element_type=\"container\" data-e-type=\"container\" id=\"mvv_tab\">\n\t\t\t\t\t<div class=\"e-con-inner\">\n\t\t\t\t<div class=\"elementor-element elementor-element-8e623d4 elementor-widget elementor-widget-heading\" data-id=\"8e623d4\" data-element_type=\"widget\" data-e-type=\"widget\" data-widget_type=\"heading.default\">\n\t\t\t\t\t<h3 class=\"elementor-heading-title elementor-size-default\">PIESE DE SCHIMB ORIGINALE PENTRU O PERFORMAN\u021a\u0102 OPTIM\u0102<\/h3>\t\t\t\t<\/div>\n\t\t\t\t<div class=\"elementor-element elementor-element-b5a0a4f elementor-widget elementor-widget-text-editor\" data-id=\"b5a0a4f\" data-element_type=\"widget\" data-e-type=\"widget\" data-widget_type=\"text-editor.default\">\n\t\t\t\t\t\t\t\t\t<div class=\"page\" title=\"Pagina 1\"><div class=\"section\"><div class=\"layoutArea\"><div class=\"column\"><p>Fie c\u0103 este vorba de Toro, Kioti, Ico Car, Garia, Wiedenmann, Billy Goat, Trilo sau GreenMech &#8211; avem piesa de schimb potrivit\u0103 pentru ma\u0219ina\/ma\u0219ina dumneavoastr\u0103!<\/p><p>Cele mai comune piese de schimb sunt \u00een stoc, iar noi vom fi bucuro\u0219i s\u0103 comand\u0103m orice altceva pentru dumneavoastr\u0103. Pute\u021bi comanda prin e-mail, prin telefon sau direct din showroom-ul nostru. V\u0103 rug\u0103m s\u0103 ave\u021bi la \u00eendem\u00e2n\u0103 num\u0103rul de model sau de serie atunci c\u00e2nd comanda\u021bi. <\/p><p>Este disponibil\u0103 <a href=\"https:\/\/epc.globgro.com\/\">o c\u0103utare de piese de schimb<\/a> pentru produsele marca Cramer \u0219i Greenworks. Pute\u021bi selecta pur \u0219i simplu produsul dvs. folosind butonul  <a href=\"https:\/\/epc.globgro.com\/\">link \u0219i desc\u0103rca\u021bi o list\u0103 cu piesele de schimb necesare.\nEchipa noastr\u0103 de piese de schimb va fi bucuroas\u0103 s\u0103 se ocupe de piesele de schimb necesare. <\/a><\/p><\/div><\/div><\/div><\/div>\t\t\t\t\t\t\t\t<\/div>\n\t\t\t\t\t<\/div>\n\t\t\t\t<\/div>\n\t\t<div class=\"elementor-element elementor-element-cdc2329 e-flex e-con-boxed e-con e-parent\" data-id=\"cdc2329\" data-element_type=\"container\" data-e-type=\"container\">\n\t\t\t\t\t<div class=\"e-con-inner\">\n\t\t\t\t<div class=\"elementor-element elementor-element-8f9f395 elementor-widget elementor-widget-heading\" data-id=\"8f9f395\" data-element_type=\"widget\" data-e-type=\"widget\" data-widget_type=\"heading.default\">\n\t\t\t\t\t<h3 class=\"elementor-heading-title elementor-size-default\">G\u0102SI\u021aI PIESA DE SCHIMB TORO POTRIVIT\u0102<\/h3>\t\t\t\t<\/div>\n\t\t\t\t<div class=\"elementor-element elementor-element-57c6622 elementor-widget elementor-widget-text-editor\" data-id=\"57c6622\" data-element_type=\"widget\" data-e-type=\"widget\" data-widget_type=\"text-editor.default\">\n\t\t\t\t\t\t\t\t\t<div class=\"page\" title=\"Pagina 1\"><div class=\"section\"><div class=\"layoutArea\"><div class=\"column\"><h2><span style=\"font-size: 16px;\">Cu ajutorul func\u021biei de c\u0103utare Toro Parts, pute\u021bi g\u0103si rapid piesa de schimb potrivit\u0103 pentru dispozitivul dumneavoastr\u0103 Toro. Pur \u0219i simplu introduce\u021bi num\u0103rul de model sau numele produsului \u0219i gata! <\/span><\/h2><\/div><\/div><\/div><\/div>\t\t\t\t\t\t\t\t<\/div>\n\t\t\t\t<div class=\"elementor-element elementor-element-dc7662a elementor-align-center elementor-widget__width-inherit elementor-widget elementor-widget-button\" data-id=\"dc7662a\" data-element_type=\"widget\" data-e-type=\"widget\" data-widget_type=\"button.default\">\n\t\t\t\t\t\t\t\t\t\t<a class=\"elementor-button elementor-button-link elementor-size-sm\" href=\"https:\/\/www.toro.com\/de-de\/parts\" target=\"_blank\">\n\t\t\t\t\t\t<span class=\"elementor-button-content-wrapper\">\n\t\t\t\t\t\t\t\t\t<span class=\"elementor-button-text\">G\u0102SI\u021aI O PIES\u0102 DE SCHIMB ADECVAT\u0102<\/span>\n\t\t\t\t\t<\/span>\n\t\t\t\t\t<\/a>\n\t\t\t\t\t\t\t\t<\/div>\n\t\t\t\t\t<\/div>\n\t\t\t\t<\/div>\n\t\t<div class=\"elementor-element elementor-element-9a4779e e-flex e-con-boxed e-con e-parent\" data-id=\"9a4779e\" data-element_type=\"container\" data-e-type=\"container\">\n\t\t\t\t\t<div class=\"e-con-inner\">\n\t\t\t\t<div class=\"elementor-element elementor-element-d9ea6f3 elementor-widget elementor-widget-heading\" data-id=\"d9ea6f3\" data-element_type=\"widget\" data-e-type=\"widget\" data-widget_type=\"heading.default\">\n\t\t\t\t\t<h3 class=\"elementor-heading-title elementor-size-default\">WEBSHOP PENTRU COMERCIAN\u021aI CU AM\u0102NUNTUL\n<\/h3>\t\t\t\t<\/div>\n\t\t\t\t<div class=\"elementor-element elementor-element-fbecb57 elementor-widget elementor-widget-text-editor\" data-id=\"fbecb57\" data-element_type=\"widget\" data-e-type=\"widget\" data-widget_type=\"text-editor.default\">\n\t\t\t\t\t\t\t\t\t<div class=\"page\" title=\"Pagina 1\"><div class=\"section\"><div class=\"layoutArea\"><div class=\"column\"><p><span>Distribuitorii no\u0219tri au la dispozi\u021bie un serviciu de comand\u0103 online pentru piese de schimb.<\/span><\/p><p><strong><span>Sunte\u021bi un comerciant cu am\u0103nuntul \u0219i nu ave\u021bi \u00eenc\u0103 acces la magazinul nostru?<\/span><\/strong><br><span>Pentru a v\u0103 \u00eenregistra, trimite\u021bi-ne un e-mail la <\/span><a href=\"mailto:webshop-et@prochaska.eu\">\n  <span>webshop-et@prochaska.eu<\/span>\n<\/a><span>  cu subiectul &#8222;\u00cenregistrare utilizator nou&#8221;. V\u0103 rug\u0103m s\u0103 ne furniza\u021bi urm\u0103toarele informa\u021bii: <\/span><\/p><p><span>Numele companiei, num\u0103rul de client, adresa, numele complet al persoanei de contact, adresa de e-mail a persoanei de contact (va fi utilizat\u0103 pentru \u00eenregistrare \u00een viitor), num\u0103rul de telefon al persoanei de contact<\/span><\/p><\/div><\/div><\/div><\/div>\t\t\t\t\t\t\t\t<\/div>\n\t\t\t\t<div class=\"elementor-element elementor-element-f97895b elementor-align-center elementor-widget__width-inherit elementor-widget elementor-widget-button\" data-id=\"f97895b\" data-element_type=\"widget\" data-e-type=\"widget\" data-widget_type=\"button.default\">\n\t\t\t\t\t\t\t\t\t\t<a class=\"elementor-button elementor-button-link elementor-size-sm\" href=\"https:\/\/shop.prochaska.eu\" target=\"_blank\">\n\t\t\t\t\t\t<span class=\"elementor-button-content-wrapper\">\n\t\t\t\t\t\t\t\t\t<span class=\"elementor-button-text\">LA PORTALUL DEALERULUI<\/span>\n\t\t\t\t\t<\/span>\n\t\t\t\t\t<\/a>\n\t\t\t\t\t\t\t\t<\/div>\n\t\t\t\t\t<\/div>\n\t\t\t\t<\/div>\n\t\t<div class=\"elementor-element elementor-element-fd037c4 e-flex e-con-boxed e-con e-parent\" data-id=\"fd037c4\" data-element_type=\"container\" data-e-type=\"container\" data-settings=\"{&quot;background_background&quot;:&quot;video&quot;,&quot;background_video_link&quot;:&quot;\\\/wp-content\\\/uploads\\\/2024\\\/04\\\/52ca-4931-a0eb-43055b196c93.mp4&quot;,&quot;background_play_on_mobile&quot;:&quot;yes&quot;}\">\n\t\t\t\t\t<div class=\"e-con-inner\">\n\t\t<div class=\"elementor-background-video-container\">\n\t\t\t\t\t\t\t<video class=\"elementor-background-video-hosted\" role=\"presentation\" autoplay muted playsinline loop><\/video>\n\t\t\t\t\t<\/div><div class=\"elementor-element elementor-element-c2ebba2 e-con-full e-flex e-con e-child\" data-id=\"c2ebba2\" data-element_type=\"container\" data-e-type=\"container\">\n\t\t\t\t<div class=\"elementor-element elementor-element-2389623 elementor-widget elementor-widget-heading\" data-id=\"2389623\" data-element_type=\"widget\" data-e-type=\"widget\" data-widget_type=\"heading.default\">\n\t\t\t\t\t<h3 class=\"elementor-heading-title elementor-size-default\">Ave\u021bi nevoie de ajutor?<\/h3>\t\t\t\t<\/div>\n\t\t\t\t<\/div>\n\t\t<div class=\"elementor-element elementor-element-ff99323 e-con-full e-flex e-con e-child\" data-id=\"ff99323\" data-element_type=\"container\" data-e-type=\"container\">\n\t\t\t\t<div class=\"elementor-element elementor-element-38ab75c elementor-align-justify elementor-widget__width-inherit elementor-widget elementor-widget-button\" data-id=\"38ab75c\" data-element_type=\"widget\" data-e-type=\"widget\" data-widget_type=\"button.default\">\n\t\t\t\t\t\t\t\t\t\t<a class=\"elementor-button elementor-button-link elementor-size-sm\" href=\"https:\/\/prochaska.eu\/ro\/contact\/\">\n\t\t\t\t\t\t<span class=\"elementor-button-content-wrapper\">\n\t\t\t\t\t\t\t\t\t<span class=\"elementor-button-text\">Contacta\u021bi-ne!<\/span>\n\t\t\t\t\t<\/span>\n\t\t\t\t\t<\/a>\n\t\t\t\t\t\t\t\t<\/div>\n\t\t\t\t<\/div>\n\t\t\t\t\t<\/div>\n\t\t\t\t<\/div>\n\t\t\t\t<\/div>\n\t\t","protected":false},"excerpt":{"rendered":"<p>Baza\u021bi-v\u0103 pe piese de schimb originale Comanda\u021bi piese de schimb PIESE DE SCHIMB ORIGINALE PENTRU O PERFORMAN\u021a\u0102 OPTIM\u0102 Fie c\u0103 este vorba de Toro, Kioti, Ico Car, Garia, Wiedenmann, Billy Goat, Trilo sau GreenMech &#8211; avem piesa de schimb potrivit\u0103 pentru ma\u0219ina\/ma\u0219ina dumneavoastr\u0103! Cele mai comune piese de schimb sunt \u00een stoc, iar noi vom [&hellip;]<\/p>\n","protected":false},"author":1,"featured_media":0,"parent":0,"menu_order":0,"comment_status":"closed","ping_status":"closed","template":"elementor_header_footer","meta":{"footnotes":""},"class_list":["post-24381","page","type-page","status-publish","hentry"],"yoast_head":"<!-- This site is optimized with the Yoast SEO plugin v27.4 - https:\/\/yoast.com\/product\/yoast-seo-wordpress\/ -->\n<title>PIESE DE SCHIMB - Prochaska<\/title>\n<meta name=\"robots\" content=\"index, follow, max-snippet:-1, max-image-preview:large, max-video-preview:-1\" \/>\n<link rel=\"canonical\" href=\"https:\/\/prochaska.eu\/ro\/piese-de-schimb\/\" \/>\n<meta property=\"og:locale\" content=\"ro_RO\" \/>\n<meta property=\"og:type\" content=\"article\" \/>\n<meta property=\"og:title\" content=\"PIESE DE SCHIMB - Prochaska\" \/>\n<meta property=\"og:description\" content=\"Baza\u021bi-v\u0103 pe piese de schimb originale Comanda\u021bi piese de schimb PIESE DE SCHIMB ORIGINALE PENTRU O PERFORMAN\u021a\u0102 OPTIM\u0102 Fie c\u0103 este vorba de Toro, Kioti, Ico Car, Garia, Wiedenmann, Billy Goat, Trilo sau GreenMech &#8211; avem piesa de schimb potrivit\u0103 pentru ma\u0219ina\/ma\u0219ina dumneavoastr\u0103! Cele mai comune piese de schimb sunt \u00een stoc, iar noi vom [&hellip;]\" \/>\n<meta property=\"og:url\" content=\"https:\/\/prochaska.eu\/ro\/piese-de-schimb\/\" \/>\n<meta property=\"og:site_name\" content=\"Prochaska\" \/>\n<meta property=\"article:publisher\" content=\"https:\/\/www.facebook.com\/prochaska.eu\/\" \/>\n<meta property=\"article:modified_time\" content=\"2026-02-11T08:53:50+00:00\" \/>\n<meta name=\"twitter:card\" content=\"summary_large_image\" \/>\n<meta name=\"twitter:label1\" content=\"Timp estimat pentru citire\" \/>\n\t<meta name=\"twitter:data1\" content=\"2 minute\" \/>\n<script type=\"application\/ld+json\" class=\"yoast-schema-graph\">{\"@context\":\"https:\\\/\\\/schema.org\",\"@graph\":[{\"@type\":\"WebPage\",\"@id\":\"https:\\\/\\\/prochaska.eu\\\/ro\\\/piese-de-schimb\\\/\",\"url\":\"https:\\\/\\\/prochaska.eu\\\/ro\\\/piese-de-schimb\\\/\",\"name\":\"PIESE DE SCHIMB - Prochaska\",\"isPartOf\":{\"@id\":\"https:\\\/\\\/prochaska.eu\\\/ro\\\/#website\"},\"datePublished\":\"2024-06-20T11:54:15+00:00\",\"dateModified\":\"2026-02-11T08:53:50+00:00\",\"breadcrumb\":{\"@id\":\"https:\\\/\\\/prochaska.eu\\\/ro\\\/piese-de-schimb\\\/#breadcrumb\"},\"inLanguage\":\"ro-RO\",\"potentialAction\":[{\"@type\":\"ReadAction\",\"target\":[\"https:\\\/\\\/prochaska.eu\\\/ro\\\/piese-de-schimb\\\/\"]}]},{\"@type\":\"BreadcrumbList\",\"@id\":\"https:\\\/\\\/prochaska.eu\\\/ro\\\/piese-de-schimb\\\/#breadcrumb\",\"itemListElement\":[{\"@type\":\"ListItem\",\"position\":1,\"name\":\"Home\",\"item\":\"https:\\\/\\\/prochaska.eu\\\/ro\\\/\"},{\"@type\":\"ListItem\",\"position\":2,\"name\":\"PIESE DE SCHIMB\"}]},{\"@type\":\"WebSite\",\"@id\":\"https:\\\/\\\/prochaska.eu\\\/ro\\\/#website\",\"url\":\"https:\\\/\\\/prochaska.eu\\\/ro\\\/\",\"name\":\"Prochaska\",\"description\":\"Spezialist f\u00fcr Pflege von Gr\u00fcnfl\u00e4chen\",\"publisher\":{\"@id\":\"https:\\\/\\\/prochaska.eu\\\/ro\\\/#organization\"},\"potentialAction\":[{\"@type\":\"SearchAction\",\"target\":{\"@type\":\"EntryPoint\",\"urlTemplate\":\"https:\\\/\\\/prochaska.eu\\\/ro\\\/?s={search_term_string}\"},\"query-input\":{\"@type\":\"PropertyValueSpecification\",\"valueRequired\":true,\"valueName\":\"search_term_string\"}}],\"inLanguage\":\"ro-RO\"},{\"@type\":\"Organization\",\"@id\":\"https:\\\/\\\/prochaska.eu\\\/ro\\\/#organization\",\"name\":\"Prochaska\",\"url\":\"https:\\\/\\\/prochaska.eu\\\/ro\\\/\",\"logo\":{\"@type\":\"ImageObject\",\"inLanguage\":\"ro-RO\",\"@id\":\"https:\\\/\\\/prochaska.eu\\\/ro\\\/#\\\/schema\\\/logo\\\/image\\\/\",\"url\":\"https:\\\/\\\/prochaska.eu\\\/wp-content\\\/uploads\\\/2024\\\/04\\\/Prochaska_Logo_Black-1.png\",\"contentUrl\":\"https:\\\/\\\/prochaska.eu\\\/wp-content\\\/uploads\\\/2024\\\/04\\\/Prochaska_Logo_Black-1.png\",\"width\":796,\"height\":236,\"caption\":\"Prochaska\"},\"image\":{\"@id\":\"https:\\\/\\\/prochaska.eu\\\/ro\\\/#\\\/schema\\\/logo\\\/image\\\/\"},\"sameAs\":[\"https:\\\/\\\/www.facebook.com\\\/prochaska.eu\\\/\",\"https:\\\/\\\/www.instagram.com\\\/prochaska.eu\\\/\",\"https:\\\/\\\/www.linkedin.com\\\/company\\\/prochaska-handels-gmbh\"]}]}<\/script>\n<!-- \/ Yoast SEO plugin. -->","yoast_head_json":{"title":"PIESE DE SCHIMB - Prochaska","robots":{"index":"index","follow":"follow","max-snippet":"max-snippet:-1","max-image-preview":"max-image-preview:large","max-video-preview":"max-video-preview:-1"},"canonical":"https:\/\/prochaska.eu\/ro\/piese-de-schimb\/","og_locale":"ro_RO","og_type":"article","og_title":"PIESE DE SCHIMB - Prochaska","og_description":"Baza\u021bi-v\u0103 pe piese de schimb originale Comanda\u021bi piese de schimb PIESE DE SCHIMB ORIGINALE PENTRU O PERFORMAN\u021a\u0102 OPTIM\u0102 Fie c\u0103 este vorba de Toro, Kioti, Ico Car, Garia, Wiedenmann, Billy Goat, Trilo sau GreenMech &#8211; avem piesa de schimb potrivit\u0103 pentru ma\u0219ina\/ma\u0219ina dumneavoastr\u0103! Cele mai comune piese de schimb sunt \u00een stoc, iar noi vom [&hellip;]","og_url":"https:\/\/prochaska.eu\/ro\/piese-de-schimb\/","og_site_name":"Prochaska","article_publisher":"https:\/\/www.facebook.com\/prochaska.eu\/","article_modified_time":"2026-02-11T08:53:50+00:00","twitter_card":"summary_large_image","twitter_misc":{"Timp estimat pentru citire":"2 minute"},"schema":{"@context":"https:\/\/schema.org","@graph":[{"@type":"WebPage","@id":"https:\/\/prochaska.eu\/ro\/piese-de-schimb\/","url":"https:\/\/prochaska.eu\/ro\/piese-de-schimb\/","name":"PIESE DE SCHIMB - Prochaska","isPartOf":{"@id":"https:\/\/prochaska.eu\/ro\/#website"},"datePublished":"2024-06-20T11:54:15+00:00","dateModified":"2026-02-11T08:53:50+00:00","breadcrumb":{"@id":"https:\/\/prochaska.eu\/ro\/piese-de-schimb\/#breadcrumb"},"inLanguage":"ro-RO","potentialAction":[{"@type":"ReadAction","target":["https:\/\/prochaska.eu\/ro\/piese-de-schimb\/"]}]},{"@type":"BreadcrumbList","@id":"https:\/\/prochaska.eu\/ro\/piese-de-schimb\/#breadcrumb","itemListElement":[{"@type":"ListItem","position":1,"name":"Home","item":"https:\/\/prochaska.eu\/ro\/"},{"@type":"ListItem","position":2,"name":"PIESE DE SCHIMB"}]},{"@type":"WebSite","@id":"https:\/\/prochaska.eu\/ro\/#website","url":"https:\/\/prochaska.eu\/ro\/","name":"Prochaska","description":"Spezialist f\u00fcr Pflege von Gr\u00fcnfl\u00e4chen","publisher":{"@id":"https:\/\/prochaska.eu\/ro\/#organization"},"potentialAction":[{"@type":"SearchAction","target":{"@type":"EntryPoint","urlTemplate":"https:\/\/prochaska.eu\/ro\/?s={search_term_string}"},"query-input":{"@type":"PropertyValueSpecification","valueRequired":true,"valueName":"search_term_string"}}],"inLanguage":"ro-RO"},{"@type":"Organization","@id":"https:\/\/prochaska.eu\/ro\/#organization","name":"Prochaska","url":"https:\/\/prochaska.eu\/ro\/","logo":{"@type":"ImageObject","inLanguage":"ro-RO","@id":"https:\/\/prochaska.eu\/ro\/#\/schema\/logo\/image\/","url":"https:\/\/prochaska.eu\/wp-content\/uploads\/2024\/04\/Prochaska_Logo_Black-1.png","contentUrl":"https:\/\/prochaska.eu\/wp-content\/uploads\/2024\/04\/Prochaska_Logo_Black-1.png","width":796,"height":236,"caption":"Prochaska"},"image":{"@id":"https:\/\/prochaska.eu\/ro\/#\/schema\/logo\/image\/"},"sameAs":["https:\/\/www.facebook.com\/prochaska.eu\/","https:\/\/www.instagram.com\/prochaska.eu\/","https:\/\/www.linkedin.com\/company\/prochaska-handels-gmbh"]}]}},"_links":{"self":[{"href":"https:\/\/prochaska.eu\/ro\/wp-json\/wp\/v2\/pages\/24381","targetHints":{"allow":["GET"]}}],"collection":[{"href":"https:\/\/prochaska.eu\/ro\/wp-json\/wp\/v2\/pages"}],"about":[{"href":"https:\/\/prochaska.eu\/ro\/wp-json\/wp\/v2\/types\/page"}],"author":[{"embeddable":true,"href":"https:\/\/prochaska.eu\/ro\/wp-json\/wp\/v2\/users\/1"}],"replies":[{"embeddable":true,"href":"https:\/\/prochaska.eu\/ro\/wp-json\/wp\/v2\/comments?post=24381"}],"version-history":[{"count":6,"href":"https:\/\/prochaska.eu\/ro\/wp-json\/wp\/v2\/pages\/24381\/revisions"}],"predecessor-version":[{"id":33282,"href":"https:\/\/prochaska.eu\/ro\/wp-json\/wp\/v2\/pages\/24381\/revisions\/33282"}],"wp:attachment":[{"href":"https:\/\/prochaska.eu\/ro\/wp-json\/wp\/v2\/media?parent=24381"}],"curies":[{"name":"wp","href":"https:\/\/api.w.org\/{rel}","templated":true}]}}