{"id":24405,"date":"2024-06-13T13:13:43","date_gmt":"2024-06-13T13:13:43","guid":{"rendered":"https:\/\/prochaska.eu\/imprimare\/"},"modified":"2024-06-20T12:46:17","modified_gmt":"2024-06-20T12:46:17","slug":"imprimare","status":"publish","type":"page","link":"https:\/\/prochaska.eu\/ro\/imprimare\/","title":{"rendered":"Imprimare"},"content":{"rendered":"\t\t<div data-elementor-type=\"wp-page\" data-elementor-id=\"24405\" class=\"elementor elementor-24405 elementor-23761\" data-elementor-post-type=\"page\">\n\t\t\t\t<div class=\"elementor-element elementor-element-82e22fb e-flex e-con-boxed e-con e-parent\" data-id=\"82e22fb\" data-element_type=\"container\" data-e-type=\"container\">\n\t\t\t\t\t<div class=\"e-con-inner\">\n\t\t\t\t<div class=\"elementor-element elementor-element-59ba360 elementor-widget elementor-widget-text-editor\" data-id=\"59ba360\" data-element_type=\"widget\" data-e-type=\"widget\" data-widget_type=\"text-editor.default\">\n\t\t\t\t\t\t\t\t\t<section>\n<div class=\"container content-text background-white left\">\n<div class=\"row\">\n<div class=\"col-xs-12 col-sm-12 col-md-10 col-md-offset-1 col-lg-10 col-lg-offset-1 col\">\n<div class=\"column-content\">\n<h2>PROCHASKA HANDELS GMBH<\/h2>\n<div class=\"rte-text\">\n<p>Pilzgasse 31<br \/>1210 Viena<br \/>Austria<\/p>\n<p>Tel.: <a href=\"tel:+4312785100110\">+43 (1) 278 51 00 &#8211; 110<\/a><br \/>Fax: +43 (1) 278 51 00 &#8211; 900<br \/>Internet: www.prochaska.eu<br \/>E-Mail: <a href=\"mailto:sales@prochaska.eu\">sales@prochaska.eu<\/a><\/p>\n<p>Sediul central: Viena<br \/>Num\u0103rul de \u00eenregistrare al societ\u0103\u021bii: FN 307146k<br \/>Tribunalul comercial: Tribunalul Comercial Viena<br \/>DVR-Nr: 0602264<br \/>UID-Nr.: ATU 64085233<br \/>GLN: 9120043920002<br \/>ISA Nr. 133928<br \/>EORI Nr. ATEOS100000010217<\/p>\n<p>Director general: Dr. Andreas Heger<\/p>\n<p>Scopul societ\u0103\u021bii: Comer\u021bul \u0219i distribu\u021bia de echipamente de gr\u0103din\u0103rit, echipamente pentru camere de z\u0103pad\u0103, municipale, ma\u0219ini de golf pe gazon \u0219i sisteme de iriga\u021bii.<\/p>\n<p>Acest site este utilizat pentru a transmite informa\u021bii despre produsele \u0219i serviciile Prochaska Handels GmbH.<br \/>Camera de Comer\u021b Asociat\u0103 \u0219i trimitere la reglement\u0103rile comerciale aplicabile (reglement\u0103ri comerciale): <a href=\"http:\/\/www.ris.bka.gv.at\/\" target=\"_blank\" rel=\"noopener\">www.ris.bka.gv.at<\/a><\/p>\n<p class=\"functn\"><a href=\"https:\/\/www.functn.com\/\" target=\"_blank\" rel=\"noopener\">dezvoltat de <span class=\"blink cursor\"> functn|<\/span><\/a><\/p>\n<\/div>\n<\/div>\n<\/div>\n<\/div>\n<\/div>\n<\/section>\n<section>\n<div class=\"container content-text background-white left\">\n<div class=\"row\">\n<div class=\"col-xs-12 col-sm-12 col-md-10 col-md-offset-1 col-lg-10 col-lg-offset-1 col\">\n<div class=\"column-content\">\n<h2>LEG\u0102TURI EXTERNE<\/h2>\n<div class=\"rte-text\">\n<p>Acest site web con\u021bine linkuri c\u0103tre site-uri web ale unor ter\u021be p\u0103r\u021bi (&#8222;linkuri externe&#8221;). Aceste site-uri web sunt responsabilitatea operatorilor respectivi. C\u00e2nd linkurile externe au fost conectate pentru prima dat\u0103, furnizorul a verificat con\u021binutul ter\u021bilor pentru a stabili dac\u0103 exist\u0103 \u00eenc\u0103lc\u0103ri ale legii. La momentul respectiv, nu au fost constatate \u00eenc\u0103lc\u0103ri ale legii. Furnizorul nu are nicio influen\u021b\u0103 asupra designului actual \u0219i viitor \u0219i asupra con\u021binutului paginilor legate. Stabilirea de leg\u0103turi externe nu \u00eenseamn\u0103 c\u0103 furnizorul adopt\u0103 con\u021binutul din spatele referin\u021bei sau al leg\u0103turii. Un control permanent al leg\u0103turilor externe nu este rezonabil pentru furnizor \u00een lipsa unor indicii concrete de \u00eenc\u0103lcare a legii. \u00cen cazul \u00een care se constat\u0103 \u00eenc\u0103lc\u0103ri ale legii, astfel de linkuri externe vor fi \u0219terse imediat. \u00cen ciuda unui control atent al con\u021binutului, nu se poate accepta nicio r\u0103spundere pentru con\u021binutul linkurilor externe. Operatorii paginilor legate sunt singurii responsabili pentru con\u021binutul acestora.<\/p>\n<\/div>\n<\/div>\n<\/div>\n<\/div>\n<\/div>\n<\/section>\n<section>\n<div class=\"container content-text background-white left\">\n<div class=\"row\">\n<div class=\"col-xs-12 col-sm-12 col-md-10 col-md-offset-1 col-lg-10 col-lg-offset-1 col\">\n<div class=\"column-content\">\n<h2>DREPTURI DE AUTOR \u0218I CLAUZ\u0102 DE RENUN\u021aARE<\/h2>\n<div class=\"rte-text\">\n<p>\u00cen ceea ce prive\u0219te propriet\u0103\u021bile tehnice ale internetului, nu se poate oferi nicio garan\u021bie pentru autenticitatea, corectitudinea \u0219i caracterul complet al informa\u021biilor puse la dispozi\u021bie pe internet. De asemenea, nu exist\u0103 nicio garan\u021bie pentru disponibilitatea sau func\u021bionarea paginii de internet \u0219i a con\u021binutului acesteia.<\/p>\n<p>Orice r\u0103spundere pentru daune directe, indirecte sau de alt\u0103 natur\u0103, indiferent de cauza acestora, care rezult\u0103 din utilizarea sau indisponibilitatea datelor \u0219i informa\u021biilor de pe aceast\u0103 pagin\u0103 de internet, este exclus\u0103 \u00een m\u0103sura permis\u0103 de lege.<\/p>\n<p>Con\u021binutul acestui site web este protejat prin drepturi de autor. Informa\u021biile sunt destinate exclusiv uzului personal. Este interzis\u0103 orice utilizare ulterioar\u0103, \u00een special stocarea \u00een baze de date, duplicarea \u0219i orice form\u0103 de utilizare comercial\u0103, precum \u0219i transmiterea c\u0103tre ter\u021bi &#8211; chiar \u0219i par\u021bial sau \u00een form\u0103 revizuit\u0103 &#8211; f\u0103r\u0103 acordul proprietarului site-ului web.<\/p>\n<\/div>\n<\/div>\n<\/div>\n<\/div>\n<\/div>\n<\/section>\n\t\t\t\t\t\t\t\t<\/div>\n\t\t\t\t\t<\/div>\n\t\t\t\t<\/div>\n\t\t\t\t<\/div>\n\t\t","protected":false},"excerpt":{"rendered":"<p>PROCHASKA HANDELS GMBH Pilzgasse 311210 VienaAustria Tel.: +43 (1) 278 51 00 &#8211; 110Fax: +43 (1) 278 51 00 &#8211; 900Internet: www.prochaska.euE-Mail: sales@prochaska.eu Sediul central: VienaNum\u0103rul de \u00eenregistrare al societ\u0103\u021bii: FN 307146kTribunalul comercial: Tribunalul Comercial VienaDVR-Nr: 0602264UID-Nr.: ATU 64085233GLN: 9120043920002ISA Nr. 133928EORI Nr. ATEOS100000010217 Director general: Dr. Andreas Heger Scopul societ\u0103\u021bii: Comer\u021bul \u0219i distribu\u021bia de [&hellip;]<\/p>\n","protected":false},"author":1,"featured_media":0,"parent":0,"menu_order":0,"comment_status":"closed","ping_status":"closed","template":"elementor_header_footer","meta":{"footnotes":""},"class_list":["post-24405","page","type-page","status-publish","hentry"],"yoast_head":"<!-- This site is optimized with the Yoast SEO plugin v27.4 - https:\/\/yoast.com\/product\/yoast-seo-wordpress\/ -->\n<title>Imprimare - Prochaska<\/title>\n<meta name=\"robots\" content=\"index, follow, max-snippet:-1, max-image-preview:large, max-video-preview:-1\" \/>\n<link rel=\"canonical\" href=\"https:\/\/prochaska.eu\/ro\/imprimare\/\" \/>\n<meta property=\"og:locale\" content=\"ro_RO\" \/>\n<meta property=\"og:type\" content=\"article\" \/>\n<meta property=\"og:title\" content=\"Imprimare - Prochaska\" \/>\n<meta property=\"og:description\" content=\"PROCHASKA HANDELS GMBH Pilzgasse 311210 VienaAustria Tel.: +43 (1) 278 51 00 &#8211; 110Fax: +43 (1) 278 51 00 &#8211; 900Internet: www.prochaska.euE-Mail: sales@prochaska.eu Sediul central: VienaNum\u0103rul de \u00eenregistrare al societ\u0103\u021bii: FN 307146kTribunalul comercial: Tribunalul Comercial VienaDVR-Nr: 0602264UID-Nr.: ATU 64085233GLN: 9120043920002ISA Nr. 133928EORI Nr. ATEOS100000010217 Director general: Dr. Andreas Heger Scopul societ\u0103\u021bii: Comer\u021bul \u0219i distribu\u021bia de [&hellip;]\" \/>\n<meta property=\"og:url\" content=\"https:\/\/prochaska.eu\/ro\/imprimare\/\" \/>\n<meta property=\"og:site_name\" content=\"Prochaska\" \/>\n<meta property=\"article:publisher\" content=\"https:\/\/www.facebook.com\/prochaska.eu\/\" \/>\n<meta property=\"article:modified_time\" content=\"2024-06-20T12:46:17+00:00\" \/>\n<meta name=\"twitter:card\" content=\"summary_large_image\" \/>\n<meta name=\"twitter:label1\" content=\"Timp estimat pentru citire\" \/>\n\t<meta name=\"twitter:data1\" content=\"2 minute\" \/>\n<script type=\"application\/ld+json\" class=\"yoast-schema-graph\">{\"@context\":\"https:\\\/\\\/schema.org\",\"@graph\":[{\"@type\":\"WebPage\",\"@id\":\"https:\\\/\\\/prochaska.eu\\\/ro\\\/imprimare\\\/\",\"url\":\"https:\\\/\\\/prochaska.eu\\\/ro\\\/imprimare\\\/\",\"name\":\"Imprimare - Prochaska\",\"isPartOf\":{\"@id\":\"https:\\\/\\\/prochaska.eu\\\/ro\\\/#website\"},\"datePublished\":\"2024-06-13T13:13:43+00:00\",\"dateModified\":\"2024-06-20T12:46:17+00:00\",\"breadcrumb\":{\"@id\":\"https:\\\/\\\/prochaska.eu\\\/ro\\\/imprimare\\\/#breadcrumb\"},\"inLanguage\":\"ro-RO\",\"potentialAction\":[{\"@type\":\"ReadAction\",\"target\":[\"https:\\\/\\\/prochaska.eu\\\/ro\\\/imprimare\\\/\"]}]},{\"@type\":\"BreadcrumbList\",\"@id\":\"https:\\\/\\\/prochaska.eu\\\/ro\\\/imprimare\\\/#breadcrumb\",\"itemListElement\":[{\"@type\":\"ListItem\",\"position\":1,\"name\":\"Home\",\"item\":\"https:\\\/\\\/prochaska.eu\\\/ro\\\/\"},{\"@type\":\"ListItem\",\"position\":2,\"name\":\"Imprimare\"}]},{\"@type\":\"WebSite\",\"@id\":\"https:\\\/\\\/prochaska.eu\\\/ro\\\/#website\",\"url\":\"https:\\\/\\\/prochaska.eu\\\/ro\\\/\",\"name\":\"Prochaska\",\"description\":\"Spezialist f\u00fcr Pflege von Gr\u00fcnfl\u00e4chen\",\"publisher\":{\"@id\":\"https:\\\/\\\/prochaska.eu\\\/ro\\\/#organization\"},\"potentialAction\":[{\"@type\":\"SearchAction\",\"target\":{\"@type\":\"EntryPoint\",\"urlTemplate\":\"https:\\\/\\\/prochaska.eu\\\/ro\\\/?s={search_term_string}\"},\"query-input\":{\"@type\":\"PropertyValueSpecification\",\"valueRequired\":true,\"valueName\":\"search_term_string\"}}],\"inLanguage\":\"ro-RO\"},{\"@type\":\"Organization\",\"@id\":\"https:\\\/\\\/prochaska.eu\\\/ro\\\/#organization\",\"name\":\"Prochaska\",\"url\":\"https:\\\/\\\/prochaska.eu\\\/ro\\\/\",\"logo\":{\"@type\":\"ImageObject\",\"inLanguage\":\"ro-RO\",\"@id\":\"https:\\\/\\\/prochaska.eu\\\/ro\\\/#\\\/schema\\\/logo\\\/image\\\/\",\"url\":\"https:\\\/\\\/prochaska.eu\\\/wp-content\\\/uploads\\\/2024\\\/04\\\/Prochaska_Logo_Black-1.png\",\"contentUrl\":\"https:\\\/\\\/prochaska.eu\\\/wp-content\\\/uploads\\\/2024\\\/04\\\/Prochaska_Logo_Black-1.png\",\"width\":796,\"height\":236,\"caption\":\"Prochaska\"},\"image\":{\"@id\":\"https:\\\/\\\/prochaska.eu\\\/ro\\\/#\\\/schema\\\/logo\\\/image\\\/\"},\"sameAs\":[\"https:\\\/\\\/www.facebook.com\\\/prochaska.eu\\\/\",\"https:\\\/\\\/www.instagram.com\\\/prochaska.eu\\\/\",\"https:\\\/\\\/www.linkedin.com\\\/company\\\/prochaska-handels-gmbh\"]}]}<\/script>\n<!-- \/ Yoast SEO plugin. -->","yoast_head_json":{"title":"Imprimare - Prochaska","robots":{"index":"index","follow":"follow","max-snippet":"max-snippet:-1","max-image-preview":"max-image-preview:large","max-video-preview":"max-video-preview:-1"},"canonical":"https:\/\/prochaska.eu\/ro\/imprimare\/","og_locale":"ro_RO","og_type":"article","og_title":"Imprimare - Prochaska","og_description":"PROCHASKA HANDELS GMBH Pilzgasse 311210 VienaAustria Tel.: +43 (1) 278 51 00 &#8211; 110Fax: +43 (1) 278 51 00 &#8211; 900Internet: www.prochaska.euE-Mail: sales@prochaska.eu Sediul central: VienaNum\u0103rul de \u00eenregistrare al societ\u0103\u021bii: FN 307146kTribunalul comercial: Tribunalul Comercial VienaDVR-Nr: 0602264UID-Nr.: ATU 64085233GLN: 9120043920002ISA Nr. 133928EORI Nr. ATEOS100000010217 Director general: Dr. Andreas Heger Scopul societ\u0103\u021bii: Comer\u021bul \u0219i distribu\u021bia de [&hellip;]","og_url":"https:\/\/prochaska.eu\/ro\/imprimare\/","og_site_name":"Prochaska","article_publisher":"https:\/\/www.facebook.com\/prochaska.eu\/","article_modified_time":"2024-06-20T12:46:17+00:00","twitter_card":"summary_large_image","twitter_misc":{"Timp estimat pentru citire":"2 minute"},"schema":{"@context":"https:\/\/schema.org","@graph":[{"@type":"WebPage","@id":"https:\/\/prochaska.eu\/ro\/imprimare\/","url":"https:\/\/prochaska.eu\/ro\/imprimare\/","name":"Imprimare - Prochaska","isPartOf":{"@id":"https:\/\/prochaska.eu\/ro\/#website"},"datePublished":"2024-06-13T13:13:43+00:00","dateModified":"2024-06-20T12:46:17+00:00","breadcrumb":{"@id":"https:\/\/prochaska.eu\/ro\/imprimare\/#breadcrumb"},"inLanguage":"ro-RO","potentialAction":[{"@type":"ReadAction","target":["https:\/\/prochaska.eu\/ro\/imprimare\/"]}]},{"@type":"BreadcrumbList","@id":"https:\/\/prochaska.eu\/ro\/imprimare\/#breadcrumb","itemListElement":[{"@type":"ListItem","position":1,"name":"Home","item":"https:\/\/prochaska.eu\/ro\/"},{"@type":"ListItem","position":2,"name":"Imprimare"}]},{"@type":"WebSite","@id":"https:\/\/prochaska.eu\/ro\/#website","url":"https:\/\/prochaska.eu\/ro\/","name":"Prochaska","description":"Spezialist f\u00fcr Pflege von Gr\u00fcnfl\u00e4chen","publisher":{"@id":"https:\/\/prochaska.eu\/ro\/#organization"},"potentialAction":[{"@type":"SearchAction","target":{"@type":"EntryPoint","urlTemplate":"https:\/\/prochaska.eu\/ro\/?s={search_term_string}"},"query-input":{"@type":"PropertyValueSpecification","valueRequired":true,"valueName":"search_term_string"}}],"inLanguage":"ro-RO"},{"@type":"Organization","@id":"https:\/\/prochaska.eu\/ro\/#organization","name":"Prochaska","url":"https:\/\/prochaska.eu\/ro\/","logo":{"@type":"ImageObject","inLanguage":"ro-RO","@id":"https:\/\/prochaska.eu\/ro\/#\/schema\/logo\/image\/","url":"https:\/\/prochaska.eu\/wp-content\/uploads\/2024\/04\/Prochaska_Logo_Black-1.png","contentUrl":"https:\/\/prochaska.eu\/wp-content\/uploads\/2024\/04\/Prochaska_Logo_Black-1.png","width":796,"height":236,"caption":"Prochaska"},"image":{"@id":"https:\/\/prochaska.eu\/ro\/#\/schema\/logo\/image\/"},"sameAs":["https:\/\/www.facebook.com\/prochaska.eu\/","https:\/\/www.instagram.com\/prochaska.eu\/","https:\/\/www.linkedin.com\/company\/prochaska-handels-gmbh"]}]}},"_links":{"self":[{"href":"https:\/\/prochaska.eu\/ro\/wp-json\/wp\/v2\/pages\/24405","targetHints":{"allow":["GET"]}}],"collection":[{"href":"https:\/\/prochaska.eu\/ro\/wp-json\/wp\/v2\/pages"}],"about":[{"href":"https:\/\/prochaska.eu\/ro\/wp-json\/wp\/v2\/types\/page"}],"author":[{"embeddable":true,"href":"https:\/\/prochaska.eu\/ro\/wp-json\/wp\/v2\/users\/1"}],"replies":[{"embeddable":true,"href":"https:\/\/prochaska.eu\/ro\/wp-json\/wp\/v2\/comments?post=24405"}],"version-history":[{"count":1,"href":"https:\/\/prochaska.eu\/ro\/wp-json\/wp\/v2\/pages\/24405\/revisions"}],"predecessor-version":[{"id":24406,"href":"https:\/\/prochaska.eu\/ro\/wp-json\/wp\/v2\/pages\/24405\/revisions\/24406"}],"wp:attachment":[{"href":"https:\/\/prochaska.eu\/ro\/wp-json\/wp\/v2\/media?parent=24405"}],"curies":[{"name":"wp","href":"https:\/\/api.w.org\/{rel}","templated":true}]}}