{"id":30947,"date":"2024-11-13T15:22:33","date_gmt":"2024-11-13T15:22:33","guid":{"rendered":"https:\/\/prochaska.eu\/formular-de-solicitare-a-garantiei-toro\/"},"modified":"2025-06-20T10:54:44","modified_gmt":"2025-06-20T10:54:44","slug":"formular-de-solicitare-a-garantiei-toro","status":"publish","type":"page","link":"https:\/\/prochaska.eu\/ro\/formular-de-solicitare-a-garantiei-toro\/","title":{"rendered":"Formular de solicitare a garan\u021biei Toro"},"content":{"rendered":"<style>.elementor-30947 .elementor-element.elementor-element-436f627{--display:flex;--min-height:600px;--flex-direction:column;--container-widget-width:calc( ( 1 - var( --container-widget-flex-grow ) ) * 100% );--container-widget-height:initial;--container-widget-flex-grow:0;--container-widget-align-self:initial;--flex-wrap-mobile:wrap;--justify-content:center;--align-items:center;--overlay-opacity:0.4;}.elementor-30947 .elementor-element.elementor-element-436f627:not(.elementor-motion-effects-element-type-background), .elementor-30947 .elementor-element.elementor-element-436f627 > .elementor-motion-effects-container > .elementor-motion-effects-layer{background-image:url(\"https:\/\/prochaska.eu\/wp-content\/uploads\/2024\/11\/Garantien.png\");background-position:bottom center;background-repeat:no-repeat;background-size:cover;}.elementor-30947 .elementor-element.elementor-element-436f627::before, .elementor-30947 .elementor-element.elementor-element-436f627 > .elementor-background-video-container::before, .elementor-30947 .elementor-element.elementor-element-436f627 > .e-con-inner > .elementor-background-video-container::before, .elementor-30947 .elementor-element.elementor-element-436f627 > .elementor-background-slideshow::before, .elementor-30947 .elementor-element.elementor-element-436f627 > .e-con-inner > .elementor-background-slideshow::before, .elementor-30947 .elementor-element.elementor-element-436f627 > .elementor-motion-effects-container > .elementor-motion-effects-layer::before{--background-overlay:'';background-color:#000000;}.elementor-widget-heading .elementor-heading-title{font-family:var( --e-global-typography-primary-font-family ), Sans-serif;font-weight:var( --e-global-typography-primary-font-weight );color:var( --e-global-color-primary );}.elementor-30947 .elementor-element.elementor-element-ca3e0c7{text-align:center;}.elementor-30947 .elementor-element.elementor-element-ca3e0c7 .elementor-heading-title{font-family:\"Roboto\", Sans-serif;font-weight:600;text-transform:uppercase;color:#FFFFFF;}.elementor-30947 .elementor-element.elementor-element-b9c81a9{--display:flex;}.elementor-30947 .elementor-element.elementor-element-88953f4{--spacer-size:50px;}.elementor-30947 .elementor-element.elementor-element-a8d394c .elementor-heading-title{color:var( --e-global-color-4121b71 );}.elementor-widget-text-editor{font-family:var( --e-global-typography-text-font-family ), Sans-serif;font-weight:var( --e-global-typography-text-font-weight );color:var( --e-global-color-text );}.elementor-widget-text-editor.elementor-drop-cap-view-stacked .elementor-drop-cap{background-color:var( --e-global-color-primary );}.elementor-widget-text-editor.elementor-drop-cap-view-framed .elementor-drop-cap, .elementor-widget-text-editor.elementor-drop-cap-view-default .elementor-drop-cap{color:var( --e-global-color-primary );border-color:var( --e-global-color-primary );}.elementor-30947 .elementor-element.elementor-element-159d8d3{--spacer-size:50px;}.elementor-30947 .elementor-element.elementor-element-68597b4 .elementor-heading-title{color:var( --e-global-color-4121b71 );}.elementor-30947 .elementor-element.elementor-element-761c451{--spacer-size:50px;}.elementor-30947 .elementor-element.elementor-element-0a69845 .elementor-heading-title{color:var( --e-global-color-4121b71 );}.elementor-30947 .elementor-element.elementor-element-67ed422{--spacer-size:50px;}.elementor-30947 .elementor-element.elementor-element-df1835f{--display:flex;}.elementor-30947 .elementor-element.elementor-element-3b92bae{--display:flex;--flex-direction:column;--container-widget-width:100%;--container-widget-height:initial;--container-widget-flex-grow:0;--container-widget-align-self:initial;--flex-wrap-mobile:wrap;--padding-top:40px;--padding-bottom:40px;--padding-left:0px;--padding-right:0px;}.elementor-30947 .elementor-element.elementor-element-3b92bae:not(.elementor-motion-effects-element-type-background), .elementor-30947 .elementor-element.elementor-element-3b92bae > .elementor-motion-effects-container > .elementor-motion-effects-layer{background-color:transparent;background-image:linear-gradient(90deg, #8DC637 0%, #00650B 100%);}.elementor-30947 .elementor-element.elementor-element-2c51e91{text-align:center;}.elementor-30947 .elementor-element.elementor-element-2c51e91 .elementor-heading-title{font-family:\"Roboto\", Sans-serif;font-size:20px;font-weight:600;color:#FFFFFF;}.elementor-30947 .elementor-element.elementor-element-0e8c303 .elementor-repeater-item-8e43717.elementor-social-icon{background-color:#02010100;}.elementor-30947 .elementor-element.elementor-element-0e8c303 .elementor-repeater-item-8e43717.elementor-social-icon i{color:#FFFFFF;}.elementor-30947 .elementor-element.elementor-element-0e8c303 .elementor-repeater-item-8e43717.elementor-social-icon svg{fill:#FFFFFF;}.elementor-30947 .elementor-element.elementor-element-0e8c303{--grid-template-columns:repeat(0, auto);text-align:center;--icon-size:80px;--grid-column-gap:0px;--grid-row-gap:0px;}.elementor-30947 .elementor-element.elementor-element-0e8c303 .elementor-social-icon{background-color:#02010100;--icon-padding:0.3em;}.elementor-30947 .elementor-element.elementor-element-0e8c303 .elementor-social-icon i{color:#FFFFFF;}.elementor-30947 .elementor-element.elementor-element-0e8c303 .elementor-social-icon svg{fill:#FFFFFF;}.elementor-30947 .elementor-element.elementor-element-5728748{--display:flex;}@media(max-width:767px){.elementor-30947 .elementor-element.elementor-element-436f627{--min-height:200px;}}<\/style>\t\t<div data-elementor-type=\"wp-page\" data-elementor-id=\"30947\" class=\"elementor elementor-30947 elementor-28741\" data-elementor-post-type=\"page\">\n\t\t\t\t<div class=\"elementor-element elementor-element-436f627 e-flex e-con-boxed e-con e-parent\" data-id=\"436f627\" data-element_type=\"container\" data-e-type=\"container\" data-settings=\"{&quot;background_background&quot;:&quot;classic&quot;}\">\n\t\t\t\t\t<div class=\"e-con-inner\">\n\t\t\t\t<div class=\"elementor-element elementor-element-ca3e0c7 elementor-widget elementor-widget-heading\" data-id=\"ca3e0c7\" data-element_type=\"widget\" data-e-type=\"widget\" data-widget_type=\"heading.default\">\n\t\t\t\t\t<h1 class=\"elementor-heading-title elementor-size-default\">Formular de solicitare a garan\u021biei Toro<\/h1>\t\t\t\t<\/div>\n\t\t\t\t\t<\/div>\n\t\t\t\t<\/div>\n\t\t<div class=\"elementor-element elementor-element-b9c81a9 e-flex e-con-boxed e-con e-parent\" data-id=\"b9c81a9\" data-element_type=\"container\" data-e-type=\"container\">\n\t\t\t\t\t<div class=\"e-con-inner\">\n\t\t\t\t<div class=\"elementor-element elementor-element-88953f4 elementor-widget elementor-widget-spacer\" data-id=\"88953f4\" data-element_type=\"widget\" data-e-type=\"widget\" data-widget_type=\"spacer.default\">\n\t\t\t\t\t\t\t<div class=\"elementor-spacer\">\n\t\t\t<div class=\"elementor-spacer-inner\"><\/div>\n\t\t<\/div>\n\t\t\t\t\t\t<\/div>\n\t\t\t\t<div class=\"elementor-element elementor-element-a8d394c elementor-widget elementor-widget-heading\" data-id=\"a8d394c\" data-element_type=\"widget\" data-e-type=\"widget\" data-widget_type=\"heading.default\">\n\t\t\t\t\t<h2 class=\"elementor-heading-title elementor-size-default\">Informa\u021bii privind garan\u021bia<\/h2>\t\t\t\t<\/div>\n\t\t\t\t<div class=\"elementor-element elementor-element-7027cfa elementor-widget elementor-widget-text-editor\" data-id=\"7027cfa\" data-element_type=\"widget\" data-e-type=\"widget\" data-widget_type=\"text-editor.default\">\n\t\t\t\t\t\t\t\t\t<h4>Ma\u0219in\u0103 de tuns iarba manual\u0103 (53 &#8211; 76 cm l\u0103\u021bime de t\u0103iere)<\/h4><ul><li><strong>Utilizare privat\u0103<\/strong>: garan\u021bie de 2 ani<\/li><li><strong>Utilizare comercial\u0103<\/strong>: garan\u021bie de 1 an (motor: 2 ani)<\/li><li> <\/li><\/ul><h4>Produse 60V<\/h4><ul><li><strong>Utilizare privat\u0103<\/strong>: garan\u021bie de 3 ani<\/li><li><strong>Utilizare comercial\u0103<\/strong>: de la 30 de zile la 2 ani (contacta\u021bi-ne pentru informa\u021bii specifice)<\/li><li> <\/li><\/ul><h4>Cositoare TimeCutter\/TimeMaster<\/h4><ul><li><strong>Garan\u021bie general\u0103<\/strong>: 3 ani<\/li><li><strong>Motor<\/strong>: Garan\u021bia depinde de produc\u0103tor<\/li><li> <\/li><\/ul><h4>Ma\u0219in\u0103 de tuns iarba cu plimbare<\/h4><ul><li><strong>Perioada de garan\u021bie<\/strong>: 2 ani<\/li><\/ul>\t\t\t\t\t\t\t\t<\/div>\n\t\t\t\t<div class=\"elementor-element elementor-element-159d8d3 elementor-widget elementor-widget-spacer\" data-id=\"159d8d3\" data-element_type=\"widget\" data-e-type=\"widget\" data-widget_type=\"spacer.default\">\n\t\t\t\t\t\t\t<div class=\"elementor-spacer\">\n\t\t\t<div class=\"elementor-spacer-inner\"><\/div>\n\t\t<\/div>\n\t\t\t\t\t\t<\/div>\n\t\t\t\t<div class=\"elementor-element elementor-element-68597b4 elementor-widget elementor-widget-heading\" data-id=\"68597b4\" data-element_type=\"widget\" data-e-type=\"widget\" data-widget_type=\"heading.default\">\n\t\t\t\t\t<h2 class=\"elementor-heading-title elementor-size-default\">Ma\u0219ini mari<\/h2>\t\t\t\t<\/div>\n\t\t\t\t<div class=\"elementor-element elementor-element-c42aaf8 elementor-widget elementor-widget-text-editor\" data-id=\"c42aaf8\" data-element_type=\"widget\" data-e-type=\"widget\" data-widget_type=\"text-editor.default\">\n\t\t\t\t\t\t\t\t\t<h4>Garan\u021bii speciale<\/h4><ul><li><strong>GrandStand\u00ae<\/strong>: 5 ani sau 1.200 de ore de func\u021bionare (motor: 3 ani)<\/li><li><strong>Vehicul navet\u0103 Vista\u00ae \u0219i vehicul cu litiu Workman\u00ae<\/strong>: 5 ani sau 1,5 MWh\u00b9<\/li><li><strong>Greensmaster\u00ae, e TriFlex\u00ae 3370 tractor; Groundsmaster\u00ae e3200 \u0219i 2330<\/strong>: 4 ani sau 1,5 MWh\u00b9<\/li><li> <\/li><\/ul><h4>Toate celelalte ma\u0219ini mari<\/h4><ul><li><strong>Perioada de garan\u021bie<\/strong>: 2 ani sau 1.500 de ore de func\u021bionare<\/li><li><strong>Motoare \u0219i baterii<\/strong>: Garan\u021bia depinde de produc\u0103tor<\/li><\/ul>\t\t\t\t\t\t\t\t<\/div>\n\t\t\t\t<div class=\"elementor-element elementor-element-761c451 elementor-widget elementor-widget-spacer\" data-id=\"761c451\" data-element_type=\"widget\" data-e-type=\"widget\" data-widget_type=\"spacer.default\">\n\t\t\t\t\t\t\t<div class=\"elementor-spacer\">\n\t\t\t<div class=\"elementor-spacer-inner\"><\/div>\n\t\t<\/div>\n\t\t\t\t\t\t<\/div>\n\t\t\t\t<div class=\"elementor-element elementor-element-0a69845 elementor-widget elementor-widget-heading\" data-id=\"0a69845\" data-element_type=\"widget\" data-e-type=\"widget\" data-widget_type=\"heading.default\">\n\t\t\t\t\t<h2 class=\"elementor-heading-title elementor-size-default\">Piese de schimb<\/h2>\t\t\t\t<\/div>\n\t\t\t\t<div class=\"elementor-element elementor-element-39efe33 elementor-widget elementor-widget-text-editor\" data-id=\"39efe33\" data-element_type=\"widget\" data-e-type=\"widget\" data-widget_type=\"text-editor.default\">\n\t\t\t\t\t\t\t\t\t<ul><li><strong>Perioada de garan\u021bie<\/strong>: 90 de zile<\/li><li> <\/li><\/ul><p>Dac\u0103 ave\u021bi \u00eentreb\u0103ri cu privire la garan\u021bie sau ave\u021bi nevoie de informa\u021bii suplimentare, v\u0103 rug\u0103m s\u0103 contacta\u021bi echipa noastr\u0103 la <a href=\"garantie@prochaska.eu\">garantie@prochaska.eu.<\/a> Vom fi bucuro\u0219i s\u0103 v\u0103 ajut\u0103m!<\/p>\t\t\t\t\t\t\t\t<\/div>\n\t\t\t\t<div class=\"elementor-element elementor-element-67ed422 elementor-widget elementor-widget-spacer\" data-id=\"67ed422\" data-element_type=\"widget\" data-e-type=\"widget\" data-widget_type=\"spacer.default\">\n\t\t\t\t\t\t\t<div class=\"elementor-spacer\">\n\t\t\t<div class=\"elementor-spacer-inner\"><\/div>\n\t\t<\/div>\n\t\t\t\t\t\t<\/div>\n\t\t\t\t<div class=\"elementor-element elementor-element-884a77e elementor-widget elementor-widget-html\" data-id=\"884a77e\" data-element_type=\"widget\" data-e-type=\"widget\" data-widget_type=\"html.default\">\n\t\t\t\t\t<iframe src=\"https:\/\/docs.google.com\/forms\/d\/e\/1FAIpQLSfi4k1gmg-SwaBU8vX9OMo9KaCsOosKH6MKSDf7B129LvPOww\/viewform?embedded=true\" width=\"100%\" height=\"800\" frameborder=\"0\" marginheight=\"0\" marginwidth=\"0\">\u00cenc\u0103rcare...<\/iframe>\r\n\t\t\t\t<\/div>\n\t\t\t\t\t<\/div>\n\t\t\t\t<\/div>\n\t\t<div class=\"elementor-element elementor-element-df1835f e-flex e-con-boxed e-con e-parent\" data-id=\"df1835f\" data-element_type=\"container\" data-e-type=\"container\">\n\t\t\t\t\t<div class=\"e-con-inner\">\n\t\t\t\t\t<\/div>\n\t\t\t\t<\/div>\n\t\t<div class=\"elementor-element elementor-element-3b92bae e-flex e-con-boxed e-con e-parent\" data-id=\"3b92bae\" data-element_type=\"container\" data-e-type=\"container\" data-settings=\"{&quot;background_background&quot;:&quot;gradient&quot;}\">\n\t\t\t\t\t<div class=\"e-con-inner\">\n\t\t\t\t<div class=\"elementor-element elementor-element-2c51e91 elementor-widget elementor-widget-heading\" data-id=\"2c51e91\" data-element_type=\"widget\" data-e-type=\"widget\" data-widget_type=\"heading.default\">\n\t\t\t\t\t<h3 class=\"elementor-heading-title elementor-size-default\">URM\u0102RI\u021aI-NE PE SOCIAL MEDIA<\/h3>\t\t\t\t<\/div>\n\t\t\t\t<div class=\"elementor-element elementor-element-0e8c303 elementor-shape-rounded elementor-grid-0 e-grid-align-center elementor-widget elementor-widget-social-icons\" data-id=\"0e8c303\" data-element_type=\"widget\" data-e-type=\"widget\" data-widget_type=\"social-icons.default\">\n\t\t\t\t\t\t\t<div class=\"elementor-social-icons-wrapper elementor-grid\" role=\"list\">\n\t\t\t\t\t\t\t<span class=\"elementor-grid-item\" role=\"listitem\">\n\t\t\t\t\t<a class=\"elementor-icon elementor-social-icon elementor-social-icon-facebook elementor-repeater-item-8e43717\" href=\"https:\/\/www.facebook.com\/prochaska.eu\/\" target=\"_blank\">\n\t\t\t\t\t\t<span class=\"elementor-screen-only\">Facebook<\/span>\n\t\t\t\t\t\t<svg aria-hidden=\"true\" class=\"e-font-icon-svg e-fab-facebook\" viewBox=\"0 0 512 512\" xmlns=\"http:\/\/www.w3.org\/2000\/svg\"><path d=\"M504 256C504 119 393 8 256 8S8 119 8 256c0 123.78 90.69 226.38 209.25 245V327.69h-63V256h63v-54.64c0-62.15 37-96.48 93.67-96.48 27.14 0 55.52 4.84 55.52 4.84v61h-31.28c-30.8 0-40.41 19.12-40.41 38.73V256h68.78l-11 71.69h-57.78V501C413.31 482.38 504 379.78 504 256z\"><\/path><\/svg>\t\t\t\t\t<\/a>\n\t\t\t\t<\/span>\n\t\t\t\t\t\t\t<span class=\"elementor-grid-item\" role=\"listitem\">\n\t\t\t\t\t<a class=\"elementor-icon elementor-social-icon elementor-social-icon-instagram elementor-repeater-item-c9568ed\" target=\"_blank\">\n\t\t\t\t\t\t<span class=\"elementor-screen-only\">Instagram<\/span>\n\t\t\t\t\t\t<svg aria-hidden=\"true\" class=\"e-font-icon-svg e-fab-instagram\" viewBox=\"0 0 448 512\" xmlns=\"http:\/\/www.w3.org\/2000\/svg\"><path d=\"M224.1 141c-63.6 0-114.9 51.3-114.9 114.9s51.3 114.9 114.9 114.9S339 319.5 339 255.9 287.7 141 224.1 141zm0 189.6c-41.1 0-74.7-33.5-74.7-74.7s33.5-74.7 74.7-74.7 74.7 33.5 74.7 74.7-33.6 74.7-74.7 74.7zm146.4-194.3c0 14.9-12 26.8-26.8 26.8-14.9 0-26.8-12-26.8-26.8s12-26.8 26.8-26.8 26.8 12 26.8 26.8zm76.1 27.2c-1.7-35.9-9.9-67.7-36.2-93.9-26.2-26.2-58-34.4-93.9-36.2-37-2.1-147.9-2.1-184.9 0-35.8 1.7-67.6 9.9-93.9 36.1s-34.4 58-36.2 93.9c-2.1 37-2.1 147.9 0 184.9 1.7 35.9 9.9 67.7 36.2 93.9s58 34.4 93.9 36.2c37 2.1 147.9 2.1 184.9 0 35.9-1.7 67.7-9.9 93.9-36.2 26.2-26.2 34.4-58 36.2-93.9 2.1-37 2.1-147.8 0-184.8zM398.8 388c-7.8 19.6-22.9 34.7-42.6 42.6-29.5 11.7-99.5 9-132.1 9s-102.7 2.6-132.1-9c-19.6-7.8-34.7-22.9-42.6-42.6-11.7-29.5-9-99.5-9-132.1s-2.6-102.7 9-132.1c7.8-19.6 22.9-34.7 42.6-42.6 29.5-11.7 99.5-9 132.1-9s102.7-2.6 132.1 9c19.6 7.8 34.7 22.9 42.6 42.6 11.7 29.5 9 99.5 9 132.1s2.7 102.7-9 132.1z\"><\/path><\/svg>\t\t\t\t\t<\/a>\n\t\t\t\t<\/span>\n\t\t\t\t\t\t\t<span class=\"elementor-grid-item\" role=\"listitem\">\n\t\t\t\t\t<a class=\"elementor-icon elementor-social-icon elementor-social-icon-linkedin elementor-repeater-item-5579efd\" target=\"_blank\">\n\t\t\t\t\t\t<span class=\"elementor-screen-only\">Linkedin<\/span>\n\t\t\t\t\t\t<svg aria-hidden=\"true\" class=\"e-font-icon-svg e-fab-linkedin\" viewBox=\"0 0 448 512\" xmlns=\"http:\/\/www.w3.org\/2000\/svg\"><path d=\"M416 32H31.9C14.3 32 0 46.5 0 64.3v383.4C0 465.5 14.3 480 31.9 480H416c17.6 0 32-14.5 32-32.3V64.3c0-17.8-14.4-32.3-32-32.3zM135.4 416H69V202.2h66.5V416zm-33.2-243c-21.3 0-38.5-17.3-38.5-38.5S80.9 96 102.2 96c21.2 0 38.5 17.3 38.5 38.5 0 21.3-17.2 38.5-38.5 38.5zm282.1 243h-66.4V312c0-24.8-.5-56.7-34.5-56.7-34.6 0-39.9 27-39.9 54.9V416h-66.4V202.2h63.7v29.2h.9c8.9-16.8 30.6-34.5 62.9-34.5 67.2 0 79.7 44.3 79.7 101.9V416z\"><\/path><\/svg>\t\t\t\t\t<\/a>\n\t\t\t\t<\/span>\n\t\t\t\t\t\t\t<span class=\"elementor-grid-item\" role=\"listitem\">\n\t\t\t\t\t<a class=\"elementor-icon elementor-social-icon elementor-social-icon-youtube elementor-repeater-item-e29f9da\" target=\"_blank\">\n\t\t\t\t\t\t<span class=\"elementor-screen-only\">Youtube<\/span>\n\t\t\t\t\t\t<svg aria-hidden=\"true\" class=\"e-font-icon-svg e-fab-youtube\" viewBox=\"0 0 576 512\" xmlns=\"http:\/\/www.w3.org\/2000\/svg\"><path d=\"M549.655 124.083c-6.281-23.65-24.787-42.276-48.284-48.597C458.781 64 288 64 288 64S117.22 64 74.629 75.486c-23.497 6.322-42.003 24.947-48.284 48.597-11.412 42.867-11.412 132.305-11.412 132.305s0 89.438 11.412 132.305c6.281 23.65 24.787 41.5 48.284 47.821C117.22 448 288 448 288 448s170.78 0 213.371-11.486c23.497-6.321 42.003-24.171 48.284-47.821 11.412-42.867 11.412-132.305 11.412-132.305s0-89.438-11.412-132.305zm-317.51 213.508V175.185l142.739 81.205-142.739 81.201z\"><\/path><\/svg>\t\t\t\t\t<\/a>\n\t\t\t\t<\/span>\n\t\t\t\t\t<\/div>\n\t\t\t\t\t\t<\/div>\n\t\t\t\t\t<\/div>\n\t\t\t\t<\/div>\n\t\t<div class=\"elementor-element elementor-element-5728748 e-flex e-con-boxed e-con e-parent\" data-id=\"5728748\" data-element_type=\"container\" data-e-type=\"container\">\n\t\t\t\t\t<div class=\"e-con-inner\">\n\t\t\t\t\t<\/div>\n\t\t\t\t<\/div>\n\t\t\t\t<\/div>\n\t\t","protected":false},"excerpt":{"rendered":"<p>Informa\u021bii privind garan\u021bia Ma\u0219in\u0103 de tuns iarba manual\u0103 (53 &#8211; 76 cm l\u0103\u021bime de t\u0103iere) Utilizare privat\u0103: garan\u021bie de 2 ani Utilizare comercial\u0103: garan\u021bie de 1 an (motor: 2 ani) Produse 60V Utilizare privat\u0103: garan\u021bie de 3 ani Utilizare comercial\u0103: de la 30 de zile la 2 ani (contacta\u021bi-ne pentru informa\u021bii specifice) Cositoare TimeCutter\/TimeMaster Garan\u021bie [&hellip;]<\/p>\n","protected":false},"author":4,"featured_media":0,"parent":0,"menu_order":0,"comment_status":"closed","ping_status":"closed","template":"elementor_header_footer","meta":{"footnotes":""},"class_list":["post-30947","page","type-page","status-publish","hentry"],"yoast_head":"<!-- This site is optimized with the Yoast SEO plugin v27.2 - https:\/\/yoast.com\/product\/yoast-seo-wordpress\/ -->\n<title>Formular de solicitare a garan\u021biei Toro - Prochaska<\/title>\n<meta name=\"robots\" content=\"index, follow, max-snippet:-1, max-image-preview:large, max-video-preview:-1\" \/>\n<link rel=\"canonical\" href=\"https:\/\/prochaska.eu\/ro\/formular-de-solicitare-a-garantiei-toro\/\" \/>\n<meta property=\"og:locale\" content=\"ro_RO\" \/>\n<meta property=\"og:type\" content=\"article\" \/>\n<meta property=\"og:title\" content=\"Formular de solicitare a garan\u021biei Toro - Prochaska\" \/>\n<meta property=\"og:description\" content=\"Informa\u021bii privind garan\u021bia Ma\u0219in\u0103 de tuns iarba manual\u0103 (53 &#8211; 76 cm l\u0103\u021bime de t\u0103iere) Utilizare privat\u0103: garan\u021bie de 2 ani Utilizare comercial\u0103: garan\u021bie de 1 an (motor: 2 ani) Produse 60V Utilizare privat\u0103: garan\u021bie de 3 ani Utilizare comercial\u0103: de la 30 de zile la 2 ani (contacta\u021bi-ne pentru informa\u021bii specifice) Cositoare TimeCutter\/TimeMaster Garan\u021bie [&hellip;]\" \/>\n<meta property=\"og:url\" content=\"https:\/\/prochaska.eu\/ro\/formular-de-solicitare-a-garantiei-toro\/\" \/>\n<meta property=\"og:site_name\" content=\"Prochaska\" \/>\n<meta property=\"article:publisher\" content=\"https:\/\/www.facebook.com\/prochaska.eu\/\" \/>\n<meta property=\"article:modified_time\" content=\"2025-06-20T10:54:44+00:00\" \/>\n<meta name=\"twitter:card\" content=\"summary_large_image\" \/>\n<meta name=\"twitter:label1\" content=\"Timp estimat pentru citire\" \/>\n\t<meta name=\"twitter:data1\" content=\"1 minut\" \/>\n<script type=\"application\/ld+json\" class=\"yoast-schema-graph\">{\"@context\":\"https:\/\/schema.org\",\"@graph\":[{\"@type\":\"WebPage\",\"@id\":\"https:\/\/prochaska.eu\/ro\/formular-de-solicitare-a-garantiei-toro\/\",\"url\":\"https:\/\/prochaska.eu\/ro\/formular-de-solicitare-a-garantiei-toro\/\",\"name\":\"Formular de solicitare a garan\u021biei Toro - Prochaska\",\"isPartOf\":{\"@id\":\"https:\/\/prochaska.eu\/ro\/#website\"},\"datePublished\":\"2024-11-13T15:22:33+00:00\",\"dateModified\":\"2025-06-20T10:54:44+00:00\",\"breadcrumb\":{\"@id\":\"https:\/\/prochaska.eu\/ro\/formular-de-solicitare-a-garantiei-toro\/#breadcrumb\"},\"inLanguage\":\"ro-RO\",\"potentialAction\":[{\"@type\":\"ReadAction\",\"target\":[\"https:\/\/prochaska.eu\/ro\/formular-de-solicitare-a-garantiei-toro\/\"]}]},{\"@type\":\"BreadcrumbList\",\"@id\":\"https:\/\/prochaska.eu\/ro\/formular-de-solicitare-a-garantiei-toro\/#breadcrumb\",\"itemListElement\":[{\"@type\":\"ListItem\",\"position\":1,\"name\":\"Home\",\"item\":\"https:\/\/prochaska.eu\/ro\/\"},{\"@type\":\"ListItem\",\"position\":2,\"name\":\"Formular de solicitare a garan\u021biei Toro\"}]},{\"@type\":\"WebSite\",\"@id\":\"https:\/\/prochaska.eu\/ro\/#website\",\"url\":\"https:\/\/prochaska.eu\/ro\/\",\"name\":\"Prochaska\",\"description\":\"Spezialist f\u00fcr Pflege von Gr\u00fcnfl\u00e4chen\",\"publisher\":{\"@id\":\"https:\/\/prochaska.eu\/ro\/#organization\"},\"potentialAction\":[{\"@type\":\"SearchAction\",\"target\":{\"@type\":\"EntryPoint\",\"urlTemplate\":\"https:\/\/prochaska.eu\/ro\/?s={search_term_string}\"},\"query-input\":{\"@type\":\"PropertyValueSpecification\",\"valueRequired\":true,\"valueName\":\"search_term_string\"}}],\"inLanguage\":\"ro-RO\"},{\"@type\":\"Organization\",\"@id\":\"https:\/\/prochaska.eu\/ro\/#organization\",\"name\":\"Prochaska\",\"url\":\"https:\/\/prochaska.eu\/ro\/\",\"logo\":{\"@type\":\"ImageObject\",\"inLanguage\":\"ro-RO\",\"@id\":\"https:\/\/prochaska.eu\/ro\/#\/schema\/logo\/image\/\",\"url\":\"https:\/\/prochaska.eu\/wp-content\/uploads\/2024\/04\/Prochaska_Logo_Black-1.png\",\"contentUrl\":\"https:\/\/prochaska.eu\/wp-content\/uploads\/2024\/04\/Prochaska_Logo_Black-1.png\",\"width\":796,\"height\":236,\"caption\":\"Prochaska\"},\"image\":{\"@id\":\"https:\/\/prochaska.eu\/ro\/#\/schema\/logo\/image\/\"},\"sameAs\":[\"https:\/\/www.facebook.com\/prochaska.eu\/\",\"https:\/\/www.instagram.com\/prochaska.eu\/\",\"https:\/\/www.linkedin.com\/company\/prochaska-handels-gmbh\"]}]}<\/script>\n<!-- \/ Yoast SEO plugin. -->","yoast_head_json":{"title":"Formular de solicitare a garan\u021biei Toro - Prochaska","robots":{"index":"index","follow":"follow","max-snippet":"max-snippet:-1","max-image-preview":"max-image-preview:large","max-video-preview":"max-video-preview:-1"},"canonical":"https:\/\/prochaska.eu\/ro\/formular-de-solicitare-a-garantiei-toro\/","og_locale":"ro_RO","og_type":"article","og_title":"Formular de solicitare a garan\u021biei Toro - Prochaska","og_description":"Informa\u021bii privind garan\u021bia Ma\u0219in\u0103 de tuns iarba manual\u0103 (53 &#8211; 76 cm l\u0103\u021bime de t\u0103iere) Utilizare privat\u0103: garan\u021bie de 2 ani Utilizare comercial\u0103: garan\u021bie de 1 an (motor: 2 ani) Produse 60V Utilizare privat\u0103: garan\u021bie de 3 ani Utilizare comercial\u0103: de la 30 de zile la 2 ani (contacta\u021bi-ne pentru informa\u021bii specifice) Cositoare TimeCutter\/TimeMaster Garan\u021bie [&hellip;]","og_url":"https:\/\/prochaska.eu\/ro\/formular-de-solicitare-a-garantiei-toro\/","og_site_name":"Prochaska","article_publisher":"https:\/\/www.facebook.com\/prochaska.eu\/","article_modified_time":"2025-06-20T10:54:44+00:00","twitter_card":"summary_large_image","twitter_misc":{"Timp estimat pentru citire":"1 minut"},"schema":{"@context":"https:\/\/schema.org","@graph":[{"@type":"WebPage","@id":"https:\/\/prochaska.eu\/ro\/formular-de-solicitare-a-garantiei-toro\/","url":"https:\/\/prochaska.eu\/ro\/formular-de-solicitare-a-garantiei-toro\/","name":"Formular de solicitare a garan\u021biei Toro - Prochaska","isPartOf":{"@id":"https:\/\/prochaska.eu\/ro\/#website"},"datePublished":"2024-11-13T15:22:33+00:00","dateModified":"2025-06-20T10:54:44+00:00","breadcrumb":{"@id":"https:\/\/prochaska.eu\/ro\/formular-de-solicitare-a-garantiei-toro\/#breadcrumb"},"inLanguage":"ro-RO","potentialAction":[{"@type":"ReadAction","target":["https:\/\/prochaska.eu\/ro\/formular-de-solicitare-a-garantiei-toro\/"]}]},{"@type":"BreadcrumbList","@id":"https:\/\/prochaska.eu\/ro\/formular-de-solicitare-a-garantiei-toro\/#breadcrumb","itemListElement":[{"@type":"ListItem","position":1,"name":"Home","item":"https:\/\/prochaska.eu\/ro\/"},{"@type":"ListItem","position":2,"name":"Formular de solicitare a garan\u021biei Toro"}]},{"@type":"WebSite","@id":"https:\/\/prochaska.eu\/ro\/#website","url":"https:\/\/prochaska.eu\/ro\/","name":"Prochaska","description":"Spezialist f\u00fcr Pflege von Gr\u00fcnfl\u00e4chen","publisher":{"@id":"https:\/\/prochaska.eu\/ro\/#organization"},"potentialAction":[{"@type":"SearchAction","target":{"@type":"EntryPoint","urlTemplate":"https:\/\/prochaska.eu\/ro\/?s={search_term_string}"},"query-input":{"@type":"PropertyValueSpecification","valueRequired":true,"valueName":"search_term_string"}}],"inLanguage":"ro-RO"},{"@type":"Organization","@id":"https:\/\/prochaska.eu\/ro\/#organization","name":"Prochaska","url":"https:\/\/prochaska.eu\/ro\/","logo":{"@type":"ImageObject","inLanguage":"ro-RO","@id":"https:\/\/prochaska.eu\/ro\/#\/schema\/logo\/image\/","url":"https:\/\/prochaska.eu\/wp-content\/uploads\/2024\/04\/Prochaska_Logo_Black-1.png","contentUrl":"https:\/\/prochaska.eu\/wp-content\/uploads\/2024\/04\/Prochaska_Logo_Black-1.png","width":796,"height":236,"caption":"Prochaska"},"image":{"@id":"https:\/\/prochaska.eu\/ro\/#\/schema\/logo\/image\/"},"sameAs":["https:\/\/www.facebook.com\/prochaska.eu\/","https:\/\/www.instagram.com\/prochaska.eu\/","https:\/\/www.linkedin.com\/company\/prochaska-handels-gmbh"]}]}},"_links":{"self":[{"href":"https:\/\/prochaska.eu\/ro\/wp-json\/wp\/v2\/pages\/30947","targetHints":{"allow":["GET"]}}],"collection":[{"href":"https:\/\/prochaska.eu\/ro\/wp-json\/wp\/v2\/pages"}],"about":[{"href":"https:\/\/prochaska.eu\/ro\/wp-json\/wp\/v2\/types\/page"}],"author":[{"embeddable":true,"href":"https:\/\/prochaska.eu\/ro\/wp-json\/wp\/v2\/users\/4"}],"replies":[{"embeddable":true,"href":"https:\/\/prochaska.eu\/ro\/wp-json\/wp\/v2\/comments?post=30947"}],"version-history":[{"count":1,"href":"https:\/\/prochaska.eu\/ro\/wp-json\/wp\/v2\/pages\/30947\/revisions"}],"predecessor-version":[{"id":30948,"href":"https:\/\/prochaska.eu\/ro\/wp-json\/wp\/v2\/pages\/30947\/revisions\/30948"}],"wp:attachment":[{"href":"https:\/\/prochaska.eu\/ro\/wp-json\/wp\/v2\/media?parent=30947"}],"curies":[{"name":"wp","href":"https:\/\/api.w.org\/{rel}","templated":true}]}}