{"id":24817,"date":"2024-03-06T09:50:10","date_gmt":"2024-03-06T09:50:10","guid":{"rendered":"https:\/\/prochaska.eu\/product\/icocar-carrier-3-0-inchiriere\/"},"modified":"2024-03-06T09:50:10","modified_gmt":"2024-03-06T09:50:10","slug":"icocar-carrier-3-0-inchiriere","status":"publish","type":"product","link":"https:\/\/prochaska.eu\/ro\/produs\/icocar-carrier-3-0-inchiriere\/","title":{"rendered":"IcoCar &#8211; Carrier 3.0 &#8211; \u00cenchiriere"},"content":{"rendered":"<p class=\"cvGsUA direction-ltr align-justify para-style-body\"><span class=\"OYPEnA text-decoration-none text-strikethrough-none\">Transportator final cu capacitate mare de \u00eenc\u0103rcare pentru evenimente, catering, gr\u0103din\u0103rit, hoteluri, camping, etc. Motor puternic, f\u0103r\u0103 \u00eentre\u021binere, de 6,8 CP AC cu \u00eenc\u0103rc\u0103tor integrat, baterie LiFePO4 cu litiu de 150 Ah f\u0103r\u0103 \u00eentre\u021binere, hidraulic<\/span><\/p>\n<p class=\"cvGsUA direction-ltr align-justify para-style-body\"><span class=\"OYPEnA text-decoration-none text-strikethrough-none\">Fr\u00e2ne pe 4 ro\u021bi, fr\u00e2n\u0103 de parcare magnetic\u0103 automat\u0103, parbriz din sticl\u0103 securizat\u0103 cu \u0219terg\u0103tor de parbriz \u0219i parasolar\/parbriz de ploaie. Zona de \u00eenc\u0103rcare a Carrier 3.0 m\u0103soar\u0103 135x107x26 cm, capacitate de \u00eenc\u0103rcare 500 kg, \u00eenclinabil\u0103 electric. Sistem de iluminare cu faz\u0103 scurt\u0103, lumini de zi, faz\u0103 lung\u0103, lumin\u0103 spate, lumin\u0103 de fr\u00e2n\u0103, indicatoare \u0219i claxon, precum \u0219i scaune premium \u0219i ecran color LCD de 7&#8243; care afi\u0219eaz\u0103 viteza, \u00eenc\u0103rcarea bateriei \u0219i num\u0103rul total de kilometri parcur\u0219i. &#8221; din aluminiu cu anvelope mari 225\/55B12, port USB dublu, volan sport premium cu design din carbon. Viteza maxim\u0103 25 km\/h.<\/span><\/p>\n","protected":false},"excerpt":{"rendered":"<p>Pentru a \u00eenchiria direct. De la o s\u0103pt\u0103m\u00e2n\u0103.<\/p>\n","protected":false},"featured_media":27173,"template":"","meta":[],"pwb-brand":[3069],"product_brand":[],"product_cat":[1315],"product_tag":[1322,1319],"class_list":{"0":"post-24817","1":"product","2":"type-product","3":"status-publish","4":"has-post-thumbnail","6":"pwb-brand-icocar-ro","7":"product_cat-inchirieri-masini-de-golf","8":"product_tag-chirie","9":"product_tag-inchiriati-un-icocar","11":"first","12":"onbackorder","13":"product-type-simple"},"yoast_head":"<!-- This site is optimized with the Yoast SEO plugin v27.4 - https:\/\/yoast.com\/product\/yoast-seo-wordpress\/ -->\n<title>IcoCar - Carrier 3.0 - \u00cenchiriere - Prochaska<\/title>\n<meta name=\"robots\" content=\"index, follow, max-snippet:-1, max-image-preview:large, max-video-preview:-1\" \/>\n<link rel=\"canonical\" href=\"https:\/\/prochaska.eu\/ro\/produs\/icocar-carrier-3-0-inchiriere\/\" \/>\n<meta property=\"og:locale\" content=\"ro_RO\" \/>\n<meta property=\"og:type\" content=\"article\" \/>\n<meta property=\"og:title\" content=\"IcoCar - Carrier 3.0 - \u00cenchiriere - Prochaska\" \/>\n<meta property=\"og:description\" content=\"Pentru a \u00eenchiria direct. De la o s\u0103pt\u0103m\u00e2n\u0103.\" \/>\n<meta property=\"og:url\" content=\"https:\/\/prochaska.eu\/ro\/produs\/icocar-carrier-3-0-inchiriere\/\" \/>\n<meta property=\"og:site_name\" content=\"Prochaska\" \/>\n<meta property=\"article:publisher\" content=\"https:\/\/www.facebook.com\/prochaska.eu\/\" \/>\n<meta property=\"og:image\" content=\"https:\/\/prochaska.eu\/wp-content\/uploads\/2024\/03\/Carrier-3.0-1.png\" \/>\n\t<meta property=\"og:image:width\" content=\"1080\" \/>\n\t<meta property=\"og:image:height\" content=\"1080\" \/>\n\t<meta property=\"og:image:type\" content=\"image\/png\" \/>\n<meta name=\"twitter:card\" content=\"summary_large_image\" \/>\n<meta name=\"twitter:label1\" content=\"Timp estimat pentru citire\" \/>\n\t<meta name=\"twitter:data1\" content=\"1 minut\" \/>\n<script type=\"application\/ld+json\" class=\"yoast-schema-graph\">{\"@context\":\"https:\\\/\\\/schema.org\",\"@graph\":[{\"@type\":\"WebPage\",\"@id\":\"https:\\\/\\\/prochaska.eu\\\/ro\\\/produs\\\/icocar-carrier-3-0-inchiriere\\\/\",\"url\":\"https:\\\/\\\/prochaska.eu\\\/ro\\\/produs\\\/icocar-carrier-3-0-inchiriere\\\/\",\"name\":\"IcoCar - Carrier 3.0 - \u00cenchiriere - Prochaska\",\"isPartOf\":{\"@id\":\"https:\\\/\\\/prochaska.eu\\\/ro\\\/#website\"},\"primaryImageOfPage\":{\"@id\":\"https:\\\/\\\/prochaska.eu\\\/ro\\\/produs\\\/icocar-carrier-3-0-inchiriere\\\/#primaryimage\"},\"image\":{\"@id\":\"https:\\\/\\\/prochaska.eu\\\/ro\\\/produs\\\/icocar-carrier-3-0-inchiriere\\\/#primaryimage\"},\"thumbnailUrl\":\"https:\\\/\\\/prochaska.eu\\\/wp-content\\\/uploads\\\/2024\\\/03\\\/Carrier-3.0-1.png\",\"datePublished\":\"2024-03-06T09:50:10+00:00\",\"breadcrumb\":{\"@id\":\"https:\\\/\\\/prochaska.eu\\\/ro\\\/produs\\\/icocar-carrier-3-0-inchiriere\\\/#breadcrumb\"},\"inLanguage\":\"ro-RO\",\"potentialAction\":[{\"@type\":\"ReadAction\",\"target\":[\"https:\\\/\\\/prochaska.eu\\\/ro\\\/produs\\\/icocar-carrier-3-0-inchiriere\\\/\"]}]},{\"@type\":\"ImageObject\",\"inLanguage\":\"ro-RO\",\"@id\":\"https:\\\/\\\/prochaska.eu\\\/ro\\\/produs\\\/icocar-carrier-3-0-inchiriere\\\/#primaryimage\",\"url\":\"https:\\\/\\\/prochaska.eu\\\/wp-content\\\/uploads\\\/2024\\\/03\\\/Carrier-3.0-1.png\",\"contentUrl\":\"https:\\\/\\\/prochaska.eu\\\/wp-content\\\/uploads\\\/2024\\\/03\\\/Carrier-3.0-1.png\",\"width\":1080,\"height\":1080},{\"@type\":\"BreadcrumbList\",\"@id\":\"https:\\\/\\\/prochaska.eu\\\/ro\\\/produs\\\/icocar-carrier-3-0-inchiriere\\\/#breadcrumb\",\"itemListElement\":[{\"@type\":\"ListItem\",\"position\":1,\"name\":\"Home\",\"item\":\"https:\\\/\\\/prochaska.eu\\\/ro\\\/\"},{\"@type\":\"ListItem\",\"position\":2,\"name\":\"Shop\",\"item\":\"https:\\\/\\\/prochaska.eu\\\/ro\\\/shop\\\/\"},{\"@type\":\"ListItem\",\"position\":3,\"name\":\"IcoCar &#8211; Carrier 3.0 &#8211; \u00cenchiriere\"}]},{\"@type\":\"WebSite\",\"@id\":\"https:\\\/\\\/prochaska.eu\\\/ro\\\/#website\",\"url\":\"https:\\\/\\\/prochaska.eu\\\/ro\\\/\",\"name\":\"Prochaska\",\"description\":\"Spezialist f\u00fcr Pflege von Gr\u00fcnfl\u00e4chen\",\"publisher\":{\"@id\":\"https:\\\/\\\/prochaska.eu\\\/ro\\\/#organization\"},\"potentialAction\":[{\"@type\":\"SearchAction\",\"target\":{\"@type\":\"EntryPoint\",\"urlTemplate\":\"https:\\\/\\\/prochaska.eu\\\/ro\\\/?s={search_term_string}\"},\"query-input\":{\"@type\":\"PropertyValueSpecification\",\"valueRequired\":true,\"valueName\":\"search_term_string\"}}],\"inLanguage\":\"ro-RO\"},{\"@type\":\"Organization\",\"@id\":\"https:\\\/\\\/prochaska.eu\\\/ro\\\/#organization\",\"name\":\"Prochaska\",\"url\":\"https:\\\/\\\/prochaska.eu\\\/ro\\\/\",\"logo\":{\"@type\":\"ImageObject\",\"inLanguage\":\"ro-RO\",\"@id\":\"https:\\\/\\\/prochaska.eu\\\/ro\\\/#\\\/schema\\\/logo\\\/image\\\/\",\"url\":\"https:\\\/\\\/prochaska.eu\\\/wp-content\\\/uploads\\\/2024\\\/04\\\/Prochaska_Logo_Black-1.png\",\"contentUrl\":\"https:\\\/\\\/prochaska.eu\\\/wp-content\\\/uploads\\\/2024\\\/04\\\/Prochaska_Logo_Black-1.png\",\"width\":796,\"height\":236,\"caption\":\"Prochaska\"},\"image\":{\"@id\":\"https:\\\/\\\/prochaska.eu\\\/ro\\\/#\\\/schema\\\/logo\\\/image\\\/\"},\"sameAs\":[\"https:\\\/\\\/www.facebook.com\\\/prochaska.eu\\\/\",\"https:\\\/\\\/www.instagram.com\\\/prochaska.eu\\\/\",\"https:\\\/\\\/www.linkedin.com\\\/company\\\/prochaska-handels-gmbh\"]}]}<\/script>\n<!-- \/ Yoast SEO plugin. -->","yoast_head_json":{"title":"IcoCar - Carrier 3.0 - \u00cenchiriere - Prochaska","robots":{"index":"index","follow":"follow","max-snippet":"max-snippet:-1","max-image-preview":"max-image-preview:large","max-video-preview":"max-video-preview:-1"},"canonical":"https:\/\/prochaska.eu\/ro\/produs\/icocar-carrier-3-0-inchiriere\/","og_locale":"ro_RO","og_type":"article","og_title":"IcoCar - Carrier 3.0 - \u00cenchiriere - Prochaska","og_description":"Pentru a \u00eenchiria direct. De la o s\u0103pt\u0103m\u00e2n\u0103.","og_url":"https:\/\/prochaska.eu\/ro\/produs\/icocar-carrier-3-0-inchiriere\/","og_site_name":"Prochaska","article_publisher":"https:\/\/www.facebook.com\/prochaska.eu\/","og_image":[{"width":1080,"height":1080,"url":"https:\/\/prochaska.eu\/wp-content\/uploads\/2024\/03\/Carrier-3.0-1.png","type":"image\/png"}],"twitter_card":"summary_large_image","twitter_misc":{"Timp estimat pentru citire":"1 minut"},"schema":{"@context":"https:\/\/schema.org","@graph":[{"@type":"WebPage","@id":"https:\/\/prochaska.eu\/ro\/produs\/icocar-carrier-3-0-inchiriere\/","url":"https:\/\/prochaska.eu\/ro\/produs\/icocar-carrier-3-0-inchiriere\/","name":"IcoCar - Carrier 3.0 - \u00cenchiriere - Prochaska","isPartOf":{"@id":"https:\/\/prochaska.eu\/ro\/#website"},"primaryImageOfPage":{"@id":"https:\/\/prochaska.eu\/ro\/produs\/icocar-carrier-3-0-inchiriere\/#primaryimage"},"image":{"@id":"https:\/\/prochaska.eu\/ro\/produs\/icocar-carrier-3-0-inchiriere\/#primaryimage"},"thumbnailUrl":"https:\/\/prochaska.eu\/wp-content\/uploads\/2024\/03\/Carrier-3.0-1.png","datePublished":"2024-03-06T09:50:10+00:00","breadcrumb":{"@id":"https:\/\/prochaska.eu\/ro\/produs\/icocar-carrier-3-0-inchiriere\/#breadcrumb"},"inLanguage":"ro-RO","potentialAction":[{"@type":"ReadAction","target":["https:\/\/prochaska.eu\/ro\/produs\/icocar-carrier-3-0-inchiriere\/"]}]},{"@type":"ImageObject","inLanguage":"ro-RO","@id":"https:\/\/prochaska.eu\/ro\/produs\/icocar-carrier-3-0-inchiriere\/#primaryimage","url":"https:\/\/prochaska.eu\/wp-content\/uploads\/2024\/03\/Carrier-3.0-1.png","contentUrl":"https:\/\/prochaska.eu\/wp-content\/uploads\/2024\/03\/Carrier-3.0-1.png","width":1080,"height":1080},{"@type":"BreadcrumbList","@id":"https:\/\/prochaska.eu\/ro\/produs\/icocar-carrier-3-0-inchiriere\/#breadcrumb","itemListElement":[{"@type":"ListItem","position":1,"name":"Home","item":"https:\/\/prochaska.eu\/ro\/"},{"@type":"ListItem","position":2,"name":"Shop","item":"https:\/\/prochaska.eu\/ro\/shop\/"},{"@type":"ListItem","position":3,"name":"IcoCar &#8211; Carrier 3.0 &#8211; \u00cenchiriere"}]},{"@type":"WebSite","@id":"https:\/\/prochaska.eu\/ro\/#website","url":"https:\/\/prochaska.eu\/ro\/","name":"Prochaska","description":"Spezialist f\u00fcr Pflege von Gr\u00fcnfl\u00e4chen","publisher":{"@id":"https:\/\/prochaska.eu\/ro\/#organization"},"potentialAction":[{"@type":"SearchAction","target":{"@type":"EntryPoint","urlTemplate":"https:\/\/prochaska.eu\/ro\/?s={search_term_string}"},"query-input":{"@type":"PropertyValueSpecification","valueRequired":true,"valueName":"search_term_string"}}],"inLanguage":"ro-RO"},{"@type":"Organization","@id":"https:\/\/prochaska.eu\/ro\/#organization","name":"Prochaska","url":"https:\/\/prochaska.eu\/ro\/","logo":{"@type":"ImageObject","inLanguage":"ro-RO","@id":"https:\/\/prochaska.eu\/ro\/#\/schema\/logo\/image\/","url":"https:\/\/prochaska.eu\/wp-content\/uploads\/2024\/04\/Prochaska_Logo_Black-1.png","contentUrl":"https:\/\/prochaska.eu\/wp-content\/uploads\/2024\/04\/Prochaska_Logo_Black-1.png","width":796,"height":236,"caption":"Prochaska"},"image":{"@id":"https:\/\/prochaska.eu\/ro\/#\/schema\/logo\/image\/"},"sameAs":["https:\/\/www.facebook.com\/prochaska.eu\/","https:\/\/www.instagram.com\/prochaska.eu\/","https:\/\/www.linkedin.com\/company\/prochaska-handels-gmbh"]}]}},"brands":[{"id":3069,"name":"IcoCar","slug":"icocar-ro"}],"_links":{"self":[{"href":"https:\/\/prochaska.eu\/ro\/wp-json\/wp\/v2\/product\/24817","targetHints":{"allow":["GET"]}}],"collection":[{"href":"https:\/\/prochaska.eu\/ro\/wp-json\/wp\/v2\/product"}],"about":[{"href":"https:\/\/prochaska.eu\/ro\/wp-json\/wp\/v2\/types\/product"}],"version-history":[{"count":0,"href":"https:\/\/prochaska.eu\/ro\/wp-json\/wp\/v2\/product\/24817\/revisions"}],"wp:featuredmedia":[{"embeddable":true,"href":"https:\/\/prochaska.eu\/ro\/wp-json\/wp\/v2\/media\/27173"}],"wp:attachment":[{"href":"https:\/\/prochaska.eu\/ro\/wp-json\/wp\/v2\/media?parent=24817"}],"wp:term":[{"taxonomy":"pwb-brand","embeddable":true,"href":"https:\/\/prochaska.eu\/ro\/wp-json\/wp\/v2\/pwb-brand?post=24817"},{"taxonomy":"product_brand","embeddable":true,"href":"https:\/\/prochaska.eu\/ro\/wp-json\/wp\/v2\/product_brand?post=24817"},{"taxonomy":"product_cat","embeddable":true,"href":"https:\/\/prochaska.eu\/ro\/wp-json\/wp\/v2\/product_cat?post=24817"},{"taxonomy":"product_tag","embeddable":true,"href":"https:\/\/prochaska.eu\/ro\/wp-json\/wp\/v2\/product_tag?post=24817"}],"curies":[{"name":"wp","href":"https:\/\/api.w.org\/{rel}","templated":true}]}}