{"id":24818,"date":"2024-03-05T17:44:55","date_gmt":"2024-03-05T17:44:55","guid":{"rendered":"https:\/\/prochaska.eu\/product\/icocar-birdie-3-0-deluxe-inchiriere\/"},"modified":"2024-03-05T17:44:55","modified_gmt":"2024-03-05T17:44:55","slug":"icocar-birdie-3-0-deluxe-inchiriere","status":"publish","type":"product","link":"https:\/\/prochaska.eu\/ro\/produs\/icocar-birdie-3-0-deluxe-inchiriere\/","title":{"rendered":"IcoCar &#8211; BIRDIE 3.0 DELUXE &#8211; \u00cenchiriere"},"content":{"rendered":"<p class=\"cvGsUA direction-ltr align-justify para-style-body\"><span class=\"OYPEnA text-decoration-none text-strikethrough-none\">Pentru juc\u0103torul de golf exigent: Echipat cu un motor puternic de 3,0 kW, un sistem de iluminat de lux \u0219i multe altele. Ideal pentru terenurile de golf.<\/span><\/p>\n<p class=\"cvGsUA direction-ltr align-justify para-style-body\"><span class=\"OYPEnA text-decoration-none text-strikethrough-none\">Motor de curent continuu puternic de 3,0 kW \/ 4,1 CP cu \u00eenc\u0103rc\u0103tor \u00eencorporat, baterii AGM care nu necesit\u0103 \u00eentre\u021binere, parbriz rabatabil, copertin\u0103 pentru soare\/ploaie cu scurgere a ploii, sistem de iluminare de lux cu faz\u0103 scurt\u0103, lumini de zi, faz\u0103 lung\u0103, lumin\u0103 spate, lumin\u0103 de fr\u00e2n\u0103, indicatoare \u0219i claxon, precum \u0219i indicator de baterie, jante din aluminiu de 10&#8243;, conexiune USB dubl\u0103 \u0219i volan DeLuxe. Viteza maxim\u0103 este de 25 km\/h. Vehiculul nu este autorizat pentru utilizarea pe drumurile publice.<\/span><\/p>\n<h2 style=\"text-align: left;\"><strong>Electric:<\/strong> max. 25 km\/h<\/h2>\n<p style=\"text-align: left;\">Tip\u0103rire pe \u0219osea 10 km\/h &#8211; op\u021bional<\/p>\n<p style=\"text-align: left;\">Motor cu curent continuu (DC)<\/p>\n<p style=\"text-align: left;\">Raza de ac\u021biune de p\u00e2n\u0103 la 80 km<\/p>\n<ul>\n<li>Baterii AGM de 6&#215;8 vol\u021bi f\u0103r\u0103 \u00eentre\u021binere<\/li>\n<li>Motor de curent continuu de 3,0 kW (4,1 CP)<\/li>\n<li>Scaune premium cu tapi\u021berie din imita\u021bie de piele<\/li>\n<li>Acoperi\u0219 pentru soare\/ploaie cu drenaj pentru ploaie<\/li>\n<li>Parbriz rabatabil<\/li>\n<li>Direc\u021bie cu cremalier\u0103 \u0219i pinion cu reglare automat\u0103<\/li>\n<li>Volan Golf clasic<\/li>\n<li>Fr\u00e2ne cu tambur pe ro\u021bile din spate, fr\u00e2n\u0103 de parcare<\/li>\n<li>Controler Curtis<\/li>\n<li>\u00cenc\u0103rc\u0103tor de bord Delta-Q \u00eencorporat<\/li>\n<li>Cadru din aluminiu<\/li>\n<li>Port USB<\/li>\n<li>Compartimente de depozitare<\/li>\n<li>B\u0103uturi, geant\u0103 de golf \u0219i suport pentru mingi de golf\/tee<\/li>\n<\/ul>\n<p style=\"text-align: left;\">Pachetul Deluxe include:<\/p>\n<ul>\n<li style=\"text-align: left;\">Jante din aluminiu cu anvelope cu profil redus 205\/50-10<\/li>\n<li style=\"text-align: left;\">Afi\u0219aj LCD color de 7\u2033 (afi\u0219eaz\u0103 viteza, num\u0103rul total de kilometri, \u00eenc\u0103rcarea bateriei)<\/li>\n<li style=\"text-align: left;\">Tablou de bord cu aspect din fibr\u0103 de carbon<\/li>\n<\/ul>\n","protected":false},"excerpt":{"rendered":"<p>Pentru a \u00eenchiria direct. De la o s\u0103pt\u0103m\u00e2n\u0103.<\/p>\n","protected":false},"featured_media":27186,"template":"","meta":[],"pwb-brand":[],"product_brand":[],"product_cat":[1315],"product_tag":[1322,1319],"class_list":{"0":"post-24818","1":"product","2":"type-product","3":"status-publish","4":"has-post-thumbnail","6":"product_cat-inchirieri-masini-de-golf","7":"product_tag-chirie","8":"product_tag-inchiriati-un-icocar","10":"first","11":"onbackorder","12":"product-type-simple"},"yoast_head":"<!-- This site is optimized with the Yoast SEO plugin v27.4 - https:\/\/yoast.com\/product\/yoast-seo-wordpress\/ -->\n<title>IcoCar - BIRDIE 3.0 DELUXE - \u00cenchiriere - Prochaska<\/title>\n<meta name=\"robots\" content=\"index, follow, max-snippet:-1, max-image-preview:large, max-video-preview:-1\" \/>\n<link rel=\"canonical\" href=\"https:\/\/prochaska.eu\/ro\/produs\/icocar-birdie-3-0-deluxe-inchiriere\/\" \/>\n<meta property=\"og:locale\" content=\"ro_RO\" \/>\n<meta property=\"og:type\" content=\"article\" \/>\n<meta property=\"og:title\" content=\"IcoCar - BIRDIE 3.0 DELUXE - \u00cenchiriere - Prochaska\" \/>\n<meta property=\"og:description\" content=\"Pentru a \u00eenchiria direct. De la o s\u0103pt\u0103m\u00e2n\u0103.\" \/>\n<meta property=\"og:url\" content=\"https:\/\/prochaska.eu\/ro\/produs\/icocar-birdie-3-0-deluxe-inchiriere\/\" \/>\n<meta property=\"og:site_name\" content=\"Prochaska\" \/>\n<meta property=\"article:publisher\" content=\"https:\/\/www.facebook.com\/prochaska.eu\/\" \/>\n<meta property=\"og:image\" content=\"https:\/\/prochaska.eu\/wp-content\/uploads\/2024\/03\/IcoCar_birdie-deluxe-3.0.png\" \/>\n\t<meta property=\"og:image:width\" content=\"1080\" \/>\n\t<meta property=\"og:image:height\" content=\"1080\" \/>\n\t<meta property=\"og:image:type\" content=\"image\/png\" \/>\n<meta name=\"twitter:card\" content=\"summary_large_image\" \/>\n<meta name=\"twitter:label1\" content=\"Timp estimat pentru citire\" \/>\n\t<meta name=\"twitter:data1\" content=\"1 minut\" \/>\n<script type=\"application\/ld+json\" class=\"yoast-schema-graph\">{\"@context\":\"https:\\\/\\\/schema.org\",\"@graph\":[{\"@type\":\"WebPage\",\"@id\":\"https:\\\/\\\/prochaska.eu\\\/ro\\\/produs\\\/icocar-birdie-3-0-deluxe-inchiriere\\\/\",\"url\":\"https:\\\/\\\/prochaska.eu\\\/ro\\\/produs\\\/icocar-birdie-3-0-deluxe-inchiriere\\\/\",\"name\":\"IcoCar - BIRDIE 3.0 DELUXE - \u00cenchiriere - Prochaska\",\"isPartOf\":{\"@id\":\"https:\\\/\\\/prochaska.eu\\\/ro\\\/#website\"},\"primaryImageOfPage\":{\"@id\":\"https:\\\/\\\/prochaska.eu\\\/ro\\\/produs\\\/icocar-birdie-3-0-deluxe-inchiriere\\\/#primaryimage\"},\"image\":{\"@id\":\"https:\\\/\\\/prochaska.eu\\\/ro\\\/produs\\\/icocar-birdie-3-0-deluxe-inchiriere\\\/#primaryimage\"},\"thumbnailUrl\":\"https:\\\/\\\/prochaska.eu\\\/wp-content\\\/uploads\\\/2024\\\/03\\\/IcoCar_birdie-deluxe-3.0.png\",\"datePublished\":\"2024-03-05T17:44:55+00:00\",\"breadcrumb\":{\"@id\":\"https:\\\/\\\/prochaska.eu\\\/ro\\\/produs\\\/icocar-birdie-3-0-deluxe-inchiriere\\\/#breadcrumb\"},\"inLanguage\":\"ro-RO\",\"potentialAction\":[{\"@type\":\"ReadAction\",\"target\":[\"https:\\\/\\\/prochaska.eu\\\/ro\\\/produs\\\/icocar-birdie-3-0-deluxe-inchiriere\\\/\"]}]},{\"@type\":\"ImageObject\",\"inLanguage\":\"ro-RO\",\"@id\":\"https:\\\/\\\/prochaska.eu\\\/ro\\\/produs\\\/icocar-birdie-3-0-deluxe-inchiriere\\\/#primaryimage\",\"url\":\"https:\\\/\\\/prochaska.eu\\\/wp-content\\\/uploads\\\/2024\\\/03\\\/IcoCar_birdie-deluxe-3.0.png\",\"contentUrl\":\"https:\\\/\\\/prochaska.eu\\\/wp-content\\\/uploads\\\/2024\\\/03\\\/IcoCar_birdie-deluxe-3.0.png\",\"width\":1080,\"height\":1080},{\"@type\":\"BreadcrumbList\",\"@id\":\"https:\\\/\\\/prochaska.eu\\\/ro\\\/produs\\\/icocar-birdie-3-0-deluxe-inchiriere\\\/#breadcrumb\",\"itemListElement\":[{\"@type\":\"ListItem\",\"position\":1,\"name\":\"Home\",\"item\":\"https:\\\/\\\/prochaska.eu\\\/ro\\\/\"},{\"@type\":\"ListItem\",\"position\":2,\"name\":\"Shop\",\"item\":\"https:\\\/\\\/prochaska.eu\\\/ro\\\/shop\\\/\"},{\"@type\":\"ListItem\",\"position\":3,\"name\":\"IcoCar &#8211; BIRDIE 3.0 DELUXE &#8211; \u00cenchiriere\"}]},{\"@type\":\"WebSite\",\"@id\":\"https:\\\/\\\/prochaska.eu\\\/ro\\\/#website\",\"url\":\"https:\\\/\\\/prochaska.eu\\\/ro\\\/\",\"name\":\"Prochaska\",\"description\":\"Spezialist f\u00fcr Pflege von Gr\u00fcnfl\u00e4chen\",\"publisher\":{\"@id\":\"https:\\\/\\\/prochaska.eu\\\/ro\\\/#organization\"},\"potentialAction\":[{\"@type\":\"SearchAction\",\"target\":{\"@type\":\"EntryPoint\",\"urlTemplate\":\"https:\\\/\\\/prochaska.eu\\\/ro\\\/?s={search_term_string}\"},\"query-input\":{\"@type\":\"PropertyValueSpecification\",\"valueRequired\":true,\"valueName\":\"search_term_string\"}}],\"inLanguage\":\"ro-RO\"},{\"@type\":\"Organization\",\"@id\":\"https:\\\/\\\/prochaska.eu\\\/ro\\\/#organization\",\"name\":\"Prochaska\",\"url\":\"https:\\\/\\\/prochaska.eu\\\/ro\\\/\",\"logo\":{\"@type\":\"ImageObject\",\"inLanguage\":\"ro-RO\",\"@id\":\"https:\\\/\\\/prochaska.eu\\\/ro\\\/#\\\/schema\\\/logo\\\/image\\\/\",\"url\":\"https:\\\/\\\/prochaska.eu\\\/wp-content\\\/uploads\\\/2024\\\/04\\\/Prochaska_Logo_Black-1.png\",\"contentUrl\":\"https:\\\/\\\/prochaska.eu\\\/wp-content\\\/uploads\\\/2024\\\/04\\\/Prochaska_Logo_Black-1.png\",\"width\":796,\"height\":236,\"caption\":\"Prochaska\"},\"image\":{\"@id\":\"https:\\\/\\\/prochaska.eu\\\/ro\\\/#\\\/schema\\\/logo\\\/image\\\/\"},\"sameAs\":[\"https:\\\/\\\/www.facebook.com\\\/prochaska.eu\\\/\",\"https:\\\/\\\/www.instagram.com\\\/prochaska.eu\\\/\",\"https:\\\/\\\/www.linkedin.com\\\/company\\\/prochaska-handels-gmbh\"]}]}<\/script>\n<!-- \/ Yoast SEO plugin. -->","yoast_head_json":{"title":"IcoCar - BIRDIE 3.0 DELUXE - \u00cenchiriere - Prochaska","robots":{"index":"index","follow":"follow","max-snippet":"max-snippet:-1","max-image-preview":"max-image-preview:large","max-video-preview":"max-video-preview:-1"},"canonical":"https:\/\/prochaska.eu\/ro\/produs\/icocar-birdie-3-0-deluxe-inchiriere\/","og_locale":"ro_RO","og_type":"article","og_title":"IcoCar - BIRDIE 3.0 DELUXE - \u00cenchiriere - Prochaska","og_description":"Pentru a \u00eenchiria direct. De la o s\u0103pt\u0103m\u00e2n\u0103.","og_url":"https:\/\/prochaska.eu\/ro\/produs\/icocar-birdie-3-0-deluxe-inchiriere\/","og_site_name":"Prochaska","article_publisher":"https:\/\/www.facebook.com\/prochaska.eu\/","og_image":[{"width":1080,"height":1080,"url":"https:\/\/prochaska.eu\/wp-content\/uploads\/2024\/03\/IcoCar_birdie-deluxe-3.0.png","type":"image\/png"}],"twitter_card":"summary_large_image","twitter_misc":{"Timp estimat pentru citire":"1 minut"},"schema":{"@context":"https:\/\/schema.org","@graph":[{"@type":"WebPage","@id":"https:\/\/prochaska.eu\/ro\/produs\/icocar-birdie-3-0-deluxe-inchiriere\/","url":"https:\/\/prochaska.eu\/ro\/produs\/icocar-birdie-3-0-deluxe-inchiriere\/","name":"IcoCar - BIRDIE 3.0 DELUXE - \u00cenchiriere - Prochaska","isPartOf":{"@id":"https:\/\/prochaska.eu\/ro\/#website"},"primaryImageOfPage":{"@id":"https:\/\/prochaska.eu\/ro\/produs\/icocar-birdie-3-0-deluxe-inchiriere\/#primaryimage"},"image":{"@id":"https:\/\/prochaska.eu\/ro\/produs\/icocar-birdie-3-0-deluxe-inchiriere\/#primaryimage"},"thumbnailUrl":"https:\/\/prochaska.eu\/wp-content\/uploads\/2024\/03\/IcoCar_birdie-deluxe-3.0.png","datePublished":"2024-03-05T17:44:55+00:00","breadcrumb":{"@id":"https:\/\/prochaska.eu\/ro\/produs\/icocar-birdie-3-0-deluxe-inchiriere\/#breadcrumb"},"inLanguage":"ro-RO","potentialAction":[{"@type":"ReadAction","target":["https:\/\/prochaska.eu\/ro\/produs\/icocar-birdie-3-0-deluxe-inchiriere\/"]}]},{"@type":"ImageObject","inLanguage":"ro-RO","@id":"https:\/\/prochaska.eu\/ro\/produs\/icocar-birdie-3-0-deluxe-inchiriere\/#primaryimage","url":"https:\/\/prochaska.eu\/wp-content\/uploads\/2024\/03\/IcoCar_birdie-deluxe-3.0.png","contentUrl":"https:\/\/prochaska.eu\/wp-content\/uploads\/2024\/03\/IcoCar_birdie-deluxe-3.0.png","width":1080,"height":1080},{"@type":"BreadcrumbList","@id":"https:\/\/prochaska.eu\/ro\/produs\/icocar-birdie-3-0-deluxe-inchiriere\/#breadcrumb","itemListElement":[{"@type":"ListItem","position":1,"name":"Home","item":"https:\/\/prochaska.eu\/ro\/"},{"@type":"ListItem","position":2,"name":"Shop","item":"https:\/\/prochaska.eu\/ro\/shop\/"},{"@type":"ListItem","position":3,"name":"IcoCar &#8211; BIRDIE 3.0 DELUXE &#8211; \u00cenchiriere"}]},{"@type":"WebSite","@id":"https:\/\/prochaska.eu\/ro\/#website","url":"https:\/\/prochaska.eu\/ro\/","name":"Prochaska","description":"Spezialist f\u00fcr Pflege von Gr\u00fcnfl\u00e4chen","publisher":{"@id":"https:\/\/prochaska.eu\/ro\/#organization"},"potentialAction":[{"@type":"SearchAction","target":{"@type":"EntryPoint","urlTemplate":"https:\/\/prochaska.eu\/ro\/?s={search_term_string}"},"query-input":{"@type":"PropertyValueSpecification","valueRequired":true,"valueName":"search_term_string"}}],"inLanguage":"ro-RO"},{"@type":"Organization","@id":"https:\/\/prochaska.eu\/ro\/#organization","name":"Prochaska","url":"https:\/\/prochaska.eu\/ro\/","logo":{"@type":"ImageObject","inLanguage":"ro-RO","@id":"https:\/\/prochaska.eu\/ro\/#\/schema\/logo\/image\/","url":"https:\/\/prochaska.eu\/wp-content\/uploads\/2024\/04\/Prochaska_Logo_Black-1.png","contentUrl":"https:\/\/prochaska.eu\/wp-content\/uploads\/2024\/04\/Prochaska_Logo_Black-1.png","width":796,"height":236,"caption":"Prochaska"},"image":{"@id":"https:\/\/prochaska.eu\/ro\/#\/schema\/logo\/image\/"},"sameAs":["https:\/\/www.facebook.com\/prochaska.eu\/","https:\/\/www.instagram.com\/prochaska.eu\/","https:\/\/www.linkedin.com\/company\/prochaska-handels-gmbh"]}]}},"brands":[],"_links":{"self":[{"href":"https:\/\/prochaska.eu\/ro\/wp-json\/wp\/v2\/product\/24818","targetHints":{"allow":["GET"]}}],"collection":[{"href":"https:\/\/prochaska.eu\/ro\/wp-json\/wp\/v2\/product"}],"about":[{"href":"https:\/\/prochaska.eu\/ro\/wp-json\/wp\/v2\/types\/product"}],"version-history":[{"count":0,"href":"https:\/\/prochaska.eu\/ro\/wp-json\/wp\/v2\/product\/24818\/revisions"}],"wp:featuredmedia":[{"embeddable":true,"href":"https:\/\/prochaska.eu\/ro\/wp-json\/wp\/v2\/media\/27186"}],"wp:attachment":[{"href":"https:\/\/prochaska.eu\/ro\/wp-json\/wp\/v2\/media?parent=24818"}],"wp:term":[{"taxonomy":"pwb-brand","embeddable":true,"href":"https:\/\/prochaska.eu\/ro\/wp-json\/wp\/v2\/pwb-brand?post=24818"},{"taxonomy":"product_brand","embeddable":true,"href":"https:\/\/prochaska.eu\/ro\/wp-json\/wp\/v2\/product_brand?post=24818"},{"taxonomy":"product_cat","embeddable":true,"href":"https:\/\/prochaska.eu\/ro\/wp-json\/wp\/v2\/product_cat?post=24818"},{"taxonomy":"product_tag","embeddable":true,"href":"https:\/\/prochaska.eu\/ro\/wp-json\/wp\/v2\/product_tag?post=24818"}],"curies":[{"name":"wp","href":"https:\/\/api.w.org\/{rel}","templated":true}]}}