{"id":24829,"date":"2024-05-06T17:58:49","date_gmt":"2024-05-06T17:58:49","guid":{"rendered":"https:\/\/prochaska.eu\/?post_type=product&#038;p=24829"},"modified":"2025-06-24T14:08:56","modified_gmt":"2025-06-24T14:08:56","slug":"icocar-carrier-3-0-cee-litiu-standardizat-rutier","status":"publish","type":"product","link":"https:\/\/prochaska.eu\/ro\/produs\/icocar-carrier-3-0-cee-litiu-standardizat-rutier\/","title":{"rendered":"IcoCar Carrier 3.0 EEC LITHIUM omologat pentru circula\u021bia pe drumurile publice"},"content":{"rendered":"<p style=\"text-align: left;\">C\u0103ruciorul de transport electric cu 2 locuri are o suprafa\u021b\u0103 de \u00eenc\u0103rcare de 135 x 107 cm (\u00een interior) cu o capacitate de \u00eenc\u0103rcare de 500 kg, un motor electric de 48 de vol\u021bi \u0219i o autonomie de p\u00e2n\u0103 la 60 de kilometri la o vitez\u0103 maxim\u0103 de max. 25 km\/h. Manopera de \u00eenalt\u0103 calitate, echipamentul premium \u0219i un design modern \u0219i inovator fac din acest model un ajutor practic \u00een industria hotelier\u0103, horticultur\u0103, autorit\u0103\u021bi locale \u0219i multe alte domenii de aplicare.<\/p>\n<h2 style=\"text-align: left;\"><strong>Electric:<\/strong> 6,8 CP, max. 25 km\/h<\/h2>\n<p style=\"text-align: left;\">Motor: 48V, curent alternativ, 5,0 kW (6,8 CP)<\/p>\n<p style=\"text-align: left;\">Baterie: 6x8V baterii AGM f\u0103r\u0103 \u00eentre\u021binere 180Ah<\/p>\n<p style=\"text-align: left;\">Raza de ac\u021biune: aprox. 60 de kilometri<\/p>\n<p style=\"text-align: left;\">Timp de \u00eenc\u0103rcare: aprox. 8 ore<\/p>\n<h2 style=\"text-align: left;\">Echipament<\/h2>\n<ul style=\"text-align: left;\">\n<li>\u00cenc\u0103rc\u0103tor automat \u00eencorporat<\/li>\n<li>Sistem de iluminare cu LED cu lumini de zi, faz\u0103 scurt\u0103, faz\u0103 lung\u0103, indicatoare dinamice, stopuri<\/li>\n<li>Corn<\/li>\n<li>Fr\u00e2ne cu disc hidraulice fa\u021b\u0103, fr\u00e2ne cu tambur spate, fr\u00e2n\u0103 de parcare ac\u021bionat\u0103 cu piciorul<\/li>\n<li>Scaune premium cu cus\u0103turi decorative<\/li>\n<li>Acoperi\u0219 pentru soare\/ploaie<\/li>\n<li>Parbriz din sticl\u0103 securizat\u0103 cu \u0219terg\u0103tor de parbriz<\/li>\n<li>Zon\u0103 de \u00eenc\u0103rcare 135 x 107 cm cu basculare electric\u0103<\/li>\n<li>Volan sport cu design din carbon<\/li>\n<li>Port USB dublu<\/li>\n<li>4 suporturi pentru pahare<\/li>\n<li>Afi\u0219aj LCD color de 7&#8243;<\/li>\n<li>Jante din aluminiu de 12&#8243; cu anvelope 225\/55B12<\/li>\n<li>Cadru din o\u021bel cu acoperire anti-coroziune<\/li>\n<li>Oglind\u0103 lateral\u0103 st\u00e2nga\/dreapta<\/li>\n<li>Centuri de siguran\u021b\u0103<\/li>\n<li>Cuplarea remorcii<\/li>\n<\/ul>\n<h2 style=\"text-align: left;\">Accesorii op\u021bionale<\/h2>\n<ul>\n<li>10 km\/h omologarea de tip rutier sau 25 km\/h omologarea de tip a pl\u0103cu\u021bei de \u00eenmatriculare<\/li>\n<li>Scrumier\u0103<\/li>\n<li>Suprastructur\u0103 frigorific\u0103 cu unitate de r\u0103cire<\/li>\n<li>Cutie de transport izolat\u0103 cu u\u0219i duble<\/li>\n<li>Cutie de menaj cu u\u0219i duble<\/li>\n<li>Kit de asamblare gril\u0103<\/li>\n<\/ul>\n<p>&nbsp;<\/p>\n","protected":false},"excerpt":{"rendered":"<p>Modelul CARRIER 3.0 AC este furgoneta electric\u0103 perfect\u0103 cu o suprafa\u021b\u0103 de \u00eenc\u0103rcare mare \u0219i o capacitate de \u00eenc\u0103rcare de 500 kg \u00een echipare premium cu 2 locuri<\/p>\n","protected":false},"featured_media":27049,"template":"","meta":[],"pwb-brand":[3069],"product_brand":[],"product_cat":[1389,1341],"product_tag":[3233,3234],"class_list":{"0":"post-24829","1":"product","2":"type-product","3":"status-publish","4":"has-post-thumbnail","6":"pwb-brand-icocar-ro","7":"product_cat-golf-cars-nou","8":"product_cat-masini-electrice","9":"product_tag-e-cart-ro","10":"product_tag-golf-cart-ro","12":"first","13":"instock","14":"taxable","15":"shipping-taxable","16":"purchasable","17":"product-type-simple"},"yoast_head":"<!-- This site is optimized with the Yoast SEO plugin v27.4 - https:\/\/yoast.com\/product\/yoast-seo-wordpress\/ -->\n<title>IcoCar Carrier 3.0 EEC LITHIUM omologat pentru circula\u021bia pe drumurile publice - The New Golf Car Generation!<\/title>\n<meta name=\"description\" content=\"Carul electric de transport perfect, cu suprafa\u021b\u0103 mare de \u00eenc\u0103rcare \u0219i capacitate de \u00eenc\u0103rcare de 500 kg, \u00een dotare premium, cu 2 locuri.\" \/>\n<meta name=\"robots\" content=\"index, follow, max-snippet:-1, max-image-preview:large, max-video-preview:-1\" \/>\n<link rel=\"canonical\" href=\"https:\/\/prochaska.eu\/ro\/produs\/icocar-carrier-3-0-cee-litiu-standardizat-rutier\/\" \/>\n<meta property=\"og:locale\" content=\"ro_RO\" \/>\n<meta property=\"og:type\" content=\"article\" \/>\n<meta property=\"og:title\" content=\"IcoCar Carrier 3.0\" \/>\n<meta property=\"og:description\" content=\"Noile ma\u0219ini Ico Cars de la Prochaska sunt pe pia\u021b\u0103 din 2019. C\u0103rucioarele de golf impresioneaz\u0103 prin personalizare, tehnologie de ultim\u0103 genera\u021bie, garan\u021bie de service \u0219i un raport pre\u021b-calitate imbatabil.\" \/>\n<meta property=\"og:url\" content=\"https:\/\/prochaska.eu\/ro\/produs\/icocar-carrier-3-0-cee-litiu-standardizat-rutier\/\" \/>\n<meta property=\"og:site_name\" content=\"Prochaska\" \/>\n<meta property=\"article:publisher\" content=\"https:\/\/www.facebook.com\/prochaska.eu\/\" \/>\n<meta property=\"article:modified_time\" content=\"2025-06-24T14:08:56+00:00\" \/>\n<meta property=\"og:image\" content=\"https:\/\/www.prochaska.eu\/wp-content\/uploads\/2019\/09\/GolfCar-IcoCar-Prochaska-Facebook-Golf2GreyWhite.jpg\" \/>\n<meta name=\"twitter:card\" content=\"summary_large_image\" \/>\n<meta name=\"twitter:title\" content=\"IcoCar GOLF 2 GREY - The New Golf Car Generation!\" \/>\n<meta name=\"twitter:description\" content=\"Noile ma\u0219ini Ico Cars de la Prochaska sunt pe pia\u021b\u0103 din 2019. C\u0103rucioarele de golf impresioneaz\u0103 prin personalizare, tehnologie de ultim\u0103 genera\u021bie, garan\u021bie de service \u0219i un raport pre\u021b-calitate imbatabil.\" \/>\n<meta name=\"twitter:image\" content=\"https:\/\/www.prochaska.eu\/wp-content\/uploads\/2019\/09\/GolfCar-IcoCar-Prochaska-Twitter-Golf2GreyWhite.jpg\" \/>\n<meta name=\"twitter:label1\" content=\"Timp estimat pentru citire\" \/>\n\t<meta name=\"twitter:data1\" content=\"2 minute\" \/>\n<script type=\"application\/ld+json\" class=\"yoast-schema-graph\">{\"@context\":\"https:\\\/\\\/schema.org\",\"@graph\":[{\"@type\":\"WebPage\",\"@id\":\"https:\\\/\\\/prochaska.eu\\\/ro\\\/produs\\\/icocar-carrier-3-0-cee-litiu-standardizat-rutier\\\/\",\"url\":\"https:\\\/\\\/prochaska.eu\\\/ro\\\/produs\\\/icocar-carrier-3-0-cee-litiu-standardizat-rutier\\\/\",\"name\":\"IcoCar Carrier 3.0 EEC LITHIUM omologat pentru circula\u021bia pe drumurile publice - The New Golf Car Generation!\",\"isPartOf\":{\"@id\":\"https:\\\/\\\/prochaska.eu\\\/ro\\\/#website\"},\"primaryImageOfPage\":{\"@id\":\"https:\\\/\\\/prochaska.eu\\\/ro\\\/produs\\\/icocar-carrier-3-0-cee-litiu-standardizat-rutier\\\/#primaryimage\"},\"image\":{\"@id\":\"https:\\\/\\\/prochaska.eu\\\/ro\\\/produs\\\/icocar-carrier-3-0-cee-litiu-standardizat-rutier\\\/#primaryimage\"},\"thumbnailUrl\":\"https:\\\/\\\/prochaska.eu\\\/wp-content\\\/uploads\\\/2021\\\/01\\\/IcoCar-Carrier-3.0_front.png\",\"datePublished\":\"2024-05-06T17:58:49+00:00\",\"dateModified\":\"2025-06-24T14:08:56+00:00\",\"description\":\"Carul electric de transport perfect, cu suprafa\u021b\u0103 mare de \u00eenc\u0103rcare \u0219i capacitate de \u00eenc\u0103rcare de 500 kg, \u00een dotare premium, cu 2 locuri.\",\"breadcrumb\":{\"@id\":\"https:\\\/\\\/prochaska.eu\\\/ro\\\/produs\\\/icocar-carrier-3-0-cee-litiu-standardizat-rutier\\\/#breadcrumb\"},\"inLanguage\":\"ro-RO\",\"potentialAction\":[{\"@type\":\"ReadAction\",\"target\":[\"https:\\\/\\\/prochaska.eu\\\/ro\\\/produs\\\/icocar-carrier-3-0-cee-litiu-standardizat-rutier\\\/\"]}]},{\"@type\":\"ImageObject\",\"inLanguage\":\"ro-RO\",\"@id\":\"https:\\\/\\\/prochaska.eu\\\/ro\\\/produs\\\/icocar-carrier-3-0-cee-litiu-standardizat-rutier\\\/#primaryimage\",\"url\":\"https:\\\/\\\/prochaska.eu\\\/wp-content\\\/uploads\\\/2021\\\/01\\\/IcoCar-Carrier-3.0_front.png\",\"contentUrl\":\"https:\\\/\\\/prochaska.eu\\\/wp-content\\\/uploads\\\/2021\\\/01\\\/IcoCar-Carrier-3.0_front.png\",\"width\":1000,\"height\":1000},{\"@type\":\"BreadcrumbList\",\"@id\":\"https:\\\/\\\/prochaska.eu\\\/ro\\\/produs\\\/icocar-carrier-3-0-cee-litiu-standardizat-rutier\\\/#breadcrumb\",\"itemListElement\":[{\"@type\":\"ListItem\",\"position\":1,\"name\":\"Home\",\"item\":\"https:\\\/\\\/prochaska.eu\\\/ro\\\/\"},{\"@type\":\"ListItem\",\"position\":2,\"name\":\"Shop\",\"item\":\"https:\\\/\\\/prochaska.eu\\\/ro\\\/shop\\\/\"},{\"@type\":\"ListItem\",\"position\":3,\"name\":\"IcoCar Carrier 3.0 EEC LITHIUM omologat pentru circula\u021bia pe drumurile publice\"}]},{\"@type\":\"WebSite\",\"@id\":\"https:\\\/\\\/prochaska.eu\\\/ro\\\/#website\",\"url\":\"https:\\\/\\\/prochaska.eu\\\/ro\\\/\",\"name\":\"Prochaska\",\"description\":\"Spezialist f\u00fcr Pflege von Gr\u00fcnfl\u00e4chen\",\"publisher\":{\"@id\":\"https:\\\/\\\/prochaska.eu\\\/ro\\\/#organization\"},\"potentialAction\":[{\"@type\":\"SearchAction\",\"target\":{\"@type\":\"EntryPoint\",\"urlTemplate\":\"https:\\\/\\\/prochaska.eu\\\/ro\\\/?s={search_term_string}\"},\"query-input\":{\"@type\":\"PropertyValueSpecification\",\"valueRequired\":true,\"valueName\":\"search_term_string\"}}],\"inLanguage\":\"ro-RO\"},{\"@type\":\"Organization\",\"@id\":\"https:\\\/\\\/prochaska.eu\\\/ro\\\/#organization\",\"name\":\"Prochaska\",\"url\":\"https:\\\/\\\/prochaska.eu\\\/ro\\\/\",\"logo\":{\"@type\":\"ImageObject\",\"inLanguage\":\"ro-RO\",\"@id\":\"https:\\\/\\\/prochaska.eu\\\/ro\\\/#\\\/schema\\\/logo\\\/image\\\/\",\"url\":\"https:\\\/\\\/prochaska.eu\\\/wp-content\\\/uploads\\\/2024\\\/04\\\/Prochaska_Logo_Black-1.png\",\"contentUrl\":\"https:\\\/\\\/prochaska.eu\\\/wp-content\\\/uploads\\\/2024\\\/04\\\/Prochaska_Logo_Black-1.png\",\"width\":796,\"height\":236,\"caption\":\"Prochaska\"},\"image\":{\"@id\":\"https:\\\/\\\/prochaska.eu\\\/ro\\\/#\\\/schema\\\/logo\\\/image\\\/\"},\"sameAs\":[\"https:\\\/\\\/www.facebook.com\\\/prochaska.eu\\\/\",\"https:\\\/\\\/www.instagram.com\\\/prochaska.eu\\\/\",\"https:\\\/\\\/www.linkedin.com\\\/company\\\/prochaska-handels-gmbh\"]}]}<\/script>\n<!-- \/ Yoast SEO plugin. -->","yoast_head_json":{"title":"IcoCar Carrier 3.0 EEC LITHIUM omologat pentru circula\u021bia pe drumurile publice - The New Golf Car Generation!","description":"Carul electric de transport perfect, cu suprafa\u021b\u0103 mare de \u00eenc\u0103rcare \u0219i capacitate de \u00eenc\u0103rcare de 500 kg, \u00een dotare premium, cu 2 locuri.","robots":{"index":"index","follow":"follow","max-snippet":"max-snippet:-1","max-image-preview":"max-image-preview:large","max-video-preview":"max-video-preview:-1"},"canonical":"https:\/\/prochaska.eu\/ro\/produs\/icocar-carrier-3-0-cee-litiu-standardizat-rutier\/","og_locale":"ro_RO","og_type":"article","og_title":"IcoCar Carrier 3.0","og_description":"Noile ma\u0219ini Ico Cars de la Prochaska sunt pe pia\u021b\u0103 din 2019. C\u0103rucioarele de golf impresioneaz\u0103 prin personalizare, tehnologie de ultim\u0103 genera\u021bie, garan\u021bie de service \u0219i un raport pre\u021b-calitate imbatabil.","og_url":"https:\/\/prochaska.eu\/ro\/produs\/icocar-carrier-3-0-cee-litiu-standardizat-rutier\/","og_site_name":"Prochaska","article_publisher":"https:\/\/www.facebook.com\/prochaska.eu\/","article_modified_time":"2025-06-24T14:08:56+00:00","og_image":[{"url":"https:\/\/www.prochaska.eu\/wp-content\/uploads\/2019\/09\/GolfCar-IcoCar-Prochaska-Facebook-Golf2GreyWhite.jpg","type":"","width":"","height":""}],"twitter_card":"summary_large_image","twitter_title":"IcoCar GOLF 2 GREY - The New Golf Car Generation!","twitter_description":"Noile ma\u0219ini Ico Cars de la Prochaska sunt pe pia\u021b\u0103 din 2019. C\u0103rucioarele de golf impresioneaz\u0103 prin personalizare, tehnologie de ultim\u0103 genera\u021bie, garan\u021bie de service \u0219i un raport pre\u021b-calitate imbatabil.","twitter_image":"https:\/\/www.prochaska.eu\/wp-content\/uploads\/2019\/09\/GolfCar-IcoCar-Prochaska-Twitter-Golf2GreyWhite.jpg","twitter_misc":{"Timp estimat pentru citire":"2 minute"},"schema":{"@context":"https:\/\/schema.org","@graph":[{"@type":"WebPage","@id":"https:\/\/prochaska.eu\/ro\/produs\/icocar-carrier-3-0-cee-litiu-standardizat-rutier\/","url":"https:\/\/prochaska.eu\/ro\/produs\/icocar-carrier-3-0-cee-litiu-standardizat-rutier\/","name":"IcoCar Carrier 3.0 EEC LITHIUM omologat pentru circula\u021bia pe drumurile publice - The New Golf Car Generation!","isPartOf":{"@id":"https:\/\/prochaska.eu\/ro\/#website"},"primaryImageOfPage":{"@id":"https:\/\/prochaska.eu\/ro\/produs\/icocar-carrier-3-0-cee-litiu-standardizat-rutier\/#primaryimage"},"image":{"@id":"https:\/\/prochaska.eu\/ro\/produs\/icocar-carrier-3-0-cee-litiu-standardizat-rutier\/#primaryimage"},"thumbnailUrl":"https:\/\/prochaska.eu\/wp-content\/uploads\/2021\/01\/IcoCar-Carrier-3.0_front.png","datePublished":"2024-05-06T17:58:49+00:00","dateModified":"2025-06-24T14:08:56+00:00","description":"Carul electric de transport perfect, cu suprafa\u021b\u0103 mare de \u00eenc\u0103rcare \u0219i capacitate de \u00eenc\u0103rcare de 500 kg, \u00een dotare premium, cu 2 locuri.","breadcrumb":{"@id":"https:\/\/prochaska.eu\/ro\/produs\/icocar-carrier-3-0-cee-litiu-standardizat-rutier\/#breadcrumb"},"inLanguage":"ro-RO","potentialAction":[{"@type":"ReadAction","target":["https:\/\/prochaska.eu\/ro\/produs\/icocar-carrier-3-0-cee-litiu-standardizat-rutier\/"]}]},{"@type":"ImageObject","inLanguage":"ro-RO","@id":"https:\/\/prochaska.eu\/ro\/produs\/icocar-carrier-3-0-cee-litiu-standardizat-rutier\/#primaryimage","url":"https:\/\/prochaska.eu\/wp-content\/uploads\/2021\/01\/IcoCar-Carrier-3.0_front.png","contentUrl":"https:\/\/prochaska.eu\/wp-content\/uploads\/2021\/01\/IcoCar-Carrier-3.0_front.png","width":1000,"height":1000},{"@type":"BreadcrumbList","@id":"https:\/\/prochaska.eu\/ro\/produs\/icocar-carrier-3-0-cee-litiu-standardizat-rutier\/#breadcrumb","itemListElement":[{"@type":"ListItem","position":1,"name":"Home","item":"https:\/\/prochaska.eu\/ro\/"},{"@type":"ListItem","position":2,"name":"Shop","item":"https:\/\/prochaska.eu\/ro\/shop\/"},{"@type":"ListItem","position":3,"name":"IcoCar Carrier 3.0 EEC LITHIUM omologat pentru circula\u021bia pe drumurile publice"}]},{"@type":"WebSite","@id":"https:\/\/prochaska.eu\/ro\/#website","url":"https:\/\/prochaska.eu\/ro\/","name":"Prochaska","description":"Spezialist f\u00fcr Pflege von Gr\u00fcnfl\u00e4chen","publisher":{"@id":"https:\/\/prochaska.eu\/ro\/#organization"},"potentialAction":[{"@type":"SearchAction","target":{"@type":"EntryPoint","urlTemplate":"https:\/\/prochaska.eu\/ro\/?s={search_term_string}"},"query-input":{"@type":"PropertyValueSpecification","valueRequired":true,"valueName":"search_term_string"}}],"inLanguage":"ro-RO"},{"@type":"Organization","@id":"https:\/\/prochaska.eu\/ro\/#organization","name":"Prochaska","url":"https:\/\/prochaska.eu\/ro\/","logo":{"@type":"ImageObject","inLanguage":"ro-RO","@id":"https:\/\/prochaska.eu\/ro\/#\/schema\/logo\/image\/","url":"https:\/\/prochaska.eu\/wp-content\/uploads\/2024\/04\/Prochaska_Logo_Black-1.png","contentUrl":"https:\/\/prochaska.eu\/wp-content\/uploads\/2024\/04\/Prochaska_Logo_Black-1.png","width":796,"height":236,"caption":"Prochaska"},"image":{"@id":"https:\/\/prochaska.eu\/ro\/#\/schema\/logo\/image\/"},"sameAs":["https:\/\/www.facebook.com\/prochaska.eu\/","https:\/\/www.instagram.com\/prochaska.eu\/","https:\/\/www.linkedin.com\/company\/prochaska-handels-gmbh"]}]}},"brands":[{"id":3069,"name":"IcoCar","slug":"icocar-ro"}],"_links":{"self":[{"href":"https:\/\/prochaska.eu\/ro\/wp-json\/wp\/v2\/product\/24829","targetHints":{"allow":["GET"]}}],"collection":[{"href":"https:\/\/prochaska.eu\/ro\/wp-json\/wp\/v2\/product"}],"about":[{"href":"https:\/\/prochaska.eu\/ro\/wp-json\/wp\/v2\/types\/product"}],"version-history":[{"count":0,"href":"https:\/\/prochaska.eu\/ro\/wp-json\/wp\/v2\/product\/24829\/revisions"}],"wp:featuredmedia":[{"embeddable":true,"href":"https:\/\/prochaska.eu\/ro\/wp-json\/wp\/v2\/media\/27049"}],"wp:attachment":[{"href":"https:\/\/prochaska.eu\/ro\/wp-json\/wp\/v2\/media?parent=24829"}],"wp:term":[{"taxonomy":"pwb-brand","embeddable":true,"href":"https:\/\/prochaska.eu\/ro\/wp-json\/wp\/v2\/pwb-brand?post=24829"},{"taxonomy":"product_brand","embeddable":true,"href":"https:\/\/prochaska.eu\/ro\/wp-json\/wp\/v2\/product_brand?post=24829"},{"taxonomy":"product_cat","embeddable":true,"href":"https:\/\/prochaska.eu\/ro\/wp-json\/wp\/v2\/product_cat?post=24829"},{"taxonomy":"product_tag","embeddable":true,"href":"https:\/\/prochaska.eu\/ro\/wp-json\/wp\/v2\/product_tag?post=24829"}],"curies":[{"name":"wp","href":"https:\/\/api.w.org\/{rel}","templated":true}]}}