{"id":24842,"date":"2024-05-06T14:49:37","date_gmt":"2024-05-06T14:49:37","guid":{"rendered":"https:\/\/prochaska.eu\/product\/icocar-cafe-express-lithium\/"},"modified":"2024-05-06T14:49:37","modified_gmt":"2024-05-06T14:49:37","slug":"icocar-cafe-express-lithium","status":"publish","type":"product","link":"https:\/\/prochaska.eu\/ro\/produs\/icocar-cafe-express-lithium\/","title":{"rendered":"IcoCar &#8211; Cafe Express- LITHIUM"},"content":{"rendered":"<p style=\"text-align: left;\"><a href=\"https:\/\/www.prochaska.eu\/icocar\/\">IcoCars<\/a> de la Prochaska se bazeaz\u0103 pe aproximativ 30 de ani de experien\u021b\u0103 \u00een sectorul <a href=\"https:\/\/www.prochaska.eu\/produktkategorie\/golf-cars\/\">ma\u0219inilor de golf<\/a>.<\/p>\n<p style=\"text-align: left;\">Gastrocar pentru terenuri de golf, hoteluri \u0219i evenimente cu o cutie frigorific\u0103 mare pentru b\u0103uturi \u0219i cutii de v\u00e2nzare pentru cafea \u0219i gust\u0103ri.<\/p>\n<p style=\"text-align: left;\">Gastrocar electric cu 2 locuri, cu cutie izolat\u0103 pentru b\u0103uturi \u0219i ata\u0219ament pentru cafea\/snack.<\/p>\n<p style=\"text-align: left;\">motor electric de 48 de vol\u021bi \u0219i o autonomie de p\u00e2n\u0103 la 70 de kilometri la o vitez\u0103 maxim\u0103 de max. 25 km\/h.<\/p>\n<p style=\"text-align: left;\">Manopera de \u00eenalt\u0103 calitate, caracteristicile premium \u0219i un design modern \u0219i inovator fac din acest model un ajutor practic \u00een industria hotelier\u0103 \u0219i de camping, pe terenul de golf sau la evenimente.<\/p>\n<h2 style=\"text-align: left;\"><strong>Electric:<\/strong> max. 25 km\/h<\/h2>\n<p style=\"text-align: left;\">Motor: 48V, curent alternativ, 5,0 kW (6,8 CP)<\/p>\n<p style=\"text-align: left;\">Baterie: Litiu LiFePO4 150Ah cu garan\u021bie de 5 ani<\/p>\n<p style=\"text-align: left;\">Raza de ac\u021biune: aprox. 70 de kilometri<\/p>\n<p style=\"text-align: left;\">Timp de \u00eenc\u0103rcare: aprox. 4 ore<\/p>\n<h2 style=\"text-align: left;\">Echipament<\/h2>\n<ul>\n<li style=\"text-align: left;\">Tip de drum UE L7e<\/li>\n<li style=\"text-align: left;\">\u00cenc\u0103rc\u0103tor automat \u00eencorporat<\/li>\n<li style=\"text-align: left;\">Sistem de iluminare cu LED cu lumini de zi, faz\u0103 scurt\u0103, faz\u0103 lung\u0103, indicatoare dinamice, stopuri<\/li>\n<li style=\"text-align: left;\">Corn<\/li>\n<li style=\"text-align: left;\">Fr\u00e2ne cu disc hidraulice fa\u021b\u0103, fr\u00e2ne cu tambur spate, fr\u00e2n\u0103 de parcare ac\u021bionat\u0103 cu piciorul<\/li>\n<li style=\"text-align: left;\">Fr\u00e2n\u0103 de parcare automat\u0103, electromagnetic\u0103<\/li>\n<li style=\"text-align: left;\">Scaune premium cu cus\u0103turi decorative<\/li>\n<li style=\"text-align: left;\">Acoperi\u0219 pentru soare\/ploaie<\/li>\n<li style=\"text-align: left;\">Parbriz din sticl\u0103 securizat\u0103 cu \u0219terg\u0103tor de parbriz<\/li>\n<li style=\"text-align: left;\">Cutie frigorific\u0103 pentru b\u0103uturi cu set-up pentru cafea\/snack<\/li>\n<li style=\"text-align: left;\">Volan sport cu design din carbon<\/li>\n<li style=\"text-align: left;\">Port USB dublu<\/li>\n<li style=\"text-align: left;\">4 suporturi pentru pahare<\/li>\n<li style=\"text-align: left;\">Indicator de \u00eenc\u0103rcare a bateriei<\/li>\n<li style=\"text-align: left;\">Jante din aluminiu de 12&#8243; cu anvelope 225\/55B12<\/li>\n<li style=\"text-align: left;\">Cadru din o\u021bel cu acoperire anti-coroziune<\/li>\n<li style=\"text-align: left;\">Oglind\u0103 lateral\u0103 st\u00e2nga\/dreapta<\/li>\n<\/ul>\n<p style=\"text-align: left;\">\n","protected":false},"excerpt":{"rendered":"<p>Ma\u0219ina de <a href=\"https:\/\/www.prochaska.eu\/produkt\/ico-car-street-2-cargo\/\">golf<\/a> BIRDIE 3.0 SENATOR LITHIUM de la <a href=\"https:\/\/www.prochaska.eu\/icocar\/\">Ico Car<\/a> are un pachet de baterii litiu-ion de 150 Ah cu o garan\u021bie de 5 ani \u0219i un pachet extins de accesorii.<\/p>\n","protected":false},"featured_media":27527,"template":"","meta":[],"pwb-brand":[3069],"product_brand":[],"product_cat":[1389,1341],"product_tag":[],"class_list":{"0":"post-24842","1":"product","2":"type-product","3":"status-publish","4":"has-post-thumbnail","6":"pwb-brand-icocar-ro","7":"product_cat-golf-cars-nou","8":"product_cat-masini-electrice","10":"first","11":"instock","12":"taxable","13":"shipping-taxable","14":"product-type-simple"},"yoast_head":"<!-- This site is optimized with the Yoast SEO plugin v27.4 - https:\/\/yoast.com\/product\/yoast-seo-wordpress\/ -->\n<title>IcoCar - Cafe Express- LITHIUM - Prochaska<\/title>\n<meta name=\"robots\" content=\"index, follow, max-snippet:-1, max-image-preview:large, max-video-preview:-1\" \/>\n<link rel=\"canonical\" href=\"https:\/\/prochaska.eu\/ro\/produs\/icocar-cafe-express-lithium\/\" \/>\n<meta property=\"og:locale\" content=\"ro_RO\" \/>\n<meta property=\"og:type\" content=\"article\" \/>\n<meta property=\"og:title\" content=\"IcoCar - Cafe Express- LITHIUM - Prochaska\" \/>\n<meta property=\"og:description\" content=\"Ma\u0219ina de golf BIRDIE 3.0 SENATOR LITHIUM de la Ico Car are un pachet de baterii litiu-ion de 150 Ah cu o garan\u021bie de 5 ani \u0219i un pachet extins de accesorii.\" \/>\n<meta property=\"og:url\" content=\"https:\/\/prochaska.eu\/ro\/produs\/icocar-cafe-express-lithium\/\" \/>\n<meta property=\"og:site_name\" content=\"Prochaska\" \/>\n<meta property=\"article:publisher\" content=\"https:\/\/www.facebook.com\/prochaska.eu\/\" \/>\n<meta property=\"og:image\" content=\"https:\/\/prochaska.eu\/wp-content\/uploads\/2024\/05\/IcoCar-Cafe-Express-3.0-Lithium.png\" \/>\n\t<meta property=\"og:image:width\" content=\"1000\" \/>\n\t<meta property=\"og:image:height\" content=\"1000\" \/>\n\t<meta property=\"og:image:type\" content=\"image\/png\" \/>\n<meta name=\"twitter:card\" content=\"summary_large_image\" \/>\n<meta name=\"twitter:label1\" content=\"Timp estimat pentru citire\" \/>\n\t<meta name=\"twitter:data1\" content=\"1 minut\" \/>\n<script type=\"application\/ld+json\" class=\"yoast-schema-graph\">{\"@context\":\"https:\\\/\\\/schema.org\",\"@graph\":[{\"@type\":\"WebPage\",\"@id\":\"https:\\\/\\\/prochaska.eu\\\/ro\\\/produs\\\/icocar-cafe-express-lithium\\\/\",\"url\":\"https:\\\/\\\/prochaska.eu\\\/ro\\\/produs\\\/icocar-cafe-express-lithium\\\/\",\"name\":\"IcoCar - Cafe Express- LITHIUM - Prochaska\",\"isPartOf\":{\"@id\":\"https:\\\/\\\/prochaska.eu\\\/ro\\\/#website\"},\"primaryImageOfPage\":{\"@id\":\"https:\\\/\\\/prochaska.eu\\\/ro\\\/produs\\\/icocar-cafe-express-lithium\\\/#primaryimage\"},\"image\":{\"@id\":\"https:\\\/\\\/prochaska.eu\\\/ro\\\/produs\\\/icocar-cafe-express-lithium\\\/#primaryimage\"},\"thumbnailUrl\":\"https:\\\/\\\/prochaska.eu\\\/wp-content\\\/uploads\\\/2024\\\/05\\\/IcoCar-Cafe-Express-3.0-Lithium.png\",\"datePublished\":\"2024-05-06T14:49:37+00:00\",\"breadcrumb\":{\"@id\":\"https:\\\/\\\/prochaska.eu\\\/ro\\\/produs\\\/icocar-cafe-express-lithium\\\/#breadcrumb\"},\"inLanguage\":\"ro-RO\",\"potentialAction\":[{\"@type\":\"ReadAction\",\"target\":[\"https:\\\/\\\/prochaska.eu\\\/ro\\\/produs\\\/icocar-cafe-express-lithium\\\/\"]}]},{\"@type\":\"ImageObject\",\"inLanguage\":\"ro-RO\",\"@id\":\"https:\\\/\\\/prochaska.eu\\\/ro\\\/produs\\\/icocar-cafe-express-lithium\\\/#primaryimage\",\"url\":\"https:\\\/\\\/prochaska.eu\\\/wp-content\\\/uploads\\\/2024\\\/05\\\/IcoCar-Cafe-Express-3.0-Lithium.png\",\"contentUrl\":\"https:\\\/\\\/prochaska.eu\\\/wp-content\\\/uploads\\\/2024\\\/05\\\/IcoCar-Cafe-Express-3.0-Lithium.png\",\"width\":1000,\"height\":1000},{\"@type\":\"BreadcrumbList\",\"@id\":\"https:\\\/\\\/prochaska.eu\\\/ro\\\/produs\\\/icocar-cafe-express-lithium\\\/#breadcrumb\",\"itemListElement\":[{\"@type\":\"ListItem\",\"position\":1,\"name\":\"Home\",\"item\":\"https:\\\/\\\/prochaska.eu\\\/ro\\\/\"},{\"@type\":\"ListItem\",\"position\":2,\"name\":\"Shop\",\"item\":\"https:\\\/\\\/prochaska.eu\\\/ro\\\/shop\\\/\"},{\"@type\":\"ListItem\",\"position\":3,\"name\":\"IcoCar &#8211; Cafe Express- LITHIUM\"}]},{\"@type\":\"WebSite\",\"@id\":\"https:\\\/\\\/prochaska.eu\\\/ro\\\/#website\",\"url\":\"https:\\\/\\\/prochaska.eu\\\/ro\\\/\",\"name\":\"Prochaska\",\"description\":\"Spezialist f\u00fcr Pflege von Gr\u00fcnfl\u00e4chen\",\"publisher\":{\"@id\":\"https:\\\/\\\/prochaska.eu\\\/ro\\\/#organization\"},\"potentialAction\":[{\"@type\":\"SearchAction\",\"target\":{\"@type\":\"EntryPoint\",\"urlTemplate\":\"https:\\\/\\\/prochaska.eu\\\/ro\\\/?s={search_term_string}\"},\"query-input\":{\"@type\":\"PropertyValueSpecification\",\"valueRequired\":true,\"valueName\":\"search_term_string\"}}],\"inLanguage\":\"ro-RO\"},{\"@type\":\"Organization\",\"@id\":\"https:\\\/\\\/prochaska.eu\\\/ro\\\/#organization\",\"name\":\"Prochaska\",\"url\":\"https:\\\/\\\/prochaska.eu\\\/ro\\\/\",\"logo\":{\"@type\":\"ImageObject\",\"inLanguage\":\"ro-RO\",\"@id\":\"https:\\\/\\\/prochaska.eu\\\/ro\\\/#\\\/schema\\\/logo\\\/image\\\/\",\"url\":\"https:\\\/\\\/prochaska.eu\\\/wp-content\\\/uploads\\\/2024\\\/04\\\/Prochaska_Logo_Black-1.png\",\"contentUrl\":\"https:\\\/\\\/prochaska.eu\\\/wp-content\\\/uploads\\\/2024\\\/04\\\/Prochaska_Logo_Black-1.png\",\"width\":796,\"height\":236,\"caption\":\"Prochaska\"},\"image\":{\"@id\":\"https:\\\/\\\/prochaska.eu\\\/ro\\\/#\\\/schema\\\/logo\\\/image\\\/\"},\"sameAs\":[\"https:\\\/\\\/www.facebook.com\\\/prochaska.eu\\\/\",\"https:\\\/\\\/www.instagram.com\\\/prochaska.eu\\\/\",\"https:\\\/\\\/www.linkedin.com\\\/company\\\/prochaska-handels-gmbh\"]}]}<\/script>\n<!-- \/ Yoast SEO plugin. -->","yoast_head_json":{"title":"IcoCar - Cafe Express- LITHIUM - Prochaska","robots":{"index":"index","follow":"follow","max-snippet":"max-snippet:-1","max-image-preview":"max-image-preview:large","max-video-preview":"max-video-preview:-1"},"canonical":"https:\/\/prochaska.eu\/ro\/produs\/icocar-cafe-express-lithium\/","og_locale":"ro_RO","og_type":"article","og_title":"IcoCar - Cafe Express- LITHIUM - Prochaska","og_description":"Ma\u0219ina de golf BIRDIE 3.0 SENATOR LITHIUM de la Ico Car are un pachet de baterii litiu-ion de 150 Ah cu o garan\u021bie de 5 ani \u0219i un pachet extins de accesorii.","og_url":"https:\/\/prochaska.eu\/ro\/produs\/icocar-cafe-express-lithium\/","og_site_name":"Prochaska","article_publisher":"https:\/\/www.facebook.com\/prochaska.eu\/","og_image":[{"width":1000,"height":1000,"url":"https:\/\/prochaska.eu\/wp-content\/uploads\/2024\/05\/IcoCar-Cafe-Express-3.0-Lithium.png","type":"image\/png"}],"twitter_card":"summary_large_image","twitter_misc":{"Timp estimat pentru citire":"1 minut"},"schema":{"@context":"https:\/\/schema.org","@graph":[{"@type":"WebPage","@id":"https:\/\/prochaska.eu\/ro\/produs\/icocar-cafe-express-lithium\/","url":"https:\/\/prochaska.eu\/ro\/produs\/icocar-cafe-express-lithium\/","name":"IcoCar - Cafe Express- LITHIUM - Prochaska","isPartOf":{"@id":"https:\/\/prochaska.eu\/ro\/#website"},"primaryImageOfPage":{"@id":"https:\/\/prochaska.eu\/ro\/produs\/icocar-cafe-express-lithium\/#primaryimage"},"image":{"@id":"https:\/\/prochaska.eu\/ro\/produs\/icocar-cafe-express-lithium\/#primaryimage"},"thumbnailUrl":"https:\/\/prochaska.eu\/wp-content\/uploads\/2024\/05\/IcoCar-Cafe-Express-3.0-Lithium.png","datePublished":"2024-05-06T14:49:37+00:00","breadcrumb":{"@id":"https:\/\/prochaska.eu\/ro\/produs\/icocar-cafe-express-lithium\/#breadcrumb"},"inLanguage":"ro-RO","potentialAction":[{"@type":"ReadAction","target":["https:\/\/prochaska.eu\/ro\/produs\/icocar-cafe-express-lithium\/"]}]},{"@type":"ImageObject","inLanguage":"ro-RO","@id":"https:\/\/prochaska.eu\/ro\/produs\/icocar-cafe-express-lithium\/#primaryimage","url":"https:\/\/prochaska.eu\/wp-content\/uploads\/2024\/05\/IcoCar-Cafe-Express-3.0-Lithium.png","contentUrl":"https:\/\/prochaska.eu\/wp-content\/uploads\/2024\/05\/IcoCar-Cafe-Express-3.0-Lithium.png","width":1000,"height":1000},{"@type":"BreadcrumbList","@id":"https:\/\/prochaska.eu\/ro\/produs\/icocar-cafe-express-lithium\/#breadcrumb","itemListElement":[{"@type":"ListItem","position":1,"name":"Home","item":"https:\/\/prochaska.eu\/ro\/"},{"@type":"ListItem","position":2,"name":"Shop","item":"https:\/\/prochaska.eu\/ro\/shop\/"},{"@type":"ListItem","position":3,"name":"IcoCar &#8211; Cafe Express- LITHIUM"}]},{"@type":"WebSite","@id":"https:\/\/prochaska.eu\/ro\/#website","url":"https:\/\/prochaska.eu\/ro\/","name":"Prochaska","description":"Spezialist f\u00fcr Pflege von Gr\u00fcnfl\u00e4chen","publisher":{"@id":"https:\/\/prochaska.eu\/ro\/#organization"},"potentialAction":[{"@type":"SearchAction","target":{"@type":"EntryPoint","urlTemplate":"https:\/\/prochaska.eu\/ro\/?s={search_term_string}"},"query-input":{"@type":"PropertyValueSpecification","valueRequired":true,"valueName":"search_term_string"}}],"inLanguage":"ro-RO"},{"@type":"Organization","@id":"https:\/\/prochaska.eu\/ro\/#organization","name":"Prochaska","url":"https:\/\/prochaska.eu\/ro\/","logo":{"@type":"ImageObject","inLanguage":"ro-RO","@id":"https:\/\/prochaska.eu\/ro\/#\/schema\/logo\/image\/","url":"https:\/\/prochaska.eu\/wp-content\/uploads\/2024\/04\/Prochaska_Logo_Black-1.png","contentUrl":"https:\/\/prochaska.eu\/wp-content\/uploads\/2024\/04\/Prochaska_Logo_Black-1.png","width":796,"height":236,"caption":"Prochaska"},"image":{"@id":"https:\/\/prochaska.eu\/ro\/#\/schema\/logo\/image\/"},"sameAs":["https:\/\/www.facebook.com\/prochaska.eu\/","https:\/\/www.instagram.com\/prochaska.eu\/","https:\/\/www.linkedin.com\/company\/prochaska-handels-gmbh"]}]}},"brands":[{"id":3069,"name":"IcoCar","slug":"icocar-ro"}],"_links":{"self":[{"href":"https:\/\/prochaska.eu\/ro\/wp-json\/wp\/v2\/product\/24842","targetHints":{"allow":["GET"]}}],"collection":[{"href":"https:\/\/prochaska.eu\/ro\/wp-json\/wp\/v2\/product"}],"about":[{"href":"https:\/\/prochaska.eu\/ro\/wp-json\/wp\/v2\/types\/product"}],"version-history":[{"count":0,"href":"https:\/\/prochaska.eu\/ro\/wp-json\/wp\/v2\/product\/24842\/revisions"}],"wp:featuredmedia":[{"embeddable":true,"href":"https:\/\/prochaska.eu\/ro\/wp-json\/wp\/v2\/media\/27527"}],"wp:attachment":[{"href":"https:\/\/prochaska.eu\/ro\/wp-json\/wp\/v2\/media?parent=24842"}],"wp:term":[{"taxonomy":"pwb-brand","embeddable":true,"href":"https:\/\/prochaska.eu\/ro\/wp-json\/wp\/v2\/pwb-brand?post=24842"},{"taxonomy":"product_brand","embeddable":true,"href":"https:\/\/prochaska.eu\/ro\/wp-json\/wp\/v2\/product_brand?post=24842"},{"taxonomy":"product_cat","embeddable":true,"href":"https:\/\/prochaska.eu\/ro\/wp-json\/wp\/v2\/product_cat?post=24842"},{"taxonomy":"product_tag","embeddable":true,"href":"https:\/\/prochaska.eu\/ro\/wp-json\/wp\/v2\/product_tag?post=24842"}],"curies":[{"name":"wp","href":"https:\/\/api.w.org\/{rel}","templated":true}]}}