{"id":24848,"date":"2023-12-19T08:56:15","date_gmt":"2023-12-19T08:56:15","guid":{"rendered":"https:\/\/prochaska.eu\/product\/toro-cositoare-de-gazon-ehoverpro-450-02614t\/"},"modified":"2023-12-19T08:56:15","modified_gmt":"2023-12-19T08:56:15","slug":"toro-cositoare-de-gazon-ehoverpro-450-02614t","status":"publish","type":"product","link":"https:\/\/prochaska.eu\/ro\/produs\/toro-cositoare-de-gazon-ehoverpro-450-02614t\/","title":{"rendered":"Toro &#8211; Cositoare de gazon &#8211; eHoverPro 450 &#8211; 02614T"},"content":{"rendered":"<p style=\"text-align: left;\">Motocoasa cu pern\u0103 de aer eHoverPro (02614T) de la Toro func\u021bioneaz\u0103 cu un motor f\u0103r\u0103 perii de 60V 2KW. Este, de asemenea, solu\u021bia ideal\u0103 pentru zonele greu accesibile \u0219i poate gestiona chiar \u0219i pante de p\u00e2n\u0103 la 45\u00b0.<\/p>\n<p style=\"text-align: left;\">Deoarece ma\u0219ina de tuns iarba nu are ro\u021bi, ci plute\u0219te pe o pern\u0103 de aer, riscul ca ma\u0219ina de tuns iarba s\u0103 treac\u0103 peste margine este redus.<\/p>\n<h2 style=\"text-align: left;\">Beneficiile produsului<\/h2>\n<ul>\n<li style=\"text-align: left;\">Potrivire manual\u0103 la 45\u00b0 (prin urmare, gata de utilizare pe pante dificile)<\/li>\n<li>Propriet\u0103\u021bi optime de suspendare (cea mai u\u0219oar\u0103 cositoare cu pern\u0103 de aer din clasa sa)<\/li>\n<li>M\u00e2ner anti-vibra\u021bii confortabil<\/li>\n<li style=\"text-align: left;\">Sistem MetalBlade (lam\u0103 metalic\u0103 robust\u0103 pentru o t\u0103iere curat\u0103)<\/li>\n<\/ul>\n<p>&nbsp;<\/p>\n<p><iframe title=\"Toro\u00ae HoverPro\u00ae Series Mowers\" width=\"800\" height=\"450\" src=\"https:\/\/www.youtube.com\/embed\/plHVt6gqQg8?start=10&#038;feature=oembed\" frameborder=\"0\" allow=\"accelerometer; autoplay; clipboard-write; encrypted-media; gyroscope; picture-in-picture; web-share\" referrerpolicy=\"strict-origin-when-cross-origin\" allowfullscreen><\/iframe><\/p>\n","protected":false},"excerpt":{"rendered":"<p>Modelul eHoverPro 450 este solu\u021bia ideal\u0103 pentru zonele greu accesibile cositoarelor conven\u021bionale cu ro\u021bi. \u0218i practic f\u0103r\u0103 \u00eentre\u021binere, ca o variant\u0103 e!<\/p>\n","protected":false},"featured_media":23142,"template":"","meta":[],"pwb-brand":[3073],"product_brand":[],"product_cat":[1149,1217],"product_tag":[],"class_list":{"0":"post-24848","1":"product","2":"type-product","3":"status-publish","4":"has-post-thumbnail","6":"pwb-brand-toro-ro","7":"product_cat-cositoare-de-gazon","8":"product_cat-cositoare-de-gazon-manuala","10":"first","11":"instock","12":"taxable","13":"shipping-taxable","14":"purchasable","15":"product-type-simple"},"yoast_head":"<!-- This site is optimized with the Yoast SEO plugin v27.4 - https:\/\/yoast.com\/product\/yoast-seo-wordpress\/ -->\n<title>Toro - Cositoare de gazon - eHoverPro 450 - 02614T - Prochaska<\/title>\n<meta name=\"robots\" content=\"index, follow, max-snippet:-1, max-image-preview:large, max-video-preview:-1\" \/>\n<link rel=\"canonical\" href=\"https:\/\/prochaska.eu\/ro\/produs\/toro-cositoare-de-gazon-ehoverpro-450-02614t\/\" \/>\n<meta property=\"og:locale\" content=\"ro_RO\" \/>\n<meta property=\"og:type\" content=\"article\" \/>\n<meta property=\"og:title\" content=\"Toro - Cositoare de gazon - eHoverPro 450 - 02614T - Prochaska\" \/>\n<meta property=\"og:description\" content=\"Modelul eHoverPro 450 este solu\u021bia ideal\u0103 pentru zonele greu accesibile cositoarelor conven\u021bionale cu ro\u021bi. \u0218i practic f\u0103r\u0103 \u00eentre\u021binere, ca o variant\u0103 e!\" \/>\n<meta property=\"og:url\" content=\"https:\/\/prochaska.eu\/ro\/produs\/toro-cositoare-de-gazon-ehoverpro-450-02614t\/\" \/>\n<meta property=\"og:site_name\" content=\"Prochaska\" \/>\n<meta property=\"article:publisher\" content=\"https:\/\/www.facebook.com\/prochaska.eu\/\" \/>\n<meta property=\"og:image\" content=\"https:\/\/prochaska.eu\/wp-content\/uploads\/2024\/06\/ehp-scaled-1.gif\" \/>\n\t<meta property=\"og:image:width\" content=\"2134\" \/>\n\t<meta property=\"og:image:height\" content=\"2560\" \/>\n\t<meta property=\"og:image:type\" content=\"image\/gif\" \/>\n<meta name=\"twitter:card\" content=\"summary_large_image\" \/>\n<meta name=\"twitter:label1\" content=\"Timp estimat pentru citire\" \/>\n\t<meta name=\"twitter:data1\" content=\"1 minut\" \/>\n<script type=\"application\/ld+json\" class=\"yoast-schema-graph\">{\"@context\":\"https:\\\/\\\/schema.org\",\"@graph\":[{\"@type\":\"WebPage\",\"@id\":\"https:\\\/\\\/prochaska.eu\\\/ro\\\/produs\\\/toro-cositoare-de-gazon-ehoverpro-450-02614t\\\/\",\"url\":\"https:\\\/\\\/prochaska.eu\\\/ro\\\/produs\\\/toro-cositoare-de-gazon-ehoverpro-450-02614t\\\/\",\"name\":\"Toro - Cositoare de gazon - eHoverPro 450 - 02614T - Prochaska\",\"isPartOf\":{\"@id\":\"https:\\\/\\\/prochaska.eu\\\/ro\\\/#website\"},\"primaryImageOfPage\":{\"@id\":\"https:\\\/\\\/prochaska.eu\\\/ro\\\/produs\\\/toro-cositoare-de-gazon-ehoverpro-450-02614t\\\/#primaryimage\"},\"image\":{\"@id\":\"https:\\\/\\\/prochaska.eu\\\/ro\\\/produs\\\/toro-cositoare-de-gazon-ehoverpro-450-02614t\\\/#primaryimage\"},\"thumbnailUrl\":\"https:\\\/\\\/prochaska.eu\\\/wp-content\\\/uploads\\\/2024\\\/06\\\/ehp-scaled-1.gif\",\"datePublished\":\"2023-12-19T08:56:15+00:00\",\"breadcrumb\":{\"@id\":\"https:\\\/\\\/prochaska.eu\\\/ro\\\/produs\\\/toro-cositoare-de-gazon-ehoverpro-450-02614t\\\/#breadcrumb\"},\"inLanguage\":\"ro-RO\",\"potentialAction\":[{\"@type\":\"ReadAction\",\"target\":[\"https:\\\/\\\/prochaska.eu\\\/ro\\\/produs\\\/toro-cositoare-de-gazon-ehoverpro-450-02614t\\\/\"]}]},{\"@type\":\"ImageObject\",\"inLanguage\":\"ro-RO\",\"@id\":\"https:\\\/\\\/prochaska.eu\\\/ro\\\/produs\\\/toro-cositoare-de-gazon-ehoverpro-450-02614t\\\/#primaryimage\",\"url\":\"https:\\\/\\\/prochaska.eu\\\/wp-content\\\/uploads\\\/2024\\\/06\\\/ehp-scaled-1.gif\",\"contentUrl\":\"https:\\\/\\\/prochaska.eu\\\/wp-content\\\/uploads\\\/2024\\\/06\\\/ehp-scaled-1.gif\",\"width\":2134,\"height\":2560},{\"@type\":\"BreadcrumbList\",\"@id\":\"https:\\\/\\\/prochaska.eu\\\/ro\\\/produs\\\/toro-cositoare-de-gazon-ehoverpro-450-02614t\\\/#breadcrumb\",\"itemListElement\":[{\"@type\":\"ListItem\",\"position\":1,\"name\":\"Home\",\"item\":\"https:\\\/\\\/prochaska.eu\\\/ro\\\/\"},{\"@type\":\"ListItem\",\"position\":2,\"name\":\"Shop\",\"item\":\"https:\\\/\\\/prochaska.eu\\\/ro\\\/shop\\\/\"},{\"@type\":\"ListItem\",\"position\":3,\"name\":\"Toro &#8211; Cositoare de gazon &#8211; eHoverPro 450 &#8211; 02614T\"}]},{\"@type\":\"WebSite\",\"@id\":\"https:\\\/\\\/prochaska.eu\\\/ro\\\/#website\",\"url\":\"https:\\\/\\\/prochaska.eu\\\/ro\\\/\",\"name\":\"Prochaska\",\"description\":\"Spezialist f\u00fcr Pflege von Gr\u00fcnfl\u00e4chen\",\"publisher\":{\"@id\":\"https:\\\/\\\/prochaska.eu\\\/ro\\\/#organization\"},\"potentialAction\":[{\"@type\":\"SearchAction\",\"target\":{\"@type\":\"EntryPoint\",\"urlTemplate\":\"https:\\\/\\\/prochaska.eu\\\/ro\\\/?s={search_term_string}\"},\"query-input\":{\"@type\":\"PropertyValueSpecification\",\"valueRequired\":true,\"valueName\":\"search_term_string\"}}],\"inLanguage\":\"ro-RO\"},{\"@type\":\"Organization\",\"@id\":\"https:\\\/\\\/prochaska.eu\\\/ro\\\/#organization\",\"name\":\"Prochaska\",\"url\":\"https:\\\/\\\/prochaska.eu\\\/ro\\\/\",\"logo\":{\"@type\":\"ImageObject\",\"inLanguage\":\"ro-RO\",\"@id\":\"https:\\\/\\\/prochaska.eu\\\/ro\\\/#\\\/schema\\\/logo\\\/image\\\/\",\"url\":\"https:\\\/\\\/prochaska.eu\\\/wp-content\\\/uploads\\\/2024\\\/04\\\/Prochaska_Logo_Black-1.png\",\"contentUrl\":\"https:\\\/\\\/prochaska.eu\\\/wp-content\\\/uploads\\\/2024\\\/04\\\/Prochaska_Logo_Black-1.png\",\"width\":796,\"height\":236,\"caption\":\"Prochaska\"},\"image\":{\"@id\":\"https:\\\/\\\/prochaska.eu\\\/ro\\\/#\\\/schema\\\/logo\\\/image\\\/\"},\"sameAs\":[\"https:\\\/\\\/www.facebook.com\\\/prochaska.eu\\\/\",\"https:\\\/\\\/www.instagram.com\\\/prochaska.eu\\\/\",\"https:\\\/\\\/www.linkedin.com\\\/company\\\/prochaska-handels-gmbh\"]}]}<\/script>\n<!-- \/ Yoast SEO plugin. -->","yoast_head_json":{"title":"Toro - Cositoare de gazon - eHoverPro 450 - 02614T - Prochaska","robots":{"index":"index","follow":"follow","max-snippet":"max-snippet:-1","max-image-preview":"max-image-preview:large","max-video-preview":"max-video-preview:-1"},"canonical":"https:\/\/prochaska.eu\/ro\/produs\/toro-cositoare-de-gazon-ehoverpro-450-02614t\/","og_locale":"ro_RO","og_type":"article","og_title":"Toro - Cositoare de gazon - eHoverPro 450 - 02614T - Prochaska","og_description":"Modelul eHoverPro 450 este solu\u021bia ideal\u0103 pentru zonele greu accesibile cositoarelor conven\u021bionale cu ro\u021bi. \u0218i practic f\u0103r\u0103 \u00eentre\u021binere, ca o variant\u0103 e!","og_url":"https:\/\/prochaska.eu\/ro\/produs\/toro-cositoare-de-gazon-ehoverpro-450-02614t\/","og_site_name":"Prochaska","article_publisher":"https:\/\/www.facebook.com\/prochaska.eu\/","og_image":[{"width":2134,"height":2560,"url":"https:\/\/prochaska.eu\/wp-content\/uploads\/2024\/06\/ehp-scaled-1.gif","type":"image\/gif"}],"twitter_card":"summary_large_image","twitter_misc":{"Timp estimat pentru citire":"1 minut"},"schema":{"@context":"https:\/\/schema.org","@graph":[{"@type":"WebPage","@id":"https:\/\/prochaska.eu\/ro\/produs\/toro-cositoare-de-gazon-ehoverpro-450-02614t\/","url":"https:\/\/prochaska.eu\/ro\/produs\/toro-cositoare-de-gazon-ehoverpro-450-02614t\/","name":"Toro - Cositoare de gazon - eHoverPro 450 - 02614T - Prochaska","isPartOf":{"@id":"https:\/\/prochaska.eu\/ro\/#website"},"primaryImageOfPage":{"@id":"https:\/\/prochaska.eu\/ro\/produs\/toro-cositoare-de-gazon-ehoverpro-450-02614t\/#primaryimage"},"image":{"@id":"https:\/\/prochaska.eu\/ro\/produs\/toro-cositoare-de-gazon-ehoverpro-450-02614t\/#primaryimage"},"thumbnailUrl":"https:\/\/prochaska.eu\/wp-content\/uploads\/2024\/06\/ehp-scaled-1.gif","datePublished":"2023-12-19T08:56:15+00:00","breadcrumb":{"@id":"https:\/\/prochaska.eu\/ro\/produs\/toro-cositoare-de-gazon-ehoverpro-450-02614t\/#breadcrumb"},"inLanguage":"ro-RO","potentialAction":[{"@type":"ReadAction","target":["https:\/\/prochaska.eu\/ro\/produs\/toro-cositoare-de-gazon-ehoverpro-450-02614t\/"]}]},{"@type":"ImageObject","inLanguage":"ro-RO","@id":"https:\/\/prochaska.eu\/ro\/produs\/toro-cositoare-de-gazon-ehoverpro-450-02614t\/#primaryimage","url":"https:\/\/prochaska.eu\/wp-content\/uploads\/2024\/06\/ehp-scaled-1.gif","contentUrl":"https:\/\/prochaska.eu\/wp-content\/uploads\/2024\/06\/ehp-scaled-1.gif","width":2134,"height":2560},{"@type":"BreadcrumbList","@id":"https:\/\/prochaska.eu\/ro\/produs\/toro-cositoare-de-gazon-ehoverpro-450-02614t\/#breadcrumb","itemListElement":[{"@type":"ListItem","position":1,"name":"Home","item":"https:\/\/prochaska.eu\/ro\/"},{"@type":"ListItem","position":2,"name":"Shop","item":"https:\/\/prochaska.eu\/ro\/shop\/"},{"@type":"ListItem","position":3,"name":"Toro &#8211; Cositoare de gazon &#8211; eHoverPro 450 &#8211; 02614T"}]},{"@type":"WebSite","@id":"https:\/\/prochaska.eu\/ro\/#website","url":"https:\/\/prochaska.eu\/ro\/","name":"Prochaska","description":"Spezialist f\u00fcr Pflege von Gr\u00fcnfl\u00e4chen","publisher":{"@id":"https:\/\/prochaska.eu\/ro\/#organization"},"potentialAction":[{"@type":"SearchAction","target":{"@type":"EntryPoint","urlTemplate":"https:\/\/prochaska.eu\/ro\/?s={search_term_string}"},"query-input":{"@type":"PropertyValueSpecification","valueRequired":true,"valueName":"search_term_string"}}],"inLanguage":"ro-RO"},{"@type":"Organization","@id":"https:\/\/prochaska.eu\/ro\/#organization","name":"Prochaska","url":"https:\/\/prochaska.eu\/ro\/","logo":{"@type":"ImageObject","inLanguage":"ro-RO","@id":"https:\/\/prochaska.eu\/ro\/#\/schema\/logo\/image\/","url":"https:\/\/prochaska.eu\/wp-content\/uploads\/2024\/04\/Prochaska_Logo_Black-1.png","contentUrl":"https:\/\/prochaska.eu\/wp-content\/uploads\/2024\/04\/Prochaska_Logo_Black-1.png","width":796,"height":236,"caption":"Prochaska"},"image":{"@id":"https:\/\/prochaska.eu\/ro\/#\/schema\/logo\/image\/"},"sameAs":["https:\/\/www.facebook.com\/prochaska.eu\/","https:\/\/www.instagram.com\/prochaska.eu\/","https:\/\/www.linkedin.com\/company\/prochaska-handels-gmbh"]}]}},"brands":[{"id":3073,"name":"Toro","slug":"toro-ro"}],"_links":{"self":[{"href":"https:\/\/prochaska.eu\/ro\/wp-json\/wp\/v2\/product\/24848","targetHints":{"allow":["GET"]}}],"collection":[{"href":"https:\/\/prochaska.eu\/ro\/wp-json\/wp\/v2\/product"}],"about":[{"href":"https:\/\/prochaska.eu\/ro\/wp-json\/wp\/v2\/types\/product"}],"version-history":[{"count":0,"href":"https:\/\/prochaska.eu\/ro\/wp-json\/wp\/v2\/product\/24848\/revisions"}],"wp:featuredmedia":[{"embeddable":true,"href":"https:\/\/prochaska.eu\/ro\/wp-json\/wp\/v2\/media\/23142"}],"wp:attachment":[{"href":"https:\/\/prochaska.eu\/ro\/wp-json\/wp\/v2\/media?parent=24848"}],"wp:term":[{"taxonomy":"pwb-brand","embeddable":true,"href":"https:\/\/prochaska.eu\/ro\/wp-json\/wp\/v2\/pwb-brand?post=24848"},{"taxonomy":"product_brand","embeddable":true,"href":"https:\/\/prochaska.eu\/ro\/wp-json\/wp\/v2\/product_brand?post=24848"},{"taxonomy":"product_cat","embeddable":true,"href":"https:\/\/prochaska.eu\/ro\/wp-json\/wp\/v2\/product_cat?post=24848"},{"taxonomy":"product_tag","embeddable":true,"href":"https:\/\/prochaska.eu\/ro\/wp-json\/wp\/v2\/product_tag?post=24848"}],"curies":[{"name":"wp","href":"https:\/\/api.w.org\/{rel}","templated":true}]}}