{"id":24851,"date":"2023-12-18T15:17:24","date_gmt":"2023-12-18T15:17:24","guid":{"rendered":"https:\/\/prochaska.eu\/product\/toro-zeroturn-timecutter-zs4200t-74677\/"},"modified":"2023-12-18T15:17:24","modified_gmt":"2023-12-18T15:17:24","slug":"toro-zeroturn-timecutter-zs4200t-74677","status":"publish","type":"product","link":"https:\/\/prochaska.eu\/ro\/produs\/toro-zeroturn-timecutter-zs4200t-74677\/","title":{"rendered":"Toro &#8211; ZeroTurn -TimeCutter &#8211; ZS4200T &#8211; 74677"},"content":{"rendered":"<p style=\"text-align: left;\">Motocoasa cu tura\u021bie zero TimeCutter ZS 4200T (74677) de la Toro are o l\u0103\u021bime de t\u0103iere de 107 cm \u0219i un motor cu 2 cilindri V-TWIN cu 724 cm\u00b3. Lucrul cu Zero Turn este eficient, simplu \u0219i fiabil. Manetele de direc\u021bie rotunde ale cositoarei \u0219i sp\u0103tarul foarte \u00eenalt garanteaz\u0103 pl\u0103cerea condusului. Obstacolele pot fi ocolite rapid cu o singur\u0103 mi\u0219care. Deoarece <a href=\"https:\/\/www.prochaska.eu\/toro\/\">Toro <\/a>TimeCutter este at\u00e2t de agil \u0219i manevrabil, timpul de cosire este redus practic la jum\u0103tate. Ma\u0219ina de tuns iarba este potrivit\u0103 pentru suprafe\u021be de p\u00e2n\u0103 la 7.000 m\u00b2. Ac\u021bionarea hidrostatic\u0103 dubl\u0103 asigur\u0103 o acoperire deosebit de bun\u0103 a zonei \u0219i rezultate perfecte de cosire, economisind timp la viteze de p\u00e2n\u0103 la 11 km\/h.<\/p>\n<h2 style=\"text-align: left;\">Beneficiile produsului<\/h2>\n<ul>\n<li>Motor Toro de 724cc pentru performan\u021be fiabile<\/li>\n<li>Reglare pe \u00een\u0103l\u021bime \u00een 7 pozi\u021bii (38-114 mm)<\/li>\n<li>Racordurile de ap\u0103 ale ma\u0219inii de tuns iarba sub platforma ma\u0219inii de tuns iarba pentru o cur\u0103\u021bare u\u0219oar\u0103<\/li>\n<li>Conexiune de sp\u0103lare pentru cur\u0103\u021bare rapid\u0103 \u0219i u\u0219oar\u0103<\/li>\n<li>Camer\u0103 de cosit foarte \u00eenalt\u0103 (10 cm)<\/li>\n<li>Driveline cu 2 hidrostate pentru manevrabilitate \u0219i cerc de \u00eentoarcere zero<\/li>\n<li>Scaun de confort moale Deluxe pentru o munc\u0103 confortabil\u0103<\/li>\n<li>Sistem de filtrare patentat, cu autocur\u0103\u021bare a cutiei de aer<\/li>\n<li>Punte din o\u021bel dublu sudat\u0103<\/li>\n<li>Protec\u021bie robust\u0103 din o\u021bel pentru motorul din spate<\/li>\n<\/ul>\n<h2 style=\"text-align: left;\">Accesorii op\u021bionale<\/h2>\n<ul>\n<li><a href=\"https:\/\/www.prochaska.eu\/produkt\/toro-ersatzmesster-zeroturn-107cm-74684-74686-74690\/\">Lam\u0103 de schimb Toro 107 cm<\/a><\/li>\n<li><a href=\"https:\/\/www.prochaska.eu\/produkt\/deluxe-abdeckhaube-zeroturn\/\">Capac Toro pentru Zero Turn Small<\/a><\/li>\n<\/ul>\n<p>&nbsp;<\/p>\n<p><iframe title=\"Save Time with Toro TimeCutter Zero Turn Riding Mowers\" width=\"800\" height=\"450\" src=\"https:\/\/www.youtube.com\/embed\/kD2zyCau3j8?feature=oembed\" frameborder=\"0\" allow=\"accelerometer; autoplay; clipboard-write; encrypted-media; gyroscope; picture-in-picture; web-share\" referrerpolicy=\"strict-origin-when-cross-origin\" allowfullscreen><\/iframe><\/p>\n","protected":false},"excerpt":{"rendered":"<p>Motocoasa cu tura\u021bie zero TimeCutter ZS 4200T (74677) de la Toro are o l\u0103\u021bime de t\u0103iere de 107 cm \u0219i un motor cu 2 cilindri V-TWIN cu 724 cm\u00b3.<\/p>\n","protected":false},"featured_media":23133,"template":"","meta":[],"pwb-brand":[3073],"product_brand":[],"product_cat":[1149,1298],"product_tag":[],"class_list":{"0":"post-24851","1":"product","2":"type-product","3":"status-publish","4":"has-post-thumbnail","6":"pwb-brand-toro-ro","7":"product_cat-cositoare-de-gazon","8":"product_cat-zero-viraje-ro-2","10":"first","11":"instock","12":"taxable","13":"shipping-taxable","14":"purchasable","15":"product-type-simple"},"yoast_head":"<!-- This site is optimized with the Yoast SEO plugin v27.4 - https:\/\/yoast.com\/product\/yoast-seo-wordpress\/ -->\n<title>Toro - ZeroTurn -TimeCutter - ZS4200T - 74677 - Prochaska<\/title>\n<meta name=\"robots\" content=\"index, follow, max-snippet:-1, max-image-preview:large, max-video-preview:-1\" \/>\n<link rel=\"canonical\" href=\"https:\/\/prochaska.eu\/ro\/produs\/toro-zeroturn-timecutter-zs4200t-74677\/\" \/>\n<meta property=\"og:locale\" content=\"ro_RO\" \/>\n<meta property=\"og:type\" content=\"article\" \/>\n<meta property=\"og:title\" content=\"Toro - ZeroTurn -TimeCutter - ZS4200T - 74677 - Prochaska\" \/>\n<meta property=\"og:description\" content=\"Motocoasa cu tura\u021bie zero TimeCutter ZS 4200T (74677) de la Toro are o l\u0103\u021bime de t\u0103iere de 107 cm \u0219i un motor cu 2 cilindri V-TWIN cu 724 cm\u00b3.\" \/>\n<meta property=\"og:url\" content=\"https:\/\/prochaska.eu\/ro\/produs\/toro-zeroturn-timecutter-zs4200t-74677\/\" \/>\n<meta property=\"og:site_name\" content=\"Prochaska\" \/>\n<meta property=\"article:publisher\" content=\"https:\/\/www.facebook.com\/prochaska.eu\/\" \/>\n<meta property=\"og:image\" content=\"https:\/\/prochaska.eu\/wp-content\/uploads\/2024\/06\/zs4200t.jpg\" \/>\n\t<meta property=\"og:image:width\" content=\"812\" \/>\n\t<meta property=\"og:image:height\" content=\"664\" \/>\n\t<meta property=\"og:image:type\" content=\"image\/jpeg\" \/>\n<meta name=\"twitter:card\" content=\"summary_large_image\" \/>\n<meta name=\"twitter:label1\" content=\"Timp estimat pentru citire\" \/>\n\t<meta name=\"twitter:data1\" content=\"1 minut\" \/>\n<script type=\"application\/ld+json\" class=\"yoast-schema-graph\">{\"@context\":\"https:\\\/\\\/schema.org\",\"@graph\":[{\"@type\":\"WebPage\",\"@id\":\"https:\\\/\\\/prochaska.eu\\\/ro\\\/produs\\\/toro-zeroturn-timecutter-zs4200t-74677\\\/\",\"url\":\"https:\\\/\\\/prochaska.eu\\\/ro\\\/produs\\\/toro-zeroturn-timecutter-zs4200t-74677\\\/\",\"name\":\"Toro - ZeroTurn -TimeCutter - ZS4200T - 74677 - Prochaska\",\"isPartOf\":{\"@id\":\"https:\\\/\\\/prochaska.eu\\\/ro\\\/#website\"},\"primaryImageOfPage\":{\"@id\":\"https:\\\/\\\/prochaska.eu\\\/ro\\\/produs\\\/toro-zeroturn-timecutter-zs4200t-74677\\\/#primaryimage\"},\"image\":{\"@id\":\"https:\\\/\\\/prochaska.eu\\\/ro\\\/produs\\\/toro-zeroturn-timecutter-zs4200t-74677\\\/#primaryimage\"},\"thumbnailUrl\":\"https:\\\/\\\/prochaska.eu\\\/wp-content\\\/uploads\\\/2024\\\/06\\\/zs4200t.jpg\",\"datePublished\":\"2023-12-18T15:17:24+00:00\",\"breadcrumb\":{\"@id\":\"https:\\\/\\\/prochaska.eu\\\/ro\\\/produs\\\/toro-zeroturn-timecutter-zs4200t-74677\\\/#breadcrumb\"},\"inLanguage\":\"ro-RO\",\"potentialAction\":[{\"@type\":\"ReadAction\",\"target\":[\"https:\\\/\\\/prochaska.eu\\\/ro\\\/produs\\\/toro-zeroturn-timecutter-zs4200t-74677\\\/\"]}]},{\"@type\":\"ImageObject\",\"inLanguage\":\"ro-RO\",\"@id\":\"https:\\\/\\\/prochaska.eu\\\/ro\\\/produs\\\/toro-zeroturn-timecutter-zs4200t-74677\\\/#primaryimage\",\"url\":\"https:\\\/\\\/prochaska.eu\\\/wp-content\\\/uploads\\\/2024\\\/06\\\/zs4200t.jpg\",\"contentUrl\":\"https:\\\/\\\/prochaska.eu\\\/wp-content\\\/uploads\\\/2024\\\/06\\\/zs4200t.jpg\",\"width\":812,\"height\":664},{\"@type\":\"BreadcrumbList\",\"@id\":\"https:\\\/\\\/prochaska.eu\\\/ro\\\/produs\\\/toro-zeroturn-timecutter-zs4200t-74677\\\/#breadcrumb\",\"itemListElement\":[{\"@type\":\"ListItem\",\"position\":1,\"name\":\"Home\",\"item\":\"https:\\\/\\\/prochaska.eu\\\/ro\\\/\"},{\"@type\":\"ListItem\",\"position\":2,\"name\":\"Shop\",\"item\":\"https:\\\/\\\/prochaska.eu\\\/ro\\\/shop\\\/\"},{\"@type\":\"ListItem\",\"position\":3,\"name\":\"Toro &#8211; ZeroTurn -TimeCutter &#8211; ZS4200T &#8211; 74677\"}]},{\"@type\":\"WebSite\",\"@id\":\"https:\\\/\\\/prochaska.eu\\\/ro\\\/#website\",\"url\":\"https:\\\/\\\/prochaska.eu\\\/ro\\\/\",\"name\":\"Prochaska\",\"description\":\"Spezialist f\u00fcr Pflege von Gr\u00fcnfl\u00e4chen\",\"publisher\":{\"@id\":\"https:\\\/\\\/prochaska.eu\\\/ro\\\/#organization\"},\"potentialAction\":[{\"@type\":\"SearchAction\",\"target\":{\"@type\":\"EntryPoint\",\"urlTemplate\":\"https:\\\/\\\/prochaska.eu\\\/ro\\\/?s={search_term_string}\"},\"query-input\":{\"@type\":\"PropertyValueSpecification\",\"valueRequired\":true,\"valueName\":\"search_term_string\"}}],\"inLanguage\":\"ro-RO\"},{\"@type\":\"Organization\",\"@id\":\"https:\\\/\\\/prochaska.eu\\\/ro\\\/#organization\",\"name\":\"Prochaska\",\"url\":\"https:\\\/\\\/prochaska.eu\\\/ro\\\/\",\"logo\":{\"@type\":\"ImageObject\",\"inLanguage\":\"ro-RO\",\"@id\":\"https:\\\/\\\/prochaska.eu\\\/ro\\\/#\\\/schema\\\/logo\\\/image\\\/\",\"url\":\"https:\\\/\\\/prochaska.eu\\\/wp-content\\\/uploads\\\/2024\\\/04\\\/Prochaska_Logo_Black-1.png\",\"contentUrl\":\"https:\\\/\\\/prochaska.eu\\\/wp-content\\\/uploads\\\/2024\\\/04\\\/Prochaska_Logo_Black-1.png\",\"width\":796,\"height\":236,\"caption\":\"Prochaska\"},\"image\":{\"@id\":\"https:\\\/\\\/prochaska.eu\\\/ro\\\/#\\\/schema\\\/logo\\\/image\\\/\"},\"sameAs\":[\"https:\\\/\\\/www.facebook.com\\\/prochaska.eu\\\/\",\"https:\\\/\\\/www.instagram.com\\\/prochaska.eu\\\/\",\"https:\\\/\\\/www.linkedin.com\\\/company\\\/prochaska-handels-gmbh\"]}]}<\/script>\n<!-- \/ Yoast SEO plugin. -->","yoast_head_json":{"title":"Toro - ZeroTurn -TimeCutter - ZS4200T - 74677 - Prochaska","robots":{"index":"index","follow":"follow","max-snippet":"max-snippet:-1","max-image-preview":"max-image-preview:large","max-video-preview":"max-video-preview:-1"},"canonical":"https:\/\/prochaska.eu\/ro\/produs\/toro-zeroturn-timecutter-zs4200t-74677\/","og_locale":"ro_RO","og_type":"article","og_title":"Toro - ZeroTurn -TimeCutter - ZS4200T - 74677 - Prochaska","og_description":"Motocoasa cu tura\u021bie zero TimeCutter ZS 4200T (74677) de la Toro are o l\u0103\u021bime de t\u0103iere de 107 cm \u0219i un motor cu 2 cilindri V-TWIN cu 724 cm\u00b3.","og_url":"https:\/\/prochaska.eu\/ro\/produs\/toro-zeroturn-timecutter-zs4200t-74677\/","og_site_name":"Prochaska","article_publisher":"https:\/\/www.facebook.com\/prochaska.eu\/","og_image":[{"width":812,"height":664,"url":"https:\/\/prochaska.eu\/wp-content\/uploads\/2024\/06\/zs4200t.jpg","type":"image\/jpeg"}],"twitter_card":"summary_large_image","twitter_misc":{"Timp estimat pentru citire":"1 minut"},"schema":{"@context":"https:\/\/schema.org","@graph":[{"@type":"WebPage","@id":"https:\/\/prochaska.eu\/ro\/produs\/toro-zeroturn-timecutter-zs4200t-74677\/","url":"https:\/\/prochaska.eu\/ro\/produs\/toro-zeroturn-timecutter-zs4200t-74677\/","name":"Toro - ZeroTurn -TimeCutter - ZS4200T - 74677 - Prochaska","isPartOf":{"@id":"https:\/\/prochaska.eu\/ro\/#website"},"primaryImageOfPage":{"@id":"https:\/\/prochaska.eu\/ro\/produs\/toro-zeroturn-timecutter-zs4200t-74677\/#primaryimage"},"image":{"@id":"https:\/\/prochaska.eu\/ro\/produs\/toro-zeroturn-timecutter-zs4200t-74677\/#primaryimage"},"thumbnailUrl":"https:\/\/prochaska.eu\/wp-content\/uploads\/2024\/06\/zs4200t.jpg","datePublished":"2023-12-18T15:17:24+00:00","breadcrumb":{"@id":"https:\/\/prochaska.eu\/ro\/produs\/toro-zeroturn-timecutter-zs4200t-74677\/#breadcrumb"},"inLanguage":"ro-RO","potentialAction":[{"@type":"ReadAction","target":["https:\/\/prochaska.eu\/ro\/produs\/toro-zeroturn-timecutter-zs4200t-74677\/"]}]},{"@type":"ImageObject","inLanguage":"ro-RO","@id":"https:\/\/prochaska.eu\/ro\/produs\/toro-zeroturn-timecutter-zs4200t-74677\/#primaryimage","url":"https:\/\/prochaska.eu\/wp-content\/uploads\/2024\/06\/zs4200t.jpg","contentUrl":"https:\/\/prochaska.eu\/wp-content\/uploads\/2024\/06\/zs4200t.jpg","width":812,"height":664},{"@type":"BreadcrumbList","@id":"https:\/\/prochaska.eu\/ro\/produs\/toro-zeroturn-timecutter-zs4200t-74677\/#breadcrumb","itemListElement":[{"@type":"ListItem","position":1,"name":"Home","item":"https:\/\/prochaska.eu\/ro\/"},{"@type":"ListItem","position":2,"name":"Shop","item":"https:\/\/prochaska.eu\/ro\/shop\/"},{"@type":"ListItem","position":3,"name":"Toro &#8211; ZeroTurn -TimeCutter &#8211; ZS4200T &#8211; 74677"}]},{"@type":"WebSite","@id":"https:\/\/prochaska.eu\/ro\/#website","url":"https:\/\/prochaska.eu\/ro\/","name":"Prochaska","description":"Spezialist f\u00fcr Pflege von Gr\u00fcnfl\u00e4chen","publisher":{"@id":"https:\/\/prochaska.eu\/ro\/#organization"},"potentialAction":[{"@type":"SearchAction","target":{"@type":"EntryPoint","urlTemplate":"https:\/\/prochaska.eu\/ro\/?s={search_term_string}"},"query-input":{"@type":"PropertyValueSpecification","valueRequired":true,"valueName":"search_term_string"}}],"inLanguage":"ro-RO"},{"@type":"Organization","@id":"https:\/\/prochaska.eu\/ro\/#organization","name":"Prochaska","url":"https:\/\/prochaska.eu\/ro\/","logo":{"@type":"ImageObject","inLanguage":"ro-RO","@id":"https:\/\/prochaska.eu\/ro\/#\/schema\/logo\/image\/","url":"https:\/\/prochaska.eu\/wp-content\/uploads\/2024\/04\/Prochaska_Logo_Black-1.png","contentUrl":"https:\/\/prochaska.eu\/wp-content\/uploads\/2024\/04\/Prochaska_Logo_Black-1.png","width":796,"height":236,"caption":"Prochaska"},"image":{"@id":"https:\/\/prochaska.eu\/ro\/#\/schema\/logo\/image\/"},"sameAs":["https:\/\/www.facebook.com\/prochaska.eu\/","https:\/\/www.instagram.com\/prochaska.eu\/","https:\/\/www.linkedin.com\/company\/prochaska-handels-gmbh"]}]}},"brands":[{"id":3073,"name":"Toro","slug":"toro-ro"}],"_links":{"self":[{"href":"https:\/\/prochaska.eu\/ro\/wp-json\/wp\/v2\/product\/24851","targetHints":{"allow":["GET"]}}],"collection":[{"href":"https:\/\/prochaska.eu\/ro\/wp-json\/wp\/v2\/product"}],"about":[{"href":"https:\/\/prochaska.eu\/ro\/wp-json\/wp\/v2\/types\/product"}],"version-history":[{"count":0,"href":"https:\/\/prochaska.eu\/ro\/wp-json\/wp\/v2\/product\/24851\/revisions"}],"wp:featuredmedia":[{"embeddable":true,"href":"https:\/\/prochaska.eu\/ro\/wp-json\/wp\/v2\/media\/23133"}],"wp:attachment":[{"href":"https:\/\/prochaska.eu\/ro\/wp-json\/wp\/v2\/media?parent=24851"}],"wp:term":[{"taxonomy":"pwb-brand","embeddable":true,"href":"https:\/\/prochaska.eu\/ro\/wp-json\/wp\/v2\/pwb-brand?post=24851"},{"taxonomy":"product_brand","embeddable":true,"href":"https:\/\/prochaska.eu\/ro\/wp-json\/wp\/v2\/product_brand?post=24851"},{"taxonomy":"product_cat","embeddable":true,"href":"https:\/\/prochaska.eu\/ro\/wp-json\/wp\/v2\/product_cat?post=24851"},{"taxonomy":"product_tag","embeddable":true,"href":"https:\/\/prochaska.eu\/ro\/wp-json\/wp\/v2\/product_tag?post=24851"}],"curies":[{"name":"wp","href":"https:\/\/api.w.org\/{rel}","templated":true}]}}