{"id":24854,"date":"2022-01-26T09:02:01","date_gmt":"2022-01-26T09:02:01","guid":{"rendered":"https:\/\/prochaska.eu\/product\/ventrac-lame-pentru-buldozere-kd602\/"},"modified":"2022-01-26T09:02:01","modified_gmt":"2022-01-26T09:02:01","slug":"ventrac-lame-pentru-buldozere-kd602","status":"publish","type":"product","link":"https:\/\/prochaska.eu\/ro\/produs\/ventrac-lame-pentru-buldozere-kd602\/","title":{"rendered":"Ventrac &#8211; Lame pentru buldozere &#8211; KD602"},"content":{"rendered":"<p style=\"text-align: left;\">Lama de nivelare KD602 are o l\u0103\u021bime de lucru de 152 cm \u0219i este foarte versatil\u0103. Accesoriile sunt utilizate pentru nivelarea, nivelarea \u0219i umplerea podelelor. Lama buldoexcavatorului poate fi utilizat\u0103 \u0219i pentru a cur\u0103\u021ba z\u0103pada, a muta materiale \u0219i, \u00een general, a cur\u0103\u021ba suprafe\u021bele solului. Lama poate fi ridicat\u0103 \u0219i cobor\u00e2t\u0103 folosind func\u021bia de control, dar poate fi, de asemenea, \u00eenclinat\u0103 la st\u00e2nga \u0219i la dreapta. Sistemul de montare Ventrac permite ata\u0219area rapid\u0103 \u0219i u\u0219oar\u0103 a accesoriului la tractoarele din <a href=\"https:\/\/www.prochaska.eu\/produkt\/ventrac-traktor-4520y\/\">seria 4500<\/a>.<\/p>\n<p style=\"text-align: left;\">Not\u0103: Este necesar un tractor Ventrac <a href=\"https:\/\/www.prochaska.eu\/produkt\/ventrac-traktor-4500y\/\">seria 4500<\/a> pentru a utiliza lama dozer.<\/p>\n","protected":false},"excerpt":{"rendered":"<p style=\"text-align: left;\">Lama de nivelare KD602 face parte din sistemul de montare Ventrac \u0219i poate fi instalat\u0103 pe orice tractor din seria 4500 \u00een doar c\u00e2teva minute. Accesoriile ofer\u0103 suport \u00een multe domenii diferite de aplicare \u0219i permit lucrul flexibil datorit\u0103 func\u021biei de control.<\/p>\n","protected":false},"featured_media":23031,"template":"","meta":[],"pwb-brand":[3078],"product_brand":[],"product_cat":[1521,2694],"product_tag":[1434],"class_list":{"0":"post-24854","1":"product","2":"type-product","3":"status-publish","4":"has-post-thumbnail","6":"pwb-brand-ventrac-ro","7":"product_cat-municipal-terenuri-de-sport-si-agricultura","8":"product_cat-siteworks-ro","9":"product_tag-ventrac-ro","11":"first","12":"instock","13":"taxable","14":"shipping-taxable","15":"product-type-simple"},"yoast_head":"<!-- This site is optimized with the Yoast SEO plugin v27.4 - https:\/\/yoast.com\/product\/yoast-seo-wordpress\/ -->\n<title>Ventrac - Lame pentru buldozere - KD602 - Prochaska<\/title>\n<meta name=\"robots\" content=\"index, follow, max-snippet:-1, max-image-preview:large, max-video-preview:-1\" \/>\n<link rel=\"canonical\" href=\"https:\/\/prochaska.eu\/ro\/produs\/ventrac-lame-pentru-buldozere-kd602\/\" \/>\n<meta property=\"og:locale\" content=\"ro_RO\" \/>\n<meta property=\"og:type\" content=\"article\" \/>\n<meta property=\"og:title\" content=\"Ventrac - Lame pentru buldozere - KD602 - Prochaska\" \/>\n<meta property=\"og:description\" content=\"Lama de nivelare KD602 face parte din sistemul de montare Ventrac \u0219i poate fi instalat\u0103 pe orice tractor din seria 4500 \u00een doar c\u00e2teva minute. Accesoriile ofer\u0103 suport \u00een multe domenii diferite de aplicare \u0219i permit lucrul flexibil datorit\u0103 func\u021biei de control.\" \/>\n<meta property=\"og:url\" content=\"https:\/\/prochaska.eu\/ro\/produs\/ventrac-lame-pentru-buldozere-kd602\/\" \/>\n<meta property=\"og:site_name\" content=\"Prochaska\" \/>\n<meta property=\"article:publisher\" content=\"https:\/\/www.facebook.com\/prochaska.eu\/\" \/>\n<meta property=\"og:image\" content=\"https:\/\/prochaska.eu\/wp-content\/uploads\/2024\/06\/traktor-zubehoer-ventrac-kd602-prochaska-b1-1.jpg\" \/>\n\t<meta property=\"og:image:width\" content=\"1440\" \/>\n\t<meta property=\"og:image:height\" content=\"1440\" \/>\n\t<meta property=\"og:image:type\" content=\"image\/jpeg\" \/>\n<meta name=\"twitter:card\" content=\"summary_large_image\" \/>\n<meta name=\"twitter:label1\" content=\"Timp estimat pentru citire\" \/>\n\t<meta name=\"twitter:data1\" content=\"1 minut\" \/>\n<script type=\"application\/ld+json\" class=\"yoast-schema-graph\">{\"@context\":\"https:\\\/\\\/schema.org\",\"@graph\":[{\"@type\":\"WebPage\",\"@id\":\"https:\\\/\\\/prochaska.eu\\\/ro\\\/produs\\\/ventrac-lame-pentru-buldozere-kd602\\\/\",\"url\":\"https:\\\/\\\/prochaska.eu\\\/ro\\\/produs\\\/ventrac-lame-pentru-buldozere-kd602\\\/\",\"name\":\"Ventrac - Lame pentru buldozere - KD602 - Prochaska\",\"isPartOf\":{\"@id\":\"https:\\\/\\\/prochaska.eu\\\/ro\\\/#website\"},\"primaryImageOfPage\":{\"@id\":\"https:\\\/\\\/prochaska.eu\\\/ro\\\/produs\\\/ventrac-lame-pentru-buldozere-kd602\\\/#primaryimage\"},\"image\":{\"@id\":\"https:\\\/\\\/prochaska.eu\\\/ro\\\/produs\\\/ventrac-lame-pentru-buldozere-kd602\\\/#primaryimage\"},\"thumbnailUrl\":\"https:\\\/\\\/prochaska.eu\\\/wp-content\\\/uploads\\\/2024\\\/06\\\/traktor-zubehoer-ventrac-kd602-prochaska-b1-1.jpg\",\"datePublished\":\"2022-01-26T09:02:01+00:00\",\"breadcrumb\":{\"@id\":\"https:\\\/\\\/prochaska.eu\\\/ro\\\/produs\\\/ventrac-lame-pentru-buldozere-kd602\\\/#breadcrumb\"},\"inLanguage\":\"ro-RO\",\"potentialAction\":[{\"@type\":\"ReadAction\",\"target\":[\"https:\\\/\\\/prochaska.eu\\\/ro\\\/produs\\\/ventrac-lame-pentru-buldozere-kd602\\\/\"]}]},{\"@type\":\"ImageObject\",\"inLanguage\":\"ro-RO\",\"@id\":\"https:\\\/\\\/prochaska.eu\\\/ro\\\/produs\\\/ventrac-lame-pentru-buldozere-kd602\\\/#primaryimage\",\"url\":\"https:\\\/\\\/prochaska.eu\\\/wp-content\\\/uploads\\\/2024\\\/06\\\/traktor-zubehoer-ventrac-kd602-prochaska-b1-1.jpg\",\"contentUrl\":\"https:\\\/\\\/prochaska.eu\\\/wp-content\\\/uploads\\\/2024\\\/06\\\/traktor-zubehoer-ventrac-kd602-prochaska-b1-1.jpg\",\"width\":1440,\"height\":1440,\"caption\":\"lam\u0103 de nivelare\"},{\"@type\":\"BreadcrumbList\",\"@id\":\"https:\\\/\\\/prochaska.eu\\\/ro\\\/produs\\\/ventrac-lame-pentru-buldozere-kd602\\\/#breadcrumb\",\"itemListElement\":[{\"@type\":\"ListItem\",\"position\":1,\"name\":\"Home\",\"item\":\"https:\\\/\\\/prochaska.eu\\\/ro\\\/\"},{\"@type\":\"ListItem\",\"position\":2,\"name\":\"Shop\",\"item\":\"https:\\\/\\\/prochaska.eu\\\/ro\\\/shop\\\/\"},{\"@type\":\"ListItem\",\"position\":3,\"name\":\"Ventrac &#8211; Lame pentru buldozere &#8211; KD602\"}]},{\"@type\":\"WebSite\",\"@id\":\"https:\\\/\\\/prochaska.eu\\\/ro\\\/#website\",\"url\":\"https:\\\/\\\/prochaska.eu\\\/ro\\\/\",\"name\":\"Prochaska\",\"description\":\"Spezialist f\u00fcr Pflege von Gr\u00fcnfl\u00e4chen\",\"publisher\":{\"@id\":\"https:\\\/\\\/prochaska.eu\\\/ro\\\/#organization\"},\"potentialAction\":[{\"@type\":\"SearchAction\",\"target\":{\"@type\":\"EntryPoint\",\"urlTemplate\":\"https:\\\/\\\/prochaska.eu\\\/ro\\\/?s={search_term_string}\"},\"query-input\":{\"@type\":\"PropertyValueSpecification\",\"valueRequired\":true,\"valueName\":\"search_term_string\"}}],\"inLanguage\":\"ro-RO\"},{\"@type\":\"Organization\",\"@id\":\"https:\\\/\\\/prochaska.eu\\\/ro\\\/#organization\",\"name\":\"Prochaska\",\"url\":\"https:\\\/\\\/prochaska.eu\\\/ro\\\/\",\"logo\":{\"@type\":\"ImageObject\",\"inLanguage\":\"ro-RO\",\"@id\":\"https:\\\/\\\/prochaska.eu\\\/ro\\\/#\\\/schema\\\/logo\\\/image\\\/\",\"url\":\"https:\\\/\\\/prochaska.eu\\\/wp-content\\\/uploads\\\/2024\\\/04\\\/Prochaska_Logo_Black-1.png\",\"contentUrl\":\"https:\\\/\\\/prochaska.eu\\\/wp-content\\\/uploads\\\/2024\\\/04\\\/Prochaska_Logo_Black-1.png\",\"width\":796,\"height\":236,\"caption\":\"Prochaska\"},\"image\":{\"@id\":\"https:\\\/\\\/prochaska.eu\\\/ro\\\/#\\\/schema\\\/logo\\\/image\\\/\"},\"sameAs\":[\"https:\\\/\\\/www.facebook.com\\\/prochaska.eu\\\/\",\"https:\\\/\\\/www.instagram.com\\\/prochaska.eu\\\/\",\"https:\\\/\\\/www.linkedin.com\\\/company\\\/prochaska-handels-gmbh\"]}]}<\/script>\n<!-- \/ Yoast SEO plugin. -->","yoast_head_json":{"title":"Ventrac - Lame pentru buldozere - KD602 - Prochaska","robots":{"index":"index","follow":"follow","max-snippet":"max-snippet:-1","max-image-preview":"max-image-preview:large","max-video-preview":"max-video-preview:-1"},"canonical":"https:\/\/prochaska.eu\/ro\/produs\/ventrac-lame-pentru-buldozere-kd602\/","og_locale":"ro_RO","og_type":"article","og_title":"Ventrac - Lame pentru buldozere - KD602 - Prochaska","og_description":"Lama de nivelare KD602 face parte din sistemul de montare Ventrac \u0219i poate fi instalat\u0103 pe orice tractor din seria 4500 \u00een doar c\u00e2teva minute. Accesoriile ofer\u0103 suport \u00een multe domenii diferite de aplicare \u0219i permit lucrul flexibil datorit\u0103 func\u021biei de control.","og_url":"https:\/\/prochaska.eu\/ro\/produs\/ventrac-lame-pentru-buldozere-kd602\/","og_site_name":"Prochaska","article_publisher":"https:\/\/www.facebook.com\/prochaska.eu\/","og_image":[{"width":1440,"height":1440,"url":"https:\/\/prochaska.eu\/wp-content\/uploads\/2024\/06\/traktor-zubehoer-ventrac-kd602-prochaska-b1-1.jpg","type":"image\/jpeg"}],"twitter_card":"summary_large_image","twitter_misc":{"Timp estimat pentru citire":"1 minut"},"schema":{"@context":"https:\/\/schema.org","@graph":[{"@type":"WebPage","@id":"https:\/\/prochaska.eu\/ro\/produs\/ventrac-lame-pentru-buldozere-kd602\/","url":"https:\/\/prochaska.eu\/ro\/produs\/ventrac-lame-pentru-buldozere-kd602\/","name":"Ventrac - Lame pentru buldozere - KD602 - Prochaska","isPartOf":{"@id":"https:\/\/prochaska.eu\/ro\/#website"},"primaryImageOfPage":{"@id":"https:\/\/prochaska.eu\/ro\/produs\/ventrac-lame-pentru-buldozere-kd602\/#primaryimage"},"image":{"@id":"https:\/\/prochaska.eu\/ro\/produs\/ventrac-lame-pentru-buldozere-kd602\/#primaryimage"},"thumbnailUrl":"https:\/\/prochaska.eu\/wp-content\/uploads\/2024\/06\/traktor-zubehoer-ventrac-kd602-prochaska-b1-1.jpg","datePublished":"2022-01-26T09:02:01+00:00","breadcrumb":{"@id":"https:\/\/prochaska.eu\/ro\/produs\/ventrac-lame-pentru-buldozere-kd602\/#breadcrumb"},"inLanguage":"ro-RO","potentialAction":[{"@type":"ReadAction","target":["https:\/\/prochaska.eu\/ro\/produs\/ventrac-lame-pentru-buldozere-kd602\/"]}]},{"@type":"ImageObject","inLanguage":"ro-RO","@id":"https:\/\/prochaska.eu\/ro\/produs\/ventrac-lame-pentru-buldozere-kd602\/#primaryimage","url":"https:\/\/prochaska.eu\/wp-content\/uploads\/2024\/06\/traktor-zubehoer-ventrac-kd602-prochaska-b1-1.jpg","contentUrl":"https:\/\/prochaska.eu\/wp-content\/uploads\/2024\/06\/traktor-zubehoer-ventrac-kd602-prochaska-b1-1.jpg","width":1440,"height":1440,"caption":"lam\u0103 de nivelare"},{"@type":"BreadcrumbList","@id":"https:\/\/prochaska.eu\/ro\/produs\/ventrac-lame-pentru-buldozere-kd602\/#breadcrumb","itemListElement":[{"@type":"ListItem","position":1,"name":"Home","item":"https:\/\/prochaska.eu\/ro\/"},{"@type":"ListItem","position":2,"name":"Shop","item":"https:\/\/prochaska.eu\/ro\/shop\/"},{"@type":"ListItem","position":3,"name":"Ventrac &#8211; Lame pentru buldozere &#8211; KD602"}]},{"@type":"WebSite","@id":"https:\/\/prochaska.eu\/ro\/#website","url":"https:\/\/prochaska.eu\/ro\/","name":"Prochaska","description":"Spezialist f\u00fcr Pflege von Gr\u00fcnfl\u00e4chen","publisher":{"@id":"https:\/\/prochaska.eu\/ro\/#organization"},"potentialAction":[{"@type":"SearchAction","target":{"@type":"EntryPoint","urlTemplate":"https:\/\/prochaska.eu\/ro\/?s={search_term_string}"},"query-input":{"@type":"PropertyValueSpecification","valueRequired":true,"valueName":"search_term_string"}}],"inLanguage":"ro-RO"},{"@type":"Organization","@id":"https:\/\/prochaska.eu\/ro\/#organization","name":"Prochaska","url":"https:\/\/prochaska.eu\/ro\/","logo":{"@type":"ImageObject","inLanguage":"ro-RO","@id":"https:\/\/prochaska.eu\/ro\/#\/schema\/logo\/image\/","url":"https:\/\/prochaska.eu\/wp-content\/uploads\/2024\/04\/Prochaska_Logo_Black-1.png","contentUrl":"https:\/\/prochaska.eu\/wp-content\/uploads\/2024\/04\/Prochaska_Logo_Black-1.png","width":796,"height":236,"caption":"Prochaska"},"image":{"@id":"https:\/\/prochaska.eu\/ro\/#\/schema\/logo\/image\/"},"sameAs":["https:\/\/www.facebook.com\/prochaska.eu\/","https:\/\/www.instagram.com\/prochaska.eu\/","https:\/\/www.linkedin.com\/company\/prochaska-handels-gmbh"]}]}},"brands":[{"id":3078,"name":"Ventrac","slug":"ventrac-ro"}],"_links":{"self":[{"href":"https:\/\/prochaska.eu\/ro\/wp-json\/wp\/v2\/product\/24854","targetHints":{"allow":["GET"]}}],"collection":[{"href":"https:\/\/prochaska.eu\/ro\/wp-json\/wp\/v2\/product"}],"about":[{"href":"https:\/\/prochaska.eu\/ro\/wp-json\/wp\/v2\/types\/product"}],"version-history":[{"count":0,"href":"https:\/\/prochaska.eu\/ro\/wp-json\/wp\/v2\/product\/24854\/revisions"}],"wp:featuredmedia":[{"embeddable":true,"href":"https:\/\/prochaska.eu\/ro\/wp-json\/wp\/v2\/media\/23031"}],"wp:attachment":[{"href":"https:\/\/prochaska.eu\/ro\/wp-json\/wp\/v2\/media?parent=24854"}],"wp:term":[{"taxonomy":"pwb-brand","embeddable":true,"href":"https:\/\/prochaska.eu\/ro\/wp-json\/wp\/v2\/pwb-brand?post=24854"},{"taxonomy":"product_brand","embeddable":true,"href":"https:\/\/prochaska.eu\/ro\/wp-json\/wp\/v2\/product_brand?post=24854"},{"taxonomy":"product_cat","embeddable":true,"href":"https:\/\/prochaska.eu\/ro\/wp-json\/wp\/v2\/product_cat?post=24854"},{"taxonomy":"product_tag","embeddable":true,"href":"https:\/\/prochaska.eu\/ro\/wp-json\/wp\/v2\/product_tag?post=24854"}],"curies":[{"name":"wp","href":"https:\/\/api.w.org\/{rel}","templated":true}]}}