{"id":24864,"date":"2022-02-22T13:34:20","date_gmt":"2022-02-22T13:34:20","guid":{"rendered":"https:\/\/prochaska.eu\/product\/toro-masina-de-tuns-iarba-reciclator-20944\/"},"modified":"2022-02-22T13:34:20","modified_gmt":"2022-02-22T13:34:20","slug":"toro-masina-de-tuns-iarba-reciclator-20944","status":"publish","type":"product","link":"https:\/\/prochaska.eu\/ro\/produs\/toro-masina-de-tuns-iarba-reciclator-20944\/","title":{"rendered":"Toro &#8211; Ma\u0219in\u0103 de tuns iarba &#8211; Reciclator &#8211; 20944"},"content":{"rendered":"<p style=\"text-align: left;\">Ma\u0219ina de tuns iarba <a href=\"https:\/\/www.prochaska.eu\/toro\/\">Toro<\/a> Recycler 20944 este compact\u0103, u\u0219oar\u0103 \u0219i garanteaz\u0103 u\u0219urin\u021b\u0103 \u00een utilizare. Ma\u0219ina de tuns iarba are o l\u0103\u021bime de t\u0103iere de 46 cm \u0219i o trac\u021biune spate cu VARIO DRIVE (control continuu al vitezei variabile). Tehnologia modern\u0103 Toro Recycling Technology (TRT) utilizeaz\u0103 particulele de iarb\u0103 cosit\u0103 pentru a \u00eentre\u021bine gazonul. Resturile de gazon bogate \u00een nutrien\u021bi sunt returnate \u00een sol, se descompun rapid \u0219i hr\u0103nesc r\u0103d\u0103cinile pentru un gazon s\u0103n\u0103tos \u0219i dens. \u00cen\u0103l\u021bimea de t\u0103iere poate fi reglat\u0103 \u00eentre 25 &#8211; 70 mm. Cositoarea poate fi pliat\u0103 pentru depozitare ideal\u0103 \u0219i transport u\u0219or.<\/p>\n<h2 style=\"text-align: left;\">Beneficiile produsului<\/h2>\n<ul>\n<li style=\"text-align: left;\">Toro Recycler Technology &#8211; Tehnologia de reciclare de ultim\u0103 genera\u021bie m\u0103run\u021be\u0219te de mai multe ori resturile<\/li>\n<li>Cositoare din o\u021bel 3 \u00een 1: colector de iarb\u0103, reciclare \u0219i evacuare din spate<\/li>\n<li>Colector de iarb\u0103 mare (60 litri) &#8211; Tundere \u00eendelungat\u0103 f\u0103r\u0103 \u00eentreruperi<\/li>\n<li style=\"text-align: left;\">\u0218in\u0103 de ghidare cu \u00een\u0103l\u021bime reglabil\u0103 pentru lucru ergonomic<\/li>\n<li>Vario Drive System &#8211; reglare continu\u0103 a vitezei prin intermediul ghidonului<\/li>\n<li style=\"text-align: left;\">Bara de protec\u021bie Toro Lifelong garanteaz\u0103 o durat\u0103 lung\u0103 de via\u021b\u0103<\/li>\n<\/ul>\n<h2 style=\"text-align: left;\">Accesorii op\u021bionale<\/h2>\n<ul>\n<li>Capac de lux &#8211; 490-7462<\/li>\n<li>M\u00e2ner de pornire confort &#8211; 117-4142<\/li>\n<li>Ulei pentru ma\u0219ina de tuns iarba &#8211; P65606<\/li>\n<\/ul>\n<p><iframe title=\"Toro\u00ae Recycler\u00ae Walk-Behind Mowers\" width=\"800\" height=\"450\" src=\"https:\/\/www.youtube.com\/embed\/v31egpxwZWs?feature=oembed\" frameborder=\"0\" allow=\"accelerometer; autoplay; clipboard-write; encrypted-media; gyroscope; picture-in-picture; web-share\" referrerpolicy=\"strict-origin-when-cross-origin\" allowfullscreen><\/iframe><\/p>\n","protected":false},"excerpt":{"rendered":"<p>Cu o l\u0103\u021bime de t\u0103iere de 46 cm \u0219i designul s\u0103u compact, ma\u0219ina de tuns iarb\u0103 Toro Recycler 20944 este ideal\u0103 pentru cas\u0103 \u0219i gr\u0103din\u0103.<\/p>\n","protected":false},"featured_media":32503,"template":"","meta":[],"pwb-brand":[3073],"product_brand":[],"product_cat":[1149,1071,3140],"product_tag":[1408],"class_list":{"0":"post-24864","1":"product","2":"type-product","3":"status-publish","4":"has-post-thumbnail","6":"pwb-brand-toro-ro","7":"product_cat-cositoare-de-gazon","8":"product_cat-discount","9":"product_cat-reduceri-pentru-marca-toro","10":"product_tag-toro-ro","12":"first","13":"instock","14":"taxable","15":"shipping-taxable","16":"purchasable","17":"product-type-simple"},"yoast_head":"<!-- This site is optimized with the Yoast SEO plugin v27.4 - https:\/\/yoast.com\/product\/yoast-seo-wordpress\/ -->\n<title>Toro - Ma\u0219in\u0103 de tuns iarba - Reciclator - 20944 - Prochaska<\/title>\n<meta name=\"robots\" content=\"index, follow, max-snippet:-1, max-image-preview:large, max-video-preview:-1\" \/>\n<link rel=\"canonical\" href=\"https:\/\/prochaska.eu\/ro\/produs\/toro-masina-de-tuns-iarba-reciclator-20944\/\" \/>\n<meta property=\"og:locale\" content=\"ro_RO\" \/>\n<meta property=\"og:type\" content=\"article\" \/>\n<meta property=\"og:title\" content=\"Toro - Ma\u0219in\u0103 de tuns iarba - Reciclator - 20944 - Prochaska\" \/>\n<meta property=\"og:description\" content=\"Cu o l\u0103\u021bime de t\u0103iere de 46 cm \u0219i designul s\u0103u compact, ma\u0219ina de tuns iarb\u0103 Toro Recycler 20944 este ideal\u0103 pentru cas\u0103 \u0219i gr\u0103din\u0103.\" \/>\n<meta property=\"og:url\" content=\"https:\/\/prochaska.eu\/ro\/produs\/toro-masina-de-tuns-iarba-reciclator-20944\/\" \/>\n<meta property=\"og:site_name\" content=\"Prochaska\" \/>\n<meta property=\"article:publisher\" content=\"https:\/\/www.facebook.com\/prochaska.eu\/\" \/>\n<meta property=\"og:image\" content=\"https:\/\/prochaska.eu\/wp-content\/uploads\/2024\/06\/rasenmaeher-toro-20942-prochaska-e1720173679426.jpg\" \/>\n\t<meta property=\"og:image:width\" content=\"1440\" \/>\n\t<meta property=\"og:image:height\" content=\"1440\" \/>\n\t<meta property=\"og:image:type\" content=\"image\/jpeg\" \/>\n<meta name=\"twitter:card\" content=\"summary_large_image\" \/>\n<meta name=\"twitter:label1\" content=\"Timp estimat pentru citire\" \/>\n\t<meta name=\"twitter:data1\" content=\"1 minut\" \/>\n<script type=\"application\/ld+json\" class=\"yoast-schema-graph\">{\"@context\":\"https:\\\/\\\/schema.org\",\"@graph\":[{\"@type\":\"WebPage\",\"@id\":\"https:\\\/\\\/prochaska.eu\\\/ro\\\/produs\\\/toro-masina-de-tuns-iarba-reciclator-20944\\\/\",\"url\":\"https:\\\/\\\/prochaska.eu\\\/ro\\\/produs\\\/toro-masina-de-tuns-iarba-reciclator-20944\\\/\",\"name\":\"Toro - Ma\u0219in\u0103 de tuns iarba - Reciclator - 20944 - Prochaska\",\"isPartOf\":{\"@id\":\"https:\\\/\\\/prochaska.eu\\\/ro\\\/#website\"},\"primaryImageOfPage\":{\"@id\":\"https:\\\/\\\/prochaska.eu\\\/ro\\\/produs\\\/toro-masina-de-tuns-iarba-reciclator-20944\\\/#primaryimage\"},\"image\":{\"@id\":\"https:\\\/\\\/prochaska.eu\\\/ro\\\/produs\\\/toro-masina-de-tuns-iarba-reciclator-20944\\\/#primaryimage\"},\"thumbnailUrl\":\"https:\\\/\\\/prochaska.eu\\\/wp-content\\\/uploads\\\/2022\\\/02\\\/wpm_20949_34r-scaled.webp\",\"datePublished\":\"2022-02-22T13:34:20+00:00\",\"breadcrumb\":{\"@id\":\"https:\\\/\\\/prochaska.eu\\\/ro\\\/produs\\\/toro-masina-de-tuns-iarba-reciclator-20944\\\/#breadcrumb\"},\"inLanguage\":\"ro-RO\",\"potentialAction\":[{\"@type\":\"ReadAction\",\"target\":[\"https:\\\/\\\/prochaska.eu\\\/ro\\\/produs\\\/toro-masina-de-tuns-iarba-reciclator-20944\\\/\"]}]},{\"@type\":\"ImageObject\",\"inLanguage\":\"ro-RO\",\"@id\":\"https:\\\/\\\/prochaska.eu\\\/ro\\\/produs\\\/toro-masina-de-tuns-iarba-reciclator-20944\\\/#primaryimage\",\"url\":\"https:\\\/\\\/prochaska.eu\\\/wp-content\\\/uploads\\\/2022\\\/02\\\/wpm_20949_34r-scaled.webp\",\"contentUrl\":\"https:\\\/\\\/prochaska.eu\\\/wp-content\\\/uploads\\\/2022\\\/02\\\/wpm_20949_34r-scaled.webp\",\"width\":2157,\"height\":2560,\"caption\":\"Toro Recycler S460 (20949)\"},{\"@type\":\"BreadcrumbList\",\"@id\":\"https:\\\/\\\/prochaska.eu\\\/ro\\\/produs\\\/toro-masina-de-tuns-iarba-reciclator-20944\\\/#breadcrumb\",\"itemListElement\":[{\"@type\":\"ListItem\",\"position\":1,\"name\":\"Home\",\"item\":\"https:\\\/\\\/prochaska.eu\\\/ro\\\/\"},{\"@type\":\"ListItem\",\"position\":2,\"name\":\"Shop\",\"item\":\"https:\\\/\\\/prochaska.eu\\\/ro\\\/shop\\\/\"},{\"@type\":\"ListItem\",\"position\":3,\"name\":\"Toro &#8211; Ma\u0219in\u0103 de tuns iarba &#8211; Reciclator &#8211; 20944\"}]},{\"@type\":\"WebSite\",\"@id\":\"https:\\\/\\\/prochaska.eu\\\/ro\\\/#website\",\"url\":\"https:\\\/\\\/prochaska.eu\\\/ro\\\/\",\"name\":\"Prochaska\",\"description\":\"Spezialist f\u00fcr Pflege von Gr\u00fcnfl\u00e4chen\",\"publisher\":{\"@id\":\"https:\\\/\\\/prochaska.eu\\\/ro\\\/#organization\"},\"potentialAction\":[{\"@type\":\"SearchAction\",\"target\":{\"@type\":\"EntryPoint\",\"urlTemplate\":\"https:\\\/\\\/prochaska.eu\\\/ro\\\/?s={search_term_string}\"},\"query-input\":{\"@type\":\"PropertyValueSpecification\",\"valueRequired\":true,\"valueName\":\"search_term_string\"}}],\"inLanguage\":\"ro-RO\"},{\"@type\":\"Organization\",\"@id\":\"https:\\\/\\\/prochaska.eu\\\/ro\\\/#organization\",\"name\":\"Prochaska\",\"url\":\"https:\\\/\\\/prochaska.eu\\\/ro\\\/\",\"logo\":{\"@type\":\"ImageObject\",\"inLanguage\":\"ro-RO\",\"@id\":\"https:\\\/\\\/prochaska.eu\\\/ro\\\/#\\\/schema\\\/logo\\\/image\\\/\",\"url\":\"https:\\\/\\\/prochaska.eu\\\/wp-content\\\/uploads\\\/2024\\\/04\\\/Prochaska_Logo_Black-1.png\",\"contentUrl\":\"https:\\\/\\\/prochaska.eu\\\/wp-content\\\/uploads\\\/2024\\\/04\\\/Prochaska_Logo_Black-1.png\",\"width\":796,\"height\":236,\"caption\":\"Prochaska\"},\"image\":{\"@id\":\"https:\\\/\\\/prochaska.eu\\\/ro\\\/#\\\/schema\\\/logo\\\/image\\\/\"},\"sameAs\":[\"https:\\\/\\\/www.facebook.com\\\/prochaska.eu\\\/\",\"https:\\\/\\\/www.instagram.com\\\/prochaska.eu\\\/\",\"https:\\\/\\\/www.linkedin.com\\\/company\\\/prochaska-handels-gmbh\"]}]}<\/script>\n<!-- \/ Yoast SEO plugin. -->","yoast_head_json":{"title":"Toro - Ma\u0219in\u0103 de tuns iarba - Reciclator - 20944 - Prochaska","robots":{"index":"index","follow":"follow","max-snippet":"max-snippet:-1","max-image-preview":"max-image-preview:large","max-video-preview":"max-video-preview:-1"},"canonical":"https:\/\/prochaska.eu\/ro\/produs\/toro-masina-de-tuns-iarba-reciclator-20944\/","og_locale":"ro_RO","og_type":"article","og_title":"Toro - Ma\u0219in\u0103 de tuns iarba - Reciclator - 20944 - Prochaska","og_description":"Cu o l\u0103\u021bime de t\u0103iere de 46 cm \u0219i designul s\u0103u compact, ma\u0219ina de tuns iarb\u0103 Toro Recycler 20944 este ideal\u0103 pentru cas\u0103 \u0219i gr\u0103din\u0103.","og_url":"https:\/\/prochaska.eu\/ro\/produs\/toro-masina-de-tuns-iarba-reciclator-20944\/","og_site_name":"Prochaska","article_publisher":"https:\/\/www.facebook.com\/prochaska.eu\/","og_image":[{"width":1440,"height":1440,"url":"https:\/\/prochaska.eu\/wp-content\/uploads\/2024\/06\/rasenmaeher-toro-20942-prochaska-e1720173679426.jpg","type":"image\/jpeg"}],"twitter_card":"summary_large_image","twitter_misc":{"Timp estimat pentru citire":"1 minut"},"schema":{"@context":"https:\/\/schema.org","@graph":[{"@type":"WebPage","@id":"https:\/\/prochaska.eu\/ro\/produs\/toro-masina-de-tuns-iarba-reciclator-20944\/","url":"https:\/\/prochaska.eu\/ro\/produs\/toro-masina-de-tuns-iarba-reciclator-20944\/","name":"Toro - Ma\u0219in\u0103 de tuns iarba - Reciclator - 20944 - Prochaska","isPartOf":{"@id":"https:\/\/prochaska.eu\/ro\/#website"},"primaryImageOfPage":{"@id":"https:\/\/prochaska.eu\/ro\/produs\/toro-masina-de-tuns-iarba-reciclator-20944\/#primaryimage"},"image":{"@id":"https:\/\/prochaska.eu\/ro\/produs\/toro-masina-de-tuns-iarba-reciclator-20944\/#primaryimage"},"thumbnailUrl":"https:\/\/prochaska.eu\/wp-content\/uploads\/2022\/02\/wpm_20949_34r-scaled.webp","datePublished":"2022-02-22T13:34:20+00:00","breadcrumb":{"@id":"https:\/\/prochaska.eu\/ro\/produs\/toro-masina-de-tuns-iarba-reciclator-20944\/#breadcrumb"},"inLanguage":"ro-RO","potentialAction":[{"@type":"ReadAction","target":["https:\/\/prochaska.eu\/ro\/produs\/toro-masina-de-tuns-iarba-reciclator-20944\/"]}]},{"@type":"ImageObject","inLanguage":"ro-RO","@id":"https:\/\/prochaska.eu\/ro\/produs\/toro-masina-de-tuns-iarba-reciclator-20944\/#primaryimage","url":"https:\/\/prochaska.eu\/wp-content\/uploads\/2022\/02\/wpm_20949_34r-scaled.webp","contentUrl":"https:\/\/prochaska.eu\/wp-content\/uploads\/2022\/02\/wpm_20949_34r-scaled.webp","width":2157,"height":2560,"caption":"Toro Recycler S460 (20949)"},{"@type":"BreadcrumbList","@id":"https:\/\/prochaska.eu\/ro\/produs\/toro-masina-de-tuns-iarba-reciclator-20944\/#breadcrumb","itemListElement":[{"@type":"ListItem","position":1,"name":"Home","item":"https:\/\/prochaska.eu\/ro\/"},{"@type":"ListItem","position":2,"name":"Shop","item":"https:\/\/prochaska.eu\/ro\/shop\/"},{"@type":"ListItem","position":3,"name":"Toro &#8211; Ma\u0219in\u0103 de tuns iarba &#8211; Reciclator &#8211; 20944"}]},{"@type":"WebSite","@id":"https:\/\/prochaska.eu\/ro\/#website","url":"https:\/\/prochaska.eu\/ro\/","name":"Prochaska","description":"Spezialist f\u00fcr Pflege von Gr\u00fcnfl\u00e4chen","publisher":{"@id":"https:\/\/prochaska.eu\/ro\/#organization"},"potentialAction":[{"@type":"SearchAction","target":{"@type":"EntryPoint","urlTemplate":"https:\/\/prochaska.eu\/ro\/?s={search_term_string}"},"query-input":{"@type":"PropertyValueSpecification","valueRequired":true,"valueName":"search_term_string"}}],"inLanguage":"ro-RO"},{"@type":"Organization","@id":"https:\/\/prochaska.eu\/ro\/#organization","name":"Prochaska","url":"https:\/\/prochaska.eu\/ro\/","logo":{"@type":"ImageObject","inLanguage":"ro-RO","@id":"https:\/\/prochaska.eu\/ro\/#\/schema\/logo\/image\/","url":"https:\/\/prochaska.eu\/wp-content\/uploads\/2024\/04\/Prochaska_Logo_Black-1.png","contentUrl":"https:\/\/prochaska.eu\/wp-content\/uploads\/2024\/04\/Prochaska_Logo_Black-1.png","width":796,"height":236,"caption":"Prochaska"},"image":{"@id":"https:\/\/prochaska.eu\/ro\/#\/schema\/logo\/image\/"},"sameAs":["https:\/\/www.facebook.com\/prochaska.eu\/","https:\/\/www.instagram.com\/prochaska.eu\/","https:\/\/www.linkedin.com\/company\/prochaska-handels-gmbh"]}]}},"brands":[{"id":3073,"name":"Toro","slug":"toro-ro"}],"_links":{"self":[{"href":"https:\/\/prochaska.eu\/ro\/wp-json\/wp\/v2\/product\/24864","targetHints":{"allow":["GET"]}}],"collection":[{"href":"https:\/\/prochaska.eu\/ro\/wp-json\/wp\/v2\/product"}],"about":[{"href":"https:\/\/prochaska.eu\/ro\/wp-json\/wp\/v2\/types\/product"}],"version-history":[{"count":0,"href":"https:\/\/prochaska.eu\/ro\/wp-json\/wp\/v2\/product\/24864\/revisions"}],"wp:featuredmedia":[{"embeddable":true,"href":"https:\/\/prochaska.eu\/ro\/wp-json\/wp\/v2\/media\/32503"}],"wp:attachment":[{"href":"https:\/\/prochaska.eu\/ro\/wp-json\/wp\/v2\/media?parent=24864"}],"wp:term":[{"taxonomy":"pwb-brand","embeddable":true,"href":"https:\/\/prochaska.eu\/ro\/wp-json\/wp\/v2\/pwb-brand?post=24864"},{"taxonomy":"product_brand","embeddable":true,"href":"https:\/\/prochaska.eu\/ro\/wp-json\/wp\/v2\/product_brand?post=24864"},{"taxonomy":"product_cat","embeddable":true,"href":"https:\/\/prochaska.eu\/ro\/wp-json\/wp\/v2\/product_cat?post=24864"},{"taxonomy":"product_tag","embeddable":true,"href":"https:\/\/prochaska.eu\/ro\/wp-json\/wp\/v2\/product_tag?post=24864"}],"curies":[{"name":"wp","href":"https:\/\/api.w.org\/{rel}","templated":true}]}}