{"id":24869,"date":"2022-01-18T11:29:06","date_gmt":"2022-01-18T11:29:06","guid":{"rendered":"https:\/\/prochaska.eu\/product\/ventrac-cositoare-cu-flagel-mw720\/"},"modified":"2022-01-18T11:29:06","modified_gmt":"2022-01-18T11:29:06","slug":"ventrac-cositoare-cu-flagel-mw720","status":"publish","type":"product","link":"https:\/\/prochaska.eu\/ro\/produs\/ventrac-cositoare-cu-flagel-mw720\/","title":{"rendered":"Ventrac &#8211; Cositoare cu flagel &#8211; MW720"},"content":{"rendered":"<p>Cositoarea cu fulgi MW720 de 182 cm cu t\u0103iere fin\u0103 de la Ventrac taie zonele \u00eenalte \u0219i dense cu precizie \u0219i uniformitate. Acest lucru se realizeaz\u0103 rapid \u0219i eficient datorit\u0103 platformei de cosit extrem de func\u021bionale. De asemenea, motocoasa cu fulgi este deosebit de potrivit\u0103 pentru zonele cu diferite tipuri de vegeta\u021bie. Cu lama de t\u0103iere lat\u0103 de 182 cm \u0219i modelele puternice ale <a href=\"https:\/\/www.prochaska.eu\/produkt\/ventrac-traktor-4500y\/\">tractoarelor<\/a> Ventrac <a href=\"https:\/\/www.prochaska.eu\/produkt\/ventrac-traktor-4500y\/\">4500<\/a>, cositoarea poate fi utilizat\u0103 pentru o gam\u0103 larg\u0103 de aplica\u021bii \u0219i garanteaz\u0103 un rezultat de t\u0103iere perfect \u00een orice situa\u021bie.<\/p>\n<p>Not\u0103: Este necesar un tractor Ventrac <a href=\"https:\/\/www.prochaska.eu\/produkt\/ventrac-traktor-4500y\/\">seria 4500<\/a> pentru a utiliza cositoarea.<\/p>\n","protected":false},"excerpt":{"rendered":"<p>Cositoarea cu flagel MW720 face parte din sistemul de montare Ventrac \u0219i poate fi instalat\u0103 rapid \u0219i u\u0219or pe orice tractor din seria 4500. Accesoriul este ideal pentru cosirea zonelor \u00eenalte \u0219i cu vegeta\u021bie dens\u0103.<\/p>\n","protected":false},"featured_media":23028,"template":"","meta":[],"pwb-brand":[3078],"product_brand":[],"product_cat":[1522,1521],"product_tag":[1434],"class_list":{"0":"post-24869","1":"product","2":"type-product","3":"status-publish","4":"has-post-thumbnail","6":"pwb-brand-ventrac-ro","7":"product_cat-cositoare","8":"product_cat-municipal-terenuri-de-sport-si-agricultura","9":"product_tag-ventrac-ro","11":"first","12":"instock","13":"taxable","14":"shipping-taxable","15":"product-type-simple"},"yoast_head":"<!-- This site is optimized with the Yoast SEO plugin v27.4 - https:\/\/yoast.com\/product\/yoast-seo-wordpress\/ -->\n<title>Ventrac - Cositoare cu flagel - MW720 - Prochaska<\/title>\n<meta name=\"robots\" content=\"index, follow, max-snippet:-1, max-image-preview:large, max-video-preview:-1\" \/>\n<link rel=\"canonical\" href=\"https:\/\/prochaska.eu\/ro\/produs\/ventrac-cositoare-cu-flagel-mw720\/\" \/>\n<meta property=\"og:locale\" content=\"ro_RO\" \/>\n<meta property=\"og:type\" content=\"article\" \/>\n<meta property=\"og:title\" content=\"Ventrac - Cositoare cu flagel - MW720 - Prochaska\" \/>\n<meta property=\"og:description\" content=\"Cositoarea cu flagel MW720 face parte din sistemul de montare Ventrac \u0219i poate fi instalat\u0103 rapid \u0219i u\u0219or pe orice tractor din seria 4500. Accesoriul este ideal pentru cosirea zonelor \u00eenalte \u0219i cu vegeta\u021bie dens\u0103.\" \/>\n<meta property=\"og:url\" content=\"https:\/\/prochaska.eu\/ro\/produs\/ventrac-cositoare-cu-flagel-mw720\/\" \/>\n<meta property=\"og:site_name\" content=\"Prochaska\" \/>\n<meta property=\"article:publisher\" content=\"https:\/\/www.facebook.com\/prochaska.eu\/\" \/>\n<meta property=\"og:image\" content=\"https:\/\/prochaska.eu\/wp-content\/uploads\/2024\/06\/traktor-zubehoer-ventrac-mw720-prochaska-b1.jpg\" \/>\n\t<meta property=\"og:image:width\" content=\"1440\" \/>\n\t<meta property=\"og:image:height\" content=\"1440\" \/>\n\t<meta property=\"og:image:type\" content=\"image\/jpeg\" \/>\n<meta name=\"twitter:card\" content=\"summary_large_image\" \/>\n<meta name=\"twitter:label1\" content=\"Timp estimat pentru citire\" \/>\n\t<meta name=\"twitter:data1\" content=\"1 minut\" \/>\n<script type=\"application\/ld+json\" class=\"yoast-schema-graph\">{\"@context\":\"https:\\\/\\\/schema.org\",\"@graph\":[{\"@type\":\"WebPage\",\"@id\":\"https:\\\/\\\/prochaska.eu\\\/ro\\\/produs\\\/ventrac-cositoare-cu-flagel-mw720\\\/\",\"url\":\"https:\\\/\\\/prochaska.eu\\\/ro\\\/produs\\\/ventrac-cositoare-cu-flagel-mw720\\\/\",\"name\":\"Ventrac - Cositoare cu flagel - MW720 - Prochaska\",\"isPartOf\":{\"@id\":\"https:\\\/\\\/prochaska.eu\\\/ro\\\/#website\"},\"primaryImageOfPage\":{\"@id\":\"https:\\\/\\\/prochaska.eu\\\/ro\\\/produs\\\/ventrac-cositoare-cu-flagel-mw720\\\/#primaryimage\"},\"image\":{\"@id\":\"https:\\\/\\\/prochaska.eu\\\/ro\\\/produs\\\/ventrac-cositoare-cu-flagel-mw720\\\/#primaryimage\"},\"thumbnailUrl\":\"https:\\\/\\\/prochaska.eu\\\/wp-content\\\/uploads\\\/2024\\\/06\\\/traktor-zubehoer-ventrac-mw720-prochaska-b1.jpg\",\"datePublished\":\"2022-01-18T11:29:06+00:00\",\"breadcrumb\":{\"@id\":\"https:\\\/\\\/prochaska.eu\\\/ro\\\/produs\\\/ventrac-cositoare-cu-flagel-mw720\\\/#breadcrumb\"},\"inLanguage\":\"ro-RO\",\"potentialAction\":[{\"@type\":\"ReadAction\",\"target\":[\"https:\\\/\\\/prochaska.eu\\\/ro\\\/produs\\\/ventrac-cositoare-cu-flagel-mw720\\\/\"]}]},{\"@type\":\"ImageObject\",\"inLanguage\":\"ro-RO\",\"@id\":\"https:\\\/\\\/prochaska.eu\\\/ro\\\/produs\\\/ventrac-cositoare-cu-flagel-mw720\\\/#primaryimage\",\"url\":\"https:\\\/\\\/prochaska.eu\\\/wp-content\\\/uploads\\\/2024\\\/06\\\/traktor-zubehoer-ventrac-mw720-prochaska-b1.jpg\",\"contentUrl\":\"https:\\\/\\\/prochaska.eu\\\/wp-content\\\/uploads\\\/2024\\\/06\\\/traktor-zubehoer-ventrac-mw720-prochaska-b1.jpg\",\"width\":1440,\"height\":1440,\"caption\":\"Schlegelmaeher\"},{\"@type\":\"BreadcrumbList\",\"@id\":\"https:\\\/\\\/prochaska.eu\\\/ro\\\/produs\\\/ventrac-cositoare-cu-flagel-mw720\\\/#breadcrumb\",\"itemListElement\":[{\"@type\":\"ListItem\",\"position\":1,\"name\":\"Home\",\"item\":\"https:\\\/\\\/prochaska.eu\\\/ro\\\/\"},{\"@type\":\"ListItem\",\"position\":2,\"name\":\"Shop\",\"item\":\"https:\\\/\\\/prochaska.eu\\\/ro\\\/shop\\\/\"},{\"@type\":\"ListItem\",\"position\":3,\"name\":\"Ventrac &#8211; Cositoare cu flagel &#8211; MW720\"}]},{\"@type\":\"WebSite\",\"@id\":\"https:\\\/\\\/prochaska.eu\\\/ro\\\/#website\",\"url\":\"https:\\\/\\\/prochaska.eu\\\/ro\\\/\",\"name\":\"Prochaska\",\"description\":\"Spezialist f\u00fcr Pflege von Gr\u00fcnfl\u00e4chen\",\"publisher\":{\"@id\":\"https:\\\/\\\/prochaska.eu\\\/ro\\\/#organization\"},\"potentialAction\":[{\"@type\":\"SearchAction\",\"target\":{\"@type\":\"EntryPoint\",\"urlTemplate\":\"https:\\\/\\\/prochaska.eu\\\/ro\\\/?s={search_term_string}\"},\"query-input\":{\"@type\":\"PropertyValueSpecification\",\"valueRequired\":true,\"valueName\":\"search_term_string\"}}],\"inLanguage\":\"ro-RO\"},{\"@type\":\"Organization\",\"@id\":\"https:\\\/\\\/prochaska.eu\\\/ro\\\/#organization\",\"name\":\"Prochaska\",\"url\":\"https:\\\/\\\/prochaska.eu\\\/ro\\\/\",\"logo\":{\"@type\":\"ImageObject\",\"inLanguage\":\"ro-RO\",\"@id\":\"https:\\\/\\\/prochaska.eu\\\/ro\\\/#\\\/schema\\\/logo\\\/image\\\/\",\"url\":\"https:\\\/\\\/prochaska.eu\\\/wp-content\\\/uploads\\\/2024\\\/04\\\/Prochaska_Logo_Black-1.png\",\"contentUrl\":\"https:\\\/\\\/prochaska.eu\\\/wp-content\\\/uploads\\\/2024\\\/04\\\/Prochaska_Logo_Black-1.png\",\"width\":796,\"height\":236,\"caption\":\"Prochaska\"},\"image\":{\"@id\":\"https:\\\/\\\/prochaska.eu\\\/ro\\\/#\\\/schema\\\/logo\\\/image\\\/\"},\"sameAs\":[\"https:\\\/\\\/www.facebook.com\\\/prochaska.eu\\\/\",\"https:\\\/\\\/www.instagram.com\\\/prochaska.eu\\\/\",\"https:\\\/\\\/www.linkedin.com\\\/company\\\/prochaska-handels-gmbh\"]}]}<\/script>\n<!-- \/ Yoast SEO plugin. -->","yoast_head_json":{"title":"Ventrac - Cositoare cu flagel - MW720 - Prochaska","robots":{"index":"index","follow":"follow","max-snippet":"max-snippet:-1","max-image-preview":"max-image-preview:large","max-video-preview":"max-video-preview:-1"},"canonical":"https:\/\/prochaska.eu\/ro\/produs\/ventrac-cositoare-cu-flagel-mw720\/","og_locale":"ro_RO","og_type":"article","og_title":"Ventrac - Cositoare cu flagel - MW720 - Prochaska","og_description":"Cositoarea cu flagel MW720 face parte din sistemul de montare Ventrac \u0219i poate fi instalat\u0103 rapid \u0219i u\u0219or pe orice tractor din seria 4500. Accesoriul este ideal pentru cosirea zonelor \u00eenalte \u0219i cu vegeta\u021bie dens\u0103.","og_url":"https:\/\/prochaska.eu\/ro\/produs\/ventrac-cositoare-cu-flagel-mw720\/","og_site_name":"Prochaska","article_publisher":"https:\/\/www.facebook.com\/prochaska.eu\/","og_image":[{"width":1440,"height":1440,"url":"https:\/\/prochaska.eu\/wp-content\/uploads\/2024\/06\/traktor-zubehoer-ventrac-mw720-prochaska-b1.jpg","type":"image\/jpeg"}],"twitter_card":"summary_large_image","twitter_misc":{"Timp estimat pentru citire":"1 minut"},"schema":{"@context":"https:\/\/schema.org","@graph":[{"@type":"WebPage","@id":"https:\/\/prochaska.eu\/ro\/produs\/ventrac-cositoare-cu-flagel-mw720\/","url":"https:\/\/prochaska.eu\/ro\/produs\/ventrac-cositoare-cu-flagel-mw720\/","name":"Ventrac - Cositoare cu flagel - MW720 - Prochaska","isPartOf":{"@id":"https:\/\/prochaska.eu\/ro\/#website"},"primaryImageOfPage":{"@id":"https:\/\/prochaska.eu\/ro\/produs\/ventrac-cositoare-cu-flagel-mw720\/#primaryimage"},"image":{"@id":"https:\/\/prochaska.eu\/ro\/produs\/ventrac-cositoare-cu-flagel-mw720\/#primaryimage"},"thumbnailUrl":"https:\/\/prochaska.eu\/wp-content\/uploads\/2024\/06\/traktor-zubehoer-ventrac-mw720-prochaska-b1.jpg","datePublished":"2022-01-18T11:29:06+00:00","breadcrumb":{"@id":"https:\/\/prochaska.eu\/ro\/produs\/ventrac-cositoare-cu-flagel-mw720\/#breadcrumb"},"inLanguage":"ro-RO","potentialAction":[{"@type":"ReadAction","target":["https:\/\/prochaska.eu\/ro\/produs\/ventrac-cositoare-cu-flagel-mw720\/"]}]},{"@type":"ImageObject","inLanguage":"ro-RO","@id":"https:\/\/prochaska.eu\/ro\/produs\/ventrac-cositoare-cu-flagel-mw720\/#primaryimage","url":"https:\/\/prochaska.eu\/wp-content\/uploads\/2024\/06\/traktor-zubehoer-ventrac-mw720-prochaska-b1.jpg","contentUrl":"https:\/\/prochaska.eu\/wp-content\/uploads\/2024\/06\/traktor-zubehoer-ventrac-mw720-prochaska-b1.jpg","width":1440,"height":1440,"caption":"Schlegelmaeher"},{"@type":"BreadcrumbList","@id":"https:\/\/prochaska.eu\/ro\/produs\/ventrac-cositoare-cu-flagel-mw720\/#breadcrumb","itemListElement":[{"@type":"ListItem","position":1,"name":"Home","item":"https:\/\/prochaska.eu\/ro\/"},{"@type":"ListItem","position":2,"name":"Shop","item":"https:\/\/prochaska.eu\/ro\/shop\/"},{"@type":"ListItem","position":3,"name":"Ventrac &#8211; Cositoare cu flagel &#8211; MW720"}]},{"@type":"WebSite","@id":"https:\/\/prochaska.eu\/ro\/#website","url":"https:\/\/prochaska.eu\/ro\/","name":"Prochaska","description":"Spezialist f\u00fcr Pflege von Gr\u00fcnfl\u00e4chen","publisher":{"@id":"https:\/\/prochaska.eu\/ro\/#organization"},"potentialAction":[{"@type":"SearchAction","target":{"@type":"EntryPoint","urlTemplate":"https:\/\/prochaska.eu\/ro\/?s={search_term_string}"},"query-input":{"@type":"PropertyValueSpecification","valueRequired":true,"valueName":"search_term_string"}}],"inLanguage":"ro-RO"},{"@type":"Organization","@id":"https:\/\/prochaska.eu\/ro\/#organization","name":"Prochaska","url":"https:\/\/prochaska.eu\/ro\/","logo":{"@type":"ImageObject","inLanguage":"ro-RO","@id":"https:\/\/prochaska.eu\/ro\/#\/schema\/logo\/image\/","url":"https:\/\/prochaska.eu\/wp-content\/uploads\/2024\/04\/Prochaska_Logo_Black-1.png","contentUrl":"https:\/\/prochaska.eu\/wp-content\/uploads\/2024\/04\/Prochaska_Logo_Black-1.png","width":796,"height":236,"caption":"Prochaska"},"image":{"@id":"https:\/\/prochaska.eu\/ro\/#\/schema\/logo\/image\/"},"sameAs":["https:\/\/www.facebook.com\/prochaska.eu\/","https:\/\/www.instagram.com\/prochaska.eu\/","https:\/\/www.linkedin.com\/company\/prochaska-handels-gmbh"]}]}},"brands":[{"id":3078,"name":"Ventrac","slug":"ventrac-ro"}],"_links":{"self":[{"href":"https:\/\/prochaska.eu\/ro\/wp-json\/wp\/v2\/product\/24869","targetHints":{"allow":["GET"]}}],"collection":[{"href":"https:\/\/prochaska.eu\/ro\/wp-json\/wp\/v2\/product"}],"about":[{"href":"https:\/\/prochaska.eu\/ro\/wp-json\/wp\/v2\/types\/product"}],"version-history":[{"count":0,"href":"https:\/\/prochaska.eu\/ro\/wp-json\/wp\/v2\/product\/24869\/revisions"}],"wp:featuredmedia":[{"embeddable":true,"href":"https:\/\/prochaska.eu\/ro\/wp-json\/wp\/v2\/media\/23028"}],"wp:attachment":[{"href":"https:\/\/prochaska.eu\/ro\/wp-json\/wp\/v2\/media?parent=24869"}],"wp:term":[{"taxonomy":"pwb-brand","embeddable":true,"href":"https:\/\/prochaska.eu\/ro\/wp-json\/wp\/v2\/pwb-brand?post=24869"},{"taxonomy":"product_brand","embeddable":true,"href":"https:\/\/prochaska.eu\/ro\/wp-json\/wp\/v2\/product_brand?post=24869"},{"taxonomy":"product_cat","embeddable":true,"href":"https:\/\/prochaska.eu\/ro\/wp-json\/wp\/v2\/product_cat?post=24869"},{"taxonomy":"product_tag","embeddable":true,"href":"https:\/\/prochaska.eu\/ro\/wp-json\/wp\/v2\/product_tag?post=24869"}],"curies":[{"name":"wp","href":"https:\/\/api.w.org\/{rel}","templated":true}]}}