{"id":24873,"date":"2023-12-18T13:24:29","date_gmt":"2023-12-18T13:24:29","guid":{"rendered":"https:\/\/prochaska.eu\/product\/toro-super-recycler-masina-de-tuns-iarba-fara-fir-60v-set-21695\/"},"modified":"2023-12-18T13:24:29","modified_gmt":"2023-12-18T13:24:29","slug":"toro-super-recycler-masina-de-tuns-iarba-fara-fir-60v-set-21695","status":"publish","type":"product","link":"https:\/\/prochaska.eu\/ro\/produs\/toro-super-recycler-masina-de-tuns-iarba-fara-fir-60v-set-21695\/","title":{"rendered":"Toro &#8211; Super-Recycler &#8211; Ma\u0219in\u0103 de tuns iarba f\u0103r\u0103 fir &#8211; 60V &#8211; Set &#8211; 21695"},"content":{"rendered":"<p>Aceast\u0103 ma\u0219in\u0103 de tuns iarb\u0103 f\u0103r\u0103 fir Toro eSuper Recycler\u2122 53 cm combin\u0103 puterea \u0219i eficien\u021ba. Flex-Force Power System\u2122 include un motor f\u0103r\u0103 perii de 60 V cu o putere de 2 kW \u0219i nu emite gaze de e\u0219apament. Aceast\u0103 putere este suficient\u0103 pentru a procesa o suprafa\u021b\u0103 de gazon de p\u00e2n\u0103 la 1.000 de metri p\u0103tra\u021bi. Software-ul RunSmart\u2122 maximizeaz\u0103 timpul de func\u021bionare \u0219i performan\u021ba prin ajustarea automat\u0103 a tura\u021biei motorului \u00een func\u021bie de condi\u021bii. Tehnologia Vortex\u00ae ofer\u0103 un flux de aer foarte puternic care aspir\u0103 firele de iarb\u0103 \u00een sus pentru o t\u0103iere mai bun\u0103. \u00cen combina\u021bie cu colectorul de iarb\u0103 cu intrare larg\u0103 \u0219i o capacitate de p\u00e2n\u0103 la 63 de litri, pute\u021bi petrece mai mult timp cosind dec\u00e2t golind. Platforma de tuns iarba din aluminiu turnat durabil \u0219i f\u0103r\u0103 rugin\u0103 las\u0103 un finisaj frumos \u0219i este acoperit\u0103 de o garan\u021bie de 5 ani. Sistemul de ac\u021bionare AutoMatic autoalimentat se regleaz\u0103 u\u0219or la viteza de rulare preferat\u0103 \u0219i pute\u021bi seta ma\u0219ina de tuns iarba la setarea preferat\u0103 pentru reciclare sau prinderea ierbii. Datorit\u0103 \u0219inei de ghidare Quick-Storage, economisi\u021bi spa\u021biu de depozitare, deoarece pute\u021bi depozita \u0219ina \u00een pozi\u021bie vertical\u0103, blocat\u0103. \u0218i cel mai bun lucru este c\u0103 bateria dvs. de 60 vol\u021bi este compatibil\u0103 cu toate celelalte produse din gama de baterii Flex-Force. Baterie L405 (7,5 Ah, 405 Wh) incl. \u00cenc\u0103rc\u0103tor.<\/p>\n<h2 style=\"text-align: left;\">Pachetul Toro<\/h2>\n<p style=\"text-align: left;\">Pachetul <a href=\"https:\/\/www.prochaska.eu\/toro\/\">Toro <\/a>include o ma\u0219in\u0103 de tuns iarba Toro Recycler de 53 cm, o baterie de 7,5Ah, 405Wh \u0219i un \u00eenc\u0103rc\u0103tor universal.<\/p>\n<h2 style=\"text-align: left;\">Beneficiile produsului<\/h2>\n<ul style=\"text-align: left;\">\n<li>Smart Stow &#8211; pliabil \u0219i depozitabil pe vertical\u0103<\/li>\n<li style=\"text-align: left;\">Fr\u00e2n\u0103 lam\u0103 pentru lucru \u00een siguran\u021b\u0103<\/li>\n<li style=\"text-align: left;\">Sistem automat de ac\u021bionare pentru reglarea vitezei<\/li>\n<li style=\"text-align: left;\">Toro Recycling Technology (cu p\u00e2rghie Quick-Change u\u0219or de schimbat \u00een func\u021bie de necesit\u0103\u021bi)<\/li>\n<li style=\"text-align: left;\">Profil grosier al ro\u021bii pentru aderen\u021b\u0103 suplimentar\u0103<\/li>\n<li style=\"text-align: left;\">\u00centre\u021binere u\u0219oar\u0103 (motor f\u0103r\u0103 perii)<\/li>\n<li style=\"text-align: left;\">Platform\u0103 de tuns iarba din o\u021bel pentru o durat\u0103 lung\u0103 de via\u021b\u0103<\/li>\n<li>L\u0103\u021bime de t\u0103iere 53 cm, 4 trepte, 25-102 mm<\/li>\n<li>Trac\u021biune spate<\/li>\n<li>Volumul co\u0219ului de colectare de 63 litri<\/li>\n<\/ul>\n<p>&nbsp;<\/p>\n<p><iframe title=\"New Toro  21&quot; 60V Electric Lawn Mower\" width=\"800\" height=\"450\" src=\"https:\/\/www.youtube.com\/embed\/cvz4pQMQzxg?feature=oembed\" frameborder=\"0\" allow=\"accelerometer; autoplay; clipboard-write; encrypted-media; gyroscope; picture-in-picture; web-share\" referrerpolicy=\"strict-origin-when-cross-origin\" allowfullscreen><\/iframe><\/p>\n","protected":false},"excerpt":{"rendered":"<p>Aceast\u0103 ma\u0219in\u0103 de tuns iarb\u0103 f\u0103r\u0103 fir Toro eSuper Recycler\u2122 53 cm combin\u0103 puterea \u0219i eficien\u021ba. Flex-Force Power System\u2122 include un motor f\u0103r\u0103 perii de 60 V cu o putere de 2 kW \u0219i nu emite gaze de e\u0219apament.<\/p>\n","protected":false},"featured_media":23124,"template":"","meta":[],"pwb-brand":[3073],"product_brand":[],"product_cat":[1105,1149,1151,1217,1071,1093,3140,3139],"product_tag":[3120,1408],"class_list":{"0":"post-24873","1":"product","2":"type-product","3":"status-publish","4":"has-post-thumbnail","6":"pwb-brand-toro-ro","7":"product_cat-casa-si-gradina","8":"product_cat-cositoare-de-gazon","9":"product_cat-cositoare-de-gazon-fara-fir","10":"product_cat-cositoare-de-gazon-manuala","11":"product_cat-discount","12":"product_cat-dispozitive-alimentate-cu-baterii","13":"product_cat-reduceri-pentru-marca-toro","14":"product_cat-seturi-de-oferte","15":"product_tag-60-v-ro","16":"product_tag-toro-ro","18":"first","19":"instock","20":"sale","21":"taxable","22":"shipping-taxable","23":"purchasable","24":"product-type-simple"},"yoast_head":"<!-- This site is optimized with the Yoast SEO plugin v27.5 - https:\/\/yoast.com\/product\/yoast-seo-wordpress\/ -->\n<title>Toro - Super-Recycler - Ma\u0219in\u0103 de tuns iarba f\u0103r\u0103 fir - 60V - Set - 21695 - Prochaska<\/title>\n<meta name=\"robots\" content=\"index, follow, max-snippet:-1, max-image-preview:large, max-video-preview:-1\" \/>\n<link rel=\"canonical\" href=\"https:\/\/prochaska.eu\/ro\/produs\/toro-super-recycler-masina-de-tuns-iarba-fara-fir-60v-set-21695\/\" \/>\n<meta property=\"og:locale\" content=\"ro_RO\" \/>\n<meta property=\"og:type\" content=\"article\" \/>\n<meta property=\"og:title\" content=\"Toro - Super-Recycler - Ma\u0219in\u0103 de tuns iarba f\u0103r\u0103 fir - 60V - Set - 21695 - Prochaska\" \/>\n<meta property=\"og:description\" content=\"Aceast\u0103 ma\u0219in\u0103 de tuns iarb\u0103 f\u0103r\u0103 fir Toro eSuper Recycler\u2122 53 cm combin\u0103 puterea \u0219i eficien\u021ba. Flex-Force Power System\u2122 include un motor f\u0103r\u0103 perii de 60 V cu o putere de 2 kW \u0219i nu emite gaze de e\u0219apament.\" \/>\n<meta property=\"og:url\" content=\"https:\/\/prochaska.eu\/ro\/produs\/toro-super-recycler-masina-de-tuns-iarba-fara-fir-60v-set-21695\/\" \/>\n<meta property=\"og:site_name\" content=\"Prochaska\" \/>\n<meta property=\"article:publisher\" content=\"https:\/\/www.facebook.com\/prochaska.eu\/\" \/>\n<meta property=\"og:image\" content=\"https:\/\/prochaska.eu\/wp-content\/uploads\/2024\/06\/21695.png\" \/>\n\t<meta property=\"og:image:width\" content=\"807\" \/>\n\t<meta property=\"og:image:height\" content=\"807\" \/>\n\t<meta property=\"og:image:type\" content=\"image\/png\" \/>\n<meta name=\"twitter:card\" content=\"summary_large_image\" \/>\n<meta name=\"twitter:label1\" content=\"Timp estimat pentru citire\" \/>\n\t<meta name=\"twitter:data1\" content=\"2 minute\" \/>\n<script type=\"application\/ld+json\" class=\"yoast-schema-graph\">{\"@context\":\"https:\\\/\\\/schema.org\",\"@graph\":[{\"@type\":\"WebPage\",\"@id\":\"https:\\\/\\\/prochaska.eu\\\/ro\\\/produs\\\/toro-super-recycler-masina-de-tuns-iarba-fara-fir-60v-set-21695\\\/\",\"url\":\"https:\\\/\\\/prochaska.eu\\\/ro\\\/produs\\\/toro-super-recycler-masina-de-tuns-iarba-fara-fir-60v-set-21695\\\/\",\"name\":\"Toro - Super-Recycler - Ma\u0219in\u0103 de tuns iarba f\u0103r\u0103 fir - 60V - Set - 21695 - Prochaska\",\"isPartOf\":{\"@id\":\"https:\\\/\\\/prochaska.eu\\\/ro\\\/#website\"},\"primaryImageOfPage\":{\"@id\":\"https:\\\/\\\/prochaska.eu\\\/ro\\\/produs\\\/toro-super-recycler-masina-de-tuns-iarba-fara-fir-60v-set-21695\\\/#primaryimage\"},\"image\":{\"@id\":\"https:\\\/\\\/prochaska.eu\\\/ro\\\/produs\\\/toro-super-recycler-masina-de-tuns-iarba-fara-fir-60v-set-21695\\\/#primaryimage\"},\"thumbnailUrl\":\"https:\\\/\\\/prochaska.eu\\\/wp-content\\\/uploads\\\/2024\\\/06\\\/21695.png\",\"datePublished\":\"2023-12-18T13:24:29+00:00\",\"breadcrumb\":{\"@id\":\"https:\\\/\\\/prochaska.eu\\\/ro\\\/produs\\\/toro-super-recycler-masina-de-tuns-iarba-fara-fir-60v-set-21695\\\/#breadcrumb\"},\"inLanguage\":\"ro-RO\",\"potentialAction\":[{\"@type\":\"ReadAction\",\"target\":[\"https:\\\/\\\/prochaska.eu\\\/ro\\\/produs\\\/toro-super-recycler-masina-de-tuns-iarba-fara-fir-60v-set-21695\\\/\"]}]},{\"@type\":\"ImageObject\",\"inLanguage\":\"ro-RO\",\"@id\":\"https:\\\/\\\/prochaska.eu\\\/ro\\\/produs\\\/toro-super-recycler-masina-de-tuns-iarba-fara-fir-60v-set-21695\\\/#primaryimage\",\"url\":\"https:\\\/\\\/prochaska.eu\\\/wp-content\\\/uploads\\\/2024\\\/06\\\/21695.png\",\"contentUrl\":\"https:\\\/\\\/prochaska.eu\\\/wp-content\\\/uploads\\\/2024\\\/06\\\/21695.png\",\"width\":807,\"height\":807},{\"@type\":\"BreadcrumbList\",\"@id\":\"https:\\\/\\\/prochaska.eu\\\/ro\\\/produs\\\/toro-super-recycler-masina-de-tuns-iarba-fara-fir-60v-set-21695\\\/#breadcrumb\",\"itemListElement\":[{\"@type\":\"ListItem\",\"position\":1,\"name\":\"Home\",\"item\":\"https:\\\/\\\/prochaska.eu\\\/ro\\\/\"},{\"@type\":\"ListItem\",\"position\":2,\"name\":\"Shop\",\"item\":\"https:\\\/\\\/prochaska.eu\\\/ro\\\/shop\\\/\"},{\"@type\":\"ListItem\",\"position\":3,\"name\":\"Toro &#8211; Super-Recycler &#8211; Ma\u0219in\u0103 de tuns iarba f\u0103r\u0103 fir &#8211; 60V &#8211; Set &#8211; 21695\"}]},{\"@type\":\"WebSite\",\"@id\":\"https:\\\/\\\/prochaska.eu\\\/ro\\\/#website\",\"url\":\"https:\\\/\\\/prochaska.eu\\\/ro\\\/\",\"name\":\"Prochaska\",\"description\":\"Spezialist f\u00fcr Pflege von Gr\u00fcnfl\u00e4chen\",\"publisher\":{\"@id\":\"https:\\\/\\\/prochaska.eu\\\/ro\\\/#organization\"},\"potentialAction\":[{\"@type\":\"SearchAction\",\"target\":{\"@type\":\"EntryPoint\",\"urlTemplate\":\"https:\\\/\\\/prochaska.eu\\\/ro\\\/?s={search_term_string}\"},\"query-input\":{\"@type\":\"PropertyValueSpecification\",\"valueRequired\":true,\"valueName\":\"search_term_string\"}}],\"inLanguage\":\"ro-RO\"},{\"@type\":\"Organization\",\"@id\":\"https:\\\/\\\/prochaska.eu\\\/ro\\\/#organization\",\"name\":\"Prochaska\",\"url\":\"https:\\\/\\\/prochaska.eu\\\/ro\\\/\",\"logo\":{\"@type\":\"ImageObject\",\"inLanguage\":\"ro-RO\",\"@id\":\"https:\\\/\\\/prochaska.eu\\\/ro\\\/#\\\/schema\\\/logo\\\/image\\\/\",\"url\":\"https:\\\/\\\/prochaska.eu\\\/wp-content\\\/uploads\\\/2024\\\/04\\\/Prochaska_Logo_Black-1.png\",\"contentUrl\":\"https:\\\/\\\/prochaska.eu\\\/wp-content\\\/uploads\\\/2024\\\/04\\\/Prochaska_Logo_Black-1.png\",\"width\":796,\"height\":236,\"caption\":\"Prochaska\"},\"image\":{\"@id\":\"https:\\\/\\\/prochaska.eu\\\/ro\\\/#\\\/schema\\\/logo\\\/image\\\/\"},\"sameAs\":[\"https:\\\/\\\/www.facebook.com\\\/prochaska.eu\\\/\",\"https:\\\/\\\/www.instagram.com\\\/prochaska.eu\\\/\",\"https:\\\/\\\/www.linkedin.com\\\/company\\\/prochaska-handels-gmbh\"]}]}<\/script>\n<!-- \/ Yoast SEO plugin. -->","yoast_head_json":{"title":"Toro - Super-Recycler - Ma\u0219in\u0103 de tuns iarba f\u0103r\u0103 fir - 60V - Set - 21695 - Prochaska","robots":{"index":"index","follow":"follow","max-snippet":"max-snippet:-1","max-image-preview":"max-image-preview:large","max-video-preview":"max-video-preview:-1"},"canonical":"https:\/\/prochaska.eu\/ro\/produs\/toro-super-recycler-masina-de-tuns-iarba-fara-fir-60v-set-21695\/","og_locale":"ro_RO","og_type":"article","og_title":"Toro - Super-Recycler - Ma\u0219in\u0103 de tuns iarba f\u0103r\u0103 fir - 60V - Set - 21695 - Prochaska","og_description":"Aceast\u0103 ma\u0219in\u0103 de tuns iarb\u0103 f\u0103r\u0103 fir Toro eSuper Recycler\u2122 53 cm combin\u0103 puterea \u0219i eficien\u021ba. Flex-Force Power System\u2122 include un motor f\u0103r\u0103 perii de 60 V cu o putere de 2 kW \u0219i nu emite gaze de e\u0219apament.","og_url":"https:\/\/prochaska.eu\/ro\/produs\/toro-super-recycler-masina-de-tuns-iarba-fara-fir-60v-set-21695\/","og_site_name":"Prochaska","article_publisher":"https:\/\/www.facebook.com\/prochaska.eu\/","og_image":[{"width":807,"height":807,"url":"https:\/\/prochaska.eu\/wp-content\/uploads\/2024\/06\/21695.png","type":"image\/png"}],"twitter_card":"summary_large_image","twitter_misc":{"Timp estimat pentru citire":"2 minute"},"schema":{"@context":"https:\/\/schema.org","@graph":[{"@type":"WebPage","@id":"https:\/\/prochaska.eu\/ro\/produs\/toro-super-recycler-masina-de-tuns-iarba-fara-fir-60v-set-21695\/","url":"https:\/\/prochaska.eu\/ro\/produs\/toro-super-recycler-masina-de-tuns-iarba-fara-fir-60v-set-21695\/","name":"Toro - Super-Recycler - Ma\u0219in\u0103 de tuns iarba f\u0103r\u0103 fir - 60V - Set - 21695 - Prochaska","isPartOf":{"@id":"https:\/\/prochaska.eu\/ro\/#website"},"primaryImageOfPage":{"@id":"https:\/\/prochaska.eu\/ro\/produs\/toro-super-recycler-masina-de-tuns-iarba-fara-fir-60v-set-21695\/#primaryimage"},"image":{"@id":"https:\/\/prochaska.eu\/ro\/produs\/toro-super-recycler-masina-de-tuns-iarba-fara-fir-60v-set-21695\/#primaryimage"},"thumbnailUrl":"https:\/\/prochaska.eu\/wp-content\/uploads\/2024\/06\/21695.png","datePublished":"2023-12-18T13:24:29+00:00","breadcrumb":{"@id":"https:\/\/prochaska.eu\/ro\/produs\/toro-super-recycler-masina-de-tuns-iarba-fara-fir-60v-set-21695\/#breadcrumb"},"inLanguage":"ro-RO","potentialAction":[{"@type":"ReadAction","target":["https:\/\/prochaska.eu\/ro\/produs\/toro-super-recycler-masina-de-tuns-iarba-fara-fir-60v-set-21695\/"]}]},{"@type":"ImageObject","inLanguage":"ro-RO","@id":"https:\/\/prochaska.eu\/ro\/produs\/toro-super-recycler-masina-de-tuns-iarba-fara-fir-60v-set-21695\/#primaryimage","url":"https:\/\/prochaska.eu\/wp-content\/uploads\/2024\/06\/21695.png","contentUrl":"https:\/\/prochaska.eu\/wp-content\/uploads\/2024\/06\/21695.png","width":807,"height":807},{"@type":"BreadcrumbList","@id":"https:\/\/prochaska.eu\/ro\/produs\/toro-super-recycler-masina-de-tuns-iarba-fara-fir-60v-set-21695\/#breadcrumb","itemListElement":[{"@type":"ListItem","position":1,"name":"Home","item":"https:\/\/prochaska.eu\/ro\/"},{"@type":"ListItem","position":2,"name":"Shop","item":"https:\/\/prochaska.eu\/ro\/shop\/"},{"@type":"ListItem","position":3,"name":"Toro &#8211; Super-Recycler &#8211; Ma\u0219in\u0103 de tuns iarba f\u0103r\u0103 fir &#8211; 60V &#8211; Set &#8211; 21695"}]},{"@type":"WebSite","@id":"https:\/\/prochaska.eu\/ro\/#website","url":"https:\/\/prochaska.eu\/ro\/","name":"Prochaska","description":"Spezialist f\u00fcr Pflege von Gr\u00fcnfl\u00e4chen","publisher":{"@id":"https:\/\/prochaska.eu\/ro\/#organization"},"potentialAction":[{"@type":"SearchAction","target":{"@type":"EntryPoint","urlTemplate":"https:\/\/prochaska.eu\/ro\/?s={search_term_string}"},"query-input":{"@type":"PropertyValueSpecification","valueRequired":true,"valueName":"search_term_string"}}],"inLanguage":"ro-RO"},{"@type":"Organization","@id":"https:\/\/prochaska.eu\/ro\/#organization","name":"Prochaska","url":"https:\/\/prochaska.eu\/ro\/","logo":{"@type":"ImageObject","inLanguage":"ro-RO","@id":"https:\/\/prochaska.eu\/ro\/#\/schema\/logo\/image\/","url":"https:\/\/prochaska.eu\/wp-content\/uploads\/2024\/04\/Prochaska_Logo_Black-1.png","contentUrl":"https:\/\/prochaska.eu\/wp-content\/uploads\/2024\/04\/Prochaska_Logo_Black-1.png","width":796,"height":236,"caption":"Prochaska"},"image":{"@id":"https:\/\/prochaska.eu\/ro\/#\/schema\/logo\/image\/"},"sameAs":["https:\/\/www.facebook.com\/prochaska.eu\/","https:\/\/www.instagram.com\/prochaska.eu\/","https:\/\/www.linkedin.com\/company\/prochaska-handels-gmbh"]}]}},"brands":[{"id":3073,"name":"Toro","slug":"toro-ro"}],"_links":{"self":[{"href":"https:\/\/prochaska.eu\/ro\/wp-json\/wp\/v2\/product\/24873","targetHints":{"allow":["GET"]}}],"collection":[{"href":"https:\/\/prochaska.eu\/ro\/wp-json\/wp\/v2\/product"}],"about":[{"href":"https:\/\/prochaska.eu\/ro\/wp-json\/wp\/v2\/types\/product"}],"version-history":[{"count":0,"href":"https:\/\/prochaska.eu\/ro\/wp-json\/wp\/v2\/product\/24873\/revisions"}],"wp:featuredmedia":[{"embeddable":true,"href":"https:\/\/prochaska.eu\/ro\/wp-json\/wp\/v2\/media\/23124"}],"wp:attachment":[{"href":"https:\/\/prochaska.eu\/ro\/wp-json\/wp\/v2\/media?parent=24873"}],"wp:term":[{"taxonomy":"pwb-brand","embeddable":true,"href":"https:\/\/prochaska.eu\/ro\/wp-json\/wp\/v2\/pwb-brand?post=24873"},{"taxonomy":"product_brand","embeddable":true,"href":"https:\/\/prochaska.eu\/ro\/wp-json\/wp\/v2\/product_brand?post=24873"},{"taxonomy":"product_cat","embeddable":true,"href":"https:\/\/prochaska.eu\/ro\/wp-json\/wp\/v2\/product_cat?post=24873"},{"taxonomy":"product_tag","embeddable":true,"href":"https:\/\/prochaska.eu\/ro\/wp-json\/wp\/v2\/product_tag?post=24873"}],"curies":[{"name":"wp","href":"https:\/\/api.w.org\/{rel}","templated":true}]}}