{"id":24875,"date":"2022-02-22T14:52:53","date_gmt":"2022-02-22T14:52:53","guid":{"rendered":"https:\/\/prochaska.eu\/product\/toro-masina-de-tuns-iarba-reciclator-bbc-21764-21772\/"},"modified":"2022-02-22T14:52:53","modified_gmt":"2022-02-22T14:52:53","slug":"toro-masina-de-tuns-iarba-reciclator-bbc-21764-21772","status":"publish","type":"product","link":"https:\/\/prochaska.eu\/ro\/produs\/toro-masina-de-tuns-iarba-reciclator-bbc-21764-21772\/","title":{"rendered":"Toro &#8211; Ma\u0219in\u0103 de tuns iarba &#8211; Reciclator &#8211; BBC &#8211; 21764 &#8211; 21772"},"content":{"rendered":"<p style=\"text-align: left;\">Ma\u0219ina de tuns iarb\u0103 Toro Recycler 21764\/21772 are o l\u0103\u021bime de t\u0103iere de 55 cm \u0219i este echipat\u0103 cu un motor Briggs &amp; Stratton. Ma\u0219ina de tuns iarba are, de asemenea, sistem de ac\u021bionare automat\u0103. Aceasta \u00eenseamn\u0103 c\u0103 viteza se adapteaz\u0103 automat la ritmul de mers al utilizatorului. Cu ambreiajul profesional al lamei (BBC), rota\u021bia lamei poate fi \u00eentrerupt\u0103 \u00een timp ce motorul este \u00een func\u021biune. Aceasta ofer\u0103 ma\u0219inii de tuns iarba protec\u021bie suplimentar\u0103 la golirea colectorului de iarb\u0103 \u0219i la deplasarea pe teren dificil. Ro\u021bile \u00eenalte asigur\u0103 c\u0103 aparatul func\u021bioneaz\u0103 perfect chiar \u0219i pe teren accidentat.<\/p>\n<h2 style=\"text-align: left;\">Beneficiile produsului<\/h2>\n<ul style=\"text-align: left;\">\n<li style=\"text-align: left;\">Ambreiaj profesional al lamei (BBC) pentru lucru \u00een siguran\u021b\u0103<\/li>\n<li>Sistem automat de ac\u021bionare pentru adaptarea vitezei la ritmul de mers<\/li>\n<li>Tehnologia de reciclare Vortex revolu\u021bioneaz\u0103 rezultatele gazonului<\/li>\n<li>Ro\u021bi mari pentru teren accidentat<\/li>\n<li>Func\u021bie 2 \u00een 1 (colectare, mulcire \u0219i evacuare lateral\u0103 op\u021bional\u0103)<\/li>\n<\/ul>\n<h2 style=\"text-align: left;\">Accesorii op\u021bionale<\/h2>\n<ul>\n<li style=\"text-align: left;\"><a href=\"https:\/\/www.prochaska.eu\/produkt\/ersatzmesser-atomic-55-cm-fuer-toro-20960-20961-20959-und-20954\/\">Lam\u0103 de schimb Atomic 55 cm<\/a><\/li>\n<\/ul>\n","protected":false},"excerpt":{"rendered":"<p>Toro Recycler 21764\/21772 este echipat cu noua tehnologie de reciclare Vortex \u0219i cu un ambreiaj profesional al lamei (BBC), care ofer\u0103 protec\u021bie suplimentar\u0103.<\/p>\n","protected":false},"featured_media":23052,"template":"","meta":[],"pwb-brand":[3073],"product_brand":[],"product_cat":[1535],"product_tag":[],"class_list":{"0":"post-24875","1":"product","2":"type-product","3":"status-publish","4":"has-post-thumbnail","6":"pwb-brand-toro-ro","7":"product_cat-pregatirea-solului-ro","9":"first","10":"instock","11":"taxable","12":"shipping-taxable","13":"purchasable","14":"product-type-simple"},"yoast_head":"<!-- This site is optimized with the Yoast SEO plugin v27.4 - https:\/\/yoast.com\/product\/yoast-seo-wordpress\/ -->\n<title>Toro - Ma\u0219in\u0103 de tuns iarba - Reciclator - BBC - 21764 - 21772 - Prochaska<\/title>\n<meta name=\"robots\" content=\"index, follow, max-snippet:-1, max-image-preview:large, max-video-preview:-1\" \/>\n<link rel=\"canonical\" href=\"https:\/\/prochaska.eu\/ro\/produs\/toro-masina-de-tuns-iarba-reciclator-bbc-21764-21772\/\" \/>\n<meta property=\"og:locale\" content=\"ro_RO\" \/>\n<meta property=\"og:type\" content=\"article\" \/>\n<meta property=\"og:title\" content=\"Toro - Ma\u0219in\u0103 de tuns iarba - Reciclator - BBC - 21764 - 21772 - Prochaska\" \/>\n<meta property=\"og:description\" content=\"Toro Recycler 21764\/21772 este echipat cu noua tehnologie de reciclare Vortex \u0219i cu un ambreiaj profesional al lamei (BBC), care ofer\u0103 protec\u021bie suplimentar\u0103.\" \/>\n<meta property=\"og:url\" content=\"https:\/\/prochaska.eu\/ro\/produs\/toro-masina-de-tuns-iarba-reciclator-bbc-21764-21772\/\" \/>\n<meta property=\"og:site_name\" content=\"Prochaska\" \/>\n<meta property=\"article:publisher\" content=\"https:\/\/www.facebook.com\/prochaska.eu\/\" \/>\n<meta property=\"og:image\" content=\"https:\/\/prochaska.eu\/wp-content\/uploads\/2024\/06\/rasenmaeher-toro-21772-prochaska-b1.jpg\" \/>\n\t<meta property=\"og:image:width\" content=\"1440\" \/>\n\t<meta property=\"og:image:height\" content=\"1440\" \/>\n\t<meta property=\"og:image:type\" content=\"image\/jpeg\" \/>\n<meta name=\"twitter:card\" content=\"summary_large_image\" \/>\n<meta name=\"twitter:label1\" content=\"Timp estimat pentru citire\" \/>\n\t<meta name=\"twitter:data1\" content=\"1 minut\" \/>\n<script type=\"application\/ld+json\" class=\"yoast-schema-graph\">{\"@context\":\"https:\\\/\\\/schema.org\",\"@graph\":[{\"@type\":\"WebPage\",\"@id\":\"https:\\\/\\\/prochaska.eu\\\/ro\\\/produs\\\/toro-masina-de-tuns-iarba-reciclator-bbc-21764-21772\\\/\",\"url\":\"https:\\\/\\\/prochaska.eu\\\/ro\\\/produs\\\/toro-masina-de-tuns-iarba-reciclator-bbc-21764-21772\\\/\",\"name\":\"Toro - Ma\u0219in\u0103 de tuns iarba - Reciclator - BBC - 21764 - 21772 - Prochaska\",\"isPartOf\":{\"@id\":\"https:\\\/\\\/prochaska.eu\\\/ro\\\/#website\"},\"primaryImageOfPage\":{\"@id\":\"https:\\\/\\\/prochaska.eu\\\/ro\\\/produs\\\/toro-masina-de-tuns-iarba-reciclator-bbc-21764-21772\\\/#primaryimage\"},\"image\":{\"@id\":\"https:\\\/\\\/prochaska.eu\\\/ro\\\/produs\\\/toro-masina-de-tuns-iarba-reciclator-bbc-21764-21772\\\/#primaryimage\"},\"thumbnailUrl\":\"https:\\\/\\\/prochaska.eu\\\/wp-content\\\/uploads\\\/2024\\\/06\\\/rasenmaeher-toro-21772-prochaska-b1.jpg\",\"datePublished\":\"2022-02-22T14:52:53+00:00\",\"breadcrumb\":{\"@id\":\"https:\\\/\\\/prochaska.eu\\\/ro\\\/produs\\\/toro-masina-de-tuns-iarba-reciclator-bbc-21764-21772\\\/#breadcrumb\"},\"inLanguage\":\"ro-RO\",\"potentialAction\":[{\"@type\":\"ReadAction\",\"target\":[\"https:\\\/\\\/prochaska.eu\\\/ro\\\/produs\\\/toro-masina-de-tuns-iarba-reciclator-bbc-21764-21772\\\/\"]}]},{\"@type\":\"ImageObject\",\"inLanguage\":\"ro-RO\",\"@id\":\"https:\\\/\\\/prochaska.eu\\\/ro\\\/produs\\\/toro-masina-de-tuns-iarba-reciclator-bbc-21764-21772\\\/#primaryimage\",\"url\":\"https:\\\/\\\/prochaska.eu\\\/wp-content\\\/uploads\\\/2024\\\/06\\\/rasenmaeher-toro-21772-prochaska-b1.jpg\",\"contentUrl\":\"https:\\\/\\\/prochaska.eu\\\/wp-content\\\/uploads\\\/2024\\\/06\\\/rasenmaeher-toro-21772-prochaska-b1.jpg\",\"width\":1440,\"height\":1440,\"caption\":\"ma\u0219in\u0103 de tuns iarba\"},{\"@type\":\"BreadcrumbList\",\"@id\":\"https:\\\/\\\/prochaska.eu\\\/ro\\\/produs\\\/toro-masina-de-tuns-iarba-reciclator-bbc-21764-21772\\\/#breadcrumb\",\"itemListElement\":[{\"@type\":\"ListItem\",\"position\":1,\"name\":\"Home\",\"item\":\"https:\\\/\\\/prochaska.eu\\\/ro\\\/\"},{\"@type\":\"ListItem\",\"position\":2,\"name\":\"Shop\",\"item\":\"https:\\\/\\\/prochaska.eu\\\/ro\\\/shop\\\/\"},{\"@type\":\"ListItem\",\"position\":3,\"name\":\"Toro &#8211; Ma\u0219in\u0103 de tuns iarba &#8211; Reciclator &#8211; BBC &#8211; 21764 &#8211; 21772\"}]},{\"@type\":\"WebSite\",\"@id\":\"https:\\\/\\\/prochaska.eu\\\/ro\\\/#website\",\"url\":\"https:\\\/\\\/prochaska.eu\\\/ro\\\/\",\"name\":\"Prochaska\",\"description\":\"Spezialist f\u00fcr Pflege von Gr\u00fcnfl\u00e4chen\",\"publisher\":{\"@id\":\"https:\\\/\\\/prochaska.eu\\\/ro\\\/#organization\"},\"potentialAction\":[{\"@type\":\"SearchAction\",\"target\":{\"@type\":\"EntryPoint\",\"urlTemplate\":\"https:\\\/\\\/prochaska.eu\\\/ro\\\/?s={search_term_string}\"},\"query-input\":{\"@type\":\"PropertyValueSpecification\",\"valueRequired\":true,\"valueName\":\"search_term_string\"}}],\"inLanguage\":\"ro-RO\"},{\"@type\":\"Organization\",\"@id\":\"https:\\\/\\\/prochaska.eu\\\/ro\\\/#organization\",\"name\":\"Prochaska\",\"url\":\"https:\\\/\\\/prochaska.eu\\\/ro\\\/\",\"logo\":{\"@type\":\"ImageObject\",\"inLanguage\":\"ro-RO\",\"@id\":\"https:\\\/\\\/prochaska.eu\\\/ro\\\/#\\\/schema\\\/logo\\\/image\\\/\",\"url\":\"https:\\\/\\\/prochaska.eu\\\/wp-content\\\/uploads\\\/2024\\\/04\\\/Prochaska_Logo_Black-1.png\",\"contentUrl\":\"https:\\\/\\\/prochaska.eu\\\/wp-content\\\/uploads\\\/2024\\\/04\\\/Prochaska_Logo_Black-1.png\",\"width\":796,\"height\":236,\"caption\":\"Prochaska\"},\"image\":{\"@id\":\"https:\\\/\\\/prochaska.eu\\\/ro\\\/#\\\/schema\\\/logo\\\/image\\\/\"},\"sameAs\":[\"https:\\\/\\\/www.facebook.com\\\/prochaska.eu\\\/\",\"https:\\\/\\\/www.instagram.com\\\/prochaska.eu\\\/\",\"https:\\\/\\\/www.linkedin.com\\\/company\\\/prochaska-handels-gmbh\"]}]}<\/script>\n<!-- \/ Yoast SEO plugin. -->","yoast_head_json":{"title":"Toro - Ma\u0219in\u0103 de tuns iarba - Reciclator - BBC - 21764 - 21772 - Prochaska","robots":{"index":"index","follow":"follow","max-snippet":"max-snippet:-1","max-image-preview":"max-image-preview:large","max-video-preview":"max-video-preview:-1"},"canonical":"https:\/\/prochaska.eu\/ro\/produs\/toro-masina-de-tuns-iarba-reciclator-bbc-21764-21772\/","og_locale":"ro_RO","og_type":"article","og_title":"Toro - Ma\u0219in\u0103 de tuns iarba - Reciclator - BBC - 21764 - 21772 - Prochaska","og_description":"Toro Recycler 21764\/21772 este echipat cu noua tehnologie de reciclare Vortex \u0219i cu un ambreiaj profesional al lamei (BBC), care ofer\u0103 protec\u021bie suplimentar\u0103.","og_url":"https:\/\/prochaska.eu\/ro\/produs\/toro-masina-de-tuns-iarba-reciclator-bbc-21764-21772\/","og_site_name":"Prochaska","article_publisher":"https:\/\/www.facebook.com\/prochaska.eu\/","og_image":[{"width":1440,"height":1440,"url":"https:\/\/prochaska.eu\/wp-content\/uploads\/2024\/06\/rasenmaeher-toro-21772-prochaska-b1.jpg","type":"image\/jpeg"}],"twitter_card":"summary_large_image","twitter_misc":{"Timp estimat pentru citire":"1 minut"},"schema":{"@context":"https:\/\/schema.org","@graph":[{"@type":"WebPage","@id":"https:\/\/prochaska.eu\/ro\/produs\/toro-masina-de-tuns-iarba-reciclator-bbc-21764-21772\/","url":"https:\/\/prochaska.eu\/ro\/produs\/toro-masina-de-tuns-iarba-reciclator-bbc-21764-21772\/","name":"Toro - Ma\u0219in\u0103 de tuns iarba - Reciclator - BBC - 21764 - 21772 - Prochaska","isPartOf":{"@id":"https:\/\/prochaska.eu\/ro\/#website"},"primaryImageOfPage":{"@id":"https:\/\/prochaska.eu\/ro\/produs\/toro-masina-de-tuns-iarba-reciclator-bbc-21764-21772\/#primaryimage"},"image":{"@id":"https:\/\/prochaska.eu\/ro\/produs\/toro-masina-de-tuns-iarba-reciclator-bbc-21764-21772\/#primaryimage"},"thumbnailUrl":"https:\/\/prochaska.eu\/wp-content\/uploads\/2024\/06\/rasenmaeher-toro-21772-prochaska-b1.jpg","datePublished":"2022-02-22T14:52:53+00:00","breadcrumb":{"@id":"https:\/\/prochaska.eu\/ro\/produs\/toro-masina-de-tuns-iarba-reciclator-bbc-21764-21772\/#breadcrumb"},"inLanguage":"ro-RO","potentialAction":[{"@type":"ReadAction","target":["https:\/\/prochaska.eu\/ro\/produs\/toro-masina-de-tuns-iarba-reciclator-bbc-21764-21772\/"]}]},{"@type":"ImageObject","inLanguage":"ro-RO","@id":"https:\/\/prochaska.eu\/ro\/produs\/toro-masina-de-tuns-iarba-reciclator-bbc-21764-21772\/#primaryimage","url":"https:\/\/prochaska.eu\/wp-content\/uploads\/2024\/06\/rasenmaeher-toro-21772-prochaska-b1.jpg","contentUrl":"https:\/\/prochaska.eu\/wp-content\/uploads\/2024\/06\/rasenmaeher-toro-21772-prochaska-b1.jpg","width":1440,"height":1440,"caption":"ma\u0219in\u0103 de tuns iarba"},{"@type":"BreadcrumbList","@id":"https:\/\/prochaska.eu\/ro\/produs\/toro-masina-de-tuns-iarba-reciclator-bbc-21764-21772\/#breadcrumb","itemListElement":[{"@type":"ListItem","position":1,"name":"Home","item":"https:\/\/prochaska.eu\/ro\/"},{"@type":"ListItem","position":2,"name":"Shop","item":"https:\/\/prochaska.eu\/ro\/shop\/"},{"@type":"ListItem","position":3,"name":"Toro &#8211; Ma\u0219in\u0103 de tuns iarba &#8211; Reciclator &#8211; BBC &#8211; 21764 &#8211; 21772"}]},{"@type":"WebSite","@id":"https:\/\/prochaska.eu\/ro\/#website","url":"https:\/\/prochaska.eu\/ro\/","name":"Prochaska","description":"Spezialist f\u00fcr Pflege von Gr\u00fcnfl\u00e4chen","publisher":{"@id":"https:\/\/prochaska.eu\/ro\/#organization"},"potentialAction":[{"@type":"SearchAction","target":{"@type":"EntryPoint","urlTemplate":"https:\/\/prochaska.eu\/ro\/?s={search_term_string}"},"query-input":{"@type":"PropertyValueSpecification","valueRequired":true,"valueName":"search_term_string"}}],"inLanguage":"ro-RO"},{"@type":"Organization","@id":"https:\/\/prochaska.eu\/ro\/#organization","name":"Prochaska","url":"https:\/\/prochaska.eu\/ro\/","logo":{"@type":"ImageObject","inLanguage":"ro-RO","@id":"https:\/\/prochaska.eu\/ro\/#\/schema\/logo\/image\/","url":"https:\/\/prochaska.eu\/wp-content\/uploads\/2024\/04\/Prochaska_Logo_Black-1.png","contentUrl":"https:\/\/prochaska.eu\/wp-content\/uploads\/2024\/04\/Prochaska_Logo_Black-1.png","width":796,"height":236,"caption":"Prochaska"},"image":{"@id":"https:\/\/prochaska.eu\/ro\/#\/schema\/logo\/image\/"},"sameAs":["https:\/\/www.facebook.com\/prochaska.eu\/","https:\/\/www.instagram.com\/prochaska.eu\/","https:\/\/www.linkedin.com\/company\/prochaska-handels-gmbh"]}]}},"brands":[{"id":3073,"name":"Toro","slug":"toro-ro"}],"_links":{"self":[{"href":"https:\/\/prochaska.eu\/ro\/wp-json\/wp\/v2\/product\/24875","targetHints":{"allow":["GET"]}}],"collection":[{"href":"https:\/\/prochaska.eu\/ro\/wp-json\/wp\/v2\/product"}],"about":[{"href":"https:\/\/prochaska.eu\/ro\/wp-json\/wp\/v2\/types\/product"}],"version-history":[{"count":0,"href":"https:\/\/prochaska.eu\/ro\/wp-json\/wp\/v2\/product\/24875\/revisions"}],"wp:featuredmedia":[{"embeddable":true,"href":"https:\/\/prochaska.eu\/ro\/wp-json\/wp\/v2\/media\/23052"}],"wp:attachment":[{"href":"https:\/\/prochaska.eu\/ro\/wp-json\/wp\/v2\/media?parent=24875"}],"wp:term":[{"taxonomy":"pwb-brand","embeddable":true,"href":"https:\/\/prochaska.eu\/ro\/wp-json\/wp\/v2\/pwb-brand?post=24875"},{"taxonomy":"product_brand","embeddable":true,"href":"https:\/\/prochaska.eu\/ro\/wp-json\/wp\/v2\/product_brand?post=24875"},{"taxonomy":"product_cat","embeddable":true,"href":"https:\/\/prochaska.eu\/ro\/wp-json\/wp\/v2\/product_cat?post=24875"},{"taxonomy":"product_tag","embeddable":true,"href":"https:\/\/prochaska.eu\/ro\/wp-json\/wp\/v2\/product_tag?post=24875"}],"curies":[{"name":"wp","href":"https:\/\/api.w.org\/{rel}","templated":true}]}}