{"id":24882,"date":"2023-12-18T15:35:11","date_gmt":"2023-12-18T15:35:11","guid":{"rendered":"https:\/\/prochaska.eu\/product\/toro-zeroturn-etimecutter-emr4275-75642\/"},"modified":"2023-12-18T15:35:11","modified_gmt":"2023-12-18T15:35:11","slug":"toro-zeroturn-etimecutter-emr4275-75642","status":"publish","type":"product","link":"https:\/\/prochaska.eu\/ro\/produs\/toro-zeroturn-etimecutter-emr4275-75642\/","title":{"rendered":"Toro &#8211; ZeroTurn &#8211; eTimeCutter eMR4275 &#8211; 75642"},"content":{"rendered":"<p style=\"text-align: left;\">Motocoasa cu tura\u021bie zero TimeCutter eMR4275 (75642) este prima TimeCutter complet electric\u0103 de la Toro \u0219i are o l\u0103\u021bime de t\u0103iere de 107 cm \u0219i un motor de 60 V.<br \/>\nAc\u021bionarea hidrostatic\u0103 dubl\u0103 asigur\u0103 o acoperire deosebit de bun\u0103 a zonei \u0219i un rezultat perfect al cositului, economisind timp la o vitez\u0103 de p\u00e2n\u0103 la 11 km\/h.<\/p>\n<p>Deoarece eTimeCutter este alimentat electric, lucr\u0103rile de \u00eentre\u021binere necesare \u00een mod normal pentru motocositoarele pe benzin\u0103, cum ar fi umplerea rezervorului de benzin\u0103 \u0219i schimbarea uleiului, curelelor \u0219i filtrelor, nu mai sunt necesare<\/p>\n<h2 style=\"text-align: left;\">Beneficiile produsului<\/h2>\n<ul>\n<li>\u00cenc\u0103rc\u0103tor cu 6 sloturi incl. 4x baterii de 10 Ah<\/li>\n<li>Reglare pe \u00een\u0103l\u021bime \u00een 7 pozi\u021bii (38-114 mm)<\/li>\n<li>Camer\u0103 de cosit foarte \u00eenalt\u0103 (10 cm)<\/li>\n<li>Driveline cu 2 hidrostate pentru manevrabilitate \u0219i cerc de \u00eentoarcere zero<\/li>\n<li>Scaun de confort moale Deluxe pentru o munc\u0103 confortabil\u0103<\/li>\n<li>Super tehnologie de reciclare pentru particule de iarb\u0103 \u0219i mai fine la mulcire<\/li>\n<\/ul>\n<p>&nbsp;<\/p>\n<p><iframe title=\"Save Time with Toro TimeCutter Zero Turn Riding Mowers\" width=\"800\" height=\"450\" src=\"https:\/\/www.youtube.com\/embed\/kD2zyCau3j8?feature=oembed\" frameborder=\"0\" allow=\"accelerometer; autoplay; clipboard-write; encrypted-media; gyroscope; picture-in-picture; web-share\" referrerpolicy=\"strict-origin-when-cross-origin\" allowfullscreen><\/iframe><\/p>\n","protected":false},"excerpt":{"rendered":"<p>Motocoasa cu tura\u021bie zero TimeCutter eMR4275 (75642) este prima TimeCutter complet electric\u0103 de la Toro \u0219i are o l\u0103\u021bime de t\u0103iere de 107 cm \u0219i un motor de 60 V.<\/p>\n","protected":false},"featured_media":23136,"template":"","meta":[],"pwb-brand":[3073],"product_brand":[],"product_cat":[1149,3139,1298],"product_tag":[],"class_list":{"0":"post-24882","1":"product","2":"type-product","3":"status-publish","4":"has-post-thumbnail","6":"pwb-brand-toro-ro","7":"product_cat-cositoare-de-gazon","8":"product_cat-seturi-de-oferte","9":"product_cat-zero-viraje-ro-2","11":"first","12":"instock","13":"taxable","14":"shipping-taxable","15":"purchasable","16":"product-type-simple"},"yoast_head":"<!-- This site is optimized with the Yoast SEO plugin v27.4 - https:\/\/yoast.com\/product\/yoast-seo-wordpress\/ -->\n<title>Toro - ZeroTurn - eTimeCutter eMR4275 - 75642 - Prochaska<\/title>\n<meta name=\"robots\" content=\"index, follow, max-snippet:-1, max-image-preview:large, max-video-preview:-1\" \/>\n<link rel=\"canonical\" href=\"https:\/\/prochaska.eu\/ro\/produs\/toro-zeroturn-etimecutter-emr4275-75642\/\" \/>\n<meta property=\"og:locale\" content=\"ro_RO\" \/>\n<meta property=\"og:type\" content=\"article\" \/>\n<meta property=\"og:title\" content=\"Toro - ZeroTurn - eTimeCutter eMR4275 - 75642 - Prochaska\" \/>\n<meta property=\"og:description\" content=\"Motocoasa cu tura\u021bie zero TimeCutter eMR4275 (75642) este prima TimeCutter complet electric\u0103 de la Toro \u0219i are o l\u0103\u021bime de t\u0103iere de 107 cm \u0219i un motor de 60 V.\" \/>\n<meta property=\"og:url\" content=\"https:\/\/prochaska.eu\/ro\/produs\/toro-zeroturn-etimecutter-emr4275-75642\/\" \/>\n<meta property=\"og:site_name\" content=\"Prochaska\" \/>\n<meta property=\"article:publisher\" content=\"https:\/\/www.facebook.com\/prochaska.eu\/\" \/>\n<meta property=\"og:image\" content=\"https:\/\/prochaska.eu\/wp-content\/uploads\/2024\/06\/etc.png\" \/>\n\t<meta property=\"og:image:width\" content=\"868\" \/>\n\t<meta property=\"og:image:height\" content=\"694\" \/>\n\t<meta property=\"og:image:type\" content=\"image\/png\" \/>\n<meta name=\"twitter:card\" content=\"summary_large_image\" \/>\n<meta name=\"twitter:label1\" content=\"Timp estimat pentru citire\" \/>\n\t<meta name=\"twitter:data1\" content=\"1 minut\" \/>\n<script type=\"application\/ld+json\" class=\"yoast-schema-graph\">{\"@context\":\"https:\\\/\\\/schema.org\",\"@graph\":[{\"@type\":\"WebPage\",\"@id\":\"https:\\\/\\\/prochaska.eu\\\/ro\\\/produs\\\/toro-zeroturn-etimecutter-emr4275-75642\\\/\",\"url\":\"https:\\\/\\\/prochaska.eu\\\/ro\\\/produs\\\/toro-zeroturn-etimecutter-emr4275-75642\\\/\",\"name\":\"Toro - ZeroTurn - eTimeCutter eMR4275 - 75642 - Prochaska\",\"isPartOf\":{\"@id\":\"https:\\\/\\\/prochaska.eu\\\/ro\\\/#website\"},\"primaryImageOfPage\":{\"@id\":\"https:\\\/\\\/prochaska.eu\\\/ro\\\/produs\\\/toro-zeroturn-etimecutter-emr4275-75642\\\/#primaryimage\"},\"image\":{\"@id\":\"https:\\\/\\\/prochaska.eu\\\/ro\\\/produs\\\/toro-zeroturn-etimecutter-emr4275-75642\\\/#primaryimage\"},\"thumbnailUrl\":\"https:\\\/\\\/prochaska.eu\\\/wp-content\\\/uploads\\\/2024\\\/06\\\/etc.png\",\"datePublished\":\"2023-12-18T15:35:11+00:00\",\"breadcrumb\":{\"@id\":\"https:\\\/\\\/prochaska.eu\\\/ro\\\/produs\\\/toro-zeroturn-etimecutter-emr4275-75642\\\/#breadcrumb\"},\"inLanguage\":\"ro-RO\",\"potentialAction\":[{\"@type\":\"ReadAction\",\"target\":[\"https:\\\/\\\/prochaska.eu\\\/ro\\\/produs\\\/toro-zeroturn-etimecutter-emr4275-75642\\\/\"]}]},{\"@type\":\"ImageObject\",\"inLanguage\":\"ro-RO\",\"@id\":\"https:\\\/\\\/prochaska.eu\\\/ro\\\/produs\\\/toro-zeroturn-etimecutter-emr4275-75642\\\/#primaryimage\",\"url\":\"https:\\\/\\\/prochaska.eu\\\/wp-content\\\/uploads\\\/2024\\\/06\\\/etc.png\",\"contentUrl\":\"https:\\\/\\\/prochaska.eu\\\/wp-content\\\/uploads\\\/2024\\\/06\\\/etc.png\",\"width\":868,\"height\":694},{\"@type\":\"BreadcrumbList\",\"@id\":\"https:\\\/\\\/prochaska.eu\\\/ro\\\/produs\\\/toro-zeroturn-etimecutter-emr4275-75642\\\/#breadcrumb\",\"itemListElement\":[{\"@type\":\"ListItem\",\"position\":1,\"name\":\"Home\",\"item\":\"https:\\\/\\\/prochaska.eu\\\/ro\\\/\"},{\"@type\":\"ListItem\",\"position\":2,\"name\":\"Shop\",\"item\":\"https:\\\/\\\/prochaska.eu\\\/ro\\\/shop\\\/\"},{\"@type\":\"ListItem\",\"position\":3,\"name\":\"Toro &#8211; ZeroTurn &#8211; eTimeCutter eMR4275 &#8211; 75642\"}]},{\"@type\":\"WebSite\",\"@id\":\"https:\\\/\\\/prochaska.eu\\\/ro\\\/#website\",\"url\":\"https:\\\/\\\/prochaska.eu\\\/ro\\\/\",\"name\":\"Prochaska\",\"description\":\"Spezialist f\u00fcr Pflege von Gr\u00fcnfl\u00e4chen\",\"publisher\":{\"@id\":\"https:\\\/\\\/prochaska.eu\\\/ro\\\/#organization\"},\"potentialAction\":[{\"@type\":\"SearchAction\",\"target\":{\"@type\":\"EntryPoint\",\"urlTemplate\":\"https:\\\/\\\/prochaska.eu\\\/ro\\\/?s={search_term_string}\"},\"query-input\":{\"@type\":\"PropertyValueSpecification\",\"valueRequired\":true,\"valueName\":\"search_term_string\"}}],\"inLanguage\":\"ro-RO\"},{\"@type\":\"Organization\",\"@id\":\"https:\\\/\\\/prochaska.eu\\\/ro\\\/#organization\",\"name\":\"Prochaska\",\"url\":\"https:\\\/\\\/prochaska.eu\\\/ro\\\/\",\"logo\":{\"@type\":\"ImageObject\",\"inLanguage\":\"ro-RO\",\"@id\":\"https:\\\/\\\/prochaska.eu\\\/ro\\\/#\\\/schema\\\/logo\\\/image\\\/\",\"url\":\"https:\\\/\\\/prochaska.eu\\\/wp-content\\\/uploads\\\/2024\\\/04\\\/Prochaska_Logo_Black-1.png\",\"contentUrl\":\"https:\\\/\\\/prochaska.eu\\\/wp-content\\\/uploads\\\/2024\\\/04\\\/Prochaska_Logo_Black-1.png\",\"width\":796,\"height\":236,\"caption\":\"Prochaska\"},\"image\":{\"@id\":\"https:\\\/\\\/prochaska.eu\\\/ro\\\/#\\\/schema\\\/logo\\\/image\\\/\"},\"sameAs\":[\"https:\\\/\\\/www.facebook.com\\\/prochaska.eu\\\/\",\"https:\\\/\\\/www.instagram.com\\\/prochaska.eu\\\/\",\"https:\\\/\\\/www.linkedin.com\\\/company\\\/prochaska-handels-gmbh\"]}]}<\/script>\n<!-- \/ Yoast SEO plugin. -->","yoast_head_json":{"title":"Toro - ZeroTurn - eTimeCutter eMR4275 - 75642 - Prochaska","robots":{"index":"index","follow":"follow","max-snippet":"max-snippet:-1","max-image-preview":"max-image-preview:large","max-video-preview":"max-video-preview:-1"},"canonical":"https:\/\/prochaska.eu\/ro\/produs\/toro-zeroturn-etimecutter-emr4275-75642\/","og_locale":"ro_RO","og_type":"article","og_title":"Toro - ZeroTurn - eTimeCutter eMR4275 - 75642 - Prochaska","og_description":"Motocoasa cu tura\u021bie zero TimeCutter eMR4275 (75642) este prima TimeCutter complet electric\u0103 de la Toro \u0219i are o l\u0103\u021bime de t\u0103iere de 107 cm \u0219i un motor de 60 V.","og_url":"https:\/\/prochaska.eu\/ro\/produs\/toro-zeroturn-etimecutter-emr4275-75642\/","og_site_name":"Prochaska","article_publisher":"https:\/\/www.facebook.com\/prochaska.eu\/","og_image":[{"width":868,"height":694,"url":"https:\/\/prochaska.eu\/wp-content\/uploads\/2024\/06\/etc.png","type":"image\/png"}],"twitter_card":"summary_large_image","twitter_misc":{"Timp estimat pentru citire":"1 minut"},"schema":{"@context":"https:\/\/schema.org","@graph":[{"@type":"WebPage","@id":"https:\/\/prochaska.eu\/ro\/produs\/toro-zeroturn-etimecutter-emr4275-75642\/","url":"https:\/\/prochaska.eu\/ro\/produs\/toro-zeroturn-etimecutter-emr4275-75642\/","name":"Toro - ZeroTurn - eTimeCutter eMR4275 - 75642 - Prochaska","isPartOf":{"@id":"https:\/\/prochaska.eu\/ro\/#website"},"primaryImageOfPage":{"@id":"https:\/\/prochaska.eu\/ro\/produs\/toro-zeroturn-etimecutter-emr4275-75642\/#primaryimage"},"image":{"@id":"https:\/\/prochaska.eu\/ro\/produs\/toro-zeroturn-etimecutter-emr4275-75642\/#primaryimage"},"thumbnailUrl":"https:\/\/prochaska.eu\/wp-content\/uploads\/2024\/06\/etc.png","datePublished":"2023-12-18T15:35:11+00:00","breadcrumb":{"@id":"https:\/\/prochaska.eu\/ro\/produs\/toro-zeroturn-etimecutter-emr4275-75642\/#breadcrumb"},"inLanguage":"ro-RO","potentialAction":[{"@type":"ReadAction","target":["https:\/\/prochaska.eu\/ro\/produs\/toro-zeroturn-etimecutter-emr4275-75642\/"]}]},{"@type":"ImageObject","inLanguage":"ro-RO","@id":"https:\/\/prochaska.eu\/ro\/produs\/toro-zeroturn-etimecutter-emr4275-75642\/#primaryimage","url":"https:\/\/prochaska.eu\/wp-content\/uploads\/2024\/06\/etc.png","contentUrl":"https:\/\/prochaska.eu\/wp-content\/uploads\/2024\/06\/etc.png","width":868,"height":694},{"@type":"BreadcrumbList","@id":"https:\/\/prochaska.eu\/ro\/produs\/toro-zeroturn-etimecutter-emr4275-75642\/#breadcrumb","itemListElement":[{"@type":"ListItem","position":1,"name":"Home","item":"https:\/\/prochaska.eu\/ro\/"},{"@type":"ListItem","position":2,"name":"Shop","item":"https:\/\/prochaska.eu\/ro\/shop\/"},{"@type":"ListItem","position":3,"name":"Toro &#8211; ZeroTurn &#8211; eTimeCutter eMR4275 &#8211; 75642"}]},{"@type":"WebSite","@id":"https:\/\/prochaska.eu\/ro\/#website","url":"https:\/\/prochaska.eu\/ro\/","name":"Prochaska","description":"Spezialist f\u00fcr Pflege von Gr\u00fcnfl\u00e4chen","publisher":{"@id":"https:\/\/prochaska.eu\/ro\/#organization"},"potentialAction":[{"@type":"SearchAction","target":{"@type":"EntryPoint","urlTemplate":"https:\/\/prochaska.eu\/ro\/?s={search_term_string}"},"query-input":{"@type":"PropertyValueSpecification","valueRequired":true,"valueName":"search_term_string"}}],"inLanguage":"ro-RO"},{"@type":"Organization","@id":"https:\/\/prochaska.eu\/ro\/#organization","name":"Prochaska","url":"https:\/\/prochaska.eu\/ro\/","logo":{"@type":"ImageObject","inLanguage":"ro-RO","@id":"https:\/\/prochaska.eu\/ro\/#\/schema\/logo\/image\/","url":"https:\/\/prochaska.eu\/wp-content\/uploads\/2024\/04\/Prochaska_Logo_Black-1.png","contentUrl":"https:\/\/prochaska.eu\/wp-content\/uploads\/2024\/04\/Prochaska_Logo_Black-1.png","width":796,"height":236,"caption":"Prochaska"},"image":{"@id":"https:\/\/prochaska.eu\/ro\/#\/schema\/logo\/image\/"},"sameAs":["https:\/\/www.facebook.com\/prochaska.eu\/","https:\/\/www.instagram.com\/prochaska.eu\/","https:\/\/www.linkedin.com\/company\/prochaska-handels-gmbh"]}]}},"brands":[{"id":3073,"name":"Toro","slug":"toro-ro"}],"_links":{"self":[{"href":"https:\/\/prochaska.eu\/ro\/wp-json\/wp\/v2\/product\/24882","targetHints":{"allow":["GET"]}}],"collection":[{"href":"https:\/\/prochaska.eu\/ro\/wp-json\/wp\/v2\/product"}],"about":[{"href":"https:\/\/prochaska.eu\/ro\/wp-json\/wp\/v2\/types\/product"}],"version-history":[{"count":0,"href":"https:\/\/prochaska.eu\/ro\/wp-json\/wp\/v2\/product\/24882\/revisions"}],"wp:featuredmedia":[{"embeddable":true,"href":"https:\/\/prochaska.eu\/ro\/wp-json\/wp\/v2\/media\/23136"}],"wp:attachment":[{"href":"https:\/\/prochaska.eu\/ro\/wp-json\/wp\/v2\/media?parent=24882"}],"wp:term":[{"taxonomy":"pwb-brand","embeddable":true,"href":"https:\/\/prochaska.eu\/ro\/wp-json\/wp\/v2\/pwb-brand?post=24882"},{"taxonomy":"product_brand","embeddable":true,"href":"https:\/\/prochaska.eu\/ro\/wp-json\/wp\/v2\/product_brand?post=24882"},{"taxonomy":"product_cat","embeddable":true,"href":"https:\/\/prochaska.eu\/ro\/wp-json\/wp\/v2\/product_cat?post=24882"},{"taxonomy":"product_tag","embeddable":true,"href":"https:\/\/prochaska.eu\/ro\/wp-json\/wp\/v2\/product_tag?post=24882"}],"curies":[{"name":"wp","href":"https:\/\/api.w.org\/{rel}","templated":true}]}}