{"id":24888,"date":"2022-01-18T11:01:24","date_gmt":"2022-01-18T11:01:24","guid":{"rendered":"https:\/\/prochaska.eu\/product\/ventrac-cositoare-de-iarba-inalta-hq682\/"},"modified":"2022-01-18T11:01:24","modified_gmt":"2022-01-18T11:01:24","slug":"ventrac-cositoare-de-iarba-inalta-hq682","status":"publish","type":"product","link":"https:\/\/prochaska.eu\/ro\/produs\/ventrac-cositoare-de-iarba-inalta-hq682\/","title":{"rendered":"Ventrac &#8211; Cositoare de iarb\u0103 \u00eenalt\u0103 &#8211; HQ682"},"content":{"rendered":"<p>Cu cositoarea de iarb\u0103 \u00eenalt\u0103 HQ682 de la Ventrac, ierburile, tufi\u0219urile \u0219i arbu\u0219tii pot fi cosi\u021bi \u00eenainte de a fi presa\u021bi de anvelope \u0219i, prin urmare, nu mai pot fi lucra\u021bi. Chiar \u0219i tufele \u00eenalte, buruienile puternice \u0219i r\u0103sadurile mici pot fi t\u0103iate cu u\u0219urin\u021b\u0103. Chiar \u0219i pe terenuri dificile, cositoarea func\u021bioneaz\u0103 fiabil \u00een combina\u021bie cu tractoarele puternice din <a href=\"https:\/\/www.prochaska.eu\/produkt\/ventrac-traktor-4500y\/\">seria 4500<\/a>.<\/p>\n<p>Not\u0103: Este necesar un tractor Ventrac <a href=\"https:\/\/www.prochaska.eu\/produkt\/ventrac-traktor-4500y\/\">seria 4500<\/a> pentru a utiliza cositoarea.<\/p>\n","protected":false},"excerpt":{"rendered":"<p>Cositoarea de iarb\u0103 \u00eenalt\u0103 HQ682 de la Ventrac face parte din sistemul de montare Ventrac \u0219i poate fi instalat\u0103 rapid \u0219i u\u0219or pe orice tractor din seria 4500. Este ideal pentru t\u0103ierea ierburilor \u00eenalte, tufi\u0219urilor \u0219i arbu\u0219tilor.<\/p>\n","protected":false},"featured_media":23022,"template":"","meta":[],"pwb-brand":[3078],"product_brand":[],"product_cat":[1522,1521],"product_tag":[1434],"class_list":{"0":"post-24888","1":"product","2":"type-product","3":"status-publish","4":"has-post-thumbnail","6":"pwb-brand-ventrac-ro","7":"product_cat-cositoare","8":"product_cat-municipal-terenuri-de-sport-si-agricultura","9":"product_tag-ventrac-ro","11":"first","12":"instock","13":"taxable","14":"shipping-taxable","15":"product-type-simple"},"yoast_head":"<!-- This site is optimized with the Yoast SEO plugin v27.4 - https:\/\/yoast.com\/product\/yoast-seo-wordpress\/ -->\n<title>Ventrac - Cositoare de iarb\u0103 \u00eenalt\u0103 - HQ682 - Prochaska<\/title>\n<meta name=\"robots\" content=\"index, follow, max-snippet:-1, max-image-preview:large, max-video-preview:-1\" \/>\n<link rel=\"canonical\" href=\"https:\/\/prochaska.eu\/ro\/produs\/ventrac-cositoare-de-iarba-inalta-hq682\/\" \/>\n<meta property=\"og:locale\" content=\"ro_RO\" \/>\n<meta property=\"og:type\" content=\"article\" \/>\n<meta property=\"og:title\" content=\"Ventrac - Cositoare de iarb\u0103 \u00eenalt\u0103 - HQ682 - Prochaska\" \/>\n<meta property=\"og:description\" content=\"Cositoarea de iarb\u0103 \u00eenalt\u0103 HQ682 de la Ventrac face parte din sistemul de montare Ventrac \u0219i poate fi instalat\u0103 rapid \u0219i u\u0219or pe orice tractor din seria 4500. Este ideal pentru t\u0103ierea ierburilor \u00eenalte, tufi\u0219urilor \u0219i arbu\u0219tilor.\" \/>\n<meta property=\"og:url\" content=\"https:\/\/prochaska.eu\/ro\/produs\/ventrac-cositoare-de-iarba-inalta-hq682\/\" \/>\n<meta property=\"og:site_name\" content=\"Prochaska\" \/>\n<meta property=\"article:publisher\" content=\"https:\/\/www.facebook.com\/prochaska.eu\/\" \/>\n<meta property=\"og:image\" content=\"https:\/\/prochaska.eu\/wp-content\/uploads\/2024\/06\/traktor-zubehoer-ventrac-hq682-prochaska-b1.jpg\" \/>\n\t<meta property=\"og:image:width\" content=\"1440\" \/>\n\t<meta property=\"og:image:height\" content=\"1440\" \/>\n\t<meta property=\"og:image:type\" content=\"image\/jpeg\" \/>\n<meta name=\"twitter:card\" content=\"summary_large_image\" \/>\n<script type=\"application\/ld+json\" class=\"yoast-schema-graph\">{\"@context\":\"https:\\\/\\\/schema.org\",\"@graph\":[{\"@type\":\"WebPage\",\"@id\":\"https:\\\/\\\/prochaska.eu\\\/ro\\\/produs\\\/ventrac-cositoare-de-iarba-inalta-hq682\\\/\",\"url\":\"https:\\\/\\\/prochaska.eu\\\/ro\\\/produs\\\/ventrac-cositoare-de-iarba-inalta-hq682\\\/\",\"name\":\"Ventrac - Cositoare de iarb\u0103 \u00eenalt\u0103 - HQ682 - Prochaska\",\"isPartOf\":{\"@id\":\"https:\\\/\\\/prochaska.eu\\\/ro\\\/#website\"},\"primaryImageOfPage\":{\"@id\":\"https:\\\/\\\/prochaska.eu\\\/ro\\\/produs\\\/ventrac-cositoare-de-iarba-inalta-hq682\\\/#primaryimage\"},\"image\":{\"@id\":\"https:\\\/\\\/prochaska.eu\\\/ro\\\/produs\\\/ventrac-cositoare-de-iarba-inalta-hq682\\\/#primaryimage\"},\"thumbnailUrl\":\"https:\\\/\\\/prochaska.eu\\\/wp-content\\\/uploads\\\/2024\\\/06\\\/traktor-zubehoer-ventrac-hq682-prochaska-b1.jpg\",\"datePublished\":\"2022-01-18T11:01:24+00:00\",\"breadcrumb\":{\"@id\":\"https:\\\/\\\/prochaska.eu\\\/ro\\\/produs\\\/ventrac-cositoare-de-iarba-inalta-hq682\\\/#breadcrumb\"},\"inLanguage\":\"ro-RO\",\"potentialAction\":[{\"@type\":\"ReadAction\",\"target\":[\"https:\\\/\\\/prochaska.eu\\\/ro\\\/produs\\\/ventrac-cositoare-de-iarba-inalta-hq682\\\/\"]}]},{\"@type\":\"ImageObject\",\"inLanguage\":\"ro-RO\",\"@id\":\"https:\\\/\\\/prochaska.eu\\\/ro\\\/produs\\\/ventrac-cositoare-de-iarba-inalta-hq682\\\/#primaryimage\",\"url\":\"https:\\\/\\\/prochaska.eu\\\/wp-content\\\/uploads\\\/2024\\\/06\\\/traktor-zubehoer-ventrac-hq682-prochaska-b1.jpg\",\"contentUrl\":\"https:\\\/\\\/prochaska.eu\\\/wp-content\\\/uploads\\\/2024\\\/06\\\/traktor-zubehoer-ventrac-hq682-prochaska-b1.jpg\",\"width\":1440,\"height\":1440,\"caption\":\"maeher\"},{\"@type\":\"BreadcrumbList\",\"@id\":\"https:\\\/\\\/prochaska.eu\\\/ro\\\/produs\\\/ventrac-cositoare-de-iarba-inalta-hq682\\\/#breadcrumb\",\"itemListElement\":[{\"@type\":\"ListItem\",\"position\":1,\"name\":\"Home\",\"item\":\"https:\\\/\\\/prochaska.eu\\\/ro\\\/\"},{\"@type\":\"ListItem\",\"position\":2,\"name\":\"Shop\",\"item\":\"https:\\\/\\\/prochaska.eu\\\/ro\\\/shop\\\/\"},{\"@type\":\"ListItem\",\"position\":3,\"name\":\"Ventrac &#8211; Cositoare de iarb\u0103 \u00eenalt\u0103 &#8211; HQ682\"}]},{\"@type\":\"WebSite\",\"@id\":\"https:\\\/\\\/prochaska.eu\\\/ro\\\/#website\",\"url\":\"https:\\\/\\\/prochaska.eu\\\/ro\\\/\",\"name\":\"Prochaska\",\"description\":\"Spezialist f\u00fcr Pflege von Gr\u00fcnfl\u00e4chen\",\"publisher\":{\"@id\":\"https:\\\/\\\/prochaska.eu\\\/ro\\\/#organization\"},\"potentialAction\":[{\"@type\":\"SearchAction\",\"target\":{\"@type\":\"EntryPoint\",\"urlTemplate\":\"https:\\\/\\\/prochaska.eu\\\/ro\\\/?s={search_term_string}\"},\"query-input\":{\"@type\":\"PropertyValueSpecification\",\"valueRequired\":true,\"valueName\":\"search_term_string\"}}],\"inLanguage\":\"ro-RO\"},{\"@type\":\"Organization\",\"@id\":\"https:\\\/\\\/prochaska.eu\\\/ro\\\/#organization\",\"name\":\"Prochaska\",\"url\":\"https:\\\/\\\/prochaska.eu\\\/ro\\\/\",\"logo\":{\"@type\":\"ImageObject\",\"inLanguage\":\"ro-RO\",\"@id\":\"https:\\\/\\\/prochaska.eu\\\/ro\\\/#\\\/schema\\\/logo\\\/image\\\/\",\"url\":\"https:\\\/\\\/prochaska.eu\\\/wp-content\\\/uploads\\\/2024\\\/04\\\/Prochaska_Logo_Black-1.png\",\"contentUrl\":\"https:\\\/\\\/prochaska.eu\\\/wp-content\\\/uploads\\\/2024\\\/04\\\/Prochaska_Logo_Black-1.png\",\"width\":796,\"height\":236,\"caption\":\"Prochaska\"},\"image\":{\"@id\":\"https:\\\/\\\/prochaska.eu\\\/ro\\\/#\\\/schema\\\/logo\\\/image\\\/\"},\"sameAs\":[\"https:\\\/\\\/www.facebook.com\\\/prochaska.eu\\\/\",\"https:\\\/\\\/www.instagram.com\\\/prochaska.eu\\\/\",\"https:\\\/\\\/www.linkedin.com\\\/company\\\/prochaska-handels-gmbh\"]}]}<\/script>\n<!-- \/ Yoast SEO plugin. -->","yoast_head_json":{"title":"Ventrac - Cositoare de iarb\u0103 \u00eenalt\u0103 - HQ682 - Prochaska","robots":{"index":"index","follow":"follow","max-snippet":"max-snippet:-1","max-image-preview":"max-image-preview:large","max-video-preview":"max-video-preview:-1"},"canonical":"https:\/\/prochaska.eu\/ro\/produs\/ventrac-cositoare-de-iarba-inalta-hq682\/","og_locale":"ro_RO","og_type":"article","og_title":"Ventrac - Cositoare de iarb\u0103 \u00eenalt\u0103 - HQ682 - Prochaska","og_description":"Cositoarea de iarb\u0103 \u00eenalt\u0103 HQ682 de la Ventrac face parte din sistemul de montare Ventrac \u0219i poate fi instalat\u0103 rapid \u0219i u\u0219or pe orice tractor din seria 4500. Este ideal pentru t\u0103ierea ierburilor \u00eenalte, tufi\u0219urilor \u0219i arbu\u0219tilor.","og_url":"https:\/\/prochaska.eu\/ro\/produs\/ventrac-cositoare-de-iarba-inalta-hq682\/","og_site_name":"Prochaska","article_publisher":"https:\/\/www.facebook.com\/prochaska.eu\/","og_image":[{"width":1440,"height":1440,"url":"https:\/\/prochaska.eu\/wp-content\/uploads\/2024\/06\/traktor-zubehoer-ventrac-hq682-prochaska-b1.jpg","type":"image\/jpeg"}],"twitter_card":"summary_large_image","schema":{"@context":"https:\/\/schema.org","@graph":[{"@type":"WebPage","@id":"https:\/\/prochaska.eu\/ro\/produs\/ventrac-cositoare-de-iarba-inalta-hq682\/","url":"https:\/\/prochaska.eu\/ro\/produs\/ventrac-cositoare-de-iarba-inalta-hq682\/","name":"Ventrac - Cositoare de iarb\u0103 \u00eenalt\u0103 - HQ682 - Prochaska","isPartOf":{"@id":"https:\/\/prochaska.eu\/ro\/#website"},"primaryImageOfPage":{"@id":"https:\/\/prochaska.eu\/ro\/produs\/ventrac-cositoare-de-iarba-inalta-hq682\/#primaryimage"},"image":{"@id":"https:\/\/prochaska.eu\/ro\/produs\/ventrac-cositoare-de-iarba-inalta-hq682\/#primaryimage"},"thumbnailUrl":"https:\/\/prochaska.eu\/wp-content\/uploads\/2024\/06\/traktor-zubehoer-ventrac-hq682-prochaska-b1.jpg","datePublished":"2022-01-18T11:01:24+00:00","breadcrumb":{"@id":"https:\/\/prochaska.eu\/ro\/produs\/ventrac-cositoare-de-iarba-inalta-hq682\/#breadcrumb"},"inLanguage":"ro-RO","potentialAction":[{"@type":"ReadAction","target":["https:\/\/prochaska.eu\/ro\/produs\/ventrac-cositoare-de-iarba-inalta-hq682\/"]}]},{"@type":"ImageObject","inLanguage":"ro-RO","@id":"https:\/\/prochaska.eu\/ro\/produs\/ventrac-cositoare-de-iarba-inalta-hq682\/#primaryimage","url":"https:\/\/prochaska.eu\/wp-content\/uploads\/2024\/06\/traktor-zubehoer-ventrac-hq682-prochaska-b1.jpg","contentUrl":"https:\/\/prochaska.eu\/wp-content\/uploads\/2024\/06\/traktor-zubehoer-ventrac-hq682-prochaska-b1.jpg","width":1440,"height":1440,"caption":"maeher"},{"@type":"BreadcrumbList","@id":"https:\/\/prochaska.eu\/ro\/produs\/ventrac-cositoare-de-iarba-inalta-hq682\/#breadcrumb","itemListElement":[{"@type":"ListItem","position":1,"name":"Home","item":"https:\/\/prochaska.eu\/ro\/"},{"@type":"ListItem","position":2,"name":"Shop","item":"https:\/\/prochaska.eu\/ro\/shop\/"},{"@type":"ListItem","position":3,"name":"Ventrac &#8211; Cositoare de iarb\u0103 \u00eenalt\u0103 &#8211; HQ682"}]},{"@type":"WebSite","@id":"https:\/\/prochaska.eu\/ro\/#website","url":"https:\/\/prochaska.eu\/ro\/","name":"Prochaska","description":"Spezialist f\u00fcr Pflege von Gr\u00fcnfl\u00e4chen","publisher":{"@id":"https:\/\/prochaska.eu\/ro\/#organization"},"potentialAction":[{"@type":"SearchAction","target":{"@type":"EntryPoint","urlTemplate":"https:\/\/prochaska.eu\/ro\/?s={search_term_string}"},"query-input":{"@type":"PropertyValueSpecification","valueRequired":true,"valueName":"search_term_string"}}],"inLanguage":"ro-RO"},{"@type":"Organization","@id":"https:\/\/prochaska.eu\/ro\/#organization","name":"Prochaska","url":"https:\/\/prochaska.eu\/ro\/","logo":{"@type":"ImageObject","inLanguage":"ro-RO","@id":"https:\/\/prochaska.eu\/ro\/#\/schema\/logo\/image\/","url":"https:\/\/prochaska.eu\/wp-content\/uploads\/2024\/04\/Prochaska_Logo_Black-1.png","contentUrl":"https:\/\/prochaska.eu\/wp-content\/uploads\/2024\/04\/Prochaska_Logo_Black-1.png","width":796,"height":236,"caption":"Prochaska"},"image":{"@id":"https:\/\/prochaska.eu\/ro\/#\/schema\/logo\/image\/"},"sameAs":["https:\/\/www.facebook.com\/prochaska.eu\/","https:\/\/www.instagram.com\/prochaska.eu\/","https:\/\/www.linkedin.com\/company\/prochaska-handels-gmbh"]}]}},"brands":[{"id":3078,"name":"Ventrac","slug":"ventrac-ro"}],"_links":{"self":[{"href":"https:\/\/prochaska.eu\/ro\/wp-json\/wp\/v2\/product\/24888","targetHints":{"allow":["GET"]}}],"collection":[{"href":"https:\/\/prochaska.eu\/ro\/wp-json\/wp\/v2\/product"}],"about":[{"href":"https:\/\/prochaska.eu\/ro\/wp-json\/wp\/v2\/types\/product"}],"version-history":[{"count":0,"href":"https:\/\/prochaska.eu\/ro\/wp-json\/wp\/v2\/product\/24888\/revisions"}],"wp:featuredmedia":[{"embeddable":true,"href":"https:\/\/prochaska.eu\/ro\/wp-json\/wp\/v2\/media\/23022"}],"wp:attachment":[{"href":"https:\/\/prochaska.eu\/ro\/wp-json\/wp\/v2\/media?parent=24888"}],"wp:term":[{"taxonomy":"pwb-brand","embeddable":true,"href":"https:\/\/prochaska.eu\/ro\/wp-json\/wp\/v2\/pwb-brand?post=24888"},{"taxonomy":"product_brand","embeddable":true,"href":"https:\/\/prochaska.eu\/ro\/wp-json\/wp\/v2\/product_brand?post=24888"},{"taxonomy":"product_cat","embeddable":true,"href":"https:\/\/prochaska.eu\/ro\/wp-json\/wp\/v2\/product_cat?post=24888"},{"taxonomy":"product_tag","embeddable":true,"href":"https:\/\/prochaska.eu\/ro\/wp-json\/wp\/v2\/product_tag?post=24888"}],"curies":[{"name":"wp","href":"https:\/\/api.w.org\/{rel}","templated":true}]}}