{"id":24898,"date":"2022-05-03T11:59:13","date_gmt":"2022-05-03T11:59:13","guid":{"rendered":"https:\/\/prochaska.eu\/product\/toro-royal-e-tractor-es3200dc\/"},"modified":"2022-05-03T11:59:13","modified_gmt":"2022-05-03T11:59:13","slug":"toro-royal-e-tractor-es3200dc","status":"publish","type":"product","link":"https:\/\/prochaska.eu\/ro\/produs\/toro-royal-e-tractor-es3200dc\/","title":{"rendered":"Toro &#8211; Royal-E-Tractor &#8211; ES3200DC"},"content":{"rendered":"<p>Noul Toro Royal E-Tractor ES3200DC este o motocositoare electric\u0103 care poate tunde suprafe\u021be de p\u00e2n\u0103 la 2.500 m\u00b2 cu echipamente de ultim\u0103 genera\u021bie. Ma\u0219ina de tuns iarba este livrat\u0103 cu o baterie litiu-ion de 72V 22,5 Ah \u0219i un \u00eenc\u0103rc\u0103tor. Datorit\u0103 tehnologiei bateriei, lucrul cu ma\u0219ina de tuns iarba cu plimbare este foarte eficient, silen\u021bios \u0219i ecologic. ES3200DC este, de asemenea, echipat cu un sistem de prindere din spate, iar \u00een\u0103l\u021bimea de t\u0103iere poate fi reglat\u0103 individual. Scaunul confortabil poate fi reglat individual, astfel \u00eenc\u00e2t volanul \u0219i pedalele s\u0103 fie u\u0219or accesibile. Controlul integrat al vitezei de croazier\u0103 \u00eembun\u0103t\u0103\u021be\u0219te \u0219i mai mult experien\u021ba confortabil\u0103 de cosire. Alte caracteristici ale cositoarei includ faruri frontale cu LED, un suport pentru pahare \u0219i un port USB.<\/p>\n<h2>Avantajele produsului<\/h2>\n<ul>\n<li>Baterie de 72 V incl. 22,5 Ah<\/li>\n<li>Puternic \u0219i confortabil \u00een acela\u0219i timp<\/li>\n<li>Cosirea suprafe\u021belor mari<\/li>\n<li>Trece\u021bi de la func\u021bia de mulcire la cea de cosire prin simpla ap\u0103sare a unui buton<\/li>\n<li>Ac\u021bionare \u00eenainte \u0219i \u00eenapoi<\/li>\n<li>Vitez\u0103 de p\u00e2n\u0103 la 10 km\/h \u00een treapta de mers \u00eenainte<\/li>\n<\/ul>\n","protected":false},"excerpt":{"rendered":"<p>Tractorul electric Royal ES3200DC este cea mai recent\u0103 motocositoare de la <a href=\"https:\/\/www.prochaska.eu\/toro\/\">Toro<\/a>. Echipamentul cositoarei o face puternic\u0103 \u0219i confortabil\u0103. Acest lucru garanteaz\u0103 o experien\u021b\u0103 de cosire relaxat\u0103.<\/p>\n","protected":false},"featured_media":23070,"template":"","meta":[],"pwb-brand":[3073],"product_brand":[],"product_cat":[3138,1105,1522,1523,1149,1071,1388,1521,3140],"product_tag":[1408],"class_list":{"0":"post-24898","1":"product","2":"type-product","3":"status-publish","4":"has-post-thumbnail","6":"pwb-brand-toro-ro","7":"product_cat-baterie-motocositoare","8":"product_cat-casa-si-gradina","9":"product_cat-cositoare","10":"product_cat-cositoare-ro","11":"product_cat-cositoare-de-gazon","12":"product_cat-discount","13":"product_cat-masini-de-golf","14":"product_cat-municipal-terenuri-de-sport-si-agricultura","15":"product_cat-reduceri-pentru-marca-toro","16":"product_tag-toro-ro","18":"first","19":"instock","20":"sale","21":"taxable","22":"shipping-taxable","23":"purchasable","24":"product-type-simple"},"yoast_head":"<!-- This site is optimized with the Yoast SEO plugin v27.4 - https:\/\/yoast.com\/product\/yoast-seo-wordpress\/ -->\n<title>Toro - Royal-E-Tractor - ES3200DC - Prochaska<\/title>\n<meta name=\"robots\" content=\"index, follow, max-snippet:-1, max-image-preview:large, max-video-preview:-1\" \/>\n<link rel=\"canonical\" href=\"https:\/\/prochaska.eu\/ro\/produs\/toro-royal-e-tractor-es3200dc\/\" \/>\n<meta property=\"og:locale\" content=\"ro_RO\" \/>\n<meta property=\"og:type\" content=\"article\" \/>\n<meta property=\"og:title\" content=\"Toro - Royal-E-Tractor - ES3200DC - Prochaska\" \/>\n<meta property=\"og:description\" content=\"Tractorul electric Royal ES3200DC este cea mai recent\u0103 motocositoare de la Toro. Echipamentul cositoarei o face puternic\u0103 \u0219i confortabil\u0103. Acest lucru garanteaz\u0103 o experien\u021b\u0103 de cosire relaxat\u0103.\" \/>\n<meta property=\"og:url\" content=\"https:\/\/prochaska.eu\/ro\/produs\/toro-royal-e-tractor-es3200dc\/\" \/>\n<meta property=\"og:site_name\" content=\"Prochaska\" \/>\n<meta property=\"article:publisher\" content=\"https:\/\/www.facebook.com\/prochaska.eu\/\" \/>\n<meta property=\"og:image\" content=\"https:\/\/prochaska.eu\/wp-content\/uploads\/2024\/06\/traktor-toro-75501-prochaska.jpg\" \/>\n\t<meta property=\"og:image:width\" content=\"1440\" \/>\n\t<meta property=\"og:image:height\" content=\"1440\" \/>\n\t<meta property=\"og:image:type\" content=\"image\/jpeg\" \/>\n<meta name=\"twitter:card\" content=\"summary_large_image\" \/>\n<meta name=\"twitter:label1\" content=\"Timp estimat pentru citire\" \/>\n\t<meta name=\"twitter:data1\" content=\"1 minut\" \/>\n<script type=\"application\/ld+json\" class=\"yoast-schema-graph\">{\"@context\":\"https:\\\/\\\/schema.org\",\"@graph\":[{\"@type\":\"WebPage\",\"@id\":\"https:\\\/\\\/prochaska.eu\\\/ro\\\/produs\\\/toro-royal-e-tractor-es3200dc\\\/\",\"url\":\"https:\\\/\\\/prochaska.eu\\\/ro\\\/produs\\\/toro-royal-e-tractor-es3200dc\\\/\",\"name\":\"Toro - Royal-E-Tractor - ES3200DC - Prochaska\",\"isPartOf\":{\"@id\":\"https:\\\/\\\/prochaska.eu\\\/ro\\\/#website\"},\"primaryImageOfPage\":{\"@id\":\"https:\\\/\\\/prochaska.eu\\\/ro\\\/produs\\\/toro-royal-e-tractor-es3200dc\\\/#primaryimage\"},\"image\":{\"@id\":\"https:\\\/\\\/prochaska.eu\\\/ro\\\/produs\\\/toro-royal-e-tractor-es3200dc\\\/#primaryimage\"},\"thumbnailUrl\":\"https:\\\/\\\/prochaska.eu\\\/wp-content\\\/uploads\\\/2024\\\/06\\\/traktor-toro-75501-prochaska.jpg\",\"datePublished\":\"2022-05-03T11:59:13+00:00\",\"breadcrumb\":{\"@id\":\"https:\\\/\\\/prochaska.eu\\\/ro\\\/produs\\\/toro-royal-e-tractor-es3200dc\\\/#breadcrumb\"},\"inLanguage\":\"ro-RO\",\"potentialAction\":[{\"@type\":\"ReadAction\",\"target\":[\"https:\\\/\\\/prochaska.eu\\\/ro\\\/produs\\\/toro-royal-e-tractor-es3200dc\\\/\"]}]},{\"@type\":\"ImageObject\",\"inLanguage\":\"ro-RO\",\"@id\":\"https:\\\/\\\/prochaska.eu\\\/ro\\\/produs\\\/toro-royal-e-tractor-es3200dc\\\/#primaryimage\",\"url\":\"https:\\\/\\\/prochaska.eu\\\/wp-content\\\/uploads\\\/2024\\\/06\\\/traktor-toro-75501-prochaska.jpg\",\"contentUrl\":\"https:\\\/\\\/prochaska.eu\\\/wp-content\\\/uploads\\\/2024\\\/06\\\/traktor-toro-75501-prochaska.jpg\",\"width\":1440,\"height\":1440},{\"@type\":\"BreadcrumbList\",\"@id\":\"https:\\\/\\\/prochaska.eu\\\/ro\\\/produs\\\/toro-royal-e-tractor-es3200dc\\\/#breadcrumb\",\"itemListElement\":[{\"@type\":\"ListItem\",\"position\":1,\"name\":\"Home\",\"item\":\"https:\\\/\\\/prochaska.eu\\\/ro\\\/\"},{\"@type\":\"ListItem\",\"position\":2,\"name\":\"Shop\",\"item\":\"https:\\\/\\\/prochaska.eu\\\/ro\\\/shop\\\/\"},{\"@type\":\"ListItem\",\"position\":3,\"name\":\"Toro &#8211; Royal-E-Tractor &#8211; ES3200DC\"}]},{\"@type\":\"WebSite\",\"@id\":\"https:\\\/\\\/prochaska.eu\\\/ro\\\/#website\",\"url\":\"https:\\\/\\\/prochaska.eu\\\/ro\\\/\",\"name\":\"Prochaska\",\"description\":\"Spezialist f\u00fcr Pflege von Gr\u00fcnfl\u00e4chen\",\"publisher\":{\"@id\":\"https:\\\/\\\/prochaska.eu\\\/ro\\\/#organization\"},\"potentialAction\":[{\"@type\":\"SearchAction\",\"target\":{\"@type\":\"EntryPoint\",\"urlTemplate\":\"https:\\\/\\\/prochaska.eu\\\/ro\\\/?s={search_term_string}\"},\"query-input\":{\"@type\":\"PropertyValueSpecification\",\"valueRequired\":true,\"valueName\":\"search_term_string\"}}],\"inLanguage\":\"ro-RO\"},{\"@type\":\"Organization\",\"@id\":\"https:\\\/\\\/prochaska.eu\\\/ro\\\/#organization\",\"name\":\"Prochaska\",\"url\":\"https:\\\/\\\/prochaska.eu\\\/ro\\\/\",\"logo\":{\"@type\":\"ImageObject\",\"inLanguage\":\"ro-RO\",\"@id\":\"https:\\\/\\\/prochaska.eu\\\/ro\\\/#\\\/schema\\\/logo\\\/image\\\/\",\"url\":\"https:\\\/\\\/prochaska.eu\\\/wp-content\\\/uploads\\\/2024\\\/04\\\/Prochaska_Logo_Black-1.png\",\"contentUrl\":\"https:\\\/\\\/prochaska.eu\\\/wp-content\\\/uploads\\\/2024\\\/04\\\/Prochaska_Logo_Black-1.png\",\"width\":796,\"height\":236,\"caption\":\"Prochaska\"},\"image\":{\"@id\":\"https:\\\/\\\/prochaska.eu\\\/ro\\\/#\\\/schema\\\/logo\\\/image\\\/\"},\"sameAs\":[\"https:\\\/\\\/www.facebook.com\\\/prochaska.eu\\\/\",\"https:\\\/\\\/www.instagram.com\\\/prochaska.eu\\\/\",\"https:\\\/\\\/www.linkedin.com\\\/company\\\/prochaska-handels-gmbh\"]}]}<\/script>\n<!-- \/ Yoast SEO plugin. -->","yoast_head_json":{"title":"Toro - Royal-E-Tractor - ES3200DC - Prochaska","robots":{"index":"index","follow":"follow","max-snippet":"max-snippet:-1","max-image-preview":"max-image-preview:large","max-video-preview":"max-video-preview:-1"},"canonical":"https:\/\/prochaska.eu\/ro\/produs\/toro-royal-e-tractor-es3200dc\/","og_locale":"ro_RO","og_type":"article","og_title":"Toro - Royal-E-Tractor - ES3200DC - Prochaska","og_description":"Tractorul electric Royal ES3200DC este cea mai recent\u0103 motocositoare de la Toro. Echipamentul cositoarei o face puternic\u0103 \u0219i confortabil\u0103. Acest lucru garanteaz\u0103 o experien\u021b\u0103 de cosire relaxat\u0103.","og_url":"https:\/\/prochaska.eu\/ro\/produs\/toro-royal-e-tractor-es3200dc\/","og_site_name":"Prochaska","article_publisher":"https:\/\/www.facebook.com\/prochaska.eu\/","og_image":[{"width":1440,"height":1440,"url":"https:\/\/prochaska.eu\/wp-content\/uploads\/2024\/06\/traktor-toro-75501-prochaska.jpg","type":"image\/jpeg"}],"twitter_card":"summary_large_image","twitter_misc":{"Timp estimat pentru citire":"1 minut"},"schema":{"@context":"https:\/\/schema.org","@graph":[{"@type":"WebPage","@id":"https:\/\/prochaska.eu\/ro\/produs\/toro-royal-e-tractor-es3200dc\/","url":"https:\/\/prochaska.eu\/ro\/produs\/toro-royal-e-tractor-es3200dc\/","name":"Toro - Royal-E-Tractor - ES3200DC - Prochaska","isPartOf":{"@id":"https:\/\/prochaska.eu\/ro\/#website"},"primaryImageOfPage":{"@id":"https:\/\/prochaska.eu\/ro\/produs\/toro-royal-e-tractor-es3200dc\/#primaryimage"},"image":{"@id":"https:\/\/prochaska.eu\/ro\/produs\/toro-royal-e-tractor-es3200dc\/#primaryimage"},"thumbnailUrl":"https:\/\/prochaska.eu\/wp-content\/uploads\/2024\/06\/traktor-toro-75501-prochaska.jpg","datePublished":"2022-05-03T11:59:13+00:00","breadcrumb":{"@id":"https:\/\/prochaska.eu\/ro\/produs\/toro-royal-e-tractor-es3200dc\/#breadcrumb"},"inLanguage":"ro-RO","potentialAction":[{"@type":"ReadAction","target":["https:\/\/prochaska.eu\/ro\/produs\/toro-royal-e-tractor-es3200dc\/"]}]},{"@type":"ImageObject","inLanguage":"ro-RO","@id":"https:\/\/prochaska.eu\/ro\/produs\/toro-royal-e-tractor-es3200dc\/#primaryimage","url":"https:\/\/prochaska.eu\/wp-content\/uploads\/2024\/06\/traktor-toro-75501-prochaska.jpg","contentUrl":"https:\/\/prochaska.eu\/wp-content\/uploads\/2024\/06\/traktor-toro-75501-prochaska.jpg","width":1440,"height":1440},{"@type":"BreadcrumbList","@id":"https:\/\/prochaska.eu\/ro\/produs\/toro-royal-e-tractor-es3200dc\/#breadcrumb","itemListElement":[{"@type":"ListItem","position":1,"name":"Home","item":"https:\/\/prochaska.eu\/ro\/"},{"@type":"ListItem","position":2,"name":"Shop","item":"https:\/\/prochaska.eu\/ro\/shop\/"},{"@type":"ListItem","position":3,"name":"Toro &#8211; Royal-E-Tractor &#8211; ES3200DC"}]},{"@type":"WebSite","@id":"https:\/\/prochaska.eu\/ro\/#website","url":"https:\/\/prochaska.eu\/ro\/","name":"Prochaska","description":"Spezialist f\u00fcr Pflege von Gr\u00fcnfl\u00e4chen","publisher":{"@id":"https:\/\/prochaska.eu\/ro\/#organization"},"potentialAction":[{"@type":"SearchAction","target":{"@type":"EntryPoint","urlTemplate":"https:\/\/prochaska.eu\/ro\/?s={search_term_string}"},"query-input":{"@type":"PropertyValueSpecification","valueRequired":true,"valueName":"search_term_string"}}],"inLanguage":"ro-RO"},{"@type":"Organization","@id":"https:\/\/prochaska.eu\/ro\/#organization","name":"Prochaska","url":"https:\/\/prochaska.eu\/ro\/","logo":{"@type":"ImageObject","inLanguage":"ro-RO","@id":"https:\/\/prochaska.eu\/ro\/#\/schema\/logo\/image\/","url":"https:\/\/prochaska.eu\/wp-content\/uploads\/2024\/04\/Prochaska_Logo_Black-1.png","contentUrl":"https:\/\/prochaska.eu\/wp-content\/uploads\/2024\/04\/Prochaska_Logo_Black-1.png","width":796,"height":236,"caption":"Prochaska"},"image":{"@id":"https:\/\/prochaska.eu\/ro\/#\/schema\/logo\/image\/"},"sameAs":["https:\/\/www.facebook.com\/prochaska.eu\/","https:\/\/www.instagram.com\/prochaska.eu\/","https:\/\/www.linkedin.com\/company\/prochaska-handels-gmbh"]}]}},"brands":[{"id":3073,"name":"Toro","slug":"toro-ro"}],"_links":{"self":[{"href":"https:\/\/prochaska.eu\/ro\/wp-json\/wp\/v2\/product\/24898","targetHints":{"allow":["GET"]}}],"collection":[{"href":"https:\/\/prochaska.eu\/ro\/wp-json\/wp\/v2\/product"}],"about":[{"href":"https:\/\/prochaska.eu\/ro\/wp-json\/wp\/v2\/types\/product"}],"version-history":[{"count":0,"href":"https:\/\/prochaska.eu\/ro\/wp-json\/wp\/v2\/product\/24898\/revisions"}],"wp:featuredmedia":[{"embeddable":true,"href":"https:\/\/prochaska.eu\/ro\/wp-json\/wp\/v2\/media\/23070"}],"wp:attachment":[{"href":"https:\/\/prochaska.eu\/ro\/wp-json\/wp\/v2\/media?parent=24898"}],"wp:term":[{"taxonomy":"pwb-brand","embeddable":true,"href":"https:\/\/prochaska.eu\/ro\/wp-json\/wp\/v2\/pwb-brand?post=24898"},{"taxonomy":"product_brand","embeddable":true,"href":"https:\/\/prochaska.eu\/ro\/wp-json\/wp\/v2\/product_brand?post=24898"},{"taxonomy":"product_cat","embeddable":true,"href":"https:\/\/prochaska.eu\/ro\/wp-json\/wp\/v2\/product_cat?post=24898"},{"taxonomy":"product_tag","embeddable":true,"href":"https:\/\/prochaska.eu\/ro\/wp-json\/wp\/v2\/product_tag?post=24898"}],"curies":[{"name":"wp","href":"https:\/\/api.w.org\/{rel}","templated":true}]}}