{"id":24901,"date":"2022-01-12T11:52:35","date_gmt":"2022-01-12T11:52:35","guid":{"rendered":"https:\/\/prochaska.eu\/product\/toro-foarfeca-de-crengi-fara-fir-60v-51847t\/"},"modified":"2022-01-12T11:52:35","modified_gmt":"2022-01-12T11:52:35","slug":"toro-foarfeca-de-crengi-fara-fir-60v-51847t","status":"publish","type":"product","link":"https:\/\/prochaska.eu\/ro\/produs\/toro-foarfeca-de-crengi-fara-fir-60v-51847t\/","title":{"rendered":"Toro &#8211; Foarfec\u0103 de crengi f\u0103r\u0103 fir &#8211; 60V &#8211; 51847T"},"content":{"rendered":"<p>Foarfecele de crengi f\u0103r\u0103 fir de 60 V 51847T face parte din Toro 60V Flex Force Power System\u2122 \u0219i este ideal pentru buc\u0103\u021bi mici de lemn sau crengi cu un diametru de p\u00e2n\u0103 la 10 cm. Aceste opera\u021biuni pot fi efectuate de p\u00e2n\u0103 la 300 de ori cu o singur\u0103 \u00eenc\u0103rcare. Datorit\u0103 utiliz\u0103rii unui motor de curent continuu f\u0103r\u0103 perii, aparatul este at\u00e2t puternic, c\u00e2t \u0219i durabil. Viteza poate fi reglat\u0103 \u00een mod variabil cu ajutorul unei p\u00e2rghii de control. Lungimea sabiei t\u0103ietorului de pr\u0103jini este de 25 cm.<\/p>\n<p>Pachetul de livrare nu include o baterie sau un \u00eenc\u0103rc\u0103tor. Acestea pot fi achizi\u021bionate separat.<\/p>\n<h2 style=\"text-align: left;\"><strong>Beneficiile produsului<br \/>\n<\/strong><\/h2>\n<ul>\n<li>U\u0219oar\u0103 \u0219i puternic\u0103 \u00een acela\u0219i timp<\/li>\n<li>Reglarea vitezei variabile prin intermediul manetei de comand\u0103<\/li>\n<li>Pornire prin intermediul butonului de pornire<\/li>\n<li>Alimentat cu baterii \u0219i f\u0103r\u0103 emisii<\/li>\n<li>Durat\u0103 lung\u0103 de via\u021b\u0103 datorit\u0103 motorului f\u0103r\u0103 perii<\/li>\n<\/ul>\n<h2>Accesorii op\u021bionale<\/h2>\n<p><a href=\"https:\/\/www.prochaska.eu\/produkt\/toro-akku-60v\/\">Baterie re\u00eenc\u0103rcabil\u0103 60V 2.5 Ah &#8211; 81825<\/a><\/p>\n<p><a href=\"https:\/\/www.prochaska.eu\/produkt\/toro-akku-60v\/\">Baterie re\u00eenc\u0103rcabil\u0103 60V 4.0 Ah &#8211; 81850<\/a><\/p>\n<p><a href=\"https:\/\/www.prochaska.eu\/produkt\/toro-akku-60v\/\">Baterie re\u00eenc\u0103rcabil\u0103 60V 6.0 Ah &#8211; 81860<\/a><\/p>\n<p><a href=\"https:\/\/www.prochaska.eu\/produkt\/toro-akku-60v\/\">Baterie 60V 7.5 Ah &#8211; 81875<\/a><\/p>\n<p><a href=\"https:\/\/www.prochaska.eu\/produkt\/toro-sonstige-akkugeraete-zubehoer-60v-akku-universalladegeraet\/\">\u00cenc\u0103rc\u0103tor universal 60V 2A &#8211; 81802<\/a><\/p>\n<p><a href=\"https:\/\/www.prochaska.eu\/produkt\/toro-sonstige-akkugeraete-zubehoer-60v-akku-schnellladegeraet\/\">\u00cenc\u0103rc\u0103tor rapid 60V &#8211; 81805<\/a><\/p>\n<p>&nbsp;<\/p>\n","protected":false},"excerpt":{"rendered":"<p>Foarfecele de crengi f\u0103r\u0103 fir 51847T de la Toro este ideal pentru a lucra la trunchiuri sau ramuri de copaci mai mici.<\/p>\n","protected":false},"featured_media":22977,"template":"","meta":[],"pwb-brand":[3073],"product_brand":[],"product_cat":[1105,1093,1167,1101],"product_tag":[],"class_list":{"0":"post-24901","1":"product","2":"type-product","3":"status-publish","4":"has-post-thumbnail","6":"pwb-brand-toro-ro","7":"product_cat-casa-si-gradina","8":"product_cat-dispozitive-alimentate-cu-baterii","9":"product_cat-scarificator-aerator-si-dispozitiv-de-indepartare-a-frunzelor","10":"product_cat-trimmer","12":"first","13":"instock","14":"taxable","15":"shipping-taxable","16":"purchasable","17":"product-type-simple"},"yoast_head":"<!-- This site is optimized with the Yoast SEO plugin v27.5 - https:\/\/yoast.com\/product\/yoast-seo-wordpress\/ -->\n<title>Toro - Foarfec\u0103 de crengi f\u0103r\u0103 fir - 60V - 51847T - Prochaska<\/title>\n<meta name=\"robots\" content=\"index, follow, max-snippet:-1, max-image-preview:large, max-video-preview:-1\" \/>\n<link rel=\"canonical\" href=\"https:\/\/prochaska.eu\/ro\/produs\/toro-foarfeca-de-crengi-fara-fir-60v-51847t\/\" \/>\n<meta property=\"og:locale\" content=\"ro_RO\" \/>\n<meta property=\"og:type\" content=\"article\" \/>\n<meta property=\"og:title\" content=\"Toro - Foarfec\u0103 de crengi f\u0103r\u0103 fir - 60V - 51847T - Prochaska\" \/>\n<meta property=\"og:description\" content=\"Foarfecele de crengi f\u0103r\u0103 fir 51847T de la Toro este ideal pentru a lucra la trunchiuri sau ramuri de copaci mai mici.\" \/>\n<meta property=\"og:url\" content=\"https:\/\/prochaska.eu\/ro\/produs\/toro-foarfeca-de-crengi-fara-fir-60v-51847t\/\" \/>\n<meta property=\"og:site_name\" content=\"Prochaska\" \/>\n<meta property=\"article:publisher\" content=\"https:\/\/www.facebook.com\/prochaska.eu\/\" \/>\n<meta property=\"og:image\" content=\"https:\/\/prochaska.eu\/wp-content\/uploads\/2024\/06\/akkugeraete-hochentaster-toro-51847t-prochaska-b1.jpg\" \/>\n\t<meta property=\"og:image:width\" content=\"1440\" \/>\n\t<meta property=\"og:image:height\" content=\"1440\" \/>\n\t<meta property=\"og:image:type\" content=\"image\/jpeg\" \/>\n<meta name=\"twitter:card\" content=\"summary_large_image\" \/>\n<meta name=\"twitter:label1\" content=\"Timp estimat pentru citire\" \/>\n\t<meta name=\"twitter:data1\" content=\"1 minut\" \/>\n<script type=\"application\/ld+json\" class=\"yoast-schema-graph\">{\"@context\":\"https:\\\/\\\/schema.org\",\"@graph\":[{\"@type\":\"WebPage\",\"@id\":\"https:\\\/\\\/prochaska.eu\\\/ro\\\/produs\\\/toro-foarfeca-de-crengi-fara-fir-60v-51847t\\\/\",\"url\":\"https:\\\/\\\/prochaska.eu\\\/ro\\\/produs\\\/toro-foarfeca-de-crengi-fara-fir-60v-51847t\\\/\",\"name\":\"Toro - Foarfec\u0103 de crengi f\u0103r\u0103 fir - 60V - 51847T - Prochaska\",\"isPartOf\":{\"@id\":\"https:\\\/\\\/prochaska.eu\\\/ro\\\/#website\"},\"primaryImageOfPage\":{\"@id\":\"https:\\\/\\\/prochaska.eu\\\/ro\\\/produs\\\/toro-foarfeca-de-crengi-fara-fir-60v-51847t\\\/#primaryimage\"},\"image\":{\"@id\":\"https:\\\/\\\/prochaska.eu\\\/ro\\\/produs\\\/toro-foarfeca-de-crengi-fara-fir-60v-51847t\\\/#primaryimage\"},\"thumbnailUrl\":\"https:\\\/\\\/prochaska.eu\\\/wp-content\\\/uploads\\\/2024\\\/06\\\/akkugeraete-hochentaster-toro-51847t-prochaska-b1.jpg\",\"datePublished\":\"2022-01-12T11:52:35+00:00\",\"breadcrumb\":{\"@id\":\"https:\\\/\\\/prochaska.eu\\\/ro\\\/produs\\\/toro-foarfeca-de-crengi-fara-fir-60v-51847t\\\/#breadcrumb\"},\"inLanguage\":\"ro-RO\",\"potentialAction\":[{\"@type\":\"ReadAction\",\"target\":[\"https:\\\/\\\/prochaska.eu\\\/ro\\\/produs\\\/toro-foarfeca-de-crengi-fara-fir-60v-51847t\\\/\"]}]},{\"@type\":\"ImageObject\",\"inLanguage\":\"ro-RO\",\"@id\":\"https:\\\/\\\/prochaska.eu\\\/ro\\\/produs\\\/toro-foarfeca-de-crengi-fara-fir-60v-51847t\\\/#primaryimage\",\"url\":\"https:\\\/\\\/prochaska.eu\\\/wp-content\\\/uploads\\\/2024\\\/06\\\/akkugeraete-hochentaster-toro-51847t-prochaska-b1.jpg\",\"contentUrl\":\"https:\\\/\\\/prochaska.eu\\\/wp-content\\\/uploads\\\/2024\\\/06\\\/akkugeraete-hochentaster-toro-51847t-prochaska-b1.jpg\",\"width\":1440,\"height\":1440,\"caption\":\"scaner vertical\"},{\"@type\":\"BreadcrumbList\",\"@id\":\"https:\\\/\\\/prochaska.eu\\\/ro\\\/produs\\\/toro-foarfeca-de-crengi-fara-fir-60v-51847t\\\/#breadcrumb\",\"itemListElement\":[{\"@type\":\"ListItem\",\"position\":1,\"name\":\"Home\",\"item\":\"https:\\\/\\\/prochaska.eu\\\/ro\\\/\"},{\"@type\":\"ListItem\",\"position\":2,\"name\":\"Shop\",\"item\":\"https:\\\/\\\/prochaska.eu\\\/ro\\\/shop\\\/\"},{\"@type\":\"ListItem\",\"position\":3,\"name\":\"Toro &#8211; Foarfec\u0103 de crengi f\u0103r\u0103 fir &#8211; 60V &#8211; 51847T\"}]},{\"@type\":\"WebSite\",\"@id\":\"https:\\\/\\\/prochaska.eu\\\/ro\\\/#website\",\"url\":\"https:\\\/\\\/prochaska.eu\\\/ro\\\/\",\"name\":\"Prochaska\",\"description\":\"Spezialist f\u00fcr Pflege von Gr\u00fcnfl\u00e4chen\",\"publisher\":{\"@id\":\"https:\\\/\\\/prochaska.eu\\\/ro\\\/#organization\"},\"potentialAction\":[{\"@type\":\"SearchAction\",\"target\":{\"@type\":\"EntryPoint\",\"urlTemplate\":\"https:\\\/\\\/prochaska.eu\\\/ro\\\/?s={search_term_string}\"},\"query-input\":{\"@type\":\"PropertyValueSpecification\",\"valueRequired\":true,\"valueName\":\"search_term_string\"}}],\"inLanguage\":\"ro-RO\"},{\"@type\":\"Organization\",\"@id\":\"https:\\\/\\\/prochaska.eu\\\/ro\\\/#organization\",\"name\":\"Prochaska\",\"url\":\"https:\\\/\\\/prochaska.eu\\\/ro\\\/\",\"logo\":{\"@type\":\"ImageObject\",\"inLanguage\":\"ro-RO\",\"@id\":\"https:\\\/\\\/prochaska.eu\\\/ro\\\/#\\\/schema\\\/logo\\\/image\\\/\",\"url\":\"https:\\\/\\\/prochaska.eu\\\/wp-content\\\/uploads\\\/2024\\\/04\\\/Prochaska_Logo_Black-1.png\",\"contentUrl\":\"https:\\\/\\\/prochaska.eu\\\/wp-content\\\/uploads\\\/2024\\\/04\\\/Prochaska_Logo_Black-1.png\",\"width\":796,\"height\":236,\"caption\":\"Prochaska\"},\"image\":{\"@id\":\"https:\\\/\\\/prochaska.eu\\\/ro\\\/#\\\/schema\\\/logo\\\/image\\\/\"},\"sameAs\":[\"https:\\\/\\\/www.facebook.com\\\/prochaska.eu\\\/\",\"https:\\\/\\\/www.instagram.com\\\/prochaska.eu\\\/\",\"https:\\\/\\\/www.linkedin.com\\\/company\\\/prochaska-handels-gmbh\"]}]}<\/script>\n<!-- \/ Yoast SEO plugin. -->","yoast_head_json":{"title":"Toro - Foarfec\u0103 de crengi f\u0103r\u0103 fir - 60V - 51847T - Prochaska","robots":{"index":"index","follow":"follow","max-snippet":"max-snippet:-1","max-image-preview":"max-image-preview:large","max-video-preview":"max-video-preview:-1"},"canonical":"https:\/\/prochaska.eu\/ro\/produs\/toro-foarfeca-de-crengi-fara-fir-60v-51847t\/","og_locale":"ro_RO","og_type":"article","og_title":"Toro - Foarfec\u0103 de crengi f\u0103r\u0103 fir - 60V - 51847T - Prochaska","og_description":"Foarfecele de crengi f\u0103r\u0103 fir 51847T de la Toro este ideal pentru a lucra la trunchiuri sau ramuri de copaci mai mici.","og_url":"https:\/\/prochaska.eu\/ro\/produs\/toro-foarfeca-de-crengi-fara-fir-60v-51847t\/","og_site_name":"Prochaska","article_publisher":"https:\/\/www.facebook.com\/prochaska.eu\/","og_image":[{"width":1440,"height":1440,"url":"https:\/\/prochaska.eu\/wp-content\/uploads\/2024\/06\/akkugeraete-hochentaster-toro-51847t-prochaska-b1.jpg","type":"image\/jpeg"}],"twitter_card":"summary_large_image","twitter_misc":{"Timp estimat pentru citire":"1 minut"},"schema":{"@context":"https:\/\/schema.org","@graph":[{"@type":"WebPage","@id":"https:\/\/prochaska.eu\/ro\/produs\/toro-foarfeca-de-crengi-fara-fir-60v-51847t\/","url":"https:\/\/prochaska.eu\/ro\/produs\/toro-foarfeca-de-crengi-fara-fir-60v-51847t\/","name":"Toro - Foarfec\u0103 de crengi f\u0103r\u0103 fir - 60V - 51847T - Prochaska","isPartOf":{"@id":"https:\/\/prochaska.eu\/ro\/#website"},"primaryImageOfPage":{"@id":"https:\/\/prochaska.eu\/ro\/produs\/toro-foarfeca-de-crengi-fara-fir-60v-51847t\/#primaryimage"},"image":{"@id":"https:\/\/prochaska.eu\/ro\/produs\/toro-foarfeca-de-crengi-fara-fir-60v-51847t\/#primaryimage"},"thumbnailUrl":"https:\/\/prochaska.eu\/wp-content\/uploads\/2024\/06\/akkugeraete-hochentaster-toro-51847t-prochaska-b1.jpg","datePublished":"2022-01-12T11:52:35+00:00","breadcrumb":{"@id":"https:\/\/prochaska.eu\/ro\/produs\/toro-foarfeca-de-crengi-fara-fir-60v-51847t\/#breadcrumb"},"inLanguage":"ro-RO","potentialAction":[{"@type":"ReadAction","target":["https:\/\/prochaska.eu\/ro\/produs\/toro-foarfeca-de-crengi-fara-fir-60v-51847t\/"]}]},{"@type":"ImageObject","inLanguage":"ro-RO","@id":"https:\/\/prochaska.eu\/ro\/produs\/toro-foarfeca-de-crengi-fara-fir-60v-51847t\/#primaryimage","url":"https:\/\/prochaska.eu\/wp-content\/uploads\/2024\/06\/akkugeraete-hochentaster-toro-51847t-prochaska-b1.jpg","contentUrl":"https:\/\/prochaska.eu\/wp-content\/uploads\/2024\/06\/akkugeraete-hochentaster-toro-51847t-prochaska-b1.jpg","width":1440,"height":1440,"caption":"scaner vertical"},{"@type":"BreadcrumbList","@id":"https:\/\/prochaska.eu\/ro\/produs\/toro-foarfeca-de-crengi-fara-fir-60v-51847t\/#breadcrumb","itemListElement":[{"@type":"ListItem","position":1,"name":"Home","item":"https:\/\/prochaska.eu\/ro\/"},{"@type":"ListItem","position":2,"name":"Shop","item":"https:\/\/prochaska.eu\/ro\/shop\/"},{"@type":"ListItem","position":3,"name":"Toro &#8211; Foarfec\u0103 de crengi f\u0103r\u0103 fir &#8211; 60V &#8211; 51847T"}]},{"@type":"WebSite","@id":"https:\/\/prochaska.eu\/ro\/#website","url":"https:\/\/prochaska.eu\/ro\/","name":"Prochaska","description":"Spezialist f\u00fcr Pflege von Gr\u00fcnfl\u00e4chen","publisher":{"@id":"https:\/\/prochaska.eu\/ro\/#organization"},"potentialAction":[{"@type":"SearchAction","target":{"@type":"EntryPoint","urlTemplate":"https:\/\/prochaska.eu\/ro\/?s={search_term_string}"},"query-input":{"@type":"PropertyValueSpecification","valueRequired":true,"valueName":"search_term_string"}}],"inLanguage":"ro-RO"},{"@type":"Organization","@id":"https:\/\/prochaska.eu\/ro\/#organization","name":"Prochaska","url":"https:\/\/prochaska.eu\/ro\/","logo":{"@type":"ImageObject","inLanguage":"ro-RO","@id":"https:\/\/prochaska.eu\/ro\/#\/schema\/logo\/image\/","url":"https:\/\/prochaska.eu\/wp-content\/uploads\/2024\/04\/Prochaska_Logo_Black-1.png","contentUrl":"https:\/\/prochaska.eu\/wp-content\/uploads\/2024\/04\/Prochaska_Logo_Black-1.png","width":796,"height":236,"caption":"Prochaska"},"image":{"@id":"https:\/\/prochaska.eu\/ro\/#\/schema\/logo\/image\/"},"sameAs":["https:\/\/www.facebook.com\/prochaska.eu\/","https:\/\/www.instagram.com\/prochaska.eu\/","https:\/\/www.linkedin.com\/company\/prochaska-handels-gmbh"]}]}},"brands":[{"id":3073,"name":"Toro","slug":"toro-ro"}],"_links":{"self":[{"href":"https:\/\/prochaska.eu\/ro\/wp-json\/wp\/v2\/product\/24901","targetHints":{"allow":["GET"]}}],"collection":[{"href":"https:\/\/prochaska.eu\/ro\/wp-json\/wp\/v2\/product"}],"about":[{"href":"https:\/\/prochaska.eu\/ro\/wp-json\/wp\/v2\/types\/product"}],"version-history":[{"count":0,"href":"https:\/\/prochaska.eu\/ro\/wp-json\/wp\/v2\/product\/24901\/revisions"}],"wp:featuredmedia":[{"embeddable":true,"href":"https:\/\/prochaska.eu\/ro\/wp-json\/wp\/v2\/media\/22977"}],"wp:attachment":[{"href":"https:\/\/prochaska.eu\/ro\/wp-json\/wp\/v2\/media?parent=24901"}],"wp:term":[{"taxonomy":"pwb-brand","embeddable":true,"href":"https:\/\/prochaska.eu\/ro\/wp-json\/wp\/v2\/pwb-brand?post=24901"},{"taxonomy":"product_brand","embeddable":true,"href":"https:\/\/prochaska.eu\/ro\/wp-json\/wp\/v2\/product_brand?post=24901"},{"taxonomy":"product_cat","embeddable":true,"href":"https:\/\/prochaska.eu\/ro\/wp-json\/wp\/v2\/product_cat?post=24901"},{"taxonomy":"product_tag","embeddable":true,"href":"https:\/\/prochaska.eu\/ro\/wp-json\/wp\/v2\/product_tag?post=24901"}],"curies":[{"name":"wp","href":"https:\/\/api.w.org\/{rel}","templated":true}]}}