{"id":24915,"date":"2022-01-05T13:34:46","date_gmt":"2022-01-05T13:34:46","guid":{"rendered":"https:\/\/prochaska.eu\/product\/billy-goat-cutter-soden-sc181hgeu\/"},"modified":"2022-01-05T13:34:46","modified_gmt":"2022-01-05T13:34:46","slug":"billy-goat-cutter-soden-sc181hgeu","status":"publish","type":"product","link":"https:\/\/prochaska.eu\/ro\/produs\/billy-goat-cutter-soden-sc181hgeu\/","title":{"rendered":"Billy Goat &#8211; Cutter Soden &#8211; SC181HGEU"},"content":{"rendered":"<p style=\"text-align: left;\">T\u0103ietorul de gazon SC181HGEU de la <a href=\"https:\/\/www.prochaska.eu\/billygoat\/\">Billy Goat<\/a> este ideal pentru utilizarea pe terenurile de golf. \u00cen acest scop, au fost integrate \u00een acest model ro\u021bi conice speciale, care sunt ideale pentru o munc\u0103 mai lin\u0103 \u0219i mai bl\u00e2nd\u0103. T\u0103ietorul de gazon are o l\u0103\u021bime de t\u0103iere de 46 cm. \u00cen plus, dispozitivul are un cadru de suprastructur\u0103 realizat din o\u021bel de 23 kg, asigur\u00e2nd un sistem robust de ac\u021bionare \u0219i t\u0103iere. Lama de t\u0103iere de 18 inch permite rezultate uniforme, cu o ad\u00e2ncime maxim\u0103 de 63,5 mm. Dispozitivul are, de asemenea, o transmisie hidrostatic\u0103 cu set\u0103ri de vitez\u0103 variabile, care permite operatorului s\u0103 adapteze viteza de t\u0103iere la condi\u021biile solului.<\/p>\n<p style=\"text-align: left;\">T\u0103ietorul de gazon poate lucra at\u00e2t \u00eenainte, c\u00e2t \u0219i \u00eenapoi. \u00cen plus, ro\u021bile din spate \u00eenseamn\u0103 c\u0103 aparatul este ideal \u0219i pentru t\u0103ierea \u00een curbe. Ro\u021bile pot fi blocate cu u\u0219urin\u021b\u0103 pentru lucrul \u00een linie dreapt\u0103. Izola\u021bia m\u00e2nerului absoarbe vibra\u021biile, astfel \u00eenc\u00e2t s\u0103 pute\u021bi lucra f\u0103r\u0103 prea mult efort. Alte caracteristici includ un contor orar, o bar\u0103 de protec\u021bie frontal\u0103 robust\u0103 \u0219i \u0219ase puncte de oprire practice.<\/p>\n<ul>\n<li style=\"text-align: left;\">Cadru suprastructur\u0103 cu o\u021bel de 23 kg<\/li>\n<li style=\"text-align: left;\">Sistem robust de ac\u021bionare \u0219i t\u0103iere<\/li>\n<li style=\"text-align: left;\">Setarea vitezei variabile<\/li>\n<li style=\"text-align: left;\">Roat\u0103 spate pentru t\u0103iere \u00een curbe<\/li>\n<li style=\"text-align: left;\">Ac\u021bionare Honda cu garan\u021bie de 3 ani<\/li>\n<li>Reglarea ad\u00e2ncimii cu\u021bitului Set &amp; Forget<\/li>\n<\/ul>\n<h2 style=\"text-align: left;\">Accesorii op\u021bionale<\/h2>\n<ul>\n<li style=\"text-align: left;\">Lam\u0103 de schimb de 18&#8243; (371203-S)<\/li>\n<li style=\"text-align: left;\">Lam\u0103 SC sudat\u0103 cu laser (373242)<\/li>\n<\/ul>\n","protected":false},"excerpt":{"rendered":"<p><span class=\"p2\">T\u0103ietorul de gazon SC181HGEU de la Billy Goat a fost special conceput pentru a lucra pe terenurile de golf. Cu toate acestea, numeroasele caracteristici ale dispozitivului permit, de asemenea, o gam\u0103 mai variat\u0103 de aplica\u021bii.<br \/>\n<\/span><\/p>\n","protected":false},"featured_media":22968,"template":"","meta":[],"pwb-brand":[3084],"product_brand":[],"product_cat":[1533,1535],"product_tag":[1529],"class_list":{"0":"post-24915","1":"product","2":"type-product","3":"status-publish","4":"has-post-thumbnail","6":"pwb-brand-billy-goat-ro","7":"product_cat-pregatirea-solului","8":"product_cat-pregatirea-solului-ro","9":"product_tag-billy-goat-ro","11":"first","12":"instock","13":"taxable","14":"shipping-taxable","15":"purchasable","16":"product-type-simple"},"yoast_head":"<!-- This site is optimized with the Yoast SEO plugin v27.4 - https:\/\/yoast.com\/product\/yoast-seo-wordpress\/ -->\n<title>Billy Goat - Cutter Soden - SC181HGEU - Prochaska<\/title>\n<meta name=\"robots\" content=\"index, follow, max-snippet:-1, max-image-preview:large, max-video-preview:-1\" \/>\n<link rel=\"canonical\" href=\"https:\/\/prochaska.eu\/ro\/produs\/billy-goat-cutter-soden-sc181hgeu\/\" \/>\n<meta property=\"og:locale\" content=\"ro_RO\" \/>\n<meta property=\"og:type\" content=\"article\" \/>\n<meta property=\"og:title\" content=\"Billy Goat - Cutter Soden - SC181HGEU - Prochaska\" \/>\n<meta property=\"og:description\" content=\"T\u0103ietorul de gazon SC181HGEU de la Billy Goat a fost special conceput pentru a lucra pe terenurile de golf. Cu toate acestea, numeroasele caracteristici ale dispozitivului permit, de asemenea, o gam\u0103 mai variat\u0103 de aplica\u021bii.\" \/>\n<meta property=\"og:url\" content=\"https:\/\/prochaska.eu\/ro\/produs\/billy-goat-cutter-soden-sc181hgeu\/\" \/>\n<meta property=\"og:site_name\" content=\"Prochaska\" \/>\n<meta property=\"article:publisher\" content=\"https:\/\/www.facebook.com\/prochaska.eu\/\" \/>\n<meta property=\"og:image\" content=\"https:\/\/prochaska.eu\/wp-content\/uploads\/2024\/06\/gartengeraete-billygoat-sc181hgeu-prochaska.jpg\" \/>\n\t<meta property=\"og:image:width\" content=\"1440\" \/>\n\t<meta property=\"og:image:height\" content=\"1440\" \/>\n\t<meta property=\"og:image:type\" content=\"image\/jpeg\" \/>\n<meta name=\"twitter:card\" content=\"summary_large_image\" \/>\n<meta name=\"twitter:label1\" content=\"Timp estimat pentru citire\" \/>\n\t<meta name=\"twitter:data1\" content=\"1 minut\" \/>\n<script type=\"application\/ld+json\" class=\"yoast-schema-graph\">{\"@context\":\"https:\\\/\\\/schema.org\",\"@graph\":[{\"@type\":\"WebPage\",\"@id\":\"https:\\\/\\\/prochaska.eu\\\/ro\\\/produs\\\/billy-goat-cutter-soden-sc181hgeu\\\/\",\"url\":\"https:\\\/\\\/prochaska.eu\\\/ro\\\/produs\\\/billy-goat-cutter-soden-sc181hgeu\\\/\",\"name\":\"Billy Goat - Cutter Soden - SC181HGEU - Prochaska\",\"isPartOf\":{\"@id\":\"https:\\\/\\\/prochaska.eu\\\/ro\\\/#website\"},\"primaryImageOfPage\":{\"@id\":\"https:\\\/\\\/prochaska.eu\\\/ro\\\/produs\\\/billy-goat-cutter-soden-sc181hgeu\\\/#primaryimage\"},\"image\":{\"@id\":\"https:\\\/\\\/prochaska.eu\\\/ro\\\/produs\\\/billy-goat-cutter-soden-sc181hgeu\\\/#primaryimage\"},\"thumbnailUrl\":\"https:\\\/\\\/prochaska.eu\\\/wp-content\\\/uploads\\\/2024\\\/06\\\/gartengeraete-billygoat-sc181hgeu-prochaska.jpg\",\"datePublished\":\"2022-01-05T13:34:46+00:00\",\"breadcrumb\":{\"@id\":\"https:\\\/\\\/prochaska.eu\\\/ro\\\/produs\\\/billy-goat-cutter-soden-sc181hgeu\\\/#breadcrumb\"},\"inLanguage\":\"ro-RO\",\"potentialAction\":[{\"@type\":\"ReadAction\",\"target\":[\"https:\\\/\\\/prochaska.eu\\\/ro\\\/produs\\\/billy-goat-cutter-soden-sc181hgeu\\\/\"]}]},{\"@type\":\"ImageObject\",\"inLanguage\":\"ro-RO\",\"@id\":\"https:\\\/\\\/prochaska.eu\\\/ro\\\/produs\\\/billy-goat-cutter-soden-sc181hgeu\\\/#primaryimage\",\"url\":\"https:\\\/\\\/prochaska.eu\\\/wp-content\\\/uploads\\\/2024\\\/06\\\/gartengeraete-billygoat-sc181hgeu-prochaska.jpg\",\"contentUrl\":\"https:\\\/\\\/prochaska.eu\\\/wp-content\\\/uploads\\\/2024\\\/06\\\/gartengeraete-billygoat-sc181hgeu-prochaska.jpg\",\"width\":1440,\"height\":1440,\"caption\":\"t\u0103ietor de gazon\"},{\"@type\":\"BreadcrumbList\",\"@id\":\"https:\\\/\\\/prochaska.eu\\\/ro\\\/produs\\\/billy-goat-cutter-soden-sc181hgeu\\\/#breadcrumb\",\"itemListElement\":[{\"@type\":\"ListItem\",\"position\":1,\"name\":\"Home\",\"item\":\"https:\\\/\\\/prochaska.eu\\\/ro\\\/\"},{\"@type\":\"ListItem\",\"position\":2,\"name\":\"Shop\",\"item\":\"https:\\\/\\\/prochaska.eu\\\/ro\\\/shop\\\/\"},{\"@type\":\"ListItem\",\"position\":3,\"name\":\"Billy Goat &#8211; Cutter Soden &#8211; SC181HGEU\"}]},{\"@type\":\"WebSite\",\"@id\":\"https:\\\/\\\/prochaska.eu\\\/ro\\\/#website\",\"url\":\"https:\\\/\\\/prochaska.eu\\\/ro\\\/\",\"name\":\"Prochaska\",\"description\":\"Spezialist f\u00fcr Pflege von Gr\u00fcnfl\u00e4chen\",\"publisher\":{\"@id\":\"https:\\\/\\\/prochaska.eu\\\/ro\\\/#organization\"},\"potentialAction\":[{\"@type\":\"SearchAction\",\"target\":{\"@type\":\"EntryPoint\",\"urlTemplate\":\"https:\\\/\\\/prochaska.eu\\\/ro\\\/?s={search_term_string}\"},\"query-input\":{\"@type\":\"PropertyValueSpecification\",\"valueRequired\":true,\"valueName\":\"search_term_string\"}}],\"inLanguage\":\"ro-RO\"},{\"@type\":\"Organization\",\"@id\":\"https:\\\/\\\/prochaska.eu\\\/ro\\\/#organization\",\"name\":\"Prochaska\",\"url\":\"https:\\\/\\\/prochaska.eu\\\/ro\\\/\",\"logo\":{\"@type\":\"ImageObject\",\"inLanguage\":\"ro-RO\",\"@id\":\"https:\\\/\\\/prochaska.eu\\\/ro\\\/#\\\/schema\\\/logo\\\/image\\\/\",\"url\":\"https:\\\/\\\/prochaska.eu\\\/wp-content\\\/uploads\\\/2024\\\/04\\\/Prochaska_Logo_Black-1.png\",\"contentUrl\":\"https:\\\/\\\/prochaska.eu\\\/wp-content\\\/uploads\\\/2024\\\/04\\\/Prochaska_Logo_Black-1.png\",\"width\":796,\"height\":236,\"caption\":\"Prochaska\"},\"image\":{\"@id\":\"https:\\\/\\\/prochaska.eu\\\/ro\\\/#\\\/schema\\\/logo\\\/image\\\/\"},\"sameAs\":[\"https:\\\/\\\/www.facebook.com\\\/prochaska.eu\\\/\",\"https:\\\/\\\/www.instagram.com\\\/prochaska.eu\\\/\",\"https:\\\/\\\/www.linkedin.com\\\/company\\\/prochaska-handels-gmbh\"]}]}<\/script>\n<!-- \/ Yoast SEO plugin. -->","yoast_head_json":{"title":"Billy Goat - Cutter Soden - SC181HGEU - Prochaska","robots":{"index":"index","follow":"follow","max-snippet":"max-snippet:-1","max-image-preview":"max-image-preview:large","max-video-preview":"max-video-preview:-1"},"canonical":"https:\/\/prochaska.eu\/ro\/produs\/billy-goat-cutter-soden-sc181hgeu\/","og_locale":"ro_RO","og_type":"article","og_title":"Billy Goat - Cutter Soden - SC181HGEU - Prochaska","og_description":"T\u0103ietorul de gazon SC181HGEU de la Billy Goat a fost special conceput pentru a lucra pe terenurile de golf. Cu toate acestea, numeroasele caracteristici ale dispozitivului permit, de asemenea, o gam\u0103 mai variat\u0103 de aplica\u021bii.","og_url":"https:\/\/prochaska.eu\/ro\/produs\/billy-goat-cutter-soden-sc181hgeu\/","og_site_name":"Prochaska","article_publisher":"https:\/\/www.facebook.com\/prochaska.eu\/","og_image":[{"width":1440,"height":1440,"url":"https:\/\/prochaska.eu\/wp-content\/uploads\/2024\/06\/gartengeraete-billygoat-sc181hgeu-prochaska.jpg","type":"image\/jpeg"}],"twitter_card":"summary_large_image","twitter_misc":{"Timp estimat pentru citire":"1 minut"},"schema":{"@context":"https:\/\/schema.org","@graph":[{"@type":"WebPage","@id":"https:\/\/prochaska.eu\/ro\/produs\/billy-goat-cutter-soden-sc181hgeu\/","url":"https:\/\/prochaska.eu\/ro\/produs\/billy-goat-cutter-soden-sc181hgeu\/","name":"Billy Goat - Cutter Soden - SC181HGEU - Prochaska","isPartOf":{"@id":"https:\/\/prochaska.eu\/ro\/#website"},"primaryImageOfPage":{"@id":"https:\/\/prochaska.eu\/ro\/produs\/billy-goat-cutter-soden-sc181hgeu\/#primaryimage"},"image":{"@id":"https:\/\/prochaska.eu\/ro\/produs\/billy-goat-cutter-soden-sc181hgeu\/#primaryimage"},"thumbnailUrl":"https:\/\/prochaska.eu\/wp-content\/uploads\/2024\/06\/gartengeraete-billygoat-sc181hgeu-prochaska.jpg","datePublished":"2022-01-05T13:34:46+00:00","breadcrumb":{"@id":"https:\/\/prochaska.eu\/ro\/produs\/billy-goat-cutter-soden-sc181hgeu\/#breadcrumb"},"inLanguage":"ro-RO","potentialAction":[{"@type":"ReadAction","target":["https:\/\/prochaska.eu\/ro\/produs\/billy-goat-cutter-soden-sc181hgeu\/"]}]},{"@type":"ImageObject","inLanguage":"ro-RO","@id":"https:\/\/prochaska.eu\/ro\/produs\/billy-goat-cutter-soden-sc181hgeu\/#primaryimage","url":"https:\/\/prochaska.eu\/wp-content\/uploads\/2024\/06\/gartengeraete-billygoat-sc181hgeu-prochaska.jpg","contentUrl":"https:\/\/prochaska.eu\/wp-content\/uploads\/2024\/06\/gartengeraete-billygoat-sc181hgeu-prochaska.jpg","width":1440,"height":1440,"caption":"t\u0103ietor de gazon"},{"@type":"BreadcrumbList","@id":"https:\/\/prochaska.eu\/ro\/produs\/billy-goat-cutter-soden-sc181hgeu\/#breadcrumb","itemListElement":[{"@type":"ListItem","position":1,"name":"Home","item":"https:\/\/prochaska.eu\/ro\/"},{"@type":"ListItem","position":2,"name":"Shop","item":"https:\/\/prochaska.eu\/ro\/shop\/"},{"@type":"ListItem","position":3,"name":"Billy Goat &#8211; Cutter Soden &#8211; SC181HGEU"}]},{"@type":"WebSite","@id":"https:\/\/prochaska.eu\/ro\/#website","url":"https:\/\/prochaska.eu\/ro\/","name":"Prochaska","description":"Spezialist f\u00fcr Pflege von Gr\u00fcnfl\u00e4chen","publisher":{"@id":"https:\/\/prochaska.eu\/ro\/#organization"},"potentialAction":[{"@type":"SearchAction","target":{"@type":"EntryPoint","urlTemplate":"https:\/\/prochaska.eu\/ro\/?s={search_term_string}"},"query-input":{"@type":"PropertyValueSpecification","valueRequired":true,"valueName":"search_term_string"}}],"inLanguage":"ro-RO"},{"@type":"Organization","@id":"https:\/\/prochaska.eu\/ro\/#organization","name":"Prochaska","url":"https:\/\/prochaska.eu\/ro\/","logo":{"@type":"ImageObject","inLanguage":"ro-RO","@id":"https:\/\/prochaska.eu\/ro\/#\/schema\/logo\/image\/","url":"https:\/\/prochaska.eu\/wp-content\/uploads\/2024\/04\/Prochaska_Logo_Black-1.png","contentUrl":"https:\/\/prochaska.eu\/wp-content\/uploads\/2024\/04\/Prochaska_Logo_Black-1.png","width":796,"height":236,"caption":"Prochaska"},"image":{"@id":"https:\/\/prochaska.eu\/ro\/#\/schema\/logo\/image\/"},"sameAs":["https:\/\/www.facebook.com\/prochaska.eu\/","https:\/\/www.instagram.com\/prochaska.eu\/","https:\/\/www.linkedin.com\/company\/prochaska-handels-gmbh"]}]}},"brands":[{"id":3084,"name":"Billy Goat","slug":"billy-goat-ro"}],"_links":{"self":[{"href":"https:\/\/prochaska.eu\/ro\/wp-json\/wp\/v2\/product\/24915","targetHints":{"allow":["GET"]}}],"collection":[{"href":"https:\/\/prochaska.eu\/ro\/wp-json\/wp\/v2\/product"}],"about":[{"href":"https:\/\/prochaska.eu\/ro\/wp-json\/wp\/v2\/types\/product"}],"version-history":[{"count":0,"href":"https:\/\/prochaska.eu\/ro\/wp-json\/wp\/v2\/product\/24915\/revisions"}],"wp:featuredmedia":[{"embeddable":true,"href":"https:\/\/prochaska.eu\/ro\/wp-json\/wp\/v2\/media\/22968"}],"wp:attachment":[{"href":"https:\/\/prochaska.eu\/ro\/wp-json\/wp\/v2\/media?parent=24915"}],"wp:term":[{"taxonomy":"pwb-brand","embeddable":true,"href":"https:\/\/prochaska.eu\/ro\/wp-json\/wp\/v2\/pwb-brand?post=24915"},{"taxonomy":"product_brand","embeddable":true,"href":"https:\/\/prochaska.eu\/ro\/wp-json\/wp\/v2\/product_brand?post=24915"},{"taxonomy":"product_cat","embeddable":true,"href":"https:\/\/prochaska.eu\/ro\/wp-json\/wp\/v2\/product_cat?post=24915"},{"taxonomy":"product_tag","embeddable":true,"href":"https:\/\/prochaska.eu\/ro\/wp-json\/wp\/v2\/product_tag?post=24915"}],"curies":[{"name":"wp","href":"https:\/\/api.w.org\/{rel}","templated":true}]}}