{"id":24933,"date":"2022-01-13T11:43:08","date_gmt":"2022-01-13T11:43:08","guid":{"rendered":"https:\/\/prochaska.eu\/product\/ventrac-tractor-4520y\/"},"modified":"2022-01-13T11:43:08","modified_gmt":"2022-01-13T11:43:08","slug":"ventrac-tractor-4520y","status":"publish","type":"product","link":"https:\/\/prochaska.eu\/ro\/produs\/ventrac-tractor-4520y\/","title":{"rendered":"Ventrac &#8211; Tractor &#8211; 4520Y"},"content":{"rendered":"<p style=\"text-align: left;\">4520Y de la Ventrac este un tractor compact care este partenerul dumneavoastr\u0103 de \u00eencredere pentru o gam\u0103 larg\u0103 de procese de lucru. Echipat cu un motor Kubota de 25 CP, acesta nu este doar extrem de puternic, ci \u0219i u\u0219or. Tractorul are trac\u021biune integral\u0103, care, \u00een combina\u021bie cu Ventrac FlexFrame \u0219i motorul puternic, asigur\u0103 o stabilitate de neegalat la lucru. Acest lucru \u00eenseamn\u0103 c\u0103 \u0219i procesele de lucru \u00een terenuri dificile pot fi finalizate cu u\u0219urin\u021b\u0103. De asemenea, Ventrac pune accentul pe designul inovator, precum \u0219i pe distrac\u021bie \u0219i pl\u0103cere cu tractoarele. Puternicul 4520Y este propulsat de motorin\u0103 \u0219i este foarte eficient din punct de vedere al consumului de combustibil \u0219i al energiei.<\/p>\n<p style=\"text-align: left;\">Sistemul de montare Ventrac permite ata\u0219area diferitelor accesorii la tractor f\u0103r\u0103 unelte suplimentare sau efort deosebit. Acest lucru face din 4520Y un tractor extrem de func\u021bional, care ofer\u0103 rezultate foarte profesionale \u00een diverse zone de lucru.<\/p>\n<h2>Avantajele produsului<\/h2>\n<ul>\n<li>Versatilitate sporit\u0103 de greutatea redus\u0103<\/li>\n<li>Trac\u021biune integral\u0103<\/li>\n<li>Controlul trac\u021biunii<\/li>\n<li>Siguran\u021b\u0103 sporit\u0103 chiar \u0219i pe teren abrupt<\/li>\n<li>Gata de utilizare \u00een fiecare sezon<\/li>\n<li>Cadrul compact cu centru de greutate cobor\u00e2t asigur\u0103 stabilitate<\/li>\n<\/ul>\n<h2>Accesorii op\u021bionale<\/h2>\n<ul>\n<li><a href=\"https:\/\/www.prochaska.eu\/produkt\/ventrac-traktor-zubehoer-mu720\/\">Cositoare cu evacuare din spate &#8211; MU720<\/a><\/li>\n<li><a href=\"https:\/\/www.prochaska.eu\/produkt\/ventrac-traktor-zubehoer-mj840\/\">Cositoare Contour &#8211; MJ840<\/a><\/li>\n<li><a href=\"https:\/\/www.prochaska.eu\/produkt\/ventrac-traktor-zubehoer-ec240\/\">Ma\u0219in\u0103 de t\u0103iat gazon &#8211; EC240<\/a><\/li>\n<li><a href=\"https:\/\/www.prochaska.eu\/produkt\/ventrac-traktor-zubehoer-mk960\/\">Cositoare pentru suprafe\u021be mari &#8211; MK960<\/a><\/li>\n<li><a href=\"https:\/\/www.prochaska.eu\/produkt\/ventrac-traktor-zubehoer-hq682\/\">Deck de cosit Tough-Cut &#8211; HQ682<\/a><\/li>\n<li><a href=\"https:\/\/www.prochaska.eu\/produkt\/ventrac-traktor-zubehoer-mw720\/\">Cositoare cu flagel &#8211; MW720<\/a><\/li>\n<li><a href=\"https:\/\/www.prochaska.eu\/produkt\/ventrac-traktor-zubehoer-kd602\/\">Lam\u0103 de nivelare &#8211; KD602<\/a><\/li>\n<li><a href=\"https:\/\/www.prochaska.eu\/produkt\/ventrac-traktor-zubehoer-ky400\/\">\u0218an\u021bier\u0103 &#8211; KY400<\/a><\/li>\n<\/ul>\n","protected":false},"excerpt":{"rendered":"<p>Tractorul 4520Y de la Ventrac este compact, puternic \u0219i versatil. Diverse accesorii, care pot fi ata\u0219ate cu u\u0219urin\u021b\u0103 la tractor cu ajutorul sistemului de montare Ventrac, transform\u0103 dispozitivul \u00eentr-un dispozitiv multifunc\u021bional extrem de profesional.<\/p>\n","protected":false},"featured_media":22989,"template":"","meta":[],"pwb-brand":[3078],"product_brand":[],"product_cat":[1522,1523,1388,1521,1533,1369,1610],"product_tag":[1434],"class_list":{"0":"post-24933","1":"product","2":"type-product","3":"status-publish","4":"has-post-thumbnail","6":"pwb-brand-ventrac-ro","7":"product_cat-cositoare","8":"product_cat-cositoare-ro","9":"product_cat-masini-de-golf","10":"product_cat-municipal-terenuri-de-sport-si-agricultura","11":"product_cat-pregatirea-solului","12":"product_cat-tractoare","13":"product_cat-vehicule-comerciale","14":"product_tag-ventrac-ro","16":"first","17":"instock","18":"taxable","19":"shipping-taxable","20":"product-type-simple"},"yoast_head":"<!-- This site is optimized with the Yoast SEO plugin v27.4 - https:\/\/yoast.com\/product\/yoast-seo-wordpress\/ -->\n<title>Ventrac - Tractor - 4520Y - Prochaska<\/title>\n<meta name=\"robots\" content=\"index, follow, max-snippet:-1, max-image-preview:large, max-video-preview:-1\" \/>\n<link rel=\"canonical\" href=\"https:\/\/prochaska.eu\/ro\/produs\/ventrac-tractor-4520y\/\" \/>\n<meta property=\"og:locale\" content=\"ro_RO\" \/>\n<meta property=\"og:type\" content=\"article\" \/>\n<meta property=\"og:title\" content=\"Ventrac - Tractor - 4520Y - Prochaska\" \/>\n<meta property=\"og:description\" content=\"Tractorul 4520Y de la Ventrac este compact, puternic \u0219i versatil. Diverse accesorii, care pot fi ata\u0219ate cu u\u0219urin\u021b\u0103 la tractor cu ajutorul sistemului de montare Ventrac, transform\u0103 dispozitivul \u00eentr-un dispozitiv multifunc\u021bional extrem de profesional.\" \/>\n<meta property=\"og:url\" content=\"https:\/\/prochaska.eu\/ro\/produs\/ventrac-tractor-4520y\/\" \/>\n<meta property=\"og:site_name\" content=\"Prochaska\" \/>\n<meta property=\"article:publisher\" content=\"https:\/\/www.facebook.com\/prochaska.eu\/\" \/>\n<meta property=\"og:image\" content=\"https:\/\/prochaska.eu\/wp-content\/uploads\/2024\/06\/traktor-ventrac-4520y-prochaska-b1.jpg\" \/>\n\t<meta property=\"og:image:width\" content=\"1440\" \/>\n\t<meta property=\"og:image:height\" content=\"1440\" \/>\n\t<meta property=\"og:image:type\" content=\"image\/jpeg\" \/>\n<meta name=\"twitter:card\" content=\"summary_large_image\" \/>\n<meta name=\"twitter:label1\" content=\"Timp estimat pentru citire\" \/>\n\t<meta name=\"twitter:data1\" content=\"1 minut\" \/>\n<script type=\"application\/ld+json\" class=\"yoast-schema-graph\">{\"@context\":\"https:\\\/\\\/schema.org\",\"@graph\":[{\"@type\":\"WebPage\",\"@id\":\"https:\\\/\\\/prochaska.eu\\\/ro\\\/produs\\\/ventrac-tractor-4520y\\\/\",\"url\":\"https:\\\/\\\/prochaska.eu\\\/ro\\\/produs\\\/ventrac-tractor-4520y\\\/\",\"name\":\"Ventrac - Tractor - 4520Y - Prochaska\",\"isPartOf\":{\"@id\":\"https:\\\/\\\/prochaska.eu\\\/ro\\\/#website\"},\"primaryImageOfPage\":{\"@id\":\"https:\\\/\\\/prochaska.eu\\\/ro\\\/produs\\\/ventrac-tractor-4520y\\\/#primaryimage\"},\"image\":{\"@id\":\"https:\\\/\\\/prochaska.eu\\\/ro\\\/produs\\\/ventrac-tractor-4520y\\\/#primaryimage\"},\"thumbnailUrl\":\"https:\\\/\\\/prochaska.eu\\\/wp-content\\\/uploads\\\/2024\\\/06\\\/traktor-ventrac-4520y-prochaska-b1.jpg\",\"datePublished\":\"2022-01-13T11:43:08+00:00\",\"breadcrumb\":{\"@id\":\"https:\\\/\\\/prochaska.eu\\\/ro\\\/produs\\\/ventrac-tractor-4520y\\\/#breadcrumb\"},\"inLanguage\":\"ro-RO\",\"potentialAction\":[{\"@type\":\"ReadAction\",\"target\":[\"https:\\\/\\\/prochaska.eu\\\/ro\\\/produs\\\/ventrac-tractor-4520y\\\/\"]}]},{\"@type\":\"ImageObject\",\"inLanguage\":\"ro-RO\",\"@id\":\"https:\\\/\\\/prochaska.eu\\\/ro\\\/produs\\\/ventrac-tractor-4520y\\\/#primaryimage\",\"url\":\"https:\\\/\\\/prochaska.eu\\\/wp-content\\\/uploads\\\/2024\\\/06\\\/traktor-ventrac-4520y-prochaska-b1.jpg\",\"contentUrl\":\"https:\\\/\\\/prochaska.eu\\\/wp-content\\\/uploads\\\/2024\\\/06\\\/traktor-ventrac-4520y-prochaska-b1.jpg\",\"width\":1440,\"height\":1440,\"caption\":\"tractor\"},{\"@type\":\"BreadcrumbList\",\"@id\":\"https:\\\/\\\/prochaska.eu\\\/ro\\\/produs\\\/ventrac-tractor-4520y\\\/#breadcrumb\",\"itemListElement\":[{\"@type\":\"ListItem\",\"position\":1,\"name\":\"Home\",\"item\":\"https:\\\/\\\/prochaska.eu\\\/ro\\\/\"},{\"@type\":\"ListItem\",\"position\":2,\"name\":\"Shop\",\"item\":\"https:\\\/\\\/prochaska.eu\\\/ro\\\/shop\\\/\"},{\"@type\":\"ListItem\",\"position\":3,\"name\":\"Ventrac &#8211; Tractor &#8211; 4520Y\"}]},{\"@type\":\"WebSite\",\"@id\":\"https:\\\/\\\/prochaska.eu\\\/ro\\\/#website\",\"url\":\"https:\\\/\\\/prochaska.eu\\\/ro\\\/\",\"name\":\"Prochaska\",\"description\":\"Spezialist f\u00fcr Pflege von Gr\u00fcnfl\u00e4chen\",\"publisher\":{\"@id\":\"https:\\\/\\\/prochaska.eu\\\/ro\\\/#organization\"},\"potentialAction\":[{\"@type\":\"SearchAction\",\"target\":{\"@type\":\"EntryPoint\",\"urlTemplate\":\"https:\\\/\\\/prochaska.eu\\\/ro\\\/?s={search_term_string}\"},\"query-input\":{\"@type\":\"PropertyValueSpecification\",\"valueRequired\":true,\"valueName\":\"search_term_string\"}}],\"inLanguage\":\"ro-RO\"},{\"@type\":\"Organization\",\"@id\":\"https:\\\/\\\/prochaska.eu\\\/ro\\\/#organization\",\"name\":\"Prochaska\",\"url\":\"https:\\\/\\\/prochaska.eu\\\/ro\\\/\",\"logo\":{\"@type\":\"ImageObject\",\"inLanguage\":\"ro-RO\",\"@id\":\"https:\\\/\\\/prochaska.eu\\\/ro\\\/#\\\/schema\\\/logo\\\/image\\\/\",\"url\":\"https:\\\/\\\/prochaska.eu\\\/wp-content\\\/uploads\\\/2024\\\/04\\\/Prochaska_Logo_Black-1.png\",\"contentUrl\":\"https:\\\/\\\/prochaska.eu\\\/wp-content\\\/uploads\\\/2024\\\/04\\\/Prochaska_Logo_Black-1.png\",\"width\":796,\"height\":236,\"caption\":\"Prochaska\"},\"image\":{\"@id\":\"https:\\\/\\\/prochaska.eu\\\/ro\\\/#\\\/schema\\\/logo\\\/image\\\/\"},\"sameAs\":[\"https:\\\/\\\/www.facebook.com\\\/prochaska.eu\\\/\",\"https:\\\/\\\/www.instagram.com\\\/prochaska.eu\\\/\",\"https:\\\/\\\/www.linkedin.com\\\/company\\\/prochaska-handels-gmbh\"]}]}<\/script>\n<!-- \/ Yoast SEO plugin. -->","yoast_head_json":{"title":"Ventrac - Tractor - 4520Y - Prochaska","robots":{"index":"index","follow":"follow","max-snippet":"max-snippet:-1","max-image-preview":"max-image-preview:large","max-video-preview":"max-video-preview:-1"},"canonical":"https:\/\/prochaska.eu\/ro\/produs\/ventrac-tractor-4520y\/","og_locale":"ro_RO","og_type":"article","og_title":"Ventrac - Tractor - 4520Y - Prochaska","og_description":"Tractorul 4520Y de la Ventrac este compact, puternic \u0219i versatil. Diverse accesorii, care pot fi ata\u0219ate cu u\u0219urin\u021b\u0103 la tractor cu ajutorul sistemului de montare Ventrac, transform\u0103 dispozitivul \u00eentr-un dispozitiv multifunc\u021bional extrem de profesional.","og_url":"https:\/\/prochaska.eu\/ro\/produs\/ventrac-tractor-4520y\/","og_site_name":"Prochaska","article_publisher":"https:\/\/www.facebook.com\/prochaska.eu\/","og_image":[{"width":1440,"height":1440,"url":"https:\/\/prochaska.eu\/wp-content\/uploads\/2024\/06\/traktor-ventrac-4520y-prochaska-b1.jpg","type":"image\/jpeg"}],"twitter_card":"summary_large_image","twitter_misc":{"Timp estimat pentru citire":"1 minut"},"schema":{"@context":"https:\/\/schema.org","@graph":[{"@type":"WebPage","@id":"https:\/\/prochaska.eu\/ro\/produs\/ventrac-tractor-4520y\/","url":"https:\/\/prochaska.eu\/ro\/produs\/ventrac-tractor-4520y\/","name":"Ventrac - Tractor - 4520Y - Prochaska","isPartOf":{"@id":"https:\/\/prochaska.eu\/ro\/#website"},"primaryImageOfPage":{"@id":"https:\/\/prochaska.eu\/ro\/produs\/ventrac-tractor-4520y\/#primaryimage"},"image":{"@id":"https:\/\/prochaska.eu\/ro\/produs\/ventrac-tractor-4520y\/#primaryimage"},"thumbnailUrl":"https:\/\/prochaska.eu\/wp-content\/uploads\/2024\/06\/traktor-ventrac-4520y-prochaska-b1.jpg","datePublished":"2022-01-13T11:43:08+00:00","breadcrumb":{"@id":"https:\/\/prochaska.eu\/ro\/produs\/ventrac-tractor-4520y\/#breadcrumb"},"inLanguage":"ro-RO","potentialAction":[{"@type":"ReadAction","target":["https:\/\/prochaska.eu\/ro\/produs\/ventrac-tractor-4520y\/"]}]},{"@type":"ImageObject","inLanguage":"ro-RO","@id":"https:\/\/prochaska.eu\/ro\/produs\/ventrac-tractor-4520y\/#primaryimage","url":"https:\/\/prochaska.eu\/wp-content\/uploads\/2024\/06\/traktor-ventrac-4520y-prochaska-b1.jpg","contentUrl":"https:\/\/prochaska.eu\/wp-content\/uploads\/2024\/06\/traktor-ventrac-4520y-prochaska-b1.jpg","width":1440,"height":1440,"caption":"tractor"},{"@type":"BreadcrumbList","@id":"https:\/\/prochaska.eu\/ro\/produs\/ventrac-tractor-4520y\/#breadcrumb","itemListElement":[{"@type":"ListItem","position":1,"name":"Home","item":"https:\/\/prochaska.eu\/ro\/"},{"@type":"ListItem","position":2,"name":"Shop","item":"https:\/\/prochaska.eu\/ro\/shop\/"},{"@type":"ListItem","position":3,"name":"Ventrac &#8211; Tractor &#8211; 4520Y"}]},{"@type":"WebSite","@id":"https:\/\/prochaska.eu\/ro\/#website","url":"https:\/\/prochaska.eu\/ro\/","name":"Prochaska","description":"Spezialist f\u00fcr Pflege von Gr\u00fcnfl\u00e4chen","publisher":{"@id":"https:\/\/prochaska.eu\/ro\/#organization"},"potentialAction":[{"@type":"SearchAction","target":{"@type":"EntryPoint","urlTemplate":"https:\/\/prochaska.eu\/ro\/?s={search_term_string}"},"query-input":{"@type":"PropertyValueSpecification","valueRequired":true,"valueName":"search_term_string"}}],"inLanguage":"ro-RO"},{"@type":"Organization","@id":"https:\/\/prochaska.eu\/ro\/#organization","name":"Prochaska","url":"https:\/\/prochaska.eu\/ro\/","logo":{"@type":"ImageObject","inLanguage":"ro-RO","@id":"https:\/\/prochaska.eu\/ro\/#\/schema\/logo\/image\/","url":"https:\/\/prochaska.eu\/wp-content\/uploads\/2024\/04\/Prochaska_Logo_Black-1.png","contentUrl":"https:\/\/prochaska.eu\/wp-content\/uploads\/2024\/04\/Prochaska_Logo_Black-1.png","width":796,"height":236,"caption":"Prochaska"},"image":{"@id":"https:\/\/prochaska.eu\/ro\/#\/schema\/logo\/image\/"},"sameAs":["https:\/\/www.facebook.com\/prochaska.eu\/","https:\/\/www.instagram.com\/prochaska.eu\/","https:\/\/www.linkedin.com\/company\/prochaska-handels-gmbh"]}]}},"brands":[{"id":3078,"name":"Ventrac","slug":"ventrac-ro"}],"_links":{"self":[{"href":"https:\/\/prochaska.eu\/ro\/wp-json\/wp\/v2\/product\/24933","targetHints":{"allow":["GET"]}}],"collection":[{"href":"https:\/\/prochaska.eu\/ro\/wp-json\/wp\/v2\/product"}],"about":[{"href":"https:\/\/prochaska.eu\/ro\/wp-json\/wp\/v2\/types\/product"}],"version-history":[{"count":0,"href":"https:\/\/prochaska.eu\/ro\/wp-json\/wp\/v2\/product\/24933\/revisions"}],"wp:featuredmedia":[{"embeddable":true,"href":"https:\/\/prochaska.eu\/ro\/wp-json\/wp\/v2\/media\/22989"}],"wp:attachment":[{"href":"https:\/\/prochaska.eu\/ro\/wp-json\/wp\/v2\/media?parent=24933"}],"wp:term":[{"taxonomy":"pwb-brand","embeddable":true,"href":"https:\/\/prochaska.eu\/ro\/wp-json\/wp\/v2\/pwb-brand?post=24933"},{"taxonomy":"product_brand","embeddable":true,"href":"https:\/\/prochaska.eu\/ro\/wp-json\/wp\/v2\/product_brand?post=24933"},{"taxonomy":"product_cat","embeddable":true,"href":"https:\/\/prochaska.eu\/ro\/wp-json\/wp\/v2\/product_cat?post=24933"},{"taxonomy":"product_tag","embeddable":true,"href":"https:\/\/prochaska.eu\/ro\/wp-json\/wp\/v2\/product_tag?post=24933"}],"curies":[{"name":"wp","href":"https:\/\/api.w.org\/{rel}","templated":true}]}}