{"id":24938,"date":"2022-01-05T14:26:01","date_gmt":"2022-01-05T14:26:01","guid":{"rendered":"https:\/\/prochaska.eu\/product\/billy-goat-suflanta-de-incarcare-dl1302heu\/"},"modified":"2022-01-05T14:26:01","modified_gmt":"2022-01-05T14:26:01","slug":"billy-goat-suflanta-de-incarcare-dl1302heu","status":"publish","type":"product","link":"https:\/\/prochaska.eu\/ro\/produs\/billy-goat-suflanta-de-incarcare-dl1302heu\/","title":{"rendered":"Billy Goat &#8211; Suflant\u0103 de \u00eenc\u0103rcare &#8211; DL1302HEU"},"content":{"rendered":"<p>Suflanta de \u00eenc\u0103rcare DL1301HEU de la <a href=\"https:\/\/www.prochaska.eu\/billygoat\/\">Billy Goat<\/a> este combina\u021bia ideal\u0103 de performan\u021b\u0103 \u0219i dimensiune \u0219i, cu o putere de aspira\u021bie de 3.575<sup>m3\/h<\/sup>, este ideal\u0103 pentru lucr\u0103ri de dimensiuni medii. Aparatul este echipat cu un motor Honda nou \u0219i puternic de 390 cc. Roata de suflare blindat\u0103 de 36 de l\u0103\u021bimi cu sistem dublu de m\u0103run\u021bire \u0219i lam\u0103 Piranha\u2122 comprim\u0103 resturile \u00eentr-un raport de p\u00e2n\u0103 la 12:1. Dispozitivul are un furtun de aspira\u021bie din poliester, transparent \u0219i \u00een form\u0103 de spiral\u0103, lat de 20 cm \u0219i lung de 300 cm.<\/p>\n<h2 style=\"text-align: left;\">Avantajele produsului<\/h2>\n<ul>\n<li>Putere mare de aspira\u021bie de 3.575 m\u00b3\/h<\/li>\n<li>Set deflector pentru bunc\u0103rul de ejec\u021bie<\/li>\n<li>Furtun transparent \u0219i lung din uretan<\/li>\n<li>Sistem dublu de m\u0103run\u021bire<\/li>\n<li>Oprire de siguran\u021b\u0103<\/li>\n<li>Op\u021biuni practice de depozitare<\/li>\n<\/ul>\n<h2>Accesorii op\u021bionale<\/h2>\n<ul>\n<li>\n<p class=\"product_title entry-title\"><a href=\"https:\/\/www.prochaska.eu\/produkt\/billy-goat-aufhaengegarnitur-zubehoer\/\">Set suspensie CustomFit\u2122 (812260 )<\/a><\/p>\n<\/li>\n<\/ul>\n","protected":false},"excerpt":{"rendered":"<p>Suflanta de \u00eenc\u0103rcare DL1302HEU de la <a href=\"https:\/\/www.prochaska.eu\/billygoat\/\">Billy Goat<\/a> are o capacitate de aspira\u021bie foarte puternic\u0103 \u0219i m\u0103run\u021be\u0219te materialul aspirat \u00eentr-un raport de 12:1 cu ajutorul sistemului Dual Shredding \u0219i a lamei Piranha\u2122.<\/p>\n","protected":false},"featured_media":22971,"template":"","meta":[],"pwb-brand":[3084],"product_brand":[],"product_cat":[1167],"product_tag":[1529],"class_list":{"0":"post-24938","1":"product","2":"type-product","3":"status-publish","4":"has-post-thumbnail","6":"pwb-brand-billy-goat-ro","7":"product_cat-scarificator-aerator-si-dispozitiv-de-indepartare-a-frunzelor","8":"product_tag-billy-goat-ro","10":"first","11":"instock","12":"taxable","13":"shipping-taxable","14":"purchasable","15":"product-type-simple"},"yoast_head":"<!-- This site is optimized with the Yoast SEO plugin v27.4 - https:\/\/yoast.com\/product\/yoast-seo-wordpress\/ -->\n<title>Billy Goat - Suflant\u0103 de \u00eenc\u0103rcare - DL1302HEU - Prochaska<\/title>\n<meta name=\"robots\" content=\"index, follow, max-snippet:-1, max-image-preview:large, max-video-preview:-1\" \/>\n<link rel=\"canonical\" href=\"https:\/\/prochaska.eu\/ro\/produs\/billy-goat-suflanta-de-incarcare-dl1302heu\/\" \/>\n<meta property=\"og:locale\" content=\"ro_RO\" \/>\n<meta property=\"og:type\" content=\"article\" \/>\n<meta property=\"og:title\" content=\"Billy Goat - Suflant\u0103 de \u00eenc\u0103rcare - DL1302HEU - Prochaska\" \/>\n<meta property=\"og:description\" content=\"Suflanta de \u00eenc\u0103rcare DL1302HEU de la Billy Goat are o capacitate de aspira\u021bie foarte puternic\u0103 \u0219i m\u0103run\u021be\u0219te materialul aspirat \u00eentr-un raport de 12:1 cu ajutorul sistemului Dual Shredding \u0219i a lamei Piranha\u2122.\" \/>\n<meta property=\"og:url\" content=\"https:\/\/prochaska.eu\/ro\/produs\/billy-goat-suflanta-de-incarcare-dl1302heu\/\" \/>\n<meta property=\"og:site_name\" content=\"Prochaska\" \/>\n<meta property=\"article:publisher\" content=\"https:\/\/www.facebook.com\/prochaska.eu\/\" \/>\n<meta property=\"og:image\" content=\"https:\/\/prochaska.eu\/wp-content\/uploads\/2024\/06\/gartengeraete-billygoat-dl1302heu-prochaska.jpg\" \/>\n\t<meta property=\"og:image:width\" content=\"1440\" \/>\n\t<meta property=\"og:image:height\" content=\"1440\" \/>\n\t<meta property=\"og:image:type\" content=\"image\/jpeg\" \/>\n<meta name=\"twitter:card\" content=\"summary_large_image\" \/>\n<meta name=\"twitter:label1\" content=\"Timp estimat pentru citire\" \/>\n\t<meta name=\"twitter:data1\" content=\"1 minut\" \/>\n<script type=\"application\/ld+json\" class=\"yoast-schema-graph\">{\"@context\":\"https:\\\/\\\/schema.org\",\"@graph\":[{\"@type\":\"WebPage\",\"@id\":\"https:\\\/\\\/prochaska.eu\\\/ro\\\/produs\\\/billy-goat-suflanta-de-incarcare-dl1302heu\\\/\",\"url\":\"https:\\\/\\\/prochaska.eu\\\/ro\\\/produs\\\/billy-goat-suflanta-de-incarcare-dl1302heu\\\/\",\"name\":\"Billy Goat - Suflant\u0103 de \u00eenc\u0103rcare - DL1302HEU - Prochaska\",\"isPartOf\":{\"@id\":\"https:\\\/\\\/prochaska.eu\\\/ro\\\/#website\"},\"primaryImageOfPage\":{\"@id\":\"https:\\\/\\\/prochaska.eu\\\/ro\\\/produs\\\/billy-goat-suflanta-de-incarcare-dl1302heu\\\/#primaryimage\"},\"image\":{\"@id\":\"https:\\\/\\\/prochaska.eu\\\/ro\\\/produs\\\/billy-goat-suflanta-de-incarcare-dl1302heu\\\/#primaryimage\"},\"thumbnailUrl\":\"https:\\\/\\\/prochaska.eu\\\/wp-content\\\/uploads\\\/2024\\\/06\\\/gartengeraete-billygoat-dl1302heu-prochaska.jpg\",\"datePublished\":\"2022-01-05T14:26:01+00:00\",\"breadcrumb\":{\"@id\":\"https:\\\/\\\/prochaska.eu\\\/ro\\\/produs\\\/billy-goat-suflanta-de-incarcare-dl1302heu\\\/#breadcrumb\"},\"inLanguage\":\"ro-RO\",\"potentialAction\":[{\"@type\":\"ReadAction\",\"target\":[\"https:\\\/\\\/prochaska.eu\\\/ro\\\/produs\\\/billy-goat-suflanta-de-incarcare-dl1302heu\\\/\"]}]},{\"@type\":\"ImageObject\",\"inLanguage\":\"ro-RO\",\"@id\":\"https:\\\/\\\/prochaska.eu\\\/ro\\\/produs\\\/billy-goat-suflanta-de-incarcare-dl1302heu\\\/#primaryimage\",\"url\":\"https:\\\/\\\/prochaska.eu\\\/wp-content\\\/uploads\\\/2024\\\/06\\\/gartengeraete-billygoat-dl1302heu-prochaska.jpg\",\"contentUrl\":\"https:\\\/\\\/prochaska.eu\\\/wp-content\\\/uploads\\\/2024\\\/06\\\/gartengeraete-billygoat-dl1302heu-prochaska.jpg\",\"width\":1440,\"height\":1440,\"caption\":\"\u00eenc\u0103rc\u0103tor de frunze\"},{\"@type\":\"BreadcrumbList\",\"@id\":\"https:\\\/\\\/prochaska.eu\\\/ro\\\/produs\\\/billy-goat-suflanta-de-incarcare-dl1302heu\\\/#breadcrumb\",\"itemListElement\":[{\"@type\":\"ListItem\",\"position\":1,\"name\":\"Home\",\"item\":\"https:\\\/\\\/prochaska.eu\\\/ro\\\/\"},{\"@type\":\"ListItem\",\"position\":2,\"name\":\"Shop\",\"item\":\"https:\\\/\\\/prochaska.eu\\\/ro\\\/shop\\\/\"},{\"@type\":\"ListItem\",\"position\":3,\"name\":\"Billy Goat &#8211; Suflant\u0103 de \u00eenc\u0103rcare &#8211; DL1302HEU\"}]},{\"@type\":\"WebSite\",\"@id\":\"https:\\\/\\\/prochaska.eu\\\/ro\\\/#website\",\"url\":\"https:\\\/\\\/prochaska.eu\\\/ro\\\/\",\"name\":\"Prochaska\",\"description\":\"Spezialist f\u00fcr Pflege von Gr\u00fcnfl\u00e4chen\",\"publisher\":{\"@id\":\"https:\\\/\\\/prochaska.eu\\\/ro\\\/#organization\"},\"potentialAction\":[{\"@type\":\"SearchAction\",\"target\":{\"@type\":\"EntryPoint\",\"urlTemplate\":\"https:\\\/\\\/prochaska.eu\\\/ro\\\/?s={search_term_string}\"},\"query-input\":{\"@type\":\"PropertyValueSpecification\",\"valueRequired\":true,\"valueName\":\"search_term_string\"}}],\"inLanguage\":\"ro-RO\"},{\"@type\":\"Organization\",\"@id\":\"https:\\\/\\\/prochaska.eu\\\/ro\\\/#organization\",\"name\":\"Prochaska\",\"url\":\"https:\\\/\\\/prochaska.eu\\\/ro\\\/\",\"logo\":{\"@type\":\"ImageObject\",\"inLanguage\":\"ro-RO\",\"@id\":\"https:\\\/\\\/prochaska.eu\\\/ro\\\/#\\\/schema\\\/logo\\\/image\\\/\",\"url\":\"https:\\\/\\\/prochaska.eu\\\/wp-content\\\/uploads\\\/2024\\\/04\\\/Prochaska_Logo_Black-1.png\",\"contentUrl\":\"https:\\\/\\\/prochaska.eu\\\/wp-content\\\/uploads\\\/2024\\\/04\\\/Prochaska_Logo_Black-1.png\",\"width\":796,\"height\":236,\"caption\":\"Prochaska\"},\"image\":{\"@id\":\"https:\\\/\\\/prochaska.eu\\\/ro\\\/#\\\/schema\\\/logo\\\/image\\\/\"},\"sameAs\":[\"https:\\\/\\\/www.facebook.com\\\/prochaska.eu\\\/\",\"https:\\\/\\\/www.instagram.com\\\/prochaska.eu\\\/\",\"https:\\\/\\\/www.linkedin.com\\\/company\\\/prochaska-handels-gmbh\"]}]}<\/script>\n<!-- \/ Yoast SEO plugin. -->","yoast_head_json":{"title":"Billy Goat - Suflant\u0103 de \u00eenc\u0103rcare - DL1302HEU - Prochaska","robots":{"index":"index","follow":"follow","max-snippet":"max-snippet:-1","max-image-preview":"max-image-preview:large","max-video-preview":"max-video-preview:-1"},"canonical":"https:\/\/prochaska.eu\/ro\/produs\/billy-goat-suflanta-de-incarcare-dl1302heu\/","og_locale":"ro_RO","og_type":"article","og_title":"Billy Goat - Suflant\u0103 de \u00eenc\u0103rcare - DL1302HEU - Prochaska","og_description":"Suflanta de \u00eenc\u0103rcare DL1302HEU de la Billy Goat are o capacitate de aspira\u021bie foarte puternic\u0103 \u0219i m\u0103run\u021be\u0219te materialul aspirat \u00eentr-un raport de 12:1 cu ajutorul sistemului Dual Shredding \u0219i a lamei Piranha\u2122.","og_url":"https:\/\/prochaska.eu\/ro\/produs\/billy-goat-suflanta-de-incarcare-dl1302heu\/","og_site_name":"Prochaska","article_publisher":"https:\/\/www.facebook.com\/prochaska.eu\/","og_image":[{"width":1440,"height":1440,"url":"https:\/\/prochaska.eu\/wp-content\/uploads\/2024\/06\/gartengeraete-billygoat-dl1302heu-prochaska.jpg","type":"image\/jpeg"}],"twitter_card":"summary_large_image","twitter_misc":{"Timp estimat pentru citire":"1 minut"},"schema":{"@context":"https:\/\/schema.org","@graph":[{"@type":"WebPage","@id":"https:\/\/prochaska.eu\/ro\/produs\/billy-goat-suflanta-de-incarcare-dl1302heu\/","url":"https:\/\/prochaska.eu\/ro\/produs\/billy-goat-suflanta-de-incarcare-dl1302heu\/","name":"Billy Goat - Suflant\u0103 de \u00eenc\u0103rcare - DL1302HEU - Prochaska","isPartOf":{"@id":"https:\/\/prochaska.eu\/ro\/#website"},"primaryImageOfPage":{"@id":"https:\/\/prochaska.eu\/ro\/produs\/billy-goat-suflanta-de-incarcare-dl1302heu\/#primaryimage"},"image":{"@id":"https:\/\/prochaska.eu\/ro\/produs\/billy-goat-suflanta-de-incarcare-dl1302heu\/#primaryimage"},"thumbnailUrl":"https:\/\/prochaska.eu\/wp-content\/uploads\/2024\/06\/gartengeraete-billygoat-dl1302heu-prochaska.jpg","datePublished":"2022-01-05T14:26:01+00:00","breadcrumb":{"@id":"https:\/\/prochaska.eu\/ro\/produs\/billy-goat-suflanta-de-incarcare-dl1302heu\/#breadcrumb"},"inLanguage":"ro-RO","potentialAction":[{"@type":"ReadAction","target":["https:\/\/prochaska.eu\/ro\/produs\/billy-goat-suflanta-de-incarcare-dl1302heu\/"]}]},{"@type":"ImageObject","inLanguage":"ro-RO","@id":"https:\/\/prochaska.eu\/ro\/produs\/billy-goat-suflanta-de-incarcare-dl1302heu\/#primaryimage","url":"https:\/\/prochaska.eu\/wp-content\/uploads\/2024\/06\/gartengeraete-billygoat-dl1302heu-prochaska.jpg","contentUrl":"https:\/\/prochaska.eu\/wp-content\/uploads\/2024\/06\/gartengeraete-billygoat-dl1302heu-prochaska.jpg","width":1440,"height":1440,"caption":"\u00eenc\u0103rc\u0103tor de frunze"},{"@type":"BreadcrumbList","@id":"https:\/\/prochaska.eu\/ro\/produs\/billy-goat-suflanta-de-incarcare-dl1302heu\/#breadcrumb","itemListElement":[{"@type":"ListItem","position":1,"name":"Home","item":"https:\/\/prochaska.eu\/ro\/"},{"@type":"ListItem","position":2,"name":"Shop","item":"https:\/\/prochaska.eu\/ro\/shop\/"},{"@type":"ListItem","position":3,"name":"Billy Goat &#8211; Suflant\u0103 de \u00eenc\u0103rcare &#8211; DL1302HEU"}]},{"@type":"WebSite","@id":"https:\/\/prochaska.eu\/ro\/#website","url":"https:\/\/prochaska.eu\/ro\/","name":"Prochaska","description":"Spezialist f\u00fcr Pflege von Gr\u00fcnfl\u00e4chen","publisher":{"@id":"https:\/\/prochaska.eu\/ro\/#organization"},"potentialAction":[{"@type":"SearchAction","target":{"@type":"EntryPoint","urlTemplate":"https:\/\/prochaska.eu\/ro\/?s={search_term_string}"},"query-input":{"@type":"PropertyValueSpecification","valueRequired":true,"valueName":"search_term_string"}}],"inLanguage":"ro-RO"},{"@type":"Organization","@id":"https:\/\/prochaska.eu\/ro\/#organization","name":"Prochaska","url":"https:\/\/prochaska.eu\/ro\/","logo":{"@type":"ImageObject","inLanguage":"ro-RO","@id":"https:\/\/prochaska.eu\/ro\/#\/schema\/logo\/image\/","url":"https:\/\/prochaska.eu\/wp-content\/uploads\/2024\/04\/Prochaska_Logo_Black-1.png","contentUrl":"https:\/\/prochaska.eu\/wp-content\/uploads\/2024\/04\/Prochaska_Logo_Black-1.png","width":796,"height":236,"caption":"Prochaska"},"image":{"@id":"https:\/\/prochaska.eu\/ro\/#\/schema\/logo\/image\/"},"sameAs":["https:\/\/www.facebook.com\/prochaska.eu\/","https:\/\/www.instagram.com\/prochaska.eu\/","https:\/\/www.linkedin.com\/company\/prochaska-handels-gmbh"]}]}},"brands":[{"id":3084,"name":"Billy Goat","slug":"billy-goat-ro"}],"_links":{"self":[{"href":"https:\/\/prochaska.eu\/ro\/wp-json\/wp\/v2\/product\/24938","targetHints":{"allow":["GET"]}}],"collection":[{"href":"https:\/\/prochaska.eu\/ro\/wp-json\/wp\/v2\/product"}],"about":[{"href":"https:\/\/prochaska.eu\/ro\/wp-json\/wp\/v2\/types\/product"}],"version-history":[{"count":0,"href":"https:\/\/prochaska.eu\/ro\/wp-json\/wp\/v2\/product\/24938\/revisions"}],"wp:featuredmedia":[{"embeddable":true,"href":"https:\/\/prochaska.eu\/ro\/wp-json\/wp\/v2\/media\/22971"}],"wp:attachment":[{"href":"https:\/\/prochaska.eu\/ro\/wp-json\/wp\/v2\/media?parent=24938"}],"wp:term":[{"taxonomy":"pwb-brand","embeddable":true,"href":"https:\/\/prochaska.eu\/ro\/wp-json\/wp\/v2\/pwb-brand?post=24938"},{"taxonomy":"product_brand","embeddable":true,"href":"https:\/\/prochaska.eu\/ro\/wp-json\/wp\/v2\/product_brand?post=24938"},{"taxonomy":"product_cat","embeddable":true,"href":"https:\/\/prochaska.eu\/ro\/wp-json\/wp\/v2\/product_cat?post=24938"},{"taxonomy":"product_tag","embeddable":true,"href":"https:\/\/prochaska.eu\/ro\/wp-json\/wp\/v2\/product_tag?post=24938"}],"curies":[{"name":"wp","href":"https:\/\/api.w.org\/{rel}","templated":true}]}}